{"id":5303,"date":"2026-03-20T15:07:01","date_gmt":"2026-03-20T08:07:01","guid":{"rendered":"https:\/\/gpsgarmin.vn\/?post_type=product&#038;p=5303"},"modified":"2026-03-20T15:12:54","modified_gmt":"2026-03-20T08:12:54","slug":"garmin-montana-710","status":"publish","type":"product","link":"https:\/\/gpsgarmin.vn\/?product=garmin-montana-710","title":{"rendered":"Garmin Montana 710"},"content":{"rendered":"<h3><strong>Garmin Montana 710 \u2013 GPS C\u1ea7m Tay B\u1ec1n B\u1ec9 V\u1edbi M\u00e0n H\u00ecnh C\u1ea3m \u1ee8ng 5 Inch, L\u00fd T\u01b0\u1edfng Cho M\u1ecdi Cu\u1ed9c Phi\u00eau L\u01b0u Ngo\u00e0i Tr\u1eddi<\/strong><\/h3>\n<p><strong>Garmin Montana 710<\/strong>\u00a0l\u00e0 thi\u1ebft b\u1ecb \u0111\u1ecbnh v\u1ecb GPS c\u1ea7m tay cao c\u1ea5p, \u0111\u01b0\u1ee3c thi\u1ebft k\u1ebf d\u00e0nh ri\u00eang cho nh\u1eefng t\u00edn \u0111\u1ed3 kh\u00e1m ph\u00e1 thi\u00ean nhi\u00ean, leo n\u00fai, \u0111\u1ea1p xe \u0111\u1ecba h\u00ecnh, off-road, s\u0103n b\u1eafn, c\u00e2u c\u00e1 ho\u1eb7c du l\u1ecbch m\u1ea1o hi\u1ec3m. V\u1edbi m\u00e0n h\u00ecnh c\u1ea3m \u1ee9ng l\u1edbn 5 inch s\u1eafc n\u00e9t, b\u1ea3n \u0111\u1ed3 \u0111\u1ecba h\u00ecnh chi ti\u1ebft t\u1ea3i s\u1eb5n v\u00e0 \u0111\u1ed9 b\u1ec1n qu\u00e2n s\u1ef1,\u00a0<strong>Montana 710<\/strong>\u00a0gi\u00fap b\u1ea1n t\u1ef1 tin chinh ph\u1ee5c m\u1ecdi \u0111\u1ecba h\u00ecnh m\u00e0 kh\u00f4ng lo l\u1ea1c l\u1ed1i, ngay c\u1ea3 \u1edf nh\u1eefng khu v\u1ef1c xa x\u00f4i kh\u00f4ng c\u00f3 s\u00f3ng \u0111i\u1ec7n tho\u1ea1i.<\/p>\n<p><img decoding=\"async\" src=\"https:\/\/res.garmin.com\/en\/products\/010-02963-00\/g\/Montana-710-D-VID.jpg\" alt=\"Montana 710 - Thi\u1ebft b\u1ecb GPS c\u1ea7m tay m\u00e0n h\u00ecnh c\u1ea3m \u1ee9ng | Garmin\" \/><\/p>\n<h3><strong>Thi\u1ebft k\u1ebf b\u1ec1n b\u1ec9 &amp; m\u00e0n h\u00ecnh v\u01b0\u1ee3t tr\u1ed9i<\/strong><\/h3>\n<p><strong>Montana 710<\/strong>\u00a0s\u1edf h\u1eefu th\u00e2n m\u00e1y ch\u1eafc ch\u1eafn, k\u00edch th\u01b0\u1edbc 3.6&#8243; x 7.2&#8243; x 1.3&#8243; (9.19 x 18.3 x 3.27 cm), tr\u1ecdng l\u01b0\u1ee3ng ch\u1ec9 kho\u1ea3ng 410 g (v\u1edbi pin \u0111i k\u00e8m) \u2013 v\u1eeba v\u1eb7n \u0111\u1ec3 c\u1ea7m tay l\u00e2u d\u00e0i ho\u1eb7c g\u1eafn l\u00ean xe. Thi\u1ebft b\u1ecb \u0111\u1ea1t chu\u1ea9n ch\u1ed1ng n\u01b0\u1edbc\u00a0<strong>IPX7<\/strong>\u00a0(ch\u1ecbu ng\u00e2m n\u01b0\u1edbc 1 m\u00e9t trong 30 ph\u00fat) v\u00e0 v\u01b0\u1ee3t qua c\u00e1c b\u00e0i ki\u1ec3m tra qu\u00e2n s\u1ef1\u00a0<strong>MIL-STD-810<\/strong>\u00a0v\u1ec1 ch\u1ecbu s\u1ed1c, rung l\u1eafc v\u00e0 nhi\u1ec7t \u0111\u1ed9 c\u1ef1c \u0111oan (t\u1eeb -20\u00b0C \u0111\u1ebfn 60\u00b0C).<\/p>\n<p>\u0110i\u1ec3m n\u1ed5i b\u1eadt nh\u1ea5t l\u00e0\u00a0<strong>m\u00e0n h\u00ecnh c\u1ea3m \u1ee9ng m\u00e0u 5 inch<\/strong>\u00a0(\u0111\u01b0\u1eddng ch\u00e9o 12.7 cm, \u0111\u1ed9 ph\u00e2n gi\u1ea3i 480 x 800 pixel, c\u00f4ng ngh\u1ec7 WVGA transflective). M\u00e0n h\u00ecnh hi\u1ec3n th\u1ecb r\u00f5 r\u00e0ng d\u01b0\u1edbi \u00e1nh n\u1eafng tr\u1ef1c ti\u1ebfp, h\u1ed7 tr\u1ee3 xoay ngang\/d\u1ecdc linh ho\u1ea1t, th\u00e2n thi\u1ec7n v\u1edbi g\u0103ng tay v\u00e0 c\u00f3 th\u1ec3 \u0111i\u1ec1u ch\u1ec9nh \u0111\u1ed9 s\u00e1ng d\u1ec5 d\u00e0ng. T\u00edch h\u1ee3p\u00a0<strong>\u0111\u00e8n pin LED<\/strong>\u00a0ti\u1ec7n l\u1ee3i khi di chuy\u1ec3n ban \u0111\u00eam.<\/p>\n<h3><strong>H\u1ec7 th\u1ed1ng \u0111\u1ecbnh v\u1ecb ch\u00ednh x\u00e1c &amp; c\u1ea3m bi\u1ebfn th\u00f4ng minh<\/strong><\/h3>\n<ul>\n<li><strong>\u0110a h\u1ec7 th\u1ed1ng GNSS<\/strong>: H\u1ed7 tr\u1ee3 GPS, GLONASS v\u00e0 Galileo gi\u00fap \u0111\u1ecbnh v\u1ecb si\u00eau nhanh, ch\u00ednh x\u00e1c ngay c\u1ea3 trong r\u1eebng r\u1eadm, h\u1ebbm n\u00fai ho\u1eb7c th\u1eddi ti\u1ebft x\u1ea5u.<\/li>\n<li><strong>B\u1ed9 c\u1ea3m bi\u1ebfn ABC \u0111\u1ea7y \u0111\u1ee7<\/strong>:\n<ul>\n<li>Altimeter (\u0111o \u0111\u1ed9 cao kh\u00ed \u00e1p)<\/li>\n<li>Barometer (theo d\u00f5i \u00e1p su\u1ea5t v\u00e0 d\u1ef1 b\u00e1o th\u1eddi ti\u1ebft)<\/li>\n<li>La b\u00e0n \u0111i\u1ec7n t\u1eed 3 tr\u1ee5c b\u00f9 nghi\u00eang (tilt-compensated)<\/li>\n<\/ul>\n<\/li>\n<li><strong>Bi\u1ec3u \u0111\u1ed3 \u0111\u1ed9 cao th\u1eddi gian th\u1ef1c<\/strong>\u00a0v\u00e0 m\u00e1y t\u00ednh chuy\u1ebfn \u0111i chi ti\u1ebft gi\u00fap theo d\u00f5i qu\u00e3ng \u0111\u01b0\u1eddng, t\u1ed1c \u0111\u1ed9, \u0111\u1ed9 cao t\u00edch l\u0169y.<\/li>\n<\/ul>\n<h3><strong>B\u1ea3n \u0111\u1ed3 chi ti\u1ebft &amp; b\u1ed9 nh\u1edb l\u1edbn<\/strong><\/h3>\n<p><strong>Montana 710<\/strong>\u00a0\u0111\u01b0\u1ee3c t\u1ea3i s\u1eb5n\u00a0<strong>b\u1ea3n \u0111\u1ed3 TopoActive \u0111a ch\u00e2u l\u1ee5c<\/strong>\u00a0v\u1edbi \u0111\u01b0\u1eddng m\u00f2n routable, \u0111\u1ecba h\u00ecnh 3D, s\u00f4ng h\u1ed3, \u0111\u01b0\u1eddng bi\u00ean \u0111\u1ea5t c\u00f4ng c\u1ed9ng (Federal Public Lands \u2013 \u00e1p d\u1ee5ng khu v\u1ef1c M\u1ef9 v\u00e0 t\u01b0\u01a1ng \u0111\u01b0\u01a1ng). H\u1ed7 tr\u1ee3 h\u00ecnh \u1ea3nh v\u1ec7 tinh \u0111\u1ed9 ph\u00e2n gi\u1ea3i cao \u0111\u1ec3 xem chi ti\u1ebft th\u1ef1c t\u1ebf.<\/p>\n<p>B\u1ed9 nh\u1edb trong\u00a0<strong>32 GB<\/strong>\u00a0cho ph\u00e9p t\u1ea3i th\u00eam h\u00e0ng lo\u1ea1t b\u1ea3n \u0111\u1ed3 chuy\u00ean d\u1ee5ng (BlueChart g3 cho th\u1ee7y v\u0103n, City Navigator, BirdsEye Satellite Imagery\u2026). Khe c\u1eafm\u00a0<strong>microSD<\/strong>\u00a0gi\u00fap m\u1edf r\u1ed9ng kh\u00f4ng gi\u1edbi h\u1ea1n. Thi\u1ebft b\u1ecb t\u1ef1 \u0111\u1ed9ng t\u00ednh tuy\u1ebfn \u0111\u01b0\u1eddng turn-by-turn cho \u0111i b\u1ed9, \u0111\u1ea1p xe, off-road, ATV, thuy\u1ec1n v\u00e0 nhi\u1ec1u ho\u1ea1t \u0111\u1ed9ng kh\u00e1c.<\/p>\n<h3><strong>Pin tr\u00e2u &amp; k\u1ebft n\u1ed1i hi\u1ec7n \u0111\u1ea1i<\/strong><\/h3>\n<ul>\n<li><strong>Pin lithium-ion dung l\u01b0\u1ee3ng cao<\/strong>\u00a0(4350 mAh) \u0111i k\u00e8m, cho th\u1eddi l\u01b0\u1ee3ng s\u1eed d\u1ee5ng l\u00ean \u0111\u1ebfn\u00a0<strong>24 gi\u1edd<\/strong>\u00a0\u1edf ch\u1ebf \u0111\u1ed9 GPS th\u00f4ng th\u01b0\u1eddng v\u00e0\u00a0<strong>440 gi\u1edd<\/strong>\u00a0\u1edf ch\u1ebf \u0111\u1ed9 Expedition (ti\u1ebft ki\u1ec7m n\u0103ng l\u01b0\u1ee3ng). C\u00f3 th\u1ec3 thay b\u1eb1ng 3 pin AA th\u00f4ng th\u01b0\u1eddng (pin AA pack kh\u00f4ng k\u00e8m theo).<\/li>\n<li>C\u1ed5ng s\u1ea1c\u00a0<strong>USB-C<\/strong>\u00a0hi\u1ec7n \u0111\u1ea1i, s\u1ea1c nhanh v\u00e0 ti\u1ec7n l\u1ee3i.<\/li>\n<li><strong>K\u1ebft n\u1ed1i kh\u00f4ng d\u00e2y<\/strong>: Bluetooth \u0111\u1ec3 nh\u1eadn th\u00f4ng b\u00e1o t\u1eeb \u0111i\u1ec7n tho\u1ea1i, Wi-Fi, h\u1ed7 tr\u1ee3 \u1ee9ng d\u1ee5ng\u00a0<strong>Garmin Explore\u2122<\/strong>\u00a0v\u00e0\u00a0<strong>Connect IQ\u2122<\/strong>\u00a0(t\u1ea3i th\u00eam \u1ee9ng d\u1ee5ng, \u0111\u1ed3ng h\u1ed3 m\u1eb7t, d\u1eef li\u1ec7u). T\u01b0\u01a1ng th\u00edch pairing v\u1edbi \u0111i\u1ec7n tho\u1ea1i th\u00f4ng minh \u0111\u1ec3 \u0111\u1ed3ng b\u1ed9 d\u1eef li\u1ec7u, chia s\u1ebb v\u1ecb tr\u00ed th\u1eddi gian th\u1ef1c.<\/li>\n<\/ul>\n<h3><strong>T\u00ednh n\u0103ng h\u1ed7 tr\u1ee3 phi\u00eau l\u01b0u chuy\u00ean s\u00e2u<\/strong><\/h3>\n<ul>\n<li>H\u1ed7 tr\u1ee3\u00a0<strong>geocaching<\/strong>\u00a0\u0111\u1ea7y \u0111\u1ee7 v\u1edbi chi ti\u1ebft kho b\u00e1u, nh\u1eadt k\u00fd.<\/li>\n<li>D\u1ef1 b\u00e1o th\u1eddi ti\u1ebft\u00a0<strong>Active Weather<\/strong>.<\/li>\n<li>Ch\u1ebf \u0111\u1ed9\u00a0<strong>Sight &#8216;N Go<\/strong>, Elevation Plot, Trip Computer.<\/li>\n<li>G\u1eafn \u0111a n\u0103ng tr\u00ean xe m\u00e1y, ATV, thuy\u1ec1n, \u00f4 t\u00f4, xe \u0111\u1ea1p v\u1edbi c\u00e1c ph\u1ee5 ki\u1ec7n Garmin ch\u00ednh h\u00e3ng (b\u00e1n ri\u00eang).<\/li>\n<li>Giao di\u1ec7n d\u1ec5 s\u1eed d\u1ee5ng, h\u1ed7 tr\u1ee3 \u0111a ng\u00f4n ng\u1eef, trong \u0111\u00f3 c\u00f3 ti\u1ebfng Vi\u1ec7t.<\/li>\n<\/ul>\n<p>Garmin\u00a0<strong>Montana 710<\/strong>\u00a0ch\u00ednh l\u00e0 ng\u01b0\u1eddi b\u1ea1n \u0111\u1ed3ng h\u00e0nh \u0111\u00e1ng tin c\u1eady cho m\u1ecdi h\u00e0nh tr\u00ecnh \u2013 t\u1eeb trekking r\u1eebng s\u00e2u \u0111\u1ebfn kh\u00e1m ph\u00e1 sa m\u1ea1c hay du l\u1ecbch \u0111\u1ecba h\u00ecnh. V\u1edbi m\u00e0n h\u00ecnh l\u1edbn, b\u1ea3n \u0111\u1ed3 chi ti\u1ebft, pin tr\u00e2u v\u00e0 \u0111\u1ed9 b\u1ec1n v\u01b0\u1ee3t tr\u1ed9i, thi\u1ebft b\u1ecb gi\u00fap b\u1ea1n t\u1eadp trung ho\u00e0n to\u00e0n v\u00e0o tr\u1ea3i nghi\u1ec7m m\u00e0 kh\u00f4ng lo l\u1eafng v\u1ec1 \u0111\u1ecbnh v\u1ecb hay m\u1ea5t k\u1ebft n\u1ed1i.<\/p>\n","protected":false},"excerpt":{"rendered":"<p><strong>\u00bb\u00a0B\u1ea2O H\u00c0NH CH\u00cdNH H\u00c3NG 2 N\u0102M \u00ab<\/strong><\/p>\n<p><strong>\u260e Li\u00ean h\u1ec7 t\u01b0 v\u1ea5n : 0972 658 351 \u2013\u00a0 0962 846 820 (g\u1ecdi tr\u1ef1c ti\u1ebfp ho\u1eb7c Zalo).<\/strong><\/p>\n","protected":false},"featured_media":5296,"comment_status":"open","ping_status":"closed","template":"","meta":[],"product_cat":[27],"product_tag":[],"class_list":{"0":"post-5303","1":"product","2":"type-product","3":"status-publish","4":"has-post-thumbnail","6":"product_cat-gps-cam-tay","8":"first","9":"instock","10":"shipping-taxable","11":"purchasable","12":"product-type-simple"},"_links":{"self":[{"href":"https:\/\/gpsgarmin.vn\/index.php?rest_route=\/wp\/v2\/product\/5303","targetHints":{"allow":["GET"]}}],"collection":[{"href":"https:\/\/gpsgarmin.vn\/index.php?rest_route=\/wp\/v2\/product"}],"about":[{"href":"https:\/\/gpsgarmin.vn\/index.php?rest_route=\/wp\/v2\/types\/product"}],"replies":[{"embeddable":true,"href":"https:\/\/gpsgarmin.vn\/index.php?rest_route=%2Fwp%2Fv2%2Fcomments&post=5303"}],"version-history":[{"count":2,"href":"https:\/\/gpsgarmin.vn\/index.php?rest_route=\/wp\/v2\/product\/5303\/revisions"}],"predecessor-version":[{"id":5305,"href":"https:\/\/gpsgarmin.vn\/index.php?rest_route=\/wp\/v2\/product\/5303\/revisions\/5305"}],"wp:featuredmedia":[{"embeddable":true,"href":"https:\/\/gpsgarmin.vn\/index.php?rest_route=\/wp\/v2\/media\/5296"}],"wp:attachment":[{"href":"https:\/\/gpsgarmin.vn\/index.php?rest_route=%2Fwp%2Fv2%2Fmedia&parent=5303"}],"wp:term":[{"taxonomy":"product_cat","embeddable":true,"href":"https:\/\/gpsgarmin.vn\/index.php?rest_route=%2Fwp%2Fv2%2Fproduct_cat&post=5303"},{"taxonomy":"product_tag","embeddable":true,"href":"https:\/\/gpsgarmin.vn\/index.php?rest_route=%2Fwp%2Fv2%2Fproduct_tag&post=5303"}],"curies":[{"name":"wp","href":"https:\/\/api.w.org\/{rel}","templated":true}]}}