{"id":5291,"date":"2026-03-20T14:27:49","date_gmt":"2026-03-20T07:27:49","guid":{"rendered":"https:\/\/gpsgarmin.vn\/?post_type=product&#038;p=5291"},"modified":"2026-03-20T15:13:02","modified_gmt":"2026-03-20T08:13:02","slug":"garmin-etrex-32x","status":"publish","type":"product","link":"https:\/\/gpsgarmin.vn\/?product=garmin-etrex-32x","title":{"rendered":"Garmin eTrex 32x"},"content":{"rendered":"<h3><strong>Garmin eTrex 32x \u2013 M\u00e1y \u0111\u1ecbnh v\u1ecb GPS chuy\u00ean d\u1ee5ng cho phi\u00eau l\u01b0u ngo\u00e0i tr\u1eddi<\/strong><\/h3>\n<p>Garmin\u00a0<strong>eTrex 32x<\/strong>\u00a0l\u00e0 thi\u1ebft b\u1ecb \u0111\u1ecbnh v\u1ecb GPS c\u1ea7m tay b\u1ec1n b\u1ec9, \u0111\u01b0\u1ee3c thi\u1ebft k\u1ebf d\u00e0nh ri\u00eang cho nh\u1eefng t\u00edn \u0111\u1ed3 kh\u00e1m ph\u00e1 thi\u00ean nhi\u00ean, trekking, leo n\u00fai, du l\u1ecbch b\u1ee5i, \u0111\u1ea1p xe \u0111\u1ecba h\u00ecnh, ch\u00e8o thuy\u1ec1n kayak hay l\u00e1i ATV. V\u1edbi thi\u1ebft k\u1ebf nh\u1ecf g\u1ecdn, d\u1ec5 c\u1ea7m n\u1eafm v\u00e0 giao di\u1ec7n \u0111\u01a1n gi\u1ea3n, m\u00e1y tr\u1edf th\u00e0nh ng\u01b0\u1eddi b\u1ea1n \u0111\u1ed3ng h\u00e0nh \u0111\u00e1ng tin c\u1eady gi\u00fap b\u1ea1n \u0111\u1ecbnh v\u1ecb ch\u00ednh x\u00e1c, l\u1eadp k\u1ebf ho\u1ea1ch h\u00e0nh tr\u00ecnh v\u00e0 tr\u1edf v\u1ec1 an to\u00e0n ngay c\u1ea3 \u1edf nh\u1eefng khu v\u1ef1c \u0111\u1ecba h\u00ecnh ph\u1ee9c t\u1ea1p, kh\u00f4ng c\u00f3 s\u00f3ng \u0111i\u1ec7n tho\u1ea1i.<\/p>\n<p><img fetchpriority=\"high\" decoding=\"async\" class=\"\" src=\"https:\/\/www.outdoorsupplies.co.nz\/Garmin_eTrex_Banner.jpg\" alt=\"Garmin eTrex\u00ae 32x Handheld GPS Device with Compass &amp; Barometric Altimeter - Hunting and Outdoor Supplies.\" width=\"1179\" height=\"502\" \/><\/p>\n<h3><strong>M\u00e0n h\u00ecnh hi\u1ec3n th\u1ecb s\u1eafc n\u00e9t, d\u1ec5 \u0111\u1ecdc m\u1ecdi \u0111i\u1ec1u ki\u1ec7n<\/strong><\/h3>\n<p>M\u00e1y s\u1edf h\u1eefu m\u00e0n h\u00ecnh m\u00e0u 2.2 inch (320 x 240 pixels, 65.000 m\u00e0u) c\u00f4ng ngh\u1ec7 transflective TFT, c\u1ef1c k\u1ef3 r\u00f5 n\u00e9t v\u00e0 d\u1ec5 \u0111\u1ecdc d\u01b0\u1edbi \u00e1nh n\u1eafng tr\u1ef1c ti\u1ebfp. B\u1ea1n c\u00f3 th\u1ec3 quan s\u00e1t b\u1ea3n \u0111\u1ed3 chi ti\u1ebft, theo d\u00f5i \u0111\u01b0\u1eddng \u0111i m\u00e0 kh\u00f4ng lo ch\u00f3i hay m\u1edd, ngay c\u1ea3 khi \u0111ang di chuy\u1ec3n d\u01b0\u1edbi tr\u1eddi n\u1eafng g\u1eaft ho\u1eb7c trong r\u1eebng r\u1eadm.<\/p>\n<h3><strong>B\u1ea3n \u0111\u1ed3 TopoActive ch\u1ea5t l\u01b0\u1ee3ng cao \u0111\u00e3 \u0111\u01b0\u1ee3c c\u00e0i s\u1eb5n<\/strong><\/h3>\n<p><strong>eTrex 32x<\/strong>\u00a0\u0111\u01b0\u1ee3c\u00a0<strong>preload s\u1eb5n b\u1ea3n \u0111\u1ed3 TopoActive<\/strong>\u00a0(d\u1ef1a tr\u00ean OpenStreetMap) v\u1edbi kh\u1ea3 n\u0103ng \u0111\u1ecbnh tuy\u1ebfn \u0111\u01b0\u1eddng (road-routable). B\u1ea3n \u0111\u1ed3 bao g\u1ed3m:<\/p>\n<ul>\n<li>\u0110\u01b0\u1eddng m\u00f2n ch\u00ednh th\u1ee9c, \u0111\u01b0\u1eddng nh\u1ef1a, \u0111\u01b0\u1eddng r\u1eebng<\/li>\n<li>S\u00f4ng h\u1ed3, su\u1ed1i, \u0111\u1ecba h\u00ecnh t\u1ef1 nhi\u00ean<\/li>\n<li>C\u00f4ng tr\u00ecnh, t\u00f2a nh\u00e0, bi\u00ean gi\u1edbi qu\u1ed1c t\u1ebf<\/li>\n<li>H\u00e0ng ng\u00e0n \u0111i\u1ec3m quan t\u00e2m (POI) nh\u01b0 nh\u00e0 h\u00e0ng, kh\u00e1ch s\u1ea1n, tr\u1ea1m x\u0103ng, b\u1ec7nh vi\u1ec7n, c\u00f4ng vi\u00ean, khu c\u1eafm tr\u1ea1i<\/li>\n<\/ul>\n<p>B\u1ea1n c\u00f3 th\u1ec3 t\u1ea3i th\u00eam b\u1ea3n \u0111\u1ed3 chi ti\u1ebft h\u01a1n (BirdsEye Satellite Imagery \u2013 \u1ea3nh v\u1ec7 tinh) ho\u1eb7c b\u1ea3n \u0111\u1ed3 t\u00f9y ch\u1ec9nh qua khe c\u1eafm microSD. Dung l\u01b0\u1ee3ng b\u1ed9 nh\u1edb trong 8 GB gi\u00fap l\u01b0u tr\u1eef tho\u1ea3i m\u00e1i nhi\u1ec1u b\u1ea3n \u0111\u1ed3 khu v\u1ef1c kh\u00e1c nhau m\u00e0 kh\u00f4ng lo h\u1ebft ch\u1ed7.<\/p>\n<h3><strong>H\u1ec7 th\u1ed1ng \u0111\u1ecbnh v\u1ecb GPS + GLONASS si\u00eau ch\u00ednh x\u00e1c<\/strong><\/h3>\n<p>H\u1ed7 tr\u1ee3 \u0111\u1ed3ng th\u1eddi\u00a0<strong>GPS v\u00e0 GLONASS<\/strong>\u00a0gi\u00fap m\u00e1y kh\u00f3a t\u00edn hi\u1ec7u nhanh h\u01a1n, \u1ed5n \u0111\u1ecbnh h\u01a1n so v\u1edbi ch\u1ec9 d\u00f9ng GPS th\u00f4ng th\u01b0\u1eddng. D\u00f9 \u1edf r\u1eebng s\u00e2u, h\u1ebbm n\u00fai hay khu v\u1ef1c nhi\u1ec1u t\u00e1n c\u00e2y, thi\u1ebft b\u1ecb v\u1eabn cho v\u1ecb tr\u00ed ch\u00ednh x\u00e1c cao, gi\u1ea3m thi\u1ec3u t\u00ecnh tr\u1ea1ng m\u1ea5t s\u00f3ng ho\u1eb7c l\u1ec7ch l\u1ea1c.<\/p>\n<h3><strong>C\u1ea3m bi\u1ebfn chuy\u00ean s\u00e2u ch\u1ec9 c\u00f3 tr\u00ean eTrex 32x<\/strong><\/h3>\n<ul>\n<li><strong>La b\u00e0n \u0111i\u1ec7n t\u1eed 3 tr\u1ee5c<\/strong>\u00a0(3-axis compass): Ho\u1ea1t \u0111\u1ed9ng ngay c\u1ea3 khi b\u1ea1n \u0111\u1ee9ng y\u00ean, gi\u00fap x\u00e1c \u0111\u1ecbnh h\u01b0\u1edbng ch\u00ednh x\u00e1c m\u00e0 kh\u00f4ng c\u1ea7n di chuy\u1ec3n.<\/li>\n<li><strong>C\u1ea3m bi\u1ebfn \u00e1p su\u1ea5t kh\u00ed quy\u1ec3n<\/strong>\u00a0(barometric altimeter): \u0110o \u0111\u1ed9 cao theo \u00e1p su\u1ea5t th\u1ef1c t\u1ebf, theo d\u00f5i \u0111\u1ed9 cao t\u0103ng\/gi\u1ea3m theo th\u1eddi gian th\u1ef1c. K\u1ebft h\u1ee3p v\u1edbi Elevation Plot (bi\u1ec3u \u0111\u1ed3 \u0111\u1ed9 cao), b\u1ea1n d\u1ec5 d\u00e0ng theo d\u00f5i \u0111\u1ed9 d\u1ed1c, t\u1ed5ng \u0111\u1ed9 cao leo v\u00e0 xu\u1ed1ng trong su\u1ed1t h\u00e0nh tr\u00ecnh.<\/li>\n<\/ul>\n<h3><strong>L\u01b0u tr\u1eef v\u00e0 qu\u1ea3n l\u00fd d\u1eef li\u1ec7u chuy\u00ean nghi\u1ec7p<\/strong><\/h3>\n<ul>\n<li>L\u01b0u t\u1ed1i \u0111a\u00a0<strong>2.000 waypoints<\/strong>,\u00a0<strong>200 routes<\/strong>\u00a0(m\u1ed7i route 250 \u0111i\u1ec3m),\u00a0<strong>10.000 \u0111i\u1ec3m track<\/strong>.<\/li>\n<li>H\u1ed7 tr\u1ee3\u00a0<strong>paperless geocaching<\/strong>: T\u1ea3i file GPX t\u1eeb Geocaching.com \u0111\u1ec3 t\u00ecm kho b\u00e1u m\u00e0 kh\u00f4ng c\u1ea7n in gi\u1ea5y.<\/li>\n<li>T\u00ednh n\u0103ng\u00a0<strong>Sight \u2018N Go<\/strong>: Ch\u1ec9 c\u1ea7n ng\u1eafm m\u1ee5c ti\u00eau xa, m\u00e1y s\u1ebd t\u00ednh to\u00e1n h\u01b0\u1edbng v\u00e0 kho\u1ea3ng c\u00e1ch.<\/li>\n<li><strong>Waypoint Averaging<\/strong>: L\u1ea5y trung b\u00ecnh nhi\u1ec1u \u0111i\u1ec3m GPS \u0111\u1ec3 c\u00f3 waypoint ch\u00ednh x\u00e1c tuy\u1ec7t \u0111\u1ed1i.<\/li>\n<li><strong>Track log<\/strong>: Ghi l\u1ea1i to\u00e0n b\u1ed9 \u0111\u01b0\u1eddng \u0111i d\u01b0\u1edbi d\u1ea1ng breadcrumb, d\u1ec5 d\u00e0ng quay l\u1ea1i ho\u1eb7c chia s\u1ebb.<\/li>\n<\/ul>\n<h3><strong>Pin si\u00eau b\u1ec1n, s\u1eed d\u1ee5ng linh ho\u1ea1t<\/strong><\/h3>\n<p>Ho\u1ea1t \u0111\u1ed9ng tr\u00ean\u00a0<strong>2 pin AA<\/strong>\u00a0(kh\u00f4ng k\u00e8m theo), th\u1eddi l\u01b0\u1ee3ng l\u00ean \u0111\u1ebfn\u00a0<strong>25 gi\u1edd<\/strong>\u00a0v\u1edbi pin th\u00f4ng th\u01b0\u1eddng (c\u00f3 th\u1ec3 k\u00e9o d\u00e0i h\u01a1n 40 gi\u1edd khi d\u00f9ng pin lithium). B\u1ea1n d\u1ec5 d\u00e0ng thay pin ngay t\u1ea1i ch\u1ed7, c\u1ef1c k\u1ef3 ti\u1ec7n l\u1ee3i khi \u0111i xa kh\u00f4ng c\u00f3 \u0111i\u1ec7n. M\u00e1y c\u0169ng h\u1ed7 tr\u1ee3 ch\u1ebf \u0111\u1ed9 ti\u1ebft ki\u1ec7m pin \u0111\u1ec3 t\u1ed1i \u01b0u th\u1eddi gian s\u1eed d\u1ee5ng.<\/p>\n<h3><strong>\u0110\u1ed9 b\u1ec1n chu\u1ea9n qu\u00e2n s\u1ef1<\/strong><\/h3>\n<ul>\n<li>Ch\u1ed1ng n\u01b0\u1edbc\u00a0<strong>IPX7<\/strong>\u00a0(ch\u1ecbu ng\u00e2m n\u01b0\u1edbc \u1edf \u0111\u1ed9 s\u00e2u 1 m\u00e9t trong 30 ph\u00fat).<\/li>\n<li>Nhi\u1ec7t \u0111\u1ed9 ho\u1ea1t \u0111\u1ed9ng: -20\u00b0C \u0111\u1ebfn 70\u00b0C.<\/li>\n<li>V\u1ecf ngo\u00e0i ch\u1eafc ch\u1eafn, thi\u1ebft k\u1ebf ergonomics v\u1edbi n\u00fat b\u1ea5m l\u1edbn, d\u1ec5 thao t\u00e1c ngay c\u1ea3 khi \u0111eo g\u0103ng tay ho\u1eb7c tr\u1eddi m\u01b0a.<\/li>\n<\/ul>\n<h3><strong>K\u1ebft n\u1ed1i th\u00f4ng minh v\u00e0 ti\u1ec7n \u00edch b\u1ed5 sung<\/strong><\/h3>\n<ul>\n<li><strong>ANT+<\/strong>: K\u1ebft n\u1ed1i kh\u00f4ng d\u00e2y v\u1edbi c\u00e1c c\u1ea3m bi\u1ebfn b\u00ean ngo\u00e0i (nhi\u1ec7t \u0111\u1ed9, c\u1ea3m bi\u1ebfn t\u1ed1c \u0111\u1ed9 \u0111\u1ea1p xe, c\u00f4ng su\u1ea5t\u2026).<\/li>\n<li><strong>VIRB Remote<\/strong>: \u0110i\u1ec1u khi\u1ec3n camera h\u00e0nh tr\u00ecnh VIRB t\u1eeb xa.<\/li>\n<li>H\u1ed7 tr\u1ee3\u00a0<strong>Garmin Adventures<\/strong>\u00a0v\u00e0 Garmin BaseCamp \u0111\u1ec3 l\u1eadp k\u1ebf ho\u1ea1ch chi ti\u1ebft tr\u00ean m\u00e1y t\u00ednh.<\/li>\n<li>C\u00e1c ti\u1ec7n \u00edch kh\u00e1c: Trip Computer (th\u1ed1ng k\u00ea h\u00e0nh tr\u00ecnh), Area Calculation (t\u00ednh di\u1ec7n t\u00edch khu v\u1ef1c), Sun &amp; Moon, Hunt &amp; Fish calendar, Proximity Alarms, Man Overboard, Stopwatch, Alarm\u2026<\/li>\n<\/ul>\n<p>V\u1edbi t\u1ea5t c\u1ea3 nh\u1eefng t\u00ednh n\u0103ng v\u01b0\u1ee3t tr\u1ed9i tr\u00ean, Garmin\u00a0<strong>eTrex 32x<\/strong>\u00a0kh\u00f4ng ch\u1ec9 l\u00e0 m\u1ed9t thi\u1ebft b\u1ecb \u0111\u1ecbnh v\u1ecb GPS th\u00f4ng th\u01b0\u1eddng m\u00e0 c\u00f2n l\u00e0 \u201ctr\u1ee3 th\u1ee7\u201d to\u00e0n di\u1ec7n gi\u00fap b\u1ea1n t\u1ef1 tin chinh ph\u1ee5c m\u1ecdi h\u00e0nh tr\u00ecnh. D\u00f9 l\u00e0 trekking r\u1eebng n\u00fai, kh\u00e1m ph\u00e1 \u0111\u1ecba h\u00ecnh hoang d\u00e3 hay \u0111\u01a1n gi\u1ea3n l\u00e0 \u0111i b\u1ed9 \u0111\u01b0\u1eddng d\u00e0i,\u00a0<strong>eTrex 32x<\/strong>\u00a0lu\u00f4n mang \u0111\u1ebfn tr\u1ea3i nghi\u1ec7m \u0111\u1ecbnh v\u1ecb ch\u00ednh x\u00e1c, b\u1ea3n \u0111\u1ed3 chi ti\u1ebft v\u00e0 \u0111\u1ed9 tin c\u1eady tuy\u1ec7t \u0111\u1ed1i \u2013 \u0111\u00fang chu\u1ea9n Garmin!<\/p>\n","protected":false},"excerpt":{"rendered":"<p><strong>\u00bb\u00a0B\u1ea2O H\u00c0NH CH\u00cdNH H\u00c3NG 2 N\u0102M \u00ab<\/strong><\/p>\n<p><strong>\u260e Li\u00ean h\u1ec7 t\u01b0 v\u1ea5n : 0972 658 351 \u2013\u00a0 0962 846 820 (g\u1ecdi tr\u1ef1c ti\u1ebfp ho\u1eb7c Zalo).<\/strong><\/p>\n","protected":false},"featured_media":5292,"comment_status":"open","ping_status":"closed","template":"","meta":[],"product_cat":[27],"product_tag":[],"class_list":{"0":"post-5291","1":"product","2":"type-product","3":"status-publish","4":"has-post-thumbnail","6":"product_cat-gps-cam-tay","8":"first","9":"instock","10":"shipping-taxable","11":"purchasable","12":"product-type-simple"},"_links":{"self":[{"href":"https:\/\/gpsgarmin.vn\/index.php?rest_route=\/wp\/v2\/product\/5291","targetHints":{"allow":["GET"]}}],"collection":[{"href":"https:\/\/gpsgarmin.vn\/index.php?rest_route=\/wp\/v2\/product"}],"about":[{"href":"https:\/\/gpsgarmin.vn\/index.php?rest_route=\/wp\/v2\/types\/product"}],"replies":[{"embeddable":true,"href":"https:\/\/gpsgarmin.vn\/index.php?rest_route=%2Fwp%2Fv2%2Fcomments&post=5291"}],"version-history":[{"count":3,"href":"https:\/\/gpsgarmin.vn\/index.php?rest_route=\/wp\/v2\/product\/5291\/revisions"}],"predecessor-version":[{"id":5306,"href":"https:\/\/gpsgarmin.vn\/index.php?rest_route=\/wp\/v2\/product\/5291\/revisions\/5306"}],"wp:featuredmedia":[{"embeddable":true,"href":"https:\/\/gpsgarmin.vn\/index.php?rest_route=\/wp\/v2\/media\/5292"}],"wp:attachment":[{"href":"https:\/\/gpsgarmin.vn\/index.php?rest_route=%2Fwp%2Fv2%2Fmedia&parent=5291"}],"wp:term":[{"taxonomy":"product_cat","embeddable":true,"href":"https:\/\/gpsgarmin.vn\/index.php?rest_route=%2Fwp%2Fv2%2Fproduct_cat&post=5291"},{"taxonomy":"product_tag","embeddable":true,"href":"https:\/\/gpsgarmin.vn\/index.php?rest_route=%2Fwp%2Fv2%2Fproduct_tag&post=5291"}],"curies":[{"name":"wp","href":"https:\/\/api.w.org\/{rel}","templated":true}]}}