{"id":5282,"date":"2026-02-13T13:04:35","date_gmt":"2026-02-13T06:04:35","guid":{"rendered":"https:\/\/gpsgarmin.vn\/?post_type=product&#038;p=5282"},"modified":"2026-02-13T13:10:16","modified_gmt":"2026-02-13T06:10:16","slug":"garmin-driveassist-51-hang-trung-bay","status":"publish","type":"product","link":"https:\/\/gpsgarmin.vn\/?product=garmin-driveassist-51-hang-trung-bay","title":{"rendered":"Garmin DriveAssist 51 (H\u00e0ng tr\u01b0ng b\u00e0y)"},"content":{"rendered":"<h3 dir=\"auto\">Garmin DriveAssist 51 LMT-S: H\u01b0\u1edbng D\u1eabn L\u00e1i Xe Th\u00f4ng Minh V\u1edbi Camera T\u00edch H\u1ee3p<\/h3>\n<p dir=\"auto\">B\u1ea1n \u0111ang t\u00ecm ki\u1ebfm m\u1ed9t thi\u1ebft b\u1ecb \u0111\u1ecbnh v\u1ecb GPS kh\u00f4ng ch\u1ec9 d\u1eabn \u0111\u01b0\u1eddng ch\u00ednh x\u00e1c m\u00e0 c\u00f2n h\u1ed7 tr\u1ee3 an to\u00e0n l\u00e1i xe t\u1ed1i \u01b0u? <strong>Garmin DriveAssist 51 LMT-S<\/strong> ch\u00ednh l\u00e0 l\u1ef1a ch\u1ecdn ho\u00e0n h\u1ea3o! \u0110\u00e2y l\u00e0 m\u00e1y \u0111\u1ecbnh v\u1ecb GPS cao c\u1ea5p d\u00e0nh cho \u00f4 t\u00f4, k\u1ebft h\u1ee3p c\u00f4ng ngh\u1ec7 d\u1eabn \u0111\u01b0\u1eddng ti\u00ean ti\u1ebfn v\u1edbi camera dash cam t\u00edch h\u1ee3p, gi\u00fap b\u1ea1n l\u00e1i xe an to\u00e0n v\u00e0 ti\u1ec7n l\u1ee3i h\u01a1n bao gi\u1edd h\u1ebft. V\u1edbi thi\u1ebft k\u1ebf nh\u1ecf g\u1ecdn, d\u1ec5 d\u00e0ng l\u1eafp \u0111\u1eb7t tr\u00ean k\u00ednh ch\u1eafn gi\u00f3, s\u1ea3n ph\u1ea9m n\u00e0y s\u1ebd \u0111\u1ed3ng h\u00e0nh c\u00f9ng b\u1ea1n tr\u00ean m\u1ecdi cung \u0111\u01b0\u1eddng, t\u1eeb \u0111\u00f4 th\u1ecb \u0111\u00f4ng \u0111\u00fac \u0111\u1ebfn nh\u1eefng chuy\u1ebfn du l\u1ecbch d\u00e0i ng\u00e0y.<\/p>\n<p dir=\"auto\"><img fetchpriority=\"high\" decoding=\"async\" class=\"aligncenter\" src=\"https:\/\/cdn.mos.cms.futurecdn.net\/5NXMrAJUAXs5obP3DB9s5X-1500-80.jpg\" alt=\"Garmin Drive 51 LMT-S review | TechRadar\" width=\"605\" height=\"340\" \/><\/p>\n<h4 dir=\"auto\">T\u00ednh N\u0103ng \u0110\u1ecbnh V\u1ecb V\u00e0 D\u1eabn \u0110\u01b0\u1eddng Ti\u00ean Ti\u1ebfn<\/h4>\n<ul dir=\"auto\">\n<li><strong>B\u1ea3n \u0110\u1ed3 Chi Ti\u1ebft V\u00e0 C\u1eadp Nh\u1eadt Mi\u1ec5n Ph\u00ed<\/strong>: T\u00edch h\u1ee3p b\u1ea3n \u0111\u1ed3 B\u1eafc M\u1ef9 (ho\u1eb7c ch\u00e2u \u00c2u t\u00f9y model) chi ti\u1ebft v\u1edbi h\u01a1n h\u00e0ng tri\u1ec7u \u0111i\u1ec3m POI (\u0111i\u1ec3m quan t\u00e2m) t\u1eeb Foursquare v\u00e0 TripAdvisor, bao g\u1ed3m nh\u00e0 h\u00e0ng, kh\u00e1ch s\u1ea1n, tr\u1ea1m x\u0103ng v\u00e0 \u0111\u1ecba danh du l\u1ecbch. Nh\u1eadn c\u1eadp nh\u1eadt b\u1ea3n \u0111\u1ed3 v\u00e0 giao th\u00f4ng mi\u1ec5n ph\u00ed tr\u1ecdn \u0111\u1eddi qua \u1ee9ng d\u1ee5ng Smartphone Link.<\/li>\n<li><strong>D\u1eabn \u0110\u01b0\u1eddng Th\u00f4ng Minh<\/strong>: C\u00f4ng ngh\u1ec7 Garmin Real Directions\u2122 h\u01b0\u1edbng d\u1eabn b\u1eb1ng gi\u1ecdng n\u00f3i t\u1ef1 nhi\u00ean, s\u1eed d\u1ee5ng c\u00e1c \u0111\u1ecba danh quen thu\u1ed9c nh\u01b0 &#8220;r\u1ebd ph\u1ea3i sau qu\u00e1n c\u00e0 ph\u00ea Starbucks&#8221; thay v\u00ec ch\u1ec9 t\u00ean \u0111\u01b0\u1eddng kh\u00f4 khan. T\u00ednh n\u0103ng Active Lane Guidance v\u00e0 photoReal Junction View hi\u1ec3n th\u1ecb r\u00f5 r\u00e0ng l\u00e0n \u0111\u01b0\u1eddng v\u00e0 n\u00fat giao ph\u1ee9c t\u1ea1p, gi\u00fap b\u1ea1n tr\u00e1nh nh\u1ea7m l\u1eabn.<\/li>\n<li><strong>C\u1eadp Nh\u1eadt Giao Th\u00f4ng Th\u1eddi Gian Th\u1ef1c<\/strong>: K\u1ebft n\u1ed1i Bluetooth v\u1edbi \u0111i\u1ec7n tho\u1ea1i \u0111\u1ec3 nh\u1eadn th\u00f4ng tin t\u1eafc \u0111\u01b0\u1eddng, tai n\u1ea1n v\u00e0 th\u1eddi ti\u1ebft qua Garmin Live Traffic, gi\u00fap t\u1ed1i \u01b0u h\u00f3a l\u1ed9 tr\u00ecnh v\u00e0 ti\u1ebft ki\u1ec7m th\u1eddi gian.<\/li>\n<\/ul>\n<h4 dir=\"auto\">Camera Dash Cam T\u00edch H\u1ee3p \u2013 An To\u00e0n L\u00e0 \u01afu Ti\u00ean H\u00e0ng \u0110\u1ea7u<\/h4>\n<p dir=\"auto\">M\u1ed9t trong nh\u1eefng \u0111i\u1ec3m n\u1ed5i b\u1eadt nh\u1ea5t c\u1ee7a Garmin DriveAssist 51 ch\u00ednh l\u00e0 camera dash cam full HD t\u00edch h\u1ee3p, t\u1ef1 \u0111\u1ed9ng ghi h\u00ecnh khi xe kh\u1edfi \u0111\u1ed9ng v\u00e0 l\u01b0u footage khi ph\u00e1t hi\u1ec7n va ch\u1ea1m (nh\u1edd c\u1ea3m bi\u1ebfn G-sensor).<\/p>\n<ul dir=\"auto\">\n<li><strong>C\u1ea3nh B\u00e1o L\u00e1i Xe Th\u00f4ng Minh<\/strong>: H\u1ec7 th\u1ed1ng ADAS (Advanced Driver Assistance System) bao g\u1ed3m c\u1ea3nh b\u00e1o va ch\u1ea1m ph\u00eda tr\u01b0\u1edbc (Forward Collision Warning), c\u1ea3nh b\u00e1o l\u1ec7ch l\u00e0n (Lane Departure Warning), c\u1ea3nh b\u00e1o m\u1ec7t m\u1ecfi (Fatigue Warning) v\u00e0 &#8220;Go Alert&#8221; nh\u1eafc nh\u1edf khi xe ph\u00eda tr\u01b0\u1edbc di chuy\u1ec3n.<\/li>\n<li><strong>Garmin Real Vision\u2122<\/strong>: Khi \u0111\u1ebfn g\u1ea7n \u0111i\u1ec3m \u0111\u1ebfn, m\u00e0n h\u00ecnh t\u1ef1 \u0111\u1ed9ng chuy\u1ec3n sang ch\u1ebf \u0111\u1ed9 xem camera th\u1ef1c t\u1ebf, hi\u1ec3n th\u1ecb m\u0169i t\u00ean h\u01b0\u1edbng d\u1eabn ch\u1ed3ng l\u00ean h\u00ecnh \u1ea3nh th\u1ef1c t\u1ebf \u0111\u1ec3 b\u1ea1n d\u1ec5 d\u00e0ng t\u00ecm \u0111\u1ecba ch\u1ec9.<\/li>\n<li><strong>L\u01b0u Tr\u1eef D\u1ec5 D\u00e0ng<\/strong>: H\u1ed7 tr\u1ee3 th\u1ebb microSD l\u00ean \u0111\u1ebfn 64GB \u0111\u1ec3 l\u01b0u video, v\u00e0 t\u00ednh n\u0103ng Incident Notification g\u1eedi th\u00f4ng b\u00e1o v\u1ecb tr\u00ed tai n\u1ea1n \u0111\u1ebfn \u0111i\u1ec7n tho\u1ea1i c\u1ee7a b\u1ea1n.<\/li>\n<\/ul>\n<p><img decoding=\"async\" class=\"aligncenter\" src=\"https:\/\/carpuride.com\/cdn\/shop\/articles\/car-gps_0c245528-6094-47bf-b639-97b1015c8b08_700x.jpg?v=1758791137\" alt=\"Best Car GPS in 2025\" width=\"617\" height=\"411\" \/><\/p>\n<h4 dir=\"auto\">K\u1ebft N\u1ed1i V\u00e0 Ti\u1ec7n \u00cdch Th\u00f4ng Minh<\/h4>\n<ul dir=\"auto\">\n<li><strong>K\u1ebft N\u1ed1i Bluetooth V\u00e0 Hands-Free<\/strong>: K\u1ebft n\u1ed1i v\u1edbi smartphone \u0111\u1ec3 g\u1ecdi \u0111i\u1ec7n r\u1ea3nh tay, nh\u1eadn th\u00f4ng b\u00e1o (tin nh\u1eafn, email) ngay tr\u00ean m\u00e0n h\u00ecnh m\u00e0 kh\u00f4ng c\u1ea7n c\u1ea7m \u0111i\u1ec7n tho\u1ea1i.<\/li>\n<li><strong>Voice-Activated Navigation<\/strong>: \u0110i\u1ec1u khi\u1ec3n b\u1eb1ng gi\u1ecdng n\u00f3i \u0111\u1ec3 t\u00ecm \u0111\u1ecba ch\u1ec9 ho\u1eb7c thay \u0111\u1ed5i l\u1ed9 tr\u00ecnh, gi\u00fap t\u1eadp trung l\u00e1i xe.<\/li>\n<li><strong>T\u01b0\u01a1ng Th\u00edch Camera D\u1ef1 Ph\u00f2ng<\/strong>: K\u1ebft n\u1ed1i v\u1edbi Garmin BC 30 \u0111\u1ec3 xem h\u00ecnh \u1ea3nh l\u00f9i xe tr\u1ef1c ti\u1ebfp tr\u00ean m\u00e0n h\u00ecnh.<\/li>\n<li><strong>Pin V\u00e0 Ngu\u1ed3n<\/strong>: Pin lithium-ion s\u1ea1c l\u1ea1i, th\u1eddi l\u01b0\u1ee3ng l\u00ean \u0111\u1ebfn 30 ph\u00fat (d\u00f9ng cho ch\u1ebf \u0111\u1ed9 di \u0111\u1ed9ng ng\u1eafn), ch\u1ee7 y\u1ebfu s\u1eed d\u1ee5ng ngu\u1ed3n xe h\u01a1i qua c\u00e1p \u0111i k\u00e8m.<\/li>\n<\/ul>\n<h4 dir=\"auto\">L\u00fd Do N\u00ean Ch\u1ecdn Garmin DriveAssist 51<\/h4>\n<p dir=\"auto\">V\u1edbi \u0111\u1ed9 b\u1ec1n \u0111\u1ea1t chu\u1ea9n qu\u00e2n s\u1ef1 (MIL-STD-810G), Garmin DriveAssist 51 ch\u1ecbu \u0111\u01b0\u1ee3c va ch\u1ea1m, b\u1ee5i b\u1ea9n v\u00e0 nhi\u1ec7t \u0111\u1ed9 kh\u1eafc nghi\u1ec7t, ph\u00f9 h\u1ee3p cho m\u1ecdi lo\u1ea1i xe h\u01a1i. S\u1ea3n ph\u1ea9m kh\u00f4ng ch\u1ec9 gi\u00fap b\u1ea1n ti\u1ebft ki\u1ec7m th\u1eddi gian, nhi\u00ean li\u1ec7u m\u00e0 c\u00f2n n\u00e2ng cao an to\u00e0n cho b\u1ea3n th\u00e2n v\u00e0 gia \u0111\u00ecnh. \u0110\u01b0\u1ee3c s\u1ea3n xu\u1ea5t b\u1edfi Garmin \u2013 th\u01b0\u01a1ng hi\u1ec7u h\u00e0ng \u0111\u1ea7u th\u1ebf gi\u1edbi v\u1ec1 thi\u1ebft b\u1ecb \u0111\u1ecbnh v\u1ecb, b\u1ea1n c\u00f3 th\u1ec3 y\u00ean t\u00e2m v\u1ec1 ch\u1ea5t l\u01b0\u1ee3ng v\u00e0 h\u1ed7 tr\u1ee3 c\u1eadp nh\u1eadt l\u00e2u d\u00e0i qua Wi-Fi.<\/p>\n","protected":false},"excerpt":{"rendered":"<p><strong>\u260e Li\u00ean h\u1ec7 t\u01b0 v\u1ea5n : 0972 658 351 \u2013\u00a0 0962 846 820 (g\u1ecdi tr\u1ef1c ti\u1ebfp ho\u1eb7c Zalo).<\/strong><\/p>\n","protected":false},"featured_media":5285,"comment_status":"open","ping_status":"closed","template":"","meta":[],"product_cat":[36],"product_tag":[],"class_list":{"0":"post-5282","1":"product","2":"type-product","3":"status-publish","4":"has-post-thumbnail","6":"product_cat-gps-dan-duong-oto","8":"first","9":"instock","10":"shipping-taxable","11":"purchasable","12":"product-type-simple"},"_links":{"self":[{"href":"https:\/\/gpsgarmin.vn\/index.php?rest_route=\/wp\/v2\/product\/5282","targetHints":{"allow":["GET"]}}],"collection":[{"href":"https:\/\/gpsgarmin.vn\/index.php?rest_route=\/wp\/v2\/product"}],"about":[{"href":"https:\/\/gpsgarmin.vn\/index.php?rest_route=\/wp\/v2\/types\/product"}],"replies":[{"embeddable":true,"href":"https:\/\/gpsgarmin.vn\/index.php?rest_route=%2Fwp%2Fv2%2Fcomments&post=5282"}],"version-history":[{"count":3,"href":"https:\/\/gpsgarmin.vn\/index.php?rest_route=\/wp\/v2\/product\/5282\/revisions"}],"predecessor-version":[{"id":5287,"href":"https:\/\/gpsgarmin.vn\/index.php?rest_route=\/wp\/v2\/product\/5282\/revisions\/5287"}],"wp:featuredmedia":[{"embeddable":true,"href":"https:\/\/gpsgarmin.vn\/index.php?rest_route=\/wp\/v2\/media\/5285"}],"wp:attachment":[{"href":"https:\/\/gpsgarmin.vn\/index.php?rest_route=%2Fwp%2Fv2%2Fmedia&parent=5282"}],"wp:term":[{"taxonomy":"product_cat","embeddable":true,"href":"https:\/\/gpsgarmin.vn\/index.php?rest_route=%2Fwp%2Fv2%2Fproduct_cat&post=5282"},{"taxonomy":"product_tag","embeddable":true,"href":"https:\/\/gpsgarmin.vn\/index.php?rest_route=%2Fwp%2Fv2%2Fproduct_tag&post=5282"}],"curies":[{"name":"wp","href":"https:\/\/api.w.org\/{rel}","templated":true}]}}