{"id":5268,"date":"2025-12-23T16:04:04","date_gmt":"2025-12-23T09:04:04","guid":{"rendered":"https:\/\/gpsgarmin.vn\/?post_type=product&#038;p=5268"},"modified":"2025-12-23T16:46:18","modified_gmt":"2025-12-23T09:46:18","slug":"etrex-touch","status":"publish","type":"product","link":"https:\/\/gpsgarmin.vn\/?product=etrex-touch","title":{"rendered":"Garmin eTrex Touch"},"content":{"rendered":"<h3 dir=\"auto\">Garmin eTrex Touch &#8211; Thi\u1ebft B\u1ecb \u0110\u1ecbnh V\u1ecb GPS C\u1ea7m Tay Ch\u1eafc Ch\u1eafn Cho M\u1ecdi Cu\u1ed9c Phi\u00eau L\u01b0u Ngo\u00e0i Tr\u1eddi<\/h3>\n<p dir=\"auto\">Garmin eTrex Touch l\u00e0 thi\u1ebft b\u1ecb \u0111\u1ecbnh v\u1ecb GPS c\u1ea7m tay ti\u00ean ti\u1ebfn, \u0111\u01b0\u1ee3c thi\u1ebft k\u1ebf d\u00e0nh ri\u00eang cho nh\u1eefng ng\u01b0\u1eddi \u0111am m\u00ea ho\u1ea1t \u0111\u1ed9ng ngo\u00e0i tr\u1eddi nh\u01b0 \u0111i b\u1ed9 \u0111\u01b0\u1eddng d\u00e0i, \u0111\u1ea1p xe, s\u0103n b\u1eafn, \u0111\u1ecba l\u00fd cache ho\u1eb7c kh\u00e1m ph\u00e1 thi\u00ean nhi\u00ean. V\u1edbi thi\u1ebft k\u1ebf m\u1ecfng nh\u1eb9, ch\u1eafc ch\u1eafn v\u00e0 d\u1ec5 s\u1eed d\u1ee5ng, s\u1ea3n ph\u1ea9m n\u00e0y mang \u0111\u1ebfn tr\u1ea3i nghi\u1ec7m \u0111i\u1ec1u h\u01b0\u1edbng m\u01b0\u1ee3t m\u00e0 nh\u1edd m\u00e0n h\u00ecnh c\u1ea3m \u1ee9ng m\u00e0u r\u1ef1c r\u1ee1, b\u1ea3n \u0111\u1ed3 chi ti\u1ebft \u0111\u01b0\u1ee3c t\u1ea3i s\u1eb5n v\u00e0 th\u1eddi l\u01b0\u1ee3ng pin v\u01b0\u1ee3t tr\u1ed9i l\u00ean \u0111\u1ebfn 650 gi\u1edd \u1edf ch\u1ebf \u0111\u1ed9 ti\u1ebft ki\u1ec7m. Ra m\u1eaft v\u00e0o n\u0103m 2025, eTrex Touch k\u1ebft h\u1ee3p c\u00f4ng ngh\u1ec7 \u0111\u1ecbnh v\u1ecb \u0111a b\u0103ng t\u1ea7n ch\u00ednh x\u00e1c cao, gi\u00fap b\u1ea1n t\u1ef1 tin kh\u00e1m ph\u00e1 m\u1ecdi \u0111\u1ecba h\u00ecnh m\u00e0 kh\u00f4ng lo l\u1ea1c \u0111\u01b0\u1eddng. S\u1ea3n ph\u1ea9m ph\u00f9 h\u1ee3p cho c\u1ea3 ng\u01b0\u1eddi d\u00f9ng m\u1edbi b\u1eaft \u0111\u1ea7u l\u1eabn c\u00e1c nh\u00e0 th\u00e1m hi\u1ec3m chuy\u00ean nghi\u1ec7p, mang \u0111\u1ebfn s\u1ef1 k\u1ebft h\u1ee3p ho\u00e0n h\u1ea3o gi\u1eefa \u0111\u1ed9 b\u1ec1n, t\u00ednh n\u0103ng th\u00f4ng minh v\u00e0 t\u00ednh di \u0111\u1ed9ng.<\/p>\n<p dir=\"auto\"><img fetchpriority=\"high\" decoding=\"async\" class=\"\" src=\"https:\/\/res.garmin.com\/en\/products\/010-02940-00\/g\/70961-OUTDOOR-MAPS.jpg\" width=\"360\" height=\"360\" \/><img decoding=\"async\" class=\"\" src=\"https:\/\/res.garmin.com\/en\/products\/010-02940-00\/g\/70961-PLAN-TRIPS.jpg\" width=\"360\" height=\"360\" \/><img decoding=\"async\" class=\"\" src=\"https:\/\/res.garmin.com\/vi_VN\/products\/010-02940-12\/g\/70961-WEATHER.jpg\" alt=\"Lorem ipsum dolor sit amet\" width=\"360\" height=\"360\" \/><\/p>\n<h4 dir=\"auto\">T\u00ednh N\u0103ng Ch\u00ednh<\/h4>\n<ul dir=\"auto\">\n<li><strong>M\u00e0n H\u00ecnh C\u1ea3m \u1ee8ng M\u00e0u R\u1ef1c R\u1ee1<\/strong>: M\u00e0n h\u00ecnh 3 inch \u0111\u1ed9 ph\u00e2n gi\u1ea3i cao (240 x 400 pixels), c\u00f4ng ngh\u1ec7 TFT ph\u1ea3n chi\u1ebfu, d\u1ec5 \u0111\u1ecdc d\u01b0\u1edbi \u00e1nh s\u00e1ng m\u1eb7t tr\u1eddi tr\u1ef1c ti\u1ebfp. H\u1ed7 tr\u1ee3 vu\u1ed1t, k\u00e9o v\u00e0 zoom nh\u01b0 \u0111i\u1ec7n tho\u1ea1i th\u00f4ng minh, ho\u1ea1t \u0111\u1ed9ng t\u1ed1t ngay c\u1ea3 khi tr\u1eddi m\u01b0a ho\u1eb7c \u0111eo g\u0103ng tay.<\/li>\n<li><strong>B\u1ea3n \u0110\u1ed3 \u0110\u01b0\u1ee3c T\u1ea3i S\u1eb5n Chi Ti\u1ebft<\/strong>: T\u00edch h\u1ee3p b\u1ea3n \u0111\u1ed3 TopoActive v\u1edbi \u0111\u01b0\u1eddng ph\u1ed1, \u0111\u01b0\u1eddng m\u00f2n, \u0111\u1ecba h\u00ecnh \u0111\u1ed3i n\u00fai, \u0111\u1ed9 cao, s\u00f4ng h\u1ed3, b\u1edd bi\u1ec3n, \u0111\u1ec9nh n\u00fai v\u00e0 h\u00e0ng ngh\u00ecn \u0111i\u1ec3m quan t\u00e2m (POI) nh\u01b0 c\u1eeda h\u00e0ng, \u0111\u1ecba danh c\u1ed9ng \u0111\u1ed3ng. H\u1ed7 tr\u1ee3 \u0111\u1ecbnh tuy\u1ebfn ph\u1ed5 bi\u1ebfn (popularity routing) \u0111\u1ec3 g\u1ee3i \u00fd \u0111\u01b0\u1eddng \u0111i \u0111\u01b0\u1ee3c nhi\u1ec1u ng\u01b0\u1eddi s\u1eed d\u1ee5ng, v\u00e0 \u0111\u1ecbnh tuy\u1ebfn v\u00f2ng l\u1eb7p (round-trip routing) \u0111\u1ec3 quay v\u1ec1 \u0111i\u1ec3m xu\u1ea5t ph\u00e1t.<\/li>\n<li><strong>T\u00f9y Ch\u1ecdn B\u1ea3n \u0110\u1ed3 N\u00e2ng Cao<\/strong>: K\u1ebft n\u1ed1i WiFi \u0111\u1ec3 t\u1ea3i v\u1ec1 n\u1ed9i dung b\u1ea3n \u0111\u1ed3 cao c\u1ea5p qua g\u00f3i Outdoor Maps+ (b\u00e1n ri\u00eang), bao g\u1ed3m h\u00ecnh \u1ea3nh v\u1ec7 tinh \u0111\u1ed9 ph\u00e2n gi\u1ea3i cao, \u0111\u01b0\u1eddng vi\u1ec1n \u0111\u1ecba h\u00ecnh chi ti\u1ebft, ranh gi\u1edbi \u0111\u1ea5t \u0111ai v\u00e0 khu v\u1ef1c \u0111\u1ed9ng v\u1eadt hoang d\u00e3.<\/li>\n<li><strong>\u0110\u1ecbnh V\u1ecb Ch\u00ednh X\u00e1c Cao<\/strong>: H\u1ed7 tr\u1ee3 GNSS \u0111a b\u0103ng t\u1ea7n (GPS, Galileo, GLONASS) v\u1edbi c\u00f4ng ngh\u1ec7 SatIQ\u2122 \u0111\u1ec3 t\u1ed1i \u01b0u h\u00f3a \u0111\u1ed9 ch\u00ednh x\u00e1c \u1edf \u0111\u1ecba h\u00ecnh kh\u00f3 kh\u0103n nh\u01b0 r\u1eebng r\u1eadm ho\u1eb7c thung l\u0169ng s\u00e2u, \u0111\u1ed3ng th\u1eddi ti\u1ebft ki\u1ec7m pin.<\/li>\n<li><strong>Th\u1eddi L\u01b0\u1ee3ng Pin \u1ea4n T\u01b0\u1ee3ng<\/strong>: Pin lithium-ion s\u1ea1c l\u1ea1i qua USB-C, l\u00ean \u0111\u1ebfn 130 gi\u1edd \u1edf ch\u1ebf \u0111\u1ed9 \u0111\u1ea7y \u0111\u1ee7 (t\u1ea5t c\u1ea3 h\u1ec7 th\u1ed1ng v\u1ec7 tinh + \u0111a b\u0103ng t\u1ea7n v\u1edbi SatIQ\u2122), v\u00e0 650 gi\u1edd \u1edf ch\u1ebf \u0111\u1ed9 expedition (ti\u1ebft ki\u1ec7m pin cho c\u00e1c chuy\u1ebfn \u0111i d\u00e0i).<\/li>\n<li><strong>\u0110\u1ed9 B\u1ec1n V\u01b0\u1ee3t Tr\u1ed9i<\/strong>: X\u1ebfp h\u1ea1ng IP67 ch\u1ed1ng n\u01b0\u1edbc v\u00e0 b\u1ee5i, ch\u1ecbu va \u0111\u1eadp theo ti\u00eau chu\u1ea9n qu\u00e2n s\u1ef1 MIL-STD-810, ph\u00f9 h\u1ee3p v\u1edbi m\u1ecdi \u0111i\u1ec1u ki\u1ec7n th\u1eddi ti\u1ebft kh\u1eafc nghi\u1ec7t.<\/li>\n<li><strong>K\u1ebft N\u1ed1i Th\u00f4ng Minh<\/strong>: K\u1ebft n\u1ed1i Bluetooth, ANT+ v\u00e0 WiFi; t\u00edch h\u1ee3p v\u1edbi \u1ee9ng d\u1ee5ng Garmin Explore\u2122 \u0111\u1ec3 l\u1eadp k\u1ebf ho\u1ea1ch chuy\u1ebfn \u0111i, qu\u1ea3n l\u00fd \u0111i\u1ec3m m\u1ed1c (waypoints), ph\u00e2n t\u00edch ho\u1ea1t \u0111\u1ed9ng. H\u1ed7 tr\u1ee3 Geocaching Live \u0111\u1ec3 c\u1eadp nh\u1eadt th\u1eddi gian th\u1ef1c khi k\u1ebft n\u1ed1i \u0111i\u1ec7n tho\u1ea1i, v\u00e0 Garmin Share \u0111\u1ec3 chia s\u1ebb l\u1ed9 tr\u00ecnh nhanh ch\u00f3ng.<\/li>\n<li><strong>T\u00ednh N\u0103ng H\u1ed7 Tr\u1ee3 Th\u00eam<\/strong>: L\u1eadp k\u1ebf ho\u1ea1ch leo d\u1ed1c (ascent planning) v\u1edbi th\u00f4ng tin \u0111\u1ed9 d\u1ed1c v\u00e0 th\u1eddi gian; c\u1ea3m bi\u1ebfn ABC (Altimeter, Barometer, Compass); t\u01b0\u01a1ng th\u00edch v\u1edbi thi\u1ebft b\u1ecb inReach (\u0111\u0103ng k\u00fd ri\u00eang) cho nh\u1eafn tin hai chi\u1ec1u to\u00e0n c\u1ea7u v\u00e0 SOS kh\u1ea9n c\u1ea5p qua Garmin Response\u2122.<\/li>\n<li><strong>H\u1ed3 S\u01a1 Ho\u1ea1t \u0110\u1ed9ng T\u00f9y Ch\u1ec9nh<\/strong>: C\u00e1c profile d\u00e0nh ri\u00eang cho t\u1eebng ho\u1ea1t \u0111\u1ed9ng nh\u01b0 leo n\u00fai, \u0111i b\u1ed9, \u0111\u1ea1p xe, s\u0103n b\u1eafn, v\u1edbi hi\u1ec3n th\u1ecb ch\u1ec9 s\u1ed1, b\u1ea3n \u0111\u1ed3 v\u00e0 bi\u1ec3u \u0111\u1ed3 ph\u00f9 h\u1ee3p.<\/li>\n<\/ul>\n<p dir=\"auto\">V\u1edbi Garmin eTrex Touch, m\u1ecdi cu\u1ed9c phi\u00eau l\u01b0u c\u1ee7a b\u1ea1n s\u1ebd tr\u1edf n\u00ean an to\u00e0n v\u00e0 th\u00fa v\u1ecb h\u01a1n bao gi\u1edd h\u1ebft. S\u1ea3n ph\u1ea9m hi\u1ec7n c\u00f3 s\u1eb5n v\u00e0 \u0111i k\u00e8m c\u00e1c ph\u1ee5 ki\u1ec7n nh\u01b0 gi\u00e1 \u0111\u1ee1 Spine Mount 2 cho xe \u0111\u1ea1p ho\u1eb7c d\u00e2y \u0111eo. \u0110\u1eebng b\u1ecf l\u1ee1 c\u01a1 h\u1ed9i s\u1edf h\u1eefu thi\u1ebft b\u1ecb \u0111\u1ecbnh v\u1ecb h\u00e0ng \u0111\u1ea7u t\u1eeb Garmin \u2013 th\u01b0\u01a1ng hi\u1ec7u \u0111\u00e1ng tin c\u1eady cho m\u1ecdi nh\u00e0 th\u00e1m hi\u1ec3m!<\/p>\n","protected":false},"excerpt":{"rendered":"<p><strong>\u00bb B\u1ea2O H\u00c0NH CH\u00cdNH H\u00c3NG 2 N\u0102M \u00ab<\/strong><\/p>\n<p><strong>\u260e Li\u00ean h\u1ec7 t\u01b0 v\u1ea5n : 0972 658 351 \u2013\u00a0 0962 846 820 (g\u1ecdi tr\u1ef1c ti\u1ebfp ho\u1eb7c Zalo).<\/strong><\/p>\n","protected":false},"featured_media":5269,"comment_status":"open","ping_status":"closed","template":"","meta":[],"product_cat":[27],"product_tag":[],"class_list":{"0":"post-5268","1":"product","2":"type-product","3":"status-publish","4":"has-post-thumbnail","6":"product_cat-gps-cam-tay","8":"first","9":"instock","10":"shipping-taxable","11":"purchasable","12":"product-type-simple"},"_links":{"self":[{"href":"https:\/\/gpsgarmin.vn\/index.php?rest_route=\/wp\/v2\/product\/5268","targetHints":{"allow":["GET"]}}],"collection":[{"href":"https:\/\/gpsgarmin.vn\/index.php?rest_route=\/wp\/v2\/product"}],"about":[{"href":"https:\/\/gpsgarmin.vn\/index.php?rest_route=\/wp\/v2\/types\/product"}],"replies":[{"embeddable":true,"href":"https:\/\/gpsgarmin.vn\/index.php?rest_route=%2Fwp%2Fv2%2Fcomments&post=5268"}],"version-history":[{"count":5,"href":"https:\/\/gpsgarmin.vn\/index.php?rest_route=\/wp\/v2\/product\/5268\/revisions"}],"predecessor-version":[{"id":5275,"href":"https:\/\/gpsgarmin.vn\/index.php?rest_route=\/wp\/v2\/product\/5268\/revisions\/5275"}],"wp:featuredmedia":[{"embeddable":true,"href":"https:\/\/gpsgarmin.vn\/index.php?rest_route=\/wp\/v2\/media\/5269"}],"wp:attachment":[{"href":"https:\/\/gpsgarmin.vn\/index.php?rest_route=%2Fwp%2Fv2%2Fmedia&parent=5268"}],"wp:term":[{"taxonomy":"product_cat","embeddable":true,"href":"https:\/\/gpsgarmin.vn\/index.php?rest_route=%2Fwp%2Fv2%2Fproduct_cat&post=5268"},{"taxonomy":"product_tag","embeddable":true,"href":"https:\/\/gpsgarmin.vn\/index.php?rest_route=%2Fwp%2Fv2%2Fproduct_tag&post=5268"}],"curies":[{"name":"wp","href":"https:\/\/api.w.org\/{rel}","templated":true}]}}