{"id":5106,"date":"2025-09-20T09:15:57","date_gmt":"2025-09-20T02:15:57","guid":{"rendered":"https:\/\/gpsgarmin.vn\/?post_type=product&#038;p=5106"},"modified":"2025-09-25T09:34:41","modified_gmt":"2025-09-25T02:34:41","slug":"garmin-instinct-3-amoled-supernova-collection","status":"publish","type":"product","link":"https:\/\/gpsgarmin.vn\/?product=garmin-instinct-3-amoled-supernova-collection","title":{"rendered":"Garmin Instinct 3 AMOLED &#8211; SuperNova Collection"},"content":{"rendered":"<h3 data-sourcepos=\"1:1-1:138\"><strong>Garmin Instinct 3 AMOLED &#8211; B\u1ec1n B\u1ec9 Ti\u00ean Phong, S\u1eafc N\u00e9t V\u01b0\u1ee3t Tr\u1ed9i<\/strong><\/h3>\n<p data-sourcepos=\"7:1-7:441\">Ch\u00e0o m\u1eebng b\u1ea1n \u0111\u1ebfn v\u1edbi Garmin Instinct 3 AMOLED \u2013 th\u1ebf h\u1ec7 \u0111\u1ed3ng h\u1ed3 th\u00f4ng minh GPS \u0111\u1ed9t ph\u00e1, mang trong m\u00ecnh ADN b\u1ec1n b\u1ec9 huy\u1ec1n tho\u1ea1i c\u1ee7a d\u00f2ng Instinct, k\u1ebft h\u1ee3p c\u00f9ng m\u00e0n h\u00ecnh AMOLED r\u1ef1c r\u1ee1 v\u00e0 c\u00e1c t\u00ednh n\u0103ng th\u00f4ng minh, s\u1ee9c kh\u1ecfe n\u00e2ng cao. \u0110\u01b0\u1ee3c thi\u1ebft k\u1ebf cho nh\u1eefng ai kh\u00f4ng ng\u1eebng kh\u00e1m ph\u00e1 v\u00e0 chinh ph\u1ee5c, Instinct 3 AMOLED l\u00e0 s\u1ef1 l\u1ef1a ch\u1ecdn ho\u00e0n h\u1ea3o \u0111\u1ec3 b\u1ea1n v\u01b0\u1ee3t qua m\u1ecdi th\u1eed th\u00e1ch, t\u1eeb nh\u1eefng cu\u1ed9c phi\u00eau l\u01b0u kh\u1eafc nghi\u1ec7t nh\u1ea5t \u0111\u1ebfn cu\u1ed9c s\u1ed1ng h\u00e0ng ng\u00e0y n\u0103ng \u0111\u1ed9ng.<\/p>\n<p data-sourcepos=\"7:1-7:441\"><img fetchpriority=\"high\" decoding=\"async\" class=\"\" src=\"https:\/\/res.garmin.com\/vi_VN\/products\/010-02936-40\/g\/67730-2.jpg\" width=\"390\" height=\"439\" \/><img decoding=\"async\" class=\"\" src=\"https:\/\/res.garmin.com\/vi_VN\/products\/010-02936-40\/g\/67730-5.jpg\" width=\"390\" height=\"439\" \/><img decoding=\"async\" class=\"\" src=\"https:\/\/res.garmin.com\/vi_VN\/products\/010-02936-40\/g\/67730-6.jpg\" width=\"389\" height=\"438\" \/><\/p>\n<p data-sourcepos=\"9:1-9:55\"><strong>Tr\u1ea3i Nghi\u1ec7m H\u00ecnh \u1ea2nh Tuy\u1ec7t V\u1eddi V\u1edbi M\u00e0n H\u00ecnh AMOLED:<\/strong><\/p>\n<ul data-sourcepos=\"11:1-13:0\">\n<li data-sourcepos=\"11:1-11:305\"><strong>S\u1eafc N\u00e9t, S\u1ed1ng \u0110\u1ed9ng:<\/strong> L\u1ea7n \u0111\u1ea7u ti\u00ean tr\u00ean d\u00f2ng Instinct, Instinct 3 AMOLED \u0111\u01b0\u1ee3c trang b\u1ecb m\u00e0n h\u00ecnh AMOLED r\u1ef1c r\u1ee1. M\u00e0n h\u00ecnh n\u00e0y mang l\u1ea1i m\u00e0u s\u1eafc s\u1ed1ng \u0111\u1ed9ng, \u0111\u1ed9 t\u01b0\u01a1ng ph\u1ea3n cao v\u00e0 g\u00f3c nh\u00ecn r\u1ed9ng, gi\u00fap b\u1ea1n d\u1ec5 d\u00e0ng theo d\u00f5i th\u00f4ng tin trong m\u1ecdi \u0111i\u1ec1u ki\u1ec7n \u00e1nh s\u00e1ng, t\u1eeb v\u0103n ph\u00f2ng \u0111\u1ebfn nh\u1eefng cung \u0111\u01b0\u1eddng r\u1eebng t\u1ed1i t\u0103m.<\/li>\n<li data-sourcepos=\"12:1-13:0\"><strong>Hi\u1ec3n Th\u1ecb Chi Ti\u1ebft H\u01a1n:<\/strong> V\u1edbi \u0111\u1ed9 ph\u00e2n gi\u1ea3i cao, m\u1ecdi d\u1eef li\u1ec7u, b\u1ea3n \u0111\u1ed3 hay th\u00f4ng b\u00e1o \u0111\u1ec1u hi\u1ec3n th\u1ecb m\u1ed9t c\u00e1ch r\u00f5 r\u00e0ng v\u00e0 s\u1eafc n\u00e9t, n\u00e2ng cao tr\u1ea3i nghi\u1ec7m ng\u01b0\u1eddi d\u00f9ng.<\/li>\n<\/ul>\n<p data-sourcepos=\"14:1-14:49\"><strong>B\u1ec1n B\u1ec9 Chu\u1ea9n Qu\u00e2n \u0110\u1ed9i &#8211; Kh\u00f4ng Ng\u1ea1i Th\u1eed Th\u00e1ch:<\/strong><\/p>\n<ul data-sourcepos=\"16:1-20:0\">\n<li data-sourcepos=\"16:1-16:265\"><strong>Ch\u1ea5t L\u01b0\u1ee3ng V\u01b0\u1ee3t Tr\u1ed9i:<\/strong> K\u1ebf th\u1eeba \u0111\u1ed9 b\u1ec1n danh ti\u1ebfng c\u1ee7a d\u00f2ng Instinct, Instinct 3 AMOLED \u0111\u01b0\u1ee3c ch\u1ebf t\u1ea1o t\u1eeb polymer gia c\u1ed1 s\u1ee3i composite c\u00f9ng vi\u1ec1n kim lo\u1ea1i ch\u1eafc ch\u1eafn. \u0110\u1ed3ng h\u1ed3 \u0111\u1ea1t ti\u00eau chu\u1ea9n qu\u00e2n \u0111\u1ed9i Hoa K\u1ef3 MIL-STD-810G v\u1ec1 kh\u1ea3 n\u0103ng ch\u1ecbu s\u1ed1c, ch\u1ecbu nhi\u1ec7t v\u00e0 ch\u1ed1ng n\u01b0\u1edbc.<\/li>\n<li data-sourcepos=\"17:1-17:151\"><strong>K\u00ednh C\u01b0\u1eddng L\u1ef1c Ch\u1ed1ng Tr\u1ea7y X\u01b0\u1edbc:<\/strong> M\u00e0n h\u00ecnh \u0111\u01b0\u1ee3c b\u1ea3o v\u1ec7 b\u1eb1ng l\u1edbp k\u00ednh c\u01b0\u1eddng l\u1ef1c \u0111\u00e3 qua x\u1eed l\u00fd h\u00f3a h\u1ecdc, t\u0103ng c\u01b0\u1eddng kh\u1ea3 n\u0103ng ch\u1ed1ng tr\u1ea7y x\u01b0\u1edbc v\u00e0 va \u0111\u1eadp.<\/li>\n<li data-sourcepos=\"18:1-18:127\"><strong>Ch\u1ed1ng N\u01b0\u1edbc 10 ATM:<\/strong> An to\u00e0n tuy\u1ec7t \u0111\u1ed1i khi b\u1ea1n b\u01a1i l\u1ed9i, t\u1eafm v\u00f2i sen, ho\u1eb7c tham gia c\u00e1c ho\u1ea1t \u0111\u1ed9ng d\u01b0\u1edbi n\u01b0\u1edbc s\u00e2u \u0111\u1ebfn 100 m\u00e9t.<\/li>\n<li data-sourcepos=\"19:1-20:0\"><strong>N\u00fat B\u1ea5m V\u1eadt L\u00fd Chuy\u00ean D\u1ee5ng:<\/strong> 5 n\u00fat b\u1ea5m v\u1eadt l\u00fd gi\u00fap b\u1ea1n thao t\u00e1c d\u1ec5 d\u00e0ng v\u00e0 ch\u00ednh x\u00e1c, ngay c\u1ea3 khi \u0111eo g\u0103ng tay ho\u1eb7c trong m\u00f4i tr\u01b0\u1eddng \u1ea9m \u01b0\u1edbt.<\/li>\n<\/ul>\n<p data-sourcepos=\"21:1-21:44\"><strong>S\u1ee9c Kh\u1ecfe To\u00e0n Di\u1ec7n &#8211; Hi\u1ec3u R\u00f5 C\u01a1 Th\u1ec3 B\u1ea1n:<\/strong><\/p>\n<ul data-sourcepos=\"23:1-28:0\">\n<li data-sourcepos=\"23:1-23:144\"><strong>C\u1ea3m Bi\u1ebfn Nh\u1ecbp Tim Elevate V4:<\/strong> \u0110o nh\u1ecbp tim quang h\u1ecdc ti\u00ean ti\u1ebfn, cung c\u1ea5p d\u1eef li\u1ec7u ch\u00ednh x\u00e1c v\u1ec1 c\u01b0\u1eddng \u0111\u1ed9 luy\u1ec7n t\u1eadp v\u00e0 s\u1ee9c kh\u1ecfe tim m\u1ea1ch 24\/7.<\/li>\n<li data-sourcepos=\"24:1-24:150\"><strong>\u0110o N\u1ed3ng \u0110\u1ed9 Oxy Trong M\u00e1u (Pulse Ox):<\/strong> Gi\u00e1m s\u00e1t m\u1ee9c \u0111\u1ed9 b\u00e3o h\u00f2a oxy trong m\u00e1u, gi\u00fap b\u1ea1n \u0111\u00e1nh gi\u00e1 kh\u1ea3 n\u0103ng th\u00edch nghi \u0111\u1ed9 cao v\u00e0 ch\u1ea5t l\u01b0\u1ee3ng gi\u1ea5c ng\u1ee7.<\/li>\n<li data-sourcepos=\"25:1-25:147\"><strong>Theo D\u00f5i Gi\u1ea5c Ng\u1ee7 Chuy\u00ean S\u00e2u:<\/strong> Ph\u00e2n t\u00edch c\u00e1c giai \u0111o\u1ea1n gi\u1ea5c ng\u1ee7 (ng\u1ee7 n\u00f4ng, s\u00e2u, REM) v\u00e0 \u0111\u01b0a ra \u0111i\u1ec3m s\u1ed1 gi\u1ea5c ng\u1ee7 chi ti\u1ebft c\u00f9ng g\u1ee3i \u00fd c\u1ea3i thi\u1ec7n.<\/li>\n<li data-sourcepos=\"26:1-26:107\"><strong>Gi\u00e1m S\u00e1t M\u1ee9c \u0110\u1ed9 Stress:<\/strong> Theo d\u00f5i m\u1ee9c \u0111\u1ed9 c\u0103ng th\u1eb3ng c\u1ee7a b\u1ea1n v\u00e0 g\u1ee3i \u00fd c\u00e1c b\u00e0i t\u1eadp th\u1edf th\u01b0 gi\u00e3n khi c\u1ea7n.<\/li>\n<li data-sourcepos=\"27:1-28:0\"><strong>Body Battery\u2122:<\/strong> C\u00f4ng c\u1ee5 \u0111\u1ed9c quy\u1ec1n c\u1ee7a Garmin, \u01b0\u1edbc t\u00ednh m\u1ee9c n\u0103ng l\u01b0\u1ee3ng d\u1ef1 tr\u1eef c\u1ee7a c\u01a1 th\u1ec3, gi\u00fap b\u1ea1n bi\u1ebft th\u1eddi \u0111i\u1ec3m t\u1ed1t nh\u1ea5t \u0111\u1ec3 ho\u1ea1t \u0111\u1ed9ng v\u00e0 ngh\u1ec9 ng\u01a1i.<\/li>\n<\/ul>\n<p data-sourcepos=\"29:1-29:57\"><strong>Th\u00fac \u0110\u1ea9y Hi\u1ec7u Su\u1ea5t T\u1eadp Luy\u1ec7n &#8211; V\u01b0\u1ee3t Qua M\u1ecdi Gi\u1edbi H\u1ea1n:<\/strong><\/p>\n<ul data-sourcepos=\"31:1-34:0\">\n<li data-sourcepos=\"31:1-31:146\"><strong>H\u01a1n 30 Ch\u1ebf \u0110\u1ed9 Th\u1ec3 Thao T\u00edch H\u1ee3p:<\/strong> \u0110a d\u1ea1ng c\u00e1c ho\u1ea1t \u0111\u1ed9ng t\u1eeb ch\u1ea1y b\u1ed9, \u0111\u1ea1p xe, b\u01a1i l\u1ed9i, leo n\u00fai, t\u1eadp gym \u0111\u1ebfn golf, tr\u01b0\u1ee3t tuy\u1ebft v\u00e0 nhi\u1ec1u h\u01a1n n\u1eefa.<\/li>\n<li data-sourcepos=\"32:1-32:137\"><strong>GPS \u0110a H\u1ec7 Th\u1ed1ng V\u1ec7 Tinh:<\/strong> H\u1ed7 tr\u1ee3 GPS, GLONASS v\u00e0 Galileo, \u0111\u1ea3m b\u1ea3o \u0111\u1ecbnh v\u1ecb ch\u00ednh x\u00e1c v\u00e0 nhanh ch\u00f3ng ngay c\u1ea3 \u1edf nh\u1eefng khu v\u1ef1c h\u1ebbo l\u00e1nh.<\/li>\n<li data-sourcepos=\"33:1-34:0\"><strong>C\u00e1c T\u00ednh N\u0103ng N\u00e2ng Cao:<\/strong> T\u1eadn d\u1ee5ng PacePro\u2122 \u0111\u1ec3 ki\u1ec3m so\u00e1t t\u1ed1c \u0111\u1ed9 khi ch\u1ea1y, ClimbPro\u2122 \u0111\u1ec3 n\u1eafm b\u1eaft th\u00f4ng tin v\u1ec1 c\u00e1c ch\u1eb7ng leo d\u1ed1c, v\u00e0 nhi\u1ec1u d\u1eef li\u1ec7u t\u1eadp luy\u1ec7n chuy\u00ean s\u00e2u kh\u00e1c.<\/li>\n<\/ul>\n<p data-sourcepos=\"35:1-35:50\"><strong>Ti\u1ec7n \u00cdch Th\u00f4ng Minh &#8211; K\u1ebft N\u1ed1i M\u1ecdi L\u00fac M\u1ecdi N\u01a1i:<\/strong><\/p>\n<ul data-sourcepos=\"37:1-41:0\">\n<li data-sourcepos=\"37:1-37:139\"><strong>Th\u00f4ng B\u00e1o Th\u00f4ng Minh:<\/strong> Nh\u1eadn th\u00f4ng b\u00e1o cu\u1ed9c g\u1ecdi, tin nh\u1eafn, email v\u00e0 c\u00e1c \u1ee9ng d\u1ee5ng ngay tr\u00ean c\u1ed5 tay khi k\u1ebft n\u1ed1i Bluetooth v\u1edbi \u0111i\u1ec7n tho\u1ea1i.<\/li>\n<li data-sourcepos=\"38:1-38:135\"><strong>Garmin Pay\u2122:<\/strong> Thanh to\u00e1n kh\u00f4ng ti\u1ebfp x\u00fac ti\u1ec7n l\u1ee3i ch\u1ec9 v\u1edbi m\u1ed9t ch\u1ea1m c\u1ed5 tay (ki\u1ec3m tra kh\u1ea3 n\u0103ng t\u01b0\u01a1ng th\u00edch v\u1edbi ng\u00e2n h\u00e0ng \u0111\u1ecba ph\u01b0\u01a1ng).<\/li>\n<li data-sourcepos=\"39:1-39:91\"><strong>\u0110i\u1ec1u Khi\u1ec3n Nh\u1ea1c:<\/strong> D\u1ec5 d\u00e0ng ph\u00e1t, t\u1ea1m d\u1eebng ho\u1eb7c chuy\u1ec3n b\u00e0i nh\u1ea1c tr\u00ean \u0111i\u1ec7n tho\u1ea1i c\u1ee7a b\u1ea1n.<\/li>\n<li data-sourcepos=\"40:1-41:0\"><strong>T\u00ecm \u0110i\u1ec7n Tho\u1ea1i\/\u0110\u1ed3ng H\u1ed3:<\/strong> Gi\u00fap b\u1ea1n \u0111\u1ecbnh v\u1ecb thi\u1ebft b\u1ecb c\u1ee7a m\u00ecnh n\u1ebfu th\u1ea5t l\u1ea1c.<\/li>\n<\/ul>\n<p data-sourcepos=\"42:1-42:27\"><strong>Th\u1eddi L\u01b0\u1ee3ng Pin \u01afu Vi\u1ec7t:<\/strong><\/p>\n<ul data-sourcepos=\"44:1-47:0\">\n<li data-sourcepos=\"44:1-44:98\"><strong>Ch\u1ebf \u0110\u1ed9 \u0110\u1ed3ng H\u1ed3 Th\u00f4ng Minh:<\/strong> Duy tr\u00ec ho\u1ea1t \u0111\u1ed9ng l\u00ean \u0111\u1ebfn 24 ng\u00e0y (9 ng\u00e0y v\u1edbi m\u00e0n h\u00ecnh lu\u00f4n b\u1eadt).<\/li>\n<li data-sourcepos=\"45:1-45:42\"><strong>Ch\u1ebf \u0110\u1ed9 GPS:<\/strong> L\u00ean \u0111\u1ebfn 40 gi\u1edd li\u00ean t\u1ee5c.<\/li>\n<li data-sourcepos=\"46:1-47:0\"><strong>Ch\u1ebf \u0110\u1ed9 Ti\u1ebft Ki\u1ec7m Pin:<\/strong> K\u00e9o d\u00e0i th\u1eddi gian s\u1eed d\u1ee5ng l\u00ean \u0111\u1ebfn 30 ng\u00e0y.<\/li>\n<\/ul>\n","protected":false},"excerpt":{"rendered":"<p><strong>\u00bb\u00a0B\u1ea2O H\u00c0NH CH\u00cdNH H\u00c3NG 2 N\u0102M \u00ab<\/strong><\/p>\n<p><strong>\u260e Li\u00ean h\u1ec7 t\u01b0 v\u1ea5n : 0972 658 351 \u2013\u00a0 0962 846 820 (g\u1ecdi tr\u1ef1c ti\u1ebfp ho\u1eb7c Zalo).<\/strong><\/p>\n","protected":false},"featured_media":5109,"comment_status":"open","ping_status":"closed","template":"","meta":[],"product_cat":[40,53,47],"product_tag":[],"class_list":{"0":"post-5106","1":"product","2":"type-product","3":"status-publish","4":"has-post-thumbnail","6":"product_cat-dong-ho-thong-minh","7":"product_cat-instinct","8":"product_cat-the-thao-va-suc-khoe","10":"first","11":"instock","12":"shipping-taxable","13":"purchasable","14":"product-type-variable"},"_links":{"self":[{"href":"https:\/\/gpsgarmin.vn\/index.php?rest_route=\/wp\/v2\/product\/5106","targetHints":{"allow":["GET"]}}],"collection":[{"href":"https:\/\/gpsgarmin.vn\/index.php?rest_route=\/wp\/v2\/product"}],"about":[{"href":"https:\/\/gpsgarmin.vn\/index.php?rest_route=\/wp\/v2\/types\/product"}],"replies":[{"embeddable":true,"href":"https:\/\/gpsgarmin.vn\/index.php?rest_route=%2Fwp%2Fv2%2Fcomments&post=5106"}],"version-history":[{"count":3,"href":"https:\/\/gpsgarmin.vn\/index.php?rest_route=\/wp\/v2\/product\/5106\/revisions"}],"predecessor-version":[{"id":5243,"href":"https:\/\/gpsgarmin.vn\/index.php?rest_route=\/wp\/v2\/product\/5106\/revisions\/5243"}],"wp:featuredmedia":[{"embeddable":true,"href":"https:\/\/gpsgarmin.vn\/index.php?rest_route=\/wp\/v2\/media\/5109"}],"wp:attachment":[{"href":"https:\/\/gpsgarmin.vn\/index.php?rest_route=%2Fwp%2Fv2%2Fmedia&parent=5106"}],"wp:term":[{"taxonomy":"product_cat","embeddable":true,"href":"https:\/\/gpsgarmin.vn\/index.php?rest_route=%2Fwp%2Fv2%2Fproduct_cat&post=5106"},{"taxonomy":"product_tag","embeddable":true,"href":"https:\/\/gpsgarmin.vn\/index.php?rest_route=%2Fwp%2Fv2%2Fproduct_tag&post=5106"}],"curies":[{"name":"wp","href":"https:\/\/api.w.org\/{rel}","templated":true}]}}