{"id":4495,"date":"2025-06-24T15:37:04","date_gmt":"2025-06-24T08:37:04","guid":{"rendered":"https:\/\/gpsgarmin.vn\/?post_type=product&#038;p=4495"},"modified":"2025-11-25T09:35:45","modified_gmt":"2025-11-25T02:35:45","slug":"garmin-approach-s50","status":"publish","type":"product","link":"https:\/\/gpsgarmin.vn\/?product=garmin-approach-s50","title":{"rendered":"Garmin Approach S50"},"content":{"rendered":"<h3 data-sourcepos=\"5:1-5:86\"><strong>Garmin <a href=\"https:\/\/gpsgarmin.vn\/?product=garmin-approach-s50\">Approach S50<\/a> &#8211; N\u00e2ng T\u1ea7m Cu\u1ed9c Ch\u01a1i Golf, Phong C\u00e1ch \u0110\u1eb3ng C\u1ea5p<\/strong><\/h3>\n<p data-sourcepos=\"7:1-7:415\">Ch\u00e0o m\u1eebng b\u1ea1n \u0111\u1ebfn v\u1edbi Garmin <a href=\"https:\/\/gpsgarmin.vn\/?product=garmin-approach-s50\">Approach S50<\/a> \u2013 chi\u1ebfc \u0111\u1ed3ng h\u1ed3 th\u00f4ng minh GPS chuy\u00ean d\u1ee5ng cho golf th\u1ee7, \u0111\u01b0\u1ee3c thi\u1ebft k\u1ebf \u0111\u1ec3 n\u00e2ng cao hi\u1ec7u su\u1ea5t tr\u00ean s\u00e2n golf \u0111\u1ed3ng th\u1eddi duy tr\u00ec phong c\u00e1ch tinh t\u1ebf trong m\u1ecdi ho\u1ea1t \u0111\u1ed9ng h\u00e0ng ng\u00e0y. K\u1ebft h\u1ee3p m\u00e0n h\u00ecnh AMOLED r\u1ef1c r\u1ee1, h\u00e0ng ng\u00e0n b\u1ea3n \u0111\u1ed3 s\u00e2n golf t\u00edch h\u1ee3p v\u00e0 c\u00e1c t\u00ednh n\u0103ng h\u1ed7 tr\u1ee3 ch\u01a1i golf th\u00f4ng minh, <a href=\"https:\/\/gpsgarmin.vn\/?product=garmin-approach-s50\">Approach S50<\/a> l\u00e0 ng\u01b0\u1eddi b\u1ea1n \u0111\u1ed3ng h\u00e0nh l\u00fd t\u01b0\u1edfng, gi\u00fap b\u1ea1n t\u1ef1 tin v\u00e0 l\u00e0m ch\u1ee7 m\u1ecdi c\u00fa \u0111\u00e1nh.<\/p>\n<p data-sourcepos=\"7:1-7:415\"><img fetchpriority=\"high\" decoding=\"async\" class=\"\" src=\"https:\/\/res.garmin.com\/en\/products\/010-03010-00\/g\/70762-1.jpg\" width=\"391\" height=\"440\" \/><img decoding=\"async\" class=\"\" src=\"https:\/\/res.garmin.com\/en\/products\/010-03010-00\/g\/70762-2.jpg\" width=\"390\" height=\"439\" \/><img decoding=\"async\" class=\"\" src=\"https:\/\/res.garmin.com\/en\/products\/010-03010-00\/g\/70762-4.jpg\" width=\"390\" height=\"439\" \/><\/p>\n<h4 data-sourcepos=\"11:1-11:49\"><strong>Thi\u1ebft K\u1ebf Tinh T\u1ebf, Nh\u1eb9 Nh\u00e0ng &amp; \u0110a D\u1ee5ng<\/strong><\/h4>\n<ul data-sourcepos=\"13:1-17:0\">\n<li data-sourcepos=\"13:1-13:145\"><strong>V\u1ebb Ngo\u00e0i Sang Tr\u1ecdng:<\/strong> <a href=\"https:\/\/gpsgarmin.vn\/?product=garmin-approach-s50\">Approach S50<\/a> s\u1edf h\u1eefu thi\u1ebft k\u1ebf thanh l\u1ecbch, hi\u1ec7n \u0111\u1ea1i, ph\u00f9 h\u1ee3p \u0111\u1ec3 \u0111eo c\u1ea3 tr\u00ean s\u00e2n golf v\u00e0 trong c\u00e1c ho\u1ea1t \u0111\u1ed9ng th\u01b0\u1eddng ng\u00e0y.<\/li>\n<li data-sourcepos=\"14:1-14:162\"><strong>Ch\u1ea5t Li\u1ec7u Cao C\u1ea5p:<\/strong> Vi\u1ec1n bezel b\u1eb1ng nh\u00f4m anodized sang tr\u1ecdng k\u1ebft h\u1ee3p v\u1edbi m\u1eb7t k\u00ednh Corning Gorilla Glass 3 c\u1ee9ng c\u00e1p, b\u1ea3o v\u1ec7 m\u00e0n h\u00ecnh kh\u1ecfi tr\u1ea7y x\u01b0\u1edbc v\u00e0 va \u0111\u1eadp.<\/li>\n<li data-sourcepos=\"15:1-15:137\"><strong>D\u00e2y \u0110eo ComfortFit:<\/strong> \u0110i k\u00e8m d\u00e2y \u0111eo nylon ComfortFit nh\u1eb9 v\u00e0 tho\u1ea3i m\u00e1i, \u0111\u1ea3m b\u1ea3o c\u1ea3m gi\u00e1c d\u1ec5 ch\u1ecbu ngay c\u1ea3 khi \u0111eo trong th\u1eddi gian d\u00e0i.<\/li>\n<li data-sourcepos=\"16:1-17:0\"><strong>K\u00edch Th\u01b0\u1edbc L\u00fd T\u01b0\u1edfng:<\/strong> V\u1edbi k\u00edch th\u01b0\u1edbc nh\u1ecf g\u1ecdn (43 x 43 x 11.4 mm) v\u00e0 tr\u1ecdng l\u01b0\u1ee3ng ch\u1ec9 29g, \u0111\u1ed3ng h\u1ed3 v\u1eeba v\u1eb7n tr\u00ean nhi\u1ec1u c\u1ed5 tay kh\u00e1c nhau (c\u00f3 c\u00e1c phi\u00ean b\u1ea3n ph\u00f9 h\u1ee3p chu vi c\u1ed5 tay 127-190 mm v\u00e0 145-217mm).<\/li>\n<\/ul>\n<h4 data-sourcepos=\"20:1-20:66\"><strong>M\u00e0n H\u00ecnh AMOLED R\u1ef1c R\u1ee1 &#8211; T\u1ed1i \u01afu H\u00f3a T\u1ea7m Nh\u00ecn Tr\u00ean S\u00e2n Golf<\/strong><\/h4>\n<ul data-sourcepos=\"22:1-24:0\">\n<li data-sourcepos=\"22:1-22:173\"><strong>Hi\u1ec3n Th\u1ecb S\u1eafc N\u00e9t:<\/strong> <a href=\"https:\/\/gpsgarmin.vn\/?product=garmin-approach-s50\">Approach S50<\/a> \u0111\u01b0\u1ee3c trang b\u1ecb m\u00e0n h\u00ecnh c\u1ea3m \u1ee9ng AMOLED 1.2 inch s\u1ed1ng \u0111\u1ed9ng, mang l\u1ea1i m\u00e0u s\u1eafc r\u1ef1c r\u1ee1, \u0111\u1ed9 t\u01b0\u01a1ng ph\u1ea3n cao v\u00e0 hi\u1ec3n th\u1ecb chi ti\u1ebft m\u1ecdi th\u00f4ng tin.<\/li>\n<li data-sourcepos=\"23:1-24:0\"><strong>D\u1ec5 D\u00e0ng Quan S\u00e1t:<\/strong> D\u00f9 l\u00e0 d\u01b0\u1edbi \u00e1nh n\u1eafng m\u1eb7t tr\u1eddi hay trong \u0111i\u1ec1u ki\u1ec7n \u00e1nh s\u00e1ng y\u1ebfu, m\u00e0n h\u00ecnh \u0111\u1ec1u \u0111\u1ea3m b\u1ea3o b\u1ea1n c\u00f3 th\u1ec3 d\u1ec5 d\u00e0ng xem kho\u1ea3ng c\u00e1ch \u0111\u1ebfn l\u1ed7, b\u1ed1 c\u1ee5c s\u00e2n golf v\u00e0 c\u00e1c th\u00f4ng s\u1ed1 quan tr\u1ecdng kh\u00e1c.<\/li>\n<\/ul>\n<h4 data-sourcepos=\"27:1-27:66\"><strong>T\u00ednh N\u0103ng Golf Chuy\u00ean Nghi\u1ec7p &#8211; N\u00e2ng Cao Hi\u1ec7u Su\u1ea5t Tr\u00f2 Ch\u01a1i<\/strong><\/h4>\n<ul data-sourcepos=\"29:1-34:0\">\n<li data-sourcepos=\"29:1-29:140\"><strong>43.000+ B\u1ea3n \u0110\u1ed3 S\u00e2n Golf T\u1ea3i S\u1eb5n:<\/strong> Truy c\u1eadp v\u00e0o d\u1eef li\u1ec7u c\u1ee7a h\u01a1n 43.000 s\u00e2n golf tr\u00ean to\u00e0n th\u1ebf gi\u1edbi th\u00f4ng qua b\u1ea3n \u0111\u1ed3 CourseView chi ti\u1ebft.<\/li>\n<li data-sourcepos=\"30:1-30:160\"><strong>Playslike Distance:<\/strong> T\u00ednh n\u0103ng \u0111\u1ed9c quy\u1ec1n c\u1ee7a Garmin \u0111i\u1ec1u ch\u1ec9nh kho\u1ea3ng c\u00e1ch \u0111\u1ebfn l\u1ed7 d\u1ef1a tr\u00ean \u0111\u1ed9 cao v\u00e0 \u0111i\u1ec1u ki\u1ec7n m\u00f4i tr\u01b0\u1eddng, gi\u00fap b\u1ea1n ch\u1ecdn g\u1eady ch\u00ednh x\u00e1c h\u01a1n.<\/li>\n<li data-sourcepos=\"31:1-31:180\"><strong>Green View (Ch\u1ebf \u0110\u1ed9 Xem V\u00f9ng Green):<\/strong> Hi\u1ec3n th\u1ecb h\u00ecnh d\u1ea1ng v\u00e0 b\u1ed1 c\u1ee5c th\u1ef1c t\u1ebf c\u1ee7a v\u00f9ng green, cho ph\u00e9p b\u1ea1n di chuy\u1ec3n c\u1edd c\u1eafm \u0111\u1ebfn v\u1ecb tr\u00ed ch\u00ednh x\u00e1c trong ng\u00e0y \u0111\u1ec3 c\u00f3 c\u00fa \u0111\u00e1nh t\u1ed1t nh\u1ea5t.<\/li>\n<li data-sourcepos=\"32:1-32:141\"><strong>AutoShot Tracking:<\/strong> T\u1ef1 \u0111\u1ed9ng ghi l\u1ea1i kho\u1ea3ng c\u00e1ch c\u1ee7a c\u00e1c c\u00fa \u0111\u00e1nh (ngo\u1ea1i tr\u1eeb c\u00fa g\u1ea1t b\u00f3ng), gi\u00fap b\u1ea1n ph\u00e2n t\u00edch hi\u1ec7u su\u1ea5t sau m\u1ed7i v\u00f2ng ch\u01a1i.<\/li>\n<li data-sourcepos=\"33:1-34:0\"><strong>T\u01b0\u01a1ng Th\u00edch C\u1ea3m Bi\u1ebfn G\u1eady CT1\/CT10 (T\u00f9y ch\u1ecdn):<\/strong> D\u1ec5 d\u00e0ng k\u1ebft n\u1ed1i v\u1edbi c\u1ea3m bi\u1ebfn theo d\u00f5i g\u1eady Approach CT1 ho\u1eb7c CT10 (b\u00e1n ri\u00eang) \u0111\u1ec3 c\u00f3 d\u1eef li\u1ec7u chi ti\u1ebft h\u01a1n v\u1ec1 m\u1ecdi c\u00fa \u0111\u00e1nh.<\/li>\n<\/ul>\n<h4 data-sourcepos=\"37:1-37:50\"><strong>Theo D\u00f5i S\u1ee9c Kh\u1ecfe &amp; Th\u1ec3 Ch\u1ea5t To\u00e0n Di\u1ec7n<\/strong><\/h4>\n<ul data-sourcepos=\"39:1-44:0\">\n<li data-sourcepos=\"39:1-39:134\"><strong>Theo D\u00f5i Nh\u1ecbp Tim 24\/7:<\/strong> \u0110o nh\u1ecbp tim li\u00ean t\u1ee5c, cung c\u1ea5p th\u00f4ng tin quan tr\u1ecdng v\u1ec1 c\u01b0\u1eddng \u0111\u1ed9 ho\u1ea1t \u0111\u1ed9ng v\u00e0 s\u1ee9c kh\u1ecfe tim m\u1ea1ch t\u1ed5ng th\u1ec3.<\/li>\n<li data-sourcepos=\"40:1-40:98\"><strong>Gi\u00e1m S\u00e1t M\u1ee9c \u0110\u1ed9 Stress:<\/strong> Ph\u00e2n t\u00edch bi\u1ebfn thi\u00ean nh\u1ecbp tim \u0111\u1ec3 x\u00e1c \u0111\u1ecbnh m\u1ee9c \u0111\u1ed9 c\u0103ng th\u1eb3ng c\u1ee7a b\u1ea1n.<\/li>\n<li data-sourcepos=\"41:1-41:160\"><strong>Body Battery\u2122:<\/strong> \u01af\u1edbc t\u00ednh m\u1ee9c n\u0103ng l\u01b0\u1ee3ng d\u1ef1 tr\u1eef c\u1ee7a c\u01a1 th\u1ec3 d\u1ef1a tr\u00ean ho\u1ea1t \u0111\u1ed9ng, c\u0103ng th\u1eb3ng v\u00e0 gi\u1ea5c ng\u1ee7, gi\u00fap b\u1ea1n t\u1ed1i \u01b0u h\u00f3a th\u1eddi gian ngh\u1ec9 ng\u01a1i v\u00e0 t\u1eadp luy\u1ec7n.<\/li>\n<li data-sourcepos=\"42:1-42:91\"><strong>Theo D\u00f5i Gi\u1ea5c Ng\u1ee7:<\/strong> Ghi l\u1ea1i c\u00e1c giai \u0111o\u1ea1n ng\u1ee7 c\u1ee7a b\u1ea1n \u0111\u1ec3 \u0111\u00e1nh gi\u00e1 ch\u1ea5t l\u01b0\u1ee3ng gi\u1ea5c ng\u1ee7.<\/li>\n<li data-sourcepos=\"43:1-44:0\"><strong>\u0110a D\u1ea1ng Ch\u1ebf \u0110\u1ed9 Th\u1ec3 Thao Kh\u00e1c:<\/strong> Ngo\u00e0i golf, \u0111\u1ed3ng h\u1ed3 c\u00f2n h\u1ed7 tr\u1ee3 theo d\u00f5i nhi\u1ec1u ho\u1ea1t \u0111\u1ed9ng th\u1ec3 thao kh\u00e1c, gi\u00fap b\u1ea1n duy tr\u00ec l\u1ed1i s\u1ed1ng n\u0103ng \u0111\u1ed9ng.<\/li>\n<\/ul>\n<h4 data-sourcepos=\"47:1-47:52\"><strong>Ti\u1ec7n \u00cdch Th\u00f4ng Minh &#8211; Cu\u1ed9c S\u1ed1ng \u0110\u01a1n Gi\u1ea3n H\u01a1n<\/strong><\/h4>\n<ul data-sourcepos=\"49:1-52:0\">\n<li data-sourcepos=\"49:1-49:145\"><strong>Th\u00f4ng B\u00e1o Th\u00f4ng Minh:<\/strong> Nh\u1eadn th\u00f4ng b\u00e1o cu\u1ed9c g\u1ecdi, tin nh\u1eafn, email v\u00e0 c\u00e1c \u1ee9ng d\u1ee5ng kh\u00e1c ngay tr\u00ean c\u1ed5 tay khi k\u1ebft n\u1ed1i v\u1edbi \u0111i\u1ec7n tho\u1ea1i th\u00f4ng minh.<\/li>\n<li data-sourcepos=\"50:1-50:159\"><strong>Garmin Pay\u2122:<\/strong> Th\u1ef1c hi\u1ec7n thanh to\u00e1n kh\u00f4ng ti\u1ebfp x\u00fac nhanh ch\u00f3ng v\u00e0 an to\u00e0n ch\u1ec9 v\u1edbi m\u1ed9t ch\u1ea1m c\u1ed5 tay (ki\u1ec3m tra kh\u1ea3 n\u0103ng t\u01b0\u01a1ng th\u00edch v\u1edbi ng\u00e2n h\u00e0ng \u0111\u1ecba ph\u01b0\u01a1ng).<\/li>\n<li data-sourcepos=\"51:1-52:0\"><strong>\u0110i\u1ec1u Khi\u1ec3n Nh\u1ea1c:<\/strong> D\u1ec5 d\u00e0ng \u0111i\u1ec1u khi\u1ec3n ph\u00e1t nh\u1ea1c tr\u00ean \u0111i\u1ec7n tho\u1ea1i c\u1ee7a b\u1ea1n t\u1eeb \u0111\u1ed3ng h\u1ed3.<\/li>\n<\/ul>\n<h4 data-sourcepos=\"55:1-55:30\"><strong>Th\u1eddi L\u01b0\u1ee3ng Pin \u01afu Vi\u1ec7t<\/strong><\/h4>\n<ul data-sourcepos=\"57:1-59:0\">\n<li data-sourcepos=\"57:1-57:77\"><strong>Ch\u1ebf \u0110\u1ed9 \u0110\u1ed3ng H\u1ed3 Th\u00f4ng Minh:<\/strong> S\u1eed d\u1ee5ng l\u00ean \u0111\u1ebfn 10 ng\u00e0y ch\u1ec9 v\u1edbi m\u1ed9t l\u1ea7n s\u1ea1c.<\/li>\n<li data-sourcepos=\"58:1-59:0\"><strong>Ch\u1ebf \u0110\u1ed9 GPS:<\/strong> K\u00e9o d\u00e0i \u0111\u1ebfn 15 gi\u1edd khi s\u1eed d\u1ee5ng GPS li\u00ean t\u1ee5c tr\u00ean s\u00e2n golf, \u0111\u1ee7 cho nhi\u1ec1u v\u00f2ng ch\u01a1i m\u00e0 kh\u00f4ng c\u1ea7n lo l\u1eafng v\u1ec1 pin.<\/li>\n<\/ul>\n","protected":false},"excerpt":{"rendered":"<p><strong>\u2282\u2329 B\u1ea2O H\u00c0NH CH\u00cdNH H\u00c3NG 2 N\u0102M \u232a\u2283<\/strong><\/p>\n<p><strong>\u260e Li\u00ean h\u1ec7 t\u01b0 v\u1ea5n : 0972 658 351 \u2013\u00a0 0962 846 820 (g\u1ecdi tr\u1ef1c ti\u1ebfp ho\u1eb7c Zalo).<\/strong><\/p>\n","protected":false},"featured_media":4496,"comment_status":"open","ping_status":"closed","template":"","meta":[],"product_cat":[49,40],"product_tag":[],"class_list":{"0":"post-4495","1":"product","2":"type-product","3":"status-publish","4":"has-post-thumbnail","6":"product_cat-chuyen-golf","7":"product_cat-dong-ho-thong-minh","9":"first","10":"instock","11":"sale","12":"shipping-taxable","13":"purchasable","14":"product-type-variable"},"_links":{"self":[{"href":"https:\/\/gpsgarmin.vn\/index.php?rest_route=\/wp\/v2\/product\/4495","targetHints":{"allow":["GET"]}}],"collection":[{"href":"https:\/\/gpsgarmin.vn\/index.php?rest_route=\/wp\/v2\/product"}],"about":[{"href":"https:\/\/gpsgarmin.vn\/index.php?rest_route=\/wp\/v2\/types\/product"}],"replies":[{"embeddable":true,"href":"https:\/\/gpsgarmin.vn\/index.php?rest_route=%2Fwp%2Fv2%2Fcomments&post=4495"}],"version-history":[{"count":4,"href":"https:\/\/gpsgarmin.vn\/index.php?rest_route=\/wp\/v2\/product\/4495\/revisions"}],"predecessor-version":[{"id":4958,"href":"https:\/\/gpsgarmin.vn\/index.php?rest_route=\/wp\/v2\/product\/4495\/revisions\/4958"}],"wp:featuredmedia":[{"embeddable":true,"href":"https:\/\/gpsgarmin.vn\/index.php?rest_route=\/wp\/v2\/media\/4496"}],"wp:attachment":[{"href":"https:\/\/gpsgarmin.vn\/index.php?rest_route=%2Fwp%2Fv2%2Fmedia&parent=4495"}],"wp:term":[{"taxonomy":"product_cat","embeddable":true,"href":"https:\/\/gpsgarmin.vn\/index.php?rest_route=%2Fwp%2Fv2%2Fproduct_cat&post=4495"},{"taxonomy":"product_tag","embeddable":true,"href":"https:\/\/gpsgarmin.vn\/index.php?rest_route=%2Fwp%2Fv2%2Fproduct_tag&post=4495"}],"curies":[{"name":"wp","href":"https:\/\/api.w.org\/{rel}","templated":true}]}}