{"id":4416,"date":"2025-06-21T11:13:39","date_gmt":"2025-06-21T04:13:39","guid":{"rendered":"https:\/\/gpsgarmin.vn\/?post_type=product&#038;p=4416"},"modified":"2026-02-01T12:00:28","modified_gmt":"2026-02-01T05:00:28","slug":"garmin-instinct-3-solar-50mm","status":"publish","type":"product","link":"https:\/\/gpsgarmin.vn\/?product=garmin-instinct-3-solar-50mm","title":{"rendered":"Garmin Instinct 3 Solar &#8211; 50mm"},"content":{"rendered":"<h3 data-sourcepos=\"5:1-5:80\"><strong>Garmin <a href=\"https:\/\/gpsgarmin.vn\/?product=garmin-instinct-3-solar-50mm\">Instinct 3 Solar<\/a> &#8211; S\u1ee9c B\u1ec1n V\u00f4 H\u1ea1n, N\u0103ng L\u01b0\u1ee3ng B\u1ea5t T\u1eadn<\/strong><\/h3>\n<p data-sourcepos=\"7:1-7:392\">Ch\u00e0o m\u1eebng b\u1ea1n \u0111\u1ebfn v\u1edbi Garmin <a href=\"https:\/\/gpsgarmin.vn\/?product=garmin-instinct-3-solar-50mm\">Instinct 3 Solar<\/a> \u2013 chi\u1ebfc \u0111\u1ed3ng h\u1ed3 th\u00f4ng minh GPS \u0111\u01b0\u1ee3c ch\u1ebf t\u1ea1o \u0111\u1ec3 th\u00e1ch th\u1ee9c m\u1ecdi gi\u1edbi h\u1ea1n, \u0111\u1ed3ng h\u00e0nh c\u00f9ng b\u1ea1n tr\u00ean m\u1ecdi h\u00e0nh tr\u00ecnh kh\u00e1m ph\u00e1. V\u1edbi thi\u1ebft k\u1ebf si\u00eau b\u1ec1n, kh\u1ea3 n\u0103ng s\u1ea1c n\u0103ng l\u01b0\u1ee3ng m\u1eb7t tr\u1eddi \u0111\u1ed9t ph\u00e1 v\u00e0 b\u1ed9 t\u00ednh n\u0103ng theo d\u00f5i s\u1ee9c kh\u1ecfe, th\u1ec3 ch\u1ea5t to\u00e0n di\u1ec7n, <a href=\"https:\/\/gpsgarmin.vn\/?product=garmin-instinct-3-solar-50mm\">Instinct 3 Solar<\/a> l\u00e0 l\u1ef1a ch\u1ecdn ho\u00e0n h\u1ea3o cho nh\u1eefng ng\u01b0\u1eddi y\u00eau th\u00edch phi\u00eau l\u01b0u, th\u1ec3 thao v\u00e0 l\u1ed1i s\u1ed1ng n\u0103ng \u0111\u1ed9ng.<\/p>\n<p data-sourcepos=\"7:1-7:392\"><img fetchpriority=\"high\" decoding=\"async\" class=\"\" src=\"https:\/\/res.garmin.com\/vi_VN\/products\/010-02934-40\/g\/67898-1.jpg\" width=\"390\" height=\"439\" \/><img decoding=\"async\" class=\"\" src=\"https:\/\/res.garmin.com\/vi_VN\/products\/010-02934-40\/g\/67898-2.jpg\" width=\"389\" height=\"438\" \/><img decoding=\"async\" class=\"\" src=\"https:\/\/res.garmin.com\/vi_VN\/products\/010-02934-40\/g\/67898-5.jpg\" width=\"390\" height=\"439\" \/><\/p>\n<p data-sourcepos=\"9:1-9:47\"><strong>Thi\u1ebft K\u1ebf \u0110\u1ec9nh Cao &#8211; V\u01b0\u1ee3t Qua M\u1ecdi Th\u1eed Th\u00e1ch:<\/strong><\/p>\n<ul data-sourcepos=\"11:1-15:0\">\n<li data-sourcepos=\"11:1-11:174\"><strong>\u0110\u1ed9 B\u1ec1n Chu\u1ea9n Qu\u00e2n \u0110\u1ed9i (MIL-STD-810G):<\/strong> \u0110\u01b0\u1ee3c s\u1ea3n xu\u1ea5t theo ti\u00eau chu\u1ea9n qu\u00e2n \u0111\u1ed9i Hoa K\u1ef3, <a href=\"https:\/\/gpsgarmin.vn\/?product=garmin-instinct-3-solar-50mm\">Instinct 3 Solar<\/a> c\u00f3 kh\u1ea3 n\u0103ng ch\u1ed1ng ch\u1ecbu va \u0111\u1eadp, nhi\u1ec7t \u0111\u1ed9 kh\u1eafc nghi\u1ec7t v\u00e0 \u00e1p l\u1ef1c cao.<\/li>\n<li data-sourcepos=\"12:1-12:165\"><strong>V\u1eadt Li\u1ec7u Cao C\u1ea5p:<\/strong> V\u1ecf l\u00e0m t\u1eeb polymer composite gia c\u1ed1 s\u1ee3i k\u1ebft h\u1ee3p v\u1edbi vi\u1ec1n kim lo\u1ea1i v\u00e0 m\u1eb7t k\u00ednh c\u01b0\u1eddng l\u1ef1c h\u00f3a h\u1ecdc, \u0111\u1ea3m b\u1ea3o \u0111\u1ed9 b\u1ec1n v\u01b0\u1ee3t tr\u1ed9i trong m\u1ecdi \u0111i\u1ec1u ki\u1ec7n.<\/li>\n<li data-sourcepos=\"13:1-13:110\"><strong>Ch\u1ed1ng N\u01b0\u1edbc 10 ATM:<\/strong> An to\u00e0n khi b\u01a1i l\u1ed9i, t\u1eafm v\u00f2i sen v\u00e0 c\u00e1c ho\u1ea1t \u0111\u1ed9ng d\u01b0\u1edbi n\u01b0\u1edbc \u1edf \u0111\u1ed9 s\u00e2u l\u00ean \u0111\u1ebfn 100 m\u00e9t.<\/li>\n<li data-sourcepos=\"14:1-15:0\"><strong>M\u00e0n H\u00ecnh MIP S\u1eafc N\u00e9t:<\/strong> M\u00e0n h\u00ecnh Memory-in-Pixel (MIP) hi\u1ec3n th\u1ecb r\u00f5 r\u00e0ng, d\u1ec5 \u0111\u1ecdc ngay c\u1ea3 d\u01b0\u1edbi \u00e1nh s\u00e1ng m\u1eb7t tr\u1eddi tr\u1ef1c ti\u1ebfp, t\u1ed1i \u01b0u cho vi\u1ec7c s\u1eed d\u1ee5ng ngo\u00e0i tr\u1eddi.<\/li>\n<\/ul>\n<p data-sourcepos=\"16:1-16:46\"><strong>N\u0103ng L\u01b0\u1ee3ng M\u1eb7t Tr\u1eddi &#8211; Pin K\u00e9o D\u00e0i B\u1ea5t T\u1eadn:<\/strong><\/p>\n<ul data-sourcepos=\"18:1-20:0\">\n<li data-sourcepos=\"18:1-18:195\"><strong>C\u00f4ng Ngh\u1ec7 S\u1ea1c N\u0103ng L\u01b0\u1ee3ng M\u1eb7t Tr\u1eddi Ti\u00ean Ti\u1ebfn:<\/strong> T\u00edch h\u1ee3p th\u1ea5u k\u00ednh s\u1ea1c n\u0103ng l\u01b0\u1ee3ng m\u1eb7t tr\u1eddi Power Glass\u2122, gi\u00fap k\u00e9o d\u00e0i \u0111\u00e1ng k\u1ec3 th\u1eddi l\u01b0\u1ee3ng pin, cho ph\u00e9p b\u1ea1n kh\u00e1m ph\u00e1 l\u00e2u h\u01a1n m\u00e0 kh\u00f4ng lo h\u1ebft pin.<\/li>\n<li data-sourcepos=\"19:1-20:0\"><strong>Th\u1eddi L\u01b0\u1ee3ng Pin V\u01b0\u1ee3t Tr\u1ed9i:<\/strong> T\u00f9y thu\u1ed9c v\u00e0o ch\u1ebf \u0111\u1ed9 s\u1eed d\u1ee5ng, \u0111\u1ed3ng h\u1ed3 c\u00f3 th\u1ec3 ho\u1ea1t \u0111\u1ed9ng li\u00ean t\u1ee5c trong nhi\u1ec1u tu\u1ea7n, th\u1eadm ch\u00ed nhi\u1ec1u th\u00e1ng khi \u0111\u01b0\u1ee3c s\u1ea1c \u0111\u1ea7y \u0111\u1ee7 b\u1eb1ng n\u0103ng l\u01b0\u1ee3ng m\u1eb7t tr\u1eddi.<\/li>\n<\/ul>\n<p data-sourcepos=\"21:1-21:47\"><strong>Theo D\u00f5i S\u1ee9c Kh\u1ecfe &amp; Th\u1ec3 Ch\u1ea5t To\u00e0n Di\u1ec7n:<\/strong><\/p>\n<ul data-sourcepos=\"23:1-30:0\">\n<li data-sourcepos=\"23:1-23:129\"><strong>C\u1ea3m Bi\u1ebfn Nh\u1ecbp Tim Elevate V4:<\/strong> Theo d\u00f5i nh\u1ecbp tim quang h\u1ecdc ti\u00ean ti\u1ebfn th\u1ebf h\u1ec7 th\u1ee9 4, cung c\u1ea5p d\u1eef li\u1ec7u nh\u1ecbp tim ch\u00ednh x\u00e1c 24\/7.<\/li>\n<li data-sourcepos=\"24:1-24:117\"><strong>C\u1ea3m Bi\u1ebfn Pulse Ox:<\/strong> \u0110o n\u1ed3ng \u0111\u1ed9 oxy trong m\u00e1u (SpO2) c\u1ea3 ng\u00e0y v\u00e0 trong khi ng\u1ee7, gi\u00fap b\u1ea1n theo d\u00f5i s\u1ee9c kh\u1ecfe h\u00f4 h\u1ea5p.<\/li>\n<li data-sourcepos=\"25:1-25:147\"><strong>Theo D\u00f5i Gi\u1ea5c Ng\u1ee7 N\u00e2ng Cao:<\/strong> Ph\u00e2n t\u00edch chi ti\u1ebft c\u00e1c giai \u0111o\u1ea1n ng\u1ee7 (ng\u1ee7 n\u00f4ng, ng\u1ee7 s\u00e2u, REM), \u0111i\u1ec3m s\u1ed1 gi\u1ea5c ng\u1ee7 v\u00e0 \u0111\u01b0a ra l\u1eddi khuy\u00ean c\u00e1 nh\u00e2n h\u00f3a.<\/li>\n<li data-sourcepos=\"26:1-26:102\"><strong>Theo D\u00f5i M\u1ee9c \u0110\u1ed9 Stress:<\/strong> Gi\u00e1m s\u00e1t m\u1ee9c \u0111\u1ed9 c\u0103ng th\u1eb3ng c\u1ee7a c\u01a1 th\u1ec3 v\u00e0 g\u1ee3i \u00fd c\u00e1c b\u00e0i t\u1eadp th\u1edf th\u01b0 gi\u00e3n.<\/li>\n<li data-sourcepos=\"27:1-27:178\"><strong>Ch\u1ec9 S\u1ed1 N\u0103ng L\u01b0\u1ee3ng Body Battery\u2122:<\/strong> \u0110\u00e1nh gi\u00e1 m\u1ee9c n\u0103ng l\u01b0\u1ee3ng d\u1ef1 tr\u1eef c\u1ee7a c\u01a1 th\u1ec3 d\u1ef1a tr\u00ean ho\u1ea1t \u0111\u1ed9ng, c\u0103ng th\u1eb3ng v\u00e0 gi\u1ea5c ng\u1ee7, gi\u00fap b\u1ea1n t\u1ed1i \u01b0u h\u00f3a th\u1eddi gian ngh\u1ec9 ng\u01a1i v\u00e0 t\u1eadp luy\u1ec7n.<\/li>\n<li data-sourcepos=\"28:1-28:78\"><strong>Theo D\u00f5i S\u1ee9c Kh\u1ecfe Ph\u1ee5 N\u1eef:<\/strong> H\u1ed7 tr\u1ee3 theo d\u00f5i chu k\u1ef3 kinh nguy\u1ec7t v\u00e0 thai k\u1ef3.<\/li>\n<li data-sourcepos=\"29:1-30:0\"><strong>\u0110\u1ebfm S\u1ed1 B\u01b0\u1edbc, Calories \u0110\u1ed1t Ch\u00e1y, Qu\u00e3ng \u0110\u01b0\u1eddng:<\/strong> C\u00e1c ch\u1ec9 s\u1ed1 ho\u1ea1t \u0111\u1ed9ng h\u00e0ng ng\u00e0y lu\u00f4n \u0111\u01b0\u1ee3c c\u1eadp nh\u1eadt.<\/li>\n<\/ul>\n<p data-sourcepos=\"31:1-31:46\"><strong>\u0110\u1ecbnh V\u1ecb &amp; H\u1ed7 Tr\u1ee3 T\u1eadp Luy\u1ec7n Chuy\u00ean S\u00e2u:<\/strong><\/p>\n<ul data-sourcepos=\"33:1-40:0\">\n<li data-sourcepos=\"33:1-33:200\"><strong>GPS \u0110a B\u0103ng T\u1ea7n:<\/strong> H\u1ed7 tr\u1ee3 nhi\u1ec1u h\u1ec7 th\u1ed1ng v\u1ec7 tinh \u0111\u1ecbnh v\u1ecb to\u00e0n c\u1ea7u (GPS, GLONASS, Galileo) v\u1edbi kh\u1ea3 n\u0103ng \u0111\u1ecbnh v\u1ecb \u0111a b\u0103ng t\u1ea7n, mang l\u1ea1i \u0111\u1ed9 ch\u00ednh x\u00e1c v\u01b0\u1ee3t tr\u1ed9i ngay c\u1ea3 trong nh\u1eefng m\u00f4i tr\u01b0\u1eddng kh\u00f3 kh\u0103n.<\/li>\n<li data-sourcepos=\"34:1-34:143\"><strong>H\u01a1n 30 Ch\u1ebf \u0110\u1ed9 Th\u1ec3 Thao T\u00edch H\u1ee3p:<\/strong> Bao g\u1ed3m ch\u1ea1y b\u1ed9, \u0111i b\u1ed9 \u0111\u01b0\u1eddng d\u00e0i, \u0111\u1ea1p xe, b\u01a1i l\u1ed9i, yoga, Pilates, leo n\u00fai, tr\u01b0\u1ee3t tuy\u1ebft v\u00e0 nhi\u1ec1u h\u01a1n n\u1eefa.<\/li>\n<li data-sourcepos=\"35:1-35:89\"><strong>PacePro\u2122:<\/strong> Gi\u00fap b\u1ea1n duy tr\u00ec t\u1ed1c \u0111\u1ed9 l\u00fd t\u01b0\u1edfng tr\u00ean c\u00e1c \u0111\u1ecba h\u00ecnh kh\u00e1c nhau khi ch\u1ea1y b\u1ed9.<\/li>\n<li data-sourcepos=\"36:1-36:106\"><strong>ClimbPro\u2122:<\/strong> Cung c\u1ea5p th\u00f4ng tin chi ti\u1ebft v\u1ec1 c\u00e1c \u0111o\u1ea1n leo d\u1ed1c hi\u1ec7n t\u1ea1i v\u00e0 s\u1eafp t\u1edbi tr\u00ean l\u1ed9 tr\u00ecnh \u0111\u00e3 t\u1ea3i.<\/li>\n<li data-sourcepos=\"37:1-37:81\"><strong>B\u1ea3n \u0110\u1ed3 S\u00e2n Golf:<\/strong> T\u1ea3i s\u1eb5n b\u1ea3n \u0111\u1ed3 c\u1ee7a h\u01a1n 42.000 s\u00e2n golf tr\u00ean to\u00e0n th\u1ebf gi\u1edbi.<\/li>\n<li data-sourcepos=\"38:1-38:122\"><strong>Stamina (S\u1ee9c B\u1ec1n):<\/strong> \u01af\u1edbc t\u00ednh n\u0103ng l\u01b0\u1ee3ng c\u00f2n l\u1ea1i c\u1ee7a b\u1ea1n trong qu\u00e1 tr\u00ecnh t\u1eadp luy\u1ec7n, gi\u00fap b\u1ea1n qu\u1ea3n l\u00fd s\u1ee9c b\u1ec1n hi\u1ec7u qu\u1ea3.<\/li>\n<li data-sourcepos=\"39:1-40:0\"><strong>TracBack\u00ae:<\/strong> D\u1eabn \u0111\u01b0\u1eddng b\u1ea1n tr\u1edf v\u1ec1 \u0111i\u1ec3m xu\u1ea5t ph\u00e1t theo c\u00f9ng m\u1ed9t l\u1ed9 tr\u00ecnh.<\/li>\n<\/ul>\n<p data-sourcepos=\"41:1-41:48\"><strong>K\u1ebft N\u1ed1i Th\u00f4ng Minh &amp; Ti\u1ec7n \u00cdch H\u00e0ng Ng\u00e0y:<\/strong><\/p>\n<ul data-sourcepos=\"43:1-47:0\">\n<li data-sourcepos=\"43:1-43:172\"><strong>Th\u00f4ng B\u00e1o Th\u00f4ng Minh:<\/strong> Nh\u1eadn cu\u1ed9c g\u1ecdi, tin nh\u1eafn, email v\u00e0 c\u00e1c th\u00f4ng b\u00e1o t\u1eeb \u1ee9ng d\u1ee5ng ngay tr\u00ean c\u1ed5 tay khi k\u1ebft n\u1ed1i v\u1edbi \u0111i\u1ec7n tho\u1ea1i th\u00f4ng minh (t\u01b0\u01a1ng th\u00edch Android v\u00e0 iOS).<\/li>\n<li data-sourcepos=\"44:1-44:103\"><strong>Garmin Pay\u2122:<\/strong> Th\u1ef1c hi\u1ec7n thanh to\u00e1n kh\u00f4ng ti\u1ebfp x\u00fac nhanh ch\u00f3ng v\u00e0 ti\u1ec7n l\u1ee3i ch\u1ec9 v\u1edbi m\u1ed9t ch\u1ea1m c\u1ed5 tay.<\/li>\n<li data-sourcepos=\"45:1-45:138\"><strong>\u0110i\u1ec1u Khi\u1ec3n Nh\u1ea1c &amp; L\u01b0u Tr\u1eef Ngo\u1ea1i Tuy\u1ebfn:<\/strong> \u0110i\u1ec1u khi\u1ec3n ph\u00e1t nh\u1ea1c tr\u00ean \u0111i\u1ec7n tho\u1ea1i v\u00e0 kh\u1ea3 n\u0103ng l\u01b0u tr\u1eef, ph\u00e1t nh\u1ea1c tr\u1ef1c ti\u1ebfp t\u1eeb \u0111\u1ed3ng h\u1ed3.<\/li>\n<li data-sourcepos=\"46:1-47:0\"><strong>T\u00ednh N\u0103ng An To\u00e0n &amp; Theo D\u00f5i:<\/strong> G\u1eedi v\u1ecb tr\u00ed c\u1ee7a b\u1ea1n \u0111\u1ebfn c\u00e1c li\u00ean h\u1ec7 kh\u1ea9n c\u1ea5p trong tr\u01b0\u1eddng h\u1ee3p c\u1ea7n thi\u1ebft.<\/li>\n<\/ul>\n","protected":false},"excerpt":{"rendered":"<p><strong>\u2282\u2329 B\u1ea2O H\u00c0NH CH\u00cdNH H\u00c3NG 2 N\u0102M \u232a\u2283<\/strong><\/p>\n<p><strong>\u260e Li\u00ean h\u1ec7 t\u01b0 v\u1ea5n : 0972 658 351 \u2013\u00a0 0962 846 820 (g\u1ecdi tr\u1ef1c ti\u1ebfp ho\u1eb7c Zalo).<\/strong><\/p>\n","protected":false},"featured_media":4423,"comment_status":"open","ping_status":"closed","template":"","meta":[],"product_cat":[40,53,47],"product_tag":[],"class_list":{"0":"post-4416","1":"product","2":"type-product","3":"status-publish","4":"has-post-thumbnail","6":"product_cat-dong-ho-thong-minh","7":"product_cat-instinct","8":"product_cat-the-thao-va-suc-khoe","10":"first","11":"instock","12":"sale","13":"shipping-taxable","14":"purchasable","15":"product-type-variable"},"_links":{"self":[{"href":"https:\/\/gpsgarmin.vn\/index.php?rest_route=\/wp\/v2\/product\/4416","targetHints":{"allow":["GET"]}}],"collection":[{"href":"https:\/\/gpsgarmin.vn\/index.php?rest_route=\/wp\/v2\/product"}],"about":[{"href":"https:\/\/gpsgarmin.vn\/index.php?rest_route=\/wp\/v2\/types\/product"}],"replies":[{"embeddable":true,"href":"https:\/\/gpsgarmin.vn\/index.php?rest_route=%2Fwp%2Fv2%2Fcomments&post=4416"}],"version-history":[{"count":4,"href":"https:\/\/gpsgarmin.vn\/index.php?rest_route=\/wp\/v2\/product\/4416\/revisions"}],"predecessor-version":[{"id":4963,"href":"https:\/\/gpsgarmin.vn\/index.php?rest_route=\/wp\/v2\/product\/4416\/revisions\/4963"}],"wp:featuredmedia":[{"embeddable":true,"href":"https:\/\/gpsgarmin.vn\/index.php?rest_route=\/wp\/v2\/media\/4423"}],"wp:attachment":[{"href":"https:\/\/gpsgarmin.vn\/index.php?rest_route=%2Fwp%2Fv2%2Fmedia&parent=4416"}],"wp:term":[{"taxonomy":"product_cat","embeddable":true,"href":"https:\/\/gpsgarmin.vn\/index.php?rest_route=%2Fwp%2Fv2%2Fproduct_cat&post=4416"},{"taxonomy":"product_tag","embeddable":true,"href":"https:\/\/gpsgarmin.vn\/index.php?rest_route=%2Fwp%2Fv2%2Fproduct_tag&post=4416"}],"curies":[{"name":"wp","href":"https:\/\/api.w.org\/{rel}","templated":true}]}}