{"id":4360,"date":"2025-06-21T09:54:44","date_gmt":"2025-06-21T02:54:44","guid":{"rendered":"https:\/\/gpsgarmin.vn\/?post_type=product&#038;p=4360"},"modified":"2025-09-25T15:13:14","modified_gmt":"2025-09-25T08:13:14","slug":"garmin-lily-2-active","status":"publish","type":"product","link":"https:\/\/gpsgarmin.vn\/?product=garmin-lily-2-active","title":{"rendered":"Garmin Lily 2 Active"},"content":{"rendered":"<h3 data-sourcepos=\"5:1-5:85\"><strong>Garmin <a href=\"https:\/\/gpsgarmin.vn\/?product=garmin-lily-2-active\">Lily 2 Active<\/a> &#8211; Phong c\u00e1ch N\u0103ng \u0111\u1ed9ng, Th\u00f4ng minh V\u01b0\u1ee3t tr\u1ed9i<\/strong><\/h3>\n<p data-sourcepos=\"7:1-7:372\">Ch\u00e0o m\u1eebng b\u1ea1n \u0111\u1ebfn v\u1edbi Garmin <a href=\"https:\/\/gpsgarmin.vn\/?product=garmin-lily-2-active\">Lily 2 Active<\/a> \u2013 chi\u1ebfc \u0111\u1ed3ng h\u1ed3 th\u00f4ng minh d\u00e0nh ri\u00eang cho ph\u00e1i n\u1eef, k\u1ebft h\u1ee3p ho\u00e0n h\u1ea3o gi\u1eefa phong c\u00e1ch thanh l\u1ecbch v\u00e0 c\u00f4ng ngh\u1ec7 ti\u00ean ti\u1ebfn. V\u1edbi thi\u1ebft k\u1ebf nh\u1ecf g\u1ecdn, tinh t\u1ebf c\u00f9ng c\u00e1c t\u00ednh n\u0103ng theo d\u00f5i s\u1ee9c kh\u1ecfe v\u00e0 th\u1ec3 ch\u1ea5t to\u00e0n di\u1ec7n, <a href=\"https:\/\/gpsgarmin.vn\/?product=garmin-lily-2-active\">Lily 2 Active<\/a> l\u00e0 ng\u01b0\u1eddi b\u1ea1n \u0111\u1ed3ng h\u00e0nh l\u00fd t\u01b0\u1edfng, gi\u00fap b\u1ea1n lu\u00f4n t\u1ef1 tin, n\u0103ng \u0111\u1ed9ng v\u00e0 ki\u1ec3m so\u00e1t cu\u1ed9c s\u1ed1ng m\u1ed9t c\u00e1ch hi\u1ec7u qu\u1ea3.<\/p>\n<p data-sourcepos=\"7:1-7:372\"><img fetchpriority=\"high\" decoding=\"async\" class=\"\" src=\"https:\/\/res.garmin.com\/vi_VN\/products\/010-02891-52\/g\/lily2avtive-feature-vn-04.jpg\" width=\"391\" height=\"391\" \/><img decoding=\"async\" class=\"\" src=\"https:\/\/res.garmin.com\/vi_VN\/products\/010-02891-52\/g\/lily2avtive-feature-vn-05.jpg\" width=\"390\" height=\"390\" \/><img decoding=\"async\" class=\"\" src=\"https:\/\/res.garmin.com\/en\/products\/010-02891-00\/g\/68855-GARMIN-PAY.jpg\" width=\"391\" height=\"391\" \/><\/p>\n<p data-sourcepos=\"9:1-9:41\"><strong>Thi\u1ebft K\u1ebf \u0110\u1ed9t Ph\u00e1, Phong C\u00e1ch C\u00e1 Nh\u00e2n:<\/strong><\/p>\n<ul data-sourcepos=\"11:1-14:0\">\n<li data-sourcepos=\"11:1-11:248\"><strong>V\u1ebb Ngo\u00e0i Tinh T\u1ebf, Nh\u1ecf G\u1ecdn:<\/strong> <a href=\"https:\/\/gpsgarmin.vn\/?product=garmin-lily-2-active\">Lily 2 Active<\/a> s\u1edf h\u1eefu m\u1eb7t \u0111\u1ed3ng h\u1ed3 ch\u1ec9 35mm, mang \u0111\u1ebfn v\u1ebb \u0111\u1eb9p nh\u1eb9 nh\u00e0ng, ph\u00f9 h\u1ee3p v\u1edbi m\u1ecdi k\u00edch th\u01b0\u1edbc c\u1ed5 tay. Thi\u1ebft k\u1ebf \u1ea9n m\u00e0n h\u00ecnh c\u1ea3m \u1ee9ng gi\u00fap \u0111\u1ed3ng h\u1ed3 tr\u00f4ng nh\u01b0 m\u1ed9t m\u00f3n trang s\u1ee9c thanh l\u1ecbch khi m\u00e0n h\u00ecnh kh\u00f4ng ho\u1ea1t \u0111\u1ed9ng.<\/li>\n<li data-sourcepos=\"12:1-12:158\"><strong>M\u00e0n H\u00ecnh S\u00e1ng R\u00f5, D\u1ec5 \u0110\u1ecdc:<\/strong> M\u00e0n h\u00ecnh c\u1ea3m \u1ee9ng \u0111\u01a1n s\u1eafc s\u00e1ng r\u00f5, d\u1ec5 \u0111\u1ecdc d\u01b0\u1edbi m\u1ecdi \u0111i\u1ec1u ki\u1ec7n \u00e1nh s\u00e1ng, gi\u00fap b\u1ea1n d\u1ec5 d\u00e0ng truy c\u1eadp th\u00f4ng tin ch\u1ec9 v\u1edbi m\u1ed9t c\u00fa ch\u1ea1m.<\/li>\n<li data-sourcepos=\"13:1-14:0\"><strong>D\u00e2y \u0110eo \u0110a D\u1ea1ng, Th\u1ec3 Hi\u1ec7n C\u00e1 T\u00ednh:<\/strong> T\u00f9y ch\u1ecdn d\u00e2y \u0111eo silicon m\u1ec1m m\u1ea1i, tho\u1ea3i m\u00e1i cho c\u00e1c ho\u1ea1t \u0111\u1ed9ng h\u00e0ng ng\u00e0y v\u00e0 t\u1eadp luy\u1ec7n. D\u1ec5 d\u00e0ng thay \u0111\u1ed5i d\u00e2y \u0111eo \u0111\u1ec3 ph\u00f9 h\u1ee3p v\u1edbi trang ph\u1ee5c v\u00e0 t\u00e2m tr\u1ea1ng c\u1ee7a b\u1ea1n.<\/li>\n<\/ul>\n<p data-sourcepos=\"15:1-15:68\"><strong>T\u00ednh N\u0103ng S\u1ee9c Kh\u1ecfe To\u00e0n Di\u1ec7n &#8211; Ng\u01b0\u1eddi B\u1ea1n \u0110\u1ed3ng H\u00e0nh \u0110\u00e1ng Tin C\u1eady:<\/strong><\/p>\n<ul data-sourcepos=\"17:1-26:0\">\n<li data-sourcepos=\"17:1-17:179\"><strong>Theo D\u00f5i Nh\u1ecbp Tim C\u1ea3 Ng\u00e0y:<\/strong> <a href=\"https:\/\/gpsgarmin.vn\/?product=garmin-lily-2-active\">Lily 2 Active<\/a> li\u00ean t\u1ee5c theo d\u00f5i nh\u1ecbp tim c\u1ee7a b\u1ea1n, c\u1ea3nh b\u00e1o khi nh\u1ecbp tim qu\u00e1 cao ho\u1eb7c qu\u00e1 th\u1ea5p, gi\u00fap b\u1ea1n hi\u1ec3u r\u00f5 h\u01a1n v\u1ec1 s\u1ee9c kh\u1ecfe tim m\u1ea1ch c\u1ee7a m\u00ecnh.<\/li>\n<li data-sourcepos=\"18:1-18:229\"><strong>Ch\u1ea5m \u0110i\u1ec3m Gi\u1ea5c Ng\u1ee7 &amp; G\u1ee3i \u00dd C\u00e1 Nh\u00e2n:<\/strong> Hi\u1ec3u r\u00f5 ch\u1ea5t l\u01b0\u1ee3ng gi\u1ea5c ng\u1ee7 c\u1ee7a b\u1ea1n qua c\u00e1c giai \u0111o\u1ea1n ng\u1ee7 n\u00f4ng, ng\u1ee7 s\u00e2u, REM v\u00e0 t\u00ecnh tr\u1ea1ng t\u1ec9nh gi\u1ea5c. Nh\u1eadn \u0111i\u1ec3m s\u1ed1 gi\u1ea5c ng\u1ee7 chi ti\u1ebft v\u00e0 nh\u1eefng l\u1eddi khuy\u00ean h\u1eefu \u00edch \u0111\u1ec3 c\u1ea3i thi\u1ec7n gi\u1ea5c ng\u1ee7.<\/li>\n<li data-sourcepos=\"19:1-20:165\"><strong>Theo D\u00f5i N\u0103ng L\u01b0\u1ee3ng Body Battery\u2122:<\/strong> C\u00f4ng c\u1ee5 \u0111\u1ed9c quy\u1ec1n c\u1ee7a Garmin gi\u00fap b\u1ea1n theo d\u00f5i m\u1ee9c n\u0103ng l\u01b0\u1ee3ng c\u01a1 th\u1ec3, cho bi\u1ebft th\u1eddi \u0111i\u1ec3m t\u1ed1t nh\u1ea5t \u0111\u1ec3 ho\u1ea1t \u0111\u1ed9ng v\u00e0 ngh\u1ec9 ng\u01a1i.\n<ul data-sourcepos=\"20:5-20:165\">\n<li data-sourcepos=\"20:5-20:165\"><strong>Th\u1ebf h\u1ec7 m\u1edbi b\u1ed5 sung t\u00ednh n\u0103ng &#8220;Sleep Coaching&#8221;<\/strong>: Gi\u00fap b\u1ea1n hi\u1ec3u r\u00f5 h\u01a1n v\u1ec1 ch\u1ea5t l\u01b0\u1ee3ng gi\u1ea5c ng\u1ee7 c\u1ee7a m\u00ecnh v\u00e0 \u0111\u01b0a ra l\u1eddi khuy\u00ean c\u00e1 nh\u00e2n h\u00f3a \u0111\u1ec3 c\u1ea3i thi\u1ec7n gi\u1ea5c ng\u1ee7.<\/li>\n<\/ul>\n<\/li>\n<li data-sourcepos=\"21:1-21:143\"><strong>Theo D\u00f5i M\u1ee9c \u0110\u1ed9 Stress:<\/strong> <a href=\"https:\/\/gpsgarmin.vn\/?product=garmin-lily-2-active\">Lily 2 Active<\/a> ph\u00e2n t\u00edch m\u1ee9c \u0111\u1ed9 c\u0103ng th\u1eb3ng c\u1ee7a b\u1ea1n v\u00e0 g\u1ee3i \u00fd c\u00e1c b\u00e0i t\u1eadp th\u1edf th\u01b0 gi\u00e3n \u0111\u1ec3 gi\u00fap b\u1ea1n c\u00e2n b\u1eb1ng c\u1ea3m x\u00fac.<\/li>\n<li data-sourcepos=\"22:1-22:195\"><strong>Theo D\u00f5i Chu K\u1ef3 Kinh Nguy\u1ec7t &amp; Thai K\u1ef3:<\/strong> D\u00e0nh ri\u00eang cho ph\u00e1i n\u1eef, t\u00ednh n\u0103ng n\u00e0y gi\u00fap b\u1ea1n theo d\u00f5i v\u00e0 ghi l\u1ea1i c\u00e1c tri\u1ec7u ch\u1ee9ng, d\u1ef1 \u0111o\u00e1n chu k\u1ef3 ti\u1ebfp theo v\u00e0 qu\u1ea3n l\u00fd thai k\u1ef3 m\u1ed9t c\u00e1ch ti\u1ec7n l\u1ee3i.<\/li>\n<li data-sourcepos=\"23:1-23:148\"><strong>C\u1ea3m Bi\u1ebfn Pulse Ox:<\/strong> \u0110o n\u1ed3ng \u0111\u1ed9 oxy trong m\u00e1u (SpO2) c\u1ea3 ng\u00e0y ho\u1eb7c trong gi\u1ea5c ng\u1ee7, cung c\u1ea5p th\u00eam th\u00f4ng tin quan tr\u1ecdng v\u1ec1 s\u1ee9c kh\u1ecfe h\u00f4 h\u1ea5p c\u1ee7a b\u1ea1n.<\/li>\n<li data-sourcepos=\"24:1-24:124\"><strong>Theo D\u00f5i Qu\u00e1 Tr\u00ecnh H\u1ea5p Th\u1ee5 N\u01b0\u1edbc:<\/strong> Ghi l\u1ea1i l\u01b0\u1ee3ng n\u01b0\u1edbc b\u1ea1n u\u1ed1ng h\u00e0ng ng\u00e0y v\u00e0 \u0111\u1eb7t m\u1ee5c ti\u00eau \u0111\u1ec3 \u0111\u1ea3m b\u1ea3o c\u01a1 th\u1ec3 lu\u00f4n \u0111\u1ee7 n\u01b0\u1edbc.<\/li>\n<li data-sourcepos=\"25:1-26:0\"><strong>T\u00ednh N\u0103ng Age:<\/strong> \u01af\u1edbc t\u00ednh \u0111\u1ed9 tu\u1ed5i th\u1ec3 ch\u1ea5t c\u1ee7a b\u1ea1n so v\u1edbi \u0111\u1ed9 tu\u1ed5i th\u1ef1c, d\u1ef1a tr\u00ean c\u00e1c ho\u1ea1t \u0111\u1ed9ng v\u00e0 d\u1eef li\u1ec7u s\u1ee9c kh\u1ecfe kh\u00e1c.<\/li>\n<\/ul>\n<p data-sourcepos=\"27:1-27:47\"><strong>T\u1eadp Luy\u1ec7n Hi\u1ec7u Qu\u1ea3 &#8211; V\u01b0\u1ee3t Qua M\u1ecdi Gi\u1edbi H\u1ea1n:<\/strong><\/p>\n<ul data-sourcepos=\"29:1-33:0\">\n<li data-sourcepos=\"29:1-29:181\"><strong>H\u01a1n 10 \u1ee8ng D\u1ee5ng Th\u1ec3 Thao T\u00edch H\u1ee3p S\u1eb5n:<\/strong> Bao g\u1ed3m \u0111i b\u1ed9, ch\u1ea1y b\u1ed9, \u0111\u1ea1p xe, yoga, Pilates, cardio, t\u1eadp t\u1ea1, v\u00e0 nhi\u1ec1u m\u00f4n kh\u00e1c. Cho ph\u00e9p b\u1ea1n ghi l\u1ea1i m\u1ecdi ho\u1ea1t \u0111\u1ed9ng m\u1ed9t c\u00e1ch ch\u00ednh x\u00e1c.<\/li>\n<li data-sourcepos=\"30:1-30:177\"><strong>GPS K\u1ebft N\u1ed1i (Connected GPS):<\/strong> K\u1ebft n\u1ed1i v\u1edbi GPS tr\u00ean \u0111i\u1ec7n tho\u1ea1i th\u00f4ng minh \u0111\u1ec3 theo d\u00f5i ch\u00ednh x\u00e1c qu\u00e3ng \u0111\u01b0\u1eddng, t\u1ed1c \u0111\u1ed9 v\u00e0 nh\u1ecbp \u0111\u1ed9 khi b\u1ea1n \u0111i b\u1ed9, ch\u1ea1y b\u1ed9 ho\u1eb7c \u0111\u1ea1p xe ngo\u00e0i tr\u1eddi.<\/li>\n<li data-sourcepos=\"31:1-31:138\"><strong>\u0110\u1ebfm S\u1ed1 B\u01b0\u1edbc, Calories \u0110\u1ed1t Ch\u00e1y, Qu\u00e3ng \u0110\u01b0\u1eddng:<\/strong> Theo d\u00f5i c\u00e1c ch\u1ec9 s\u1ed1 c\u01a1 b\u1ea3n v\u1ec1 ho\u1ea1t \u0111\u1ed9ng h\u00e0ng ng\u00e0y, gi\u00fap b\u1ea1n duy tr\u00ec l\u1ed1i s\u1ed1ng n\u0103ng \u0111\u1ed9ng.<\/li>\n<li data-sourcepos=\"32:1-33:0\"><strong>Ph\u00e1t Hi\u1ec7n Ho\u1ea1t \u0110\u1ed9ng B\u1ea5t Th\u01b0\u1eddng (Move IQ):<\/strong> T\u1ef1 \u0111\u1ed9ng nh\u1eadn di\u1ec7n v\u00e0 ghi l\u1ea1i c\u00e1c ho\u1ea1t \u0111\u1ed9ng nh\u01b0 \u0111i b\u1ed9, ch\u1ea1y b\u1ed9, b\u01a1i l\u1ed9i m\u00e0 kh\u00f4ng c\u1ea7n b\u1ea1n ph\u1ea3i thao t\u00e1c.<\/li>\n<\/ul>\n<p data-sourcepos=\"34:1-34:48\"><strong>K\u1ebft N\u1ed1i Th\u00f4ng Minh &#8211; Ti\u1ec7n L\u1ee3i Trong T\u1ea7m Tay:<\/strong><\/p>\n<ul data-sourcepos=\"36:1-43:0\">\n<li data-sourcepos=\"36:1-36:145\"><strong>Th\u00f4ng B\u00e1o Th\u00f4ng Minh:<\/strong> Nh\u1eadn th\u00f4ng b\u00e1o cu\u1ed9c g\u1ecdi, tin nh\u1eafn, email v\u00e0 c\u00e1c \u1ee9ng d\u1ee5ng kh\u00e1c ngay tr\u00ean c\u1ed5 tay khi k\u1ebft n\u1ed1i v\u1edbi \u0111i\u1ec7n tho\u1ea1i th\u00f4ng minh.<\/li>\n<li data-sourcepos=\"37:1-37:112\"><strong>T\u00ecm \u0110i\u1ec7n Tho\u1ea1i\/T\u00ecm \u0110\u1ed3ng H\u1ed3:<\/strong> D\u1ec5 d\u00e0ng t\u00ecm th\u1ea5y \u0111i\u1ec7n tho\u1ea1i ho\u1eb7c \u0111\u1ed3ng h\u1ed3 c\u1ee7a b\u1ea1n n\u1ebfu \u0111\u1ec3 qu\u00ean \u0111\u00e2u \u0111\u00f3 trong nh\u00e0.<\/li>\n<li data-sourcepos=\"38:1-40:130\"><strong>T\u00ednh N\u0103ng An To\u00e0n v\u00e0 Theo D\u00f5i:<\/strong>\n<ul data-sourcepos=\"39:5-40:130\">\n<li data-sourcepos=\"39:5-39:143\"><strong>Ph\u00e1t hi\u1ec7n s\u1ef1 c\u1ed1 v\u00e0 H\u1ed7 tr\u1ee3 kh\u1ea9n c\u1ea5p:<\/strong> Trong tr\u01b0\u1eddng h\u1ee3p kh\u1ea9n c\u1ea5p, <a href=\"https:\/\/gpsgarmin.vn\/?product=garmin-lily-2-active\">Lily 2 Active<\/a> c\u00f3 th\u1ec3 g\u1eedi v\u1ecb tr\u00ed c\u1ee7a b\u1ea1n \u0111\u1ebfn c\u00e1c li\u00ean h\u1ec7 \u0111\u01b0\u1ee3c ch\u1ec9 \u0111\u1ecbnh.<\/li>\n<li data-sourcepos=\"40:5-40:130\"><strong>LiveTrack:<\/strong> Cho ph\u00e9p b\u1ea1n b\u00e8 v\u00e0 ng\u01b0\u1eddi th\u00e2n theo d\u00f5i v\u1ecb tr\u00ed c\u1ee7a b\u1ea1n trong th\u1eddi gian th\u1ef1c khi b\u1ea1n \u0111ang t\u1eadp luy\u1ec7n ngo\u00e0i tr\u1eddi.<\/li>\n<\/ul>\n<\/li>\n<li data-sourcepos=\"41:1-41:106\"><strong>\u0110i\u1ec1u Khi\u1ec3n Nh\u1ea1c T\u1eeb C\u1ed5 Tay:<\/strong> Ph\u00e1t, t\u1ea1m d\u1eebng, b\u1ecf qua b\u00e0i h\u00e1t tr\u00ean \u0111i\u1ec7n tho\u1ea1i c\u1ee7a b\u1ea1n m\u1ed9t c\u00e1ch ti\u1ec7n l\u1ee3i.<\/li>\n<li data-sourcepos=\"42:1-43:0\"><strong>Thanh To\u00e1n Kh\u00f4ng Ti\u1ebfp X\u00fac Garmin Pay\u2122 (Ch\u1ec9 c\u00f3 \u1edf m\u1ed9t s\u1ed1 phi\u00ean b\u1ea3n Lily 2):<\/strong> Thanh to\u00e1n nhanh ch\u00f3ng v\u00e0 an to\u00e0n ch\u1ec9 v\u1edbi m\u1ed9t ch\u1ea1m c\u1ed5 tay (L\u01b0u \u00fd: T\u00ednh n\u0103ng n\u00e0y ch\u1ec9 c\u00f3 tr\u00ean m\u1ed9t s\u1ed1 phi\u00ean b\u1ea3n Lily 2 cao c\u1ea5p h\u01a1n, kh\u00f4ng ph\u1ea3i Lily 2 Active).<\/li>\n<\/ul>\n<p data-sourcepos=\"44:1-44:35\"><strong>Pin B\u1ec1n B\u1ec9, Ch\u1ed1ng N\u01b0\u1edbc M\u1ea1nh M\u1ebd:<\/strong><\/p>\n<ul data-sourcepos=\"46:1-48:0\">\n<li data-sourcepos=\"46:1-46:135\"><strong>Th\u1eddi L\u01b0\u1ee3ng Pin \u1ea4n T\u01b0\u1ee3ng:<\/strong> S\u1eed d\u1ee5ng li\u00ean t\u1ee5c l\u00ean \u0111\u1ebfn 5 ng\u00e0y ch\u1ec9 v\u1edbi m\u1ed9t l\u1ea7n s\u1ea1c, cho ph\u00e9p b\u1ea1n tho\u1ea3i m\u00e1i s\u1eed d\u1ee5ng m\u00e0 kh\u00f4ng lo h\u1ebft pin.<\/li>\n<li data-sourcepos=\"47:1-48:0\"><strong>Ch\u1ed1ng N\u01b0\u1edbc 5 ATM:<\/strong> An to\u00e0n khi b\u01a1i l\u1ed9i, t\u1eafm v\u00f2i sen ho\u1eb7c tham gia c\u00e1c ho\u1ea1t \u0111\u1ed9ng d\u01b0\u1edbi n\u01b0\u1edbc, gi\u00fap b\u1ea1n an t\u00e2m s\u1eed d\u1ee5ng trong m\u1ecdi \u0111i\u1ec1u ki\u1ec7n.<\/li>\n<\/ul>\n","protected":false},"excerpt":{"rendered":"<p><strong>\u2282\u2329 B\u1ea2O H\u00c0NH CH\u00cdNH H\u00c3NG 2 N\u0102M \u232a\u2283<\/strong><\/p>\n<p><strong>\u260e Li\u00ean h\u1ec7 t\u01b0 v\u1ea5n : 0972 658 351 \u2013\u00a0 0962 846 820 (g\u1ecdi tr\u1ef1c ti\u1ebfp ho\u1eb7c Zalo).<\/strong><\/p>\n","protected":false},"featured_media":4365,"comment_status":"open","ping_status":"closed","template":"","meta":[],"product_cat":[40,51,47],"product_tag":[],"class_list":{"0":"post-4360","1":"product","2":"type-product","3":"status-publish","4":"has-post-thumbnail","6":"product_cat-dong-ho-thong-minh","7":"product_cat-lily","8":"product_cat-the-thao-va-suc-khoe","10":"first","11":"instock","12":"sale","13":"shipping-taxable","14":"purchasable","15":"product-type-variable"},"_links":{"self":[{"href":"https:\/\/gpsgarmin.vn\/index.php?rest_route=\/wp\/v2\/product\/4360","targetHints":{"allow":["GET"]}}],"collection":[{"href":"https:\/\/gpsgarmin.vn\/index.php?rest_route=\/wp\/v2\/product"}],"about":[{"href":"https:\/\/gpsgarmin.vn\/index.php?rest_route=\/wp\/v2\/types\/product"}],"replies":[{"embeddable":true,"href":"https:\/\/gpsgarmin.vn\/index.php?rest_route=%2Fwp%2Fv2%2Fcomments&post=4360"}],"version-history":[{"count":7,"href":"https:\/\/gpsgarmin.vn\/index.php?rest_route=\/wp\/v2\/product\/4360\/revisions"}],"predecessor-version":[{"id":4379,"href":"https:\/\/gpsgarmin.vn\/index.php?rest_route=\/wp\/v2\/product\/4360\/revisions\/4379"}],"wp:featuredmedia":[{"embeddable":true,"href":"https:\/\/gpsgarmin.vn\/index.php?rest_route=\/wp\/v2\/media\/4365"}],"wp:attachment":[{"href":"https:\/\/gpsgarmin.vn\/index.php?rest_route=%2Fwp%2Fv2%2Fmedia&parent=4360"}],"wp:term":[{"taxonomy":"product_cat","embeddable":true,"href":"https:\/\/gpsgarmin.vn\/index.php?rest_route=%2Fwp%2Fv2%2Fproduct_cat&post=4360"},{"taxonomy":"product_tag","embeddable":true,"href":"https:\/\/gpsgarmin.vn\/index.php?rest_route=%2Fwp%2Fv2%2Fproduct_tag&post=4360"}],"curies":[{"name":"wp","href":"https:\/\/api.w.org\/{rel}","templated":true}]}}