{"id":4345,"date":"2025-06-21T09:31:43","date_gmt":"2025-06-21T02:31:43","guid":{"rendered":"https:\/\/gpsgarmin.vn\/?post_type=product&#038;p=4345"},"modified":"2025-09-25T10:31:22","modified_gmt":"2025-09-25T03:31:22","slug":"garmin-fenix-8-amoled-51mm","status":"publish","type":"product","link":"https:\/\/gpsgarmin.vn\/?product=garmin-fenix-8-amoled-51mm","title":{"rendered":"Garmin Fenix 8 AMOLED &#8211; 51mm"},"content":{"rendered":"<h3 data-sourcepos=\"5:1-5:67\"><strong><a href=\"https:\/\/gpsgarmin.vn\/?product=garmin-fenix-8-amoled-51mm\">Fenix 8 AMOLED<\/a> 51mm: Tr\u1ea3i Nghi\u1ec7m \u0110\u1ec9nh Cao, D\u1eabn \u0110\u1ea7u M\u1ecdi Gi\u1edbi H\u1ea1n<\/strong><\/h3>\n<p data-sourcepos=\"7:1-7:339\">Ch\u00e0o m\u1eebng b\u1ea1n \u0111\u1ebfn v\u1edbi k\u1ef7 nguy\u00ean m\u1edbi c\u1ee7a \u0111\u1ed3ng h\u1ed3 th\u00f4ng minh th\u1ec3 thao \u2013 <a href=\"https:\/\/gpsgarmin.vn\/?product=garmin-fenix-8-amoled-51mm\">Fenix 8 AMOLED<\/a> 51mm. \u0110\u01b0\u1ee3c thi\u1ebft k\u1ebf d\u00e0nh cho nh\u1eefng v\u1eadn \u0111\u1ed9ng vi\u00ean, nh\u00e0 th\u00e1m hi\u1ec3m v\u00e0 nh\u1eefng ng\u01b0\u1eddi lu\u00f4n t\u00ecm ki\u1ebfm s\u1ef1 xu\u1ea5t s\u1eafc, <a href=\"https:\/\/gpsgarmin.vn\/?product=garmin-fenix-8-amoled-51mm\">Fenix 8 AMOLED<\/a> 51mm kh\u00f4ng ch\u1ec9 l\u00e0 m\u1ed9t chi\u1ebfc \u0111\u1ed3ng h\u1ed3, m\u00e0 c\u00f2n l\u00e0 m\u1ed9t c\u00f4ng c\u1ee5 h\u1ed7 tr\u1ee3 to\u00e0n di\u1ec7n, \u0111\u01b0a hi\u1ec7u su\u1ea5t v\u00e0 phong c\u00e1ch c\u1ee7a b\u1ea1n l\u00ean m\u1ed9t t\u1ea7m cao m\u1edbi.<\/p>\n<p data-sourcepos=\"7:1-7:339\"><img fetchpriority=\"high\" decoding=\"async\" class=\"\" src=\"https:\/\/res.garmin.com\/vi_VN\/products\/010-02905-53\/g\/fenix-8-amoled-feature-vn-02.jpg\" width=\"390\" height=\"439\" \/><img decoding=\"async\" class=\"\" src=\"https:\/\/res.garmin.com\/vi_VN\/products\/010-02905-53\/g\/fenix-8-amoled-feature-vn-03.jpg\" width=\"391\" height=\"440\" \/><img decoding=\"async\" class=\"\" src=\"https:\/\/res.garmin.com\/en\/products\/010-02905-00\/g\/66913-6.jpg\" width=\"390\" height=\"439\" \/><\/p>\n<p data-sourcepos=\"9:1-9:67\"><strong>M\u00e0n H\u00ecnh AMOLED R\u1ef1c R\u1ee1 &amp; S\u1ed1ng \u0110\u1ed9ng \u2013 Chi Ti\u1ebft Trong T\u1ea7m M\u1eaft<\/strong><\/p>\n<p data-sourcepos=\"11:1-11:386\">Tr\u1ea3i nghi\u1ec7m s\u1ef1 kh\u00e1c bi\u1ec7t v\u1edbi m\u00e0n h\u00ecnh AMOLED si\u00eau s\u00e1ng, r\u1ef1c r\u1ee1 v\u00e0 \u0111\u1ed9 ph\u00e2n gi\u1ea3i cao tr\u00ean <a href=\"https:\/\/gpsgarmin.vn\/?product=garmin-fenix-8-amoled-51mm\">Fenix 8 AMOLED<\/a> 51mm. M\u1ecdi d\u1eef li\u1ec7u, b\u1ea3n \u0111\u1ed3 v\u00e0 th\u00f4ng b\u00e1o \u0111\u1ec1u hi\u1ec3n th\u1ecb s\u1eafc n\u00e9t, s\u1ed1ng \u0111\u1ed9ng ngay c\u1ea3 d\u01b0\u1edbi \u00e1nh n\u1eafng gay g\u1eaft hay trong \u0111i\u1ec1u ki\u1ec7n thi\u1ebfu s\u00e1ng. V\u1edbi k\u00edch th\u01b0\u1edbc 51mm, m\u00e0n h\u00ecnh l\u1edbn mang l\u1ea1i kh\u00f4ng gian hi\u1ec3n th\u1ecb r\u1ed9ng r\u00e3i, gi\u00fap b\u1ea1n d\u1ec5 d\u00e0ng theo d\u00f5i m\u1ecdi th\u00f4ng tin quan tr\u1ecdng ch\u1ec9 b\u1eb1ng m\u1ed9t c\u00e1i l\u01b0\u1edbt m\u1eaft.<\/p>\n<p data-sourcepos=\"13:1-13:69\"><strong>Thi\u1ebft K\u1ebf M\u1ea1nh M\u1ebd, B\u1ec1n B\u1ec9, Sang Tr\u1ecdng \u2013 \u0110\u1ed3ng H\u00e0nh C\u00f9ng B\u1ea1n M\u1ecdi N\u01a1i<\/strong><\/p>\n<p data-sourcepos=\"15:1-15:536\"><a href=\"https:\/\/gpsgarmin.vn\/?product=garmin-fenix-8-amoled-51mm\">Fenix 8 AMOLED<\/a> 51mm \u0111\u01b0\u1ee3c ch\u1ebf t\u00e1c t\u1eeb v\u1eadt li\u1ec7u cao c\u1ea5p, \u0111\u1ea3m b\u1ea3o \u0111\u1ed9 b\u1ec1n v\u01b0\u1ee3t tr\u1ed9i \u0111\u1ec3 \u0111\u1ed1i ph\u00f3 v\u1edbi m\u1ecdi th\u00e1ch th\u1ee9c t\u1eeb m\u00f4i tr\u01b0\u1eddng kh\u1eafc nghi\u1ec7t nh\u1ea5t. V\u1edbi khung vi\u1ec1n th\u00e9p kh\u00f4ng g\u1ec9 ho\u1eb7c titan (t\u00f9y phi\u00ean b\u1ea3n), m\u1eb7t k\u00ednh sapphire ch\u1ed1ng x\u01b0\u1edbc, v\u00e0 kh\u1ea3 n\u0103ng ch\u1ed1ng n\u01b0\u1edbc \u0111\u1ebfn 10 ATM, chi\u1ebfc \u0111\u1ed3ng h\u1ed3 n\u00e0y s\u1eb5n s\u00e0ng c\u00f9ng b\u1ea1n chinh ph\u1ee5c m\u1ecdi \u0111\u1ec9nh n\u00fai, l\u1eb7n s\u00e2u d\u01b0\u1edbi l\u00f2ng \u0111\u1ea1i d\u01b0\u01a1ng hay tham gia v\u00e0o b\u1ea5t k\u1ef3 cu\u1ed9c phi\u00eau l\u01b0u n\u00e0o. Thi\u1ebft k\u1ebf m\u1ea1nh m\u1ebd nh\u01b0ng kh\u00f4ng k\u00e9m ph\u1ea7n tinh t\u1ebf, ph\u00f9 h\u1ee3p v\u1edbi m\u1ecdi phong c\u00e1ch, t\u1eeb trang ph\u1ee5c th\u1ec3 thao n\u0103ng \u0111\u1ed9ng \u0111\u1ebfn trang ph\u1ee5c c\u00f4ng s\u1edf l\u1ecbch l\u00e3m.<\/p>\n<p data-sourcepos=\"17:1-17:53\"><strong>T\u00ednh N\u0103ng Th\u1ec3 Thao \u0110a D\u1ea1ng \u2013 N\u00e2ng T\u1ea7m M\u1ecdi B\u00e0i T\u1eadp<\/strong><\/p>\n<p data-sourcepos=\"19:1-19:141\"><a href=\"https:\/\/gpsgarmin.vn\/?product=garmin-fenix-8-amoled-51mm\">Fenix 8 AMOLED<\/a> 51mm l\u00e0 ng\u01b0\u1eddi b\u1ea1n \u0111\u1ed3ng h\u00e0nh l\u00fd t\u01b0\u1edfng cho m\u1ecdi ho\u1ea1t \u0111\u1ed9ng th\u1ec3 thao c\u1ee7a b\u1ea1n v\u1edbi h\u01a1n 100 ch\u1ebf \u0111\u1ed9 th\u1ec3 thao \u0111\u01b0\u1ee3c c\u00e0i \u0111\u1eb7t s\u1eb5n, bao g\u1ed3m:<\/p>\n<ul data-sourcepos=\"21:1-27:0\">\n<li data-sourcepos=\"21:1-21:171\"><strong>Ch\u1ea1y b\u1ed9 &amp; Trail Running:<\/strong> \u0110o \u0111\u1ea1c c\u00e1c ch\u1ec9 s\u1ed1 n\u00e2ng cao nh\u01b0 \u0111\u1ed9ng l\u1ef1c h\u1ecdc ch\u1ea1y, c\u00f4ng su\u1ea5t ch\u1ea1y, VO2 Max, tr\u1ea1ng th\u00e1i luy\u1ec7n t\u1eadp, th\u1eddi gian h\u1ed3i ph\u1ee5c, d\u1ef1 \u0111o\u00e1n th\u00e0nh t\u00edch.<\/li>\n<li data-sourcepos=\"22:1-22:79\"><strong>\u0110\u1ea1p xe:<\/strong> H\u1ed7 tr\u1ee3 c\u1ea3m bi\u1ebfn c\u00f4ng su\u1ea5t, t\u1ed1c \u0111\u1ed9, nh\u1ecbp \u0111\u1ed9, b\u1ea3n \u0111\u1ed3 xe \u0111\u1ea1p c\u1ee5 th\u1ec3.<\/li>\n<li data-sourcepos=\"23:1-23:99\"><strong>B\u01a1i l\u1ed9i:<\/strong> Ch\u1ebf \u0111\u1ed9 b\u01a1i h\u1ed3 b\u01a1i v\u00e0 b\u01a1i bi\u1ec3n, \u0111o l\u01b0\u1eddng qu\u00e3ng \u0111\u01b0\u1eddng, s\u1ed1 s\u1ea3i tay, hi\u1ec7u qu\u1ea3 b\u01a1i SWOLF.<\/li>\n<li data-sourcepos=\"24:1-24:102\"><strong>Golf:<\/strong> B\u1ea3n \u0111\u1ed3 s\u00e2n golf h\u01a1n 42.000 s\u00e2n tr\u00ean to\u00e0n th\u1ebf gi\u1edbi, kho\u1ea3ng c\u00e1ch \u0111\u1ebfn green, ch\u01b0\u1edbng ng\u1ea1i v\u1eadt.<\/li>\n<li data-sourcepos=\"25:1-25:163\"><strong>Leo n\u00fai &amp; \u0110i b\u1ed9 \u0111\u01b0\u1eddng d\u00e0i:<\/strong> La b\u00e0n 3 tr\u1ee5c, kh\u00ed \u00e1p k\u1ebf, \u0111\u1ed9 cao k\u1ebf, b\u1ea3n \u0111\u1ed3 \u0111\u1ecba h\u00ecnh chi ti\u1ebft, t\u00ednh n\u0103ng Up Ahead hi\u1ec3n th\u1ecb c\u00e1c \u0111i\u1ec3m ki\u1ec3m so\u00e1t tr\u00ean cung \u0111\u01b0\u1eddng.<\/li>\n<li data-sourcepos=\"26:1-27:0\"><strong>Th\u1ec3 thao \u0111\u1ed3ng \u0111\u1ed9i, tr\u01b0\u1ee3t tuy\u1ebft, l\u01b0\u1edbt v\u00e1n, ch\u00e8o thuy\u1ec1n&#8230;<\/strong> v\u00e0 nhi\u1ec1u h\u01a1n n\u1eefa.<\/li>\n<\/ul>\n<p data-sourcepos=\"28:1-28:52\"><strong>\u0110\u1ecbnh V\u1ecb GPS \u0110a B\u0103ng T\u1ea7n \u2013 \u0110\u1ed9 Ch\u00ednh X\u00e1c V\u01b0\u1ee3t Tr\u1ed9i<\/strong><\/p>\n<p data-sourcepos=\"30:1-30:353\">Kh\u00f4ng bao gi\u1edd l\u1ea1c l\u1ed1i v\u1edbi c\u00f4ng ngh\u1ec7 GPS \u0111a b\u0103ng t\u1ea7n (GPS, GLONASS, Galileo) mang l\u1ea1i \u0111\u1ed9 ch\u00ednh x\u00e1c \u0111\u1ecbnh v\u1ecb v\u01b0\u1ee3t tr\u1ed9i, ngay c\u1ea3 trong m\u00f4i tr\u01b0\u1eddng \u0111\u00f4 th\u1ecb d\u00e0y \u0111\u1eb7c hay khu v\u1ef1c h\u1ebbo l\u00e1nh. <a href=\"https:\/\/gpsgarmin.vn\/?product=garmin-fenix-8-amoled-51mm\">Fenix 8 AMOLED<\/a> 51mm cho ph\u00e9p b\u1ea1n t\u1ea3i xu\u1ed1ng b\u1ea3n \u0111\u1ed3 TopoActive t\u1eeb kh\u1eafp n\u01a1i tr\u00ean th\u1ebf gi\u1edbi, gi\u00fap b\u1ea1n d\u1ec5 d\u00e0ng \u0111i\u1ec1u h\u01b0\u1edbng v\u00e0 kh\u00e1m ph\u00e1 nh\u1eefng \u0111\u1ecba \u0111i\u1ec3m m\u1edbi m\u1ed9t c\u00e1ch an to\u00e0n v\u00e0 t\u1ef1 tin.<\/p>\n<p data-sourcepos=\"32:1-32:52\"><strong>Theo D\u00f5i S\u1ee9c Kh\u1ecfe To\u00e0n Di\u1ec7n \u2013 Hi\u1ec3u R\u00f5 C\u01a1 Th\u1ec3 B\u1ea1n<\/strong><\/p>\n<p data-sourcepos=\"34:1-34:98\"><a href=\"https:\/\/gpsgarmin.vn\/?product=garmin-fenix-8-amoled-51mm\">Fenix 8 AMOLED<\/a> 51mm cung c\u1ea5p c\u00e1i nh\u00ecn s\u00e2u s\u1eafc v\u1ec1 s\u1ee9c kh\u1ecfe c\u1ee7a b\u1ea1n 24\/7 v\u1edbi c\u00e1c t\u00ednh n\u0103ng h\u00e0ng \u0111\u1ea7u:<\/p>\n<ul data-sourcepos=\"36:1-43:0\">\n<li data-sourcepos=\"36:1-36:84\"><strong>Nh\u1ecbp tim quang h\u1ecdc c\u1ed5 tay:<\/strong> \u0110o nh\u1ecbp tim li\u00ean t\u1ee5c, c\u1ea3nh b\u00e1o nh\u1ecbp tim b\u1ea5t th\u01b0\u1eddng.<\/li>\n<li data-sourcepos=\"37:1-37:148\"><strong>Pulse Ox (N\u1ed3ng \u0111\u1ed9 oxy trong m\u00e1u):<\/strong> \u0110\u00e1nh gi\u00e1 m\u1ee9c \u0111\u1ed9 h\u1ea5p th\u1ee5 oxy c\u1ee7a c\u01a1 th\u1ec3, \u0111\u1eb7c bi\u1ec7t h\u1eefu \u00edch khi \u1edf \u0111\u1ed9 cao l\u1edbn ho\u1eb7c theo d\u00f5i ch\u1ea5t l\u01b0\u1ee3ng gi\u1ea5c ng\u1ee7.<\/li>\n<li data-sourcepos=\"38:1-38:114\"><strong>Body Battery\u2122:<\/strong> Theo d\u00f5i m\u1ee9c n\u0103ng l\u01b0\u1ee3ng c\u01a1 th\u1ec3, gi\u00fap b\u1ea1n bi\u1ebft khi n\u00e0o n\u00ean ngh\u1ec9 ng\u01a1i v\u00e0 khi n\u00e0o n\u00ean ho\u1ea1t \u0111\u1ed9ng.<\/li>\n<li data-sourcepos=\"39:1-39:107\"><strong>\u0110\u00e1nh gi\u00e1 gi\u1ea5c ng\u1ee7 n\u00e2ng cao:<\/strong> Ph\u00e2n t\u00edch c\u00e1c giai \u0111o\u1ea1n ng\u1ee7 (nh\u1eb9, s\u00e2u, REM) v\u00e0 \u0111i\u1ec3m s\u1ed1 gi\u1ea5c ng\u1ee7 chi ti\u1ebft.<\/li>\n<li data-sourcepos=\"40:1-40:75\"><strong>Theo d\u00f5i m\u1ee9c \u0111\u1ed9 c\u0103ng th\u1eb3ng:<\/strong> \u0110\u1ec1 xu\u1ea5t b\u00e0i t\u1eadp th\u1edf khi b\u1ea1n c\u1ea7n th\u01b0 gi\u00e3n.<\/li>\n<li data-sourcepos=\"41:1-41:62\"><strong>S\u1ee9c kh\u1ecfe ph\u1ee5 n\u1eef:<\/strong> Theo d\u00f5i chu k\u1ef3 kinh nguy\u1ec7t v\u00e0 thai k\u1ef3.<\/li>\n<li data-sourcepos=\"42:1-43:0\"><strong>\u0110i\u1ec3m s\u1ed1 s\u1ee9c kh\u1ecfe bu\u1ed5i s\u00e1ng:<\/strong> Cung c\u1ea5p th\u00f4ng tin t\u1ed5ng quan v\u1ec1 s\u1ee9c kh\u1ecfe c\u1ee7a b\u1ea1n m\u1ed7i bu\u1ed5i s\u00e1ng d\u1ef1a tr\u00ean d\u1eef li\u1ec7u gi\u1ea5c ng\u1ee7, Body Battery v\u00e0 tr\u1ea1ng th\u00e1i luy\u1ec7n t\u1eadp.<\/li>\n<\/ul>\n<p data-sourcepos=\"44:1-44:46\"><strong>Th\u1eddi L\u01b0\u1ee3ng Pin \u1ea4n T\u01b0\u1ee3ng \u2013 V\u01b0\u1ee3t Xa Gi\u1edbi H\u1ea1n<\/strong><\/p>\n<p data-sourcepos=\"46:1-46:215\">V\u1edbi <a href=\"https:\/\/gpsgarmin.vn\/?product=garmin-fenix-8-amoled-51mm\">Fenix 8 AMOLED<\/a> 51mm, b\u1ea1n s\u1ebd kh\u00f4ng c\u00f2n lo l\u1eafng v\u1ec1 vi\u1ec7c s\u1ea1c pin th\u01b0\u1eddng xuy\u00ean. M\u1eb7c d\u00f9 s\u1edf h\u1eefu m\u00e0n h\u00ecnh AMOLED r\u1ef1c r\u1ee1, chi\u1ebfc \u0111\u1ed3ng h\u1ed3 n\u00e0y v\u1eabn t\u1ed1i \u01b0u h\u00f3a th\u1eddi l\u01b0\u1ee3ng pin \u0111\u1ec3 \u0111\u1ed3ng h\u00e0nh c\u00f9ng b\u1ea1n trong nh\u1eefng h\u00e0nh tr\u00ecnh d\u00e0i:<\/p>\n<ul data-sourcepos=\"48:1-51:0\">\n<li data-sourcepos=\"48:1-48:89\"><strong>Ch\u1ebf \u0111\u1ed9 \u0111\u1ed3ng h\u1ed3 th\u00f4ng minh:<\/strong> L\u00ean \u0111\u1ebfn 29 ng\u00e0y<\/li>\n<li data-sourcepos=\"49:1-49:73\"><strong>Ch\u1ebf \u0111\u1ed9 GPS:<\/strong> L\u00ean \u0111\u1ebfn 84 gi\u1edd<\/li>\n<li data-sourcepos=\"50:1-51:0\"><strong>Ch\u1ebf \u0111\u1ed9 ti\u1ebft ki\u1ec7m pin:<\/strong> L\u00ean \u0111\u1ebfn 41 ng\u00e0y<\/li>\n<\/ul>\n<p data-sourcepos=\"52:1-52:59\"><strong>T\u00ednh N\u0103ng Th\u00f4ng Minh Ti\u1ec7n \u00cdch \u2013 K\u1ebft N\u1ed1i M\u1ecdi L\u00fac M\u1ecdi N\u01a1i<\/strong><\/p>\n<ul data-sourcepos=\"54:1-59:0\">\n<li data-sourcepos=\"54:1-54:141\"><strong>Th\u00f4ng b\u00e1o th\u00f4ng minh:<\/strong> Nh\u1eadn tin nh\u1eafn, email, cu\u1ed9c g\u1ecdi v\u00e0 c\u00e1c th\u00f4ng b\u00e1o kh\u00e1c tr\u1ef1c ti\u1ebfp tr\u00ean c\u1ed5 tay khi k\u1ebft n\u1ed1i v\u1edbi \u0111i\u1ec7n tho\u1ea1i th\u00f4ng minh.<\/li>\n<li data-sourcepos=\"55:1-55:150\"><strong>Thanh to\u00e1n kh\u00f4ng ti\u1ebfp x\u00fac Garmin Pay\u2122:<\/strong> Thanh to\u00e1n nhanh ch\u00f3ng v\u00e0 an to\u00e0n ch\u1ec9 v\u1edbi chi\u1ebfc \u0111\u1ed3ng h\u1ed3 c\u1ee7a b\u1ea1n (h\u1ed7 tr\u1ee3 b\u1edfi c\u00e1c ng\u00e2n h\u00e0ng \u0111\u01b0\u1ee3c li\u00ean k\u1ebft).<\/li>\n<li data-sourcepos=\"56:1-56:106\"><strong>L\u01b0u tr\u1eef nh\u1ea1c:<\/strong> T\u1ea3i nh\u1ea1c tr\u1ef1c ti\u1ebfp v\u00e0o \u0111\u1ed3ng h\u1ed3 v\u00e0 nghe qua tai nghe Bluetooth m\u00e0 kh\u00f4ng c\u1ea7n \u0111i\u1ec7n tho\u1ea1i.<\/li>\n<li data-sourcepos=\"57:1-57:131\"><strong>T\u1ea3i \u1ee9ng d\u1ee5ng v\u00e0 m\u1eb7t \u0111\u1ed3ng h\u1ed3:<\/strong> T\u00f9y ch\u1ec9nh \u0111\u1ed3ng h\u1ed3 c\u1ee7a b\u1ea1n v\u1edbi h\u00e0ng ng\u00e0n \u1ee9ng d\u1ee5ng, m\u1eb7t \u0111\u1ed3ng h\u1ed3 v\u00e0 widget t\u1eeb c\u1eeda h\u00e0ng Connect IQ\u2122.<\/li>\n<li data-sourcepos=\"58:1-59:0\"><strong>T\u00ednh n\u0103ng an to\u00e0n v\u00e0 theo d\u00f5i:<\/strong> G\u1eedi tin nh\u1eafn v\u00e0 v\u1ecb tr\u00ed c\u1ee7a b\u1ea1n cho c\u00e1c li\u00ean h\u1ec7 kh\u1ea9n c\u1ea5p trong tr\u01b0\u1eddng h\u1ee3p c\u1ea7n thi\u1ebft.<\/li>\n<\/ul>\n","protected":false},"excerpt":{"rendered":"<p><strong>\u2282\u2329 B\u1ea2O H\u00c0NH CH\u00cdNH H\u00c3NG 2 N\u0102M \u232a\u2283<\/strong><\/p>\n<p><strong>\u260e Li\u00ean h\u1ec7 t\u01b0 v\u1ea5n : 0972 658 351 \u2013\u00a0 0962 846 820 (g\u1ecdi tr\u1ef1c ti\u1ebfp ho\u1eb7c Zalo).<\/strong><\/p>\n","protected":false},"featured_media":4346,"comment_status":"open","ping_status":"closed","template":"","meta":[],"product_cat":[40,48,47],"product_tag":[],"class_list":{"0":"post-4345","1":"product","2":"type-product","3":"status-publish","4":"has-post-thumbnail","6":"product_cat-dong-ho-thong-minh","7":"product_cat-fenix","8":"product_cat-the-thao-va-suc-khoe","10":"first","11":"instock","12":"sale","13":"shipping-taxable","14":"purchasable","15":"product-type-variable"},"_links":{"self":[{"href":"https:\/\/gpsgarmin.vn\/index.php?rest_route=\/wp\/v2\/product\/4345","targetHints":{"allow":["GET"]}}],"collection":[{"href":"https:\/\/gpsgarmin.vn\/index.php?rest_route=\/wp\/v2\/product"}],"about":[{"href":"https:\/\/gpsgarmin.vn\/index.php?rest_route=\/wp\/v2\/types\/product"}],"replies":[{"embeddable":true,"href":"https:\/\/gpsgarmin.vn\/index.php?rest_route=%2Fwp%2Fv2%2Fcomments&post=4345"}],"version-history":[{"count":6,"href":"https:\/\/gpsgarmin.vn\/index.php?rest_route=\/wp\/v2\/product\/4345\/revisions"}],"predecessor-version":[{"id":4357,"href":"https:\/\/gpsgarmin.vn\/index.php?rest_route=\/wp\/v2\/product\/4345\/revisions\/4357"}],"wp:featuredmedia":[{"embeddable":true,"href":"https:\/\/gpsgarmin.vn\/index.php?rest_route=\/wp\/v2\/media\/4346"}],"wp:attachment":[{"href":"https:\/\/gpsgarmin.vn\/index.php?rest_route=%2Fwp%2Fv2%2Fmedia&parent=4345"}],"wp:term":[{"taxonomy":"product_cat","embeddable":true,"href":"https:\/\/gpsgarmin.vn\/index.php?rest_route=%2Fwp%2Fv2%2Fproduct_cat&post=4345"},{"taxonomy":"product_tag","embeddable":true,"href":"https:\/\/gpsgarmin.vn\/index.php?rest_route=%2Fwp%2Fv2%2Fproduct_tag&post=4345"}],"curies":[{"name":"wp","href":"https:\/\/api.w.org\/{rel}","templated":true}]}}