{"id":4266,"date":"2025-06-18T17:16:51","date_gmt":"2025-06-18T10:16:51","guid":{"rendered":"http:\/\/demo.garminvietnam.vn\/?post_type=product&#038;p=4266"},"modified":"2025-11-25T09:03:52","modified_gmt":"2025-11-25T02:03:52","slug":"garmin-fenix-8-amoled-43mm","status":"publish","type":"product","link":"https:\/\/gpsgarmin.vn\/?product=garmin-fenix-8-amoled-43mm","title":{"rendered":"Garmin Fenix 8 Amoled &#8211; 43mm"},"content":{"rendered":"<h2 data-sourcepos=\"5:1-5:68\">\u0110\u1ed3ng h\u1ed3 Garmin <a href=\"https:\/\/gpsgarmin.vn\/?product=garmin-fenix-8-amoled-43mm\">Fenix 8 Amoled<\/a> &#8211; \u0110\u1ec9nh Cao C\u00f4ng Ngh\u1ec7 D\u1eabn L\u1ed1i \u0110am M\u00ea<\/h2>\n<p data-sourcepos=\"7:1-7:351\"><strong>\u0110\u1ed3ng h\u1ed3 Garmin <a href=\"https:\/\/gpsgarmin.vn\/?product=garmin-fenix-8-amoled-43mm\">Fenix 8 Amoled<\/a><\/strong> l\u00e0 chi\u1ebfc \u0111\u1ed3ng h\u1ed3 th\u00f4ng minh GPS cao c\u1ea5p \u0111\u01b0\u1ee3c thi\u1ebft k\u1ebf d\u00e0nh cho c\u00e1c v\u1eadn \u0111\u1ed9ng vi\u00ean v\u00e0 nh\u00e0 th\u00e1m hi\u1ec3m, nh\u1eefng ng\u01b0\u1eddi lu\u00f4n mu\u1ed1n v\u01b0\u1ee3t qua m\u1ecdi gi\u1edbi h\u1ea1n. V\u1edbi nh\u1eefng n\u00e2ng c\u1ea5p \u0111\u00e1ng k\u1ec3, Fenix 8 Amoled kh\u00f4ng ch\u1ec9 l\u00e0 m\u1ed9t thi\u1ebft b\u1ecb theo d\u00f5i hi\u1ec7u su\u1ea5t m\u00e0 c\u00f2n l\u00e0 m\u1ed9t c\u00f4ng c\u1ee5 \u0111a n\u0103ng h\u1ed7 tr\u1ee3 m\u1ecdi kh\u00eda c\u1ea1nh trong cu\u1ed9c s\u1ed1ng n\u0103ng \u0111\u1ed9ng c\u1ee7a b\u1ea1n.<\/p>\n<p data-sourcepos=\"7:1-7:351\"><img fetchpriority=\"high\" decoding=\"async\" class=\"\" src=\"https:\/\/res.garmin.com\/vi_VN\/products\/010-02903-18\/g\/fenix-8-amoled-feature-vn-01.jpg\" width=\"390\" height=\"439\" \/><img decoding=\"async\" class=\"\" src=\"https:\/\/res.garmin.com\/vi_VN\/products\/010-02903-18\/g\/fenix-8-amoled-feature-vn-03.jpg\" width=\"390\" height=\"439\" \/><img decoding=\"async\" class=\"\" src=\"https:\/\/res.garmin.com\/en\/products\/010-02903-00\/g\/66911-6.jpg\" width=\"390\" height=\"439\" \/><\/p>\n<h3 data-sourcepos=\"9:1-9:44\">Thi\u1ebft K\u1ebf B\u1ec1n B\u1ec9 &amp; H\u00ecnh \u1ea2nh S\u1ed1ng \u0110\u1ed9ng<\/h3>\n<ul data-sourcepos=\"11:1-17:0\">\n<li data-sourcepos=\"11:1-11:135\"><strong>M\u00e0n h\u00ecnh AMOLED 1.4 inch s\u1eafc n\u00e9t:<\/strong> Hi\u1ec3n th\u1ecb s\u1ed1ng \u0111\u1ed9ng v\u00e0 r\u00f5 r\u00e0ng, mang l\u1ea1i tr\u1ea3i nghi\u1ec7m xem tuy\u1ec7t v\u1eddi trong m\u1ecdi \u0111i\u1ec1u ki\u1ec7n \u00e1nh s\u00e1ng.<\/li>\n<li data-sourcepos=\"12:1-12:101\"><strong>V\u1eadt li\u1ec7u cao c\u1ea5p:<\/strong> K\u00ednh ch\u1ed1ng tr\u1ea7y x\u01b0\u1edbc v\u00e0 vi\u1ec1n titan sang tr\u1ecdng, \u0111\u1ea3m b\u1ea3o \u0111\u1ed9 b\u1ec1n v\u01b0\u1ee3t th\u1eddi gian.<\/li>\n<li data-sourcepos=\"13:1-13:183\"><strong>Ch\u1ed1ng ch\u1ecbu v\u01b0\u1ee3t tr\u1ed9i:<\/strong> \u0110\u01b0\u1ee3c ch\u1ee9ng nh\u1eadn theo ti\u00eau chu\u1ea9n qu\u00e2n \u0111\u1ed9i Hoa K\u1ef3 v\u1ec1 kh\u1ea3 n\u0103ng ch\u1ecbu nhi\u1ec7t, ch\u1ed1ng s\u1ed1c v\u00e0 ch\u1ed1ng n\u01b0\u1edbc, \u0111\u1ea3m b\u1ea3o ho\u1ea1t \u0111\u1ed9ng b\u1ec1n b\u1ec9 trong m\u1ecdi m\u00f4i tr\u01b0\u1eddng kh\u1eafc nghi\u1ec7t.<\/li>\n<li data-sourcepos=\"14:1-14:115\"><strong>Thi\u1ebft k\u1ebf cho c\u1ed5 tay nh\u1ecf h\u01a1n:<\/strong> Ki\u1ec3u d\u00e1ng \u0111\u01b0\u1ee3c t\u1ed1i \u01b0u \u0111\u1ec3 ph\u00f9 h\u1ee3p v\u00e0 tho\u1ea3i m\u00e1i h\u01a1n tr\u00ean c\u1ed5 tay c\u00f3 k\u00edch th\u01b0\u1edbc nh\u1ecf.<\/li>\n<li data-sourcepos=\"15:1-15:149\"><strong>Ti\u00eau chu\u1ea9n \u0111\u1ed3ng h\u1ed3 l\u1eb7n:<\/strong> Thi\u1ebft k\u1ebf \u0111\u00e1p \u1ee9ng c\u00e1c ti\u00eau chu\u1ea9n \u0111\u1ed3ng h\u1ed3 l\u1eb7n chuy\u00ean nghi\u1ec7p, v\u1edbi c\u00e1c n\u00fat b\u1ea5m ch\u1ed1ng n\u01b0\u1edbc v\u00e0 b\u1ea3o v\u1ec7 c\u1ea3m bi\u1ebfn b\u1eb1ng kim lo\u1ea1i.<\/li>\n<li data-sourcepos=\"16:1-17:0\"><strong>\u0110\u00e8n pin LED t\u00edch h\u1ee3p:<\/strong> \u0110\u00e8n pin LED t\u00edch h\u1ee3p ti\u1ec7n l\u1ee3i, cung c\u1ea5p \u00e1nh s\u00e1ng trong \u0111i\u1ec1u ki\u1ec7n thi\u1ebfu s\u00e1ng.<\/li>\n<\/ul>\n<h3 data-sourcepos=\"18:1-18:38\">T\u00ednh N\u0103ng Th\u00f4ng Minh &amp; K\u1ebft N\u1ed1i<\/h3>\n<ul data-sourcepos=\"20:1-24:0\">\n<li data-sourcepos=\"20:1-20:141\"><strong>Loa v\u00e0 micr\u00f4 t\u00edch h\u1ee3p:<\/strong> Cho ph\u00e9p b\u1ea1n th\u1ef1c hi\u1ec7n cu\u1ed9c g\u1ecdi, g\u1eedi tin nh\u1eafn v\u0103n b\u1ea3n v\u00e0 s\u1eed d\u1ee5ng \u0111i\u1ec1u khi\u1ec3n b\u1eb1ng gi\u1ecdng n\u00f3i tr\u1ef1c ti\u1ebfp t\u1eeb \u0111\u1ed3ng h\u1ed3.<\/li>\n<li data-sourcepos=\"21:1-21:145\"><strong>Th\u00f4ng b\u00e1o th\u00f4ng minh:<\/strong> Nh\u1eadn email, tin nh\u1eafn v\u00e0 c\u1ea3nh b\u00e1o t\u1eeb \u1ee9ng d\u1ee5ng ngay tr\u00ean c\u1ed5 tay khi \u0111\u01b0\u1ee3c k\u1ebft n\u1ed1i v\u1edbi \u0111i\u1ec7n tho\u1ea1i th\u00f4ng minh t\u01b0\u01a1ng th\u00edch.<\/li>\n<li data-sourcepos=\"22:1-22:96\"><strong>Thanh to\u00e1n kh\u00f4ng ti\u1ebfp x\u00fac Garmin Pay\u2122:<\/strong> Thanh to\u00e1n nhanh ch\u00f3ng v\u00e0 an to\u00e0n ch\u1ec9 v\u1edbi m\u1ed9t ch\u1ea1m.<\/li>\n<li data-sourcepos=\"23:1-24:0\"><strong>Th\u1eddi l\u01b0\u1ee3ng pin \u1ea5n t\u01b0\u1ee3ng:<\/strong> L\u00ean \u0111\u1ebfn 10 ng\u00e0y \u1edf ch\u1ebf \u0111\u1ed9 \u0111\u1ed3ng h\u1ed3 th\u00f4ng minh, cho ph\u00e9p b\u1ea1n s\u1eed d\u1ee5ng li\u00ean t\u1ee5c m\u00e0 kh\u00f4ng c\u1ea7n lo l\u1eafng v\u1ec1 vi\u1ec7c s\u1ea1c pin.<\/li>\n<\/ul>\n<h3 data-sourcepos=\"25:1-25:49\">Hu\u1ea5n Luy\u1ec7n &amp; Hi\u1ec7u Su\u1ea5t T\u1eadp Luy\u1ec7n \u0110\u1ec9nh Cao<\/h3>\n<ul data-sourcepos=\"27:1-43:0\">\n<li data-sourcepos=\"27:1-27:182\"><strong>K\u1ebf ho\u1ea1ch r\u00e8n luy\u1ec7n s\u1ee9c b\u1ec1n n\u00e2ng cao:<\/strong> Cung c\u1ea5p c\u00e1c k\u1ebf ho\u1ea1ch t\u1eadp luy\u1ec7n s\u1ee9c b\u1ec1n m\u1ee5c ti\u00eau v\u00e0 c\u00e1c b\u00e0i t\u1eadp chuy\u00ean bi\u1ec7t cho t\u1eebng m\u00f4n th\u1ec3 thao, ph\u00f9 h\u1ee3p cho m\u1ecdi lo\u1ea1i h\u00ecnh v\u1eadn \u0111\u1ed9ng vi\u00ean.<\/li>\n<li data-sourcepos=\"28:1-28:107\"><strong>B\u00e1o c\u00e1o bu\u1ed5i s\u00e1ng t\u00f9y ch\u1ec9nh:<\/strong> T\u1ed5ng h\u1ee3p th\u00f4ng tin s\u1ee9c kh\u1ecfe v\u00e0 th\u1ec3 ch\u1ea5t h\u00e0ng ng\u00e0y ngay khi b\u1ea1n th\u1ee9c d\u1eady.<\/li>\n<li data-sourcepos=\"29:1-29:137\"><strong>S\u1eb5n s\u00e0ng t\u1eadp luy\u1ec7n:<\/strong> T\u00ednh n\u0103ng n\u00e0y gi\u00fap t\u1ed1i \u01b0u h\u00f3a bu\u1ed5i t\u1eadp v\u00e0 th\u1eddi gian ph\u1ee5c h\u1ed3i b\u1eb1ng c\u00e1ch xem x\u00e9t nhi\u1ec1u ch\u1ec9 s\u1ed1 s\u1ee9c kh\u1ecfe kh\u00e1c nhau.<\/li>\n<li data-sourcepos=\"30:1-30:91\"><strong>\u0110i\u1ec3m s\u1ee9c b\u1ec1n (Endurance Score):<\/strong> \u0110\u00e1nh gi\u00e1 kh\u1ea3 n\u0103ng duy tr\u00ec n\u1ed7 l\u1ef1c trong th\u1eddi gian d\u00e0i.<\/li>\n<li data-sourcepos=\"31:1-31:111\"><strong>D\u1ef1 \u0111o\u00e1n th\u00e0nh t\u00edch cu\u1ed9c \u0111ua:<\/strong> Cung c\u1ea5p \u01b0\u1edbc t\u00ednh v\u1ec1 t\u1ed1c \u0111\u1ed9 cho c\u00e1c c\u1ef1 ly 5K, 10K, b\u00e1n marathon v\u00e0 marathon.<\/li>\n<li data-sourcepos=\"32:1-32:133\"><strong>C\u00f4ng ngh\u1ec7 PacePro\u2122:<\/strong> H\u01b0\u1edbng d\u1eabn t\u1ed1c \u0111\u1ed9 d\u1ef1a tr\u00ean GPS gi\u00fap b\u1ea1n duy tr\u00ec t\u1ed1c \u0111\u1ed9 l\u00fd t\u01b0\u1edfng tr\u00ean c\u00e1c ch\u1eb7ng \u0111\u01b0\u1eddng v\u00e0 kho\u1ea3ng c\u00e1ch \u0111\u00e3 ch\u1ecdn.<\/li>\n<li data-sourcepos=\"33:1-33:131\"><strong>T\u00ednh n\u0103ng ClimbPro\u2122:<\/strong> Cung c\u1ea5p th\u00f4ng tin theo th\u1eddi gian th\u1ef1c v\u1ec1 c\u00e1c \u0111o\u1ea1n leo d\u1ed1c hi\u1ec7n t\u1ea1i v\u00e0 s\u1eafp t\u1edbi tr\u00ean b\u1ea3n \u0111\u1ed3 \u0111\u00e3 t\u1ea3i tr\u01b0\u1edbc.<\/li>\n<li data-sourcepos=\"34:1-34:130\"><strong>T\u1ed1c \u0111\u1ed9 \u0111i\u1ec1u ch\u1ec9nh \u0111\u1ed9 d\u1ed1c (Grade-Adjusted Pace):<\/strong> Gi\u00fap b\u1ea1n duy tr\u00ec n\u1ed7 l\u1ef1c ch\u1ea1y t\u01b0\u01a1ng \u0111\u01b0\u01a1ng d\u00f9 tr\u00ean m\u1eb7t ph\u1eb3ng hay \u0111\u1ecba h\u00ecnh d\u1ed1c.<\/li>\n<li data-sourcepos=\"35:1-35:131\"><strong>Tr\u1ea1ng th\u00e1i t\u1eadp luy\u1ec7n:<\/strong> \u0110\u00e1nh gi\u00e1 hi\u1ec7u qu\u1ea3 t\u1eadp luy\u1ec7n, cho bi\u1ebft li\u1ec7u b\u1ea1n \u0111ang t\u1eadp luy\u1ec7n hi\u1ec7u qu\u1ea3, \u0111\u1ea1t \u0111\u1ec9nh hay t\u1eadp luy\u1ec7n qu\u00e1 s\u1ee9c.<\/li>\n<li data-sourcepos=\"36:1-36:73\"><strong>Ch\u1ec9 s\u1ed1 hi\u1ec7u su\u1ea5t n\u00e2ng cao:<\/strong> Bao g\u1ed3m VO2 Max v\u00e0 kh\u1ed1i l\u01b0\u1ee3ng t\u1eadp luy\u1ec7n.<\/li>\n<li data-sourcepos=\"37:1-37:118\"><strong>Ch\u1ebf \u0111\u1ed9 \u0111a m\u00f4n th\u1ec3 thao:<\/strong> T\u1ef1 \u0111\u1ed9ng ph\u00e1t hi\u1ec7n chuy\u1ec3n \u0111\u1ed5i gi\u1eefa b\u01a1i l\u1ed9i, \u0111\u1ea1p xe v\u00e0 ch\u1ea1y b\u1ed9 trong c\u00e1c ho\u1ea1t \u0111\u1ed9ng \u0111a m\u00f4n.<\/li>\n<li data-sourcepos=\"38:1-38:107\"><strong>\u0110i\u1ec3m leo \u0111\u1ed3i (Hill Score):<\/strong> \u0110o l\u01b0\u1eddng kh\u1ea3 n\u0103ng ch\u1ea1y l\u00ean d\u1ed1c v\u00e0 theo d\u00f5i ti\u1ebfn \u0111\u1ed9 c\u1ee7a b\u1ea1n theo th\u1eddi gian.<\/li>\n<li data-sourcepos=\"39:1-39:96\"><strong>G\u1ee3i \u00fd b\u00e0i t\u1eadp h\u00e0ng ng\u00e0y:<\/strong> \u0110\u1ec1 xu\u1ea5t c\u00e1c b\u00e0i t\u1eadp \u0111\u01b0\u1ee3c \u0111i\u1ec1u ch\u1ec9nh sau m\u1ed7i l\u1ea7n ch\u1ea1y ho\u1eb7c \u0111\u1ea1p xe.<\/li>\n<li data-sourcepos=\"40:1-40:112\"><strong>Th\u1eddi gian ph\u1ee5c h\u1ed3i:<\/strong> \u01af\u1edbc t\u00ednh th\u1eddi gian c\u1ea7n thi\u1ebft \u0111\u1ec3 c\u01a1 th\u1ec3 ph\u1ee5c h\u1ed3i tr\u01b0\u1edbc bu\u1ed5i t\u1eadp c\u01b0\u1eddng \u0111\u1ed9 cao ti\u1ebfp theo.<\/li>\n<li data-sourcepos=\"41:1-41:126\"><strong>Ti\u1ec7n \u00edch cu\u1ed9c \u0111ua (Race Widget):<\/strong> Cung c\u1ea5p m\u1eb9o luy\u1ec7n t\u1eadp v\u00e0 g\u1ee3i \u00fd b\u00e0i t\u1eadp h\u00e0ng ng\u00e0y c\u00e1 nh\u00e2n h\u00f3a cho c\u00e1c cu\u1ed9c \u0111ua s\u1eafp t\u1edbi.<\/li>\n<li data-sourcepos=\"42:1-43:0\"><strong>\u0110\u1ed9ng l\u1ef1c h\u1ecdc ch\u1ea1y b\u1ed9 d\u1ef1a tr\u00ean c\u1ed5 tay:<\/strong> Hi\u1ec3n th\u1ecb v\u00e0 ph\u00e2n t\u00edch c\u00e1c ch\u1ec9 s\u1ed1 ch\u1ea1y ch\u00ednh nh\u01b0 nh\u1ecbp \u0111\u1ed9, \u0111\u1ed9 d\u00e0i s\u1ea3i ch\u00e2n v\u00e0 th\u1eddi gian ti\u1ebfp x\u00fac m\u1eb7t \u0111\u1ea5t.<\/li>\n<\/ul>\n<h3 data-sourcepos=\"44:1-44:35\">\u0110i\u1ec1u H\u01b0\u1edbng &amp; B\u1ea3n \u0110\u1ed3 Cao C\u1ea5p<\/h3>\n<ul data-sourcepos=\"46:1-49:0\">\n<li data-sourcepos=\"46:1-46:71\"><strong>T\u00ednh n\u0103ng b\u1ea3n \u0111\u1ed3 n\u00e2ng cao:<\/strong> Bao g\u1ed3m l\u1eadp k\u1ebf ho\u1ea1ch l\u1ed9 tr\u00ecnh kh\u1ee9 h\u1ed3i.<\/li>\n<li data-sourcepos=\"47:1-47:65\"><strong>B\u1ea3n \u0111\u1ed3 TopoActive:<\/strong> Cung c\u1ea5p th\u00f4ng tin chi ti\u1ebft v\u1ec1 \u0111\u1ecba h\u00ecnh.<\/li>\n<li data-sourcepos=\"48:1-49:0\"><strong>B\u1ea3n \u0111\u1ed3 \u0111\u01b0\u1ee3c t\u1ea3i s\u1eb5n:<\/strong> Cho c\u00e1c s\u00e2n golf v\u00e0 khu ngh\u1ec9 d\u01b0\u1ee1ng tr\u01b0\u1ee3t tuy\u1ebft tr\u00ean to\u00e0n th\u1ebf gi\u1edbi.<\/li>\n<\/ul>\n","protected":false},"excerpt":{"rendered":"<p><strong>\u2282\u2329 B\u1ea2O H\u00c0NH CH\u00cdNH H\u00c3NG 2 N\u0102M \u232a\u2283<\/strong><\/p>\n<p><strong>\u260e Li\u00ean h\u1ec7 t\u01b0 v\u1ea5n : 0972 658 351 \u2013\u00a0 0962 846 820 (g\u1ecdi tr\u1ef1c ti\u1ebfp ho\u1eb7c Zalo).<\/strong><\/p>\n","protected":false},"featured_media":4271,"comment_status":"open","ping_status":"closed","template":"","meta":[],"product_cat":[40,48,47],"product_tag":[],"class_list":{"0":"post-4266","1":"product","2":"type-product","3":"status-publish","4":"has-post-thumbnail","6":"product_cat-dong-ho-thong-minh","7":"product_cat-fenix","8":"product_cat-the-thao-va-suc-khoe","10":"first","11":"instock","12":"sale","13":"shipping-taxable","14":"purchasable","15":"product-type-variable"},"_links":{"self":[{"href":"https:\/\/gpsgarmin.vn\/index.php?rest_route=\/wp\/v2\/product\/4266","targetHints":{"allow":["GET"]}}],"collection":[{"href":"https:\/\/gpsgarmin.vn\/index.php?rest_route=\/wp\/v2\/product"}],"about":[{"href":"https:\/\/gpsgarmin.vn\/index.php?rest_route=\/wp\/v2\/types\/product"}],"replies":[{"embeddable":true,"href":"https:\/\/gpsgarmin.vn\/index.php?rest_route=%2Fwp%2Fv2%2Fcomments&post=4266"}],"version-history":[{"count":4,"href":"https:\/\/gpsgarmin.vn\/index.php?rest_route=\/wp\/v2\/product\/4266\/revisions"}],"predecessor-version":[{"id":4970,"href":"https:\/\/gpsgarmin.vn\/index.php?rest_route=\/wp\/v2\/product\/4266\/revisions\/4970"}],"wp:featuredmedia":[{"embeddable":true,"href":"https:\/\/gpsgarmin.vn\/index.php?rest_route=\/wp\/v2\/media\/4271"}],"wp:attachment":[{"href":"https:\/\/gpsgarmin.vn\/index.php?rest_route=%2Fwp%2Fv2%2Fmedia&parent=4266"}],"wp:term":[{"taxonomy":"product_cat","embeddable":true,"href":"https:\/\/gpsgarmin.vn\/index.php?rest_route=%2Fwp%2Fv2%2Fproduct_cat&post=4266"},{"taxonomy":"product_tag","embeddable":true,"href":"https:\/\/gpsgarmin.vn\/index.php?rest_route=%2Fwp%2Fv2%2Fproduct_tag&post=4266"}],"curies":[{"name":"wp","href":"https:\/\/api.w.org\/{rel}","templated":true}]}}