{"id":4263,"date":"2025-06-18T16:47:16","date_gmt":"2025-06-18T09:47:16","guid":{"rendered":"http:\/\/demo.garminvietnam.vn\/?post_type=product&#038;p=4263"},"modified":"2025-11-25T09:06:51","modified_gmt":"2025-11-25T02:06:51","slug":"garmin-fenix-8-solar-51mm","status":"publish","type":"product","link":"https:\/\/gpsgarmin.vn\/?product=garmin-fenix-8-solar-51mm","title":{"rendered":"Garmin Fenix 8 Solar &#8211; 51mm"},"content":{"rendered":"<h2 data-sourcepos=\"5:1-5:76\">\u0110\u1ed3ng h\u1ed3 Garmin <a href=\"https:\/\/gpsgarmin.vn\/?product=garmin-fenix-8-solar-51mm\">Fenix 8 Solar<\/a> &#8211; Kh\u00e1m Ph\u00e1 Gi\u1edbi H\u1ea1n, V\u01b0\u1ee3t Tr\u1ed9i M\u1ecdi N\u1ebbo \u0110\u01b0\u1eddng<\/h2>\n<p data-sourcepos=\"7:1-7:469\"><strong>\u0110\u1ed3ng h\u1ed3 Garmin <a href=\"https:\/\/gpsgarmin.vn\/?product=garmin-fenix-8-solar-51mm\">Fenix 8 Solar<\/a><\/strong> l\u00e0 si\u00eau ph\u1ea9m \u0111\u1ed3ng h\u1ed3 GPS \u0111a th\u1ec3 thao, cao c\u1ea5p, \u0111\u01b0\u1ee3c thi\u1ebft k\u1ebf d\u00e0nh cho c\u00e1c v\u1eadn \u0111\u1ed9ng vi\u00ean v\u00e0 nh\u00e0 th\u00e1m hi\u1ec3m khao kh\u00e1t v\u01b0\u1ee3t qua m\u1ecdi gi\u1edbi h\u1ea1n. V\u1edbi nh\u1eefng n\u00e2ng c\u1ea5p \u0111\u1ed9t ph\u00e1 nh\u01b0 luy\u1ec7n t\u1eadp s\u1ee9c b\u1ec1n n\u00e2ng cao, kh\u1ea3 n\u0103ng l\u1eb7n chuy\u00ean s\u00e2u, \u0111i\u1ec1u khi\u1ec3n b\u1eb1ng gi\u1ecdng n\u00f3i, \u0111\u00e8n pin LED t\u00edch h\u1ee3p v\u00e0 \u1ed1ng k\u00ednh s\u1ea1c n\u0103ng l\u01b0\u1ee3ng m\u1eb7t tr\u1eddi Power Sapphire, Fenix 8 Solar kh\u00f4ng ch\u1ec9 k\u00e9o d\u00e0i th\u1eddi l\u01b0\u1ee3ng pin m\u00e0 c\u00f2n tr\u1edf th\u00e0nh c\u00f4ng c\u1ee5 t\u1ed1i th\u01b0\u1ee3ng cho m\u1ecdi cu\u1ed9c phi\u00eau l\u01b0u c\u1ee7a b\u1ea1n.<\/p>\n<p data-sourcepos=\"7:1-7:469\"><img fetchpriority=\"high\" decoding=\"async\" class=\"\" src=\"https:\/\/res.garmin.com\/vi_VN\/products\/010-02906-70\/g\/fenix-8-solar-feature-01.jpg\" width=\"390\" height=\"439\" \/><img decoding=\"async\" class=\"\" src=\"https:\/\/res.garmin.com\/en\/products\/010-02906-20\/g\/68937-5.jpg\" width=\"390\" height=\"439\" \/><img decoding=\"async\" class=\"\" src=\"https:\/\/res.garmin.com\/en\/products\/010-02906-20\/g\/68937-6.jpg\" width=\"390\" height=\"439\" \/><\/p>\n<h3 data-sourcepos=\"9:1-9:44\">Thi\u1ebft K\u1ebf B\u1ec1n B\u1ec9 &amp; N\u0103ng L\u01b0\u1ee3ng B\u1ea5t T\u1eadn<\/h3>\n<ul data-sourcepos=\"11:1-16:0\">\n<li data-sourcepos=\"11:1-11:116\"><strong>Thi\u1ebft k\u1ebf cao c\u1ea5p, si\u00eau b\u1ec1n:<\/strong> S\u1edf h\u1eefu v\u1ebb ngo\u00e0i m\u1ea1nh m\u1ebd, h\u1ea7m h\u1ed1, \u0111\u00e1p \u1ee9ng c\u00e1c ti\u00eau chu\u1ea9n \u0111\u1ed3ng h\u1ed3 l\u1eb7n chuy\u00ean nghi\u1ec7p.<\/li>\n<li data-sourcepos=\"12:1-12:170\"><strong>V\u1eadt li\u1ec7u cao c\u1ea5p:<\/strong> Trang b\u1ecb n\u00fat b\u1ea5m ch\u1ed1ng n\u01b0\u1edbc, b\u1ea3o v\u1ec7 c\u1ea3m bi\u1ebfn b\u1eb1ng kim lo\u1ea1i, v\u00e0 \u0111\u1eb7c bi\u1ec7t l\u00e0 \u1ed1ng k\u00ednh s\u1ea1c n\u0103ng l\u01b0\u1ee3ng m\u1eb7t tr\u1eddi 1.4 inch v\u1edbi t\u00f9y ch\u1ecdn ch\u1ed1ng tr\u1ea7y x\u01b0\u1edbc.<\/li>\n<li data-sourcepos=\"13:1-13:181\"><strong>Ch\u1ea5t li\u1ec7u Titanium DLC x\u00e1m carbon:<\/strong> Vi\u1ec1n \u0111\u1ed3ng h\u1ed3 Titanium DLC (Diamond-Like Carbon) m\u00e0u x\u00e1m carbon kh\u00f4ng ch\u1ec9 mang l\u1ea1i v\u1ebb ngo\u00e0i sang tr\u1ecdng m\u00e0 c\u00f2n t\u0103ng c\u01b0\u1eddng \u0111\u1ed9 b\u1ec1n b\u1ec9 v\u01b0\u1ee3t tr\u1ed9i.<\/li>\n<li data-sourcepos=\"14:1-14:133\"><strong>D\u00e2y \u0111eo silicone:<\/strong> D\u00e2y \u0111eo silicone m\u00e0u \u0111en\/x\u00e1m s\u1ecfi (Black\/Pebble Gray) mang l\u1ea1i c\u1ea3m gi\u00e1c tho\u1ea3i m\u00e1i khi \u0111eo trong m\u1ecdi \u0111i\u1ec1u ki\u1ec7n.<\/li>\n<li data-sourcepos=\"15:1-16:0\"><strong>\u0110\u1ed9 b\u1ec1n chu\u1ea9n qu\u00e2n \u0111\u1ed9i:<\/strong> \u0110\u01b0\u1ee3c ch\u1ee9ng nh\u1eadn theo ti\u00eau chu\u1ea9n qu\u00e2n \u0111\u1ed9i Hoa K\u1ef3 v\u1ec1 kh\u1ea3 n\u0103ng ch\u1ecbu nhi\u1ec7t, ch\u1ed1ng s\u1ed1c v\u00e0 ch\u1ed1ng n\u01b0\u1edbc, \u0111\u1ea3m b\u1ea3o ho\u1ea1t \u0111\u1ed9ng b\u1ec1n b\u1ec9 trong m\u1ecdi m\u00f4i tr\u01b0\u1eddng kh\u1eafc nghi\u1ec7t nh\u1ea5t.<\/li>\n<\/ul>\n<h3 data-sourcepos=\"17:1-17:34\">K\u1ebft N\u1ed1i &amp; An To\u00e0n Ti\u1ec7n L\u1ee3i<\/h3>\n<ul data-sourcepos=\"19:1-23:0\">\n<li data-sourcepos=\"19:1-19:127\"><strong>Loa v\u00e0 micro t\u00edch h\u1ee3p:<\/strong> Th\u1ef1c hi\u1ec7n v\u00e0 nh\u1eadn cu\u1ed9c g\u1ecdi tr\u1ef1c ti\u1ebfp t\u1eeb \u0111\u1ed3ng h\u1ed3 khi k\u1ebft n\u1ed1i v\u1edbi \u0111i\u1ec7n tho\u1ea1i th\u00f4ng minh t\u01b0\u01a1ng th\u00edch.<\/li>\n<li data-sourcepos=\"20:1-20:105\"><strong>\u0110i\u1ec1u khi\u1ec3n b\u1eb1ng gi\u1ecdng n\u00f3i ngo\u1ea1i tuy\u1ebfn:<\/strong> D\u1ec5 d\u00e0ng \u0111i\u1ec1u khi\u1ec3n c\u00e1c ch\u1ee9c n\u0103ng c\u1ee7a \u0111\u1ed3ng h\u1ed3 b\u1eb1ng gi\u1ecdng n\u00f3i.<\/li>\n<li data-sourcepos=\"21:1-21:100\"><strong>Tr\u1ee3 l\u00fd gi\u1ecdng n\u00f3i c\u1ee7a \u0111i\u1ec7n tho\u1ea1i:<\/strong> S\u1eed d\u1ee5ng tr\u1ee3 l\u00fd gi\u1ecdng n\u00f3i c\u1ee7a \u0111i\u1ec7n tho\u1ea1i \u0111\u1ec3 ph\u1ea3n h\u1ed3i tin nh\u1eafn.<\/li>\n<li data-sourcepos=\"22:1-23:0\"><strong>\u0110\u00e8n pin LED t\u00edch h\u1ee3p:<\/strong> Cung c\u1ea5p nhi\u1ec1u c\u01b0\u1eddng \u0111\u1ed9 \u00e1nh s\u00e1ng v\u00e0 \u0111\u00e8n an to\u00e0n m\u00e0u \u0111\u1ecf \u0111\u1ec3 t\u0103ng kh\u1ea3 n\u0103ng hi\u1ec3n th\u1ecb trong b\u00f3ng t\u1ed1i. Ch\u1ebf \u0111\u1ed9 nh\u1ea5p nh\u00e1y th\u1eadm ch\u00ed c\u00f3 th\u1ec3 \u0111\u1ed3ng b\u1ed9 v\u1edbi nh\u1ecbp ch\u1ea1y c\u1ee7a b\u1ea1n, \u0111\u1ea3m b\u1ea3o an to\u00e0n t\u1ed1i \u0111a.<\/li>\n<\/ul>\n<h3 data-sourcepos=\"24:1-24:40\">Hu\u1ea5n Luy\u1ec7n &amp; Hi\u1ec7u Su\u1ea5t V\u01b0\u1ee3t Tr\u1ed9i<\/h3>\n<ul data-sourcepos=\"26:1-40:0\">\n<li data-sourcepos=\"26:1-26:132\"><strong>Luy\u1ec7n t\u1eadp s\u1ee9c b\u1ec1n n\u00e2ng cao:<\/strong> Cung c\u1ea5p c\u00e1c k\u1ebf ho\u1ea1ch t\u1eadp luy\u1ec7n s\u1ee9c b\u1ec1n m\u1ee5c ti\u00eau v\u00e0 c\u00e1c b\u00e0i t\u1eadp chuy\u00ean bi\u1ec7t cho t\u1eebng m\u00f4n th\u1ec3 thao.<\/li>\n<li data-sourcepos=\"27:1-27:143\"><strong>\u0110i\u1ec3m s\u1ee9c b\u1ec1n (Endurance Score):<\/strong> \u0110\u00e1nh gi\u00e1 kh\u1ea3 n\u0103ng duy tr\u00ec n\u1ed7 l\u1ef1c k\u00e9o d\u00e0i c\u1ee7a b\u1ea1n d\u1ef1a tr\u00ean ch\u1ec9 s\u1ed1 VO2 max v\u00e0 d\u1eef li\u1ec7u kh\u1ed1i l\u01b0\u1ee3ng t\u1eadp luy\u1ec7n.<\/li>\n<li data-sourcepos=\"28:1-28:123\"><strong>D\u1ef1 \u0111o\u00e1n cu\u1ed9c \u0111ua (Race Predictor):<\/strong> \u01af\u1edbc t\u00ednh t\u1ed1c \u0111\u1ed9 ti\u1ec1m n\u0103ng c\u1ee7a b\u1ea1n cho c\u00e1c c\u1ef1 ly 5K, 10K, b\u00e1n marathon v\u00e0 marathon.<\/li>\n<li data-sourcepos=\"29:1-29:170\"><strong>C\u00f4ng ngh\u1ec7 PacePro\u2122:<\/strong> Cung c\u1ea5p h\u01b0\u1edbng d\u1eabn t\u1ed1c \u0111\u1ed9 d\u1ef1a tr\u00ean GPS cho c\u00e1c ch\u1eb7ng \u0111\u01b0\u1eddng ho\u1eb7c kho\u1ea3ng c\u00e1ch \u0111\u00e3 ch\u1ecdn, gi\u00fap b\u1ea1n duy tr\u00ec chi\u1ebfn l\u01b0\u1ee3c t\u1ed1c \u0111\u1ed9 hi\u1ec7u qu\u1ea3 trong ng\u00e0y \u0111ua.<\/li>\n<li data-sourcepos=\"30:1-30:137\"><strong>T\u00ednh n\u0103ng ClimbPro\u2122:<\/strong> Hi\u1ec3n th\u1ecb th\u00f4ng tin theo th\u1eddi gian th\u1ef1c v\u1ec1 c\u00e1c \u0111o\u1ea1n leo d\u1ed1c hi\u1ec7n t\u1ea1i v\u00e0 s\u1eafp t\u1edbi tr\u00ean c\u00e1c kh\u00f3a h\u1ecdc \u0111\u00e3 t\u1ea3i tr\u01b0\u1edbc.<\/li>\n<li data-sourcepos=\"31:1-31:125\"><strong>T\u1ed1c \u0111\u1ed9 \u0111i\u1ec1u ch\u1ec9nh \u0111\u1ed9 d\u1ed1c (Grade-Adjusted Pace):<\/strong> Gi\u00fap duy tr\u00ec c\u01b0\u1eddng \u0111\u1ed9 ch\u1ea1y t\u01b0\u01a1ng \u0111\u01b0\u01a1ng gi\u1eefa \u0111\u1ecba h\u00ecnh b\u1eb1ng ph\u1eb3ng v\u00e0 d\u1ed1c.<\/li>\n<li data-sourcepos=\"32:1-32:163\"><strong>Tr\u1ea1ng th\u00e1i t\u1eadp luy\u1ec7n (Training Status):<\/strong> \u0110\u00e1nh gi\u00e1 hi\u1ec7u qu\u1ea3 c\u1ee7a qu\u00e1 tr\u00ecnh t\u1eadp luy\u1ec7n, cho bi\u1ebft li\u1ec7u b\u1ea1n \u0111ang t\u1eadp luy\u1ec7n hi\u1ec7u qu\u1ea3, \u0111\u1ea1t \u0111\u1ec9nh hay t\u1eadp luy\u1ec7n qu\u00e1 s\u1ee9c.<\/li>\n<li data-sourcepos=\"33:1-33:100\"><strong>Ch\u1ec9 s\u1ed1 hi\u1ec7u su\u1ea5t n\u00e2ng cao:<\/strong> Theo d\u00f5i c\u00e1c ch\u1ec9 s\u1ed1 quan tr\u1ecdng nh\u01b0 VO2 max v\u00e0 kh\u1ed1i l\u01b0\u1ee3ng t\u1eadp luy\u1ec7n.<\/li>\n<li data-sourcepos=\"34:1-34:120\"><strong>Theo d\u00f5i \u0111a m\u00f4n th\u1ec3 thao:<\/strong> T\u1ef1 \u0111\u1ed9ng ph\u00e1t hi\u1ec7n chuy\u1ec3n \u0111\u1ed5i gi\u1eefa b\u01a1i l\u1ed9i, \u0111\u1ea1p xe v\u00e0 ch\u1ea1y b\u1ed9 trong c\u00e1c ho\u1ea1t \u0111\u1ed9ng \u0111a m\u00f4n.<\/li>\n<li data-sourcepos=\"35:1-35:117\"><strong>\u0110i\u1ec3m leo \u0111\u1ed3i (Hill Score):<\/strong> \u0110o l\u01b0\u1eddng kh\u1ea3 n\u0103ng ch\u1ea1y l\u00ean d\u1ed1c v\u00e0 theo d\u00f5i ti\u1ebfn \u0111\u1ed9 c\u1ea3i thi\u1ec7n c\u1ee7a b\u1ea1n theo th\u1eddi gian.<\/li>\n<li data-sourcepos=\"36:1-36:110\"><strong>\u0110\u1ec1 xu\u1ea5t b\u00e0i t\u1eadp h\u00e0ng ng\u00e0y:<\/strong> Cung c\u1ea5p c\u00e1c \u0111\u1ec1 xu\u1ea5t b\u00e0i t\u1eadp t\u1ef1 \u0111\u1ed9ng \u0111i\u1ec1u ch\u1ec9nh sau m\u1ed7i l\u1ea7n ch\u1ea1y ho\u1eb7c \u0111\u1ea1p xe.<\/li>\n<li data-sourcepos=\"37:1-37:126\"><strong>Th\u1eddi gian ph\u1ee5c h\u1ed3i:<\/strong> \u01af\u1edbc t\u00ednh th\u1eddi gian c\u1ea7n thi\u1ebft \u0111\u1ec3 c\u01a1 th\u1ec3 ph\u1ee5c h\u1ed3i tr\u01b0\u1edbc khi th\u1ef1c hi\u1ec7n bu\u1ed5i t\u1eadp c\u01b0\u1eddng \u0111\u1ed9 cao ti\u1ebfp theo.<\/li>\n<li data-sourcepos=\"38:1-38:130\"><strong>Ti\u1ec7n \u00edch cu\u1ed9c \u0111ua (Race Widget):<\/strong> Cung c\u1ea5p c\u00e1c m\u1eb9o luy\u1ec7n t\u1eadp v\u00e0 g\u1ee3i \u00fd b\u00e0i t\u1eadp h\u00e0ng ng\u00e0y c\u00e1 nh\u00e2n h\u00f3a cho c\u00e1c cu\u1ed9c \u0111ua s\u1eafp t\u1edbi.<\/li>\n<li data-sourcepos=\"39:1-40:0\"><strong>\u0110\u1ed9ng l\u1ef1c ch\u1ea1y d\u1ef1a tr\u00ean c\u1ed5 tay:<\/strong> \u0110o l\u01b0\u1eddng c\u00e1c ch\u1ec9 s\u1ed1 ch\u1ea1y quan tr\u1ecdng tr\u1ef1c ti\u1ebfp t\u1eeb c\u1ed5 tay.<\/li>\n<\/ul>\n<h3 data-sourcepos=\"41:1-41:45\">\u0110i\u1ec1u H\u01b0\u1edbng B\u1ea3n \u0110\u1ed3 &amp; \u0110\u1ecbnh V\u1ecb Ch\u00ednh X\u00e1c<\/h3>\n<ul data-sourcepos=\"43:1-46:0\">\n<li data-sourcepos=\"43:1-43:127\"><strong>\u0110i\u1ec1u h\u01b0\u1edbng b\u1ea3n \u0111\u1ed3 n\u00e2ng cao:<\/strong> Bao g\u1ed3m t\u00ednh n\u0103ng l\u1eadp l\u1ed9 tr\u00ecnh kh\u1ee9 h\u1ed3i, gi\u00fap b\u1ea1n d\u1ec5 d\u00e0ng kh\u00e1m ph\u00e1 v\u00e0 quay l\u1ea1i \u0111i\u1ec3m xu\u1ea5t ph\u00e1t.<\/li>\n<li data-sourcepos=\"44:1-44:68\"><strong>B\u1ea3n \u0111\u1ed3 \u0111\u1ecba h\u00ecnh:<\/strong> Hi\u1ec3n th\u1ecb chi ti\u1ebft \u0111\u01b0\u1eddng \u0111\u1ed3ng m\u1ee9c v\u00e0 \u0111\u1ecba h\u00ecnh.<\/li>\n<li data-sourcepos=\"45:1-46:0\"><strong>B\u1ea3n \u0111\u1ed3 \u0111\u01b0\u1ee3c t\u1ea3i s\u1eb5n:<\/strong> T\u00edch h\u1ee3p s\u1eb5n b\u1ea3n \u0111\u1ed3 cho c\u00e1c s\u00e2n golf v\u00e0 khu ngh\u1ec9 d\u01b0\u1ee1ng tr\u01b0\u1ee3t tuy\u1ebft tr\u00ean to\u00e0n th\u1ebf gi\u1edbi, s\u1eb5n s\u00e0ng cho m\u1ecdi cu\u1ed9c phi\u00eau l\u01b0u.<\/li>\n<\/ul>\n<h3 data-sourcepos=\"47:1-47:36\">Theo D\u00f5i S\u1ee9c Kh\u1ecfe To\u00e0n Di\u1ec7n 24\/7<\/h3>\n<ul data-sourcepos=\"49:1-52:0\">\n<li data-sourcepos=\"49:1-49:142\"><strong>B\u00e1o c\u00e1o bu\u1ed5i s\u00e1ng (Morning Report):<\/strong> Cung c\u1ea5p b\u1ea3n t\u00f3m t\u1eaft h\u00e0ng ng\u00e0y v\u1ec1 s\u1ee9c kh\u1ecfe v\u00e0 th\u1ec3 ch\u1ea5t c\u1ee7a b\u1ea1n ngay khi th\u1ee9c d\u1eady (c\u00f3 th\u1ec3 t\u00f9y ch\u1ec9nh).<\/li>\n<li data-sourcepos=\"50:1-50:167\"><strong>\u0110i\u1ec3m s\u1eb5n s\u00e0ng t\u1eadp luy\u1ec7n (Training Readiness):<\/strong> \u0110\u00e1nh gi\u00e1 c\u00e1c ch\u1ec9 s\u1ed1 s\u1ee9c kh\u1ecfe \u0111\u1ec3 t\u1ed1i \u01b0u h\u00f3a hi\u1ec7u qu\u1ea3 t\u1eadp luy\u1ec7n v\u00e0 ph\u1ee5c h\u1ed3i, gi\u00fap tr\u00e1nh t\u00ecnh tr\u1ea1ng t\u1eadp luy\u1ec7n qu\u00e1 s\u1ee9c.<\/li>\n<li data-sourcepos=\"51:1-52:0\"><strong>Theo d\u00f5i s\u1ee9c kh\u1ecfe to\u00e0n di\u1ec7n:<\/strong> Gi\u00e1m s\u00e1t 24\/7 c\u00e1c kh\u00eda c\u1ea1nh v\u1ec1 th\u1ec3 ch\u1ea5t v\u00e0 tinh th\u1ea7n c\u1ee7a b\u1ea1n.<\/li>\n<\/ul>\n","protected":false},"excerpt":{"rendered":"<p><strong>\u2282\u2329 B\u1ea2O H\u00c0NH CH\u00cdNH H\u00c3NG 2 N\u0102M \u232a\u2283<\/strong><\/p>\n<p><strong>\u260e Li\u00ean h\u1ec7 t\u01b0 v\u1ea5n : 0972 658 351 \u2013\u00a0 0962 846 820 (g\u1ecdi tr\u1ef1c ti\u1ebfp ho\u1eb7c Zalo).<\/strong><\/p>\n","protected":false},"featured_media":4264,"comment_status":"open","ping_status":"closed","template":"","meta":[],"product_cat":[40,48,47],"product_tag":[],"class_list":{"0":"post-4263","1":"product","2":"type-product","3":"status-publish","4":"has-post-thumbnail","6":"product_cat-dong-ho-thong-minh","7":"product_cat-fenix","8":"product_cat-the-thao-va-suc-khoe","10":"first","11":"instock","12":"sale","13":"shipping-taxable","14":"purchasable","15":"product-type-simple"},"_links":{"self":[{"href":"https:\/\/gpsgarmin.vn\/index.php?rest_route=\/wp\/v2\/product\/4263","targetHints":{"allow":["GET"]}}],"collection":[{"href":"https:\/\/gpsgarmin.vn\/index.php?rest_route=\/wp\/v2\/product"}],"about":[{"href":"https:\/\/gpsgarmin.vn\/index.php?rest_route=\/wp\/v2\/types\/product"}],"replies":[{"embeddable":true,"href":"https:\/\/gpsgarmin.vn\/index.php?rest_route=%2Fwp%2Fv2%2Fcomments&post=4263"}],"version-history":[{"count":4,"href":"https:\/\/gpsgarmin.vn\/index.php?rest_route=\/wp\/v2\/product\/4263\/revisions"}],"predecessor-version":[{"id":4835,"href":"https:\/\/gpsgarmin.vn\/index.php?rest_route=\/wp\/v2\/product\/4263\/revisions\/4835"}],"wp:featuredmedia":[{"embeddable":true,"href":"https:\/\/gpsgarmin.vn\/index.php?rest_route=\/wp\/v2\/media\/4264"}],"wp:attachment":[{"href":"https:\/\/gpsgarmin.vn\/index.php?rest_route=%2Fwp%2Fv2%2Fmedia&parent=4263"}],"wp:term":[{"taxonomy":"product_cat","embeddable":true,"href":"https:\/\/gpsgarmin.vn\/index.php?rest_route=%2Fwp%2Fv2%2Fproduct_cat&post=4263"},{"taxonomy":"product_tag","embeddable":true,"href":"https:\/\/gpsgarmin.vn\/index.php?rest_route=%2Fwp%2Fv2%2Fproduct_tag&post=4263"}],"curies":[{"name":"wp","href":"https:\/\/api.w.org\/{rel}","templated":true}]}}