{"id":4227,"date":"2025-06-18T09:51:28","date_gmt":"2025-06-18T02:51:28","guid":{"rendered":"http:\/\/demo.garminvietnam.vn\/?post_type=product&#038;p=4227"},"modified":"2025-09-25T10:11:16","modified_gmt":"2025-09-25T03:11:16","slug":"garmin-forerunner-165-music","status":"publish","type":"product","link":"https:\/\/gpsgarmin.vn\/?product=garmin-forerunner-165-music","title":{"rendered":"Garmin Forerunner 165 Music"},"content":{"rendered":"<h2 data-sourcepos=\"5:1-5:77\">\u0110\u1ed3ng h\u1ed3 Garmin <a href=\"https:\/\/gpsgarmin.vn\/?product=garmin-forerunner-165-music\">Forerunner 165 Music<\/a> &#8211; N\u00e2ng T\u1ea7m Tr\u1ea3i Nghi\u1ec7m Ch\u1ea1y B\u1ed9 C\u1ee7a B\u1ea1n<\/h2>\n<p data-sourcepos=\"7:1-7:344\"><strong>\u0110\u1ed3ng h\u1ed3 Garmin <a href=\"https:\/\/gpsgarmin.vn\/?product=garmin-forerunner-165-music\">Forerunner 165 Music<\/a><\/strong> l\u00e0 chi\u1ebfc \u0111\u1ed3ng h\u1ed3 th\u00f4ng minh GPS \u0111\u01b0\u1ee3c thi\u1ebft k\u1ebf \u0111\u1eb7c bi\u1ec7t d\u00e0nh cho nh\u1eefng ng\u01b0\u1eddi y\u00eau th\u00edch ch\u1ea1y b\u1ed9, gi\u00fap b\u1ea1n kh\u00f4ng ch\u1ec9 \u0111\u1ea1t \u0111\u01b0\u1ee3c m\u00e0 c\u00f2n v\u01b0\u1ee3t qua c\u00e1c m\u1ee5c ti\u00eau th\u1ec3 thao c\u1ee7a m\u00ecnh. V\u1edbi m\u00e0n h\u00ecnh AMOLED s\u1ed1ng \u0111\u1ed9ng, thi\u1ebft b\u1ecb n\u00e0y kh\u00f4ng ch\u1ec9 hi\u1ec3n th\u1ecb r\u00f5 n\u00e9t m\u1ecdi d\u1eef li\u1ec7u m\u00e0 c\u00f2n mang \u0111\u1ebfn tr\u1ea3i nghi\u1ec7m t\u1eadp luy\u1ec7n \u0111\u1ea7y c\u1ea3m h\u1ee9ng.<\/p>\n<p data-sourcepos=\"7:1-7:344\"><img fetchpriority=\"high\" decoding=\"async\" class=\"\" src=\"https:\/\/res.garmin.com\/en\/products\/010-02863-20\/g\/65366-2.jpg\" width=\"390\" height=\"439\" \/><img decoding=\"async\" class=\"\" src=\"https:\/\/res.garmin.com\/en\/products\/010-02863-20\/g\/65366-5.jpg\" width=\"390\" height=\"439\" \/><img decoding=\"async\" class=\"\" src=\"https:\/\/res.garmin.com\/en\/products\/010-02863-20\/g\/65366-6.jpg\" width=\"391\" height=\"440\" \/><\/p>\n<h3 data-sourcepos=\"9:1-9:48\">Hu\u1ea5n Luy\u1ec7n &amp; Theo D\u00f5i Ch\u1ea1y B\u1ed9 Chuy\u00ean S\u00e2u<\/h3>\n<ul data-sourcepos=\"11:1-21:0\">\n<li data-sourcepos=\"11:1-11:130\"><strong>T\u00ednh n\u0103ng ch\u1ea1y b\u1ed9 thi\u1ebft y\u1ebfu:<\/strong> Cung c\u1ea5p \u0111\u1ea7y \u0111\u1ee7 c\u00e1c th\u00f4ng s\u1ed1 quan tr\u1ecdng nh\u01b0 t\u1ed1c \u0111\u1ed9, qu\u00e3ng \u0111\u01b0\u1eddng v\u00e0 nh\u1ecbp tim \u0111o ngay t\u1ea1i c\u1ed5 tay.<\/li>\n<li data-sourcepos=\"12:1-12:215\"><strong>K\u1ebf ho\u1ea1ch luy\u1ec7n t\u1eadp c\u00e1 nh\u00e2n h\u00f3a:<\/strong> \u0110\u1ec1 xu\u1ea5t c\u00e1c bu\u1ed5i t\u1eadp h\u00e0ng ng\u00e0y \u0111\u01b0\u1ee3c \u0111i\u1ec1u ch\u1ec9nh linh ho\u1ea1t theo hi\u1ec7u su\u1ea5t v\u00e0 kh\u1ea3 n\u0103ng ph\u1ee5c h\u1ed3i c\u1ee7a b\u1ea1n, \u0111\u1ed3ng b\u1ed9 h\u00f3a d\u1ec5 d\u00e0ng v\u1edbi \u1ee9ng d\u1ee5ng Garmin Connect tr\u00ean \u0111i\u1ec7n tho\u1ea1i th\u00f4ng minh.<\/li>\n<li data-sourcepos=\"13:1-13:123\"><strong>Garmin Coach:<\/strong> Truy c\u1eadp mi\u1ec5n ph\u00ed c\u00e1c k\u1ebf ho\u1ea1ch luy\u1ec7n t\u1eadp 5K, 10K v\u00e0 Half Marathon t\u1eeb c\u00e1c hu\u1ea5n luy\u1ec7n vi\u00ean chuy\u00ean nghi\u1ec7p.<\/li>\n<li data-sourcepos=\"14:1-14:167\"><strong>S\u1eb5n s\u00e0ng cho cu\u1ed9c \u0111ua:<\/strong> H\u1ed7 tr\u1ee3 b\u1ea1n chu\u1ea9n b\u1ecb t\u1ed1i \u01b0u cho c\u00e1c cu\u1ed9c \u0111ua s\u1eafp t\u1edbi v\u1edbi c\u00e1c m\u1eb9o luy\u1ec7n t\u1eadp, b\u00e0i t\u1eadp c\u00e1 nh\u00e2n h\u00f3a h\u00e0ng ng\u00e0y v\u00e0 \u01b0\u1edbc t\u00ednh th\u1eddi gian ho\u00e0n th\u00e0nh.<\/li>\n<li data-sourcepos=\"15:1-15:107\"><strong>\u0110\u1ed9ng l\u1ef1c ch\u1ea1y b\u1ed9:<\/strong> \u0110o l\u01b0\u1eddng c\u00e1c ch\u1ec9 s\u1ed1 ch\u1ea1y quan tr\u1ecdng gi\u00fap b\u1ea1n c\u1ea3i thi\u1ec7n t\u01b0 th\u1ebf v\u00e0 hi\u1ec7u qu\u1ea3 khi ch\u1ea1y.<\/li>\n<li data-sourcepos=\"16:1-16:142\"><strong>Ch\u1ebf \u0111\u1ed9 ch\u1ea1y \u0111\u01b0\u1eddng \u0111ua (Track Run):<\/strong> Ghi l\u1ea1i ch\u00ednh x\u00e1c qu\u00e3ng \u0111\u01b0\u1eddng t\u1eebng v\u00f2ng v\u00e0 hi\u1ec3n th\u1ecb c\u00e1c ch\u1ec9 s\u1ed1 chi ti\u1ebft khi b\u1ea1n ch\u1ea1y tr\u00ean \u0111\u01b0\u1eddng ch\u1ea1y.<\/li>\n<li data-sourcepos=\"17:1-17:131\"><strong>PacePro\u2122:<\/strong> Cung c\u1ea5p h\u01b0\u1edbng d\u1eabn nh\u1ecbp \u0111\u1ed9 d\u1ef1a tr\u00ean GPS cho qu\u00e3ng \u0111\u01b0\u1eddng ho\u1eb7c kho\u1ea3ng c\u00e1ch \u0111\u00e3 ch\u1ecdn, gi\u00fap b\u1ea1n duy tr\u00ec t\u1ed1c \u0111\u1ed9 l\u00fd t\u01b0\u1edfng.<\/li>\n<li data-sourcepos=\"18:1-18:121\"><strong>D\u1ef1 \u0111o\u00e1n th\u1eddi gian cu\u1ed9c \u0111ua:<\/strong> \u01af\u1edbc t\u00ednh th\u1eddi gian ho\u00e0n th\u00e0nh c\u1ee7a b\u1ea1n cho c\u00e1c c\u1ef1 ly 5K, 10K, Half Marathon v\u00e0 Marathon.<\/li>\n<li data-sourcepos=\"19:1-19:96\"><strong>VO2 Max:<\/strong> \u0110\u00e1nh gi\u00e1 m\u1ee9c \u0111\u1ed9 th\u1ec3 ch\u1ea5t hi\u1ec7n t\u1ea1i c\u1ee7a b\u1ea1n v\u00e0 theo d\u00f5i s\u1ef1 thay \u0111\u1ed5i theo th\u1eddi gian.<\/li>\n<li data-sourcepos=\"20:1-21:0\"><strong>Ph\u00fat c\u01b0\u1eddng \u0111\u1ed9:<\/strong> Ghi l\u1ea1i s\u1ed1 ph\u00fat ho\u1ea1t \u0111\u1ed9ng \u1edf c\u01b0\u1eddng \u0111\u1ed9 v\u1eeba ph\u1ea3i v\u00e0 cao, gi\u00fap b\u1ea1n \u0111\u1ea1t \u0111\u01b0\u1ee3c m\u1ee5c ti\u00eau t\u1eadp luy\u1ec7n.<\/li>\n<\/ul>\n<h3 data-sourcepos=\"22:1-22:31\">Theo D\u00f5i S\u1ee9c Kh\u1ecfe To\u00e0n Di\u1ec7n<\/h3>\n<ul data-sourcepos=\"24:1-34:0\">\n<li data-sourcepos=\"24:1-24:158\"><strong>B\u00e1o c\u00e1o bu\u1ed5i s\u00e1ng (Morning Report):<\/strong> Cung c\u1ea5p t\u1ed5ng quan v\u1ec1 gi\u1ea5c ng\u1ee7, m\u1ee9c \u0111\u1ed9 s\u1eb5n s\u00e0ng t\u1eadp luy\u1ec7n, tr\u1ea1ng th\u00e1i HRV v\u00e0 d\u1ef1 b\u00e1o th\u1eddi ti\u1ebft ngay khi b\u1ea1n th\u1ee9c d\u1eady.<\/li>\n<li data-sourcepos=\"25:1-25:143\"><strong>Theo d\u00f5i gi\u1ea5c ng\u1ee7:<\/strong> Gi\u00e1m s\u00e1t gi\u1ea5c ng\u1ee7 c\u1ee7a b\u1ea1n v\u00e0 cung c\u1ea5p \u0111i\u1ec3m s\u1ed1 gi\u1ea5c ng\u1ee7 c\u00f9ng nh\u1eefng hi\u1ec3u bi\u1ebft s\u00e2u s\u1eafc \u0111\u1ec3 c\u1ea3i thi\u1ec7n ch\u1ea5t l\u01b0\u1ee3ng ngh\u1ec9 ng\u01a1i.<\/li>\n<li data-sourcepos=\"26:1-26:150\"><strong>Theo d\u00f5i n\u0103ng l\u01b0\u1ee3ng Body Battery\u2122:<\/strong> Gi\u00fap b\u1ea1n n\u1eafm b\u1eaft m\u1ee9c n\u0103ng l\u01b0\u1ee3ng c\u1ee7a c\u01a1 th\u1ec3 \u0111\u1ec3 \u0111\u01b0a ra quy\u1ebft \u0111\u1ecbnh t\u1ed1t nh\u1ea5t v\u1ec1 th\u1eddi gian ho\u1ea1t \u0111\u1ed9ng v\u00e0 ngh\u1ec9 ng\u01a1i.<\/li>\n<li data-sourcepos=\"27:1-27:218\"><strong>Th\u1eddi gian ph\u1ee5c h\u1ed3i:<\/strong> \u0110\u01b0a ra l\u1eddi khuy\u00ean v\u1ec1 th\u1eddi gian ngh\u1ec9 ng\u01a1i c\u1ea7n thi\u1ebft tr\u01b0\u1edbc khi b\u1eaft \u0111\u1ea7u bu\u1ed5i t\u1eadp c\u01b0\u1eddng \u0111\u1ed9 cao ti\u1ebfp theo, d\u1ef1a tr\u00ean c\u00e1c bu\u1ed5i t\u1eadp g\u1ea7n \u0111\u00e2y, m\u1ee9c \u0111\u1ed9 c\u0103ng th\u1eb3ng, gi\u1ea5c ng\u1ee7 v\u00e0 ho\u1ea1t \u0111\u1ed9ng h\u00e0ng ng\u00e0y c\u1ee7a b\u1ea1n.<\/li>\n<li data-sourcepos=\"28:1-28:150\"><strong>Ph\u00e1t hi\u1ec7n gi\u1ea5c ng\u1ee7 ng\u1eafn (Nap Detection):<\/strong> T\u1ef1 \u0111\u1ed9ng theo d\u00f5i v\u00e0 ghi l\u1ea1i c\u00e1c gi\u1ea5c ng\u1ee7 ng\u1eafn, \u0111\u1ed3ng th\u1eddi cho b\u1ea1n bi\u1ebft l\u1ee3i \u00edch c\u1ee7a ch\u00fang \u0111\u1ed1i v\u1edbi c\u01a1 th\u1ec3.<\/li>\n<li data-sourcepos=\"29:1-29:145\"><strong>Theo d\u00f5i s\u1ee9c kh\u1ecfe ph\u1ee5 n\u1eef:<\/strong> Cho ph\u00e9p b\u1ea1n theo d\u00f5i chu k\u1ef3 kinh nguy\u1ec7t ho\u1eb7c qu\u00e1 tr\u00ecnh mang thai, c\u00f9ng v\u1edbi h\u01b0\u1edbng d\u1eabn v\u1ec1 t\u1eadp luy\u1ec7n v\u00e0 dinh d\u01b0\u1ee1ng.<\/li>\n<li data-sourcepos=\"30:1-30:104\"><strong>Theo d\u00f5i m\u1ee9c \u0111\u1ed9 c\u0103ng th\u1eb3ng:<\/strong> Gi\u00fap b\u1ea1n x\u00e1c \u0111\u1ecbnh nh\u1eefng kho\u1ea3nh kh\u1eafc b\u00ecnh t\u0129nh, c\u00e2n b\u1eb1ng v\u00e0 c\u0103ng th\u1eb3ng.<\/li>\n<li data-sourcepos=\"31:1-31:63\"><strong>C\u1ea3m bi\u1ebfn Pulse Ox:<\/strong> Theo d\u00f5i m\u1ee9c \u0111\u1ed9 b\u00e3o h\u00f2a oxy trong m\u00e1u.<\/li>\n<li data-sourcepos=\"32:1-32:132\"><strong>Tr\u1ea1ng th\u00e1i HRV:<\/strong> Cung c\u1ea5p c\u00e1i nh\u00ecn s\u00e2u s\u1eafc v\u1ec1 s\u1ee9c kh\u1ecfe t\u1ed5ng th\u1ec3, qu\u00e1 tr\u00ecnh t\u1eadp luy\u1ec7n v\u00e0 ph\u1ee5c h\u1ed3i th\u00f4ng qua bi\u1ebfn thi\u00ean nh\u1ecbp tim.<\/li>\n<li data-sourcepos=\"33:1-34:0\"><strong>\u1ea2nh ch\u1ee5p nhanh s\u1ee9c kh\u1ecfe (Health Snapshot\u2122):<\/strong> Ghi l\u1ea1i m\u1ed9t phi\u00ean b\u1ea3n 2 ph\u00fat c\u00e1c ch\u1ec9 s\u1ed1 s\u1ee9c kh\u1ecfe ch\u00ednh c\u1ee7a b\u1ea1n, t\u1ea1o m\u1ed9t b\u00e1o c\u00e1o \u0111\u1ec3 chia s\u1ebb v\u1edbi chuy\u00ean gia ch\u0103m s\u00f3c s\u1ee9c kh\u1ecfe.<\/li>\n<\/ul>\n<h3 data-sourcepos=\"35:1-35:39\">T\u00ednh N\u0103ng Th\u00f4ng Minh &amp; Gi\u1ea3i Tr\u00ed<\/h3>\n<ul data-sourcepos=\"37:1-45:0\">\n<li data-sourcepos=\"37:1-37:175\"><strong>L\u01b0u tr\u1eef nh\u1ea1c:<\/strong> T\u1ea3i xu\u1ed1ng c\u00e1c b\u00e0i h\u00e1t v\u00e0 danh s\u00e1ch ph\u00e1t t\u1eeb c\u00e1c d\u1ecbch v\u1ee5 nh\u01b0 Spotify (c\u00f3 th\u1ec3 y\u00eau c\u1ea7u \u0111\u0103ng k\u00fd) \u0111\u1ec3 nghe nh\u1ea1c kh\u00f4ng c\u1ea7n \u0111i\u1ec7n tho\u1ea1i th\u00f4ng qua tai nghe kh\u00f4ng d\u00e2y.<\/li>\n<li data-sourcepos=\"38:1-38:106\"><strong>H\u01b0\u1edbng d\u1eabn \u00e2m thanh:<\/strong> Cung c\u1ea5p th\u00f4ng b\u00e1o v\u1ec1 hi\u1ec7u su\u1ea5t v\u00e0 h\u01b0\u1edbng d\u1eabn b\u1ea1n trong su\u1ed1t qu\u00e1 tr\u00ecnh t\u1eadp luy\u1ec7n.<\/li>\n<li data-sourcepos=\"39:1-39:104\"><strong>Thanh to\u00e1n kh\u00f4ng ti\u1ebfp x\u00fac Garmin Pay\u2122:<\/strong> Thanh to\u00e1n nhanh ch\u00f3ng v\u00e0 ti\u1ec7n l\u1ee3i ch\u1ec9 v\u1edbi \u0111\u1ed3ng h\u1ed3 c\u1ee7a b\u1ea1n.<\/li>\n<li data-sourcepos=\"40:1-40:124\"><strong>Th\u00f4ng b\u00e1o th\u00f4ng minh:<\/strong> Hi\u1ec3n th\u1ecb email, tin nh\u1eafn v\u00e0 c\u00e1c c\u1ea3nh b\u00e1o kh\u00e1c khi k\u1ebft n\u1ed1i v\u1edbi \u0111i\u1ec7n tho\u1ea1i th\u00f4ng minh t\u01b0\u01a1ng th\u00edch.<\/li>\n<li data-sourcepos=\"41:1-41:169\"><strong>T\u00ednh n\u0103ng an to\u00e0n v\u00e0 theo d\u00f5i:<\/strong> C\u00f3 th\u1ec3 g\u1eedi tin nh\u1eafn k\u00e8m v\u1ecb tr\u00ed tr\u1ef1c ti\u1ebfp c\u1ee7a b\u1ea1n n\u1ebfu ph\u00e1t hi\u1ec7n s\u1ef1 c\u1ed1, ho\u1eb7c b\u1ea1n c\u00f3 th\u1ec3 k\u00edch ho\u1ea1t th\u1ee7 c\u00f4ng n\u1ebfu c\u1ea3m th\u1ea5y kh\u00f4ng an to\u00e0n.<\/li>\n<li data-sourcepos=\"42:1-42:90\"><strong>LiveTrack:<\/strong> Cho ph\u00e9p b\u1ea1n b\u00e8 v\u00e0 gia \u0111\u00ecnh theo d\u00f5i v\u1ecb tr\u00ed c\u1ee7a b\u1ea1n trong th\u1eddi gian th\u1ef1c.<\/li>\n<li data-sourcepos=\"43:1-43:107\"><strong>\u1ee8ng d\u1ee5ng Garmin Connect\u2122:<\/strong> Theo d\u00f5i d\u1eef li\u1ec7u s\u1ee9c kh\u1ecfe v\u00e0 th\u1ec3 ch\u1ea5t, k\u1ebft n\u1ed1i v\u1edbi b\u1ea1n b\u00e8 v\u00e0 nhi\u1ec1u h\u01a1n n\u1eefa.<\/li>\n<li data-sourcepos=\"44:1-45:0\"><strong>C\u1eeda h\u00e0ng Connect IQ\u2122:<\/strong> T\u1ea3i xu\u1ed1ng th\u00eam m\u1eb7t \u0111\u1ed3ng h\u1ed3, tr\u01b0\u1eddng d\u1eef li\u1ec7u, \u1ee9ng d\u1ee5ng v\u00e0 widget \u0111\u1ec3 c\u00e1 nh\u00e2n h\u00f3a thi\u1ebft b\u1ecb.<\/li>\n<\/ul>\n","protected":false},"excerpt":{"rendered":"<p><strong>\u2282\u2329 B\u1ea2O H\u00c0NH CH\u00cdNH H\u00c3NG 2 N\u0102M \u232a\u2283<\/strong><\/p>\n<p><strong>\u260e Li\u00ean h\u1ec7 t\u01b0 v\u1ea5n : 0972 658 351 \u2013\u00a0 0962 846 820 (g\u1ecdi tr\u1ef1c ti\u1ebfp ho\u1eb7c Zalo).<\/strong><\/p>\n","protected":false},"featured_media":4224,"comment_status":"open","ping_status":"closed","template":"","meta":[],"product_cat":[40,46,47],"product_tag":[],"class_list":{"0":"post-4227","1":"product","2":"type-product","3":"status-publish","4":"has-post-thumbnail","6":"product_cat-dong-ho-thong-minh","7":"product_cat-forerunner","8":"product_cat-the-thao-va-suc-khoe","10":"first","11":"instock","12":"sale","13":"shipping-taxable","14":"purchasable","15":"product-type-variable"},"_links":{"self":[{"href":"https:\/\/gpsgarmin.vn\/index.php?rest_route=\/wp\/v2\/product\/4227","targetHints":{"allow":["GET"]}}],"collection":[{"href":"https:\/\/gpsgarmin.vn\/index.php?rest_route=\/wp\/v2\/product"}],"about":[{"href":"https:\/\/gpsgarmin.vn\/index.php?rest_route=\/wp\/v2\/types\/product"}],"replies":[{"embeddable":true,"href":"https:\/\/gpsgarmin.vn\/index.php?rest_route=%2Fwp%2Fv2%2Fcomments&post=4227"}],"version-history":[{"count":4,"href":"https:\/\/gpsgarmin.vn\/index.php?rest_route=\/wp\/v2\/product\/4227\/revisions"}],"predecessor-version":[{"id":4235,"href":"https:\/\/gpsgarmin.vn\/index.php?rest_route=\/wp\/v2\/product\/4227\/revisions\/4235"}],"wp:featuredmedia":[{"embeddable":true,"href":"https:\/\/gpsgarmin.vn\/index.php?rest_route=\/wp\/v2\/media\/4224"}],"wp:attachment":[{"href":"https:\/\/gpsgarmin.vn\/index.php?rest_route=%2Fwp%2Fv2%2Fmedia&parent=4227"}],"wp:term":[{"taxonomy":"product_cat","embeddable":true,"href":"https:\/\/gpsgarmin.vn\/index.php?rest_route=%2Fwp%2Fv2%2Fproduct_cat&post=4227"},{"taxonomy":"product_tag","embeddable":true,"href":"https:\/\/gpsgarmin.vn\/index.php?rest_route=%2Fwp%2Fv2%2Fproduct_tag&post=4227"}],"curies":[{"name":"wp","href":"https:\/\/api.w.org\/{rel}","templated":true}]}}