{"id":4191,"date":"2025-06-18T09:17:36","date_gmt":"2025-06-18T02:17:36","guid":{"rendered":"http:\/\/demo.garminvietnam.vn\/?post_type=product&#038;p=4191"},"modified":"2025-09-25T15:11:01","modified_gmt":"2025-09-25T08:11:01","slug":"garmin-lily-2","status":"publish","type":"product","link":"https:\/\/gpsgarmin.vn\/?product=garmin-lily-2","title":{"rendered":"Garmin Lily 2"},"content":{"rendered":"<h2 data-sourcepos=\"5:1-5:70\">\u0110\u1ed3ng h\u1ed3 Garmin <a href=\"https:\/\/gpsgarmin.vn\/?product=garmin-lily-2\">Lily 2<\/a> &#8211; N\u00e2ng T\u1ea7m Phong C\u00e1ch &amp; Ch\u0103m S\u00f3c S\u1ee9c Kh\u1ecfe<\/h2>\n<p data-sourcepos=\"7:1-7:298\"><strong>\u0110\u1ed3ng h\u1ed3 Garmin <a href=\"https:\/\/gpsgarmin.vn\/?product=garmin-lily-2\">Lily 2<\/a><\/strong> l\u00e0 m\u1ed9t chi\u1ebfc \u0111\u1ed3ng h\u1ed3 th\u00f4ng minh nh\u1ecf g\u1ecdn v\u00e0 th\u1eddi trang, \u0111\u01b0\u1ee3c thi\u1ebft k\u1ebf \u0111\u1ec3 gi\u00fap b\u1ea1n lu\u00f4n t\u1ecfa s\u00e1ng t\u1eeb trong ra ngo\u00e0i. V\u1edbi m\u1eb7t k\u00ednh c\u00f3 h\u1ecda ti\u1ebft \u0111\u1ed9c \u0111\u00e1o, ch\u1ec9 c\u1ea7n ch\u1ea1m nh\u1eb9 ho\u1eb7c xoay c\u1ed5 tay, m\u00e0n h\u00ecnh c\u1ea3m \u1ee9ng s\u00e1ng r\u00f5 s\u1ebd hi\u1ec7n l\u00ean, mang \u0111\u1ebfn v\u1ebb ngo\u00e0i thanh l\u1ecbch v\u00e0 s\u1ef1 ti\u1ec7n l\u1ee3i t\u1ed1i \u01b0u.<\/p>\n<p data-sourcepos=\"7:1-7:298\"><img fetchpriority=\"high\" decoding=\"async\" class=\"app__feature__card__image\" src=\"https:\/\/res.garmin.com\/vi_VN\/products\/010-02839-20\/g\/lily2-feature-vn-03.jpg\" alt=\"\" width=\"390\" height=\"390\" \/><img decoding=\"async\" class=\"\" src=\"https:\/\/res.garmin.com\/vi_VN\/products\/010-02839-20\/g\/lily2-feature-vn-01.jpg\" width=\"390\" height=\"390\" \/><img decoding=\"async\" class=\"\" src=\"https:\/\/res.garmin.com\/vi_VN\/products\/010-02839-20\/g\/lily2-feature-vn-02.jpg\" alt=\"Lorem ipsum dolor sit amet\" width=\"390\" height=\"390\" \/><\/p>\n<h3 data-sourcepos=\"9:1-9:34\">Thi\u1ebft K\u1ebf Tinh T\u1ebf &amp; C\u00e1 T\u00ednh<\/h3>\n<ul data-sourcepos=\"11:1-14:0\">\n<li data-sourcepos=\"11:1-11:125\"><strong>Thi\u1ebft k\u1ebf nh\u1ecf g\u1ecdn, hi\u1ec7n \u0111\u1ea1i:<\/strong> <a href=\"https:\/\/gpsgarmin.vn\/?product=garmin-lily-2\">Lily 2<\/a> \u0111\u01b0\u1ee3c ch\u1ebf t\u00e1c \u0111\u1ec3 l\u00e0m n\u1ed5i b\u1eadt phong c\u00e1ch c\u1ee7a b\u1ea1n, d\u1ec5 d\u00e0ng ph\u1ed1i h\u1ee3p v\u1edbi m\u1ecdi trang ph\u1ee5c.<\/li>\n<li data-sourcepos=\"12:1-12:106\"><strong>M\u1eb7t k\u00ednh h\u1ecda ti\u1ebft \u1ea9n:<\/strong> M\u1ed9t v\u1ebb \u0111\u1eb9p \u0111\u1ed9c \u0111\u00e1o, n\u01a1i m\u00e0n h\u00ecnh hi\u1ec3n th\u1ecb s\u1ed1ng \u0111\u1ed9ng ch\u1ec9 xu\u1ea5t hi\u1ec7n khi b\u1ea1n c\u1ea7n.<\/li>\n<li data-sourcepos=\"13:1-14:0\"><strong>T\u00f9y ch\u1ec9nh phong c\u00e1ch:<\/strong> L\u1ef1a ch\u1ecdn t\u1eeb nhi\u1ec1u lo\u1ea1i d\u00e2y \u0111eo 14mm th\u00e1o l\u1eafp nhanh, bao g\u1ed3m silicone, v\u1ea3i ho\u1eb7c da \u00dd, \u0111\u1ec3 ph\u00f9 h\u1ee3p v\u1edbi c\u00e1 t\u00ednh v\u00e0 s\u1edf th\u00edch ri\u00eang c\u1ee7a b\u1ea1n.<\/li>\n<\/ul>\n<h3 data-sourcepos=\"15:1-15:48\">T\u00ednh N\u0103ng S\u1ee9c Kh\u1ecfe &amp; H\u1ed3i Ph\u1ee5c Chuy\u00ean S\u00e2u<\/h3>\n<ul data-sourcepos=\"17:1-24:0\">\n<li data-sourcepos=\"17:1-17:109\"><strong>Theo d\u00f5i nh\u1ecbp tim 24\/7:<\/strong> Gi\u00e1m s\u00e1t nh\u1ecbp tim li\u00ean t\u1ee5c, gi\u00fap b\u1ea1n hi\u1ec3u r\u00f5 h\u01a1n v\u1ec1 s\u1ee9c kh\u1ecfe tim m\u1ea1ch c\u1ee7a m\u00ecnh.<\/li>\n<li data-sourcepos=\"18:1-18:174\"><strong>\u0110i\u1ec3m s\u1ed1 v\u00e0 ph\u00e2n t\u00edch gi\u1ea5c ng\u1ee7:<\/strong> Cung c\u1ea5p c\u00e1i nh\u00ecn s\u00e2u s\u1eafc v\u1ec1 ch\u1ea5t l\u01b0\u1ee3ng gi\u1ea5c ng\u1ee7 c\u1ee7a b\u1ea1n, bao g\u1ed3m c\u00e1c giai \u0111o\u1ea1n ng\u1ee7 v\u00e0 c\u00e1c y\u1ebfu t\u1ed1 \u1ea3nh h\u01b0\u1edfng, gi\u00fap b\u1ea1n c\u1ea3i thi\u1ec7n gi\u1ea5c ng\u1ee7.<\/li>\n<li data-sourcepos=\"19:1-19:164\"><strong>Theo d\u00f5i n\u0103ng l\u01b0\u1ee3ng Body Battery\u2122:<\/strong> Gi\u00fap b\u1ea1n nh\u1eadn bi\u1ebft m\u1ee9c n\u0103ng l\u01b0\u1ee3ng c\u1ee7a c\u01a1 th\u1ec3 trong su\u1ed1t c\u1ea3 ng\u00e0y, t\u1eeb \u0111\u00f3 t\u1ed1i \u01b0u h\u00f3a th\u1eddi gian cho c\u00e1c ho\u1ea1t \u0111\u1ed9ng v\u00e0 ngh\u1ec9 ng\u01a1i.<\/li>\n<li data-sourcepos=\"20:1-20:140\"><strong>Theo d\u00f5i s\u1ee9c kh\u1ecfe ph\u1ee5 n\u1eef:<\/strong> Ghi l\u1ea1i chu k\u1ef3 kinh nguy\u1ec7t ho\u1eb7c qu\u00e1 tr\u00ecnh mang thai, cung c\u1ea5p th\u00f4ng tin h\u1eefu \u00edch \u0111\u1ec3 qu\u1ea3n l\u00fd s\u1ee9c kh\u1ecfe t\u1ed1t h\u01a1n.<\/li>\n<li data-sourcepos=\"21:1-21:110\"><strong>Theo d\u00f5i m\u1ee9c \u0111\u1ed9 c\u0103ng th\u1eb3ng:<\/strong> Gi\u00fap b\u1ea1n nh\u1eadn di\u1ec7n nh\u1eefng kho\u1ea3nh kh\u1eafc c\u0103ng th\u1eb3ng v\u00e0 c\u00e2n b\u1eb1ng trong cu\u1ed9c s\u1ed1ng.<\/li>\n<li data-sourcepos=\"22:1-22:91\"><strong>B\u00e0i t\u1eadp th\u1edf ch\u00e1nh ni\u1ec7m:<\/strong> H\u01b0\u1edbng d\u1eabn c\u00e1c b\u00e0i t\u1eadp h\u00edt th\u1edf \u0111\u1ec3 th\u01b0 gi\u00e3n v\u00e0 gi\u1ea3m c\u0103ng th\u1eb3ng.<\/li>\n<li data-sourcepos=\"23:1-24:0\"><strong>C\u1ea3m bi\u1ebfn Pulse Ox:<\/strong> Theo d\u00f5i \u0111\u1ed9 b\u00e3o h\u00f2a oxy trong m\u00e1u c\u1ee7a b\u1ea1n, cung c\u1ea5p th\u00f4ng tin quan tr\u1ecdng v\u1ec1 m\u1ee9c oxy h\u00f3a c\u1ee7a c\u01a1 th\u1ec3.<\/li>\n<\/ul>\n<h3 data-sourcepos=\"25:1-25:37\">T\u00ednh N\u0103ng Th\u1ec3 Thao &amp; V\u1eadn \u0110\u1ed9ng<\/h3>\n<ul data-sourcepos=\"27:1-30:0\">\n<li data-sourcepos=\"27:1-27:132\"><strong>Theo d\u00f5i ho\u1ea1t \u0111\u1ed9ng h\u00e0ng ng\u00e0y:<\/strong> \u0110\u1ebfm s\u1ed1 b\u01b0\u1edbc ch\u00e2n, ph\u00fat v\u1eadn \u0111\u1ed9ng t\u00edch c\u1ef1c v\u00e0 nhi\u1ec1u ch\u1ec9 s\u1ed1 kh\u00e1c \u0111\u1ec3 b\u1ea1n duy tr\u00ec l\u1ed1i s\u1ed1ng n\u0103ng \u0111\u1ed9ng.<\/li>\n<li data-sourcepos=\"28:1-28:159\"><strong>\u1ee8ng d\u1ee5ng th\u1ec3 thao t\u00edch h\u1ee3p:<\/strong> H\u1ed7 tr\u1ee3 nhi\u1ec1u ho\u1ea1t \u0111\u1ed9ng nh\u01b0 cardio, yoga, khi\u00eau v\u0169, r\u00e8n luy\u1ec7n s\u1ee9c m\u1ea1nh, v\u00e0 nhi\u1ec1u lo\u1ea1i h\u00ecnh kh\u00e1c, gi\u00fap b\u1ea1n \u0111a d\u1ea1ng h\u00f3a b\u00e0i t\u1eadp.<\/li>\n<li data-sourcepos=\"29:1-30:0\"><strong>GPS k\u1ebft n\u1ed1i:<\/strong> S\u1eed d\u1ee5ng GPS c\u1ee7a \u0111i\u1ec7n tho\u1ea1i th\u00f4ng minh t\u01b0\u01a1ng th\u00edch \u0111\u1ec3 theo d\u00f5i ch\u00ednh x\u00e1c qu\u00e3ng \u0111\u01b0\u1eddng v\u00e0 t\u1ed1c \u0111\u1ed9 trong c\u00e1c ho\u1ea1t \u0111\u1ed9ng ngo\u00e0i tr\u1eddi nh\u01b0 \u0111i b\u1ed9, ch\u1ea1y b\u1ed9.<\/li>\n<\/ul>\n<h3 data-sourcepos=\"31:1-31:38\">T\u00ednh N\u0103ng Th\u00f4ng Minh &amp; K\u1ebft N\u1ed1i<\/h3>\n<ul data-sourcepos=\"33:1-36:0\">\n<li data-sourcepos=\"33:1-33:149\"><strong>Th\u00f4ng b\u00e1o th\u00f4ng minh:<\/strong> Nh\u1eadn email, tin nh\u1eafn v\u00e0 c\u00e1c c\u1ea3nh b\u00e1o t\u1eeb \u1ee9ng d\u1ee5ng ngay tr\u00ean c\u1ed5 tay khi \u0111\u01b0\u1ee3c k\u1ebft n\u1ed1i v\u1edbi \u0111i\u1ec7n tho\u1ea1i th\u00f4ng minh t\u01b0\u01a1ng th\u00edch.<\/li>\n<li data-sourcepos=\"34:1-34:209\"><strong>T\u00ednh n\u0103ng an to\u00e0n v\u00e0 theo d\u00f5i:<\/strong> C\u00f3 kh\u1ea3 n\u0103ng t\u1ef1 \u0111\u1ed9ng g\u1eedi tin nh\u1eafn k\u00e8m v\u1ecb tr\u00ed tr\u1ef1c ti\u1ebfp c\u1ee7a b\u1ea1n \u0111\u1ebfn c\u00e1c li\u00ean h\u1ec7 \u0111\u00e3 c\u00e0i \u0111\u1eb7t n\u1ebfu ph\u00e1t hi\u1ec7n s\u1ef1 c\u1ed1, ho\u1eb7c b\u1ea1n c\u00f3 th\u1ec3 k\u00edch ho\u1ea1t th\u1ee7 c\u00f4ng n\u1ebfu c\u1ea3m th\u1ea5y kh\u00f4ng an to\u00e0n.<\/li>\n<li data-sourcepos=\"35:1-36:0\"><strong>Thanh to\u00e1n kh\u00f4ng ti\u1ebfp x\u00fac Garmin Pay\u2122:<\/strong> Th\u1ef1c hi\u1ec7n thanh to\u00e1n nhanh ch\u00f3ng v\u00e0 ti\u1ec7n l\u1ee3i ch\u1ec9 v\u1edbi \u0111\u1ed3ng h\u1ed3 c\u1ee7a b\u1ea1n (t\u00ednh n\u0103ng c\u00f3 th\u1ec3 kh\u00e1c nhau t\u00f9y phi\u00ean b\u1ea3n <a href=\"https:\/\/gpsgarmin.vn\/?product=garmin-lily-2\">Lily 2<\/a>).<\/li>\n<\/ul>\n","protected":false},"excerpt":{"rendered":"<p><strong>\u2282\u2329 B\u1ea2O H\u00c0NH CH\u00cdNH H\u00c3NG 2 N\u0102M \u232a\u2283<\/strong><\/p>\n<p><strong>\u260e Li\u00ean h\u1ec7 t\u01b0 v\u1ea5n : 0972 658 351 \u2013\u00a0 0962 846 820 (g\u1ecdi tr\u1ef1c ti\u1ebfp ho\u1eb7c Zalo).<\/strong><\/p>\n","protected":false},"featured_media":4201,"comment_status":"open","ping_status":"closed","template":"","meta":[],"product_cat":[40,51,47],"product_tag":[],"class_list":{"0":"post-4191","1":"product","2":"type-product","3":"status-publish","4":"has-post-thumbnail","6":"product_cat-dong-ho-thong-minh","7":"product_cat-lily","8":"product_cat-the-thao-va-suc-khoe","10":"first","11":"instock","12":"sale","13":"shipping-taxable","14":"purchasable","15":"product-type-variable"},"_links":{"self":[{"href":"https:\/\/gpsgarmin.vn\/index.php?rest_route=\/wp\/v2\/product\/4191","targetHints":{"allow":["GET"]}}],"collection":[{"href":"https:\/\/gpsgarmin.vn\/index.php?rest_route=\/wp\/v2\/product"}],"about":[{"href":"https:\/\/gpsgarmin.vn\/index.php?rest_route=\/wp\/v2\/types\/product"}],"replies":[{"embeddable":true,"href":"https:\/\/gpsgarmin.vn\/index.php?rest_route=%2Fwp%2Fv2%2Fcomments&post=4191"}],"version-history":[{"count":6,"href":"https:\/\/gpsgarmin.vn\/index.php?rest_route=\/wp\/v2\/product\/4191\/revisions"}],"predecessor-version":[{"id":4977,"href":"https:\/\/gpsgarmin.vn\/index.php?rest_route=\/wp\/v2\/product\/4191\/revisions\/4977"}],"wp:featuredmedia":[{"embeddable":true,"href":"https:\/\/gpsgarmin.vn\/index.php?rest_route=\/wp\/v2\/media\/4201"}],"wp:attachment":[{"href":"https:\/\/gpsgarmin.vn\/index.php?rest_route=%2Fwp%2Fv2%2Fmedia&parent=4191"}],"wp:term":[{"taxonomy":"product_cat","embeddable":true,"href":"https:\/\/gpsgarmin.vn\/index.php?rest_route=%2Fwp%2Fv2%2Fproduct_cat&post=4191"},{"taxonomy":"product_tag","embeddable":true,"href":"https:\/\/gpsgarmin.vn\/index.php?rest_route=%2Fwp%2Fv2%2Fproduct_tag&post=4191"}],"curies":[{"name":"wp","href":"https:\/\/api.w.org\/{rel}","templated":true}]}}