{"id":4163,"date":"2025-06-17T17:21:45","date_gmt":"2025-06-17T10:21:45","guid":{"rendered":"http:\/\/demo.garminvietnam.vn\/?post_type=product&#038;p=4163"},"modified":"2025-09-25T15:12:15","modified_gmt":"2025-09-25T08:12:15","slug":"garmin-lily-2-classic","status":"publish","type":"product","link":"https:\/\/gpsgarmin.vn\/?product=garmin-lily-2-classic","title":{"rendered":"Garmin Lily 2 Classic"},"content":{"rendered":"<h2 data-sourcepos=\"5:1-5:88\">\u0110\u1ed3ng h\u1ed3 Garmin <a href=\"https:\/\/gpsgarmin.vn\/?product=garmin-lily-2-classic\">Lily 2 Classic<\/a> &#8211; N\u00e2ng T\u1ea7m Phong C\u00e1ch &amp; Ch\u0103m S\u00f3c S\u1ee9c Kh\u1ecfe To\u00e0n Di\u1ec7n<\/h2>\n<p data-sourcepos=\"7:1-7:314\"><strong>\u0110\u1ed3ng h\u1ed3 Garmin <a href=\"https:\/\/gpsgarmin.vn\/?product=garmin-lily-2-classic\">Lily 2 Classic<\/a><\/strong> l\u00e0 s\u1ef1 k\u1ebft h\u1ee3p ho\u00e0n h\u1ea3o gi\u1eefa thi\u1ebft k\u1ebf thanh l\u1ecbch v\u00e0 c\u00e1c t\u00ednh n\u0103ng th\u00f4ng minh ti\u00ean ti\u1ebfn, gi\u00fap b\u1ea1n lu\u00f4n r\u1ea1ng r\u1ee1 t\u1eeb trong ra ngo\u00e0i. V\u1edbi m\u1eb7t k\u00ednh c\u00f3 h\u1ecda ti\u1ebft \u0111\u1ed9c \u0111\u00e1o, ch\u1ec9 c\u1ea7n m\u1ed9t ch\u1ea1m ho\u1eb7c xoay c\u1ed5 tay, m\u00e0n h\u00ecnh c\u1ea3m \u1ee9ng s\u00e1ng r\u00f5 s\u1ebd hi\u1ec7n l\u00ean, mang \u0111\u1ebfn tr\u1ea3i nghi\u1ec7m \u0111\u1ea7y tinh t\u1ebf v\u00e0 ti\u1ec7n l\u1ee3i.<\/p>\n<p data-sourcepos=\"7:1-7:314\"><img fetchpriority=\"high\" decoding=\"async\" class=\"\" src=\"https:\/\/res.garmin.com\/vi_VN\/products\/010-02839-20\/g\/lily2-feature-vn-03.jpg\" width=\"390\" height=\"390\" \/><img decoding=\"async\" class=\"\" src=\"https:\/\/res.garmin.com\/vi_VN\/products\/010-02839-20\/g\/lily2-feature-vn-02.jpg\" alt=\"Lorem ipsum dolor sit amet\" width=\"390\" height=\"390\" \/><img decoding=\"async\" class=\"\" src=\"https:\/\/res.garmin.com\/en\/products\/010-02839-00\/g\/Lily2-GARMIN-PAY.jpg\" width=\"390\" height=\"390\" \/><\/p>\n<h3 data-sourcepos=\"9:1-9:34\">Thi\u1ebft K\u1ebf Tinh T\u1ebf &amp; C\u00e1 T\u00ednh<\/h3>\n<ul data-sourcepos=\"11:1-14:0\">\n<li data-sourcepos=\"11:1-11:93\"><strong>Thi\u1ebft k\u1ebf nh\u1ecf g\u1ecdn, sang tr\u1ecdng:<\/strong> D\u1ec5 d\u00e0ng k\u1ebft h\u1ee3p v\u1edbi m\u1ecdi trang ph\u1ee5c v\u00e0 phong c\u00e1ch c\u00e1 nh\u00e2n.<\/li>\n<li data-sourcepos=\"12:1-12:109\"><strong>M\u1eb7t k\u00ednh h\u1ecda ti\u1ebft \u0111\u1ed9c \u0111\u00e1o:<\/strong> \u1ea8n gi\u1ea5u m\u00e0n h\u00ecnh c\u1ea3m \u1ee9ng s\u00e1ng r\u00f5, t\u1ea1o n\u00ean v\u1ebb ngo\u00e0i v\u1eeba c\u1ed5 \u0111i\u1ec3n v\u1eeba hi\u1ec7n \u0111\u1ea1i.<\/li>\n<li data-sourcepos=\"13:1-14:0\"><strong>Kh\u1ea3 n\u0103ng t\u00f9y ch\u1ec9nh \u0111a d\u1ea1ng:<\/strong> T\u00f9y ch\u1ecdn nhi\u1ec1u lo\u1ea1i d\u00e2y \u0111eo 14mm th\u00e1o l\u1eafp nhanh ch\u00f3ng, bao g\u1ed3m silicone, v\u1ea3i ho\u1eb7c da \u00dd, gi\u00fap b\u1ea1n th\u1ec3 hi\u1ec7n c\u00e1 t\u00ednh ri\u00eang.<\/li>\n<\/ul>\n<h3 data-sourcepos=\"15:1-15:46\">T\u00ednh N\u0103ng S\u1ee9c Kh\u1ecfe &amp; H\u1ed3i Ph\u1ee5c N\u00e2ng Cao<\/h3>\n<ul data-sourcepos=\"17:1-26:0\">\n<li data-sourcepos=\"17:1-17:154\"><strong>Theo d\u00f5i n\u0103ng l\u01b0\u1ee3ng Body Battery\u2122:<\/strong> Gi\u00fap b\u1ea1n hi\u1ec3u r\u00f5 m\u1ee9c n\u0103ng l\u01b0\u1ee3ng c\u1ee7a c\u01a1 th\u1ec3 trong su\u1ed1t c\u1ea3 ng\u00e0y, t\u1eeb \u0111\u00f3 t\u1ed1i \u01b0u h\u00f3a th\u1eddi gian ho\u1ea1t \u0111\u1ed9ng v\u00e0 ngh\u1ec9 ng\u01a1i.<\/li>\n<li data-sourcepos=\"18:1-18:194\"><strong>Theo d\u00f5i gi\u1ea5c ng\u1ee7 chuy\u00ean s\u00e2u:<\/strong> Cung c\u1ea5p \u0111i\u1ec3m s\u1ed1 ch\u1ea5t l\u01b0\u1ee3ng gi\u1ea5c ng\u1ee7 v\u00e0 th\u00f4ng tin chi ti\u1ebft v\u1ec1 c\u00e1c giai \u0111o\u1ea1n ng\u1ee7, nh\u1ecbp tim, m\u1ee9c \u0111\u1ed9 c\u0103ng th\u1eb3ng, Pulse Ox v\u00e0 h\u00f4 h\u1ea5p, gi\u00fap b\u1ea1n c\u1ea3i thi\u1ec7n gi\u1ea5c ng\u1ee7.<\/li>\n<li data-sourcepos=\"19:1-19:158\"><strong>B\u00e1o c\u00e1o bu\u1ed5i s\u00e1ng (Morning Report):<\/strong> Cung c\u1ea5p c\u00e1i nh\u00ecn t\u1ed5ng quan v\u1ec1 gi\u1ea5c ng\u1ee7, l\u1ecbch tr\u00ecnh h\u00e0ng ng\u00e0y v\u00e0 th\u1eddi ti\u1ebft ngay khi b\u1ea1n th\u1ee9c d\u1eady (c\u00f3 th\u1ec3 t\u00f9y ch\u1ec9nh).<\/li>\n<li data-sourcepos=\"20:1-20:151\"><strong>Theo d\u00f5i s\u1ee9c kh\u1ecfe ph\u1ee5 n\u1eef:<\/strong> Cho ph\u00e9p b\u1ea1n theo d\u00f5i chu k\u1ef3 kinh nguy\u1ec7t ho\u1eb7c thai k\u1ef3, \u0111\u1ed3ng th\u1eddi cung c\u1ea5p th\u00f4ng tin h\u1eefu \u00edch v\u1ec1 t\u1eadp luy\u1ec7n v\u00e0 dinh d\u01b0\u1ee1ng.<\/li>\n<li data-sourcepos=\"21:1-21:107\"><strong>Theo d\u00f5i m\u1ee9c \u0111\u1ed9 c\u0103ng th\u1eb3ng:<\/strong> Gi\u00fap b\u1ea1n nh\u1eadn bi\u1ebft nh\u1eefng kho\u1ea3nh kh\u1eafc b\u00ecnh t\u0129nh, c\u00e2n b\u1eb1ng ho\u1eb7c c\u0103ng th\u1eb3ng.<\/li>\n<li data-sourcepos=\"22:1-22:110\"><strong>C\u00f4ng c\u1ee5 ch\u00e1nh ni\u1ec7m:<\/strong> Cung c\u1ea5p c\u00e1c b\u00e0i t\u1eadp thi\u1ec1n \u0111\u1ecbnh v\u00e0 h\u00edt th\u1edf c\u00f3 h\u01b0\u1edbng d\u1eabn \u0111\u1ec3 gi\u1ea3m c\u0103ng th\u1eb3ng v\u00e0 lo \u00e2u.<\/li>\n<li data-sourcepos=\"23:1-23:87\"><strong>C\u1ea3m bi\u1ebfn Pulse Ox:<\/strong> Theo d\u00f5i n\u1ed3ng \u0111\u1ed9 oxy trong m\u00e1u c\u1ee7a b\u1ea1n c\u1ea3 khi ng\u1ee7 v\u00e0 khi th\u1ee9c.<\/li>\n<li data-sourcepos=\"24:1-24:103\"><strong>Theo d\u00f5i l\u01b0\u1ee3ng n\u01b0\u1edbc:<\/strong> Ghi l\u1ea1i l\u01b0\u1ee3ng ch\u1ea5t l\u1ecfng b\u1ea1n n\u1ea1p v\u00e0o h\u00e0ng ng\u00e0y \u0111\u1ec3 duy tr\u00ec \u0111\u1ee7 n\u01b0\u1edbc cho c\u01a1 th\u1ec3.<\/li>\n<li data-sourcepos=\"25:1-26:0\"><strong>Theo d\u00f5i h\u00f4 h\u1ea5p:<\/strong> Gi\u00e1m s\u00e1t c\u00e1c ki\u1ec3u th\u1edf c\u1ee7a b\u1ea1n 24\/7.<\/li>\n<\/ul>\n<h3 data-sourcepos=\"27:1-27:37\">T\u00ednh N\u0103ng Th\u1ec3 Thao &amp; V\u1eadn \u0110\u1ed9ng<\/h3>\n<ul data-sourcepos=\"29:1-37:0\">\n<li data-sourcepos=\"29:1-29:94\"><strong>Theo d\u00f5i ho\u1ea1t \u0111\u1ed9ng h\u00e0ng ng\u00e0y:<\/strong> \u0110\u1ebfm s\u1ed1 b\u01b0\u1edbc ch\u00e2n, ph\u00fat v\u1eadn \u0111\u1ed9ng t\u00edch c\u1ef1c v\u00e0 nhi\u1ec1u h\u01a1n n\u1eefa.<\/li>\n<li data-sourcepos=\"30:1-30:128\"><strong>\u1ee8ng d\u1ee5ng th\u1ec3 thao t\u00edch h\u1ee3p:<\/strong> Bao g\u1ed3m c\u00e1c ho\u1ea1t \u0111\u1ed9ng nh\u01b0 cardio, yoga, khi\u00eau v\u0169, r\u00e8n luy\u1ec7n s\u1ee9c m\u1ea1nh, v\u00e0 nhi\u1ec1u lo\u1ea1i h\u00ecnh kh\u00e1c.<\/li>\n<li data-sourcepos=\"31:1-31:146\"><strong>GPS k\u1ebft n\u1ed1i:<\/strong> K\u1ebft n\u1ed1i v\u1edbi GPS tr\u00ean \u0111i\u1ec7n tho\u1ea1i th\u00f4ng minh t\u01b0\u01a1ng th\u00edch \u0111\u1ec3 theo d\u00f5i ch\u00ednh x\u00e1c c\u00e1c ho\u1ea1t \u0111\u1ed9ng \u0111i b\u1ed9, ch\u1ea1y b\u1ed9 v\u00e0 \u0111\u1ea1p xe ngo\u00e0i tr\u1eddi.<\/li>\n<li data-sourcepos=\"32:1-32:124\"><strong>Theo d\u00f5i nh\u1ecbp tim d\u1ef1a tr\u00ean c\u1ed5 tay:<\/strong> \u0110o nh\u1ecbp tim li\u00ean t\u1ee5c v\u00e0 c\u00f3 th\u1ec3 c\u00e0i \u0111\u1eb7t c\u1ea3nh b\u00e1o khi nh\u1ecbp tim qu\u00e1 cao ho\u1eb7c qu\u00e1 th\u1ea5p.<\/li>\n<li data-sourcepos=\"33:1-33:143\"><strong>Theo d\u00f5i th\u1ec3 l\u1ef1c khi\u00eau v\u0169 (Dance Fitness):<\/strong> H\u1ed7 tr\u1ee3 theo d\u00f5i c\u00e1c ho\u1ea1t \u0111\u1ed9ng khi\u00eau v\u0169 \u0111a d\u1ea1ng nh\u01b0 Zumba, Afrobeat, Bollywood, EDM v\u00e0 hip-hop.<\/li>\n<li data-sourcepos=\"34:1-34:71\"><strong>Nh\u1eafc nh\u1edf v\u1eadn \u0111\u1ed9ng:<\/strong> Cung c\u1ea5p l\u1eddi nh\u1eafc \u0111\u1ec3 b\u1ea1n duy tr\u00ec s\u1ef1 n\u0103ng \u0111\u1ed9ng.<\/li>\n<li data-sourcepos=\"35:1-35:79\"><strong>Ph\u00fat c\u01b0\u1eddng \u0111\u1ed9:<\/strong> Theo d\u00f5i s\u1ed1 ph\u00fat b\u1ea1n ho\u1ea1t \u0111\u1ed9ng \u1edf c\u01b0\u1eddng \u0111\u1ed9 v\u1eeba ph\u1ea3i v\u00e0 cao.<\/li>\n<li data-sourcepos=\"36:1-37:0\"><strong>Tu\u1ed5i th\u1ec3 ch\u1ea5t:<\/strong> \u01af\u1edbc t\u00ednh tu\u1ed5i c\u01a1 th\u1ec3 c\u1ee7a b\u1ea1n so v\u1edbi tu\u1ed5i th\u1eadt.<\/li>\n<\/ul>\n<h3 data-sourcepos=\"38:1-38:38\">T\u00ednh N\u0103ng Th\u00f4ng Minh &amp; K\u1ebft N\u1ed1i<\/h3>\n<ul data-sourcepos=\"40:1-45:0\">\n<li data-sourcepos=\"40:1-40:139\"><strong>Thanh to\u00e1n kh\u00f4ng ti\u1ebfp x\u00fac Garmin Pay\u2122:<\/strong> Thanh to\u00e1n nhanh ch\u00f3ng v\u00e0 ti\u1ec7n l\u1ee3i ch\u1ec9 v\u1edbi \u0111\u1ed3ng h\u1ed3 c\u1ee7a b\u1ea1n (ch\u1ec9 kh\u1ea3 d\u1ee5ng tr\u00ean Lily 2 Classic).<\/li>\n<li data-sourcepos=\"41:1-41:164\"><strong>Th\u00f4ng b\u00e1o th\u00f4ng minh:<\/strong> Nh\u1eadn email, tin nh\u1eafn v\u00e0 c\u00e1c c\u1ea3nh b\u00e1o kh\u00e1c ngay tr\u00ean c\u1ed5 tay khi \u0111\u01b0\u1ee3c k\u1ebft n\u1ed1i v\u1edbi \u0111i\u1ec7n tho\u1ea1i th\u00f4ng minh iPhone\u00ae ho\u1eb7c Android\u2122 t\u01b0\u01a1ng th\u00edch.<\/li>\n<li data-sourcepos=\"42:1-42:205\"><strong>T\u00ednh n\u0103ng an to\u00e0n v\u00e0 theo d\u00f5i:<\/strong> C\u00f3 th\u1ec3 t\u1ef1 \u0111\u1ed9ng g\u1eedi tin nh\u1eafn k\u00e8m v\u1ecb tr\u00ed tr\u1ef1c ti\u1ebfp c\u1ee7a b\u1ea1n \u0111\u1ebfn c\u00e1c li\u00ean h\u1ec7 c\u00e0i \u0111\u1eb7t s\u1eb5n n\u1ebfu ph\u00e1t hi\u1ec7n s\u1ef1 c\u1ed1, ho\u1eb7c b\u1ea1n c\u00f3 th\u1ec3 k\u00edch ho\u1ea1t th\u1ee7 c\u00f4ng n\u1ebfu c\u1ea3m th\u1ea5y kh\u00f4ng an to\u00e0n.<\/li>\n<li data-sourcepos=\"43:1-43:120\"><strong>\u1ee8ng d\u1ee5ng Garmin Connect\u2122:<\/strong> Cho ph\u00e9p b\u1ea1n theo d\u00f5i d\u1eef li\u1ec7u s\u1ee9c kh\u1ecfe v\u00e0 th\u1ec3 ch\u1ea5t, k\u1ebft n\u1ed1i v\u1edbi b\u1ea1n b\u00e8 v\u00e0 nhi\u1ec1u h\u01a1n n\u1eefa.<\/li>\n<li data-sourcepos=\"44:1-45:0\"><strong>Xem l\u1ecbch:<\/strong> Hi\u1ec3n th\u1ecb l\u1ecbch tr\u00ecnh h\u00e0ng ng\u00e0y c\u1ee7a b\u1ea1n khi k\u1ebft n\u1ed1i v\u1edbi \u0111i\u1ec7n tho\u1ea1i th\u00f4ng minh t\u01b0\u01a1ng th\u00edch.<\/li>\n<\/ul>\n","protected":false},"excerpt":{"rendered":"<p><strong>\u2282\u2329 B\u1ea2O H\u00c0NH CH\u00cdNH H\u00c3NG 2 N\u0102M \u232a\u2283<\/strong><\/p>\n<p><strong>\u260e Li\u00ean h\u1ec7 t\u01b0 v\u1ea5n : 0972 658 351 \u2013\u00a0 0962 846 820 (g\u1ecdi tr\u1ef1c ti\u1ebfp ho\u1eb7c Zalo).<\/strong><\/p>\n","protected":false},"featured_media":4171,"comment_status":"open","ping_status":"closed","template":"","meta":[],"product_cat":[40,51,47],"product_tag":[],"class_list":{"0":"post-4163","1":"product","2":"type-product","3":"status-publish","4":"has-post-thumbnail","6":"product_cat-dong-ho-thong-minh","7":"product_cat-lily","8":"product_cat-the-thao-va-suc-khoe","10":"first","11":"instock","12":"sale","13":"shipping-taxable","14":"purchasable","15":"product-type-variable"},"_links":{"self":[{"href":"https:\/\/gpsgarmin.vn\/index.php?rest_route=\/wp\/v2\/product\/4163","targetHints":{"allow":["GET"]}}],"collection":[{"href":"https:\/\/gpsgarmin.vn\/index.php?rest_route=\/wp\/v2\/product"}],"about":[{"href":"https:\/\/gpsgarmin.vn\/index.php?rest_route=\/wp\/v2\/types\/product"}],"replies":[{"embeddable":true,"href":"https:\/\/gpsgarmin.vn\/index.php?rest_route=%2Fwp%2Fv2%2Fcomments&post=4163"}],"version-history":[{"count":5,"href":"https:\/\/gpsgarmin.vn\/index.php?rest_route=\/wp\/v2\/product\/4163\/revisions"}],"predecessor-version":[{"id":4190,"href":"https:\/\/gpsgarmin.vn\/index.php?rest_route=\/wp\/v2\/product\/4163\/revisions\/4190"}],"wp:featuredmedia":[{"embeddable":true,"href":"https:\/\/gpsgarmin.vn\/index.php?rest_route=\/wp\/v2\/media\/4171"}],"wp:attachment":[{"href":"https:\/\/gpsgarmin.vn\/index.php?rest_route=%2Fwp%2Fv2%2Fmedia&parent=4163"}],"wp:term":[{"taxonomy":"product_cat","embeddable":true,"href":"https:\/\/gpsgarmin.vn\/index.php?rest_route=%2Fwp%2Fv2%2Fproduct_cat&post=4163"},{"taxonomy":"product_tag","embeddable":true,"href":"https:\/\/gpsgarmin.vn\/index.php?rest_route=%2Fwp%2Fv2%2Fproduct_tag&post=4163"}],"curies":[{"name":"wp","href":"https:\/\/api.w.org\/{rel}","templated":true}]}}