{"id":4057,"date":"2025-06-17T11:20:38","date_gmt":"2025-06-17T04:20:38","guid":{"rendered":"http:\/\/demo.garminvietnam.vn\/?post_type=product&#038;p=4057"},"modified":"2025-09-15T09:36:40","modified_gmt":"2025-09-15T02:36:40","slug":"garmin-approach-r10","status":"publish","type":"product","link":"https:\/\/gpsgarmin.vn\/?product=garmin-approach-r10","title":{"rendered":"Garmin Approach R10"},"content":{"rendered":"<h3 data-sourcepos=\"3:1-3:77\"><strong>C\u1ea3m Bi\u1ebfn \u0110\u00e1nh Golf Garmin <a href=\"https:\/\/gpsgarmin.vn\/?product=garmin-approach-r10\">Approach R10<\/a>: N\u00e2ng T\u1ea7m Tr\u1ea3i Nghi\u1ec7m Golf C\u1ee7a B\u1ea1n<\/strong><\/h3>\n<p data-sourcepos=\"5:1-5:299\">Garmin <a href=\"https:\/\/gpsgarmin.vn\/?product=garmin-approach-r10\">Approach R10<\/a> l\u00e0 m\u1ed9t thi\u1ebft b\u1ecb c\u1ea3m bi\u1ebfn golf di \u0111\u1ed9ng v\u00e0 nh\u1ecf g\u1ecdn, \u0111\u01b0\u1ee3c thi\u1ebft k\u1ebf \u0111\u1ec3 mang \u0111\u1ebfn cho b\u1ea1n tr\u1ea3i nghi\u1ec7m t\u1eadp luy\u1ec7n v\u00e0 ch\u01a1i golf chuy\u00ean nghi\u1ec7p m\u1ecdi l\u00fac, m\u1ecdi n\u01a1i. V\u1edbi nh\u1eefng t\u00ednh n\u0103ng v\u01b0\u1ee3t tr\u1ed9i, <a href=\"https:\/\/gpsgarmin.vn\/?product=garmin-approach-r10\">Approach R10<\/a> s\u1ebd gi\u00fap b\u1ea1n hi\u1ec3u r\u00f5 h\u01a1n v\u1ec1 c\u00fa \u0111\u00e1nh c\u1ee7a m\u00ecnh v\u00e0 c\u1ea3i thi\u1ec7n hi\u1ec7u su\u1ea5t m\u1ed9t c\u00e1ch \u0111\u00e1ng k\u1ec3.<\/p>\n<div class=\"app__img-banner app__life-style__img-con\"><img decoding=\"async\" class=\"app__img-banner__img app__img-banner__img--desktop\" src=\"https:\/\/res.garmin.com\/en\/products\/010-02356-00\/g\/29736-D-1-baf0a8b6-6be8-4647-afc3-bfe87bbd7ca9.jpg\" alt=\"\" \/><\/div>\n<div class=\"app__life-style__text__con app__life-style__text__con--left app__life-style__text__con--middle app__life-style__text__con__mobile--center app__life-style__text__con__mobile--bottom\">\n<div class=\"app__headline app__headline--dark app__headline--left app__headline--mobile--center\"><\/div>\n<\/div>\n<p data-sourcepos=\"7:1-7:26\"><strong>C\u00e1c T\u00ednh N\u0103ng N\u1ed5i B\u1eadt:<\/strong><\/p>\n<ul data-sourcepos=\"9:1-28:0\">\n<li data-sourcepos=\"9:1-9:180\"><strong>T\u00ednh Di \u0110\u1ed9ng Cao:<\/strong> D\u1ec5 d\u00e0ng mang theo v\u00e0 thi\u1ebft l\u1eadp t\u1ea1i nh\u00e0, s\u00e2n t\u1eadp driving range ho\u1eb7c ngay c\u1ea3 tr\u00ean s\u00e2n golf. K\u00edch th\u01b0\u1edbc nh\u1ecf g\u1ecdn cho ph\u00e9p b\u1ea1n luy\u1ec7n t\u1eadp b\u1ea5t c\u1ee9 khi n\u00e0o b\u1ea1n mu\u1ed1n.<\/li>\n<li data-sourcepos=\"10:1-16:32\"><strong>Ph\u00e2n T\u00edch D\u1eef Li\u1ec7u C\u00fa \u0110\u00e1nh Chuy\u00ean S\u00e2u:<\/strong> <a href=\"https:\/\/gpsgarmin.vn\/?product=garmin-approach-r10\">Approach R10<\/a> cung c\u1ea5p c\u00e1c ch\u1ec9 s\u1ed1 golf quan tr\u1ecdng \u0111\u1ec3 gi\u00fap b\u1ea1n c\u1ea3i thi\u1ec7n s\u1ef1 \u1ed5n \u0111\u1ecbnh v\u00e0 hi\u1ec7u qu\u1ea3 c\u1ee7a c\u00fa \u0111\u00e1nh, bao g\u1ed3m:\n<ul data-sourcepos=\"11:5-16:32\">\n<li data-sourcepos=\"11:5-11:38\">T\u1ed1c \u0111\u1ed9 \u0111\u1ea7u g\u1eady (Club Head Speed)<\/li>\n<li data-sourcepos=\"12:5-12:30\">T\u1ed1c \u0111\u1ed9 b\u00f3ng (Ball Speed)<\/li>\n<li data-sourcepos=\"13:5-13:20\">\u0110\u1ed9 xo\u00e1y (Spin)<\/li>\n<li data-sourcepos=\"14:5-14:30\">G\u00f3c ph\u00f3ng (Launch Angle)<\/li>\n<li data-sourcepos=\"15:5-15:36\">H\u01b0\u1edbng ph\u00f3ng (Launch Direction)<\/li>\n<li data-sourcepos=\"16:5-16:32\">H\u1ec7 s\u1ed1 smash (Smash Factor)<\/li>\n<\/ul>\n<\/li>\n<li data-sourcepos=\"17:1-17:218\"><strong>Quay Video C\u00fa \u0110\u00e1nh T\u1ef1 \u0110\u1ed9ng:<\/strong> Thi\u1ebft b\u1ecb t\u1ef1 \u0111\u1ed9ng ghi l\u1ea1i c\u00e1c \u0111o\u1ea1n video ng\u1eafn v\u1ec1 c\u00fa swing c\u1ee7a b\u1ea1n, hi\u1ec3n th\u1ecb s\u1ed1 li\u1ec7u th\u1ed1ng k\u00ea th\u1eddi gian th\u1ef1c tr\u00ean video. \u0110i\u1ec1u n\u00e0y gi\u00fap b\u1ea1n d\u1ec5 d\u00e0ng xem l\u1ea1i v\u00e0 ph\u00e2n t\u00edch k\u1ef9 thu\u1eadt c\u1ee7a m\u00ecnh.<\/li>\n<li data-sourcepos=\"18:1-18:177\"><strong>M\u00f4 Ph\u1ecfng Golf Th\u1ef1c T\u1ebf:<\/strong> Tr\u1ea3i nghi\u1ec7m ch\u01a1i tr\u00ean h\u01a1n 42.000 s\u00e2n golf \u1ea3o tr\u00ean kh\u1eafp th\u1ebf gi\u1edbi v\u1edbi t\u1ed1i \u0111a ba ng\u01b0\u1eddi ch\u01a1i kh\u00e1c. Mang \u0111\u1ebfn c\u1ea3m gi\u00e1c ch\u00e2n th\u1ef1c nh\u01b0 \u0111ang \u1edf tr\u00ean s\u00e2n golf.<\/li>\n<li data-sourcepos=\"19:1-19:170\"><strong>Th\u1eddi L\u01b0\u1ee3ng Pin \u1ea4n T\u01b0\u1ee3ng:<\/strong> V\u1edbi th\u1eddi l\u01b0\u1ee3ng pin l\u00ean \u0111\u1ebfn 10 gi\u1edd ch\u1ec9 sau m\u1ed9t l\u1ea7n s\u1ea1c, b\u1ea1n c\u00f3 th\u1ec3 tho\u1ea3i m\u00e1i luy\u1ec7n t\u1eadp v\u00e0 ch\u01a1i golf trong th\u1eddi gian d\u00e0i m\u00e0 kh\u00f4ng lo h\u1ebft pin.<\/li>\n<li data-sourcepos=\"20:1-20:164\"><strong>T\u00edch H\u1ee3p \u1ee8ng D\u1ee5ng Garmin Golf:<\/strong> K\u1ebft n\u1ed1i li\u1ec1n m\u1ea1ch v\u1edbi \u1ee9ng d\u1ee5ng Garmin Golf \u0111\u1ec3 ph\u00e2n t\u00edch s\u1ed1 li\u1ec7u th\u1ed1ng k\u00ea chi ti\u1ebft v\u00e0 theo d\u00f5i hi\u1ec7u su\u1ea5t c\u1ee7a b\u1ea1n theo th\u1eddi gian.<\/li>\n<li data-sourcepos=\"21:1-26:56\"><strong>\u0110\u1ed9 Ch\u00ednh X\u00e1c Radar Cao:<\/strong>\n<ul data-sourcepos=\"22:5-26:56\">\n<li data-sourcepos=\"22:5-22:31\">T\u1ed1c \u0111\u1ed9 \u0111\u1ea7u g\u1eady: +\/- 3 mph<\/li>\n<li data-sourcepos=\"23:5-23:28\">T\u1ed1c \u0111\u1ed9 b\u00f3ng: +\/- 1 mph<\/li>\n<li data-sourcepos=\"24:5-24:25\">G\u00f3c ph\u00f3ng: +\/- 1 \u0111\u1ed9<\/li>\n<li data-sourcepos=\"25:5-25:27\">H\u01b0\u1edbng ph\u00f3ng: +\/- 1 \u0111\u1ed9<\/li>\n<li data-sourcepos=\"26:5-26:56\">Kho\u1ea3ng c\u00e1ch b\u00f3ng bay (Carry Distance): +\/- 5 yards<\/li>\n<\/ul>\n<\/li>\n<li data-sourcepos=\"27:1-28:0\"><strong>Kh\u1ea3 N\u0103ng T\u01b0\u01a1ng Th\u00edch R\u1ed9ng R\u00e3i:<\/strong> T\u01b0\u01a1ng th\u00edch v\u1edbi c\u00e1c n\u1ec1n t\u1ea3ng m\u00f4 ph\u1ecfng ph\u1ed5 bi\u1ebfn nh\u01b0 E6 Connect, Awesome Golf, TGC 2019, \u1ee9ng d\u1ee5ng PinSeeker v\u00e0 b\u00f3ng golf Titleist \u0111\u1ec3 n\u00e2ng cao tr\u1ea3i nghi\u1ec7m m\u00f4 ph\u1ecfng.<\/li>\n<\/ul>\n","protected":false},"excerpt":{"rendered":"<p><strong>\u2282\u2329 B\u1ea2O H\u00c0NH CH\u00cdNH H\u00c3NG 1 N\u0102M \u232a\u2283<\/strong><\/p>\n<p><strong>\u260e Li\u00ean h\u1ec7 t\u01b0 v\u1ea5n : 0972 658 351 \u2013\u00a0 0962 846 820 (g\u1ecdi tr\u1ef1c ti\u1ebfp ho\u1eb7c Zalo).<\/strong><\/p>\n","protected":false},"featured_media":4061,"comment_status":"open","ping_status":"closed","template":"","meta":[],"product_cat":[49,40],"product_tag":[],"class_list":{"0":"post-4057","1":"product","2":"type-product","3":"status-publish","4":"has-post-thumbnail","6":"product_cat-chuyen-golf","7":"product_cat-dong-ho-thong-minh","9":"first","10":"instock","11":"sale","12":"shipping-taxable","13":"purchasable","14":"product-type-simple"},"_links":{"self":[{"href":"https:\/\/gpsgarmin.vn\/index.php?rest_route=\/wp\/v2\/product\/4057","targetHints":{"allow":["GET"]}}],"collection":[{"href":"https:\/\/gpsgarmin.vn\/index.php?rest_route=\/wp\/v2\/product"}],"about":[{"href":"https:\/\/gpsgarmin.vn\/index.php?rest_route=\/wp\/v2\/types\/product"}],"replies":[{"embeddable":true,"href":"https:\/\/gpsgarmin.vn\/index.php?rest_route=%2Fwp%2Fv2%2Fcomments&post=4057"}],"version-history":[{"count":4,"href":"https:\/\/gpsgarmin.vn\/index.php?rest_route=\/wp\/v2\/product\/4057\/revisions"}],"predecessor-version":[{"id":4985,"href":"https:\/\/gpsgarmin.vn\/index.php?rest_route=\/wp\/v2\/product\/4057\/revisions\/4985"}],"wp:featuredmedia":[{"embeddable":true,"href":"https:\/\/gpsgarmin.vn\/index.php?rest_route=\/wp\/v2\/media\/4061"}],"wp:attachment":[{"href":"https:\/\/gpsgarmin.vn\/index.php?rest_route=%2Fwp%2Fv2%2Fmedia&parent=4057"}],"wp:term":[{"taxonomy":"product_cat","embeddable":true,"href":"https:\/\/gpsgarmin.vn\/index.php?rest_route=%2Fwp%2Fv2%2Fproduct_cat&post=4057"},{"taxonomy":"product_tag","embeddable":true,"href":"https:\/\/gpsgarmin.vn\/index.php?rest_route=%2Fwp%2Fv2%2Fproduct_tag&post=4057"}],"curies":[{"name":"wp","href":"https:\/\/api.w.org\/{rel}","templated":true}]}}