{"id":4040,"date":"2025-06-17T10:58:48","date_gmt":"2025-06-17T03:58:48","guid":{"rendered":"http:\/\/demo.garminvietnam.vn\/?post_type=product&#038;p=4040"},"modified":"2025-11-25T09:34:57","modified_gmt":"2025-11-25T02:34:57","slug":"garmin-approach-s70-47mm","status":"publish","type":"product","link":"https:\/\/gpsgarmin.vn\/?product=garmin-approach-s70-47mm","title":{"rendered":"Garmin Approach S70 &#8211; 47mm"},"content":{"rendered":"<h3 data-sourcepos=\"5:1-5:69\"><strong>\u0110\u1ed3ng H\u1ed3 GPS Golf <a href=\"https:\/\/gpsgarmin.vn\/?product=garmin-approach-s70-47mm\">Approach S70<\/a> &#8211; N\u00e2ng T\u1ea7m Tr\u1ea3i Nghi\u1ec7m Golf C\u1ee7a B\u1ea1n<\/strong><\/h3>\n<p data-sourcepos=\"7:1-7:263\">\u0110\u1ed3ng h\u1ed3 <a href=\"https:\/\/gpsgarmin.vn\/?product=garmin-approach-s70-47mm\">Approach S70<\/a> l\u00e0 chi\u1ebfc \u0111\u1ed3ng h\u1ed3 golf cao c\u1ea5p \u0111\u01b0\u1ee3c trang b\u1ecb nh\u1eefng c\u00f4ng c\u1ee5 v\u00e0 t\u00ednh n\u0103ng ti\u00ean ti\u1ebfn, gi\u00fap b\u1ea1n n\u00e2ng cao k\u1ef9 n\u0103ng c\u1ea3 trong v\u00e0 ngo\u00e0i s\u00e2n golf. V\u1edbi thi\u1ebft k\u1ebf hi\u1ec7n \u0111\u1ea1i v\u00e0 hi\u1ec7u su\u1ea5t v\u01b0\u1ee3t tr\u1ed9i, <a href=\"https:\/\/gpsgarmin.vn\/?product=garmin-approach-s70-47mm\">Approach S70<\/a> l\u00e0 ng\u01b0\u1eddi b\u1ea1n \u0111\u1ed3ng h\u00e0nh l\u00fd t\u01b0\u1edfng cho m\u1ecdi golfer.<\/p>\n<p data-sourcepos=\"7:1-7:263\"><img fetchpriority=\"high\" decoding=\"async\" class=\"app__feature__card__image\" src=\"https:\/\/res.garmin.com\/vi_VN\/products\/010-02746-50\/g\/approachS70-black-feature-05.jpg\" alt=\"\" width=\"390\" height=\"439\" \/><img decoding=\"async\" class=\"app__feature__card__image\" src=\"https:\/\/res.garmin.com\/vi_VN\/products\/010-02746-50\/g\/approachS70-black-feature-02.jpg\" alt=\"\" width=\"389\" height=\"438\" \/><img decoding=\"async\" class=\"app__feature__card__image\" src=\"https:\/\/res.garmin.com\/vi_VN\/products\/010-02746-50\/g\/approachS70-black-feature-03.jpg\" alt=\"\" width=\"391\" height=\"440\" \/><\/p>\n<p data-sourcepos=\"9:1-9:22\"><strong>T\u00ednh N\u0103ng N\u1ed5i B\u1eadt:<\/strong><\/p>\n<ul data-sourcepos=\"11:1-29:0\">\n<li data-sourcepos=\"11:1-11:178\"><strong>M\u00e0n H\u00ecnh AMOLED S\u1eafc N\u00e9t:<\/strong> Tr\u1ea3i nghi\u1ec7m h\u00ecnh \u1ea3nh s\u00e2n golf ch\u00e2n th\u1ef1c v\u00e0 s\u1ed1ng \u0111\u1ed9ng tr\u00ean m\u00e0n h\u00ecnh c\u1ea3m \u1ee9ng AMOLED si\u00eau s\u00e1ng 1.2 inch (32.02 mm), v\u1edbi \u0111\u1ed9 ph\u00e2n gi\u1ea3i 390 x 390 pixels.<\/li>\n<li data-sourcepos=\"12:1-12:223\"><strong>B\u1ea3n \u0110\u1ed3 S\u00e2n Golf \u0110a D\u1ea1ng:<\/strong> T\u1eadn h\u01b0\u1edfng h\u01a1n 43.000 b\u1ea3n \u0111\u1ed3 s\u00e2n golf \u0111\u01b0\u1ee3c t\u1ea3i s\u1eb5n tr\u00ean to\u00e0n th\u1ebf gi\u1edbi. \u0110\u1ed3ng th\u1eddi, b\u1ea1n c\u00f3 th\u1ec3 t\u1ea3i xu\u1ed1ng c\u00e1c b\u1ea3n c\u1eadp nh\u1eadt cho nh\u1eefng s\u00e2n golf th\u01b0\u1eddng xuy\u00ean ch\u01a1i \u0111\u1ec3 \u0111\u1ea3m b\u1ea3o th\u00f4ng tin lu\u00f4n ch\u00ednh x\u00e1c.<\/li>\n<li data-sourcepos=\"13:1-13:168\"><strong>G\u1ee3i \u00dd G\u1eady Th\u00f4ng Minh:<\/strong> Nh\u1eadn c\u00e1c \u0111\u1ec1 xu\u1ea5t g\u1eady c\u00e1 nh\u00e2n h\u00f3a d\u1ef1a tr\u00ean d\u1eef li\u1ec7u gi\u00f3, \u0111\u1ed9 cao v\u00e0 d\u1eef li\u1ec7u swing c\u1ee7a b\u1ea1n, gi\u00fap b\u1ea1n \u0111\u01b0a ra quy\u1ebft \u0111\u1ecbnh t\u1ed1t nh\u1ea5t cho m\u1ed7i c\u00fa \u0111\u00e1nh.<\/li>\n<li data-sourcepos=\"14:1-14:172\"><strong>\u0110o Kho\u1ea3ng C\u00e1ch Ch\u00ednh X\u00e1c:<\/strong> Theo d\u00f5i kho\u1ea3ng c\u00e1ch \u0111\u01b0\u1ee3c \u0111i\u1ec1u ch\u1ec9nh theo s\u1ef1 thay \u0111\u1ed5i \u0111\u1ed9 cao v\u00e0 \u0111i\u1ec1u ki\u1ec7n m\u00f4i tr\u01b0\u1eddng, mang l\u1ea1i th\u00f4ng tin ch\u00ednh x\u00e1c nh\u1ea5t cho c\u00fa \u0111\u00e1nh c\u1ee7a b\u1ea1n.<\/li>\n<li data-sourcepos=\"15:1-18:72\"><strong>H\u1ed7 Tr\u1ee3 T\u00ednh N\u0103ng Golf Chuy\u00ean S\u00e2u:<\/strong>\n<ul data-sourcepos=\"16:5-18:72\">\n<li data-sourcepos=\"16:5-16:102\"><strong>Green View:<\/strong> Xem h\u00ecnh \u1ea3nh green theo th\u1eddi gian th\u1ef1c \u0111\u1ec3 l\u1eadp k\u1ebf ho\u1ea1ch c\u00fa \u0111\u00e1nh ti\u1ebfp c\u1eadn v\u00e0 putt.<\/li>\n<li data-sourcepos=\"17:5-17:57\"><strong>AutoShot:<\/strong> T\u1ef1 \u0111\u1ed9ng theo d\u00f5i kho\u1ea3ng c\u00e1ch c\u00fa \u0111\u00e1nh.<\/li>\n<li data-sourcepos=\"18:5-18:72\"><strong>PinPointer:<\/strong> H\u01b0\u1edbng d\u1eabn ch\u00ednh x\u00e1c \u0111\u1ebfn c\u1edd \u0111\u1ed1i v\u1edbi c\u00e1c c\u00fa \u0111\u00e1nh m\u00f9.<\/li>\n<\/ul>\n<\/li>\n<li data-sourcepos=\"19:1-22:127\"><strong>Theo D\u00f5i S\u1ee9c Kh\u1ecfe To\u00e0n Di\u1ec7n:<\/strong>\n<ul data-sourcepos=\"20:5-22:127\">\n<li data-sourcepos=\"20:5-20:40\">Theo d\u00f5i nh\u1ecbp tim d\u1ef1a tr\u00ean c\u1ed5 tay.<\/li>\n<li data-sourcepos=\"21:5-21:135\">Gi\u00e1m s\u00e1t tr\u1ea1ng th\u00e1i HRV (bi\u1ebfn thi\u00ean nh\u1ecbp tim), m\u1ee9c \u0111\u1ed9 c\u0103ng th\u1eb3ng v\u00e0 theo d\u00f5i gi\u1ea5c ng\u1ee7 \u0111\u1ec3 \u0111\u00e1nh gi\u00e1 ch\u1ea5t l\u01b0\u1ee3ng ph\u1ee5c h\u1ed3i c\u1ee7a c\u01a1 th\u1ec3.<\/li>\n<li data-sourcepos=\"22:5-22:127\">\u01af\u1edbc t\u00ednh tu\u1ed5i c\u01a1 th\u1ec3 v\u00e0 cung c\u1ea5p c\u00e1c k\u1ebf ho\u1ea1ch t\u1eadp luy\u1ec7n qua \u1ee9ng d\u1ee5ng Garmin Connect, gi\u00fap b\u1ea1n duy tr\u00ec l\u1ed1i s\u1ed1ng l\u00e0nh m\u1ea1nh.<\/li>\n<\/ul>\n<\/li>\n<li data-sourcepos=\"23:1-23:165\"><strong>Ch\u1ebf \u0110\u1ed9 Th\u1ec3 Thao \u0110a D\u1ea1ng:<\/strong> Ngo\u00e0i golf, \u0111\u1ed3ng h\u1ed3 c\u00f2n t\u00edch h\u1ee3p s\u1eb5n c\u00e1c h\u1ed3 s\u01a1 ho\u1ea1t \u0111\u1ed9ng cho nhi\u1ec1u m\u00f4n th\u1ec3 thao kh\u00e1c nh\u01b0 r\u00e8n luy\u1ec7n s\u1ee9c m\u1ea1nh, HIIT, yoga, ch\u1ea1y b\u1ed9, v.v.<\/li>\n<li data-sourcepos=\"24:1-26:34\"><strong>Th\u1eddi L\u01b0\u1ee3ng Pin \u1ea4n T\u01b0\u1ee3ng:<\/strong>\n<ul data-sourcepos=\"25:5-26:34\">\n<li data-sourcepos=\"25:5-25:50\">L\u00ean \u0111\u1ebfn 14 ng\u00e0y \u1edf ch\u1ebf \u0111\u1ed9 \u0111\u1ed3ng h\u1ed3 th\u00f4ng minh.<\/li>\n<li data-sourcepos=\"26:5-26:34\">L\u00ean \u0111\u1ebfn 15 gi\u1edd \u1edf ch\u1ebf \u0111\u1ed9 GPS.<\/li>\n<\/ul>\n<\/li>\n<li data-sourcepos=\"27:1-27:139\"><strong>Gi\u1ea3i Tr\u00ed Ti\u1ec7n L\u1ee3i:<\/strong> T\u1ea3i nh\u1ea1c tr\u1ef1c ti\u1ebfp t\u1eeb Spotify, Deezer ho\u1eb7c Amazon Music \u0111\u1ec3 th\u01b0\u1edfng th\u1ee9c nh\u1eefng giai \u0111i\u1ec7u y\u00eau th\u00edch ngay tr\u00ean c\u1ed5 tay.<\/li>\n<li data-sourcepos=\"28:1-29:0\"><strong>Kh\u1ea3 N\u0103ng Ch\u1ed1ng N\u01b0\u1edbc:<\/strong> Ch\u1ed1ng n\u01b0\u1edbc l\u00ean \u0111\u1ebfn 5 ATM, an to\u00e0n khi s\u1eed d\u1ee5ng trong \u0111i\u1ec1u ki\u1ec7n \u1ea9m \u01b0\u1edbt ho\u1eb7c khi b\u01a1i l\u1ed9i.<\/li>\n<\/ul>\n","protected":false},"excerpt":{"rendered":"<p><strong>\u2282\u2329 B\u1ea2O H\u00c0NH CH\u00cdNH H\u00c3NG 2 N\u0102M \u232a\u2283<\/strong><\/p>\n<p><strong>\u260e Li\u00ean h\u1ec7 t\u01b0 v\u1ea5n : 0972 658 351 \u2013\u00a0 0962 846 820 (g\u1ecdi tr\u1ef1c ti\u1ebfp ho\u1eb7c Zalo).<\/strong><\/p>\n","protected":false},"featured_media":4052,"comment_status":"open","ping_status":"closed","template":"","meta":[],"product_cat":[49,40],"product_tag":[],"class_list":{"0":"post-4040","1":"product","2":"type-product","3":"status-publish","4":"has-post-thumbnail","6":"product_cat-chuyen-golf","7":"product_cat-dong-ho-thong-minh","9":"first","10":"instock","11":"sale","12":"shipping-taxable","13":"purchasable","14":"product-type-variable"},"_links":{"self":[{"href":"https:\/\/gpsgarmin.vn\/index.php?rest_route=\/wp\/v2\/product\/4040","targetHints":{"allow":["GET"]}}],"collection":[{"href":"https:\/\/gpsgarmin.vn\/index.php?rest_route=\/wp\/v2\/product"}],"about":[{"href":"https:\/\/gpsgarmin.vn\/index.php?rest_route=\/wp\/v2\/types\/product"}],"replies":[{"embeddable":true,"href":"https:\/\/gpsgarmin.vn\/index.php?rest_route=%2Fwp%2Fv2%2Fcomments&post=4040"}],"version-history":[{"count":4,"href":"https:\/\/gpsgarmin.vn\/index.php?rest_route=\/wp\/v2\/product\/4040\/revisions"}],"predecessor-version":[{"id":4056,"href":"https:\/\/gpsgarmin.vn\/index.php?rest_route=\/wp\/v2\/product\/4040\/revisions\/4056"}],"wp:featuredmedia":[{"embeddable":true,"href":"https:\/\/gpsgarmin.vn\/index.php?rest_route=\/wp\/v2\/media\/4052"}],"wp:attachment":[{"href":"https:\/\/gpsgarmin.vn\/index.php?rest_route=%2Fwp%2Fv2%2Fmedia&parent=4040"}],"wp:term":[{"taxonomy":"product_cat","embeddable":true,"href":"https:\/\/gpsgarmin.vn\/index.php?rest_route=%2Fwp%2Fv2%2Fproduct_cat&post=4040"},{"taxonomy":"product_tag","embeddable":true,"href":"https:\/\/gpsgarmin.vn\/index.php?rest_route=%2Fwp%2Fv2%2Fproduct_tag&post=4040"}],"curies":[{"name":"wp","href":"https:\/\/api.w.org\/{rel}","templated":true}]}}