{"id":4006,"date":"2025-06-17T09:37:00","date_gmt":"2025-06-17T02:37:00","guid":{"rendered":"http:\/\/demo.garminvietnam.vn\/?post_type=product&#038;p=4006"},"modified":"2025-11-25T09:30:21","modified_gmt":"2025-11-25T02:30:21","slug":"garmin-forerunner-965","status":"publish","type":"product","link":"https:\/\/gpsgarmin.vn\/?product=garmin-forerunner-965","title":{"rendered":"Garmin Forerunner 965"},"content":{"rendered":"<h2 data-sourcepos=\"5:1-5:64\">\u0110\u1ed3ng h\u1ed3 <a href=\"https:\/\/gpsgarmin.vn\/?product=garmin-forerunner-965\">Forerunner 965<\/a> \u2013 \u0110\u1ec9nh cao c\u1ee7a hi\u1ec7u su\u1ea5t v\u00e0 phong c\u00e1ch<\/h2>\n<p data-sourcepos=\"7:1-7:359\">Ch\u00e0o m\u1eebng b\u1ea1n \u0111\u1ebfn v\u1edbi <a href=\"https:\/\/gpsgarmin.vn\/?product=garmin-forerunner-965\">Forerunner 965<\/a>, chi\u1ebfc \u0111\u1ed3ng h\u1ed3 GPS th\u00f4ng minh \u0111\u01b0\u1ee3c thi\u1ebft k\u1ebf d\u00e0nh ri\u00eang cho nh\u1eefng v\u1eadn \u0111\u1ed9ng vi\u00ean marathon, triathlete v\u00e0 nh\u1eefng ng\u01b0\u1eddi \u0111am m\u00ea th\u1ec3 thao chuy\u00ean nghi\u1ec7p. V\u1edbi s\u1ef1 k\u1ebft h\u1ee3p ho\u00e0n h\u1ea3o gi\u1eefa c\u00f4ng ngh\u1ec7 ti\u00ean ti\u1ebfn v\u00e0 thi\u1ebft k\u1ebf sang tr\u1ecdng, <a href=\"https:\/\/gpsgarmin.vn\/?product=garmin-forerunner-965\">Forerunner 965<\/a> s\u1ebd l\u00e0 ng\u01b0\u1eddi b\u1ea1n \u0111\u1ed3ng h\u00e0nh \u0111\u00e1ng tin c\u1eady tr\u00ean m\u1ecdi ch\u1eb7ng \u0111\u01b0\u1eddng chinh ph\u1ee5c gi\u1edbi h\u1ea1n c\u1ee7a b\u1ea1n<\/p>\n<p data-sourcepos=\"7:1-7:359\"><img fetchpriority=\"high\" decoding=\"async\" class=\"app__feature__card__image\" src=\"https:\/\/res.garmin.com\/vi_VN\/products\/010-02809-80\/g\/forerunner965-feature-04.jpg\" alt=\"\" width=\"390\" height=\"439\" \/><img decoding=\"async\" class=\"app__feature__card__image\" src=\"https:\/\/res.garmin.com\/en\/products\/010-02809-00\/g\/55081-2-FULL-COLOR.jpg\" alt=\"\" width=\"390\" height=\"439\" \/><img decoding=\"async\" class=\"app__feature__card__image\" src=\"https:\/\/res.garmin.com\/vi_VN\/products\/010-02809-80\/g\/forerunner965-feature-05.jpg\" alt=\"\" width=\"390\" height=\"439\" \/><\/p>\n<p data-sourcepos=\"9:1-9:43\"><strong>Thi\u1ebft k\u1ebf cao c\u1ea5p v\u00e0 M\u00e0n h\u00ecnh s\u1ed1ng \u0111\u1ed9ng:<\/strong><\/p>\n<ul data-sourcepos=\"11:1-14:0\">\n<li data-sourcepos=\"11:1-11:170\"><strong>M\u00e0n h\u00ecnh AMOLED 1.4 inch r\u1ef1c r\u1ee1:<\/strong> Tr\u1ea3i nghi\u1ec7m h\u00ecnh \u1ea3nh s\u1eafc n\u00e9t, s\u1ed1ng \u0111\u1ed9ng v\u00e0 d\u1ec5 \u0111\u1ecdc ngay c\u1ea3 d\u01b0\u1edbi \u00e1nh n\u1eafng gay g\u1eaft, gi\u00fap b\u1ea1n d\u1ec5 d\u00e0ng theo d\u00f5i m\u1ecdi th\u00f4ng s\u1ed1 quan tr\u1ecdng.<\/li>\n<li data-sourcepos=\"12:1-12:141\"><strong>Vi\u1ec1n Titanium DLC Carbon Gray nh\u1eb9 v\u00e0 b\u1ec1n b\u1ec9:<\/strong> Mang l\u1ea1i s\u1ef1 \u0111\u1eb3ng c\u1ea5p v\u00e0 \u0111\u1ed9 b\u1ec1n v\u01b0\u1ee3t tr\u1ed9i, \u0111\u1ea3m b\u1ea3o \u0111\u1ed3ng h\u1ed3 lu\u00f4n s\u1eb5n s\u00e0ng cho m\u1ecdi th\u1eed th\u00e1ch.<\/li>\n<li data-sourcepos=\"13:1-14:0\"><strong>Linh ho\u1ea1t trong \u0111i\u1ec1u khi\u1ec3n:<\/strong> D\u1ec5 d\u00e0ng thao t\u00e1c v\u1edbi m\u00e0n h\u00ecnh c\u1ea3m \u1ee9ng ho\u1eb7c c\u00e1c n\u00fat b\u1ea5m v\u1eadt l\u00fd t\u00f9y theo s\u1edf th\u00edch v\u00e0 \u0111i\u1ec1u ki\u1ec7n s\u1eed d\u1ee5ng.<\/li>\n<\/ul>\n<p data-sourcepos=\"15:1-15:42\"><strong>T\u00ednh n\u0103ng \u0111\u1ecbnh v\u1ecb v\u00e0 b\u1ea3n \u0111\u1ed3 v\u01b0\u1ee3t tr\u1ed9i:<\/strong><\/p>\n<ul data-sourcepos=\"17:1-19:0\">\n<li data-sourcepos=\"17:1-17:163\"><strong>\u0110\u1ecbnh v\u1ecb \u0111a b\u0103ng t\u1ea7n v\u00e0 SATIQ\u2122:<\/strong> \u0110\u1ea3m b\u1ea3o \u0111\u1ed9 ch\u00ednh x\u00e1c \u0111\u1ecbnh v\u1ecb GPS t\u1ed1i \u01b0u ngay c\u1ea3 trong nh\u1eefng m\u00f4i tr\u01b0\u1eddng kh\u00f3 kh\u0103n nh\u1ea5t, gi\u00fap b\u1ea1n t\u1ef1 tin kh\u00e1m ph\u00e1 m\u1ecdi cung \u0111\u01b0\u1eddng.<\/li>\n<li data-sourcepos=\"18:1-19:0\"><strong>B\u1ea3n \u0111\u1ed3 m\u00e0u t\u00edch h\u1ee3p:<\/strong> \u0110i\u1ec1u h\u01b0\u1edbng d\u1ec5 d\u00e0ng v\u1edbi b\u1ea3n \u0111\u1ed3 chi ti\u1ebft ngay tr\u00ean c\u1ed5 tay, h\u1ed7 tr\u1ee3 t\u00ednh n\u0103ng \u0111\u1ecbnh tuy\u1ebfn theo t\u1eebng ch\u1eb7ng v\u00e0 t\u1ea1o cung \u0111\u01b0\u1eddng kh\u1ee9 h\u1ed3i.<\/li>\n<\/ul>\n<p data-sourcepos=\"20:1-20:43\"><strong>H\u1ed7 tr\u1ee3 t\u1eadp luy\u1ec7n v\u00e0 hi\u1ec7u su\u1ea5t \u0111\u1ec9nh cao:<\/strong><\/p>\n<ul data-sourcepos=\"22:1-31:0\">\n<li data-sourcepos=\"22:1-22:153\"><strong>Th\u1eddi l\u01b0\u1ee3ng pin \u1ea5n t\u01b0\u1ee3ng:<\/strong> T\u1eadn h\u01b0\u1edfng l\u00ean \u0111\u1ebfn 31 gi\u1edd s\u1eed d\u1ee5ng \u1edf ch\u1ebf \u0111\u1ed9 GPS, cho ph\u00e9p b\u1ea1n ho\u00e0n th\u00e0nh c\u00e1c bu\u1ed5i t\u1eadp d\u00e0i ho\u1eb7c cu\u1ed9c \u0111ua m\u00e0 kh\u00f4ng lo h\u1ebft pin.<\/li>\n<li data-sourcepos=\"23:1-23:199\"><strong>\u0110i\u1ec3m s\u1ed1 s\u1eb5n s\u00e0ng t\u1eadp luy\u1ec7n (Training Readiness):<\/strong> \u0110\u00e1nh gi\u00e1 m\u1ee9c \u0111\u1ed9 s\u1eb5n s\u00e0ng c\u1ee7a c\u01a1 th\u1ec3 \u0111\u1ec3 luy\u1ec7n t\u1eadp d\u1ef1a tr\u00ean gi\u1ea5c ng\u1ee7, qu\u00e1 tr\u00ecnh ph\u1ee5c h\u1ed3i v\u00e0 t\u00ecnh tr\u1ea1ng HRV, gi\u00fap b\u1ea1n t\u1ed1i \u01b0u h\u00f3a hi\u1ec7u qu\u1ea3 bu\u1ed5i t\u1eadp.<\/li>\n<li data-sourcepos=\"24:1-24:165\"><strong>\u0110o l\u01b0\u1eddng \u0110\u1ed9ng l\u1ef1c ch\u1ea1y b\u1ed9 (Running Dynamics):<\/strong> Cung c\u1ea5p c\u00e1c ch\u1ec9 s\u1ed1 quan tr\u1ecdng nh\u01b0 nh\u1ecbp, \u0111\u1ed9 d\u00e0i s\u1ea3i ch\u00e2n v\u00e0 th\u1eddi gian ti\u1ebfp \u0111\u1ea5t, gi\u00fap b\u1ea1n c\u1ea3i thi\u1ec7n k\u1ef9 thu\u1eadt ch\u1ea1y.<\/li>\n<li data-sourcepos=\"25:1-25:166\"><strong>C\u00e1c ch\u1ebf \u0111\u1ed9 th\u1ec3 thao \u0111a d\u1ea1ng:<\/strong> H\u1ed7 tr\u1ee3 \u0111\u1ea7y \u0111\u1ee7 c\u00e1c ch\u1ebf \u0111\u1ed9 cho ch\u1ea1y b\u1ed9, \u0111\u1ea1p xe, b\u01a1i l\u1ed9i v\u00e0 \u0111\u1eb7c bi\u1ec7t l\u00e0 ch\u1ebf \u0111\u1ed9 ba m\u00f4n ph\u1ed1i h\u1ee3p (triathlon) v\u00e0 \u0111a th\u1ec3 thao chuy\u00ean bi\u1ec7t.<\/li>\n<li data-sourcepos=\"26:1-26:143\"><strong>G\u1ee3i \u00fd b\u00e0i t\u1eadp h\u00e0ng ng\u00e0y:<\/strong> Nh\u1eadn c\u00e1c g\u1ee3i \u00fd b\u00e0i t\u1eadp t\u00f9y ch\u1ec9nh d\u1ef1a tr\u00ean t\u00ecnh tr\u1ea1ng t\u1eadp luy\u1ec7n, kh\u1ea3 n\u0103ng ph\u1ee5c h\u1ed3i v\u00e0 l\u1ecbch tr\u00ecnh s\u1eafp t\u1edbi c\u1ee7a b\u1ea1n.<\/li>\n<li data-sourcepos=\"27:1-27:175\"><strong>B\u00e1o c\u00e1o bu\u1ed5i s\u00e1ng (Morning Report):<\/strong> Cung c\u1ea5p t\u1ed5ng quan v\u1ec1 gi\u1ea5c ng\u1ee7, t\u00ecnh tr\u1ea1ng ph\u1ee5c h\u1ed3i, tr\u1ea1ng th\u00e1i HRV v\u00e0 d\u1ef1 b\u00e1o th\u1eddi ti\u1ebft, gi\u00fap b\u1ea1n b\u1eaft \u0111\u1ea7u ng\u00e0y m\u1edbi m\u1ed9t c\u00e1ch hi\u1ec7u qu\u1ea3.<\/li>\n<li data-sourcepos=\"28:1-28:186\"><strong>Ti\u1ec7n \u00edch cu\u1ed9c \u0111ua (Race Widget):<\/strong> Chu\u1ea9n b\u1ecb cho cu\u1ed9c \u0111ua m\u1ed9t c\u00e1ch th\u00f4ng minh v\u1edbi c\u00e1c m\u1eb9o luy\u1ec7n t\u1eadp, g\u1ee3i \u00fd b\u00e0i t\u1eadp h\u00e0ng ng\u00e0y v\u00e0 d\u1ef1 \u0111o\u00e1n th\u1eddi gian ho\u00e0n th\u00e0nh d\u1ef1a tr\u00ean m\u1ee5c ti\u00eau c\u1ee7a b\u1ea1n.<\/li>\n<li data-sourcepos=\"29:1-29:157\"><strong>Tr\u1ea1ng th\u00e1i t\u1eadp luy\u1ec7n v\u00e0 th\u1eddi gian ph\u1ee5c h\u1ed3i:<\/strong> Theo d\u00f5i hi\u1ec7u qu\u1ea3 t\u1eadp luy\u1ec7n v\u00e0 nh\u1eadn khuy\u1ebfn ngh\u1ecb v\u1ec1 th\u1eddi gian ph\u1ee5c h\u1ed3i c\u1ea7n thi\u1ebft \u0111\u1ec3 tr\u00e1nh t\u1eadp luy\u1ec7n qu\u00e1 s\u1ee9c.<\/li>\n<li data-sourcepos=\"30:1-31:0\"><strong>Garmin Coach:<\/strong> T\u1eadn d\u1ee5ng c\u00e1c k\u1ebf ho\u1ea1ch t\u1eadp luy\u1ec7n mi\u1ec5n ph\u00ed cho c\u1ef1 ly 5K, 10K v\u00e0 b\u00e1n marathon, \u0111\u01b0\u1ee3c thi\u1ebft k\u1ebf b\u1edfi c\u00e1c hu\u1ea5n luy\u1ec7n vi\u00ean chuy\u00ean nghi\u1ec7p.<\/li>\n<\/ul>\n<p data-sourcepos=\"32:1-32:32\"><strong>Theo d\u00f5i s\u1ee9c kh\u1ecfe to\u00e0n di\u1ec7n:<\/strong><\/p>\n<ul data-sourcepos=\"34:1-38:0\">\n<li data-sourcepos=\"34:1-34:122\"><strong>Theo d\u00f5i gi\u1ea5c ng\u1ee7 v\u00e0 ch\u1ea5m \u0111i\u1ec3m gi\u1ea5c ng\u1ee7:<\/strong> Hi\u1ec3u r\u00f5 h\u01a1n v\u1ec1 ch\u1ea5t l\u01b0\u1ee3ng gi\u1ea5c ng\u1ee7 c\u1ee7a b\u1ea1n v\u00e0 nh\u1eadn l\u1eddi khuy\u00ean \u0111\u1ec3 c\u1ea3i thi\u1ec7n.<\/li>\n<li data-sourcepos=\"35:1-35:129\"><strong>Theo d\u00f5i n\u0103ng l\u01b0\u1ee3ng Body Battery\u2122:<\/strong> Gi\u00fap b\u1ea1n qu\u1ea3n l\u00fd n\u0103ng l\u01b0\u1ee3ng c\u01a1 th\u1ec3, bi\u1ebft khi n\u00e0o n\u00ean ho\u1ea1t \u0111\u1ed9ng v\u00e0 khi n\u00e0o c\u1ea7n ngh\u1ec9 ng\u01a1i.<\/li>\n<li data-sourcepos=\"36:1-36:123\"><strong>Tr\u1ea1ng th\u00e1i HRV (Bi\u1ebfn thi\u00ean nh\u1ecbp tim):<\/strong> Cung c\u1ea5p th\u00f4ng tin chi ti\u1ebft v\u1ec1 s\u1ee9c kh\u1ecfe t\u1ed5ng th\u1ec3 v\u00e0 m\u1ee9c \u0111\u1ed9 ph\u1ee5c h\u1ed3i c\u1ee7a c\u01a1 th\u1ec3.<\/li>\n<li data-sourcepos=\"37:1-38:0\"><strong>Theo d\u00f5i s\u1ee9c kh\u1ecfe ph\u1ee5 n\u1eef:<\/strong> Ghi l\u1ea1i chu k\u1ef3 kinh nguy\u1ec7t ho\u1eb7c qu\u00e1 tr\u00ecnh mang thai, nh\u1eadn th\u00f4ng tin gi\u00e1o d\u1ee5c v\u00e0 l\u1eddi khuy\u00ean v\u1ec1 t\u1eadp luy\u1ec7n v\u00e0 dinh d\u01b0\u1ee1ng.<\/li>\n<\/ul>\n","protected":false},"excerpt":{"rendered":"<p><strong>\u2282\u2329 B\u1ea2O H\u00c0NH CH\u00cdNH H\u00c3NG 2 N\u0102M \u232a\u2283<\/strong><\/p>\n<p><strong>\u260e Li\u00ean h\u1ec7 t\u01b0 v\u1ea5n : 0972 658 351 \u2013\u00a0 0962 846 820 (g\u1ecdi tr\u1ef1c ti\u1ebfp ho\u1eb7c Zalo).<\/strong><\/p>\n","protected":false},"featured_media":4014,"comment_status":"open","ping_status":"closed","template":"","meta":[],"product_cat":[40,46,47],"product_tag":[],"class_list":{"0":"post-4006","1":"product","2":"type-product","3":"status-publish","4":"has-post-thumbnail","6":"product_cat-dong-ho-thong-minh","7":"product_cat-forerunner","8":"product_cat-the-thao-va-suc-khoe","10":"first","11":"instock","12":"sale","13":"shipping-taxable","14":"purchasable","15":"product-type-variable"},"_links":{"self":[{"href":"https:\/\/gpsgarmin.vn\/index.php?rest_route=\/wp\/v2\/product\/4006","targetHints":{"allow":["GET"]}}],"collection":[{"href":"https:\/\/gpsgarmin.vn\/index.php?rest_route=\/wp\/v2\/product"}],"about":[{"href":"https:\/\/gpsgarmin.vn\/index.php?rest_route=\/wp\/v2\/types\/product"}],"replies":[{"embeddable":true,"href":"https:\/\/gpsgarmin.vn\/index.php?rest_route=%2Fwp%2Fv2%2Fcomments&post=4006"}],"version-history":[{"count":4,"href":"https:\/\/gpsgarmin.vn\/index.php?rest_route=\/wp\/v2\/product\/4006\/revisions"}],"predecessor-version":[{"id":4989,"href":"https:\/\/gpsgarmin.vn\/index.php?rest_route=\/wp\/v2\/product\/4006\/revisions\/4989"}],"wp:featuredmedia":[{"embeddable":true,"href":"https:\/\/gpsgarmin.vn\/index.php?rest_route=\/wp\/v2\/media\/4014"}],"wp:attachment":[{"href":"https:\/\/gpsgarmin.vn\/index.php?rest_route=%2Fwp%2Fv2%2Fmedia&parent=4006"}],"wp:term":[{"taxonomy":"product_cat","embeddable":true,"href":"https:\/\/gpsgarmin.vn\/index.php?rest_route=%2Fwp%2Fv2%2Fproduct_cat&post=4006"},{"taxonomy":"product_tag","embeddable":true,"href":"https:\/\/gpsgarmin.vn\/index.php?rest_route=%2Fwp%2Fv2%2Fproduct_tag&post=4006"}],"curies":[{"name":"wp","href":"https:\/\/api.w.org\/{rel}","templated":true}]}}