{"id":3954,"date":"2025-06-16T16:48:42","date_gmt":"2025-06-16T09:48:42","guid":{"rendered":"http:\/\/demo.garminvietnam.vn\/?post_type=product&#038;p=3954"},"modified":"2025-11-25T08:58:42","modified_gmt":"2025-11-25T01:58:42","slug":"garmin-eduro-2","status":"publish","type":"product","link":"https:\/\/gpsgarmin.vn\/?product=garmin-eduro-2","title":{"rendered":"Garmin Eduro 2"},"content":{"rendered":"<h3 data-sourcepos=\"5:1-5:65\"><strong>\u0110\u1ed3ng h\u1ed3 Garmin <a href=\"https:\/\/gpsgarmin.vn\/?product=garmin-eduro-2\">Enduro 2<\/a> \u2013 B\u1ee9t Ph\u00e1 Gi\u1edbi H\u1ea1n, V\u01b0\u01a1n T\u1ea7m Kh\u00e1m Ph\u00e1<\/strong><\/h3>\n<p data-sourcepos=\"7:1-7:380\">Ch\u00e0o m\u1eebng b\u1ea1n \u0111\u1ebfn v\u1edbi k\u1ef7 nguy\u00ean m\u1edbi c\u1ee7a \u0111\u1ed3ng h\u1ed3 GPS \u0111a th\u1ec3 thao si\u00eau b\u1ec1n b\u1ec9 \u2013 Garmin <a href=\"https:\/\/gpsgarmin.vn\/?product=garmin-eduro-2\">Enduro 2<\/a>. \u0110\u01b0\u1ee3c thi\u1ebft k\u1ebf d\u00e0nh ri\u00eang cho nh\u1eefng v\u1eadn \u0111\u1ed9ng vi\u00ean endurance chuy\u00ean nghi\u1ec7p, nh\u1eefng ng\u01b0\u1eddi y\u00eau th\u00edch phi\u00eau l\u01b0u v\u00e0 kh\u00f4ng ng\u1ea1i th\u1eed th\u00e1ch, <a href=\"https:\/\/gpsgarmin.vn\/?product=garmin-eduro-2\">Enduro 2<\/a> l\u00e0 s\u1ef1 k\u1ebft h\u1ee3p ho\u00e0n h\u1ea3o gi\u1eefa c\u00f4ng ngh\u1ec7 ti\u00ean ti\u1ebfn, \u0111\u1ed9 b\u1ec1n v\u01b0\u1ee3t tr\u1ed9i v\u00e0 th\u1eddi l\u01b0\u1ee3ng pin \u1ea5n t\u01b0\u1ee3ng, gi\u00fap b\u1ea1n chinh ph\u1ee5c m\u1ecdi cung \u0111\u01b0\u1eddng v\u00e0 m\u1ecdi m\u1ee5c ti\u00eau.<\/p>\n<p data-sourcepos=\"9:1-9:54\"><strong>1. Th\u1eddi l\u01b0\u1ee3ng pin k\u1ef7 l\u1ee5c \u2013 Kh\u00f4ng ng\u1eebng chinh ph\u1ee5c:<\/strong><\/p>\n<p data-sourcepos=\"11:1-11:175\">V\u1edbi <a href=\"https:\/\/gpsgarmin.vn\/?product=garmin-eduro-2\">Enduro 2<\/a>, n\u1ed7i lo v\u1ec1 pin s\u1ebd tan bi\u1ebfn. C\u00f4ng ngh\u1ec7 s\u1ea1c n\u0103ng l\u01b0\u1ee3ng m\u1eb7t tr\u1eddi Power Glass\u2122 k\u1ebft h\u1ee3p c\u00f9ng kh\u1ea3 n\u0103ng qu\u1ea3n l\u00fd n\u0103ng l\u01b0\u1ee3ng t\u1ed1i \u01b0u mang l\u1ea1i th\u1eddi l\u01b0\u1ee3ng pin \u0111\u00e1ng kinh ng\u1ea1c:<\/p>\n<ul data-sourcepos=\"13:1-17:0\">\n<li data-sourcepos=\"13:1-13:85\"><strong>Ch\u1ebf \u0111\u1ed9 Smartwatch:<\/strong> L\u00ean \u0111\u1ebfn 34 ng\u00e0y v\u00e0 th\u00eam 12 ng\u00e0y khi s\u1ea1c n\u0103ng l\u01b0\u1ee3ng m\u1eb7t tr\u1eddi.<\/li>\n<li data-sourcepos=\"14:1-14:77\"><strong>Ch\u1ebf \u0111\u1ed9 GPS:<\/strong> L\u00ean \u0111\u1ebfn 110 gi\u1edd v\u00e0 th\u00eam 40 gi\u1edd khi s\u1ea1c n\u0103ng l\u01b0\u1ee3ng m\u1eb7t tr\u1eddi.<\/li>\n<li data-sourcepos=\"15:1-15:89\"><strong>Ch\u1ebf \u0111\u1ed9 GPS Expedition:<\/strong> L\u00ean \u0111\u1ebfn 77 ng\u00e0y v\u00e0 th\u00eam 33 ng\u00e0y khi s\u1ea1c n\u0103ng l\u01b0\u1ee3ng m\u1eb7t tr\u1eddi.<\/li>\n<li data-sourcepos=\"16:1-17:0\"><strong>Ch\u1ebf \u0111\u1ed9 Ti\u1ebft ki\u1ec7m pin t\u1ed1i \u0111a:<\/strong> L\u00ean \u0111\u1ebfn 136 ng\u00e0y v\u00e0 th\u00eam 172 ng\u00e0y khi s\u1ea1c n\u0103ng l\u01b0\u1ee3ng m\u1eb7t tr\u1eddi.<\/li>\n<\/ul>\n<p data-sourcepos=\"18:1-18:178\">Th\u1eddi l\u01b0\u1ee3ng pin v\u01b0\u1ee3t tr\u1ed9i n\u00e0y \u0111\u1ea3m b\u1ea3o r\u1eb1ng b\u1ea1n c\u00f3 th\u1ec3 ho\u00e0n th\u00e0nh nh\u1eefng ch\u1eb7ng \u0111\u01b0\u1eddng d\u00e0i nh\u1ea5t, nh\u1eefng cu\u1ed9c phi\u00eau l\u01b0u kh\u1eafc nghi\u1ec7t nh\u1ea5t m\u00e0 kh\u00f4ng c\u1ea7n lo l\u1eafng v\u1ec1 vi\u1ec7c h\u1ebft pin gi\u1eefa ch\u1eebng.<\/p>\n<p data-sourcepos=\"20:1-20:58\"><strong>2. Thi\u1ebft k\u1ebf si\u00eau b\u1ec1n b\u1ec9 \u2013 S\u1eb5n s\u00e0ng cho m\u1ecdi cu\u1ed9c chi\u1ebfn:<\/strong><\/p>\n<p data-sourcepos=\"22:1-22:83\">Garmin <a href=\"https:\/\/gpsgarmin.vn\/?product=garmin-eduro-2\">Enduro 2<\/a> kh\u00f4ng ch\u1ec9 m\u1ea1nh m\u1ebd v\u1ec1 t\u00ednh n\u0103ng m\u00e0 c\u00f2n n\u1ed5i b\u1eadt v\u1edbi \u0111\u1ed9 b\u1ec1n v\u01b0\u1ee3t tr\u1ed9i:<\/p>\n<ul data-sourcepos=\"24:1-28:0\">\n<li data-sourcepos=\"24:1-24:137\"><strong>V\u1eadt li\u1ec7u cao c\u1ea5p:<\/strong> \u0110\u01b0\u1ee3c ch\u1ebf t\u00e1c t\u1eeb nh\u1eefng v\u1eadt li\u1ec7u b\u1ec1n b\u1ec9 nh\u1ea5t, s\u1eb5n s\u00e0ng \u0111\u1ed1i m\u1eb7t v\u1edbi m\u1ecdi \u0111i\u1ec1u ki\u1ec7n th\u1eddi ti\u1ebft v\u00e0 \u0111\u1ecba h\u00ecnh kh\u1eafc nghi\u1ec7t.<\/li>\n<li data-sourcepos=\"25:1-25:204\"><strong>Ch\u1ed1ng s\u1ed1c, ch\u1ed1ng n\u01b0\u1edbc:<\/strong> \u0110\u1ea1t ti\u00eau chu\u1ea9n qu\u00e2n \u0111\u1ed9i, ch\u1ed1ng s\u1ed1c v\u00e0 ch\u1ed1ng n\u01b0\u1edbc \u0111\u1ebfn 10 ATM (t\u01b0\u01a1ng \u0111\u01b0\u01a1ng \u0111\u1ed9 s\u00e2u 100 m\u00e9t), b\u1ea1n c\u00f3 th\u1ec3 y\u00ean t\u00e2m s\u1eed d\u1ee5ng trong m\u1ecdi ho\u1ea1t \u0111\u1ed9ng, t\u1eeb b\u01a1i l\u1ed9i \u0111\u1ebfn leo n\u00fai, ch\u1ea1y trail&#8230;<\/li>\n<li data-sourcepos=\"26:1-26:87\"><strong>M\u00e0n h\u00ecnh l\u1edbn 1.4 inch:<\/strong> D\u1ec5 d\u00e0ng quan s\u00e1t th\u00f4ng tin, ngay c\u1ea3 d\u01b0\u1edbi \u00e1nh n\u1eafng gay g\u1eaft.<\/li>\n<li data-sourcepos=\"27:1-28:0\"><strong>D\u00e2y \u0111eo UltraFit:<\/strong> Thi\u1ebft k\u1ebf si\u00eau nh\u1eb9, tho\u00e1ng kh\u00ed v\u00e0 an to\u00e0n, \u0111\u1ea3m b\u1ea3o s\u1ef1 tho\u1ea3i m\u00e1i t\u1ed1i \u0111a trong m\u1ecdi ho\u1ea1t \u0111\u1ed9ng.<\/li>\n<\/ul>\n<p data-sourcepos=\"29:1-29:51\"><strong>3. \u0110\u00e8n pin si\u00eau s\u00e1ng \u2013 Kh\u00e1m ph\u00e1 kh\u00f4ng gi\u1edbi h\u1ea1n:<\/strong><\/p>\n<p data-sourcepos=\"31:1-31:275\">\u0110\u1eb7c bi\u1ec7t, <a href=\"https:\/\/gpsgarmin.vn\/?product=garmin-eduro-2\">Enduro 2<\/a> \u0111\u01b0\u1ee3c t\u00edch h\u1ee3p \u0111\u00e8n pin LED si\u00eau s\u00e1ng, g\u1ea5p \u0111\u00f4i \u0111\u1ed9 s\u00e1ng so v\u1edbi Enduro \u0111\u1eddi \u0111\u1ea7u. \u0110\u00e2y l\u00e0 t\u00ednh n\u0103ng c\u1ef1c k\u1ef3 h\u1eefu \u00edch khi b\u1ea1n ch\u1ea1y b\u1ed9 v\u00e0o ban \u0111\u00eam ho\u1eb7c trong \u0111i\u1ec1u ki\u1ec7n thi\u1ebfu s\u00e1ng. Ch\u1ebf \u0111\u1ed9 \u00e1nh s\u00e1ng \u0111\u1ecf an to\u00e0n gi\u00fap b\u1ea1n di chuy\u1ec3n d\u1ec5 d\u00e0ng m\u00e0 kh\u00f4ng l\u00e0m ch\u00f3i m\u1eaft ng\u01b0\u1eddi kh\u00e1c.<\/p>\n<p data-sourcepos=\"33:1-33:53\"><strong>4. \u0110\u1ecbnh v\u1ecb GPS \u0111a b\u0103ng t\u1ea7n \u2013 Ch\u00ednh x\u00e1c tuy\u1ec7t \u0111\u1ed1i:<\/strong><\/p>\n<p data-sourcepos=\"35:1-35:231\">V\u1edbi c\u00f4ng ngh\u1ec7 Multi-Band GPS, <a href=\"https:\/\/gpsgarmin.vn\/?product=garmin-eduro-2\">Enduro 2<\/a> cung c\u1ea5p \u0111\u1ed9 ch\u00ednh x\u00e1c \u0111\u1ecbnh v\u1ecb v\u01b0\u1ee3t tr\u1ed9i, \u0111\u1eb7c bi\u1ec7t trong c\u00e1c m\u00f4i tr\u01b0\u1eddng kh\u00f3 kh\u0103n nh\u01b0 h\u1ebbm n\u00fai, r\u1eebng r\u1eadm ho\u1eb7c khu v\u1ef1c \u0111\u00f4 th\u1ecb \u0111\u00f4ng \u0111\u00fac. B\u1ea1n s\u1ebd lu\u00f4n bi\u1ebft ch\u00ednh x\u00e1c v\u1ecb tr\u00ed c\u1ee7a m\u00ecnh v\u00e0 \u0111i \u0111\u00fang h\u01b0\u1edbng.<\/p>\n<p data-sourcepos=\"35:1-35:231\"><img decoding=\"async\" class=\"app__img-banner__img app__img-banner__img--desktop\" src=\"https:\/\/res.garmin.com\/en\/products\/010-02754-00\/g\/46322-D-1.jpg\" alt=\"\" \/><\/p>\n<p data-sourcepos=\"37:1-37:57\"><strong>5. B\u1ea3n \u0111\u1ed3 TopoActive \u0111a d\u1ea1ng \u2013 D\u1eabn l\u1ed1i m\u1ecdi n\u1ebbo \u0111\u01b0\u1eddng:<\/strong><\/p>\n<p data-sourcepos=\"39:1-39:289\"><a href=\"https:\/\/gpsgarmin.vn\/?product=garmin-eduro-2\">Enduro 2<\/a> \u0111i k\u00e8m v\u1edbi b\u1ea3n \u0111\u1ed3 TopoActive Vi\u1ec7t Nam c\u00e0i \u0111\u1eb7t s\u1eb5n (b\u1ea3n quy\u1ec1n Garmin), gi\u00fap b\u1ea1n d\u1ec5 d\u00e0ng theo d\u00f5i l\u1ed9 tr\u00ecnh v\u00e0 kh\u00e1m ph\u00e1 nh\u1eefng con \u0111\u01b0\u1eddng m\u1edbi. Ch\u1ee9c n\u0103ng CourseView cho b\u1ea3n \u0111\u1ed3 s\u00e2n golf v\u00e0 SkiView cho b\u1ea3n \u0111\u1ed3 khu tr\u01b0\u1ee3t tuy\u1ebft c\u00e0ng l\u00e0m cho chi\u1ebfc \u0111\u1ed3ng h\u1ed3 n\u00e0y tr\u1edf n\u00ean \u0111a n\u0103ng h\u01a1n bao gi\u1edd h\u1ebft.<\/p>\n<p data-sourcepos=\"41:1-41:65\"><strong>6. C\u00e1c t\u00ednh n\u0103ng luy\u1ec7n t\u1eadp chuy\u00ean s\u00e2u \u2013 T\u1ed1i \u01b0u h\u00f3a hi\u1ec7u su\u1ea5t:<\/strong><\/p>\n<p data-sourcepos=\"43:1-43:130\"><a href=\"https:\/\/gpsgarmin.vn\/?product=garmin-eduro-2\">Enduro 2<\/a> kh\u00f4ng ch\u1ec9 l\u00e0 m\u1ed9t chi\u1ebfc \u0111\u1ed3ng h\u1ed3 m\u00e0 c\u00f2n l\u00e0 m\u1ed9t hu\u1ea5n luy\u1ec7n vi\u00ean c\u00e1 nh\u00e2n m\u1ea1nh m\u1ebd, gi\u00fap b\u1ea1n ph\u00e2n t\u00edch v\u00e0 t\u1ed1i \u01b0u h\u00f3a hi\u1ec7u su\u1ea5t:<\/p>\n<ul data-sourcepos=\"45:1-52:0\">\n<li data-sourcepos=\"45:1-45:176\"><strong>Ch\u1ec9 s\u1ed1 s\u1ee9c b\u1ec1n theo th\u1eddi gian th\u1ef1c (Real-time Stamina):<\/strong> Theo d\u00f5i m\u1ee9c \u0111\u1ed9 s\u1ee9c b\u1ec1n hi\u1ec7n t\u1ea1i c\u1ee7a b\u1ea1n \u0111\u1ec3 \u0111i\u1ec1u ch\u1ec9nh c\u01b0\u1eddng \u0111\u1ed9 t\u1eadp luy\u1ec7n m\u1ed9t c\u00e1ch h\u1ee3p l\u00fd, tr\u00e1nh ki\u1ec7t s\u1ee9c qu\u00e1 s\u1edbm.<\/li>\n<li data-sourcepos=\"46:1-46:187\"><strong>\u0110\u1ec1 xu\u1ea5t th\u1eddi gian ph\u1ee5c h\u1ed3i (Recovery Time Advisor):<\/strong> Cung c\u1ea5p l\u1eddi khuy\u00ean v\u1ec1 th\u1eddi gian c\u1ea7n thi\u1ebft \u0111\u1ec3 c\u01a1 th\u1ec3 ph\u1ee5c h\u1ed3i sau m\u1ed7i bu\u1ed5i t\u1eadp, gi\u00fap b\u1ea1n tr\u00e1nh t\u00ecnh tr\u1ea1ng qu\u00e1 t\u1ea3i v\u00e0 ch\u1ea5n th\u01b0\u01a1ng.<\/li>\n<li data-sourcepos=\"47:1-47:171\"><strong>Tr\u1ea1ng th\u00e1i luy\u1ec7n t\u1eadp (Training Status):<\/strong> \u0110\u00e1nh gi\u00e1 t\u00ecnh tr\u1ea1ng luy\u1ec7n t\u1eadp c\u1ee7a b\u1ea1n d\u1ef1a tr\u00ean d\u1eef li\u1ec7u hi\u1ec7u su\u1ea5t v\u00e0 th\u1ec3 ch\u1ea5t, gi\u00fap b\u1ea1n \u0111i\u1ec1u ch\u1ec9nh k\u1ebf ho\u1ea1ch t\u1eadp luy\u1ec7n ph\u00f9 h\u1ee3p.<\/li>\n<li data-sourcepos=\"48:1-48:161\"><strong>\u0110\u1ec1 xu\u1ea5t luy\u1ec7n t\u1eadp h\u00e0ng ng\u00e0y (Daily Suggested Workouts):<\/strong> Cung c\u1ea5p c\u00e1c b\u00e0i t\u1eadp c\u00e1 nh\u00e2n h\u00f3a d\u1ef1a tr\u00ean d\u1eef li\u1ec7u VO2 Max v\u00e0 kh\u1ed1i l\u01b0\u1ee3ng luy\u1ec7n t\u1eadp hi\u1ec7n t\u1ea1i c\u1ee7a b\u1ea1n.<\/li>\n<li data-sourcepos=\"49:1-49:146\"><strong>Ch\u1ee9c n\u0103ng PacePro\u2122:<\/strong> Gi\u00fap b\u1ea1n duy tr\u00ec t\u1ed1c \u0111\u1ed9 \u1ed5n \u0111\u1ecbnh trong su\u1ed1t ch\u1eb7ng \u0111\u01b0\u1eddng b\u1eb1ng c\u00e1ch \u0111i\u1ec1u ch\u1ec9nh nh\u1ecbp \u0111\u1ed9 d\u1ef1a tr\u00ean \u0111\u1ed9 d\u1ed1c v\u00e0 m\u1ee5c ti\u00eau c\u1ee7a b\u1ea1n.<\/li>\n<li data-sourcepos=\"50:1-50:150\"><strong>Trail Run VO2 Max:<\/strong> \u01af\u1edbc t\u00ednh m\u1ee9c VO2 Max \u0111\u1eb7c th\u00f9 cho ho\u1ea1t \u0111\u1ed9ng ch\u1ea1y trail, gi\u00fap b\u1ea1n \u0111\u00e1nh gi\u00e1 kh\u1ea3 n\u0103ng hi\u1ebfu kh\u00ed trong \u0111i\u1ec1u ki\u1ec7n \u0111\u1ecba h\u00ecnh kh\u00f3 kh\u0103n.<\/li>\n<li data-sourcepos=\"51:1-52:0\"><strong>T\u01b0\u01a1ng th\u00edch v\u1edbi c\u00e1c lo\u1ea1i c\u1ea3m bi\u1ebfn ngo\u00e0i:<\/strong> H\u1ed7 tr\u1ee3 k\u1ebft n\u1ed1i v\u1edbi c\u00e1c c\u1ea3m bi\u1ebfn nh\u1ecbp tim, t\u1ed1c \u0111\u1ed9, gu\u1ed3ng ch\u00e2n&#8230; qua ANT+ v\u00e0 Bluetooth.<\/li>\n<\/ul>\n<p data-sourcepos=\"53:1-53:56\"><strong>7. Theo d\u00f5i s\u1ee9c kh\u1ecfe to\u00e0n di\u1ec7n \u2013 N\u1eafm b\u1eaft c\u01a1 th\u1ec3 b\u1ea1n:<\/strong><\/p>\n<p data-sourcepos=\"55:1-55:79\"><a href=\"https:\/\/gpsgarmin.vn\/?product=garmin-eduro-2\">Enduro 2<\/a> trang b\u1ecb \u0111\u1ea7y \u0111\u1ee7 c\u00e1c c\u1ea3m bi\u1ebfn v\u00e0 t\u00ednh n\u0103ng theo d\u00f5i s\u1ee9c kh\u1ecfe ti\u00ean ti\u1ebfn:<\/p>\n<ul data-sourcepos=\"57:1-63:0\">\n<li data-sourcepos=\"57:1-57:97\"><strong>C\u1ea3m bi\u1ebfn nh\u1ecbp tim quang h\u1ecdc (Elevate\u2122 Gen 4):<\/strong> \u0110o nh\u1ecbp tim li\u00ean t\u1ee5c 24\/7, ngay c\u1ea3 d\u01b0\u1edbi n\u01b0\u1edbc.<\/li>\n<li data-sourcepos=\"58:1-58:91\"><strong>C\u1ea3m bi\u1ebfn Pulse Ox:<\/strong> \u0110o n\u1ed3ng \u0111\u1ed9 oxy trong m\u00e1u, \u0111\u1eb7c bi\u1ec7t h\u1eefu \u00edch khi luy\u1ec7n t\u1eadp \u1edf \u0111\u1ed9 cao.<\/li>\n<li data-sourcepos=\"59:1-59:131\"><strong>Theo d\u00f5i gi\u1ea5c ng\u1ee7 n\u00e2ng cao:<\/strong> Ph\u00e2n t\u00edch ch\u1ea5t l\u01b0\u1ee3ng gi\u1ea5c ng\u1ee7 c\u1ee7a b\u1ea1n qua c\u00e1c giai \u0111o\u1ea1n ng\u1ee7 s\u00e2u, ng\u1ee7 n\u00f4ng, REM v\u00e0 th\u1eddi gian th\u1ee9c.<\/li>\n<li data-sourcepos=\"60:1-60:149\"><strong>Theo d\u00f5i n\u0103ng l\u01b0\u1ee3ng c\u01a1 th\u1ec3 Body Battery\u2122:<\/strong> \u0110\u00e1nh gi\u00e1 m\u1ee9c n\u0103ng l\u01b0\u1ee3ng c\u01a1 th\u1ec3 c\u1ee7a b\u1ea1n, gi\u00fap b\u1ea1n bi\u1ebft khi n\u00e0o n\u00ean ngh\u1ec9 ng\u01a1i v\u00e0 khi n\u00e0o n\u00ean t\u1eadp luy\u1ec7n.<\/li>\n<li data-sourcepos=\"61:1-61:110\"><strong>Theo d\u00f5i m\u1ee9c \u0111\u1ed9 c\u0103ng th\u1eb3ng (Stress Tracking):<\/strong> Gi\u00fap b\u1ea1n nh\u1eadn bi\u1ebft v\u00e0 qu\u1ea3n l\u00fd m\u1ee9c \u0111\u1ed9 c\u0103ng th\u1eb3ng h\u00e0ng ng\u00e0y.<\/li>\n<li data-sourcepos=\"62:1-63:0\"><strong>Theo d\u00f5i s\u1ee9c kh\u1ecfe ph\u1ee5 n\u1eef:<\/strong> Theo d\u00f5i chu k\u1ef3 kinh nguy\u1ec7t v\u00e0 thai k\u1ef3 (qua \u1ee9ng d\u1ee5ng Garmin Connect).<\/li>\n<\/ul>\n<p data-sourcepos=\"64:1-64:54\"><strong>8. T\u00ednh n\u0103ng th\u00f4ng minh \u2013 Cu\u1ed9c s\u1ed1ng ti\u1ec7n nghi h\u01a1n:<\/strong><\/p>\n<ul data-sourcepos=\"66:1-70:0\">\n<li data-sourcepos=\"66:1-66:127\"><strong>Th\u00f4ng b\u00e1o th\u00f4ng minh:<\/strong> Nh\u1eadn tin nh\u1eafn, email, th\u00f4ng b\u00e1o t\u1eeb \u1ee9ng d\u1ee5ng ngay tr\u00ean c\u1ed5 tay khi k\u1ebft n\u1ed1i v\u1edbi \u0111i\u1ec7n tho\u1ea1i th\u00f4ng minh.<\/li>\n<li data-sourcepos=\"67:1-67:137\"><strong>Thanh to\u00e1n kh\u00f4ng ti\u1ebfp x\u00fac Garmin Pay\u2122:<\/strong> Thanh to\u00e1n nhanh ch\u00f3ng v\u00e0 ti\u1ec7n l\u1ee3i m\u00e0 kh\u00f4ng c\u1ea7n v\u00ed ti\u1ec1n (t\u1ea1i c\u00e1c \u0111i\u1ec3m ch\u1ea5p nh\u1eadn Garmin Pay).<\/li>\n<li data-sourcepos=\"68:1-68:118\"><strong>L\u01b0u tr\u1eef nh\u1ea1c:<\/strong> L\u01b0u tr\u1eef \u0111\u1ebfn 2000 b\u00e0i h\u00e1t ho\u1eb7c nghe nh\u1ea1c tr\u1ef1c tuy\u1ebfn t\u1eeb Spotify, Deezer (y\u00eau c\u1ea7u t\u00e0i kho\u1ea3n tr\u1ea3 ph\u00ed).<\/li>\n<li data-sourcepos=\"69:1-70:0\"><strong>T\u00ednh n\u0103ng an to\u00e0n v\u00e0 theo d\u00f5i:<\/strong> G\u1eedi v\u1ecb tr\u00ed c\u1ee7a b\u1ea1n cho ng\u01b0\u1eddi th\u00e2n trong tr\u01b0\u1eddng h\u1ee3p kh\u1ea9n c\u1ea5p ho\u1eb7c khi ph\u00e1t hi\u1ec7n s\u1ef1 c\u1ed1.<\/li>\n<\/ul>\n","protected":false},"excerpt":{"rendered":"<p><strong>\u2282\u2329 B\u1ea2O H\u00c0NH CH\u00cdNH H\u00c3NG 2 N\u0102M \u232a\u2283<\/strong><\/p>\n<p><strong>\u260e Li\u00ean h\u1ec7 t\u01b0 v\u1ea5n : 0972 658 351 \u2013\u00a0 0962 846 820 (g\u1ecdi tr\u1ef1c ti\u1ebfp ho\u1eb7c Zalo).<\/strong><\/p>\n","protected":false},"featured_media":3959,"comment_status":"open","ping_status":"closed","template":"","meta":[],"product_cat":[40,47],"product_tag":[],"class_list":{"0":"post-3954","1":"product","2":"type-product","3":"status-publish","4":"has-post-thumbnail","6":"product_cat-dong-ho-thong-minh","7":"product_cat-the-thao-va-suc-khoe","9":"first","10":"instock","11":"sale","12":"shipping-taxable","13":"purchasable","14":"product-type-simple"},"_links":{"self":[{"href":"https:\/\/gpsgarmin.vn\/index.php?rest_route=\/wp\/v2\/product\/3954","targetHints":{"allow":["GET"]}}],"collection":[{"href":"https:\/\/gpsgarmin.vn\/index.php?rest_route=\/wp\/v2\/product"}],"about":[{"href":"https:\/\/gpsgarmin.vn\/index.php?rest_route=\/wp\/v2\/types\/product"}],"replies":[{"embeddable":true,"href":"https:\/\/gpsgarmin.vn\/index.php?rest_route=%2Fwp%2Fv2%2Fcomments&post=3954"}],"version-history":[{"count":5,"href":"https:\/\/gpsgarmin.vn\/index.php?rest_route=\/wp\/v2\/product\/3954\/revisions"}],"predecessor-version":[{"id":3961,"href":"https:\/\/gpsgarmin.vn\/index.php?rest_route=\/wp\/v2\/product\/3954\/revisions\/3961"}],"wp:featuredmedia":[{"embeddable":true,"href":"https:\/\/gpsgarmin.vn\/index.php?rest_route=\/wp\/v2\/media\/3959"}],"wp:attachment":[{"href":"https:\/\/gpsgarmin.vn\/index.php?rest_route=%2Fwp%2Fv2%2Fmedia&parent=3954"}],"wp:term":[{"taxonomy":"product_cat","embeddable":true,"href":"https:\/\/gpsgarmin.vn\/index.php?rest_route=%2Fwp%2Fv2%2Fproduct_cat&post=3954"},{"taxonomy":"product_tag","embeddable":true,"href":"https:\/\/gpsgarmin.vn\/index.php?rest_route=%2Fwp%2Fv2%2Fproduct_tag&post=3954"}],"curies":[{"name":"wp","href":"https:\/\/api.w.org\/{rel}","templated":true}]}}