{"id":3931,"date":"2025-06-16T15:37:47","date_gmt":"2025-06-16T08:37:47","guid":{"rendered":"http:\/\/demo.garminvietnam.vn\/?post_type=product&#038;p=3931"},"modified":"2025-06-16T15:41:14","modified_gmt":"2025-06-16T08:41:14","slug":"sua-chua-may-gps-dong-ho-thong-minh-garmin","status":"publish","type":"product","link":"https:\/\/gpsgarmin.vn\/?product=sua-chua-may-gps-dong-ho-thong-minh-garmin","title":{"rendered":"S\u1eefa ch\u1eeda m\u00e1y GPS, \u0111\u1ed3ng h\u1ed3 th\u00f4ng minh,&#8230; Garmin"},"content":{"rendered":"<p>Nh\u1eadn\u00a0s\u1eeda ch\u1eefa m\u00e1y\u00a0\u0111\u1ecbnh v\u1ecb\u00a0GPS Garmin.<br \/>\nNh\u1eadn\u00a0s\u1eeda\u00a0\u0111\u1ed3ng h\u1ed3\u00a0Garmin.<\/p>\n<p>\u2666 Ti\u1ebfp nh\u1eadn s\u1eeda ch\u1eefa M\u00e1y\u00a0\u0111\u1ecbnh v\u1ecb\u00a0c\u00e1c lo\u1ea1i hi\u1ec7u Garmin nh\u01b0 :<\/p>\n<p>eTrex 10,\u00a0eTrex 20,\u00a0eTrex 22x,\u00a0eTrex 30x&#8230;<br \/>\nGPSMAP 60,\u00a0GPSMAP 62,\u00a0GPSMAP 64,\u00a0GPSMAP 64s,\u00a0GPSMAP 64sc,\u00a0GPSMAP 65s,\u00a0GPSMAP 66s&#8230;<br \/>\nGPSMAP 76,\u00a0GPSMAP 78,\u00a0GPSMAP 78s,\u00a0GPSMAP 79s&#8230;<br \/>\nGPS\u00a0Montana 650,\u00a0Montana 680&#8230;<br \/>\nGPS\u00a0Oregon 650,\u00a0GPS\u00a0Oregon 750&#8230;<br \/>\nGPS Zumo,\u00a0Garmin\u00a0Nuvi,\u00a0Garmin\u00a0Drive&#8230;<\/p>\n<p>\u2666 S\u1eeda \u0111\u1ed3ng h\u1ed3 Garmin\u00a0c\u00e1c lo\u1ea1i:<\/p>\n<p>Fenix,\u00a0Forerunner,\u00a0Vivo,\u00a0Venu&#8230;<br \/>\nGarmin Edge<\/p>\n","protected":false},"excerpt":{"rendered":"<p><strong>*Quy tr\u00ecnh s\u1eeda ch\u1eefa m\u00e1y \u0111\u1ecbnh v\u1ecb:<\/strong><\/p>\n<p>1. Ti\u1ebfp nh\u1eadn y\u00eau c\u1ea7u<br \/>\n2.\u00a0\u01af\u1edbc t\u00ednh chi ph\u00ed s\u1eeda ch\u1eefa<br \/>\n3. Ti\u1ebfp nh\u1eadn s\u1ea3n ph\u1ea9m, ki\u1ec3m tra, b\u00e1o ph\u00ed<br \/>\n4. Ti\u1ebfn h\u00e0nh s\u1eeda ch\u1eefa<br \/>\n5. Ho\u00e0n tr\u1ea3 s\u1ea3n ph\u1ea9m cho kh\u00e1ch h\u00e0ng. (Thu ti\u1ec1n COD ho\u1eb7c chuy\u1ec3n kho\u1ea3n)<\/p>\n<p><strong>*Chi ph\u00ed s\u1eeda ch\u1eefa:<\/strong> T\u00f9y theo t\u00ecnh tr\u1ea1ng l\u1ed7i, h\u01b0 h\u1ecfng c\u1ea7n s\u1eeda ch\u1eefa, thay th\u1ebf. Qu\u00fd kh\u00e1ch s\u1ebd\u00a0\u0111\u01b0\u1ee3c b\u00e1o gi\u00e1 c\u1ee5 th\u1ec3 sau khi shop ki\u1ec3m tra s\u1ea3n ph\u1ea9m. Kh\u00e1ch h\u00e0ng\u00a0\u0111\u1ed3ng\u00a0\u00fd s\u1ebd ti\u1ebfn h\u00e0nh s\u1eeda ch\u1eefa.<\/p>\n<p><strong>Qu\u00fd kh\u00e1ch c\u00f3 nhu c\u1ea7u vui l\u00f2ng li\u00ean h\u1ec7\u00a0\u0110T \/Zalo: 0972658351.<\/strong><\/p>\n","protected":false},"featured_media":3932,"comment_status":"open","ping_status":"closed","template":"","meta":[],"product_cat":[55],"product_tag":[],"class_list":{"0":"post-3931","1":"product","2":"type-product","3":"status-publish","4":"has-post-thumbnail","6":"product_cat-dich-vu","8":"first","9":"instock","10":"shipping-taxable","11":"product-type-simple"},"_links":{"self":[{"href":"https:\/\/gpsgarmin.vn\/index.php?rest_route=\/wp\/v2\/product\/3931","targetHints":{"allow":["GET"]}}],"collection":[{"href":"https:\/\/gpsgarmin.vn\/index.php?rest_route=\/wp\/v2\/product"}],"about":[{"href":"https:\/\/gpsgarmin.vn\/index.php?rest_route=\/wp\/v2\/types\/product"}],"replies":[{"embeddable":true,"href":"https:\/\/gpsgarmin.vn\/index.php?rest_route=%2Fwp%2Fv2%2Fcomments&post=3931"}],"version-history":[{"count":3,"href":"https:\/\/gpsgarmin.vn\/index.php?rest_route=\/wp\/v2\/product\/3931\/revisions"}],"predecessor-version":[{"id":3935,"href":"https:\/\/gpsgarmin.vn\/index.php?rest_route=\/wp\/v2\/product\/3931\/revisions\/3935"}],"wp:featuredmedia":[{"embeddable":true,"href":"https:\/\/gpsgarmin.vn\/index.php?rest_route=\/wp\/v2\/media\/3932"}],"wp:attachment":[{"href":"https:\/\/gpsgarmin.vn\/index.php?rest_route=%2Fwp%2Fv2%2Fmedia&parent=3931"}],"wp:term":[{"taxonomy":"product_cat","embeddable":true,"href":"https:\/\/gpsgarmin.vn\/index.php?rest_route=%2Fwp%2Fv2%2Fproduct_cat&post=3931"},{"taxonomy":"product_tag","embeddable":true,"href":"https:\/\/gpsgarmin.vn\/index.php?rest_route=%2Fwp%2Fv2%2Fproduct_tag&post=3931"}],"curies":[{"name":"wp","href":"https:\/\/api.w.org\/{rel}","templated":true}]}}