{"id":3918,"date":"2025-06-16T10:46:10","date_gmt":"2025-06-16T03:46:10","guid":{"rendered":"http:\/\/demo.garminvietnam.vn\/?post_type=product&#038;p=3918"},"modified":"2025-06-16T10:46:10","modified_gmt":"2025-06-16T03:46:10","slug":"ban-do-chile","status":"publish","type":"product","link":"https:\/\/gpsgarmin.vn\/?product=ban-do-chile","title":{"rendered":"B\u1ea3n \u0111\u1ed3 Chile"},"content":{"rendered":"<h4><strong>H\u00ecnh th\u1ee9c c\u00e0i \u0111\u1eb7t:<\/strong><\/h4>\n<p>\u2013 C\u00e0i \u0111\u1eb7t t\u1ea1i c\u00f4ng ty B\u00ecnh Hy 35\/15 Phan V\u0103n H\u1edbn, P.TTN, Q.12, Tp.HCM<br \/>\n\u2013 C\u00e0i \u0111\u1eb7t t\u1eadn n\u01a1i theo y\u00eau c\u1ea7u kh\u00e1ch h\u00e0ng (Trong khu v\u1ef1c n\u1ed9i th\u00e0nh Tp.HCM).<br \/>\n\u2013 Ho\u1eb7c c\u00e0i \u0111\u1eb7t t\u1eeb xa qua email v\u00e0 thanh to\u00e1n chuy\u1ec3n kho\u1ea3n.<\/p>\n<p>\u0110i\u1ec1u h\u01b0\u1edbng \u0111\u01b0\u1eddng ph\u1ed1 v\u1edbi s\u1ef1 t\u1ef1 tin. S\u1ea3n ph\u1ea9m n\u00e0y cung c\u1ea5p b\u1ea3n \u0111\u1ed3 \u0111\u01b0\u1eddng \u0111i chi ti\u1ebft v\u00e0 c\u00e1c \u0111i\u1ec3m \u01b0a th\u00edch cho thi\u1ebft b\u1ecb c\u1ee7a b\u1ea1n, v\u00ec v\u1eady b\u1ea1n c\u00f3 th\u1ec3 \u0111i\u1ec1u h\u01b0\u1edbng v\u1edbi c\u00e1c h\u01b0\u1edbng ch\u00ednh x\u00e1c, t\u1eebng ng\u00e3 r\u1ebd \u0111\u1ebfn b\u1ea5t k\u1ef3 \u0111\u1ecba ch\u1ec9 ho\u1eb7c ng\u00e3 t\u01b0 n\u00e0o.<br \/>\n\u2666 Hi\u1ec3n th\u1ecb h\u00e0ng ng\u00e0n \u0111i\u1ec3m quan t\u00e2m tr\u00ean kh\u1eafp l\u1ee5c \u0111\u1ecba, bao g\u1ed3m nh\u00e0 h\u00e0ng, nh\u00e0 ngh\u1ec9, tr\u1ea1m x\u0103ng \/ x\u0103ng, \u0111i\u1ec3m tham quan v\u00e0 \u0111\u01b0\u1eddng s\u1eaft.<br \/>\n\u2666 Cung c\u1ea5p ch\u1ec9 d\u1eabn t\u1eebng ch\u1eb7ng tr\u00ean c\u00e1c thi\u1ebft b\u1ecb t\u01b0\u01a1ng th\u00edch.<br \/>\n\u2666 N\u00f3i t\u00ean \u0111\u01b0\u1eddng ph\u1ed1 (v\u00ed d\u1ee5: \u201cR\u1ebd ph\u1ea3i tr\u00ean Ph\u1ed1 ch\u00ednh\u201d).<br \/>\n\u2666 Bao g\u1ed3m c\u00e1c t\u00ednh n\u0103ng \u0111i\u1ec1u h\u01b0\u1edbng, ch\u1eb3ng h\u1ea1n nh\u01b0 h\u1ea1n ch\u1ebf r\u1ebd, h\u01b0\u1edbng d\u1eabn v\u00f2ng v\u00e0 c\u00e1c lo\u1ea1i t\u1ed1c \u0111\u1ed9.<br \/>\n\u2666 Ch\u1ee9a d\u1eef li\u1ec7u l\u01b0u l\u01b0\u1ee3ng truy c\u1eadp cho c\u00e1c thi\u1ebft b\u1ecb t\u01b0\u01a1ng th\u00edch s\u1eed d\u1ee5ng b\u1ed9 thu l\u01b0u l\u01b0\u1ee3ng.<\/p>\n<p><img fetchpriority=\"high\" decoding=\"async\" class=\"\" src=\"https:\/\/static.garmincdn.com\/en\/products\/010-D1602-00\/g\/cm-md.jpg\" alt=\"Coverage Image\" width=\"492\" height=\"624\" data-mce-=\"\" \/><\/p>\n","protected":false},"excerpt":{"rendered":"<p><em><strong>\u2282 Mi\u1ec5n ph\u00ed c\u1eadp nh\u1eadt tr\u1ecdn \u0111\u1eddi \u2283<\/strong><\/em><\/p>\n<p><strong>*<\/strong>\u00a0<strong>L\u01b0u \u00fd<\/strong>:\u00a0<strong>Gi\u00e1 \u00e1p d\u1ee5ng cho 1 thi\u1ebft b\u1ecb, li\u00ean h\u1ec7 \u0111\u1ec3 \u0111\u01b0\u1ee3c t\u01b0 v\u1ea5n\u00a0: 0972 658 351 \u2013\u00a0 0962 846 820 (g\u1ecdi tr\u1ef1c ti\u1ebfp ho\u1eb7c Zalo).<\/strong><\/p>\n","protected":false},"featured_media":3878,"comment_status":"open","ping_status":"closed","template":"","meta":[],"product_cat":[39],"product_tag":[],"class_list":{"0":"post-3918","1":"product","2":"type-product","3":"status-publish","4":"has-post-thumbnail","6":"product_cat-phan-mem-dan-duong","8":"first","9":"instock","10":"shipping-taxable","11":"purchasable","12":"product-type-simple"},"_links":{"self":[{"href":"https:\/\/gpsgarmin.vn\/index.php?rest_route=\/wp\/v2\/product\/3918","targetHints":{"allow":["GET"]}}],"collection":[{"href":"https:\/\/gpsgarmin.vn\/index.php?rest_route=\/wp\/v2\/product"}],"about":[{"href":"https:\/\/gpsgarmin.vn\/index.php?rest_route=\/wp\/v2\/types\/product"}],"replies":[{"embeddable":true,"href":"https:\/\/gpsgarmin.vn\/index.php?rest_route=%2Fwp%2Fv2%2Fcomments&post=3918"}],"version-history":[{"count":2,"href":"https:\/\/gpsgarmin.vn\/index.php?rest_route=\/wp\/v2\/product\/3918\/revisions"}],"predecessor-version":[{"id":3920,"href":"https:\/\/gpsgarmin.vn\/index.php?rest_route=\/wp\/v2\/product\/3918\/revisions\/3920"}],"wp:featuredmedia":[{"embeddable":true,"href":"https:\/\/gpsgarmin.vn\/index.php?rest_route=\/wp\/v2\/media\/3878"}],"wp:attachment":[{"href":"https:\/\/gpsgarmin.vn\/index.php?rest_route=%2Fwp%2Fv2%2Fmedia&parent=3918"}],"wp:term":[{"taxonomy":"product_cat","embeddable":true,"href":"https:\/\/gpsgarmin.vn\/index.php?rest_route=%2Fwp%2Fv2%2Fproduct_cat&post=3918"},{"taxonomy":"product_tag","embeddable":true,"href":"https:\/\/gpsgarmin.vn\/index.php?rest_route=%2Fwp%2Fv2%2Fproduct_tag&post=3918"}],"curies":[{"name":"wp","href":"https:\/\/api.w.org\/{rel}","templated":true}]}}