{"id":3892,"date":"2025-06-16T09:33:52","date_gmt":"2025-06-16T02:33:52","guid":{"rendered":"http:\/\/demo.garminvietnam.vn\/?post_type=product&#038;p=3892"},"modified":"2025-06-16T09:59:49","modified_gmt":"2025-06-16T02:59:49","slug":"ban-do-garmin-bac-my-nt-canada-only","status":"publish","type":"product","link":"https:\/\/gpsgarmin.vn\/?product=ban-do-garmin-bac-my-nt-canada-only","title":{"rendered":"B\u1ea3n \u0111\u1ed3 B\u1eafc M\u1ef9 NT \u2013 Canada Only"},"content":{"rendered":"<h4><strong>H\u00ecnh th\u1ee9c c\u00e0i \u0111\u1eb7t:<\/strong><\/h4>\n<p>\u2013 C\u00e0i \u0111\u1eb7t t\u1ea1i c\u00f4ng ty B\u00ecnh Hy 35\/15 Phan V\u0103n H\u1edbn, P.TTN, Q.12, Tp.HCM<br \/>\n\u2013 C\u00e0i \u0111\u1eb7t t\u1eadn n\u01a1i theo y\u00eau c\u1ea7u kh\u00e1ch h\u00e0ng (Trong khu v\u1ef1c n\u1ed9i th\u00e0nh Tp.HCM).<br \/>\n\u2013 Ho\u1eb7c c\u00e0i \u0111\u1eb7t t\u1eeb xa qua email v\u00e0 thanh to\u00e1n chuy\u1ec3n kho\u1ea3n.<\/p>\n<p data-sourcepos=\"3:1-3:232\">\u0110i\u1ec1u h\u01b0\u1edbng \u0111\u01b0\u1eddng ph\u1ed1 v\u1edbi s\u1ef1 t\u1ef1 tin. S\u1ea3n ph\u1ea9m n\u00e0y cung c\u1ea5p <strong>b\u1ea3n \u0111\u1ed3 \u0111\u01b0\u1eddng chi ti\u1ebft<\/strong> v\u00e0 <strong>c\u00e1c \u0111i\u1ec3m y\u00eau th\u00edch<\/strong> cho thi\u1ebft b\u1ecb c\u1ee7a b\u1ea1n, gi\u00fap b\u1ea1n c\u00f3 th\u1ec3 \u0111i\u1ec1u h\u01b0\u1edbng v\u1edbi <strong>ch\u1ec9 d\u1eabn t\u1eebng ch\u1eb7ng ch\u00ednh x\u00e1c<\/strong> \u0111\u1ebfn b\u1ea5t k\u1ef3 \u0111\u1ecba ch\u1ec9 ho\u1eb7c giao l\u1ed9 n\u00e0o.<\/p>\n<ul data-sourcepos=\"5:1-12:0\">\n<li data-sourcepos=\"5:1-5:113\">Hi\u1ec3n th\u1ecb <strong>c\u00e1c \u0111i\u1ec3m y\u00eau th\u00edch<\/strong>, bao g\u1ed3m kh\u00e1ch s\u1ea1n, nh\u00e0 h\u00e0ng, b\u00e3i \u0111\u1eadu xe, gi\u1ea3i tr\u00ed, tr\u1ea1m nhi\u00ean li\u1ec7u v\u00e0 mua s\u1eafm.<\/li>\n<li data-sourcepos=\"6:1-6:113\">Bao g\u1ed3m <strong>\u0111\u01b0\u1eddng cao t\u1ed1c, \u0111\u01b0\u1eddng li\u00ean bang, \u0111\u01b0\u1eddng kinh doanh v\u00e0 \u0111\u01b0\u1eddng d\u00e2n c\u01b0<\/strong> \u1edf c\u00e1c khu v\u1ef1c \u0111\u00f4 th\u1ecb v\u00e0 n\u00f4ng th\u00f4n.<\/li>\n<li data-sourcepos=\"7:1-7:101\">Bao g\u1ed3m <strong>th\u00f4ng tin chi ti\u1ebft<\/strong>, ch\u1eb3ng h\u1ea1n nh\u01b0 h\u1ea1n ch\u1ebf r\u1ebd, h\u01b0\u1edbng d\u1eabn v\u00f2ng xuy\u1ebfn v\u00e0 ph\u00e2n lo\u1ea1i t\u1ed1c \u0111\u1ed9.<\/li>\n<li data-sourcepos=\"8:1-8:64\">Cung c\u1ea5p <strong>ch\u1ec9 d\u1eabn t\u1eebng ch\u1eb7ng<\/strong> tr\u00ean c\u00e1c thi\u1ebft b\u1ecb t\u01b0\u01a1ng th\u00edch.<\/li>\n<li data-sourcepos=\"9:1-9:34\">Bao g\u1ed3m h\u1ed7 tr\u1ee3 <strong>m\u00e3 b\u01b0u ch\u00ednh<\/strong>.<\/li>\n<li data-sourcepos=\"10:1-10:94\">Ch\u1ee9a <strong>d\u1eef li\u1ec7u giao th\u00f4ng<\/strong> cho c\u00e1c thi\u1ebft b\u1ecb t\u01b0\u01a1ng th\u00edch s\u1eed d\u1ee5ng b\u1ed9 thu t\u00edn hi\u1ec7u giao th\u00f4ng.<\/li>\n<li data-sourcepos=\"11:1-12:0\">N\u00e2ng cao d\u1eef li\u1ec7u ph\u00e1t \u00e2m cho c\u00e1c thi\u1ebft b\u1ecb t\u01b0\u01a1ng th\u00edch c\u00f3 t\u00ednh n\u0103ng <strong>\u0111\u1ecdc t\u00ean \u0111\u01b0\u1eddng<\/strong> (v\u00ed d\u1ee5: \u201cR\u1ebd ph\u1ea3i v\u00e0o Main Street.\u201d).<\/li>\n<\/ul>\n<p><img fetchpriority=\"high\" decoding=\"async\" class=\"\" src=\"https:\/\/static.garmincdn.com\/en\/products\/010-10966-00\/g\/cm-md.jpg\" alt=\"Coverage Image\" width=\"500\" height=\"373\" \/><\/p>\n<p data-sourcepos=\"15:1-15:89\">S\u1ea3n ph\u1ea9m n\u00e0y c\u00f3 <strong>b\u1ea3n \u0111\u1ed3 chi ti\u1ebft cho to\u00e0n b\u1ed9 Canada v\u00e0 c\u00e1c ti\u1ec3u bang bi\u00ean gi\u1edbi Hoa K\u1ef3<\/strong>.<\/p>\n","protected":false},"excerpt":{"rendered":"<p><em><strong>\u2282 Mi\u1ec5n ph\u00ed c\u1eadp nh\u1eadt tr\u1ecdn \u0111\u1eddi \u2283<\/strong><\/em><\/p>\n<p><strong>*<\/strong>\u00a0<strong>L\u01b0u \u00fd<\/strong>:\u00a0<strong>Gi\u00e1 \u00e1p d\u1ee5ng cho 1 thi\u1ebft b\u1ecb, li\u00ean h\u1ec7 \u0111\u1ec3 \u0111\u01b0\u1ee3c t\u01b0 v\u1ea5n\u00a0: 0972 658 351 \u2013\u00a0 0962 846 820 (g\u1ecdi tr\u1ef1c ti\u1ebfp ho\u1eb7c Zalo).<\/strong><\/p>\n","protected":false},"featured_media":3878,"comment_status":"open","ping_status":"closed","template":"","meta":[],"product_cat":[39],"product_tag":[],"class_list":{"0":"post-3892","1":"product","2":"type-product","3":"status-publish","4":"has-post-thumbnail","6":"product_cat-phan-mem-dan-duong","8":"first","9":"instock","10":"shipping-taxable","11":"purchasable","12":"product-type-simple"},"_links":{"self":[{"href":"https:\/\/gpsgarmin.vn\/index.php?rest_route=\/wp\/v2\/product\/3892","targetHints":{"allow":["GET"]}}],"collection":[{"href":"https:\/\/gpsgarmin.vn\/index.php?rest_route=\/wp\/v2\/product"}],"about":[{"href":"https:\/\/gpsgarmin.vn\/index.php?rest_route=\/wp\/v2\/types\/product"}],"replies":[{"embeddable":true,"href":"https:\/\/gpsgarmin.vn\/index.php?rest_route=%2Fwp%2Fv2%2Fcomments&post=3892"}],"version-history":[{"count":2,"href":"https:\/\/gpsgarmin.vn\/index.php?rest_route=\/wp\/v2\/product\/3892\/revisions"}],"predecessor-version":[{"id":3900,"href":"https:\/\/gpsgarmin.vn\/index.php?rest_route=\/wp\/v2\/product\/3892\/revisions\/3900"}],"wp:featuredmedia":[{"embeddable":true,"href":"https:\/\/gpsgarmin.vn\/index.php?rest_route=\/wp\/v2\/media\/3878"}],"wp:attachment":[{"href":"https:\/\/gpsgarmin.vn\/index.php?rest_route=%2Fwp%2Fv2%2Fmedia&parent=3892"}],"wp:term":[{"taxonomy":"product_cat","embeddable":true,"href":"https:\/\/gpsgarmin.vn\/index.php?rest_route=%2Fwp%2Fv2%2Fproduct_cat&post=3892"},{"taxonomy":"product_tag","embeddable":true,"href":"https:\/\/gpsgarmin.vn\/index.php?rest_route=%2Fwp%2Fv2%2Fproduct_tag&post=3892"}],"curies":[{"name":"wp","href":"https:\/\/api.w.org\/{rel}","templated":true}]}}