{"id":3876,"date":"2025-06-14T11:09:24","date_gmt":"2025-06-14T04:09:24","guid":{"rendered":"http:\/\/demo.garminvietnam.vn\/?post_type=product&#038;p=3876"},"modified":"2025-06-16T09:59:02","modified_gmt":"2025-06-16T02:59:02","slug":"ban-do-garmin-vietnam-lao-cambodia","status":"publish","type":"product","link":"https:\/\/gpsgarmin.vn\/?product=ban-do-garmin-vietnam-lao-cambodia","title":{"rendered":"B\u1ea3n \u0111\u1ed3 Vietnam &#8211; Lao &#8211; Cambodia"},"content":{"rendered":"<h4><strong>H\u00ecnh th\u1ee9c c\u00e0i \u0111\u1eb7t:<\/strong><\/h4>\n<p>&#8211; C\u00e0i \u0111\u1eb7t t\u1ea1i c\u00f4ng ty B\u00ecnh Hy 35\/15 Phan V\u0103n H\u1edbn, P.TTN, Q.12, Tp.HCM<br \/>\n&#8211; C\u00e0i \u0111\u1eb7t t\u1eadn n\u01a1i theo y\u00eau c\u1ea7u kh\u00e1ch h\u00e0ng (Trong khu v\u1ef1c n\u1ed9i th\u00e0nh Tp.HCM).<br \/>\n&#8211; Ho\u1eb7c c\u00e0i \u0111\u1eb7t t\u1eeb xa qua email v\u00e0 thanh to\u00e1n chuy\u1ec3n kho\u1ea3n.<\/p>\n<h4><strong><span id=\"ctl00_ContentPlaceHolder1_lblSum\">C\u00e1c ch\u1ee9c n\u0103ng n\u1ed5i b\u1eadt nh\u01b0 sau:<\/span><\/strong><\/h4>\n<ul>\n<li>D\u1eabn \u0111\u01b0\u1eddng\u00a0th\u00f4ng minh<\/li>\n<li>T\u00f9y ch\u1ecdn\u00a0d\u1eabn \u0111\u01b0\u1eddng\u00a0nhanh nh\u1ea5t\/ng\u1eafn nh\u1ea5t (\u00f4 t\u00f4\/\u00a0m\u00f4\u00a0t\u00f4,\u00a0xe \u0111\u1ea1p&#8230;)<\/li>\n<li>Giao di\u1ec7n \u0111\u1eb9p, \u0111\u01a1n gi\u1ea3n, d\u1ec5 quan s\u00e1t cho ng\u01b0\u1eddi l\u00e1i xe<\/li>\n<li>B\u1ea3n \u0111\u1ed3 chi ti\u1ebft\u00a063 t\u1ec9nh\/th\u00e0nh\u00a0Vi\u1ec7t Nam\u00a0\u0111\u01b0\u1ee3c x\u00e2y d\u1ef1ng theo ti\u00eau chu\u1ea9n qu\u1ed1c t\u1ebf\u00a0v\u00e0 c\u1eadp nh\u1eadt m\u1edbi nh\u1ea5t.<\/li>\n<li>H\u1ec7 th\u1ed1ng th\u00f4ng tin POIs phong ph\u00fa v\u00e0 \u0111a d\u1ea1ng<\/li>\n<li>C\u1eadp nh\u1eadt\u00a0\u0111\u1ea7y \u0111\u1ee7 th\u00f4ng tin v\u1ec1 vi\u1ec7c c\u1ea5m l\u01b0u th\u00f4ng tr\u00ean c\u00e1c tuy\u1ebfn \u0111\u01b0\u1eddng \u0111\u00f4 th\u1ecb: \u0111\u01b0\u1eddng 1 chi\u1ec1u, c\u1ea5m qu\u1eb9o\u00a0\u00f4 t\u00f4,\u00a0c\u1ea5m \u00f4 t\u00f4\u00a01 chi\u1ec1u, c\u1ea5m l\u01b0u th\u00f4ng theo Tu\u1ea7n\/Ng\u00e0y\/Gi\u1edd<\/li>\n<li><strong>H\u1ec7 th\u1ed1ng bi\u1ec3n b\u00e1o giao th\u00f4ng v\u00e0 gi\u1edbi h\u1ea1n t\u1ed1c \u0111\u1ed9 theo t\u1eebng tuy\u1ebfn \u0111\u01b0\u1eddng, gi\u00fap ng\u01b0\u1eddi d\u00f9ng d\u1ec5 quan s\u00e1t v\u00e0 t\u1ef1 tin l\u00e1i xe<\/strong><\/li>\n<li><strong>C\u1ea3nh b\u00e1o b\u1eb1ng h\u00ecnh \u1ea3nh v\u00e0 gi\u1ecdng n\u00f3i khi l\u01b0u th\u00f4ng v\u00e0o c\u00e1c v\u00f9ng gi\u1edbi h\u1ea1n t\u1ed1c \u0111\u1ed9, \u0111\u01b0\u1eddng c\u1ea5m v\u01b0\u1ee3t, \u0111\u01b0\u1eddng \u0111\u00e8o, \u0111\u01b0\u1eddng h\u1ea7m, ph\u00e0, cung \u0111\u01b0\u1eddng nguy hi\u1ec3m hay\u00a0\u0111\u01b0\u1eddng th\u01b0\u1eddng xuy\u00ean t\u1ed5 ch\u1ee9c b\u1eafn t\u1ed1c \u0111\u1ed9<\/strong><\/li>\n<li>T\u1ef1 \u0111\u1ed9ng hi\u1ec3n th\u1ecb c\u00e1c ng\u00e3 r\u1ebb ch\u00ednh <strong>(PhotoReal Juntion View)<\/strong> b\u1eb1ng h\u00ecnh \u1ea3nh s\u1ed1ng \u0111\u1ed9ng v\u00e0 trung th\u1ef1c tr\u00ean l\u1ed9 tr\u00ecnh s\u1eafp \u0111i qua. Gi\u00fap ng\u01b0\u1eddi d\u00f9ng x\u00e1c \u0111\u1ecbnh ch\u00ednh x\u00e1c h\u01b0\u1edbng n\u01a1i m\u00ecnh c\u1ea7n \u0111\u1ebfn.<\/li>\n<li>T\u00f9y ch\u1ecdn\u00a0h\u01b0\u1edbng d\u1eabn \u0111\u01b0\u1eddng \u0111i\u00a0b\u1eb1ng c\u00e1ch tr\u00e1nh c\u00e1c tuy\u1ebfn \u0111\u01b0\u1eddng: thu ph\u00ed, ph\u00e0, th\u01b0\u1eddng xuy\u00ean k\u1eb9t xe, \u0111\u01b0\u1eddng \u0111\u1ea5t hay x\u1ea5u\u2026 <strong>\u0110\u1eb7c bi\u1ec7t cho ph\u00e9p ng\u01b0\u1eddi s\u1eed d\u1ee5ng t\u1ef1 \u0111\u1ecbnh ngh\u0129a c\u00e1c khu v\u1ef1c hay cung \u0111\u01b0\u1eddng m\u00e0 m\u00ecnh c\u1ea7n tr\u00e1nh \u0111i qua<\/strong>.<\/li>\n<li>T\u00f9y ch\u1ecdn hi\u1ec3n th\u1ecb m\u00e0n h\u00ecnh v\u00e0 gi\u1ecdng n\u00f3i h\u01b0\u1edbng d\u1eabn \u0111a ng\u00f4n ng\u1eef<\/li>\n<li>B\u1ea3n \u0111\u1ed3\u00a0v\u1edbi th\u00f4ng tin s\u1ed1 nh\u00e0, th\u00f4ng tin giao th\u00f4ng v\u00e0 c\u00e1c \u0111i\u1ec3m POI \u0111\u01b0\u1ee3c\u00a0c\u1eadp nh\u1eadt\u00a0m\u1edbi nh\u1ea5t v\u00e0 li\u00ean t\u1ee5c.<\/li>\n<li>C\u1eadp nh\u1eadt d\u1eef li\u1ec7u b\u1ea3n \u0111\u1ed3\u00a0m\u1edbi ho\u00e0n to\u00e0n mi\u1ec5n ph\u00ed kh\u00f4ng gi\u1edbi h\u1ea1n th\u1eddi gian.<\/li>\n<\/ul>\n<p>&nbsp;<\/p>\n","protected":false},"excerpt":{"rendered":"<p><em><strong>\u2282 Mi\u1ec5n ph\u00ed c\u1eadp nh\u1eadt tr\u1ecdn \u0111\u1eddi \u2283<\/strong><\/em><\/p>\n<p><strong>*<\/strong> <strong>L\u01b0u \u00fd<\/strong>: <strong>Gi\u00e1 \u00e1p d\u1ee5ng cho 1 thi\u1ebft b\u1ecb v\u00e0\u00a0c\u00f3 th\u1ec3 thay \u0111\u1ed5i t\u00f9y v\u00e0o model m\u00e1y kh\u00e1ch mu\u1ed1n c\u00e0i \u0111\u1eb7t, vui l\u00f2ng li\u00ean h\u1ec7 \u0111\u1ec3 bi\u1ebft th\u00eam chi ti\u1ebft: 0972 658 351 \u2013\u00a0 0962 846 820 (g\u1ecdi tr\u1ef1c ti\u1ebfp ho\u1eb7c Zalo).<\/strong><\/p>\n","protected":false},"featured_media":3878,"comment_status":"open","ping_status":"closed","template":"","meta":[],"product_cat":[39],"product_tag":[],"class_list":{"0":"post-3876","1":"product","2":"type-product","3":"status-publish","4":"has-post-thumbnail","6":"product_cat-phan-mem-dan-duong","8":"first","9":"instock","10":"shipping-taxable","11":"purchasable","12":"product-type-simple"},"_links":{"self":[{"href":"https:\/\/gpsgarmin.vn\/index.php?rest_route=\/wp\/v2\/product\/3876","targetHints":{"allow":["GET"]}}],"collection":[{"href":"https:\/\/gpsgarmin.vn\/index.php?rest_route=\/wp\/v2\/product"}],"about":[{"href":"https:\/\/gpsgarmin.vn\/index.php?rest_route=\/wp\/v2\/types\/product"}],"replies":[{"embeddable":true,"href":"https:\/\/gpsgarmin.vn\/index.php?rest_route=%2Fwp%2Fv2%2Fcomments&post=3876"}],"version-history":[{"count":8,"href":"https:\/\/gpsgarmin.vn\/index.php?rest_route=\/wp\/v2\/product\/3876\/revisions"}],"predecessor-version":[{"id":3897,"href":"https:\/\/gpsgarmin.vn\/index.php?rest_route=\/wp\/v2\/product\/3876\/revisions\/3897"}],"wp:featuredmedia":[{"embeddable":true,"href":"https:\/\/gpsgarmin.vn\/index.php?rest_route=\/wp\/v2\/media\/3878"}],"wp:attachment":[{"href":"https:\/\/gpsgarmin.vn\/index.php?rest_route=%2Fwp%2Fv2%2Fmedia&parent=3876"}],"wp:term":[{"taxonomy":"product_cat","embeddable":true,"href":"https:\/\/gpsgarmin.vn\/index.php?rest_route=%2Fwp%2Fv2%2Fproduct_cat&post=3876"},{"taxonomy":"product_tag","embeddable":true,"href":"https:\/\/gpsgarmin.vn\/index.php?rest_route=%2Fwp%2Fv2%2Fproduct_tag&post=3876"}],"curies":[{"name":"wp","href":"https:\/\/api.w.org\/{rel}","templated":true}]}}