{"id":3867,"date":"2025-06-14T10:53:09","date_gmt":"2025-06-14T03:53:09","guid":{"rendered":"http:\/\/demo.garminvietnam.vn\/?post_type=product&#038;p=3867"},"modified":"2025-09-15T09:41:49","modified_gmt":"2025-09-15T02:41:49","slug":"shokz-openfit","status":"publish","type":"product","link":"https:\/\/gpsgarmin.vn\/?product=shokz-openfit","title":{"rendered":"Shokz Openfit"},"content":{"rendered":"<h2 data-sourcepos=\"5:1-5:72\">Tai nghe Shokz Openfit \u2013 Tr\u1ea3i nghi\u1ec7m \u00c2m thanh M\u1edf, Tho\u1ea3i m\u00e1i V\u01b0\u1ee3t tr\u1ed9i<\/h2>\n<p data-sourcepos=\"7:1-7:341\"><strong>Tai nghe Shokz Openfit<\/strong> mang \u0111\u1ebfn m\u1ed9t \u0111\u1ecbnh ngh\u0129a m\u1edbi v\u1ec1 tr\u1ea3i nghi\u1ec7m \u00e2m thanh c\u00e1 nh\u00e2n, k\u1ebft h\u1ee3p s\u1ef1 tho\u1ea3i m\u00e1i t\u1ed1i \u0111a v\u1edbi ch\u1ea5t l\u01b0\u1ee3ng \u00e2m thanh xu\u1ea5t s\u1eafc. V\u1edbi thi\u1ebft k\u1ebf m\u1edf \u0111\u1ed9c \u0111\u00e1o, Openfit cho ph\u00e9p b\u1ea1n t\u1eadn h\u01b0\u1edfng \u00e2m nh\u1ea1c y\u00eau th\u00edch trong khi v\u1eabn duy tr\u00ec k\u1ebft n\u1ed1i v\u1edbi th\u1ebf gi\u1edbi xung quanh, l\u00e0 l\u1ef1a ch\u1ecdn l\u00fd t\u01b0\u1edfng cho m\u1ecdi ho\u1ea1t \u0111\u1ed9ng h\u00e0ng ng\u00e0y v\u00e0 t\u1eadp luy\u1ec7n.<\/p>\n<h3 data-sourcepos=\"9:1-9:21\">\u0110\u1eb7c \u0111i\u1ec3m n\u1ed5i b\u1eadt:<\/h3>\n<div class=\"sec-bg-img\"><img fetchpriority=\"high\" decoding=\"async\" class=\"loaded alignright\" src=\"https:\/\/shokz.com.vn\/wp-content\/uploads\/2023\/07\/DirectPitch-min.png\" alt=\"\" width=\"740\" height=\"416\" data-lazy-=\"\" data-lazy-type=\"image\" \/><\/div>\n<div>\n<div class=\"sec-bg-img\"><img decoding=\"async\" class=\"loaded alignright\" src=\"https:\/\/shokz.com.vn\/wp-content\/uploads\/2023\/07\/SHOKZ_OpenFit_BG_Outdoor_2.jpg\" alt=\"\" width=\"740\" height=\"416\" data-lazy-=\"\" data-lazy-type=\"image\" \/><\/div>\n<\/div>\n<ul data-sourcepos=\"11:1-34:0\">\n<li data-sourcepos=\"11:1-15:0\">\n<p data-sourcepos=\"11:3-11:42\"><strong>Thi\u1ebft k\u1ebf M\u1edf (Open-ear) v\u00e0 Tho\u1ea3i m\u00e1i:<\/strong><\/p>\n<ul data-sourcepos=\"12:5-15:0\">\n<li data-sourcepos=\"12:5-12:158\"><strong>Kh\u00f4ng nh\u00e9t tai:<\/strong> Openfit \u0111\u01b0\u1ee3c thi\u1ebft k\u1ebf \u0111\u1ec3 kh\u00f4ng \u0111i s\u00e2u v\u00e0o \u1ed1ng tai, lo\u1ea1i b\u1ecf c\u1ea3m gi\u00e1c kh\u00f3 ch\u1ecbu v\u00e0 \u00e1p l\u1ef1c th\u01b0\u1eddng th\u1ea5y \u1edf tai nghe nh\u00e9t tai truy\u1ec1n th\u1ed1ng.<\/li>\n<li data-sourcepos=\"13:5-13:166\"><strong>Nh\u1ecf g\u1ecdn v\u00e0 Nh\u1eb9:<\/strong> K\u00edch th\u01b0\u1edbc si\u00eau nh\u1ecf v\u00e0 tr\u1ecdng l\u01b0\u1ee3ng ch\u1ec9 8.3g m\u1ed7i b\u00ean tai nghe \u0111\u1ea3m b\u1ea3o c\u1ea3m gi\u00e1c \u0111eo g\u1ea7n nh\u01b0 kh\u00f4ng tr\u1ecdng l\u01b0\u1ee3ng, ph\u00f9 h\u1ee3p \u0111\u1ec3 s\u1eed d\u1ee5ng c\u1ea3 ng\u00e0y d\u00e0i.<\/li>\n<li data-sourcepos=\"14:5-15:0\"><strong>C\u1ea5u tr\u00fac Dolphin Arc v\u00e0 M\u00f3c tai Ergonomic:<\/strong> Thi\u1ebft k\u1ebf n\u00e0y \u00f4m s\u00e1t v\u00e0nh tai m\u1ed9t c\u00e1ch nh\u1eb9 nh\u00e0ng nh\u01b0ng ch\u1eafc ch\u1eafn, gi\u00fap tai nghe lu\u00f4n c\u1ed1 \u0111\u1ecbnh ngay c\u1ea3 khi b\u1ea1n v\u1eadn \u0111\u1ed9ng m\u1ea1nh. \u0110\u1ec7m silicon hai l\u1edbp mang l\u1ea1i s\u1ef1 \u00eam \u00e1i, ph\u00f9 h\u1ee3p v\u1edbi m\u1ecdi h\u00ecnh d\u00e1ng tai.<\/li>\n<\/ul>\n<\/li>\n<li data-sourcepos=\"16:1-21:0\">\n<p data-sourcepos=\"16:3-16:59\"><strong>Ch\u1ea5t l\u01b0\u1ee3ng \u00c2m thanh \u0111\u1ec9nh cao v\u1edbi C\u00f4ng ngh\u1ec7 ti\u00ean ti\u1ebfn:<\/strong><\/p>\n<ul data-sourcepos=\"17:5-21:0\">\n<li data-sourcepos=\"17:5-17:148\"><strong>C\u00f4ng ngh\u1ec7 DirectPitch\u2122:<\/strong> Shokz Openfit t\u00e1i t\u1ea1o \u00e2m thanh r\u00f5 r\u00e0ng v\u00e0 phong ph\u00fa tr\u1ef1c ti\u1ebfp \u0111\u1ebfn tai b\u1ea1n, gi\u1ea3m thi\u1ec3u r\u00f2 r\u1ec9 \u00e2m thanh ra b\u00ean ngo\u00e0i.<\/li>\n<li data-sourcepos=\"18:5-18:192\"><strong>Driver Dynamic t\u00f9y ch\u1ec9nh (18x11mm):<\/strong> \u0110\u01b0\u1ee3c ch\u1ebf t\u1ea1o v\u1edbi m\u00e0ng loa composite si\u00eau nh\u1eb9 t\u1eeb s\u1ee3i carbon v\u00e0 l\u1edbp polymer bao quanh, mang l\u1ea1i \u00e2m tr\u1ea7m m\u1ea1nh m\u1ebd v\u00e0 \u00e2m thanh ch\u00ednh x\u00e1c \u0111\u1ebfn kinh ng\u1ea1c.<\/li>\n<li data-sourcepos=\"19:5-19:180\"><strong>Shokz OpenBass\u2122:<\/strong> Thu\u1eadt to\u00e1n t\u0103ng c\u01b0\u1eddng t\u1ea7n s\u1ed1 th\u1ea5p \u0111\u1ed9c quy\u1ec1n n\u00e0y t\u1ea1o ra tr\u1ea3i nghi\u1ec7m \u00e2m thanh tr\u1ea7m s\u00e2u l\u1eafng m\u00e0 kh\u00f4ng c\u1ea7n b\u1ecbt k\u00edn \u1ed1ng tai, gi\u1eef cho \u00e2m tr\u01b0\u1eddng m\u1edf v\u00e0 t\u1ef1 nhi\u00ean.<\/li>\n<li data-sourcepos=\"20:5-21:0\"><strong>Ki\u1ec3m so\u00e1t D\u1ea3i \u0110\u1ed9ng (Dynamic Range Control):<\/strong> T\u1ef1 \u0111\u1ed9ng \u0111i\u1ec1u ch\u1ec9nh EQ theo th\u1eddi gian th\u1ef1c, \u0111\u1ea3m b\u1ea3o \u00e2m thanh lu\u00f4n t\u1ef1 nhi\u00ean v\u00e0 c\u00e2n b\u1eb1ng \u1edf m\u1ecdi m\u1ee9c \u00e2m l\u01b0\u1ee3ng.<\/li>\n<\/ul>\n<\/li>\n<li data-sourcepos=\"22:1-25:0\">\n<p data-sourcepos=\"22:3-22:25\"><strong>B\u1ec1n b\u1ec9 v\u00e0 ti\u1ec7n l\u1ee3i:<\/strong><\/p>\n<ul data-sourcepos=\"23:5-25:0\">\n<li data-sourcepos=\"23:5-23:188\"><strong>Ch\u1ed1ng n\u01b0\u1edbc IP54:<\/strong> V\u1edbi kh\u1ea3 n\u0103ng ch\u1ed1ng m\u1ed3 h\u00f4i v\u00e0 b\u1eafn n\u01b0\u1edbc, Openfit l\u00e0 ng\u01b0\u1eddi b\u1ea1n \u0111\u1ed3ng h\u00e0nh l\u00fd t\u01b0\u1edfng cho c\u00e1c bu\u1ed5i t\u1eadp luy\u1ec7n, ho\u1ea1t \u0111\u1ed9ng ngo\u00e0i tr\u1eddi hay trong \u0111i\u1ec1u ki\u1ec7n th\u1eddi ti\u1ebft \u1ea9m \u01b0\u1edbt.<\/li>\n<li data-sourcepos=\"24:5-25:0\"><strong>\u0110i\u1ec1u khi\u1ec3n d\u1ec5 d\u00e0ng:<\/strong> D\u1ec5 d\u00e0ng qu\u1ea3n l\u00fd ph\u00e1t nh\u1ea1c v\u00e0 cu\u1ed9c g\u1ecdi tr\u1ef1c ti\u1ebfp t\u1eeb tai nghe.<\/li>\n<\/ul>\n<\/li>\n<li data-sourcepos=\"26:1-30:0\">\n<p data-sourcepos=\"26:3-26:30\"><strong>Th\u1eddi l\u01b0\u1ee3ng Pin \u1ea5n t\u01b0\u1ee3ng:<\/strong><\/p>\n<ul data-sourcepos=\"27:5-30:0\">\n<li data-sourcepos=\"27:5-27:55\"><strong>7 gi\u1edd nghe nh\u1ea1c li\u00ean t\u1ee5c<\/strong> ch\u1ec9 v\u1edbi m\u1ed9t l\u1ea7n s\u1ea1c.<\/li>\n<li data-sourcepos=\"28:5-28:66\"><strong>L\u00ean \u0111\u1ebfn 28 gi\u1edd s\u1eed d\u1ee5ng<\/strong> khi k\u1ebft h\u1ee3p v\u1edbi h\u1ed9p s\u1ea1c ti\u1ec7n l\u1ee3i.<\/li>\n<li data-sourcepos=\"29:5-30:0\"><strong>S\u1ea1c nhanh:<\/strong> Ch\u1ec9 5 ph\u00fat s\u1ea1c mang l\u1ea1i 1 gi\u1edd nghe nh\u1ea1c, gi\u00fap b\u1ea1n nhanh ch\u00f3ng tr\u1edf l\u1ea1i cu\u1ed9c vui.<\/li>\n<\/ul>\n<\/li>\n<li data-sourcepos=\"31:1-34:0\">\n<p data-sourcepos=\"31:3-31:36\"><strong>Ch\u1ea5t l\u01b0\u1ee3ng cu\u1ed9c g\u1ecdi v\u01b0\u1ee3t tr\u1ed9i:<\/strong><\/p>\n<ul data-sourcepos=\"32:5-34:0\">\n<li data-sourcepos=\"32:5-32:101\"><strong>Microphone k\u00e9p:<\/strong> \u0110\u1ea3m b\u1ea3o gi\u1ecdng n\u00f3i c\u1ee7a b\u1ea1n \u0111\u01b0\u1ee3c thu r\u00f5 r\u00e0ng, ngay c\u1ea3 trong m\u00f4i tr\u01b0\u1eddng \u1ed3n \u00e0o.<\/li>\n<li data-sourcepos=\"33:5-34:0\"><strong>C\u00f4ng ngh\u1ec7 Adaptive Beamforming:<\/strong> N\u00e2ng cao \u0111\u1ed9 r\u00f5 c\u1ee7a gi\u1ecdng n\u00f3i v\u00e0 lo\u1ea1i b\u1ecf ti\u1ebfng \u1ed3n xung quanh trong c\u00e1c cu\u1ed9c g\u1ecdi, gi\u00fap giao ti\u1ebfp m\u01b0\u1ee3t m\u00e0.<\/li>\n<\/ul>\n<\/li>\n<\/ul>\n","protected":false},"excerpt":{"rendered":"<p><strong>\u2282\u2329 B\u1ea2O H\u00c0NH CH\u00cdNH H\u00c3NG 2 N\u0102M \u232a\u2283<\/strong><\/p>\n<p><strong>\u260e Li\u00ean h\u1ec7 t\u01b0 v\u1ea5n : 0972 658 351 \u2013\u00a0 0962 846 820 (g\u1ecdi tr\u1ef1c ti\u1ebfp ho\u1eb7c Zalo).<\/strong><\/p>\n","protected":false},"featured_media":3871,"comment_status":"open","ping_status":"closed","template":"","meta":[],"product_cat":[32,57],"product_tag":[],"class_list":{"0":"post-3867","1":"product","2":"type-product","3":"status-publish","4":"has-post-thumbnail","6":"product_cat-phu-kien","7":"product_cat-tai-nghe-the-thao","9":"first","10":"instock","11":"shipping-taxable","12":"purchasable","13":"product-type-variable"},"_links":{"self":[{"href":"https:\/\/gpsgarmin.vn\/index.php?rest_route=\/wp\/v2\/product\/3867","targetHints":{"allow":["GET"]}}],"collection":[{"href":"https:\/\/gpsgarmin.vn\/index.php?rest_route=\/wp\/v2\/product"}],"about":[{"href":"https:\/\/gpsgarmin.vn\/index.php?rest_route=\/wp\/v2\/types\/product"}],"replies":[{"embeddable":true,"href":"https:\/\/gpsgarmin.vn\/index.php?rest_route=%2Fwp%2Fv2%2Fcomments&post=3867"}],"version-history":[{"count":3,"href":"https:\/\/gpsgarmin.vn\/index.php?rest_route=\/wp\/v2\/product\/3867\/revisions"}],"predecessor-version":[{"id":4995,"href":"https:\/\/gpsgarmin.vn\/index.php?rest_route=\/wp\/v2\/product\/3867\/revisions\/4995"}],"wp:featuredmedia":[{"embeddable":true,"href":"https:\/\/gpsgarmin.vn\/index.php?rest_route=\/wp\/v2\/media\/3871"}],"wp:attachment":[{"href":"https:\/\/gpsgarmin.vn\/index.php?rest_route=%2Fwp%2Fv2%2Fmedia&parent=3867"}],"wp:term":[{"taxonomy":"product_cat","embeddable":true,"href":"https:\/\/gpsgarmin.vn\/index.php?rest_route=%2Fwp%2Fv2%2Fproduct_cat&post=3867"},{"taxonomy":"product_tag","embeddable":true,"href":"https:\/\/gpsgarmin.vn\/index.php?rest_route=%2Fwp%2Fv2%2Fproduct_tag&post=3867"}],"curies":[{"name":"wp","href":"https:\/\/api.w.org\/{rel}","templated":true}]}}