{"id":3607,"date":"2025-06-12T09:07:38","date_gmt":"2025-06-12T02:07:38","guid":{"rendered":"http:\/\/demo.garminvietnam.vn\/?post_type=product&#038;p=3607"},"modified":"2025-09-15T09:48:57","modified_gmt":"2025-09-15T02:48:57","slug":"garmin-aquamap-1022","status":"publish","type":"product","link":"https:\/\/gpsgarmin.vn\/?product=garmin-aquamap-1022","title":{"rendered":"Garmin AQUAMAP 1022"},"content":{"rendered":"<h2 data-sourcepos=\"5:1-5:85\">M\u00e1y \u0110\u1ecbnh V\u1ecb &#8211; H\u1ea3i \u0110\u1ed3 Garmin <a href=\"https:\/\/gpsgarmin.vn\/?product=garmin-aquamap-1022\">AQUAMAP 1022<\/a>: \u0110i\u1ec1u H\u01b0\u1edbng Ch\u00ednh X\u00e1c, Kh\u00e1m Ph\u00e1 V\u1eefng V\u00e0ng<\/h2>\n<p data-sourcepos=\"7:1-7:282\">Garmin <a href=\"https:\/\/gpsgarmin.vn\/?product=garmin-aquamap-1022\">AQUAMAP 1022<\/a> l\u00e0 s\u1ef1 l\u1ef1a ch\u1ecdn ho\u00e0n h\u1ea3o cho nh\u1eefng th\u1ee7y th\u1ee7, ng\u01b0 d\u00e2n v\u00e0 t\u00edn \u0111\u1ed3 du l\u1ecbch bi\u1ec3n y\u00eau c\u1ea7u \u0111\u1ed9 ch\u00ednh x\u00e1c cao v\u00e0 c\u00e1c t\u00ednh n\u0103ng h\u00e0ng \u0111\u1ea7u. V\u1edbi m\u00e0n h\u00ecnh 10 inch s\u1eafc n\u00e9t c\u00f9ng kh\u1ea3 n\u0103ng \u0111i\u1ec1u khi\u1ec3n tr\u1ef1c quan, thi\u1ebft b\u1ecb n\u00e0y s\u1ebd tr\u1edf th\u00e0nh tr\u1ee3 th\u1ee7 \u0111\u1eafc l\u1ef1c tr\u00ean m\u1ecdi h\u00e0nh tr\u00ecnh c\u1ee7a b\u1ea1n.<\/p>\n<p data-sourcepos=\"7:1-7:282\"><img fetchpriority=\"high\" decoding=\"async\" class=\"percent40\" src=\"https:\/\/res.garmin.com\/vi_VN\/products\/010-01846-01\/g\/intro1-1-ed148618-e5ce-4fd5-84b0-f69d4ac4e9ff.png\" alt=\"\" width=\"569\" height=\"334\" \/><img decoding=\"async\" class=\"percent40\" src=\"https:\/\/res.garmin.com\/vi_VN\/products\/010-01846-03\/g\/intro2-2940ee1f-83ef-40a8-a63e-dd53eb825c2c.png\" alt=\"\" width=\"533\" height=\"333\" \/><\/p>\n<p data-sourcepos=\"7:1-7:282\"><img decoding=\"async\" class=\"percent40\" src=\"https:\/\/res.garmin.com\/vi_VN\/products\/010-01846-01\/g\/NetworkSharing1-2c245938-450e-4180-aaf1-b1683eae50bb.png\" alt=\"\" width=\"568\" height=\"333\" \/><img loading=\"lazy\" decoding=\"async\" class=\"float-right percent40\" src=\"https:\/\/res.garmin.com\/vi_VN\/products\/010-01846-01\/g\/Motionscope-de8e550d-239d-4db7-aea8-3ee69ea8d107.jpg\" alt=\"\" width=\"575\" height=\"333\" \/><\/p>\n<h3 data-sourcepos=\"9:1-9:26\">C\u00e1c T\u00ednh N\u0103ng N\u1ed5i B\u1eadt:<\/h3>\n<ul data-sourcepos=\"11:1-51:0\">\n<li data-sourcepos=\"11:1-14:0\">\n<p data-sourcepos=\"11:3-11:34\"><strong>M\u00e0n H\u00ecnh Hi\u1ec3n Th\u1ecb Tuy\u1ec7t V\u1eddi:<\/strong><\/p>\n<ul data-sourcepos=\"12:5-14:0\">\n<li data-sourcepos=\"12:5-12:158\">M\u00e0n h\u00ecnh m\u00e0u 10 inch r\u1ef1c r\u1ee1, \u0111\u1ed9 ph\u00e2n gi\u1ea3i WSVGA (1024 x 600 pixels) mang l\u1ea1i h\u00ecnh \u1ea3nh h\u1ea3i \u0111\u1ed3 v\u00e0 th\u00f4ng tin r\u00f5 r\u00e0ng, d\u1ec5 nh\u00ecn trong m\u1ecdi \u0111i\u1ec1u ki\u1ec7n \u00e1nh s\u00e1ng.<\/li>\n<li data-sourcepos=\"13:5-14:0\">Giao di\u1ec7n b\u00e0n ph\u00edm v\u00e0 n\u00fam xoay \u0111a ch\u1ee9c n\u0103ng gi\u00fap \u0111i\u1ec1u khi\u1ec3n d\u1ec5 d\u00e0ng, nhanh ch\u00f3ng ngay c\u1ea3 trong \u0111i\u1ec1u ki\u1ec7n bi\u1ec3n \u0111\u1ed9ng.<\/li>\n<\/ul>\n<\/li>\n<li data-sourcepos=\"15:1-18:0\">\n<p data-sourcepos=\"15:3-15:24\"><strong>\u0110\u1ecbnh V\u1ecb V\u01b0\u1ee3t Tr\u1ed9i:<\/strong><\/p>\n<ul data-sourcepos=\"16:5-18:0\">\n<li data-sourcepos=\"16:5-16:175\">T\u00edch h\u1ee3p b\u1ed9 thu t\u00edn hi\u1ec7u GPS, GLONASS v\u00e0 BEIDOU 10 Hz \u0111\u1ed9 nh\u1ea1y cao, cho ph\u00e9p c\u1eadp nh\u1eadt v\u1ecb tr\u00ed 10 l\u1ea7n m\u1ed7i gi\u00e2y, \u0111\u1ea3m b\u1ea3o v\u1ecb tr\u00ed hi\u1ec3n th\u1ecb m\u01b0\u1ee3t m\u00e0 v\u00e0 ch\u00ednh x\u00e1c \u0111\u00e1ng kinh ng\u1ea1c.<\/li>\n<li data-sourcepos=\"17:5-18:0\">B\u1ea3n \u0111\u1ed3 n\u1ec1n to\u00e0n c\u1ea7u \u0111\u01b0\u1ee3c t\u1ea3i s\u1eb5n, h\u1ed7 tr\u1ee3 hai khe c\u1eafm th\u1ebb nh\u1edb SD ti\u00eau chu\u1ea9n \u0111\u1ec3 m\u1edf r\u1ed9ng b\u1ed9 nh\u1edb v\u00e0 t\u01b0\u01a1ng th\u00edch v\u1edbi h\u1ea3i \u0111\u1ed3 cao c\u1ea5p BlueChart g2 HD v\u00e0 BlueChart g2 Vision HD.<\/li>\n<\/ul>\n<\/li>\n<li data-sourcepos=\"19:1-25:0\">\n<p data-sourcepos=\"19:3-19:36\"><strong>T\u00ednh N\u0103ng H\u00e0ng H\u1ea3i Th\u00f4ng Minh:<\/strong><\/p>\n<ul data-sourcepos=\"20:5-25:0\">\n<li data-sourcepos=\"20:5-20:146\"><strong>Garmin Auto Guidance:<\/strong> G\u1ee3i \u00fd l\u1ed9 tr\u00ecnh t\u1ed1i \u01b0u d\u1ef1a tr\u00ean th\u00f4ng s\u1ed1 k\u1ef9 thu\u1eadt c\u1ee7a thuy\u1ec1n b\u1ea1n, gi\u00fap b\u1ea1n l\u1eadp k\u1ebf ho\u1ea1ch v\u00e0 \u0111i\u1ec1u h\u01b0\u1edbng hi\u1ec7u qu\u1ea3 h\u01a1n.<\/li>\n<li data-sourcepos=\"21:5-21:169\"><strong>C\u00f4ng Ngh\u1ec7 MotionScope\u2122:<\/strong> S\u1eed d\u1ee5ng hi\u1ec7u \u1ee9ng Doppler \u0111\u1ec3 ph\u00e1t hi\u1ec7n v\u00e0 l\u00e0m n\u1ed5i b\u1eadt c\u00e1c m\u1ee5c ti\u00eau \u0111ang di chuy\u1ec3n, t\u0103ng c\u01b0\u1eddng nh\u1eadn th\u1ee9c t\u00ecnh hu\u1ed1ng v\u00e0 an to\u00e0n tr\u00ean bi\u1ec3n.<\/li>\n<li data-sourcepos=\"22:5-22:210\"><strong>Thao T\u00e1c N\u00fat Nhanh:<\/strong> C\u00e1c n\u00fat b\u1ea5m nhanh ti\u1ec7n l\u1ee3i cho c\u00e1c ch\u1ee9c n\u0103ng nh\u01b0 t\u0103ng\/gi\u1ea3m \u0111\u1ed9 nh\u1ea1y (gain), l\u1ecdc nhi\u1ec5u (clutter), \u0111i\u1ec1u ch\u1ec9nh ph\u1ea1m vi (range) v\u00e0 VRM, gi\u00fap b\u1ea1n d\u1ec5 d\u00e0ng t\u00f9y ch\u1ec9nh thi\u1ebft b\u1ecb ngay l\u1eadp t\u1ee9c.<\/li>\n<li data-sourcepos=\"23:5-23:133\"><strong>SailAssist:<\/strong> T\u00ednh n\u0103ng h\u1ed7 tr\u1ee3 \u0111\u1eb7c bi\u1ec7t d\u00e0nh cho thuy\u1ec1n bu\u1ed3m, cung c\u1ea5p c\u00e1c th\u00f4ng tin c\u1ea7n thi\u1ebft cho nh\u1eefng chuy\u1ebfn \u0111i thu\u1eadn l\u1ee3i.<\/li>\n<li data-sourcepos=\"24:5-25:0\">T\u01b0\u01a1ng th\u00edch ho\u00e0n to\u00e0n v\u1edbi h\u1ec7 th\u1ed1ng m\u1ea1ng h\u00e0ng h\u1ea3i Garmin Marine Network, NMEA 2000 v\u00e0 NMEA 0183.<\/li>\n<\/ul>\n<\/li>\n<li data-sourcepos=\"26:1-29:0\">\n<p data-sourcepos=\"26:3-26:35\"><strong>Kh\u1ea3 N\u0103ng L\u01b0u Tr\u1eef D\u1eef Li\u1ec7u L\u1edbn:<\/strong><\/p>\n<ul data-sourcepos=\"27:5-29:0\">\n<li data-sourcepos=\"27:5-27:79\">L\u01b0u tr\u1eef t\u1edbi 30.000 \u0111i\u1ec3m tham chi\u1ebfu (waypoints), 200 tuy\u1ebfn \u0111\u01b0\u1eddng (routes).<\/li>\n<li data-sourcepos=\"28:5-29:0\">Nh\u1eadt k\u00fd theo d\u00f5i (track log) l\u00ean \u0111\u1ebfn 50.000 \u0111i\u1ec3m v\u1edbi kh\u1ea3 n\u0103ng l\u01b0u 50 tuy\u1ebfn \u0111\u01b0\u1eddng \u0111\u00e3 theo d\u00f5i.<\/li>\n<\/ul>\n<\/li>\n<li data-sourcepos=\"30:1-38:0\">\n<p data-sourcepos=\"30:3-30:26\"><strong>T\u01b0\u01a1ng Th\u00edch M\u1edf R\u1ed9ng:<\/strong><\/p>\n<ul data-sourcepos=\"31:5-38:0\">\n<li data-sourcepos=\"31:5-31:93\">T\u01b0\u01a1ng th\u00edch v\u1edbi Radar v\u00e0 Sonar Garmin (y\u00eau c\u1ea7u b\u1ed9 chuy\u1ec3n \u0111\u1ed5i t\u00edn hi\u1ec7u black box ngo\u00e0i).<\/li>\n<li data-sourcepos=\"32:5-32:98\">H\u1ed7 tr\u1ee3 sonar CHIRP truy\u1ec1n th\u1ed1ng v\u00e0 ClearV\u00fc (y\u00eau c\u1ea7u b\u1ed9 chuy\u1ec3n \u0111\u1ed5i t\u00edn hi\u1ec7u black box ngo\u00e0i).<\/li>\n<li data-sourcepos=\"33:5-33:57\">Kh\u1ea3 n\u0103ng \u0111o \u0111\u1ed9 s\u00e2u t\u1ed1i \u0111a 5.000 ft \u1edf c\u00f4ng su\u1ea5t 2kW.<\/li>\n<li data-sourcepos=\"34:5-34:24\">H\u1ed7 tr\u1ee3 AIS v\u00e0 DSC.<\/li>\n<li data-sourcepos=\"35:5-35:31\">T\u00edch h\u1ee3p b\u1ea3ng th\u1ee7y tri\u1ec1u.<\/li>\n<li data-sourcepos=\"36:5-36:52\">T\u01b0\u01a1ng th\u00edch v\u1edbi b\u1ed9 sonar black box GSD v\u00e0 GCV.<\/li>\n<li data-sourcepos=\"37:5-38:0\">T\u01b0\u01a1ng th\u00edch v\u1edbi thi\u1ebft b\u1ecb \u0111i\u1ec1u khi\u1ec3n t\u1eeb xa GRID (Garmin Remote Input Device).<\/li>\n<\/ul>\n<\/li>\n<li data-sourcepos=\"39:1-44:0\">\n<p data-sourcepos=\"39:3-39:22\"><strong>Thi\u1ebft K\u1ebf B\u1ec1n B\u1ec9:<\/strong><\/p>\n<ul data-sourcepos=\"40:5-44:0\">\n<li data-sourcepos=\"40:5-40:98\">Ch\u1ed1ng n\u01b0\u1edbc theo ti\u00eau chu\u1ea9n IPX7, \u0111\u1ea3m b\u1ea3o ho\u1ea1t \u0111\u1ed9ng b\u1ec1n b\u1ec9 trong m\u00f4i tr\u01b0\u1eddng bi\u1ec3n kh\u1eafc nghi\u1ec7t.<\/li>\n<li data-sourcepos=\"41:5-41:69\">K\u00edch th\u01b0\u1edbc nh\u1ecf g\u1ecdn: 31.8 x 18.5 x 6.9 cm (12.5&#8243; x 7.3&#8243; x 2.7&#8243;).<\/li>\n<li data-sourcepos=\"42:5-42:44\">Tr\u1ecdng l\u01b0\u1ee3ng nh\u1eb9: 1.85 kg (4.1 pounds).<\/li>\n<li data-sourcepos=\"43:5-44:0\">H\u1ed7 tr\u1ee3 g\u1eafn treo ho\u1eb7c g\u1eafn ch\u00ecm.<\/li>\n<\/ul>\n<\/li>\n<li data-sourcepos=\"45:1-51:0\">\n<p data-sourcepos=\"45:3-45:22\"><strong>K\u1ebft N\u1ed1i \u0110a D\u1ea1ng:<\/strong><\/p>\n<ul data-sourcepos=\"46:5-51:0\">\n<li data-sourcepos=\"46:5-46:24\">C\u1ed5ng \u0111\u1ea7u d\u00f2 8-pin.<\/li>\n<li data-sourcepos=\"47:5-47:37\">Hai c\u1ed5ng t\u01b0\u01a1ng th\u00edch NMEA 0183.<\/li>\n<li data-sourcepos=\"48:5-48:27\">\u0110\u1ea7u v\u00e0o\/\u0111\u1ea7u ra video.<\/li>\n<li data-sourcepos=\"49:5-49:39\">\u0102ng-ten ngo\u00e0i BNC ho\u1eb7c NMEA 2000.<\/li>\n<li data-sourcepos=\"50:5-51:0\">M\u1ee9c ti\u00eau th\u1ee5 \u0111i\u1ec7n n\u0103ng t\u1ed1i \u0111a 32.4 W \u1edf 12 Vdc.<\/li>\n<\/ul>\n<\/li>\n<\/ul>\n","protected":false},"excerpt":{"rendered":"<p><strong>\u2282\u2329 B\u1ea2O H\u00c0NH CH\u00cdNH H\u00c3NG 2 N\u0102M \u232a\u2283<\/strong><\/p>\n<p><strong>\u260e Li\u00ean h\u1ec7 t\u01b0 v\u1ea5n : 0972 658 351 \u2013\u00a0 0962 846 820 (g\u1ecdi tr\u1ef1c ti\u1ebfp ho\u1eb7c Zalo).<\/strong><\/p>\n","protected":false},"featured_media":3611,"comment_status":"open","ping_status":"closed","template":"","meta":[],"product_cat":[29],"product_tag":[],"class_list":{"0":"post-3607","1":"product","2":"type-product","3":"status-publish","4":"has-post-thumbnail","6":"product_cat-may-gps-do-ca","8":"first","9":"instock","10":"shipping-taxable","11":"product-type-simple"},"_links":{"self":[{"href":"https:\/\/gpsgarmin.vn\/index.php?rest_route=\/wp\/v2\/product\/3607","targetHints":{"allow":["GET"]}}],"collection":[{"href":"https:\/\/gpsgarmin.vn\/index.php?rest_route=\/wp\/v2\/product"}],"about":[{"href":"https:\/\/gpsgarmin.vn\/index.php?rest_route=\/wp\/v2\/types\/product"}],"replies":[{"embeddable":true,"href":"https:\/\/gpsgarmin.vn\/index.php?rest_route=%2Fwp%2Fv2%2Fcomments&post=3607"}],"version-history":[{"count":4,"href":"https:\/\/gpsgarmin.vn\/index.php?rest_route=\/wp\/v2\/product\/3607\/revisions"}],"predecessor-version":[{"id":5001,"href":"https:\/\/gpsgarmin.vn\/index.php?rest_route=\/wp\/v2\/product\/3607\/revisions\/5001"}],"wp:featuredmedia":[{"embeddable":true,"href":"https:\/\/gpsgarmin.vn\/index.php?rest_route=\/wp\/v2\/media\/3611"}],"wp:attachment":[{"href":"https:\/\/gpsgarmin.vn\/index.php?rest_route=%2Fwp%2Fv2%2Fmedia&parent=3607"}],"wp:term":[{"taxonomy":"product_cat","embeddable":true,"href":"https:\/\/gpsgarmin.vn\/index.php?rest_route=%2Fwp%2Fv2%2Fproduct_cat&post=3607"},{"taxonomy":"product_tag","embeddable":true,"href":"https:\/\/gpsgarmin.vn\/index.php?rest_route=%2Fwp%2Fv2%2Fproduct_tag&post=3607"}],"curies":[{"name":"wp","href":"https:\/\/api.w.org\/{rel}","templated":true}]}}