{"id":3605,"date":"2025-06-12T08:58:26","date_gmt":"2025-06-12T01:58:26","guid":{"rendered":"http:\/\/demo.garminvietnam.vn\/?post_type=product&#038;p=3605"},"modified":"2025-09-15T09:49:22","modified_gmt":"2025-09-15T02:49:22","slug":"ra-da-garmin-gmr-18-hd36-hai-ly","status":"publish","type":"product","link":"https:\/\/gpsgarmin.vn\/?product=ra-da-garmin-gmr-18-hd36-hai-ly","title":{"rendered":"Ra- \u0110a Garmin GMR 18 HD+(36 h\u1ea3i l\u00fd)"},"content":{"rendered":"<p data-sourcepos=\"5:1-5:92\"><strong>Ra-\u0110a Garmin GMR 18 HD+ (36 h\u1ea3i l\u00fd) \u2013 N\u00e2ng t\u1ea7m an to\u00e0n v\u00e0 nh\u1eadn bi\u1ebft t\u00ecnh hu\u1ed1ng tr\u00ean bi\u1ec3n<\/strong><\/p>\n<p data-sourcepos=\"7:1-7:333\">Garmin GMR 18 HD+ l\u00e0 h\u1ec7 th\u1ed1ng radar v\u00f2m 18 inch m\u1ea1nh m\u1ebd, \u0111\u01b0\u1ee3c thi\u1ebft k\u1ebf \u0111\u1ec3 t\u0103ng c\u01b0\u1eddng kh\u1ea3 n\u0103ng nh\u1eadn bi\u1ebft t\u00ecnh hu\u1ed1ng cho ng\u01b0\u1eddi d\u00f9ng tr\u00ean bi\u1ec3n. V\u1edbi c\u00f4ng su\u1ea5t ph\u00e1t 4 kW v\u00e0 kh\u1ea3 n\u0103ng x\u00e1c \u0111\u1ecbnh ti\u1ebfng v\u1ecdng r\u00f5 r\u00e0ng \u1edf m\u1ecdi ph\u1ea1m vi, GMR 18 HD+ mang \u0111\u1ebfn nh\u1eefng h\u00ecnh \u1ea3nh chi ti\u1ebft v\u00e0 \u0111\u00e1ng tin c\u1eady, gi\u00fap b\u1ea1n \u0111i\u1ec1u h\u01b0\u1edbng an to\u00e0n h\u01a1n trong m\u1ecdi \u0111i\u1ec1u ki\u1ec7n.<\/p>\n<p data-sourcepos=\"7:1-7:333\"><img decoding=\"async\" src=\"https:\/\/res.garmin.com\/en\/products\/010-01719-00\/g\/29596-D-VID-7da41df4-1211-4f45-9569-9fc4aa3741b5.jpg\" \/><\/p>\n<p data-sourcepos=\"9:1-9:22\"><strong>T\u00ednh n\u0103ng n\u1ed5i b\u1eadt:<\/strong><\/p>\n<ul data-sourcepos=\"11:1-16:0\">\n<li data-sourcepos=\"11:1-11:175\"><strong>H\u00ecnh \u1ea3nh s\u1eafc n\u00e9t:<\/strong> \u0110\u1ed9 ph\u00e2n gi\u1ea3i m\u00e0u trung th\u1ef1c 8-bit cung c\u1ea5p b\u1ea3n tr\u00ecnh b\u00e0y r\u00f5 r\u00e0ng tr\u00ean m\u00e0n h\u00ecnh m\u00e1y \u0111\u1ecbnh v\u1ecb h\u1ea3i \u0111\u1ed3, gi\u00fap b\u1ea1n d\u1ec5 d\u00e0ng ph\u00e2n bi\u1ec7t c\u00e1c m\u1ee5c ti\u00eau v\u00e0 \u0111\u1ecba h\u00ecnh.<\/li>\n<li data-sourcepos=\"12:1-12:138\"><strong>D\u1ec5 d\u00e0ng l\u1eafp \u0111\u1eb7t v\u00e0 s\u1eed d\u1ee5ng:<\/strong> Thi\u1ebft k\u1ebf \u0111\u01a1n gi\u1ea3n, kh\u00f4ng y\u00eau c\u1ea7u c\u00e0i \u0111\u1eb7t ph\u1ee9c t\u1ea1p, gi\u00fap ng\u01b0\u1eddi d\u00f9ng d\u1ec5 d\u00e0ng b\u1eaft \u0111\u1ea7u s\u1eed d\u1ee5ng ngay l\u1eadp t\u1ee9c.<\/li>\n<li data-sourcepos=\"13:1-13:276\"><strong>\u0110i\u1ec1u ch\u1ec9nh khu\u1ebfch \u0111\u1ea1i t\u1ef1 \u0111\u1ed9ng:<\/strong> M\u1ee9c khu\u1ebfch \u0111\u1ea1i t\u1ef1 \u0111\u1ed9ng \u0111i\u1ec1u ch\u1ec9nh t\u1ed1i \u01b0u cho t\u1eebng khu v\u1ef1c nh\u01b0 b\u1ebfn c\u1ea3ng, g\u1ea7n b\u1edd v\u00e0 ngo\u00e0i kh\u01a1i trong v\u00f9ng n\u01b0\u1edbc m\u1edf. Ch\u1ee9c n\u0103ng n\u00e0y c\u0169ng t\u1ef1 \u0111\u1ed9ng \u0111i\u1ec1u ch\u1ec9nh \u0111\u1ed9 h\u1ed7n lo\u1ea1n c\u1ee7a v\u00f9ng bi\u1ec3n, ph\u00f9 h\u1ee3p v\u1edbi c\u00e1c \u0111i\u1ec1u ki\u1ec7n bi\u1ec3n l\u1eb7ng, trung b\u00ecnh v\u00e0 bi\u1ec3n \u0111\u1ed9ng.<\/li>\n<li data-sourcepos=\"14:1-14:186\"><strong>L\u1edbp ph\u1ee7 b\u1ea3n \u0111\u1ed3 (Overlay):<\/strong> Kh\u1ea3 n\u0103ng ph\u1ee7 h\u00ecnh \u1ea3nh radar tr\u1ef1c ti\u1ebfp l\u00ean trang b\u1ea3n \u0111\u1ed3 c\u1ee7a m\u00e1y \u0111\u1ecbnh v\u1ecb h\u1ea3i \u0111\u1ed3, cung c\u1ea5p c\u00e1i nh\u00ecn t\u1ed5ng quan tr\u1ef1c quan v\u00e0 chi ti\u1ebft v\u1ec1 m\u00f4i tr\u01b0\u1eddng xung quanh.<\/li>\n<li data-sourcepos=\"15:1-16:0\"><strong>Theo d\u00f5i m\u1ee5c ti\u00eau MARPA:<\/strong> Khi k\u1ebft h\u1ee3p v\u1edbi m\u00e0n h\u00ecnh \u0111a ch\u1ee9c n\u0103ng v\u00e0 c\u1ea3m bi\u1ebfn h\u01b0\u1edbng \u0111i (\u0111\u01b0\u1ee3c b\u00e1n ri\u00eang), GMR 18 HD+ cung c\u1ea5p kh\u1ea3 n\u0103ng theo d\u00f5i m\u1ee5c ti\u00eau MARPA (Mini Automatic Radar Plotting Aid), gi\u00fap b\u1ea1n gi\u00e1m s\u00e1t h\u01b0\u1edbng \u0111i v\u00e0 t\u1ed1c \u0111\u1ed9 c\u1ee7a c\u00e1c v\u1eadt th\u1ec3 kh\u00e1c tr\u00ean bi\u1ec3n, t\u0103ng c\u01b0\u1eddng an to\u00e0n h\u00e0ng h\u1ea3i.<\/li>\n<\/ul>\n","protected":false},"excerpt":{"rendered":"<p><strong>\u2282\u2329 B\u1ea2O H\u00c0NH CH\u00cdNH H\u00c3NG 1 N\u0102M \u232a\u2283<\/strong><\/p>\n<p><strong>\u260e Li\u00ean h\u1ec7 t\u01b0 v\u1ea5n : 0972 658 351 \u2013\u00a0 0962 846 820 (g\u1ecdi tr\u1ef1c ti\u1ebfp ho\u1eb7c Zalo).<\/strong><\/p>\n","protected":false},"featured_media":3603,"comment_status":"open","ping_status":"closed","template":"","meta":[],"product_cat":[29],"product_tag":[],"class_list":{"0":"post-3605","1":"product","2":"type-product","3":"status-publish","4":"has-post-thumbnail","6":"product_cat-may-gps-do-ca","8":"first","9":"instock","10":"shipping-taxable","11":"product-type-simple"},"_links":{"self":[{"href":"https:\/\/gpsgarmin.vn\/index.php?rest_route=\/wp\/v2\/product\/3605","targetHints":{"allow":["GET"]}}],"collection":[{"href":"https:\/\/gpsgarmin.vn\/index.php?rest_route=\/wp\/v2\/product"}],"about":[{"href":"https:\/\/gpsgarmin.vn\/index.php?rest_route=\/wp\/v2\/types\/product"}],"replies":[{"embeddable":true,"href":"https:\/\/gpsgarmin.vn\/index.php?rest_route=%2Fwp%2Fv2%2Fcomments&post=3605"}],"version-history":[{"count":2,"href":"https:\/\/gpsgarmin.vn\/index.php?rest_route=\/wp\/v2\/product\/3605\/revisions"}],"predecessor-version":[{"id":5002,"href":"https:\/\/gpsgarmin.vn\/index.php?rest_route=\/wp\/v2\/product\/3605\/revisions\/5002"}],"wp:featuredmedia":[{"embeddable":true,"href":"https:\/\/gpsgarmin.vn\/index.php?rest_route=\/wp\/v2\/media\/3603"}],"wp:attachment":[{"href":"https:\/\/gpsgarmin.vn\/index.php?rest_route=%2Fwp%2Fv2%2Fmedia&parent=3605"}],"wp:term":[{"taxonomy":"product_cat","embeddable":true,"href":"https:\/\/gpsgarmin.vn\/index.php?rest_route=%2Fwp%2Fv2%2Fproduct_cat&post=3605"},{"taxonomy":"product_tag","embeddable":true,"href":"https:\/\/gpsgarmin.vn\/index.php?rest_route=%2Fwp%2Fv2%2Fproduct_tag&post=3605"}],"curies":[{"name":"wp","href":"https:\/\/api.w.org\/{rel}","templated":true}]}}