{"id":3601,"date":"2025-06-12T08:53:46","date_gmt":"2025-06-12T01:53:46","guid":{"rendered":"http:\/\/demo.garminvietnam.vn\/?post_type=product&#038;p=3601"},"modified":"2025-09-15T09:49:58","modified_gmt":"2025-09-15T02:49:58","slug":"ra-da-garmin-gmr-18xhd-48-hai-ly","status":"publish","type":"product","link":"https:\/\/gpsgarmin.vn\/?product=ra-da-garmin-gmr-18xhd-48-hai-ly","title":{"rendered":"Ra- \u0110a Garmin GMR 18xHD (48 h\u1ea3i l\u00fd)"},"content":{"rendered":"<h3 data-sourcepos=\"5:1-5:84\"><strong>Ra-\u0110a Garmin GMR 18xHD (48 h\u1ea3i l\u00fd) \u2013 N\u00e2ng Cao Nh\u1eadn Th\u1ee9c T\u00ecnh Hu\u1ed1ng Tr\u00ean Bi\u1ec3n<\/strong><\/h3>\n<p data-sourcepos=\"7:1-7:306\">Ra-\u0110a Garmin GMR 18xHD l\u00e0 gi\u1ea3i ph\u00e1p l\u00fd t\u01b0\u1edfng cho c\u00e1c t\u00e0u thuy\u1ec1n c\u00f3 kh\u00f4ng gian h\u1ea1n ch\u1ebf nh\u01b0ng v\u1eabn c\u1ea7n m\u1ed9t h\u1ec7 th\u1ed1ng radar m\u1ea1nh m\u1ebd v\u00e0 hi\u1ec7u qu\u1ea3. V\u1edbi thi\u1ebft k\u1ebf v\u00f2m nh\u1ecf g\u1ecdn 18 inch c\u00f9ng c\u00f4ng ngh\u1ec7 \u0111\u1ed9 n\u00e9t cao, GMR 18xHD mang l\u1ea1i kh\u1ea3 n\u0103ng gi\u00e1m s\u00e1t v\u01b0\u1ee3t tr\u1ed9i, \u0111\u1ea3m b\u1ea3o an to\u00e0n v\u00e0 hi\u1ec7u qu\u1ea3 t\u1ed1i \u0111a cho m\u1ecdi chuy\u1ebfn \u0111i bi\u1ec3n.<\/p>\n<p data-sourcepos=\"7:1-7:306\"><img decoding=\"async\" src=\"https:\/\/res.garmin.com\/en\/products\/010-01719-00\/g\/29596-D-VID-7da41df4-1211-4f45-9569-9fc4aa3741b5.jpg\" \/><\/p>\n<p data-sourcepos=\"9:1-9:26\"><strong>C\u00e1c T\u00ednh N\u0103ng N\u1ed5i B\u1eadt:<\/strong><\/p>\n<ul data-sourcepos=\"11:1-20:0\">\n<li data-sourcepos=\"11:1-11:210\"><strong>Ra-\u0110a \u0110\u1ed9 N\u00e9t Cao (High-Definition Radar):<\/strong> Cung c\u1ea5p \u0111\u1ed9 ph\u00e2n gi\u1ea3i 1440 x 720, gi\u00fap t\u0103ng c\u01b0\u1eddng kh\u1ea3 n\u0103ng ph\u00e2n t\u00e1ch m\u1ee5c ti\u00eau v\u00e0 hi\u1ec3n th\u1ecb r\u00f5 r\u00e0ng h\u01a1n c\u00e1c chi ti\u1ebft b\u1edd bi\u1ec3n, mang l\u1ea1i h\u00ecnh \u1ea3nh s\u1eafc n\u00e9t v\u00e0 chi ti\u1ebft.<\/li>\n<li data-sourcepos=\"12:1-12:187\"><strong>M\u00e0u S\u1eafc Trung Th\u1ef1c 8-bit:<\/strong> Cho ph\u00e9p ph\u00e2n bi\u1ec7t r\u00f5 r\u00e0ng gi\u1eefa c\u00e1c m\u1ee5c ti\u00eau l\u1edbn v\u00e0 nh\u1ecf, c\u1ea3i thi\u1ec7n kh\u1ea3 n\u0103ng ph\u00e2n t\u00e1ch m\u1ee5c ti\u00eau, gi\u00fap b\u1ea1n d\u1ec5 d\u00e0ng nh\u1eadn di\u1ec7n ch\u01b0\u1edbng ng\u1ea1i v\u1eadt v\u00e0 c\u00e1c t\u00e0u kh\u00e1c.<\/li>\n<li data-sourcepos=\"13:1-13:148\"><strong>V\u1eadn H\u00e0nh Tr\u1ef1c Quan:<\/strong> Thi\u1ebft k\u1ebf th\u00e2n thi\u1ec7n, d\u1ec5 d\u00e0ng c\u00e0i \u0111\u1eb7t v\u00e0 s\u1eed d\u1ee5ng m\u00e0 kh\u00f4ng c\u1ea7n c\u00e1c thi\u1ebft l\u1eadp ph\u1ee9c t\u1ea1p, ph\u00f9 h\u1ee3p v\u1edbi m\u1ecdi \u0111\u1ed1i t\u01b0\u1ee3ng ng\u01b0\u1eddi d\u00f9ng.<\/li>\n<li data-sourcepos=\"14:1-14:198\"><strong>T\u0103ng C\u01b0\u1eddng T\u1ef1 \u0110\u1ed9ng \u0110\u1ed9ng (Dynamic Auto Gain):<\/strong> T\u1ef1 \u0111\u1ed9ng \u0111i\u1ec1u ch\u1ec9nh m\u1ee9c \u0111\u1ed9 khu\u1ebfch \u0111\u1ea1i \u0111\u1ec3 \u0111\u1ea1t \u0111\u01b0\u1ee3c c\u00e0i \u0111\u1eb7t t\u1ed1i \u01b0u trong nhi\u1ec1u m\u00f4i tr\u01b0\u1eddng kh\u00e1c nhau, t\u1eeb c\u1ea3ng bi\u1ec3n, v\u00f9ng ven b\u1edd \u0111\u1ebfn khu v\u1ef1c ngo\u00e0i kh\u01a1i.<\/li>\n<li data-sourcepos=\"15:1-15:171\"><strong>B\u1ed9 L\u1ecdc Bi\u1ec3n \u0110\u1ed9ng (Dynamic Sea Filter):<\/strong> T\u1ef1 \u0111\u1ed9ng \u0111i\u1ec1u ch\u1ec9nh \u0111\u1ed9 nhi\u1ec5u s\u00f3ng bi\u1ec3n t\u00f9y theo \u0111i\u1ec1u ki\u1ec7n bi\u1ec3n l\u1eb7ng, v\u1eeba ho\u1eb7c \u0111\u1ed9ng, mang l\u1ea1i h\u00ecnh \u1ea3nh radar r\u00f5 r\u00e0ng v\u00e0 \u1ed5n \u0111\u1ecbnh.<\/li>\n<li data-sourcepos=\"16:1-16:157\"><strong>Ho\u1ea1t \u0110\u1ed9ng D\u1ea3i K\u00e9p (Dual Range Operation):<\/strong> Cho ph\u00e9p b\u1ea1n xem \u0111\u1ed3ng th\u1eddi c\u1ea3 t\u1ea7m g\u1ea7n v\u00e0 t\u1ea7m xa, gi\u00fap b\u1ea1n c\u00f3 c\u00e1i nh\u00ecn to\u00e0n di\u1ec7n v\u1ec1 m\u00f4i tr\u01b0\u1eddng xung quanh t\u00e0u.<\/li>\n<li data-sourcepos=\"17:1-17:176\"><strong>V\u00f9ng Kh\u00f4ng Ph\u00e1t S\u00f3ng (No Transmit Zone):<\/strong> B\u1ea3o v\u1ec7 c\u00e1c khu v\u1ef1c ph\u00eda sau radar kh\u1ecfi b\u1ee9c x\u1ea1 trong khi v\u1eabn duy tr\u00ec t\u1ea7m nh\u00ecn ph\u00eda tr\u01b0\u1edbc, cung c\u1ea5p c\u00e1c t\u00f9y ch\u1ecdn l\u1eafp \u0111\u1eb7t linh ho\u1ea1t.<\/li>\n<li data-sourcepos=\"18:1-18:276\"><strong>L\u1edbp Ph\u1ee7 Ra-\u0110a (Radar Overlay):<\/strong> Cho ph\u00e9p ch\u1ed3ng l\u1edbp h\u00ecnh \u1ea3nh radar l\u00ean b\u1ea3n \u0111\u1ed3 h\u1ea3i \u0111\u1ed3 tr\u00ean m\u00e0n h\u00ecnh m\u00e1y \u0111\u1ecbnh v\u1ecb, gi\u00fap b\u1ea1n d\u1ec5 d\u00e0ng \u0111\u1ed1i chi\u1ebfu v\u1ecb tr\u00ed m\u1ee5c ti\u00eau v\u1edbi th\u00f4ng tin b\u1ea3n \u0111\u1ed3 (khuy\u1ebfn ngh\u1ecb s\u1eed d\u1ee5ng c\u1ea3m bi\u1ebfn la b\u00e0n ho\u1eb7c thi\u1ebft b\u1ecb l\u00e1i t\u1ef1 \u0111\u1ed9ng t\u00f9y ch\u1ecdn \u0111\u1ec3 c\u00f3 k\u1ebft qu\u1ea3 t\u1ed1t nh\u1ea5t).<\/li>\n<li data-sourcepos=\"19:1-20:0\"><strong>Theo D\u00f5i M\u1ee5c Ti\u00eau MARPA (MARPA Target Tracking):<\/strong> Khi k\u1ebft h\u1ee3p v\u1edbi m\u00e0n h\u00ecnh \u0111a ch\u1ee9c n\u0103ng v\u00e0 c\u1ea3m bi\u1ebfn la b\u00e0n (\u0111\u01b0\u1ee3c b\u00e1n ri\u00eang), radar n\u00e0y h\u1ed7 tr\u1ee3 t\u00ednh n\u0103ng theo d\u00f5i m\u1ee5c ti\u00eau MARPA, gi\u00fap b\u1ea1n theo d\u00f5i chuy\u1ec3n \u0111\u1ed9ng v\u00e0 h\u01b0\u1edbng \u0111i c\u1ee7a c\u00e1c m\u1ee5c ti\u00eau xung quanh.<\/li>\n<\/ul>\n<div class=\"app__feature__card\" data-translate=\"\"><img fetchpriority=\"high\" decoding=\"async\" class=\"app__feature__card__image\" src=\"https:\/\/res.garmin.com\/en\/products\/010-00959-00\/g\/29596-1-961876b5-650f-4ca0-8be1-b7918c1e9a90.jpg\" alt=\"\" width=\"381\" height=\"254\" \/><img decoding=\"async\" class=\"app__feature__card__image\" src=\"https:\/\/res.garmin.com\/en\/products\/010-00959-00\/g\/29596-2-efa99ddb-e010-4eb1-899c-e7d360c18529.jpg\" alt=\"\" width=\"380\" height=\"253\" \/><img decoding=\"async\" class=\"app__feature__card__image\" src=\"https:\/\/res.garmin.com\/en\/products\/010-00959-00\/g\/29596-3-ec8e5c89-8db0-4dc5-a073-dcdce93f12e1.jpg\" alt=\"\" width=\"380\" height=\"253\" \/><\/div>\n","protected":false},"excerpt":{"rendered":"<p><strong>\u2282\u2329 B\u1ea2O H\u00c0NH CH\u00cdNH H\u00c3NG 1 N\u0102M \u232a\u2283<\/strong><\/p>\n<p><strong>\u260e Li\u00ean h\u1ec7 t\u01b0 v\u1ea5n b\u00e1o gi\u00e1 : 0972 658 351 \u2013\u00a0 0962 846 820 (g\u1ecdi tr\u1ef1c ti\u1ebfp ho\u1eb7c Zalo).<\/strong><\/p>\n","protected":false},"featured_media":3603,"comment_status":"open","ping_status":"closed","template":"","meta":[],"product_cat":[29],"product_tag":[],"class_list":{"0":"post-3601","1":"product","2":"type-product","3":"status-publish","4":"has-post-thumbnail","6":"product_cat-may-gps-do-ca","8":"first","9":"instock","10":"shipping-taxable","11":"product-type-simple"},"_links":{"self":[{"href":"https:\/\/gpsgarmin.vn\/index.php?rest_route=\/wp\/v2\/product\/3601","targetHints":{"allow":["GET"]}}],"collection":[{"href":"https:\/\/gpsgarmin.vn\/index.php?rest_route=\/wp\/v2\/product"}],"about":[{"href":"https:\/\/gpsgarmin.vn\/index.php?rest_route=\/wp\/v2\/types\/product"}],"replies":[{"embeddable":true,"href":"https:\/\/gpsgarmin.vn\/index.php?rest_route=%2Fwp%2Fv2%2Fcomments&post=3601"}],"version-history":[{"count":3,"href":"https:\/\/gpsgarmin.vn\/index.php?rest_route=\/wp\/v2\/product\/3601\/revisions"}],"predecessor-version":[{"id":5004,"href":"https:\/\/gpsgarmin.vn\/index.php?rest_route=\/wp\/v2\/product\/3601\/revisions\/5004"}],"wp:featuredmedia":[{"embeddable":true,"href":"https:\/\/gpsgarmin.vn\/index.php?rest_route=\/wp\/v2\/media\/3603"}],"wp:attachment":[{"href":"https:\/\/gpsgarmin.vn\/index.php?rest_route=%2Fwp%2Fv2%2Fmedia&parent=3601"}],"wp:term":[{"taxonomy":"product_cat","embeddable":true,"href":"https:\/\/gpsgarmin.vn\/index.php?rest_route=%2Fwp%2Fv2%2Fproduct_cat&post=3601"},{"taxonomy":"product_tag","embeddable":true,"href":"https:\/\/gpsgarmin.vn\/index.php?rest_route=%2Fwp%2Fv2%2Fproduct_tag&post=3601"}],"curies":[{"name":"wp","href":"https:\/\/api.w.org\/{rel}","templated":true}]}}