{"id":3597,"date":"2025-06-11T17:08:11","date_gmt":"2025-06-11T10:08:11","guid":{"rendered":"http:\/\/demo.garminvietnam.vn\/?post_type=product&#038;p=3597"},"modified":"2025-09-15T09:50:22","modified_gmt":"2025-09-15T02:50:22","slug":"ang-ten-gps-glonass-ga-38-pole-mount","status":"publish","type":"product","link":"https:\/\/gpsgarmin.vn\/?product=ang-ten-gps-glonass-ga-38-pole-mount","title":{"rendered":"\u0102ng ten GPS \/ GLONASS GA 38, Pole Mount"},"content":{"rendered":"<p>\u2666 Garmin vui m\u1eebng th\u00f4ng b\u00e1o v\u1ec1 \u0103ng-ten g\u1eafn c\u1ed9t GPS GA38 2016. \u0102ng-ten g\u1eafn c\u1ed9t GA38 GPS \u0111\u01b0\u1ee3c thi\u1ebft k\u1ebf \u0111\u1eb7c bi\u1ec7t cho th\u1ecb tr\u01b0\u1eddng b\u00e1n th\u01b0\u01a1ng m\u1ea1i. Gi\u00e1 \u0111\u1ee1 c\u1ef1c GA38 kh\u00f4ng ch\u1ec9 h\u1ed7 tr\u1ee3 h\u1ec7 th\u1ed1ng GPS v\u00e0 GLONASS m\u00e0 c\u00f2n h\u1ed7 tr\u1ee3 BeiDou.\u00a0\u0110i\u1ec1u \u0111\u00f3 s\u1ebd cung c\u1ea5p t\u1ef7 l\u1ec7 b\u1ea3o hi\u1ec3m t\u1ed1t h\u01a1n cho kh\u00e1ch h\u00e0ng c\u1ee7a ch\u00fang t\u00f4i.<\/p>\n","protected":false},"excerpt":{"rendered":"<p><strong>\u2282\u2329 B\u1ea2O H\u00c0NH CH\u00cdNH H\u00c3NG 1 N\u0102M \u232a\u2283<\/strong><\/p>\n<p><strong>\u260e Li\u00ean h\u1ec7 t\u01b0 v\u1ea5n : 0972 658 351 \u2013\u00a0 0962 846 820 (g\u1ecdi tr\u1ef1c ti\u1ebfp ho\u1eb7c Zalo).<\/strong><\/p>\n","protected":false},"featured_media":3598,"comment_status":"open","ping_status":"closed","template":"","meta":[],"product_cat":[29],"product_tag":[],"class_list":{"0":"post-3597","1":"product","2":"type-product","3":"status-publish","4":"has-post-thumbnail","6":"product_cat-may-gps-do-ca","8":"first","9":"instock","10":"shipping-taxable","11":"purchasable","12":"product-type-simple"},"_links":{"self":[{"href":"https:\/\/gpsgarmin.vn\/index.php?rest_route=\/wp\/v2\/product\/3597","targetHints":{"allow":["GET"]}}],"collection":[{"href":"https:\/\/gpsgarmin.vn\/index.php?rest_route=\/wp\/v2\/product"}],"about":[{"href":"https:\/\/gpsgarmin.vn\/index.php?rest_route=\/wp\/v2\/types\/product"}],"replies":[{"embeddable":true,"href":"https:\/\/gpsgarmin.vn\/index.php?rest_route=%2Fwp%2Fv2%2Fcomments&post=3597"}],"version-history":[{"count":3,"href":"https:\/\/gpsgarmin.vn\/index.php?rest_route=\/wp\/v2\/product\/3597\/revisions"}],"predecessor-version":[{"id":5005,"href":"https:\/\/gpsgarmin.vn\/index.php?rest_route=\/wp\/v2\/product\/3597\/revisions\/5005"}],"wp:featuredmedia":[{"embeddable":true,"href":"https:\/\/gpsgarmin.vn\/index.php?rest_route=\/wp\/v2\/media\/3598"}],"wp:attachment":[{"href":"https:\/\/gpsgarmin.vn\/index.php?rest_route=%2Fwp%2Fv2%2Fmedia&parent=3597"}],"wp:term":[{"taxonomy":"product_cat","embeddable":true,"href":"https:\/\/gpsgarmin.vn\/index.php?rest_route=%2Fwp%2Fv2%2Fproduct_cat&post=3597"},{"taxonomy":"product_tag","embeddable":true,"href":"https:\/\/gpsgarmin.vn\/index.php?rest_route=%2Fwp%2Fv2%2Fproduct_tag&post=3597"}],"curies":[{"name":"wp","href":"https:\/\/api.w.org\/{rel}","templated":true}]}}