{"id":3589,"date":"2025-06-11T16:47:37","date_gmt":"2025-06-11T09:47:37","guid":{"rendered":"http:\/\/demo.garminvietnam.vn\/?post_type=product&#038;p=3589"},"modified":"2025-09-15T09:57:10","modified_gmt":"2025-09-15T02:57:10","slug":"garmin-striker-cast","status":"publish","type":"product","link":"https:\/\/gpsgarmin.vn\/?product=garmin-striker-cast","title":{"rendered":"Garmin STRIKER Cast"},"content":{"rendered":"<h3 data-sourcepos=\"5:1-5:69\"><strong>Garmin <a href=\"https:\/\/gpsgarmin.vn\/?product=garmin-striker-cast\">STRIKER CAST<\/a> \u2013 Bi\u1ebfn \u0110i\u1ec7n Tho\u1ea1i Th\u00e0nh M\u00e1y D\u00f2 C\u00e1 M\u1ea1nh M\u1ebd<\/strong><\/h3>\n<p data-sourcepos=\"7:1-7:344\">Garmin <a href=\"https:\/\/gpsgarmin.vn\/?product=garmin-striker-cast\">STRIKER CAST<\/a> l\u00e0 thi\u1ebft b\u1ecb d\u00f2 c\u00e1 th\u00f4ng minh d\u1ea1ng qu\u1ea3 c\u1ea7u, nh\u1ecf g\u1ecdn v\u00e0 d\u1ec5 s\u1eed d\u1ee5ng, cho ph\u00e9p b\u1ea1n bi\u1ebfn \u0111i\u1ec7n tho\u1ea1i th\u00f4ng minh ho\u1eb7c m\u00e1y t\u00ednh b\u1ea3ng c\u1ee7a m\u00ecnh th\u00e0nh m\u1ed9t h\u1ec7 th\u1ed1ng sonar m\u1ea1nh m\u1ebd. D\u00f9 b\u1ea1n c\u00e2u c\u00e1 \u1edf b\u1ea5t c\u1ee9 \u0111\u00e2u \u2013 t\u1eeb b\u1edd h\u1ed3, c\u1ea7u c\u1ea3ng, hay tr\u00ean thuy\u1ec1n nh\u1ecf \u2013 <a href=\"https:\/\/gpsgarmin.vn\/?product=garmin-striker-cast\">STRIKER CAST<\/a> s\u1ebd mang \u0111\u1ebfn cho b\u1ea1n c\u00e1i nh\u00ecn r\u00f5 r\u00e0ng v\u1ec1 v\u1ecb tr\u00ed c\u00e1 v\u00e0 c\u1ea5u tr\u00fac d\u01b0\u1edbi n\u01b0\u1edbc.<\/p>\n<p data-sourcepos=\"7:1-7:344\"><img decoding=\"async\" class=\"app__img-banner__img app__img-banner__img--desktop\" src=\"https:\/\/res.garmin.com\/en\/products\/010-02246-00\/g\/21794-D-11-d9843cd4-cb90-431e-b5d6-c8887136a045.jpg\" alt=\"\" \/><\/p>\n<p data-sourcepos=\"9:1-9:21\"><strong>\u0110\u1eb7c \u0111i\u1ec3m n\u1ed5i b\u1eadt:<\/strong><\/p>\n<ul data-sourcepos=\"11:1-40:0\">\n<li data-sourcepos=\"11:1-16:56\"><strong>Thi\u1ebft K\u1ebf Nh\u1ecf G\u1ecdn &amp; B\u1ec1n B\u1ec9:<\/strong>\n<ul data-sourcepos=\"12:5-16:56\">\n<li data-sourcepos=\"12:5-12:64\">K\u00edch th\u01b0\u1edbc: 75,8 x 75,5 x 57,87 mm (3&#8221; x 2,97&#8221; x 2,28&#8221;)<\/li>\n<li data-sourcepos=\"13:5-13:67\">Tr\u1ecdng l\u01b0\u1ee3ng: 75 g (2.6 oz) \u2013 c\u1ef1c k\u1ef3 nh\u1eb9 v\u00e0 d\u1ec5 d\u00e0ng mang theo.<\/li>\n<li data-sourcepos=\"14:5-14:77\">Ch\u1ed1ng n\u01b0\u1edbc: X\u1ebfp h\u1ea1ng IPX7, \u0111\u1ea3m b\u1ea3o ho\u1ea1t \u0111\u1ed9ng t\u1ed1t trong m\u00f4i tr\u01b0\u1eddng n\u01b0\u1edbc.<\/li>\n<li data-sourcepos=\"15:5-15:64\">Nhi\u1ec7t \u0111\u1ed9 ho\u1ea1t \u0111\u1ed9ng: T\u1eeb -20\u00b0C \u0111\u1ebfn 60\u00b0C (t\u1eeb -4\u00b0F \u0111\u1ebfn 140\u00b0F).<\/li>\n<li data-sourcepos=\"16:5-16:56\">Nhi\u1ec7t \u0111\u1ed9 s\u1ea1c: T\u1eeb 5\u00b0C \u0111\u1ebfn 40\u00b0C (t\u1eeb 41\u00b0F \u0111\u1ebfn 104\u00b0F).<\/li>\n<\/ul>\n<\/li>\n<li data-sourcepos=\"17:1-19:122\"><strong>K\u1ebft N\u1ed1i Kh\u00f4ng D\u00e2y \u0110\u00e1ng Tin C\u1eady:<\/strong>\n<ul data-sourcepos=\"18:5-19:122\">\n<li data-sourcepos=\"18:5-18:96\">Ph\u1ea1m vi truy\u1ec1n t\u00edn hi\u1ec7u l\u00ean \u0111\u1ebfn 60 m\u00e9t (200 ft), cho ph\u00e9p b\u1ea1n d\u00f2 t\u00ecm c\u00e1 t\u1eeb kho\u1ea3ng c\u00e1ch xa.<\/li>\n<li data-sourcepos=\"19:5-19:122\">S\u1eed d\u1ee5ng \u1ee9ng d\u1ee5ng <a href=\"https:\/\/gpsgarmin.vn\/?product=garmin-striker-cast\">STRIKER Cast<\/a> mi\u1ec5n ph\u00ed tr\u00ean \u0111i\u1ec7n tho\u1ea1i th\u00f4ng minh Apple\u00ae ho\u1eb7c Android\u2122 c\u1ee7a b\u1ea1n \u0111\u1ec3 xem d\u1eef li\u1ec7u sonar.<\/li>\n<\/ul>\n<\/li>\n<li data-sourcepos=\"20:1-23:132\"><strong>C\u00f4ng Ngh\u1ec7 Sonar N\u00e2ng Cao:<\/strong>\n<ul data-sourcepos=\"21:5-23:132\">\n<li data-sourcepos=\"21:5-21:37\"><strong>T\u1ea7n S\u1ed1 H\u1ed7 Tr\u1ee3:<\/strong> 260\/455 kHz.<\/li>\n<li data-sourcepos=\"22:5-22:101\"><strong>\u0110\u1ed9 S\u00e2u T\u1ed1i \u0110a:<\/strong> D\u00f2 t\u00ecm hi\u1ec7u qu\u1ea3 t\u1eeb \u0111\u1ed9 s\u00e2u d\u01b0\u1edbi 0.6 m\u00e9t \u0111\u1ebfn 45 m\u00e9t (t\u1eeb d\u01b0\u1edbi 2 ft \u0111\u1ebfn 150 ft).<\/li>\n<li data-sourcepos=\"23:5-23:132\"><strong>\u0110\u1ed9 R\u1ed9ng Ch\u00f9m Tia:<\/strong> 22\u00b0 x 63\u00b0 \u1edf t\u1ea7n s\u1ed1 260 kHz v\u00e0 9\u00b0 x 14\u00b0 \u1edf t\u1ea7n s\u1ed1 455 kHz, cung c\u1ea5p c\u00e1i nh\u00ecn r\u00f5 r\u00e0ng v\u1ec1 khu v\u1ef1c d\u01b0\u1edbi n\u01b0\u1edbc.<\/li>\n<\/ul>\n<\/li>\n<li data-sourcepos=\"24:1-30:150\"><strong>C\u00e1c T\u00ednh N\u0103ng D\u00f2 C\u00e1 Th\u00f4ng Minh:<\/strong>\n<ul data-sourcepos=\"25:5-30:150\">\n<li data-sourcepos=\"25:5-25:101\"><strong>Fish ID (Nh\u1eadn d\u1ea1ng c\u00e1):<\/strong> Gi\u00fap b\u1ea1n x\u00e1c \u0111\u1ecbnh c\u00e1c m\u1ee5c ti\u00eau c\u00e1 tr\u00ean m\u00e0n h\u00ecnh m\u1ed9t c\u00e1ch tr\u1ef1c quan.<\/li>\n<li data-sourcepos=\"26:5-26:102\"><strong>Autogain (T\u1ef1 \u0111\u1ed9ng \u0111i\u1ec1u ch\u1ec9nh \u0111\u1ed9 l\u1ee3i):<\/strong> T\u1ef1 \u0111\u1ed9ng t\u1ed1i thi\u1ec3u h\u00f3a nhi\u1ec5u v\u00e0 t\u1ed1i \u0111a h\u00f3a m\u1ee5c ti\u00eau c\u00e1.<\/li>\n<li data-sourcepos=\"27:5-27:110\"><strong>A-Scope:<\/strong> Hi\u1ec3n th\u1ecb th\u1eddi gian th\u1ef1c v\u1ec1 c\u00e1 \u0111i qua ch\u00f9m tia \u0111\u1ea7u d\u00f2, gi\u00fap b\u1ea1n kh\u00f4ng b\u1ecf l\u1ee1 kho\u1ea3nh kh\u1eafc n\u00e0o.<\/li>\n<li data-sourcepos=\"28:5-28:123\"><strong>T\u1ed1c \u0110\u1ed9 Cu\u1ed9n C\u00f3 Th\u1ec3 \u0110i\u1ec1u Ch\u1ec9nh:<\/strong> T\u00f9y ch\u1ec9nh t\u1ed1c \u0111\u1ed9 hi\u1ec3n th\u1ecb h\u00ecnh \u1ea3nh sonar \u0111\u1ec3 ph\u00f9 h\u1ee3p v\u1edbi phong c\u00e1ch c\u00e2u c\u00e1 c\u1ee7a b\u1ea1n.<\/li>\n<li data-sourcepos=\"29:5-29:104\"><strong>C\u1ea3m Bi\u1ebfn Nhi\u1ec7t \u0110\u1ed9 N\u01b0\u1edbc:<\/strong> \u0110o l\u01b0\u1eddng nhi\u1ec7t \u0111\u1ed9 n\u01b0\u1edbc, m\u1ed9t y\u1ebfu t\u1ed1 quan tr\u1ecdng \u1ea3nh h\u01b0\u1edfng \u0111\u1ebfn v\u1ecb tr\u00ed c\u00e1.<\/li>\n<li data-sourcepos=\"30:5-30:150\"><strong>Ch\u1ebf \u0110\u1ed9 C\u00e2u C\u00e1 Tr\u00ean B\u0103ng (Ice Fishing Mode):<\/strong> Thi\u1ebft k\u1ebf \u0111\u1eb7c bi\u1ec7t cho vi\u1ec7c c\u00e2u c\u00e1 tr\u00ean b\u0103ng, \u0111\u1ea3m b\u1ea3o hi\u1ec7u su\u1ea5t ngay c\u1ea3 trong \u0111i\u1ec1u ki\u1ec7n l\u1ea1nh gi\u00e1.<\/li>\n<\/ul>\n<\/li>\n<li data-sourcepos=\"31:1-35:145\"><strong>Kh\u1ea3 N\u0103ng L\u1eadp B\u1ea3n \u0110\u1ed3 \u0110\u1ed9c \u0110\u00e1o:<\/strong>\n<ul data-sourcepos=\"32:5-35:145\">\n<li data-sourcepos=\"32:5-32:240\"><strong>Quickdraw Contours:<\/strong> T\u1ea1o b\u1ea3n \u0111\u1ed3 \u0111\u01b0\u1eddng \u0111\u1ed3ng m\u1ee9c HD t\u00f9y ch\u1ec9nh c\u1ee7a ri\u00eang b\u1ea1n v\u1edbi \u0111\u01b0\u1eddng \u0111\u1eb3ng s\u00e2u 1 foot ngay tr\u00ean m\u00e0n h\u00ecnh. B\u1ea1n c\u00f3 th\u1ec3 l\u01b0u tr\u1eef d\u1eef li\u1ec7u n\u00e0y \u0111\u1ec3 s\u1eed d\u1ee5ng ri\u00eang ho\u1eb7c chia s\u1ebb v\u1edbi c\u1ed9ng \u0111\u1ed3ng Quickdraw th\u00f4ng qua Garmin Connect\u2122.<\/li>\n<li data-sourcepos=\"33:5-33:104\"><strong>\u0110\u1ed5 B\u00f3ng Ph\u1ea1m Vi Chi\u1ec1u S\u00e2u:<\/strong> Gi\u00fap b\u1ea1n d\u1ec5 d\u00e0ng x\u00e1c \u0111\u1ecbnh c\u00e1c khu v\u1ef1c c\u00f3 \u0111\u1ed9 s\u00e2u c\u1ee5 th\u1ec3 tr\u00ean b\u1ea3n \u0111\u1ed3.<\/li>\n<li data-sourcepos=\"34:5-34:110\"><strong>\u0110\u00e1nh D\u1ea5u \u0110i\u1ec3m Tham Chi\u1ebfu (Waypoint Marking):<\/strong> \u0110\u00e1nh d\u1ea5u c\u00e1c \u0111i\u1ec3m c\u00e2u c\u00e1 y\u00eau th\u00edch \u0111\u1ec3 quay l\u1ea1i d\u1ec5 d\u00e0ng.<\/li>\n<li data-sourcepos=\"35:5-35:145\"><strong>T\u1ea3i Xu\u1ed1ng C\u1ed9ng \u0110\u1ed3ng Quickdraw Contours:<\/strong> Truy c\u1eadp v\u00e0 t\u1ea3i xu\u1ed1ng b\u1ea3n \u0111\u1ed3 do c\u1ed9ng \u0111\u1ed3ng Quickdraw t\u1ea1o ra, m\u1edf r\u1ed9ng kho d\u1eef li\u1ec7u b\u1ea3n \u0111\u1ed3 c\u1ee7a b\u1ea1n.<\/li>\n<\/ul>\n<\/li>\n<li data-sourcepos=\"36:1-37:86\"><strong>Pin S\u1ea1c L\u00e2u D\u00e0i:<\/strong>\n<ul data-sourcepos=\"37:5-37:86\">\n<li data-sourcepos=\"37:5-37:86\">Th\u1eddi l\u01b0\u1ee3ng pin h\u01a1n 10 gi\u1edd v\u1edbi pin s\u1ea1c n\u1ed9i b\u1ed9 USB, \u0111\u1ee7 d\u00f9ng cho nhi\u1ec1u bu\u1ed5i c\u00e2u c\u00e1.<\/li>\n<\/ul>\n<\/li>\n<li data-sourcepos=\"38:1-40:0\"><strong>Ph\u1ee5 Ki\u1ec7n \u0110i K\u00e8m:<\/strong>\n<ul data-sourcepos=\"39:5-40:0\">\n<li data-sourcepos=\"39:5-40:0\">Bao g\u1ed3m d\u00e2y bu\u1ed9c d\u00e0i 5 m\u00e9t (16.4 ft) \u0111\u1ec3 b\u1ea1n c\u00f3 th\u1ec3 g\u1eafn thi\u1ebft b\u1ecb m\u1ed9t c\u00e1ch an to\u00e0n.<\/li>\n<\/ul>\n<\/li>\n<\/ul>\n","protected":false},"excerpt":{"rendered":"<p><strong>\u2282\u2329 B\u1ea2O H\u00c0NH CH\u00cdNH H\u00c3NG 2 N\u0102M \u232a\u2283<\/strong><\/p>\n<p><strong>\u260e Li\u00ean h\u1ec7 t\u01b0 v\u1ea5n : 0972 658 351 \u2013\u00a0 0962 846 820 (g\u1ecdi tr\u1ef1c ti\u1ebfp ho\u1eb7c Zalo).<\/strong><\/p>\n","protected":false},"featured_media":3593,"comment_status":"open","ping_status":"closed","template":"","meta":[],"product_cat":[29],"product_tag":[],"class_list":{"0":"post-3589","1":"product","2":"type-product","3":"status-publish","4":"has-post-thumbnail","6":"product_cat-may-gps-do-ca","8":"first","9":"instock","10":"sale","11":"featured","12":"shipping-taxable","13":"purchasable","14":"product-type-simple"},"_links":{"self":[{"href":"https:\/\/gpsgarmin.vn\/index.php?rest_route=\/wp\/v2\/product\/3589","targetHints":{"allow":["GET"]}}],"collection":[{"href":"https:\/\/gpsgarmin.vn\/index.php?rest_route=\/wp\/v2\/product"}],"about":[{"href":"https:\/\/gpsgarmin.vn\/index.php?rest_route=\/wp\/v2\/types\/product"}],"replies":[{"embeddable":true,"href":"https:\/\/gpsgarmin.vn\/index.php?rest_route=%2Fwp%2Fv2%2Fcomments&post=3589"}],"version-history":[{"count":4,"href":"https:\/\/gpsgarmin.vn\/index.php?rest_route=\/wp\/v2\/product\/3589\/revisions"}],"predecessor-version":[{"id":3596,"href":"https:\/\/gpsgarmin.vn\/index.php?rest_route=\/wp\/v2\/product\/3589\/revisions\/3596"}],"wp:featuredmedia":[{"embeddable":true,"href":"https:\/\/gpsgarmin.vn\/index.php?rest_route=\/wp\/v2\/media\/3593"}],"wp:attachment":[{"href":"https:\/\/gpsgarmin.vn\/index.php?rest_route=%2Fwp%2Fv2%2Fmedia&parent=3589"}],"wp:term":[{"taxonomy":"product_cat","embeddable":true,"href":"https:\/\/gpsgarmin.vn\/index.php?rest_route=%2Fwp%2Fv2%2Fproduct_cat&post=3589"},{"taxonomy":"product_tag","embeddable":true,"href":"https:\/\/gpsgarmin.vn\/index.php?rest_route=%2Fwp%2Fv2%2Fproduct_tag&post=3589"}],"curies":[{"name":"wp","href":"https:\/\/api.w.org\/{rel}","templated":true}]}}