{"id":3582,"date":"2025-06-11T16:32:43","date_gmt":"2025-06-11T09:32:43","guid":{"rendered":"http:\/\/demo.garminvietnam.vn\/?post_type=product&#038;p=3582"},"modified":"2025-09-15T09:57:49","modified_gmt":"2025-09-15T02:57:49","slug":"garmin-ff-650-gps","status":"publish","type":"product","link":"https:\/\/gpsgarmin.vn\/?product=garmin-ff-650-gps","title":{"rendered":"Garmin FF 650 GPS"},"content":{"rendered":"<h2><strong>Fishfinder + GPS &#8211; Gi\u1ea3i ph\u00e1p 2 trong 1\u00a0<\/strong><\/h2>\n<ul>\n<li>H\u1ed7 tr\u1ee3 \u0111a ng\u00f4n ng\u1eef: Ti\u1ebfng Anh, Ti\u1ebfng Vi\u1ec7t v\u00e0 nhi\u1ec1u th\u1ee9 ti\u1ebfng kh\u00e1c<\/li>\n<li>M\u00e0n h\u00ecnh WVGA 6-inch\u00a0n\u00e2ng c\u1ea5p v\u00e0 c\u1ea3i ti\u1ebfn m\u00e0u s\u1eafc n\u00e9t, c\u00f3 ch\u1ebf \u0111\u1ed9 hi\u1ec3n th\u1ecb d\u1ecdc.<\/li>\n<li>Sonar CHIRP s\u1ebd qu\u00e9t li\u00ean t\u1ee5c v\u1edbi c\u00e1c t\u1ea7n s\u1ed1 kh\u00e1c nhau, t\u1eeb th\u1ea5p \u0111\u1ebfn cao,\u00a0ph\u00e1t hi\u1ec7n c\u00e1c lu\u1ed3ng c\u00e1 r\u00f5 r\u00e0ng h\u01a1n nh\u1eb1m gi\u00fap n\u00e2ng cao hi\u1ec7u su\u1ea5t.<\/li>\n<li>T\u00edch h\u1ee3p s\u1eb5n sonar CHIRP truy\u1ec1n th\u1ed1ng 600 W (RMS) v\u00e0 sonar qu\u00e9t CHIRP ClearV\u00fc, cho h\u00ecnh \u1ea3nh r\u00f5 r\u00e0ng h\u01a1n v\u1ec1 nh\u1eefng v\u1eadt th\u1ec3 d\u01b0\u1edbi m\u1eb7t n\u01b0\u1edbc.<\/li>\n<li>H\u1ed7 tr\u1ee3\u00a0GPS, GLONASS v\u00e0 h\u1ec7 th\u1ed1ng \u0111\u1ecbnh v\u1ecb\u00a0BeiDou, c\u00f3 th\u1ec3 nhanh ch\u00f3ng v\u00e0 d\u1ec5 d\u00e0ng l\u01b0u tr\u1eef\u00a012.000 \u0111i\u1ec3m t\u1ecda \u0111\u1ed9 ch\u00ednh x\u00e1c.<\/li>\n<\/ul>\n<p>M\u00e1y \u0111\u1ecbnh v\u1ecb k\u1ebft h\u1ee3p sonar <a href=\"https:\/\/gpsgarmin.vn\/?product=garmin-ff-650-gps\">FF 650<\/a> GPS ho\u00e0n to\u00e0n m\u1edbi, c\u00f3 m\u00e0n h\u00ecnh hi\u1ec3n th\u1ecb 6 inch v\u00e0 giao di\u1ec7n b\u00e0n ph\u00edm. <a href=\"https:\/\/gpsgarmin.vn\/?product=garmin-ff-650-gps\">FF 650<\/a> GPS h\u1ed7 tr\u1ee3 \u0111a ng\u00f4n ng\u1eef Ch\u00e2u \u00c1, v\u00e0 \u0111\u01b0\u1ee3c ph\u00e1t tri\u1ec3n nh\u1eb1m m\u1ee5c ti\u00eau cho th\u1ecb tr\u01b0\u1eddng c\u00e1c t\u00e0u c\u00e1 b\u00e1n th\u01b0\u01a1ng m\u1ea1i. <a href=\"https:\/\/gpsgarmin.vn\/?product=garmin-ff-650-gps\">FF 650<\/a> GPS cung c\u1ea5p CHIRP sonar truy\u1ec1n th\u1ed1ng v\u00e0 CHIRP ClearV\u00fc sonar qu\u00e9t, c\u00f3 kh\u1ea3 n\u0103ng cho th\u1ea5y r\u00f5 r\u00e0ng c\u00e1c lu\u1ed3ng c\u00e1, v\u1edbi ch\u1ee9c n\u0103ng t\u00e1ch m\u1ee5c ti\u00eau tuy\u1ec7t v\u1eddi v\u00e0 cung c\u1ea5p h\u00ecnh \u1ea3nh r\u00f5 n\u00e9t v\u1ec1 c\u1ea5u tr\u00fac b\u00ean d\u01b0\u1edbi thuy\u1ec1n. H\u1ed7 tr\u1ee3 3 lo\u1ea1i ch\u1ebf \u0111\u1ed9 \u0111\u1ecbnh v\u1ecb m\u1ea1nh m\u1ebd l\u00e0 GPS, GPS + GLONASS, GPS + BEIDOU.<\/p>\n<p><img fetchpriority=\"high\" decoding=\"async\" class=\"aligncenter wp-image-3533 lazy-load-active\" src=\"https:\/\/maydinhvigps.com.vn\/wp-content\/uploads\/2021\/05\/may-dinh-vi-do-ca-ff-650-gps-11.jpg\" sizes=\"auto, (max-width: 700px) 100vw, 700px\" srcset=\"https:\/\/maydinhvigps.com.vn\/wp-content\/uploads\/2021\/05\/may-dinh-vi-do-ca-ff-650-gps-11.jpg 1000w, https:\/\/maydinhvigps.com.vn\/wp-content\/uploads\/2021\/05\/may-dinh-vi-do-ca-ff-650-gps-11-510x202.jpg 510w, https:\/\/maydinhvigps.com.vn\/wp-content\/uploads\/2021\/05\/may-dinh-vi-do-ca-ff-650-gps-11-300x119.jpg 300w, https:\/\/maydinhvigps.com.vn\/wp-content\/uploads\/2021\/05\/may-dinh-vi-do-ca-ff-650-gps-11-768x304.jpg 768w\" alt=\"may-dinh-vi-do-ca-ff-650-gps\" width=\"778\" height=\"308\" data-src=\"https:\/\/maydinhvigps.com.vn\/wp-content\/uploads\/2021\/05\/may-dinh-vi-do-ca-ff-650-gps-11.jpg\" data-srcset=\"https:\/\/maydinhvigps.com.vn\/wp-content\/uploads\/2021\/05\/may-dinh-vi-do-ca-ff-650-gps-11.jpg 1000w, https:\/\/maydinhvigps.com.vn\/wp-content\/uploads\/2021\/05\/may-dinh-vi-do-ca-ff-650-gps-11-510x202.jpg 510w, https:\/\/maydinhvigps.com.vn\/wp-content\/uploads\/2021\/05\/may-dinh-vi-do-ca-ff-650-gps-11-300x119.jpg 300w, https:\/\/maydinhvigps.com.vn\/wp-content\/uploads\/2021\/05\/may-dinh-vi-do-ca-ff-650-gps-11-768x304.jpg 768w\" \/><\/p>\n<p><img decoding=\"async\" class=\"aligncenter wp-image-3482 lazy-load-active\" src=\"https:\/\/maydinhvigps.com.vn\/wp-content\/uploads\/2021\/05\/May-dinh-vi-do-ca-hai-do-gpsmap-585-plus-11.jpg\" sizes=\"auto, (max-width: 700px) 100vw, 700px\" srcset=\"https:\/\/maydinhvigps.com.vn\/wp-content\/uploads\/2021\/05\/May-dinh-vi-do-ca-hai-do-gpsmap-585-plus-11.jpg 1001w, https:\/\/maydinhvigps.com.vn\/wp-content\/uploads\/2021\/05\/May-dinh-vi-do-ca-hai-do-gpsmap-585-plus-11-510x208.jpg 510w, https:\/\/maydinhvigps.com.vn\/wp-content\/uploads\/2021\/05\/May-dinh-vi-do-ca-hai-do-gpsmap-585-plus-11-300x123.jpg 300w, https:\/\/maydinhvigps.com.vn\/wp-content\/uploads\/2021\/05\/May-dinh-vi-do-ca-hai-do-gpsmap-585-plus-11-768x314.jpg 768w\" alt=\"May-dinh-vi-do-ca-ff-650-gps\" width=\"781\" height=\"319\" data-src=\"https:\/\/maydinhvigps.com.vn\/wp-content\/uploads\/2021\/05\/May-dinh-vi-do-ca-hai-do-gpsmap-585-plus-11.jpg\" data-srcset=\"https:\/\/maydinhvigps.com.vn\/wp-content\/uploads\/2021\/05\/May-dinh-vi-do-ca-hai-do-gpsmap-585-plus-11.jpg 1001w, https:\/\/maydinhvigps.com.vn\/wp-content\/uploads\/2021\/05\/May-dinh-vi-do-ca-hai-do-gpsmap-585-plus-11-510x208.jpg 510w, https:\/\/maydinhvigps.com.vn\/wp-content\/uploads\/2021\/05\/May-dinh-vi-do-ca-hai-do-gpsmap-585-plus-11-300x123.jpg 300w, https:\/\/maydinhvigps.com.vn\/wp-content\/uploads\/2021\/05\/May-dinh-vi-do-ca-hai-do-gpsmap-585-plus-11-768x314.jpg 768w\" \/><\/p>\n<h3><strong>S\u1ee8C M\u1ea0NH C\u1ee6A GARMIN CHIRP<\/strong><\/h3>\n<p>T\u00ednh n\u0103ng c\u1ee7a sonar \u0111\u01b0\u1ee3c t\u00edch h\u1ee3p trong <a href=\"https:\/\/gpsgarmin.vn\/?product=garmin-ff-650-gps\">FF 650<\/a> GPS bao g\u1ed3m sonar CHIRP, c\u00f4ng ngh\u1ec7 sonar tinh vi nh\u1ea5t hi\u1ec7n c\u00f3 cho c\u00e2u c\u00e1 v\u00e0 ch\u00e8o thuy\u1ec1n c\u00f4ng c\u1ed9ng. Sonar CHIRP cung c\u1ea5p t\u00ednh n\u0103ng t\u00e1ch v\u00e0 x\u00e1c \u0111\u1ecbnh m\u1ee5c ti\u00eau r\u00f5 r\u00e0ng \u0111\u1ebfn kinh ng\u1ea1c.<\/p>\n<h3><strong>T\u01af\u01a0NG TH\u00cdCH V\u1edaI GPS, GLONASS V\u00c0 BEIDOU<\/strong><\/h3>\n<p>V\u1edbi ch\u1ebf \u0111\u1ed9 \u0111\u1ecbnh v\u1ecb \u0111a h\u1ed7 tr\u1ee3 ba h\u1ec7 th\u1ed1ng m\u1ea1nh m\u1ebd g\u1ed3m GPS, GLONASS v\u00e0 Beidou. Nhanh ch\u00f3ng v\u00e0 d\u1ec5 d\u00e0ng l\u01b0u tr\u1eef l\u00ean t\u1edbi 12.000 \u0111i\u1ec3m t\u1ecda \u0111\u1ed9 ch\u00ednh x\u00e1c, v\u00e0 t\u00ecm \u0111\u01b0\u1eddng tr\u1edf l\u1ea1i \u0111i\u1ec3m \u0111\u00e1nh b\u1eaft c\u00e1 b\u00ed m\u1eadt c\u1ee7a b\u1ea1n. B\u1ed9 nh\u1edb dung l\u01b0\u1ee3ng l\u1edbn, gi\u00fap ng\u01b0 d\u00e2n ghi l\u1ea1i \u0111i\u1ec3m nguy hi\u1ec3m (Mark) v\u00e0 \u0111\u00edch (Waypoint).<\/p>\n<h3><strong>H\u1ed6 TR\u1ee2 RADAR AIS<\/strong><\/h3>\n<p>Hi\u1ec3n th\u1ecb \u1ea3nh Radar AIS chi ti\u1ebft v\u00e0 danh s\u00e1ch AIS t\u1ea1i c\u00f9ng m\u1ed9t trang. Di chuy\u1ec3n con tr\u1ecf v\u00e0 xem h\u1ea1ng m\u1ee5c c\u1ee5 th\u1ec3 tr\u00ean \u1ea3nh radar, \u0111\u1ec3 xem th\u00f4ng tin chi ti\u1ebft c\u1ee7a t\u00e0u \u0111\u01b0\u1ee3c \u0111\u00e1nh d\u1ea5u. H\u1ea1 VRM\/EBL tr\u00ean c\u1eeda s\u1ed5 Radar AIS v\u00e0 \u0111o kho\u1ea3ng c\u00e1ch, v\u00e0 th\u00f4ng qua danh s\u00e1ch AIS ch\u1ecdn t\u00e0u AIS nh\u1ea5t \u0111\u1ecbnh \u0111\u1ec3 xem th\u00f4ng tin chi ti\u1ebft c\u1ee7a t\u00e0u \u0111\u00f3.<\/p>\n<h3>CHU\u1ed6I TRANG (PAGE) NHANH<\/h3>\n<p>N\u00fat PAGE chuy\u00ean d\u1ee5ng c\u00f3 t\u00ednh n\u0103ng ho\u00e1n chuy\u1ec3n nhanh. Nh\u1ea5n n\u00fat &#8220;PAGE&#8221; cho ph\u00e9p ng\u01b0\u1eddi d\u00f9ng ho\u00e1n chuy\u1ec3n nhanh gi\u1eefa c\u00e1c t\u00ednh n\u0103ng th\u01b0\u1eddng s\u1eed d\u1ee5ng. Nh\u1ea5n gi\u1eef n\u00fat &#8220;PAGE&#8221; , ng\u01b0\u1eddi d\u00f9ng c\u00f3 th\u1ec3 t\u1ef1 ch\u1ec9nh s\u1eeda 5 trang s\u1eed d\u1ee5ng th\u01b0\u1eddng xuy\u00ean nh\u1ea5t.<\/p>\n<h3><strong>H\u1ed6 TR\u1ee2 THU PH\u00d3NG K\u1ef8 THU\u1eacT S\u1ed0 V\u00c0 THU PH\u00d3NG D\u1ecaCH CHUY\u1ec2N<\/strong><\/h3>\n<p>Ch\u1ee9c n\u0103ng thu ph\u00f3ng k\u1ef9 thu\u1eadt s\u1ed1 v\u00e0 thu ph\u00f3ng d\u1ecbch chuy\u1ec3n, cho ph\u00e9p b\u1ea1n ki\u1ec3m so\u00e1t ph\u1ea7n hi\u1ec3n th\u1ecb c\u1ee7a m\u00ecnh, gi\u00fap b\u1ea1n c\u00f3 th\u1ec3 xem chi ti\u1ebft nh\u1eefng n\u1ed9i dung m\u00ecnh mu\u1ed1n.<\/p>\n<h3><strong>B\u1ed8 L\u1eccC M\u00c0U CHO M\u00c0N H\u00ccNH HI\u1ec2N TH\u1eca SONAR TRUY\u1ec0N TH\u1ed0NG<\/strong><\/h3>\n<p>8 m\u1ee9c m\u00e0u \u0111\u1ec3 ng\u01b0\u1eddi d\u00f9ng c\u00f3 th\u1ec3 chuy\u1ec3n \u0111\u1ed5i B\u1eadt\/T\u1eaft c\u00e1c m\u00e0u c\u1ee5 th\u1ec3 theo s\u1edf th\u00edch l\u00e0m m\u00e0u hi\u1ec3n th\u1ecb cho sonar tr\u00ean trang sonar truy\u1ec1n th\u1ed1ng.<\/p>\n<h3><strong>BI\u1ec2U \u0110\u1ed2 D\u1eee LI\u1ec6U S\u00c2U<\/strong><\/h3>\n<p>Hi\u1ec3n th\u1ecb nhanh ch\u00f3ng l\u1ecbch s\u1eed bi\u1ec3u \u0111\u1ed3 d\u1eef li\u1ec7u \u0111\u1ed9 s\u00e2u.<\/p>\n<h3><strong>TRANG LA B\u00c0N CHO BI\u1ebeT COG V\u00c0 SOG<\/strong><\/h3>\n<p>Hi\u1ec3n th\u1ecb t\u1ed1c \u0111\u1ed9 v\u00e0 h\u01b0\u1edbng t\u1ea1i m\u1ed9t trang hi\u1ec3n th\u1ecb cho c\u00e1c ng\u01b0 d\u00e2n b\u00e1n th\u01b0\u01a1ng m\u1ea1i. H\u1ecd c\u00f3 th\u1ec3 d\u1ef1a v\u00e0o c\u00e1c th\u00f4ng tin n\u00e0y \u0111\u1ec3 nhanh ch\u00f3ng ph\u00e1n \u0111o\u00e1n hi\u1ec7n l\u01b0\u1edbi \u0111\u00e3 \u0111\u1ea7y c\u00e1 hay ch\u01b0a trong qua tr\u00ecnh k\u00e9o l\u01b0\u1edbi v\u00e0 hi\u1ec3u \u0111\u1ec3 \u0111i\u1ec1u ch\u1ec9nh l\u1ea1i h\u01b0\u1edbng ngay l\u1eadp t\u1ee9c.<\/p>\n<h3><strong>GPX CHUY\u1ec2N T\u1eccA \u0110\u1ed4 \u0110I\u1ec2M<\/strong><\/h3>\n<p>N\u1ebfu b\u1ea1n c\u00f3 t\u1ecda \u0111\u1ed9 \u0111i\u1ec3m, \u0111\u01b0\u1eddng \u0111i ho\u1eb7c tuy\u1ebfn \u0111\u01b0\u1eddng th\u01b0\u1eddng xuy\u00ean s\u1eed d\u1ee5ng \u0111\u01b0\u1ee3c l\u01b0u tr\u1eef tr\u00ean s\u1ea3n ph\u1ea9m GPS c\u1ee7a nh\u00e0 s\u1ea3n xu\u1ea5t kh\u00e1c &#8211; ho\u1eb7c tr\u00ean thi\u1ebft b\u1ecb c\u1ea7m tay Garmin &#8211; th\u00ec b\u00e2y gi\u1edd d\u1ec5 d\u00e0ng chuy\u1ec3n \u0111\u1ed5i sang thi\u1ebft b\u1ecb Garmin m\u1edbi, th\u00f4ng qua ph\u1ea7n m\u1ec1m \u0111\u1ecbnh d\u1ea1ng ti\u00eau chu\u1ea9n GPX. GPX l\u00e0 m\u1ed9t \u0111\u1ecbnh d\u1ea1ng ti\u00eau chu\u1ea9n c\u1ee7a Garmin, d\u00f9ng \u0111\u1ec3 trao \u0111\u1ed5i d\u1eef li\u1ec7u GPS tr\u00ean n\u1ec1n t\u1ea3ng v\u00e0 \u1ee9ng d\u1ee5ng. V\u1edbi c\u00f4ng ngh\u1ec7 giao di\u1ec7n d\u1ec5 s\u1eed d\u1ee5ng n\u00e0y, Garmin gi\u1ea3i quy\u1ebft m\u1ed9t trong nh\u1eefng v\u1ea5n \u0111\u1ec1 kh\u00f3 kh\u0103n nh\u1ea5t khi ng\u01b0\u1eddi d\u00f9ng mu\u1ed1n thay \u0111\u1ed5i quan ni\u1ec7m s\u1eed d\u1ee5ng t\u1eeb c\u00e1c d\u00f2ng m\u00e1y kh\u00e1c sang GARMIN.<\/p>\n<p><img decoding=\"async\" class=\"wp-image-3531 aligncenter lazy-load-active\" src=\"https:\/\/maydinhvigps.com.vn\/wp-content\/uploads\/2021\/05\/may-dinh-vi-do-ca-ff-650-gps-10.png\" sizes=\"auto, (max-width: 700px) 100vw, 700px\" srcset=\"https:\/\/maydinhvigps.com.vn\/wp-content\/uploads\/2021\/05\/may-dinh-vi-do-ca-ff-650-gps-10.png 1000w, https:\/\/maydinhvigps.com.vn\/wp-content\/uploads\/2021\/05\/may-dinh-vi-do-ca-ff-650-gps-10-510x202.png 510w, https:\/\/maydinhvigps.com.vn\/wp-content\/uploads\/2021\/05\/may-dinh-vi-do-ca-ff-650-gps-10-300x119.png 300w, https:\/\/maydinhvigps.com.vn\/wp-content\/uploads\/2021\/05\/may-dinh-vi-do-ca-ff-650-gps-10-768x304.png 768w\" alt=\"may-dinh-vi-do-ca-ff-650-gps\" width=\"781\" height=\"309\" data-src=\"https:\/\/maydinhvigps.com.vn\/wp-content\/uploads\/2021\/05\/may-dinh-vi-do-ca-ff-650-gps-10.png\" data-srcset=\"https:\/\/maydinhvigps.com.vn\/wp-content\/uploads\/2021\/05\/may-dinh-vi-do-ca-ff-650-gps-10.png 1000w, https:\/\/maydinhvigps.com.vn\/wp-content\/uploads\/2021\/05\/may-dinh-vi-do-ca-ff-650-gps-10-510x202.png 510w, https:\/\/maydinhvigps.com.vn\/wp-content\/uploads\/2021\/05\/may-dinh-vi-do-ca-ff-650-gps-10-300x119.png 300w, https:\/\/maydinhvigps.com.vn\/wp-content\/uploads\/2021\/05\/may-dinh-vi-do-ca-ff-650-gps-10-768x304.png 768w\" \/><\/p>\n<p><img loading=\"lazy\" decoding=\"async\" class=\"aligncenter wp-image-3478 lazy-load-active\" src=\"https:\/\/maydinhvigps.com.vn\/wp-content\/uploads\/2021\/05\/May-dinh-vi-do-ca-hai-do-gpsmap-585-plus-8.jpg\" sizes=\"auto, (max-width: 689px) 100vw, 689px\" srcset=\"https:\/\/maydinhvigps.com.vn\/wp-content\/uploads\/2021\/05\/May-dinh-vi-do-ca-hai-do-gpsmap-585-plus-8.jpg 689w, https:\/\/maydinhvigps.com.vn\/wp-content\/uploads\/2021\/05\/May-dinh-vi-do-ca-hai-do-gpsmap-585-plus-8-510x286.jpg 510w, https:\/\/maydinhvigps.com.vn\/wp-content\/uploads\/2021\/05\/May-dinh-vi-do-ca-hai-do-gpsmap-585-plus-8-300x169.jpg 300w\" alt=\"May-dinh-vi-do-ca-ff-650-gps \" width=\"780\" height=\"438\" data-src=\"https:\/\/maydinhvigps.com.vn\/wp-content\/uploads\/2021\/05\/May-dinh-vi-do-ca-hai-do-gpsmap-585-plus-8.jpg\" data-srcset=\"https:\/\/maydinhvigps.com.vn\/wp-content\/uploads\/2021\/05\/May-dinh-vi-do-ca-hai-do-gpsmap-585-plus-8.jpg 689w, https:\/\/maydinhvigps.com.vn\/wp-content\/uploads\/2021\/05\/May-dinh-vi-do-ca-hai-do-gpsmap-585-plus-8-510x286.jpg 510w, https:\/\/maydinhvigps.com.vn\/wp-content\/uploads\/2021\/05\/May-dinh-vi-do-ca-hai-do-gpsmap-585-plus-8-300x169.jpg 300w\" \/><\/p>\n","protected":false},"excerpt":{"rendered":"<p><strong>\u2282\u2329 B\u1ea2O H\u00c0NH CH\u00cdNH H\u00c3NG 2 N\u0102M \u232a\u2283<\/strong><\/p>\n<p><strong>\u260e Li\u00ean h\u1ec7 t\u01b0 v\u1ea5n : 0972 658 351 \u2013\u00a0 0962 846 820 (g\u1ecdi tr\u1ef1c ti\u1ebfp ho\u1eb7c Zalo).<\/strong><strong> <em>Gi\u00e1 ch\u01b0a bao g\u1ed3m chi ph\u00ed l\u1eafp \u0111\u1eb7t.<\/em><\/strong><\/p>\n","protected":false},"featured_media":4670,"comment_status":"open","ping_status":"closed","template":"","meta":[],"product_cat":[29],"product_tag":[],"class_list":{"0":"post-3582","1":"product","2":"type-product","3":"status-publish","4":"has-post-thumbnail","6":"product_cat-may-gps-do-ca","8":"first","9":"instock","10":"shipping-taxable","11":"purchasable","12":"product-type-simple"},"_links":{"self":[{"href":"https:\/\/gpsgarmin.vn\/index.php?rest_route=\/wp\/v2\/product\/3582","targetHints":{"allow":["GET"]}}],"collection":[{"href":"https:\/\/gpsgarmin.vn\/index.php?rest_route=\/wp\/v2\/product"}],"about":[{"href":"https:\/\/gpsgarmin.vn\/index.php?rest_route=\/wp\/v2\/types\/product"}],"replies":[{"embeddable":true,"href":"https:\/\/gpsgarmin.vn\/index.php?rest_route=%2Fwp%2Fv2%2Fcomments&post=3582"}],"version-history":[{"count":4,"href":"https:\/\/gpsgarmin.vn\/index.php?rest_route=\/wp\/v2\/product\/3582\/revisions"}],"predecessor-version":[{"id":5007,"href":"https:\/\/gpsgarmin.vn\/index.php?rest_route=\/wp\/v2\/product\/3582\/revisions\/5007"}],"wp:featuredmedia":[{"embeddable":true,"href":"https:\/\/gpsgarmin.vn\/index.php?rest_route=\/wp\/v2\/media\/4670"}],"wp:attachment":[{"href":"https:\/\/gpsgarmin.vn\/index.php?rest_route=%2Fwp%2Fv2%2Fmedia&parent=3582"}],"wp:term":[{"taxonomy":"product_cat","embeddable":true,"href":"https:\/\/gpsgarmin.vn\/index.php?rest_route=%2Fwp%2Fv2%2Fproduct_cat&post=3582"},{"taxonomy":"product_tag","embeddable":true,"href":"https:\/\/gpsgarmin.vn\/index.php?rest_route=%2Fwp%2Fv2%2Fproduct_tag&post=3582"}],"curies":[{"name":"wp","href":"https:\/\/api.w.org\/{rel}","templated":true}]}}