{"id":3574,"date":"2025-06-11T14:13:39","date_gmt":"2025-06-11T07:13:39","guid":{"rendered":"http:\/\/demo.garminvietnam.vn\/?post_type=product&#038;p=3574"},"modified":"2025-09-15T09:58:17","modified_gmt":"2025-09-15T02:58:17","slug":"garmin-aquamap-1252xs","status":"publish","type":"product","link":"https:\/\/gpsgarmin.vn\/?product=garmin-aquamap-1252xs","title":{"rendered":"Garmin AQUAMAP 1252xs"},"content":{"rendered":"<h2>AQUAMAP TH\u1ebe H\u1ec6 M\u1edaI &#8211; TO\u00c0N DI\u1ec6N, \u0110A CH\u1ee8C N\u0102NG<\/h2>\n<p>\u2666 H\u1ed7 tr\u1ee3 \u0111a ng\u00f4n ng\u1eef: Ti\u1ebfng Vi\u1ec7t, Ti\u1ebfng Anh, Ti\u1ebfng Trung, Nh\u1eadt, H\u00e0n Qu\u1ed1c, Th\u00e1i lan, Indonesia, Malaysia&#8230;<br \/>\n\u2666 M\u00e0n h\u00ecnh m\u00e0u 12inch v\u1edbi giao di\u1ec7n b\u00e0n ph\u00edm v\u00e0 c\u00e1c ph\u00edm t\u1eaft ch\u1ee9c n\u0103ng \u0111\u01b0\u1ee3c thi\u1ebft k\u1ebf m\u1edbi v\u00f4 c\u00f9ng ti\u1ec7n l\u1ee3i.<br \/>\n\u2666 H\u1ed7 tr\u1ee3 t\u1ea5t c\u1ea3 c\u00e1c k\u1ebft n\u1ed1i cho Garmin Marine Network v\u00e0 NMEA 2000; NMEA 0183.<br \/>\n\u2666 Ch\u1ee9c n\u0103ng m\u00e1y d\u00f2 t\u00edch h\u1ee3p 500W 77\/200kHz v\u00e0 2kW 50\/200kHz truy\u1ec1n th\u1ed1ng, 1kW CHIRP sonar v\u00e0 500W ClearVu sonar s\u1ebd cung c\u1ea5p cho ng\u01b0\u1eddi dung m\u1ed9t b\u1ee9c tranh to\u00e0n c\u1ea3nh v\u1ec1 nh\u1eefng g\u00ec \u0111ang di\u1ec5n ra b\u00ean d\u01b0\u1edbi t\u00e0u, nh\u1eefng v\u1eadt th\u1ec3 nh\u01b0 \u0111\u00e1 ng\u1ea7m, k\u00edch th\u01b0\u1edbc \u0111\u00e0n c\u00e1 v\u00e0 \u0111\u1eb7c bi\u1ec7t h\u01a1n n\u1eefa, AQUAMAP th\u1ebf h\u1ec7 m\u1edbi c\u00f2n h\u1ed7 tr\u1ee3 \u0111\u1ea7u d\u00f2 truy\u1ec1n th\u1ed1ng 50\/200kHz t\u1eeb nh\u00e0 cung c\u1ea5p th\u1ee9 3 v\u1edbi t\u1ea7ng s\u1ed1 l\u00ean \u0111\u1ebfn 2kW.<br \/>\n\u00b7\u00a0\u00a0\u00a0\u00a0\u00a0\u00a0 Antenna t\u00edch h\u1ee3p 10 Hz v\u00f4 c\u00f9ng nh\u1ea1y, c\u1ed9ng th\u00eam s\u1ef1 h\u1ed7 tr\u1ee3 c\u1ee7a GLOSNASS v\u00e0 BEIDOU, gi\u00fap b\u1ea1n \u0111\u1ecbnh h\u01b0\u1edbng ch\u00ednh x\u00e1c v\u00e0 d\u1ec5 d\u00e0ng l\u01b0u 30,000 \u0111i\u1ec3m tr\u00ean \u0111\u01b0\u1eddng \u0111i c\u1ee7a b\u1ea1n.<br \/>\nTh\u1ebf h\u1ec7 AQUAMAP m\u1edbi m\u00e0n h\u00ecnh m\u00e0u 12inch t\u00edch h\u1ee3p \u0111a ch\u1ee9c n\u0103ng \u0110\u1ecbnh v\u1ecb\/D\u00f2 c\u00e1\/Radar ch\u1ec9 d\u00e0nh ri\u00eang cho th\u1ecb tr\u01b0\u1eddng \u0111\u00e1nh c\u00e1 chuy\u00ean nghi\u1ec7p. M\u00e0n h\u00ecnh l\u1edbn c\u00f9ng v\u1edbi n\u00fat Knob \u0111a ch\u1ee9c n\u0103ng v\u00e0 giao di\u1ec7n ph\u00edm t\u1eaft s\u1ebd gi\u00fap ho b\u1ea1n thao t\u00e1c nhanh h\u01a1n, s\u1eed d\u1ee5ng d\u1ec5 d\u00e0ng h\u01a1n. Th\u00eam v\u00e0o \u0111\u00f3, s\u1ef1 h\u1ed7 tr\u1ee3 c\u1ee7a Garmin Marine Support cho ph\u00e9p ng\u01b0\u1eddi d\u00f9ng chia s\u1ebb d\u1eef li\u1ec7u, th\u00f4ng tin b\u1ea3n \u0111\u1ed3, radar ho\u1eb7c camera IP tr\u00ean nhi\u1ec1u thi\u1ebft b\u1ecb. K\u1ebft n\u1ed1i NMEA 2000 v\u00e0 NMEA 0183 h\u1ed7 tr\u1ee3 c\u00e1c giao th\u1ee9c k\u1ebft n\u1ed1i bao g\u1ed3m h\u1ec7 th\u1ed1ng l\u00e1i t\u1ef1 \u0111\u1ed9ng, c\u00e1c thao t\u00e1c chuy\u1ec3n \u0111\u1ed5i, th\u1eddi ti\u1ebft VHF, AIS, th\u00f4ng tin \u0111\u1ed9ng c\u01a1 v\u00e0 c\u00e1c lo\u1ea1i c\u1ea3m bi\u1ebfn kh\u00e1c. V\u1edbi kh\u1ea3 n\u0103ng t\u01b0\u01a1ng th\u00edch v\u1edbi c\u00e1c lo\u1ea1i \u0111\u1ea7u d\u00f2 Panoptix tr\u00ean th\u1ecb tr\u01b0\u1eddng c\u0169ng nh\u01b0 c\u00e1c d\u00f2ng sonar cao c\u1ea5p kh\u00e1c c\u1ee7a GARMIN nh\u01b0 CHIRP sonar hay CHIRP ClearVu. ( L\u01b0u \u00fd: \u0110\u1ea7u d\u00f2 \u0111\u01b0\u1ee3c b\u00e1n r\u1eddi).<\/p>\n<p><img fetchpriority=\"high\" decoding=\"async\" class=\"percent40\" src=\"http:\/\/www.garmin.com.sg\/m\/sg\/g\/products\/onthewater\/aquamap-2017\/intro1-1.png\" alt=\"\" width=\"567\" height=\"333\" \/>\u00a0<img decoding=\"async\" class=\"percent40\" src=\"http:\/\/www.garmin.com.sg\/m\/sg\/g\/products\/onthewater\/aquamap-2017\/intro2.png\" alt=\"\" width=\"538\" height=\"337\" \/><\/p>\n<div class=\"clear\"><\/div>\n<h3>CHIA S\u1eba TO\u00c0N B\u1ed8 K\u1ebeT N\u1ed0I<\/h3>\n<p>Nh\u1edd s\u1ef1 h\u1ed7 tr\u1ee3 c\u1ee7a Garmin Marine Network , ng\u01b0\u1eddi d\u00f9ng c\u00f3 th\u1ec3 chia s\u1ebb h\u00ecnh \u1ea3nh m\u00e1y d\u00f2, b\u1ea3n \u0111\u1ed3, d\u1eef li\u1ec7u ng\u01b0\u1eddi d\u00f9ng, tr\u00ecnh s\u1eed d\u1ee5ng radar, camera v\u00e0 c\u00e1c lo\u1ea1i \u0111\u1ea7u d\u00f2 Panoptix gi\u1eefa c\u00e1c thi\u1ebft b\u1ecb v\u1edbi nhau, bao g\u1ed3m k\u1ebft n\u1ed1i NMEA 2000 v\u00e0 NMEA 0183 h\u1ed7 tr\u1ee3 lu\u00f4n cho thi\u1ebft b\u1ecb t\u1ef1 \u0111\u1ed9ng l\u00e1i, c\u00e1c thao t\u00e1c chuy\u1ec3n \u0111\u1ed5i, th\u1eddi ti\u1ebft, VHF, AIS, th\u00f4ng s\u1ed1 \u0111\u1ed9ng c\u01a1 v\u00e0 c\u00e1c thi\u1ebft b\u1ecb c\u1ea3m bi\u1ebfn kh\u00e1c.<br \/>\n<img decoding=\"async\" class=\"percent40\" src=\"http:\/\/www.garmin.com.sg\/m\/sg\/g\/products\/onthewater\/aquamap-2017\/NetworkSharing1.png\" alt=\"\" width=\"562\" height=\"329\" \/>\u00a0<img loading=\"lazy\" decoding=\"async\" class=\"percent40\" src=\"http:\/\/www.garmin.com.sg\/m\/sg\/g\/products\/onthewater\/aquamap-2017\/NetworkSharing2.png\" alt=\"\" width=\"560\" height=\"328\" \/><\/p>\n<div class=\"clear\"><\/div>\n<h3>\u0110\u1ecaNH H\u01af\u1edaNG, C\u1eacP NH\u1eacT V\u1eca TR\u00cd LI\u00caN T\u1ee4C M\u1ed6I 10 GI\u00c2Y<\/h3>\n<p>\u0102ng-ten trong 10 Hz, h\u1ed7 tr\u1ee3 GPS, GLONASS v\u00e0 BEIDOU s\u1ebd c\u1eadp nh\u1eadt t\u00edn hi\u1ec7u cho b\u1ea1n r\u1ea5t nhanh v\u00e0 li\u00ean t\u1ee5c m\u1ed7i 10 gi\u00e2y\/ 1 l\u1ea7n v\u00e0 gi\u00fap cho b\u1ea1n \u0111\u00e1nh d\u1ea5u \u0111i\u1ec3m v\u00f4 c\u00f9ng chu\u1ea9n x\u00e1c. Nh\u1edd v\u1eady, b\u1ea1n c\u00f3 th\u1ec3 di chuy\u1ec3n \u0111\u1ebfn \u0111\u1ecba \u0111i\u1ec3m ch\u1ec9 \u0111\u1ecbnh ho\u1eb7c l\u00e0 quay ng\u01b0\u1ee3c l\u1ea1i \u0111i\u1ec3m xu\u1ea5t ph\u00e1t m\u00e0 kh\u00f4ng g\u1eb7p b\u1ea5t c\u1ee9 kh\u00f3 kh\u0103n n\u00e0o.<\/p>\n<p>H\u1ec7 B\u1ea3n \u0110\u1ed3 \u0110\u01b0\u1ee3c N\u00e2ng C\u1ea5p To\u00e0n Di\u1ec7n<\/p>\n<p><img loading=\"lazy\" decoding=\"async\" class=\"float-right percent40\" src=\"http:\/\/www.garmin.com.sg\/m\/sg\/g\/products\/onthewater\/aquamap-2017\/upgrade-maps.png\" alt=\"\" width=\"560\" height=\"328\" \/><\/p>\n<p>Hai khe c\u1eafm th\u1ebb nh\u1edb SD ti\u00eau chu\u1ea9n cung c\u1ea5p th\u00eam b\u1ed9 nh\u01a1 m\u1edf r\u1ed9ng cho ng\u01b0\u1eddi d\u00f9ng, d\u1ec5 d\u00e0ng s\u1eed d\u1ee5ng c\u00e1c th\u1ebb b\u1ea3n \u0111\u1ed3 mua r\u1eddi nh\u01b0 H\u1ea3i \u0111\u1ed3 BlueChart g2 HD, Bluechart g2 Vision HD. \u0110\u1eb7c bi\u1ec7t, H\u1ea3i \u0111\u1ed3 BlueChart g2 Vision HD \u0111\u1ed9c quy\u1ec1n cung c\u1ea5p ch\u1ee9c n\u0103ng Garmin Auto Guidance, m\u1ed9t c\u00f4ng ngh\u1ec7 d\u1eabn \u0111\u01b0\u1eddng m\u1edbi h\u01b0\u1edbng d\u1eabn h\u00e0nh tr\u00ecnh,\u00a0d\u1ef1a tr\u00ean \u0111\u1eb7c t\u00ednh t\u00e0u c\u1ee7a b\u1ea1n, ch\u1ee9c n\u0103ng n\u00e0y s\u1ebd ph\u00e1c th\u1ea3o m\u1ed9t l\u1ed9 tr\u00ecnh \u1ea3o tr\u00e1nh nh\u1eefng v\u1eadt c\u1ea3n c\u00f3 nguy c\u01a1 \u1ea3nh h\u01b0\u1edfng \u0111\u1ebfn t\u00e0u.<\/p>\n<div class=\"clear\"><\/div>\n<h3>QUICKDRAW CONTOURS &#8211; CH\u1ee8C N\u0102NG PH\u00c1T TH\u1ea2O B\u1ea2N \u0110\u1ed2<\/h3>\n<p><img loading=\"lazy\" decoding=\"async\" class=\"float-right percent40\" src=\"http:\/\/www.garmin.com.sg\/m\/sg\/g\/products\/onthewater\/aquamap-2017\/Quickdraw.png\" alt=\"\" width=\"558\" height=\"326\" \/><\/p>\n<p>Quickdraw Contours ho\u00e0n to\u00e0n mi\u1ec5n ph\u00ed, v\u00e0 \u0111\u00e3 \u0111\u01b0\u1ee3c t\u00edch h\u1ee3p s\u1eb5n tr\u00ean AQUAMAP, ngay l\u1eadp t\u1ee9c ph\u00e1c th\u1ea3o v\u00f9ng b\u1ea3n \u0111\u1ed3 xung quanh t\u00e0u c\u1ee7a b\u1ea1n (nh\u1eefng n\u01a1i ch\u01b0a c\u00f3 d\u1eef li\u1ec7u) v\u1edbi \u0111\u01b0\u1eddng \u0111\u1ed3n m\u1ee9c 1 foot. H\u01a1n th\u1ebf n\u1eefa, b\u1ea1n c\u00f3 th\u1ec3 l\u01b0u l\u1ea1i ho\u1eb7c l\u00e0 chia s\u1ebb v\u1edbi nh\u1eefng ng\u01b0\u1eddi d\u00f9ng kh\u00e1c th\u00f4ng qua C\u1ed9ng \u0110\u1ed3ng GARMIN (Garmin Connect). L\u00e0 m\u1ed9t t\u00ednh n\u0103ng ph\u1ea7n m\u1ec1m <strong>mi\u1ec5n ph\u00ed, d\u1ec5 s\u1eed d\u1ee5ng<\/strong>, \u0111\u00e3 \u0111\u01b0\u1ee3c c\u00e0i \u0111\u1eb7t s\u1eb5n tr\u00ean thi\u1ebft b\u1ecb AQUAMAP c\u1ee7a b\u1ea1n. N\u00f3 cho ph\u00e9p b\u1ea1n <strong>t\u1ea1o ngay l\u1eadp t\u1ee9c b\u1ea3n \u0111\u1ed3 c\u00e2u c\u00e1 HD c\u00e1 nh\u00e2n h\u00f3a c\u1ee7a ri\u00eang m\u00ecnh tr\u00ean m\u00e0n h\u00ecnh v\u1edbi \u0111\u01b0\u1eddng \u0111\u1ed3ng m\u1ee9c 1 foot<\/strong>. B\u1ea1n c\u00f3 th\u1ec3 t\u00f9y ch\u1ec9nh b\u1ea3n \u0111\u1ed3 theo nhu c\u1ea7u; b\u1ea1n l\u00e0 ng\u01b0\u1eddi s\u1edf h\u1eefu ch\u00fang. H\u00e3y gi\u1eef d\u1eef li\u1ec7u cho ri\u00eang m\u00ecnh, ho\u1eb7c chia s\u1ebb v\u1edbi Garmin hay b\u1ea1n b\u00e8 th\u00f4ng qua <strong>C\u1ed9ng \u0111\u1ed3ng Quickdraw tr\u00ean Garmin Connect\u2122<\/strong>. Kh\u00f4ng y\u00eau c\u1ea7u ki\u1ebfn th\u1ee9c chuy\u00ean m\u00f4n v\u1ec1 kh\u1ea3o s\u00e1t. B\u1ea1n ch\u1ec9 c\u1ea7n c\u00e2u c\u00e1 trong khi Quickdraw Contours t\u1ef1 \u0111\u1ed9ng t\u1ea1o b\u1ea3n \u0111\u1ed3. Kh\u00f4ng c\u1ea7n ph\u1ea3i ch\u1edd \u0111\u1ee3i hay g\u1eedi c\u00e1c t\u1eadp tin c\u1ee7a b\u1ea1n \u0111i nh\u01b0 c\u00e1c ph\u1ea7n m\u1ec1m l\u1eadp b\u1ea3n \u0111\u1ed3 kh\u00e1c \u2013 k\u1ebft qu\u1ea3 c\u1ee7a b\u1ea1n s\u1ebd hi\u1ec3n th\u1ecb ngay l\u1eadp t\u1ee9c.<\/p>\n<div class=\"clear\"><\/div>\n<h3>MOTIONSCOPE &#8211; CH\u1ee8C N\u0102NG H\u1ed6 TR\u1ee2 C\u00c1C D\u00d2NG RADAR<\/h3>\n<p><img loading=\"lazy\" decoding=\"async\" class=\"float-right percent40\" src=\"http:\/\/www.garmin.com.sg\/m\/sg\/g\/products\/onthewater\/aquamap-2017\/Motionscope.jpg\" alt=\"\" width=\"561\" height=\"325\" \/><\/p>\n<p>C\u00f4ng ngh\u1ec7 MotionScope\u2122 s\u1eed d\u1ee5ng hi\u1ec7u \u1ee9ng Doppler \u0111\u1ec3 ph\u1ea5t hi\u1ec7n v\u00e0 c\u1ea3nh b\u00e1o nh\u1eefng v\u1eadt th\u1ec3 \u0111ang di chuy\u1ec3n, gi\u00fap b\u1ea1n tr\u00e1nh kh\u1ecfi va ch\u1ea1m, v\u1eadt c\u1ea3n, \u0111\u00e1 ng\u1ea7m v\u00e0 d\u1ef1 \u0111o\u00e1n th\u1eddi ti\u1ebft. Hi\u1ec7u \u1ee9ng Doppler l\u00e0 m\u1ed9t lo\u1ea1i t\u1ea7ng s\u1ed1 n\u00e2ng cao, t\u1ea1o ra ng\u01b0\u1ee1ng \u00e2m d\u1ed9i m\u1ea1nh gi\u00fap x\u00e1c \u0111\u1ecbnh v\u1eadt th\u1ec3 nhanh v\u00e0 r\u00f5 n\u00e9t h\u01a1n.\u00a0t<\/p>\n<p><img decoding=\"async\" class=\"float-right percent40\" src=\"http:\/\/www.garmin.com.sg\/m\/sg\/g\/products\/onthewater\/aquamap-2017\/AQUAMAP_2017_back.png\" alt=\"\" \/><\/p>\n<h3>VIDEO INPUT &amp; OUTPUT<\/h3>\n<p>Chia s\u1ebb m\u00e0n h\u00ecnh qua c\u00e1c thi\u1ebft b\u1ecb c\u00f9ng lo\u1ea1i, b\u1ea1n c\u00f3 th\u1ec3 k\u1ebft n\u1ed1i v\u1edbi tivi c\u00f3 m\u00e0n h\u00ecnh l\u1edbn h\u01a1n.<\/p>\n<div class=\"clear\"><\/div>\n<p><img loading=\"lazy\" decoding=\"async\" class=\"float-right percent30\" src=\"http:\/\/www.garmin.com.sg\/m\/sg\/g\/products\/onthewater\/aquamap-2017\/QuickButton.png\" alt=\"\" width=\"373\" height=\"426\" \/><\/p>\n<h3>GIAO DI\u1ec6N PH\u00cdM T\u1eaeT \u0110\u01af\u1ee2C THI\u1ebeT K\u1ebe M\u1edaI HO\u00c0N TO\u00c0N<\/h3>\n<p>V\u1edbi m\u00e0n h\u00ecnh 12\u00a0inch, \u0111\u1ed9 s\u00e1ng chu\u1ea9n c\u00f9ng v\u1edbi giao di\u1ec7n ph\u00edm t\u1eaft \u0111\u01b0\u1ee3c thi\u1ebft k\u1ebf m\u1edbi, d\u1ec5 d\u00e0ng tha t\u00e1c ngay c\u1ea3 v\u1edbi ng\u01b0\u1eddi d\u00f9ng m\u1edbi.<\/p>\n<p>&nbsp;<\/p>\n<h3>CHUY\u1ec2N \u0110I\u1ec2M GPX<\/h3>\n<p>N\u1ebfu b\u1ea1n c\u00f3 \u0111i\u1ec3m, h\u00e0nh tr\u00ecnh, \u0111\u01b0\u1eddng \u0111i mu\u1ed1n chuy\u1ec3n v\u1ec1 \u0111\u1ec3 s\u1eed d\u1ee5ng cho m\u00e1y Garmin, r\u1ea5t d\u1ec5 d\u00e0ng. B\u1ea1n ch\u1ec9 vi\u1ec7c li\u00ean h\u1ec7 tr\u1ef1c ti\u1ebfp v\u1edbi ch\u00fang t\u00f4i, hi\u1ec7n nay ch\u00fang t\u00f4i h\u1ed7 tr\u1ee3 chuy\u1ec3n \u0111\u1ed5i \u0111\u1ecbnh d\u1ea1ng t\u1ea5t c\u1ea3 c\u00e1c d\u00f2ng m\u00e1y tr\u00ean th\u1ecb tr\u01b0\u1eddng m\u00e0 v\u1eabn \u0111\u1ea3m b\u1ea3o b\u00ed m\u1eadt th\u00f4ng tin c\u1ee7a b\u1ea1n.<\/p>\n","protected":false},"excerpt":{"rendered":"<p><strong>\u2282\u2329 B\u1ea2O H\u00c0NH CH\u00cdNH H\u00c3NG 2 N\u0102M \u232a\u2283<\/strong><\/p>\n<p><strong>\u260e Li\u00ean h\u1ec7 t\u01b0 v\u1ea5n : 0972 658 351 \u2013\u00a0 0962 846 820 (g\u1ecdi tr\u1ef1c ti\u1ebfp ho\u1eb7c Zalo).<\/strong><strong> <em>Gi\u00e1 ch\u01b0a bao g\u1ed3m chi ph\u00ed l\u1eafp \u0111\u1eb7t.<\/em><\/strong><\/p>\n","protected":false},"featured_media":3579,"comment_status":"open","ping_status":"closed","template":"","meta":[],"product_cat":[29],"product_tag":[],"class_list":{"0":"post-3574","1":"product","2":"type-product","3":"status-publish","4":"has-post-thumbnail","6":"product_cat-may-gps-do-ca","8":"first","9":"instock","10":"shipping-taxable","11":"product-type-simple"},"_links":{"self":[{"href":"https:\/\/gpsgarmin.vn\/index.php?rest_route=\/wp\/v2\/product\/3574","targetHints":{"allow":["GET"]}}],"collection":[{"href":"https:\/\/gpsgarmin.vn\/index.php?rest_route=\/wp\/v2\/product"}],"about":[{"href":"https:\/\/gpsgarmin.vn\/index.php?rest_route=\/wp\/v2\/types\/product"}],"replies":[{"embeddable":true,"href":"https:\/\/gpsgarmin.vn\/index.php?rest_route=%2Fwp%2Fv2%2Fcomments&post=3574"}],"version-history":[{"count":4,"href":"https:\/\/gpsgarmin.vn\/index.php?rest_route=\/wp\/v2\/product\/3574\/revisions"}],"predecessor-version":[{"id":5008,"href":"https:\/\/gpsgarmin.vn\/index.php?rest_route=\/wp\/v2\/product\/3574\/revisions\/5008"}],"wp:featuredmedia":[{"embeddable":true,"href":"https:\/\/gpsgarmin.vn\/index.php?rest_route=\/wp\/v2\/media\/3579"}],"wp:attachment":[{"href":"https:\/\/gpsgarmin.vn\/index.php?rest_route=%2Fwp%2Fv2%2Fmedia&parent=3574"}],"wp:term":[{"taxonomy":"product_cat","embeddable":true,"href":"https:\/\/gpsgarmin.vn\/index.php?rest_route=%2Fwp%2Fv2%2Fproduct_cat&post=3574"},{"taxonomy":"product_tag","embeddable":true,"href":"https:\/\/gpsgarmin.vn\/index.php?rest_route=%2Fwp%2Fv2%2Fproduct_tag&post=3574"}],"curies":[{"name":"wp","href":"https:\/\/api.w.org\/{rel}","templated":true}]}}