{"id":3565,"date":"2025-06-11T10:10:08","date_gmt":"2025-06-11T03:10:08","guid":{"rendered":"http:\/\/demo.garminvietnam.vn\/?post_type=product&#038;p=3565"},"modified":"2025-09-15T09:59:58","modified_gmt":"2025-09-15T02:59:58","slug":"garmin-gpsmap-585-plus","status":"publish","type":"product","link":"https:\/\/gpsgarmin.vn\/?product=garmin-gpsmap-585-plus","title":{"rendered":"Garmin GPSMAP 585 Plus"},"content":{"rendered":"<h3><b>Garmin <a href=\"https:\/\/gpsgarmin.vn\/?product=garmin-gpsmap-585-plus\">GPSMAP 585 Plus<\/a>: Thi\u1ebft B\u1ecb \u0110\u1ecbnh V\u1ecb\/D\u00f2 C\u00e1 \u0110a N\u0103ng Cho M\u1ecdi H\u00e0nh Tr\u00ecnh Bi\u1ec3n<\/b><\/h3>\n<p>Garmin <a href=\"https:\/\/gpsgarmin.vn\/?product=garmin-gpsmap-585-plus\">GPSMAP 585 Plus<\/a> l\u00e0 m\u1ed9t trong nh\u1eefng s\u1ea3n ph\u1ea9m h\u00e0ng \u0111\u1ea7u c\u1ee7a Garmin d\u00e0nh cho c\u00e1c t\u00edn \u0111\u1ed3 \u0111i bi\u1ec3n, ng\u01b0 d\u00e2n chuy\u00ean nghi\u1ec7p v\u00e0 nh\u1eefng ng\u01b0\u1eddi y\u00eau th\u00edch kh\u00e1m ph\u00e1 \u0111\u1ea1i d\u01b0\u01a1ng. K\u1ebft h\u1ee3p ho\u00e0n h\u1ea3o gi\u1eefa kh\u1ea3 n\u0103ng \u0111\u1ecbnh v\u1ecb GPS ch\u00ednh x\u00e1c v\u00e0 c\u00f4ng ngh\u1ec7 d\u00f2 c\u00e1 ti\u00ean ti\u1ebfn, <a href=\"https:\/\/gpsgarmin.vn\/?product=garmin-gpsmap-585-plus\">GPSMAP 585 Plus<\/a> mang \u0111\u1ebfn m\u1ed9t tr\u1ea3i nghi\u1ec7m to\u00e0n di\u1ec7n, gi\u00fap b\u1ea1n an to\u00e0n tr\u00ean bi\u1ec3n v\u00e0 t\u1ed1i \u01b0u h\u00f3a hi\u1ec7u qu\u1ea3 \u0111\u00e1nh b\u1eaft.<\/p>\n<p><strong><img fetchpriority=\"high\" decoding=\"async\" class=\"alignnone\" src=\"https:\/\/www.garmin.com.my\/m\/sg\/g\/products\/onthewater\/gpsmap-585-plus\/gpsmap-585-plus-feature-13.jpg\" width=\"1003\" height=\"397\" \/><\/strong><\/p>\n<p><img decoding=\"async\" class=\"\" src=\"https:\/\/www.garmin.com.my\/m\/sg\/g\/products\/onthewater\/gpsmap-585-plus\/gpsmap-585-plus-feature-04.jpg\" width=\"236\" height=\"393\" \/>\u00a0 \u00a0 <img decoding=\"async\" class=\"\" src=\"https:\/\/www.garmin.com.my\/m\/sg\/g\/products\/onthewater\/gpsmap-585-plus\/gpsmap-585-plus-feature-05.jpg\" width=\"238\" height=\"396\" \/>\u00a0 \u00a0 <img loading=\"lazy\" decoding=\"async\" class=\"\" src=\"https:\/\/www.garmin.com.my\/m\/sg\/g\/products\/onthewater\/gpsmap-585-plus\/gpsmap-585-plus-feature-09.jpg\" width=\"237\" height=\"395\" \/>\u00a0 \u00a0 <img loading=\"lazy\" decoding=\"async\" class=\"\" src=\"https:\/\/www.garmin.com.my\/m\/sg\/g\/products\/onthewater\/gpsmap-585-plus\/gpsmap-585-plus-feature-10.jpg\" width=\"237\" height=\"395\" \/><\/p>\n<h4><b>Thi\u1ebft K\u1ebf v\u00e0 M\u00e0n H\u00ecnh Hi\u1ec3n Th\u1ecb:<\/b><\/h4>\n<ul>\n<li><b>M\u00e0n h\u00ecnh l\u1edbn, s\u1eafc n\u00e9t:<\/b> <a href=\"https:\/\/gpsgarmin.vn\/?product=garmin-gpsmap-585-plus\">GPSMAP 585 Plus<\/a> \u0111\u01b0\u1ee3c trang b\u1ecb m\u00e0n h\u00ecnh m\u00e0u WVGA 8 inch v\u1edbi \u0111\u1ed9 ph\u00e2n gi\u1ea3i cao, \u0111\u1ea3m b\u1ea3o h\u00ecnh \u1ea3nh b\u1ea3n \u0111\u1ed3, d\u1eef li\u1ec7u sonar v\u00e0 c\u00e1c th\u00f4ng tin kh\u00e1c hi\u1ec3n th\u1ecb r\u00f5 r\u00e0ng, s\u1eafc n\u00e9t ngay c\u1ea3 d\u01b0\u1edbi \u00e1nh n\u1eafng m\u1eb7t tr\u1eddi tr\u1ef1c ti\u1ebfp.<\/li>\n<li><b>Giao di\u1ec7n tr\u1ef1c quan, d\u1ec5 s\u1eed d\u1ee5ng:<\/b> V\u1edbi c\u00e1c n\u00fat b\u1ea5m v\u1eadt l\u00fd v\u00e0 giao di\u1ec7n ng\u01b0\u1eddi d\u00f9ng \u0111\u01b0\u1ee3c thi\u1ebft k\u1ebf khoa h\u1ecdc, vi\u1ec7c thao t\u00e1c v\u00e0 \u0111i\u1ec1u h\u01b0\u1edbng tr\u00ean thi\u1ebft b\u1ecb tr\u1edf n\u00ean v\u00f4 c\u00f9ng \u0111\u01a1n gi\u1ea3n, ngay c\u1ea3 \u0111\u1ed1i v\u1edbi ng\u01b0\u1eddi m\u1edbi s\u1eed d\u1ee5ng.<\/li>\n<\/ul>\n<h4><b>T\u00ednh N\u0103ng \u0110\u1ecbnh V\u1ecb GPS v\u00e0 B\u1ea3n \u0110\u1ed3:<\/b><\/h4>\n<ul>\n<li><b>\u0110\u1ecbnh v\u1ecb GPS\/GLONASS \u0111\u1ed9 nh\u1ea1y cao:<\/b> \u0110\u01b0\u1ee3c t\u00edch h\u1ee3p b\u1ed9 thu GPS\/GLONASS \u0111\u1ed9 nh\u1ea1y cao, <a href=\"https:\/\/gpsgarmin.vn\/?product=garmin-gpsmap-585-plus\">GPSMAP 585 Plus<\/a> cung c\u1ea5p kh\u1ea3 n\u0103ng \u0111\u1ecbnh v\u1ecb v\u1ecb tr\u00ed c\u1ef1c k\u1ef3 nhanh ch\u00f3ng v\u00e0 ch\u00ednh x\u00e1c, gi\u00fap b\u1ea1n lu\u00f4n bi\u1ebft m\u00ecnh \u0111ang \u1edf \u0111\u00e2u tr\u00ean bi\u1ec3n.<\/li>\n<li><b>B\u1ea3n \u0111\u1ed3 to\u00e0n c\u1ea7u c\u00e0i \u0111\u1eb7t s\u1eb5n:<\/b> Thi\u1ebft b\u1ecb \u0111i k\u00e8m v\u1edbi b\u1ea3n \u0111\u1ed3 n\u1ec1n to\u00e0n c\u1ea7u \u0111\u01b0\u1ee3c c\u00e0i \u0111\u1eb7t s\u1eb5n, cho ph\u00e9p b\u1ea1n d\u1ec5 d\u00e0ng xem c\u00e1c v\u00f9ng \u0111\u1ea5t li\u1ec1n, \u0111\u01b0\u1eddng b\u1edd bi\u1ec3n v\u00e0 c\u00e1c \u0111i\u1ec3m tham chi\u1ebfu c\u01a1 b\u1ea3n.<\/li>\n<li><b>H\u1ed7 tr\u1ee3 b\u1ea3n \u0111\u1ed3 BlueChart\u00ae g2 Vision\u00ae (t\u00f9y ch\u1ecdn):<\/b> N\u00e2ng c\u1ea5p v\u1edbi b\u1ea3n \u0111\u1ed3 BlueChart\u00ae g2 Vision\u00ae \u0111\u1ec3 c\u00f3 \u0111\u01b0\u1ee3c c\u00e1i nh\u00ecn chi ti\u1ebft h\u01a1n v\u1ec1 c\u00e1c bi\u1ec3u \u0111\u1ed3 h\u00e0ng h\u1ea3i, \u0111\u01b0\u1eddng \u0111\u1ed3ng m\u1ee9c s\u00e2u, \u0111i\u1ec3m \u0111\u00e1ng ch\u00fa \u00fd, v\u00e0 t\u00ednh n\u0103ng Auto Guidance (T\u1ef1 \u0111\u1ed9ng h\u01b0\u1edbng d\u1eabn) &#8211; t\u1ea1o \u0111\u01b0\u1eddng \u0111i t\u1ed1i \u01b0u d\u1ef1a tr\u00ean k\u00edch th\u01b0\u1edbc t\u00e0u c\u1ee7a b\u1ea1n.<\/li>\n<li><b>Kh\u1ea3 n\u0103ng l\u01b0u tr\u1eef \u0111i\u1ec3m v\u00e0 tuy\u1ebfn \u0111\u01b0\u1eddng:<\/b> L\u01b0u tr\u1eef h\u00e0ng ngh\u00ecn \u0111i\u1ec3m tham chi\u1ebfu (waypoints) v\u00e0 h\u00e0ng tr\u0103m tuy\u1ebfn \u0111\u01b0\u1eddng (routes), gi\u00fap b\u1ea1n d\u1ec5 d\u00e0ng \u0111\u00e1nh d\u1ea5u c\u00e1c v\u1ecb tr\u00ed \u0111\u00e1nh b\u1eaft hi\u1ec7u qu\u1ea3, c\u00e1c khu v\u1ef1c nguy hi\u1ec3m ho\u1eb7c c\u00e1c \u0111\u1ecba \u0111i\u1ec3m y\u00eau th\u00edch.<\/li>\n<li><b>Hi\u1ec3n th\u1ecb h\u1ea3i tr\u00ecnh:<\/b> Ghi l\u1ea1i v\u00e0 hi\u1ec3n th\u1ecb h\u1ea3i tr\u00ecnh \u0111\u00e3 \u0111i, gi\u00fap b\u1ea1n theo d\u00f5i l\u1ecbch s\u1eed di chuy\u1ec3n v\u00e0 d\u1ec5 d\u00e0ng quay l\u1ea1i c\u00e1c v\u1ecb tr\u00ed \u0111\u00e3 qua.<\/li>\n<\/ul>\n<h4><b>T\u00ednh N\u0103ng D\u00f2 C\u00e1 (Sonar):<\/b><\/h4>\n<ul>\n<li><b>C\u00f4ng ngh\u1ec7 CHIRP Sonar truy\u1ec1n th\u1ed1ng:<\/b> <a href=\"https:\/\/gpsgarmin.vn\/?product=garmin-gpsmap-585-plus\">GPSMAP 585 Plus<\/a> t\u00edch h\u1ee3p c\u00f4ng ngh\u1ec7 CHIRP sonar truy\u1ec1n th\u1ed1ng v\u1edbi c\u00f4ng su\u1ea5t 600W (RMS), cung c\u1ea5p kh\u1ea3 n\u0103ng qu\u00e9t s\u00e2u v\u00e0 chi ti\u1ebft \u0111\u00e1y bi\u1ec3n. CHIRP sonar gi\u00fap ph\u00e2n t\u00e1ch m\u1ee5c ti\u00eau t\u1ed1t h\u01a1n, gi\u1ea3m nhi\u1ec5u v\u00e0 hi\u1ec3n th\u1ecb r\u00f5 r\u00e0ng c\u00e1c c\u1ea5u tr\u00fac d\u01b0\u1edbi n\u01b0\u1edbc v\u00e0 c\u00e1.<\/li>\n<li><b>T\u1ea7n s\u1ed1 \u0111a n\u0103ng:<\/b> H\u1ed7 tr\u1ee3 nhi\u1ec1u d\u1ea3i t\u1ea7n s\u1ed1 \u0111\u1ec3 ph\u00f9 h\u1ee3p v\u1edbi c\u00e1c \u0111i\u1ec1u ki\u1ec7n n\u01b0\u1edbc kh\u00e1c nhau v\u00e0 lo\u1ea1i c\u00e1 b\u1ea1n \u0111ang t\u00ecm ki\u1ebfm.<\/li>\n<li><b>ClearV\u00fc\u2122 Sonar (t\u00f9y ch\u1ecdn):<\/b> V\u1edbi c\u00f4ng ngh\u1ec7 ClearV\u00fc\u2122 Sonar, b\u1ea1n s\u1ebd c\u00f3 \u0111\u01b0\u1ee3c h\u00ecnh \u1ea3nh r\u00f5 n\u00e9t nh\u01b0 \u1ea3nh ch\u1ee5p v\u1ec1 c\u00e1c v\u1eadt th\u1ec3 d\u01b0\u1edbi n\u01b0\u1edbc, c\u1ea5u tr\u00fac \u0111\u00e1y bi\u1ec3n v\u00e0 c\u00e1. ClearV\u00fc\u2122 \u0111\u1eb7c bi\u1ec7t hi\u1ec7u qu\u1ea3 trong vi\u1ec7c x\u00e1c \u0111\u1ecbnh c\u00e1c \u0111\u00e0n c\u00e1 l\u1edbn ho\u1eb7c c\u00e1c r\u1ea1n san h\u00f4. <i>(L\u01b0u \u00fd: T\u00ednh n\u0103ng n\u00e0y y\u00eau c\u1ea7u \u0111\u1ea7u d\u00f2 ClearV\u00fc t\u01b0\u01a1ng th\u00edch, c\u00f3 th\u1ec3 \u0111\u01b0\u1ee3c b\u00e1n ri\u00eang).<\/i><\/li>\n<li><b>Hi\u1ec3n th\u1ecb \u0111\u1ed3ng th\u1eddi:<\/b> Kh\u1ea3 n\u0103ng hi\u1ec3n th\u1ecb \u0111\u1ed3ng th\u1eddi b\u1ea3n \u0111\u1ed3 v\u00e0 m\u00e0n h\u00ecnh sonar gi\u00fap b\u1ea1n d\u1ec5 d\u00e0ng li\u00ean k\u1ebft v\u1ecb tr\u00ed c\u00e1 v\u1edbi v\u1ecb tr\u00ed tr\u00ean b\u1ea3n \u0111\u1ed3, t\u1eeb \u0111\u00f3 t\u1ed1i \u01b0u h\u00f3a chi\u1ebfn l\u01b0\u1ee3c \u0111\u00e1nh b\u1eaft.<\/li>\n<li><b>A-Scope (Ph\u1ea1m vi t\u1ef1 \u0111\u1ed9ng):<\/b> Hi\u1ec3n th\u1ecb m\u1ee5c ti\u00eau echo theo th\u1eddi gian th\u1ef1c khi ch\u00fang \u0111i qua ch\u00f9m tia \u0111\u1ea7u d\u00f2, gi\u00fap b\u1ea1n nh\u1eadn di\u1ec7n c\u00e1 ngay l\u1eadp t\u1ee9c.<\/li>\n<li><b>Ch\u1ee9c n\u0103ng chia \u0111\u00f4i m\u00e0n h\u00ecnh:<\/b> Cho ph\u00e9p b\u1ea1n xem nhi\u1ec1u th\u00f4ng tin c\u00f9ng l\u00fac, v\u00ed d\u1ee5 nh\u01b0 b\u1ea3n \u0111\u1ed3 \u1edf m\u1ed9t b\u00ean v\u00e0 sonar \u1edf b\u00ean c\u00f2n l\u1ea1i.<\/li>\n<\/ul>\n<h4><b>C\u00e1c T\u00ednh N\u0103ng B\u1ed5 Sung v\u00e0 Kh\u00e1c:<\/b><\/h4>\n<ul>\n<li><b>Khe c\u1eafm th\u1ebb nh\u1edb microSD\u2122:<\/b> M\u1edf r\u1ed9ng b\u1ed9 nh\u1edb \u0111\u1ec3 t\u1ea3i th\u00eam b\u1ea3n \u0111\u1ed3 chi ti\u1ebft ho\u1eb7c l\u01b0u tr\u1eef d\u1eef li\u1ec7u sonar.<\/li>\n<li><b>T\u01b0\u01a1ng th\u00edch NMEA 0183\/2000:<\/b> K\u1ebft n\u1ed1i v\u1edbi c\u00e1c thi\u1ebft b\u1ecb h\u00e0ng h\u1ea3i kh\u00e1c nh\u01b0 AIS, b\u1ed9 thu th\u1eddi ti\u1ebft, v\u00e0 h\u1ec7 th\u1ed1ng l\u00e1i t\u1ef1 \u0111\u1ed9ng \u0111\u1ec3 m\u1edf r\u1ed9ng ch\u1ee9c n\u0103ng.<\/li>\n<li><b>Ch\u1ed1ng n\u01b0\u1edbc theo ti\u00eau chu\u1ea9n IPX7:<\/b> \u0110\u1ea3m b\u1ea3o ho\u1ea1t \u0111\u1ed9ng b\u1ec1n b\u1ec9 trong m\u00f4i tr\u01b0\u1eddng bi\u1ec3n kh\u1eafc nghi\u1ec7t.<\/li>\n<li><b>Gi\u00e1 \u0111\u1ee1 nhanh:<\/b> D\u1ec5 d\u00e0ng l\u1eafp \u0111\u1eb7t v\u00e0 th\u00e1o d\u1ee1 thi\u1ebft b\u1ecb.<\/li>\n<\/ul>\n<h4><b>L\u1ee3i \u00cdch Khi S\u1eed D\u1ee5ng Garmin <a href=\"https:\/\/gpsgarmin.vn\/?product=garmin-gpsmap-585-plus\">GPSMAP 585 Plus<\/a>:<\/b><\/h4>\n<ul>\n<li><b>An to\u00e0n v\u00e0 t\u1ef1 tin h\u01a1n tr\u00ean bi\u1ec3n:<\/b> \u0110\u1ecbnh v\u1ecb ch\u00ednh x\u00e1c gi\u00fap b\u1ea1n tr\u00e1nh c\u00e1c khu v\u1ef1c nguy hi\u1ec3m v\u00e0 lu\u00f4n bi\u1ebft \u0111\u01b0\u1eddng v\u1ec1.<\/li>\n<li><b>T\u1ed1i \u01b0u h\u00f3a hi\u1ec7u qu\u1ea3 \u0111\u00e1nh b\u1eaft:<\/b> D\u1ec5 d\u00e0ng t\u00ecm ki\u1ebfm v\u00e0 x\u00e1c \u0111\u1ecbnh v\u1ecb tr\u00ed c\u00e1, c\u00e1c c\u1ea5u tr\u00fac \u0111\u00e1y bi\u1ec3n ti\u1ec1m n\u0103ng, gi\u00fap t\u0103ng kh\u1ea3 n\u0103ng th\u00e0nh c\u00f4ng trong m\u1ed7i chuy\u1ebfn \u0111i.<\/li>\n<li><b>Ti\u1ebft ki\u1ec7m th\u1eddi gian v\u00e0 nhi\u00ean li\u1ec7u:<\/b> Di chuy\u1ec3n hi\u1ec7u qu\u1ea3 h\u01a1n, kh\u00f4ng c\u00f2n ph\u1ea3i d\u00f2 t\u00ecm m\u00f9 qu\u00e1ng.<\/li>\n<li><b>Gi\u1ea3i tr\u00ed v\u00e0 kh\u00e1m ph\u00e1:<\/b> Kh\u00e1m ph\u00e1 nh\u1eefng v\u00f9ng bi\u1ec3n m\u1edbi, nh\u1eefng \u0111\u1ecba \u0111i\u1ec3m c\u00e2u c\u00e1 ti\u1ec1m n\u0103ng.<\/li>\n<\/ul>\n","protected":false},"excerpt":{"rendered":"<p><strong>\u2282\u2329 B\u1ea2O H\u00c0NH CH\u00cdNH H\u00c3NG 2 N\u0102M \u232a\u2283<\/strong><\/p>\n<p><strong>\u260e Li\u00ean h\u1ec7 t\u01b0 v\u1ea5n : 0972 658 351 \u2013\u00a0 0962 846 820 (g\u1ecdi tr\u1ef1c ti\u1ebfp ho\u1eb7c Zalo).<\/strong><strong> <em>Gi\u00e1 ch\u01b0a bao g\u1ed3m chi ph\u00ed l\u1eafp \u0111\u1eb7t.<\/em><\/strong><\/p>\n","protected":false},"featured_media":4660,"comment_status":"open","ping_status":"closed","template":"","meta":[],"product_cat":[29],"product_tag":[],"class_list":{"0":"post-3565","1":"product","2":"type-product","3":"status-publish","4":"has-post-thumbnail","6":"product_cat-may-gps-do-ca","8":"first","9":"instock","10":"sale","11":"shipping-taxable","12":"purchasable","13":"product-type-simple"},"_links":{"self":[{"href":"https:\/\/gpsgarmin.vn\/index.php?rest_route=\/wp\/v2\/product\/3565","targetHints":{"allow":["GET"]}}],"collection":[{"href":"https:\/\/gpsgarmin.vn\/index.php?rest_route=\/wp\/v2\/product"}],"about":[{"href":"https:\/\/gpsgarmin.vn\/index.php?rest_route=\/wp\/v2\/types\/product"}],"replies":[{"embeddable":true,"href":"https:\/\/gpsgarmin.vn\/index.php?rest_route=%2Fwp%2Fv2%2Fcomments&post=3565"}],"version-history":[{"count":10,"href":"https:\/\/gpsgarmin.vn\/index.php?rest_route=\/wp\/v2\/product\/3565\/revisions"}],"predecessor-version":[{"id":5009,"href":"https:\/\/gpsgarmin.vn\/index.php?rest_route=\/wp\/v2\/product\/3565\/revisions\/5009"}],"wp:featuredmedia":[{"embeddable":true,"href":"https:\/\/gpsgarmin.vn\/index.php?rest_route=\/wp\/v2\/media\/4660"}],"wp:attachment":[{"href":"https:\/\/gpsgarmin.vn\/index.php?rest_route=%2Fwp%2Fv2%2Fmedia&parent=3565"}],"wp:term":[{"taxonomy":"product_cat","embeddable":true,"href":"https:\/\/gpsgarmin.vn\/index.php?rest_route=%2Fwp%2Fv2%2Fproduct_cat&post=3565"},{"taxonomy":"product_tag","embeddable":true,"href":"https:\/\/gpsgarmin.vn\/index.php?rest_route=%2Fwp%2Fv2%2Fproduct_tag&post=3565"}],"curies":[{"name":"wp","href":"https:\/\/api.w.org\/{rel}","templated":true}]}}