{"id":3539,"date":"2025-06-11T09:07:47","date_gmt":"2025-06-11T02:07:47","guid":{"rendered":"http:\/\/demo.garminvietnam.vn\/?post_type=product&#038;p=3539"},"modified":"2025-09-26T17:15:07","modified_gmt":"2025-09-26T10:15:07","slug":"garmin-edge-1050","status":"publish","type":"product","link":"https:\/\/gpsgarmin.vn\/?product=garmin-edge-1050","title":{"rendered":"Garmin Edge 1050"},"content":{"rendered":"<h3 data-sourcepos=\"5:1-5:66\"><strong>Garmin <a href=\"https:\/\/gpsgarmin.vn\/?product=garmin-edge-1050\">Edge 1050<\/a> \u2013 Kh\u00e1m Ph\u00e1 Gi\u1edbi H\u1ea1n, T\u1ed1i \u01afu M\u1ecdi Chuy\u1ebfn \u0110i<\/strong><\/h3>\n<p data-sourcepos=\"7:1-7:212\">Garmin <a href=\"https:\/\/gpsgarmin.vn\/?product=garmin-edge-1050\">Edge 1050<\/a> l\u00e0 m\u00e1y t\u00ednh xe \u0111\u1ea1p GPS \u0111\u01b0\u1ee3c thi\u1ebft k\u1ebf \u0111\u1ec3 mang l\u1ea1i tr\u1ea3i nghi\u1ec7m \u0111\u1ea1p xe \u0111\u1ec9nh cao, k\u1ebft h\u1ee3p m\u00e0n h\u00ecnh hi\u1ec3n th\u1ecb s\u1eafc n\u00e9t, th\u1eddi l\u01b0\u1ee3ng pin d\u00e0i v\u00e0 b\u1ed9 t\u00ednh n\u0103ng to\u00e0n di\u1ec7n h\u1ed7 tr\u1ee3 b\u1ea1n chinh ph\u1ee5c m\u1ecdi cung \u0111\u01b0\u1eddng.<\/p>\n<p data-sourcepos=\"7:1-7:212\"><iframe title=\"Garmin Edge 1050 | Never Stop Cycling. Together.\" src=\"https:\/\/www.youtube.com\/embed\/VRLLKmUyNa4\" width=\"1192\" height=\"339\" frameborder=\"0\" allowfullscreen=\"allowfullscreen\"><\/iframe><\/p>\n<h3 data-sourcepos=\"9:1-9:21\"><strong>\u0110\u1eb7c \u0111i\u1ec3m n\u1ed5i b\u1eadt:<\/strong><\/h3>\n<ul data-sourcepos=\"11:1-42:0\">\n<li data-sourcepos=\"11:1-11:182\"><strong>M\u00e0n H\u00ecnh Hi\u1ec3n Th\u1ecb S\u1ed1ng \u0110\u1ed9ng:<\/strong> M\u00e0n h\u00ecnh m\u00e0u r\u1ef1c r\u1ee1, hi\u1ec3n th\u1ecb chi ti\u1ebft c\u00e1c s\u1ed1 li\u1ec7u th\u1ed1ng k\u00ea v\u00e0 b\u1ea3n \u0111\u1ed3, gi\u00fap b\u1ea1n d\u1ec5 d\u00e0ng theo d\u00f5i th\u00f4ng tin quan tr\u1ecdng trong m\u1ecdi \u0111i\u1ec1u ki\u1ec7n \u00e1nh s\u00e1ng.<\/li>\n<li data-sourcepos=\"12:1-12:174\"><strong>Th\u1eddi L\u01b0\u1ee3ng Pin \u01afu Vi\u1ec7t:<\/strong> Cung c\u1ea5p th\u1eddi l\u01b0\u1ee3ng pin l\u00ean \u0111\u1ebfn 60 gi\u1edd \u1edf ch\u1ebf \u0111\u1ed9 ti\u1ebft ki\u1ec7m pin, cho ph\u00e9p b\u1ea1n t\u1ef1 tin th\u1ef1c hi\u1ec7n nh\u1eefng chuy\u1ebfn \u0111i d\u00e0i m\u00e0 kh\u00f4ng lo l\u1eafng v\u1ec1 n\u0103ng l\u01b0\u1ee3ng.<\/li>\n<li data-sourcepos=\"13:1-13:160\"><strong>C\u1ea3nh B\u00e1o Nguy Hi\u1ec3m Tr\u00ean \u0110\u01b0\u1eddng:<\/strong> Nh\u1eadn c\u1ea3nh b\u00e1o v\u1ec1 c\u00e1c m\u1ed1i nguy hi\u1ec3m tr\u00ean \u0111\u01b0\u1eddng t\u1eeb nh\u1eefng ng\u01b0\u1eddi \u0111i c\u00f9ng ho\u1eb7c t\u1eeb c\u1ed9ng \u0111\u1ed3ng Garmin, n\u00e2ng cao s\u1ef1 an to\u00e0n c\u1ee7a b\u1ea1n.<\/li>\n<li data-sourcepos=\"14:1-17:138\"><strong>L\u00ean K\u1ebf Ho\u1ea1ch Chuy\u1ebfn \u0110i D\u1ec5 D\u00e0ng:<\/strong>\n<ul data-sourcepos=\"15:5-17:138\">\n<li data-sourcepos=\"15:5-15:104\"><strong>T\u1ea1o Chuy\u1ebfn \u0110i Tr\u1ef1c Ti\u1ebfp Tr\u00ean Thi\u1ebft B\u1ecb:<\/strong> D\u1ec5 d\u00e0ng t\u1ea1o c\u00e1c tuy\u1ebfn \u0111\u01b0\u1eddng ngay tr\u00ean thi\u1ebft b\u1ecb c\u1ee7a b\u1ea1n.<\/li>\n<li data-sourcepos=\"16:5-16:159\"><strong>Xem Lo\u1ea1i B\u1ec1 M\u1eb7t \u0110\u01b0\u1eddng Tr\u00ean B\u1ea3n \u0110\u1ed3:<\/strong> B\u1ea3n \u0111\u1ed3 hi\u1ec3n th\u1ecb lo\u1ea1i b\u1ec1 m\u1eb7t \u0111\u01b0\u1eddng (v\u00ed d\u1ee5: \u0111\u01b0\u1eddng nh\u1ef1a, s\u1ecfi \u0111\u00e1, \u0111\u01b0\u1eddng m\u00f2n), gi\u00fap b\u1ea1n chu\u1ea9n b\u1ecb t\u1ed1t h\u01a1n cho chuy\u1ebfn \u0111i.<\/li>\n<li data-sourcepos=\"17:5-17:138\"><strong>\u0110\u1ed5 Chu\u00f4ng Xe \u0110\u1ea1p Tr\u1ef1c Ti\u1ebfp Tr\u00ean Thi\u1ebft B\u1ecb:<\/strong> S\u1eed d\u1ee5ng t\u00ednh n\u0103ng \u0111\u1ed5 chu\u00f4ng xe \u0111\u1ea1p t\u00edch h\u1ee3p \u0111\u1ec3 c\u1ea3nh b\u00e1o ng\u01b0\u1eddi \u0111i \u0111\u01b0\u1eddng v\u00e0 ng\u01b0\u1eddi \u0111i b\u1ed9.<\/li>\n<\/ul>\n<\/li>\n<li data-sourcepos=\"18:1-21:124\"><strong>T\u00ednh N\u0103ng \u0110\u1ea1p Xe Nh\u00f3m N\u00e2ng Cao:<\/strong>\n<ul data-sourcepos=\"19:5-21:124\">\n<li data-sourcepos=\"19:5-19:94\"><strong>Nh\u1eafn Tin Gi\u1eefa C\u00e1c Tay \u0110ua:<\/strong> G\u1eedi v\u00e0 nh\u1eadn tin nh\u1eafn gi\u1eefa nh\u1eefng ng\u01b0\u1eddi \u0111i c\u00f9ng trong nh\u00f3m.<\/li>\n<li data-sourcepos=\"20:5-20:104\"><strong>Chia S\u1ebb V\u1ecb Tr\u00ed Tr\u1ef1c Ti\u1ebfp:<\/strong> Chia s\u1ebb v\u1ecb tr\u00ed c\u1ee7a b\u1ea1n theo th\u1eddi gian th\u1ef1c v\u1edbi nh\u00f3m \u0111\u1ec3 gi\u1eef li\u00ean l\u1ea1c.<\/li>\n<li data-sourcepos=\"21:5-21:124\"><strong>Ph\u00e1t Hi\u1ec7n S\u1ef1 C\u1ed1:<\/strong> Thi\u1ebft b\u1ecb c\u00f3 th\u1ec3 ph\u00e1t hi\u1ec7n s\u1ef1 c\u1ed1 v\u00e0 t\u1ef1 \u0111\u1ed9ng g\u1eedi th\u00f4ng b\u00e1o v\u1ecb tr\u00ed c\u1ee7a b\u1ea1n \u0111\u1ebfn c\u00e1c li\u00ean h\u1ec7 kh\u1ea9n c\u1ea5p.<\/li>\n<\/ul>\n<\/li>\n<li data-sourcepos=\"22:1-28:110\"><strong>K\u1ebf Ho\u1ea1ch Luy\u1ec7n T\u1eadp C\u00e1 Nh\u00e2n H\u00f3a:<\/strong>\n<ul data-sourcepos=\"23:5-28:110\">\n<li data-sourcepos=\"23:5-23:141\"><strong>Luy\u1ec7n T\u1eadp T\u00f9y Ch\u1ec9nh:<\/strong> T\u1ea1o v\u00e0 tu\u00e2n theo c\u00e1c k\u1ebf ho\u1ea1ch luy\u1ec7n t\u1eadp \u0111\u01b0\u1ee3c c\u00e1 nh\u00e2n h\u00f3a, ph\u00f9 h\u1ee3p v\u1edbi hi\u1ec7u su\u1ea5t v\u00e0 th\u1eddi gian ph\u1ee5c h\u1ed3i c\u1ee7a b\u1ea1n.<\/li>\n<li data-sourcepos=\"24:5-24:128\"><strong>Loa T\u00edch H\u1ee3p:<\/strong> Nghe c\u00e1c h\u01b0\u1edbng d\u1eabn luy\u1ec7n t\u1eadp v\u00e0 ch\u1ec9 \u0111\u01b0\u1eddng \u0111i\u1ec1u h\u01b0\u1edbng qua loa t\u00edch h\u1ee3p, gi\u00fap b\u1ea1n t\u1eadp trung v\u00e0o chuy\u1ebfn \u0111i.<\/li>\n<li data-sourcepos=\"25:5-25:152\"><strong>Tr\u1ea1ng Th\u00e1i Luy\u1ec7n T\u1eadp:<\/strong> \u0110\u00e1nh gi\u00e1 hi\u1ec7u qu\u1ea3 c\u1ee7a vi\u1ec7c luy\u1ec7n t\u1eadp v\u00e0 xem li\u1ec7u b\u1ea1n c\u00f3 \u0111ang t\u1eadp luy\u1ec7n qu\u00e1 s\u1ee9c, duy tr\u00ec hay \u0111\u1ea1t \u0111\u01b0\u1ee3c hi\u1ec7u su\u1ea5t cao nh\u1ea5t.<\/li>\n<li data-sourcepos=\"26:5-26:107\"><strong>Th\u00edch Nghi Nhi\u1ec7t \u0110\u1ed9 &amp; \u0110\u1ed9 Cao:<\/strong> Theo d\u00f5i kh\u1ea3 n\u0103ng th\u00edch nghi c\u1ee7a c\u01a1 th\u1ec3 v\u1edbi nhi\u1ec7t \u0111\u1ed9 v\u00e0 \u0111\u1ed9 cao.<\/li>\n<li data-sourcepos=\"27:5-27:131\"><strong>So S\u00e1nh Kh\u1ea3 N\u0103ng \u0110\u1ea1p Xe:<\/strong> So s\u00e1nh kh\u1ea3 n\u0103ng \u0111\u1ea1p xe c\u1ee7a b\u1ea1n v\u1edbi c\u00e1c y\u00eau c\u1ea7u c\u1ee5 th\u1ec3 c\u1ee7a tuy\u1ebfn \u0111\u01b0\u1eddng \u0111\u1ec3 t\u1ed1i \u01b0u h\u00f3a chi\u1ebfn l\u01b0\u1ee3c.<\/li>\n<li data-sourcepos=\"28:5-28:110\"><strong>\u0110\u1ec1 Xu\u1ea5t B\u00e0i T\u1eadp H\u00e0ng Ng\u00e0y:<\/strong> Nh\u1eadn c\u00e1c \u0111\u1ec1 xu\u1ea5t b\u00e0i t\u1eadp d\u1ef1a tr\u00ean VO2 max v\u00e0 t\u1ea3i tr\u1ecdng luy\u1ec7n t\u1eadp c\u1ee7a b\u1ea1n.<\/li>\n<\/ul>\n<\/li>\n<li data-sourcepos=\"29:1-33:128\"><strong>\u0110i\u1ec1u H\u01b0\u1edbng &amp; B\u1ea3n \u0110\u1ed3 Chuy\u00ean Nghi\u1ec7p:<\/strong>\n<ul data-sourcepos=\"30:5-33:128\">\n<li data-sourcepos=\"30:5-30:146\"><strong>\u0110\u1ecbnh Tuy\u1ebfn Ph\u1ed5 Bi\u1ebfn (Trendline Popularity Routing):<\/strong> T\u00ecm ki\u1ebfm v\u00e0 kh\u00e1m ph\u00e1 c\u00e1c tuy\u1ebfn \u0111\u01b0\u1eddng ph\u1ed5 bi\u1ebfn nh\u1ea5t \u0111\u01b0\u1ee3c ng\u01b0\u1eddi d\u00f9ng Garmin y\u00eau th\u00edch.<\/li>\n<li data-sourcepos=\"31:5-31:142\"><strong>B\u1ea3n \u0110\u1ed3 T\u1ea3i S\u1eb5n:<\/strong> \u0110i k\u00e8m v\u1edbi b\u1ea3n \u0111\u1ed3 \u0111\u01b0\u1ee3c t\u1ea3i s\u1eb5n, bao g\u1ed3m d\u1eef li\u1ec7u \u0111\u01b0\u1eddng m\u00f2n tr\u00ean to\u00e0n th\u1ebf gi\u1edbi, gi\u00fap b\u1ea1n t\u1ef1 tin kh\u00e1m ph\u00e1 m\u1ecdi \u0111\u1ecba h\u00ecnh.<\/li>\n<li data-sourcepos=\"32:5-32:151\"><strong>Stamina Theo Th\u1eddi Gian Th\u1ef1c &amp; H\u01b0\u1edbng D\u1eabn C\u00f4ng Su\u1ea5t:<\/strong> Theo d\u00f5i s\u1ee9c b\u1ec1n c\u00f2n l\u1ea1i v\u00e0 nh\u1eadn h\u01b0\u1edbng d\u1eabn v\u1ec1 c\u00f4ng su\u1ea5t m\u1ee5c ti\u00eau trong su\u1ed1t chuy\u1ebfn \u0111i.<\/li>\n<li data-sourcepos=\"33:5-33:128\"><strong>ClimbPro:<\/strong> T\u1ef1 \u0111\u1ed9ng hi\u1ec3n th\u1ecb \u0111\u1ed9 d\u1ed1c, qu\u00e3ng \u0111\u01b0\u1eddng v\u00e0 \u0111\u1ed9 cao c\u00f2n l\u1ea1i khi b\u1ea1n leo d\u1ed1c, gi\u00fap b\u1ea1n ph\u00e2n ph\u1ed1i s\u1ee9c l\u1ef1c hi\u1ec7u qu\u1ea3.<\/li>\n<\/ul>\n<\/li>\n<li data-sourcepos=\"34:1-37:152\"><strong>T\u00ednh N\u0103ng \u0110\u1ea1p Xe N\u00e2ng Cao:<\/strong>\n<ul data-sourcepos=\"35:5-37:152\">\n<li data-sourcepos=\"35:5-35:164\"><strong>\u0110\u1ed9ng L\u1ef1c \u0110\u1ea1p Xe N\u00e2ng Cao &amp; \u0110\u1ed9ng L\u1ef1c MTB:<\/strong> Ph\u00e2n t\u00edch chi ti\u1ebft \u0111\u1ed9ng l\u1ef1c \u0111\u1ea1p xe c\u1ee7a b\u1ea1n, bao g\u1ed3m c\u00e1c ch\u1ec9 s\u1ed1 chuy\u00ean bi\u1ec7t cho xe \u0111\u1ea1p leo n\u00fai (MTB Dynamics).<\/li>\n<li data-sourcepos=\"36:5-36:159\"><strong>Ch\u1ec9 S\u1ed1 Grit v\u00e0 Flow:<\/strong> C\u00e1c ch\u1ec9 s\u1ed1 \u0111\u1ed9c \u0111\u00e1o d\u00e0nh cho xe \u0111\u1ea1p leo n\u00fai, \u0111o l\u01b0\u1eddng \u0111\u1ed9 kh\u00f3 c\u1ee7a chuy\u1ebfn \u0111i (Grit) v\u00e0 m\u1ee9c \u0111\u1ed9 m\u01b0\u1ee3t m\u00e0 c\u1ee7a b\u1ea1n khi xu\u1ed1ng d\u1ed1c (Flow).<\/li>\n<li data-sourcepos=\"37:5-37:152\"><strong>\u0110i\u1ec1u H\u01b0\u1edbng Theo L\u01b0\u1ee3t &amp; Quay V\u1ec1 \u0110i\u1ec3m B\u1eaft \u0110\u1ea7u:<\/strong> H\u01b0\u1edbng d\u1eabn \u0111i\u1ec1u h\u01b0\u1edbng chi ti\u1ebft t\u1eebng ch\u1eb7ng v\u00e0 kh\u1ea3 n\u0103ng quay v\u1ec1 \u0111i\u1ec3m xu\u1ea5t ph\u00e1t m\u1ed9t c\u00e1ch d\u1ec5 d\u00e0ng.<\/li>\n<\/ul>\n<\/li>\n<li data-sourcepos=\"38:1-42:0\"><strong>Ch\u0103m S\u00f3c S\u1ee9c Kh\u1ecfe &amp; An To\u00e0n:<\/strong>\n<ul data-sourcepos=\"39:5-42:0\">\n<li data-sourcepos=\"39:5-39:104\"><strong>Nh\u1eafc Nh\u1edf N\u01b0\u1edbc v\u00e0 Dinh D\u01b0\u1ee1ng:<\/strong> Nh\u1eadn nh\u1eafc nh\u1edf \u0111\u1ec3 b\u1ed5 sung n\u01b0\u1edbc v\u00e0 dinh d\u01b0\u1ee1ng trong su\u1ed1t chuy\u1ebfn \u0111i.<\/li>\n<li data-sourcepos=\"40:5-40:139\"><strong>T\u01b0\u01a1ng Th\u00edch Varia:<\/strong> K\u1ebft n\u1ed1i v\u1edbi c\u00e1c thi\u1ebft b\u1ecb Garmin Varia (nh\u01b0 radar v\u00e0 \u0111\u00e8n xe \u0111\u1ea1p) \u0111\u1ec3 t\u0103ng c\u01b0\u1eddng nh\u1eadn th\u1ee9c t\u00ecnh hu\u1ed1ng v\u00e0 an to\u00e0n.<\/li>\n<li data-sourcepos=\"41:5-42:0\"><strong>Ph\u00e1t Hi\u1ec7n S\u1ef1 C\u1ed1:<\/strong> Khi c\u00f3 s\u1ef1 c\u1ed1, thi\u1ebft b\u1ecb s\u1ebd t\u1ef1 \u0111\u1ed9ng g\u1eedi v\u1ecb tr\u00ed c\u1ee7a b\u1ea1n \u0111\u1ebfn c\u00e1c li\u00ean h\u1ec7 kh\u1ea9n c\u1ea5p.<\/li>\n<\/ul>\n<\/li>\n<\/ul>\n","protected":false},"excerpt":{"rendered":"<p><strong>\u2282\u2329 B\u1ea2O H\u00c0NH CH\u00cdNH H\u00c3NG 2 N\u0102M \u232a\u2283<\/strong><\/p>\n<p><strong>\u260e Li\u00ean h\u1ec7 t\u01b0 v\u1ea5n : 0972 658 351 \u2013\u00a0 0962 846 820 (g\u1ecdi tr\u1ef1c ti\u1ebfp ho\u1eb7c Zalo).<\/strong><\/p>\n","protected":false},"featured_media":3545,"comment_status":"open","ping_status":"closed","template":"","meta":[],"product_cat":[37],"product_tag":[],"class_list":{"0":"post-3539","1":"product","2":"type-product","3":"status-publish","4":"has-post-thumbnail","6":"product_cat-gps-dan-duong-xe-dap","8":"first","9":"instock","10":"sale","11":"featured","12":"shipping-taxable","13":"purchasable","14":"product-type-simple"},"_links":{"self":[{"href":"https:\/\/gpsgarmin.vn\/index.php?rest_route=\/wp\/v2\/product\/3539","targetHints":{"allow":["GET"]}}],"collection":[{"href":"https:\/\/gpsgarmin.vn\/index.php?rest_route=\/wp\/v2\/product"}],"about":[{"href":"https:\/\/gpsgarmin.vn\/index.php?rest_route=\/wp\/v2\/types\/product"}],"replies":[{"embeddable":true,"href":"https:\/\/gpsgarmin.vn\/index.php?rest_route=%2Fwp%2Fv2%2Fcomments&post=3539"}],"version-history":[{"count":6,"href":"https:\/\/gpsgarmin.vn\/index.php?rest_route=\/wp\/v2\/product\/3539\/revisions"}],"predecessor-version":[{"id":3547,"href":"https:\/\/gpsgarmin.vn\/index.php?rest_route=\/wp\/v2\/product\/3539\/revisions\/3547"}],"wp:featuredmedia":[{"embeddable":true,"href":"https:\/\/gpsgarmin.vn\/index.php?rest_route=\/wp\/v2\/media\/3545"}],"wp:attachment":[{"href":"https:\/\/gpsgarmin.vn\/index.php?rest_route=%2Fwp%2Fv2%2Fmedia&parent=3539"}],"wp:term":[{"taxonomy":"product_cat","embeddable":true,"href":"https:\/\/gpsgarmin.vn\/index.php?rest_route=%2Fwp%2Fv2%2Fproduct_cat&post=3539"},{"taxonomy":"product_tag","embeddable":true,"href":"https:\/\/gpsgarmin.vn\/index.php?rest_route=%2Fwp%2Fv2%2Fproduct_tag&post=3539"}],"curies":[{"name":"wp","href":"https:\/\/api.w.org\/{rel}","templated":true}]}}