{"id":3536,"date":"2025-06-10T17:30:31","date_gmt":"2025-06-10T10:30:31","guid":{"rendered":"http:\/\/demo.garminvietnam.vn\/?post_type=product&#038;p=3536"},"modified":"2025-09-26T17:14:37","modified_gmt":"2025-09-26T10:14:37","slug":"garmin-edge-840-solar","status":"publish","type":"product","link":"https:\/\/gpsgarmin.vn\/?product=garmin-edge-840-solar","title":{"rendered":"Garmin Edge 840 Solar"},"content":{"rendered":"<h2 data-sourcepos=\"7:1-7:63\"><strong>Garmin <a href=\"https:\/\/gpsgarmin.vn\/?product=garmin-edge-840-solar\">Edge 840 Solar<\/a> &#8211; N\u00e2ng T\u1ea7m Tr\u1ea3i Nghi\u1ec7m \u0110\u1ea1p Xe C\u1ee7a B\u1ea1n<\/strong><\/h2>\n<p data-sourcepos=\"11:1-11:510\">Ch\u00e0o m\u1eebng b\u1ea1n \u0111\u1ebfn v\u1edbi k\u1ef7 nguy\u00ean m\u1edbi c\u1ee7a \u0111\u1ea1p xe v\u1edbi Garmin <a href=\"https:\/\/gpsgarmin.vn\/?product=garmin-edge-840-solar\">Edge 840 Solar<\/a> \u2013 chi\u1ebfc m\u00e1y t\u00ednh GPS xe \u0111\u1ea1p ti\u00ean ti\u1ebfn \u0111\u01b0\u1ee3c thi\u1ebft k\u1ebf \u0111\u1ec3 mang l\u1ea1i hi\u1ec7u su\u1ea5t v\u01b0\u1ee3t tr\u1ed9i v\u00e0 tr\u1ea3i nghi\u1ec7m kh\u00f4ng gi\u1edbi h\u1ea1n. V\u1edbi c\u00f4ng ngh\u1ec7 s\u1ea1c n\u0103ng l\u01b0\u1ee3ng m\u1eb7t tr\u1eddi \u0111\u1ed9t ph\u00e1, m\u00e0n h\u00ecnh c\u1ea3m \u1ee9ng nh\u1ea1y b\u00e9n k\u1ebft h\u1ee3p c\u00e1c n\u00fat \u0111i\u1ec1u khi\u1ec3n v\u1eadt l\u00fd ti\u1ec7n l\u1ee3i, c\u00f9ng h\u00e0ng lo\u1ea1t t\u00ednh n\u0103ng th\u00f4ng minh, <a href=\"https:\/\/gpsgarmin.vn\/?product=garmin-edge-840-solar\">Edge 840 Solar<\/a> kh\u00f4ng ch\u1ec9 l\u00e0 m\u1ed9t thi\u1ebft b\u1ecb \u0111\u1ecbnh v\u1ecb m\u00e0 c\u00f2n l\u00e0 tr\u1ee3 l\u00fd \u0111\u1eafc l\u1ef1c gi\u00fap b\u1ea1n chinh ph\u1ee5c m\u1ecdi cung \u0111\u01b0\u1eddng, t\u1eeb nh\u1eefng chuy\u1ebfn \u0111i h\u00e0ng ng\u00e0y \u0111\u1ebfn c\u00e1c cu\u1ed9c \u0111ua kh\u1eafc nghi\u1ec7t.<\/p>\n<p data-sourcepos=\"11:1-11:510\"><img fetchpriority=\"high\" decoding=\"async\" class=\"app__feature__card__image\" src=\"https:\/\/res.garmin.com\/vi_VN\/products\/010-02694-08\/g\/edge840-solar-vnfeature-03.jpg\" alt=\"\" width=\"390\" height=\"439\" \/><img decoding=\"async\" class=\"app__feature__card__image\" src=\"https:\/\/res.garmin.com\/vi_VN\/products\/010-02694-08\/g\/edge840-solar-vnfeature-04.jpg\" alt=\"\" width=\"391\" height=\"440\" \/><img decoding=\"async\" class=\"app__feature__card__image\" src=\"https:\/\/res.garmin.com\/vi_VN\/products\/010-02694-08\/g\/edge840-solar-vnfeature-05.jpg\" alt=\"\" width=\"390\" height=\"439\" \/><\/p>\n<h3 data-sourcepos=\"13:1-13:22\"><strong>T\u00ednh n\u0103ng n\u1ed5i b\u1eadt:<\/strong><\/h3>\n<ul data-sourcepos=\"15:1-55:0\">\n<li data-sourcepos=\"15:1-17:102\"><strong>S\u1ea1c N\u0103ng L\u01b0\u1ee3ng M\u1eb7t Tr\u1eddi Power Glass\u2122:<\/strong>\n<ul data-sourcepos=\"16:5-17:102\">\n<li data-sourcepos=\"16:5-16:192\">K\u00e9o d\u00e0i th\u1eddi gian s\u1eed d\u1ee5ng pin l\u00ean \u0111\u1ebfn 32 gi\u1edd \u1edf ch\u1ebf \u0111\u1ed9 s\u1eed d\u1ee5ng chuy\u00ean s\u00e2u ho\u1eb7c l\u00ean \u0111\u1ebfn 60 gi\u1edd \u1edf ch\u1ebf \u0111\u1ed9 ti\u1ebft ki\u1ec7m pin, gi\u00fap b\u1ea1n tho\u1ea3i m\u00e1i th\u1ef1c hi\u1ec7n nh\u1eefng chuy\u1ebfn \u0111i d\u00e0i m\u00e0 kh\u00f4ng lo h\u1ebft pin.<\/li>\n<li data-sourcepos=\"17:5-17:102\">T\u1eadn d\u1ee5ng \u00e1nh n\u1eafng m\u1eb7t tr\u1eddi \u0111\u1ec3 li\u00ean t\u1ee5c cung c\u1ea5p n\u0103ng l\u01b0\u1ee3ng, gi\u1ea3m thi\u1ec3u nhu c\u1ea7u s\u1ea1c th\u01b0\u1eddng xuy\u00ean.<\/li>\n<\/ul>\n<\/li>\n<li data-sourcepos=\"18:1-20:68\"><strong>\u0110\u1ecbnh V\u1ecb GNSS \u0110a B\u0103ng T\u1ea7n:<\/strong>\n<ul data-sourcepos=\"19:5-20:68\">\n<li data-sourcepos=\"19:5-19:195\">H\u1ed7 tr\u1ee3 nhi\u1ec1u h\u1ec7 th\u1ed1ng v\u1ec7 tinh (GPS, GLONASS, Galileo) v\u00e0 c\u00f4ng ngh\u1ec7 \u0111a b\u0103ng t\u1ea7n, cung c\u1ea5p \u0111\u1ed9 ch\u00ednh x\u00e1c \u0111\u1ecbnh v\u1ecb v\u01b0\u1ee3t tr\u1ed9i ngay c\u1ea3 trong nh\u1eefng m\u00f4i tr\u01b0\u1eddng kh\u00f3 kh\u0103n nh\u01b0 h\u1ebbm n\u00fai s\u00e2u hay r\u1eebng r\u1eadm.<\/li>\n<li data-sourcepos=\"20:5-20:68\">Gi\u00fap b\u1ea1n lu\u00f4n bi\u1ebft ch\u00ednh x\u00e1c v\u1ecb tr\u00ed c\u1ee7a m\u00ecnh v\u00e0 \u0111i \u0111\u00fang h\u01b0\u1edbng.<\/li>\n<\/ul>\n<\/li>\n<li data-sourcepos=\"21:1-23:62\"><strong>M\u00e0n H\u00ecnh C\u1ea3m \u1ee8ng &amp; N\u00fat \u0110i\u1ec1u Khi\u1ec3n:<\/strong>\n<ul data-sourcepos=\"22:5-23:62\">\n<li data-sourcepos=\"22:5-22:219\">S\u1ef1 k\u1ebft h\u1ee3p ho\u00e0n h\u1ea3o gi\u1eefa m\u00e0n h\u00ecnh c\u1ea3m \u1ee9ng nh\u1ea1y b\u00e9n v\u00e0 c\u00e1c n\u00fat \u0111i\u1ec1u khi\u1ec3n v\u1eadt l\u00fd cho ph\u00e9p b\u1ea1n thao t\u00e1c linh ho\u1ea1t, d\u1ec5 d\u00e0ng \u0111i\u1ec1u h\u01b0\u1edbng menu, xem b\u1ea3n \u0111\u1ed3 v\u00e0 \u0111i\u1ec1u ch\u1ec9nh c\u00e0i \u0111\u1eb7t ngay c\u1ea3 khi \u0111ang \u0111\u1ea1p xe ho\u1eb7c \u0111eo g\u0103ng tay.<\/li>\n<li data-sourcepos=\"23:5-23:62\">M\u00e0n h\u00ecnh m\u00e0u r\u00f5 n\u00e9t, d\u1ec5 \u0111\u1ecdc d\u01b0\u1edbi m\u1ecdi \u0111i\u1ec1u ki\u1ec7n \u00e1nh s\u00e1ng.<\/li>\n<\/ul>\n<\/li>\n<li data-sourcepos=\"24:1-26:74\"><strong>Ch\u1ec9 D\u1eabn T\u1eadp Luy\u1ec7n Th\u00edch \u1ee8ng:<\/strong>\n<ul data-sourcepos=\"25:5-26:74\">\n<li data-sourcepos=\"25:5-25:134\">Nh\u1eadn c\u00e1c g\u1ee3i \u00fd t\u1eadp luy\u1ec7n h\u00e0ng ng\u00e0y d\u1ef1a tr\u00ean t\u1ea3i luy\u1ec7n t\u1eadp hi\u1ec7n t\u1ea1i, kh\u1ea3 n\u0103ng ph\u1ee5c h\u1ed3i v\u00e0 c\u00e1c s\u1ef1 ki\u1ec7n s\u1eafp t\u1edbi trong l\u1ecbch c\u1ee7a b\u1ea1n.<\/li>\n<li data-sourcepos=\"26:5-26:74\">Gi\u00fap b\u1ea1n t\u1ed1i \u01b0u h\u00f3a hi\u1ec7u qu\u1ea3 t\u1eadp luy\u1ec7n v\u00e0 \u0111\u1ea1t \u0111\u01b0\u1ee3c m\u1ee5c ti\u00eau c\u00e1 nh\u00e2n.<\/li>\n<\/ul>\n<\/li>\n<li data-sourcepos=\"27:1-29:90\"><strong>Ch\u1ec9 D\u1eabn S\u1ee9c B\u1ec1n Th\u1eddi Gian Th\u1ef1c (Stamina Insights):<\/strong>\n<ul data-sourcepos=\"28:5-29:90\">\n<li data-sourcepos=\"28:5-28:78\">Theo d\u00f5i v\u00e0 hi\u1ec3u r\u00f5 m\u1ee9c \u0111\u1ed9 s\u1ee9c b\u1ec1n c\u00f2n l\u1ea1i c\u1ee7a b\u1ea1n trong th\u1eddi gian th\u1ef1c.<\/li>\n<li data-sourcepos=\"29:5-29:90\">Gi\u00fap b\u1ea1n qu\u1ea3n l\u00fd n\u1ed7 l\u1ef1c hi\u1ec7u qu\u1ea3 h\u01a1n, tr\u00e1nh ki\u1ec7t s\u1ee9c qu\u00e1 s\u1edbm v\u00e0 ho\u00e0n th\u00e0nh m\u1ee5c ti\u00eau.<\/li>\n<\/ul>\n<\/li>\n<li data-sourcepos=\"30:1-32:89\"><strong>T\u00ednh N\u0103ng \u0110\u1ed9ng L\u1ef1c \u0110\u1ea1p Xe N\u00e2ng Cao:<\/strong>\n<ul data-sourcepos=\"31:5-32:89\">\n<li data-sourcepos=\"31:5-31:144\">Ph\u00e2n t\u00edch c\u00e1c ch\u1ec9 s\u1ed1 \u0111\u1ea1p xe quan tr\u1ecdng nh\u01b0 c\u00f4ng su\u1ea5t, ph\u00e2n b\u1ed5 l\u1ef1c gi\u1eefa hai ch\u00e2n, hi\u1ec7u su\u1ea5t \u0111\u1ea1p (khi k\u1ebft n\u1ed1i v\u1edbi c\u00e1c c\u1ea3m bi\u1ebfn t\u01b0\u01a1ng th\u00edch).<\/li>\n<li data-sourcepos=\"32:5-32:89\">Cung c\u1ea5p c\u00e1i nh\u00ecn s\u00e2u s\u1eafc v\u1ec1 hi\u1ec7u su\u1ea5t c\u1ee7a b\u1ea1n \u0111\u1ec3 \u0111i\u1ec1u ch\u1ec9nh k\u1ef9 thu\u1eadt v\u00e0 c\u1ea3i thi\u1ec7n.<\/li>\n<\/ul>\n<\/li>\n<li data-sourcepos=\"33:1-35:69\"><strong>\u0110o L\u01b0\u1eddng VO2 Max cho \u0110\u1ea1p Xe:<\/strong>\n<ul data-sourcepos=\"34:5-35:69\">\n<li data-sourcepos=\"34:5-34:72\">\u01af\u1edbc t\u00ednh m\u1ee9c \u0111\u1ed9 th\u1ec3 ch\u1ea5t hi\u1ebfu kh\u00ed c\u1ee7a b\u1ea1n d\u1ef1a tr\u00ean d\u1eef li\u1ec7u \u0111\u1ea1p xe.<\/li>\n<li data-sourcepos=\"35:5-35:69\">Gi\u00fap b\u1ea1n theo d\u00f5i s\u1ef1 ti\u1ebfn b\u1ed9 v\u00e0 \u0111\u1eb7t m\u1ee5c ti\u00eau luy\u1ec7n t\u1eadp ph\u00f9 h\u1ee3p.<\/li>\n<\/ul>\n<\/li>\n<li data-sourcepos=\"36:1-38:77\"><strong>Ch\u1ee9c N\u0103ng ClimbPro:<\/strong>\n<ul data-sourcepos=\"37:5-38:77\">\n<li data-sourcepos=\"37:5-37:142\">T\u1ef1 \u0111\u1ed9ng hi\u1ec3n th\u1ecb c\u00e1c th\u00f4ng tin chi ti\u1ebft v\u1ec1 \u0111\u1ed9 d\u1ed1c, qu\u00e3ng \u0111\u01b0\u1eddng c\u00f2n l\u1ea1i v\u00e0 \u0111\u1ed9 t\u0103ng \u0111\u1ed9 cao c\u1ee7a nh\u1eefng \u0111o\u1ea1n leo d\u1ed1c tr\u00ean cung \u0111\u01b0\u1eddng c\u1ee7a b\u1ea1n.<\/li>\n<li data-sourcepos=\"38:5-38:77\">Gi\u00fap b\u1ea1n chu\u1ea9n b\u1ecb t\u00e2m l\u00fd v\u00e0 ph\u00e2n b\u1ed5 s\u1ee9c l\u1ef1c hi\u1ec7u qu\u1ea3 cho t\u1eebng \u0111o\u1ea1n leo.<\/li>\n<\/ul>\n<\/li>\n<li data-sourcepos=\"39:1-42:58\"><strong>B\u1ea3n \u0110\u1ed3 Garmin Cycle Map:<\/strong>\n<ul data-sourcepos=\"40:5-42:58\">\n<li data-sourcepos=\"40:5-40:93\">T\u00edch h\u1ee3p s\u1eb5n b\u1ea3n \u0111\u1ed3 \u0111\u01b0\u1eddng \u0111i chuy\u00ean d\u1ee5ng cho xe \u0111\u1ea1p v\u1edbi kh\u1ea3 n\u0103ng \u0111i\u1ec1u h\u01b0\u1edbng t\u1eebng ch\u1eb7ng.<\/li>\n<li data-sourcepos=\"41:5-41:97\">Bao g\u1ed3m c\u00e1c \u0111i\u1ec3m POI (\u0111i\u1ec3m quan t\u00e2m) d\u00e0nh cho ng\u01b0\u1eddi \u0111i xe \u0111\u1ea1p v\u00e0 kh\u1ea3 n\u0103ng t\u00ecm ki\u1ebfm \u0111\u1ecba ch\u1ec9.<\/li>\n<li data-sourcepos=\"42:5-42:58\">H\u1ed7 tr\u1ee3 t\u1ea3i xu\u1ed1ng b\u1ea3n \u0111\u1ed3 khu v\u1ef1c mi\u1ec5n ph\u00ed qua Wi-Fi\u00ae.<\/li>\n<\/ul>\n<\/li>\n<li data-sourcepos=\"43:1-45:115\"><strong>\u0110\u1ecbnh Tuy\u1ebfn &amp; Quay L\u1ea1i \u0110i\u1ec3m B\u1eaft \u0110\u1ea7u (Back to Start):<\/strong>\n<ul data-sourcepos=\"44:5-45:115\">\n<li data-sourcepos=\"44:5-44:110\">L\u00ean k\u1ebf ho\u1ea1ch v\u00e0 t\u1ea1o c\u00e1c tuy\u1ebfn \u0111\u01b0\u1eddng m\u1edbi tr\u1ef1c ti\u1ebfp tr\u00ean thi\u1ebft b\u1ecb ho\u1eb7c th\u00f4ng qua \u1ee9ng d\u1ee5ng Garmin Connect\u2122.<\/li>\n<li data-sourcepos=\"45:5-45:115\">T\u00ednh n\u0103ng Back to Start gi\u00fap b\u1ea1n d\u1ec5 d\u00e0ng quay tr\u1edf l\u1ea1i \u0111i\u1ec3m xu\u1ea5t ph\u00e1t n\u1ebfu b\u1ecb l\u1ea1c ho\u1eb7c mu\u1ed1n k\u1ebft th\u00fac chuy\u1ebfn \u0111i.<\/li>\n<\/ul>\n<\/li>\n<li data-sourcepos=\"46:1-51:159\"><strong>K\u1ebft N\u1ed1i &amp; An To\u00e0n:<\/strong>\n<ul data-sourcepos=\"47:5-51:159\">\n<li data-sourcepos=\"47:5-47:155\"><strong>Ph\u00e1t hi\u1ec7n s\u1ef1 c\u1ed1 &amp; H\u1ed7 tr\u1ee3:<\/strong> T\u1ef1 \u0111\u1ed9ng g\u1eedi tin nh\u1eafn v\u00e0 v\u1ecb tr\u00ed c\u1ee7a b\u1ea1n \u0111\u1ebfn c\u00e1c li\u00ean h\u1ec7 kh\u1ea9n c\u1ea5p \u0111\u00e3 \u0111\u01b0\u1ee3c thi\u1ebft l\u1eadp trong tr\u01b0\u1eddng h\u1ee3p ph\u00e1t hi\u1ec7n s\u1ef1 c\u1ed1.<\/li>\n<li data-sourcepos=\"48:5-48:155\"><strong>T\u01b0\u01a1ng th\u00edch Varia\u2122:<\/strong> K\u1ebft n\u1ed1i v\u1edbi \u0111\u00e8n chi\u1ebfu s\u00e1ng v\u00e0 radar chi\u1ebfu h\u1eadu Varia c\u1ee7a Garmin \u0111\u1ec3 t\u0103ng c\u01b0\u1eddng kh\u1ea3 n\u0103ng nh\u00ecn th\u1ea5y v\u00e0 \u0111\u01b0\u1ee3c nh\u00ecn th\u1ea5y tr\u00ean \u0111\u01b0\u1eddng.<\/li>\n<li data-sourcepos=\"49:5-49:81\"><strong>Kh\u00f3a Pin (Pin Lock):<\/strong> \u0110\u1eb7t m\u00e3 PIN cho thi\u1ebft b\u1ecb \u0111\u1ec3 b\u1ea3o v\u1ec7 d\u1eef li\u1ec7u c\u00e1 nh\u00e2n.<\/li>\n<li data-sourcepos=\"50:5-50:146\"><strong>T\u00ecm Edge c\u1ee7a t\u00f4i (Find My Edge):<\/strong> N\u1ebfu thi\u1ebft b\u1ecb b\u1ecb r\u01a1i, b\u1ea1n c\u00f3 th\u1ec3 s\u1eed d\u1ee5ng \u1ee9ng d\u1ee5ng Garmin Connect \u0111\u1ec3 x\u00e1c \u0111\u1ecbnh v\u1ecb tr\u00ed g\u1ea7n \u0111\u00e2y nh\u1ea5t c\u1ee7a n\u00f3.<\/li>\n<li data-sourcepos=\"51:5-51:159\"><strong>Nh\u1eafn tin nh\u00f3m &amp; GroupTrack:<\/strong> Gi\u1eef li\u00ean l\u1ea1c v\u1edbi nh\u00f3m c\u1ee7a b\u1ea1n v\u00e0 theo d\u00f5i v\u1ecb tr\u00ed c\u1ee7a h\u1ecd trong th\u1eddi gian th\u1ef1c (khi k\u1ebft n\u1ed1i v\u1edbi \u0111i\u1ec7n tho\u1ea1i th\u00f4ng minh).<\/li>\n<\/ul>\n<\/li>\n<li data-sourcepos=\"52:1-55:0\"><strong>T\u00edch h\u1ee3p Garmin Connect\u2122:<\/strong>\n<ul data-sourcepos=\"53:5-55:0\">\n<li data-sourcepos=\"53:5-53:133\">\u0110\u1ed3ng b\u1ed9 h\u00f3a d\u1eef li\u1ec7u t\u1eadp luy\u1ec7n, theo d\u00f5i ti\u1ebfn \u0111\u1ed9, t\u1ea1o c\u00e1c kh\u00f3a h\u1ecdc t\u00f9y ch\u1ec9nh v\u00e0 chia s\u1ebb th\u00e0nh t\u00edch v\u1edbi c\u1ed9ng \u0111\u1ed3ng Garmin Connect.<\/li>\n<li data-sourcepos=\"54:5-55:0\">T\u1ea3i xu\u1ed1ng c\u00e1c \u1ee9ng d\u1ee5ng, widget v\u00e0 tr\u01b0\u1eddng d\u1eef li\u1ec7u b\u1ed5 sung t\u1eeb Connect IQ\u2122 Store.<\/li>\n<\/ul>\n<\/li>\n<\/ul>\n","protected":false},"excerpt":{"rendered":"<p><strong>\u2282\u2329 B\u1ea2O H\u00c0NH CH\u00cdNH H\u00c3NG 2 N\u0102M \u232a\u2283<\/strong><\/p>\n<p><strong>\u260e Li\u00ean h\u1ec7 t\u01b0 v\u1ea5n : 0972 658 351 \u2013\u00a0 0962 846 820 (g\u1ecdi tr\u1ef1c ti\u1ebfp ho\u1eb7c Zalo).<\/strong><\/p>\n","protected":false},"featured_media":3537,"comment_status":"open","ping_status":"closed","template":"","meta":[],"product_cat":[37],"product_tag":[],"class_list":{"0":"post-3536","1":"product","2":"type-product","3":"status-publish","4":"has-post-thumbnail","6":"product_cat-gps-dan-duong-xe-dap","8":"first","9":"instock","10":"sale","11":"shipping-taxable","12":"purchasable","13":"product-type-simple"},"_links":{"self":[{"href":"https:\/\/gpsgarmin.vn\/index.php?rest_route=\/wp\/v2\/product\/3536","targetHints":{"allow":["GET"]}}],"collection":[{"href":"https:\/\/gpsgarmin.vn\/index.php?rest_route=\/wp\/v2\/product"}],"about":[{"href":"https:\/\/gpsgarmin.vn\/index.php?rest_route=\/wp\/v2\/types\/product"}],"replies":[{"embeddable":true,"href":"https:\/\/gpsgarmin.vn\/index.php?rest_route=%2Fwp%2Fv2%2Fcomments&post=3536"}],"version-history":[{"count":4,"href":"https:\/\/gpsgarmin.vn\/index.php?rest_route=\/wp\/v2\/product\/3536\/revisions"}],"predecessor-version":[{"id":3594,"href":"https:\/\/gpsgarmin.vn\/index.php?rest_route=\/wp\/v2\/product\/3536\/revisions\/3594"}],"wp:featuredmedia":[{"embeddable":true,"href":"https:\/\/gpsgarmin.vn\/index.php?rest_route=\/wp\/v2\/media\/3537"}],"wp:attachment":[{"href":"https:\/\/gpsgarmin.vn\/index.php?rest_route=%2Fwp%2Fv2%2Fmedia&parent=3536"}],"wp:term":[{"taxonomy":"product_cat","embeddable":true,"href":"https:\/\/gpsgarmin.vn\/index.php?rest_route=%2Fwp%2Fv2%2Fproduct_cat&post=3536"},{"taxonomy":"product_tag","embeddable":true,"href":"https:\/\/gpsgarmin.vn\/index.php?rest_route=%2Fwp%2Fv2%2Fproduct_tag&post=3536"}],"curies":[{"name":"wp","href":"https:\/\/api.w.org\/{rel}","templated":true}]}}