{"id":3523,"date":"2025-06-10T17:12:43","date_gmt":"2025-06-10T10:12:43","guid":{"rendered":"http:\/\/demo.garminvietnam.vn\/?post_type=product&#038;p=3523"},"modified":"2025-09-26T17:14:04","modified_gmt":"2025-09-26T10:14:04","slug":"garmin-edge-840","status":"publish","type":"product","link":"https:\/\/gpsgarmin.vn\/?product=garmin-edge-840","title":{"rendered":"Garmin Edge 840"},"content":{"rendered":"<h2 data-sourcepos=\"5:1-5:54\">Garmin <a href=\"https:\/\/gpsgarmin.vn\/?product=garmin-edge-840\">Edge 840<\/a>: N\u00e2ng T\u1ea7m Tr\u1ea3i Nghi\u1ec7m \u0110\u1ea1p Xe C\u1ee7a B\u1ea1n<\/h2>\n<p data-sourcepos=\"7:1-7:385\">Cho d\u00f9 b\u1ea1n l\u00e0 tay \u0111ua \u0111\u01b0\u1eddng tr\u01b0\u1eddng chuy\u00ean nghi\u1ec7p, ng\u01b0\u1eddi \u0111am m\u00ea leo n\u00fai hay ch\u1ec9 \u0111\u01a1n gi\u1ea3n l\u00e0 y\u00eau th\u00edch nh\u1eefng chuy\u1ebfn \u0111i d\u1ea1o cu\u1ed1i tu\u1ea7n, <strong>Garmin <a href=\"https:\/\/gpsgarmin.vn\/?product=garmin-edge-840\">Edge 840<\/a><\/strong> l\u00e0 ng\u01b0\u1eddi b\u1ea1n \u0111\u1ed3ng h\u00e0nh ho\u00e0n h\u1ea3o, \u0111\u01b0\u1ee3c thi\u1ebft k\u1ebf \u0111\u1ec3 n\u00e2ng cao hi\u1ec7u su\u1ea5t v\u00e0 tr\u1ea3i nghi\u1ec7m \u0111\u1ea1p xe c\u1ee7a b\u1ea1n. V\u1edbi s\u1ef1 k\u1ebft h\u1ee3p ho\u00e0n h\u1ea3o gi\u1eefa c\u00f4ng ngh\u1ec7 hi\u1ec7n \u0111\u1ea1i v\u00e0 giao di\u1ec7n th\u00e2n thi\u1ec7n, Edge 840 gi\u00fap b\u1ea1n chinh ph\u1ee5c m\u1ecdi cung \u0111\u01b0\u1eddng m\u1ed9t c\u00e1ch t\u1ef1 tin.<\/p>\n<p data-sourcepos=\"7:1-7:385\"><img fetchpriority=\"high\" decoding=\"async\" class=\"app__feature__card__image\" src=\"https:\/\/res.garmin.com\/vi_VN\/products\/010-02694-08\/g\/edge840-vnfeature-02.jpg\" alt=\"\" width=\"391\" height=\"440\" \/><img decoding=\"async\" class=\"app__feature__card__image\" src=\"https:\/\/res.garmin.com\/vi_VN\/products\/010-02694-08\/g\/edge840-vnfeature-03.jpg\" alt=\"\" width=\"390\" height=\"439\" \/><img decoding=\"async\" class=\"app__feature__card__image\" src=\"https:\/\/res.garmin.com\/vi_VN\/products\/010-02694-08\/g\/edge840-vnfeature-04.jpg\" alt=\"\" width=\"390\" height=\"439\" \/><\/p>\n<h2 data-sourcepos=\"11:1-11:25\">C\u00e1c Phi\u00ean B\u1ea3n S\u1ea3n Ph\u1ea9m<\/h2>\n<h3 data-sourcepos=\"13:1-13:39\">1. Garmin <a href=\"https:\/\/gpsgarmin.vn\/?product=garmin-edge-840\">Edge 840<\/a> (B\u1ea3n Ti\u00eau Chu\u1ea9n)<\/h3>\n<p data-sourcepos=\"15:1-15:242\">Phi\u00ean b\u1ea3n ti\u00eau chu\u1ea9n c\u1ee7a Edge 840 mang \u0111\u1ebfn t\u1ea5t c\u1ea3 c\u00e1c t\u00ednh n\u0103ng c\u1ed1t l\u00f5i b\u1ea1n c\u1ea7n \u0111\u1ec3 theo d\u00f5i, ph\u00e2n t\u00edch v\u00e0 c\u1ea3i thi\u1ec7n hi\u1ec7u su\u1ea5t \u0111\u1ea1p xe. \u0110\u00e2y l\u00e0 l\u1ef1a ch\u1ecdn l\u00fd t\u01b0\u1edfng cho nh\u1eefng ai mu\u1ed1n m\u1ed9t thi\u1ebft b\u1ecb GPS \u0111\u1ea1p xe m\u1ea1nh m\u1ebd, \u0111\u00e1ng tin c\u1eady v\u1edbi m\u1ee9c gi\u00e1 t\u1ed1i \u01b0u.<\/p>\n<p data-sourcepos=\"17:1-17:21\"><strong>S\u1ea3n ph\u1ea9m bao g\u1ed3m:<\/strong><\/p>\n<ul data-sourcepos=\"19:1-25:0\">\n<li data-sourcepos=\"19:1-19:26\">Thi\u1ebft b\u1ecb Garmin <a href=\"https:\/\/gpsgarmin.vn\/?product=garmin-edge-840\">Edge 840<\/a><\/li>\n<li data-sourcepos=\"20:1-20:19\">Gi\u00e1 \u0111\u1ee1 ti\u00eau chu\u1ea9n<\/li>\n<li data-sourcepos=\"21:1-21:18\">Gi\u00e1 \u0111\u1ee1 m\u1eb7t tr\u01b0\u1edbc<\/li>\n<li data-sourcepos=\"22:1-22:30\">C\u00e1p s\u1ea1c\/truy\u1ec1n d\u1eef li\u1ec7u USB-C<\/li>\n<li data-sourcepos=\"23:1-23:10\">D\u00e2y bu\u1ed9c<\/li>\n<li data-sourcepos=\"24:1-25:0\">T\u00e0i li\u1ec7u h\u01b0\u1edbng d\u1eabn<\/li>\n<\/ul>\n<h3 data-sourcepos=\"26:1-26:44\">2. Garmin <a href=\"https:\/\/gpsgarmin.vn\/?product=garmin-edge-840\">Edge 840 Bundle<\/a> (B\u1ea3n Tr\u1ecdn G\u00f3i)<\/h3>\n<p data-sourcepos=\"28:1-28:278\">N\u1ebfu b\u1ea1n mu\u1ed1n khai th\u00e1c t\u1ed1i \u0111a ti\u1ec1m n\u0103ng c\u1ee7a <a href=\"https:\/\/gpsgarmin.vn\/?product=garmin-edge-840\">Edge 840<\/a> v\u00e0 s\u1eb5n s\u00e0ng cho m\u1ed9t tr\u1ea3i nghi\u1ec7m hu\u1ea5n luy\u1ec7n chuy\u00ean s\u00e2u h\u01a1n, phi\u00ean b\u1ea3n Bundle l\u00e0 d\u00e0nh cho b\u1ea1n. G\u00f3i n\u00e0y \u0111i k\u00e8m v\u1edbi c\u00e1c c\u1ea3m bi\u1ebfn quan tr\u1ecdng, gi\u00fap b\u1ea1n theo d\u00f5i d\u1eef li\u1ec7u sinh l\u00fd h\u1ecdc chi ti\u1ebft v\u00e0 n\u00e2ng cao kh\u1ea3 n\u0103ng ph\u00e2n t\u00edch hi\u1ec7u su\u1ea5t.<\/p>\n<p data-sourcepos=\"30:1-30:21\"><strong>S\u1ea3n ph\u1ea9m bao g\u1ed3m:<\/strong><\/p>\n<ul data-sourcepos=\"32:1-41:0\">\n<li data-sourcepos=\"32:1-32:26\">Thi\u1ebft b\u1ecb Garmin <a href=\"https:\/\/gpsgarmin.vn\/?product=garmin-edge-840\">Edge 840<\/a><\/li>\n<li data-sourcepos=\"33:1-33:19\">Gi\u00e1 \u0111\u1ee1 ti\u00eau chu\u1ea9n<\/li>\n<li data-sourcepos=\"34:1-34:18\">Gi\u00e1 \u0111\u1ee1 m\u1eb7t tr\u01b0\u1edbc<\/li>\n<li data-sourcepos=\"35:1-35:30\">C\u00e1p s\u1ea1c\/truy\u1ec1n d\u1eef li\u1ec7u USB-C<\/li>\n<li data-sourcepos=\"36:1-36:10\">D\u00e2y bu\u1ed9c<\/li>\n<li data-sourcepos=\"37:1-37:20\">T\u00e0i li\u1ec7u h\u01b0\u1edbng d\u1eabn<\/li>\n<li data-sourcepos=\"38:1-38:59\"><strong>C\u1ea3m bi\u1ebfn t\u1ed1c \u0111\u1ed9:<\/strong> Theo d\u00f5i t\u1ed1c \u0111\u1ed9 di chuy\u1ec3n ch\u00ednh x\u00e1c.<\/li>\n<li data-sourcepos=\"39:1-39:54\"><strong>C\u1ea3m bi\u1ebfn nh\u1ecbp:<\/strong> \u0110o s\u1ed1 v\u00f2ng quay b\u00e0n \u0111\u1ea1p m\u1ed7i ph\u00fat.<\/li>\n<li data-sourcepos=\"40:1-41:0\"><strong>D\u00e2y \u0111eo c\u1ea3m bi\u1ebfn nh\u1ecbp tim HRM-Dual\u2122:<\/strong> Cung c\u1ea5p d\u1eef li\u1ec7u nh\u1ecbp tim theo th\u1eddi gian th\u1ef1c \u0111\u1ec3 b\u1ea1n ki\u1ec3m so\u00e1t c\u01b0\u1eddng \u0111\u1ed9 luy\u1ec7n t\u1eadp.<\/li>\n<\/ul>\n<h2 data-sourcepos=\"44:1-44:40\">T\u00ednh N\u0103ng N\u1ed5i B\u1eadt C\u1ee7a Garmin <a href=\"https:\/\/gpsgarmin.vn\/?product=garmin-edge-840\">Edge 840<\/a><\/h2>\n<h3 data-sourcepos=\"46:1-46:40\">1. Hi\u1ec7u Su\u1ea5t \u0110\u1ec9nh Cao, D\u00f9 B\u1ea1n \u0110i \u0110\u00e2u<\/h3>\n<ul data-sourcepos=\"48:1-51:0\">\n<li data-sourcepos=\"48:1-48:203\"><strong>\u0110\u1ecbnh v\u1ecb \u0111a b\u0103ng t\u1ea7n GNSS:<\/strong> H\u1ed7 tr\u1ee3 GPS, GLONASS v\u00e0 Galileo v\u1edbi \u0111\u1ed9 ch\u00ednh x\u00e1c cao, gi\u00fap b\u1ea1n \u0111\u1ecbnh v\u1ecb nhanh ch\u00f3ng v\u00e0 ch\u00ednh x\u00e1c ngay c\u1ea3 trong nh\u1eefng m\u00f4i tr\u01b0\u1eddng kh\u00f3 kh\u0103n nh\u01b0 r\u1eebng r\u1eadm hay th\u00e0nh ph\u1ed1 \u0111\u00f4ng \u0111\u00fac.<\/li>\n<li data-sourcepos=\"49:1-49:262\"><strong>Pin b\u1ec1n b\u1ec9:<\/strong> Th\u1eddi l\u01b0\u1ee3ng pin l\u00ean \u0111\u1ebfn <strong>26 gi\u1edd<\/strong> \u1edf ch\u1ebf \u0111\u1ed9 GPS \u0111\u1ea7y \u0111\u1ee7 v\u00e0 c\u00f3 th\u1ec3 k\u00e9o d\u00e0i t\u1edbi <strong>32 gi\u1edd<\/strong> \u1edf ch\u1ebf \u0111\u1ed9 ti\u1ebft ki\u1ec7m pin, cho ph\u00e9p b\u1ea1n tho\u1ea3i m\u00e1i th\u1ef1c hi\u1ec7n nh\u1eefng chuy\u1ebfn \u0111i d\u00e0i. T\u01b0\u01a1ng th\u00edch v\u1edbi b\u1ed9 pin Garmin Charge\u2122 \u0111\u1ec3 k\u00e9o d\u00e0i th\u1eddi l\u01b0\u1ee3ng pin l\u00ean \u0111\u1ebfn 48 gi\u1edd.<\/li>\n<li data-sourcepos=\"50:1-51:0\"><strong>Ch\u1ea1m ho\u1eb7c n\u00fat b\u1ea5m:<\/strong> <a href=\"https:\/\/gpsgarmin.vn\/?product=garmin-edge-840\">Edge 840<\/a> \u0111\u01b0\u1ee3c trang b\u1ecb c\u1ea3 <strong>m\u00e0n h\u00ecnh c\u1ea3m \u1ee9ng nh\u1ea1y<\/strong> v\u00e0 <strong>c\u00e1c n\u00fat \u0111i\u1ec1u khi\u1ec3n v\u1eadt l\u00fd<\/strong>, mang l\u1ea1i s\u1ef1 linh ho\u1ea1t t\u1ed1i \u0111a khi s\u1eed d\u1ee5ng trong m\u1ecdi \u0111i\u1ec1u ki\u1ec7n th\u1eddi ti\u1ebft ho\u1eb7c khi \u0111ang \u0111eo g\u0103ng tay.<\/li>\n<\/ul>\n<h3 data-sourcepos=\"52:1-52:41\">2. Hu\u1ea5n Luy\u1ec7n V\u00e0 Hi\u1ec7u Su\u1ea5t Chuy\u00ean S\u00e2u<\/h3>\n<ul data-sourcepos=\"54:1-60:0\">\n<li data-sourcepos=\"54:1-54:186\"><strong>Hi\u1ec3u bi\u1ebft v\u1ec1 kh\u1ea3 n\u0103ng \u0111\u1ea1p xe:<\/strong> \u0110\u00e1nh gi\u00e1 \u0111i\u1ec3m m\u1ea1nh, \u0111i\u1ec3m y\u1ebfu c\u1ee7a b\u1ea1n, \u0111\u1ed3ng th\u1eddi cung c\u1ea5p c\u00e1c s\u1ed1 li\u1ec7u li\u00ean quan nh\u01b0 th\u1ec3 l\u1ef1c \u0111\u1ea1p xe v\u00e0 y\u00eau c\u1ea7u kh\u00f3a h\u1ecdc \u0111\u1ec3 gi\u00fap b\u1ea1n t\u1eadp trung c\u1ea3i thi\u1ec7n.<\/li>\n<li data-sourcepos=\"55:1-55:177\"><strong>H\u01b0\u1edbng d\u1eabn th\u00edch \u1ee9ng:<\/strong> Nh\u1eadn c\u00e1c m\u1ee5c ti\u00eau luy\u1ec7n t\u1eadp h\u00e0ng ng\u00e0y v\u00e0 g\u1ee3i \u00fd c\u00e1c bu\u1ed5i t\u1eadp luy\u1ec7n d\u1ef1a tr\u00ean tr\u1ea1ng th\u00e1i luy\u1ec7n t\u1eadp, kh\u1ea3 n\u0103ng ph\u1ee5c h\u1ed3i v\u00e0 c\u00e1c y\u00eau c\u1ea7u c\u1ee7a s\u1ef1 ki\u1ec7n s\u1eafp t\u1edbi.<\/li>\n<li data-sourcepos=\"56:1-56:161\"><strong>Theo d\u00f5i tr\u1ea1ng th\u00e1i luy\u1ec7n t\u1eadp:<\/strong> T\u1ef1 \u0111\u1ed9ng \u0111\u00e1nh gi\u00e1 l\u1ecbch s\u1eed t\u1eadp luy\u1ec7n v\u00e0 c\u00e1c ch\u1ec9 s\u1ed1 hi\u1ec7u su\u1ea5t \u0111\u1ec3 xem li\u1ec7u b\u1ea1n c\u00f3 \u0111ang luy\u1ec7n t\u1eadp hi\u1ec7u qu\u1ea3, \u0111\u1ea1t \u0111\u1ec9nh hay qu\u00e1 s\u1ee9c.<\/li>\n<li data-sourcepos=\"57:1-57:97\"><strong>Ph\u00e2n t\u00edch VO2 Max:<\/strong> Theo d\u00f5i m\u1ee9c \u0111\u1ed9 th\u1ec3 ch\u1ea5t c\u1ee7a b\u1ea1n v\u00e0 xem c\u00e1ch n\u00f3 thay \u0111\u1ed5i theo th\u1eddi gian.<\/li>\n<li data-sourcepos=\"58:1-58:210\"><strong>Dynamics \u0111\u1ea1p xe n\u00e2ng cao:<\/strong> Khi s\u1eed d\u1ee5ng v\u1edbi \u0111\u1ed3ng h\u1ed3 \u0111o \u0111i\u1ec7n (b\u1ea3n bundle), b\u1ea1n c\u00f3 th\u1ec3 theo d\u00f5i c\u00e1c ch\u1ec9 s\u1ed1 nh\u01b0 c\u00e2n b\u1eb1ng ch\u00e2n, th\u1eddi gian ng\u1ed3i\/\u0111\u1ee9ng v\u00e0 b\u00f9 tr\u1eeb giai \u0111o\u1ea1n l\u1ef1c \u0111\u1ec3 hi\u1ec3u r\u00f5 h\u01a1n v\u1ec1 c\u00e1ch \u0111\u1ea1p xe c\u1ee7a b\u1ea1n.<\/li>\n<li data-sourcepos=\"59:1-60:0\"><strong>Theo d\u00f5i ClimbPro:<\/strong> T\u1ef1 \u0111\u1ed9ng hi\u1ec3n th\u1ecb ph\u1ea7n c\u00f2n l\u1ea1i c\u1ee7a \u0111o\u1ea1n leo d\u1ed1c v\u00e0 \u0111\u1ed9 d\u1ed1c khi b\u1ea1n \u0111i theo tuy\u1ebfn \u0111\u01b0\u1eddng ho\u1eb7c kh\u00f3a h\u1ecdc, gi\u00fap b\u1ea1n \u0111i\u1ec1u ch\u1ec9nh s\u1ee9c l\u1ef1c h\u1ee3p l\u00fd.<\/li>\n<\/ul>\n<h3 data-sourcepos=\"61:1-61:41\">3. \u0110i\u1ec1u H\u01b0\u1edbng V\u00e0 Kh\u00e1m Ph\u00e1 Tuy\u1ebfn \u0110\u01b0\u1eddng<\/h3>\n<ul data-sourcepos=\"63:1-67:0\">\n<li data-sourcepos=\"63:1-63:167\"><strong>B\u1ea3n \u0111\u1ed3 Garmin Cycle Map:<\/strong> \u0110i k\u00e8m v\u1edbi b\u1ea3n \u0111\u1ed3 Garmin Cycle Map \u0111\u01b0\u1ee3c t\u1ea3i s\u1eb5n, cung c\u1ea5p th\u00f4ng tin v\u1ec1 c\u00e1c tuy\u1ebfn \u0111\u01b0\u1eddng ph\u1ed5 bi\u1ebfn v\u00e0 d\u1ec5 d\u00e0ng t\u00ecm ki\u1ebfm POI (\u0111i\u1ec3m quan t\u00e2m).<\/li>\n<li data-sourcepos=\"64:1-64:100\"><strong>\u0110i\u1ec1u h\u01b0\u1edbng theo l\u01b0\u1ee3t:<\/strong> Nh\u1eadn ch\u1ec9 d\u1eabn chi ti\u1ebft t\u1eebng ch\u1eb7ng v\u00e0 c\u1ea3nh b\u00e1o tr\u01b0\u1edbc c\u00e1c kh\u00fac cua s\u1eafp t\u1edbi.<\/li>\n<li data-sourcepos=\"65:1-65:136\"><strong>T\u00ednh to\u00e1n l\u1ea1i l\u1ed9 tr\u00ecnh Off-Course:<\/strong> N\u1ebfu b\u1ea1n \u0111i ch\u1ec7ch kh\u1ecfi tuy\u1ebfn \u0111\u01b0\u1eddng \u0111\u00e3 \u0111\u1ecbnh, <a href=\"https:\/\/gpsgarmin.vn\/?product=garmin-edge-840\">Edge 840<\/a> s\u1ebd gi\u00fap b\u1ea1n nhanh ch\u00f3ng tr\u1edf l\u1ea1i \u0111\u00fang h\u01b0\u1edbng.<\/li>\n<li data-sourcepos=\"66:1-67:0\"><strong>T\u1ea1o kh\u00f3a h\u1ecdc:<\/strong> T\u1ea1o c\u00e1c tuy\u1ebfn \u0111\u01b0\u1eddng m\u1edbi ho\u1eb7c t\u00ecm ki\u1ebfm c\u00e1c tuy\u1ebfn \u0111\u01b0\u1eddng hi\u1ec7n c\u00f3 trong \u1ee9ng d\u1ee5ng Garmin Connect\u2122 ho\u1eb7c tr\u00ean c\u00e1c n\u1ec1n t\u1ea3ng c\u1ee7a b\u00ean th\u1ee9 ba nh\u01b0 Strava v\u00e0 Komoot, sau \u0111\u00f3 \u0111\u1ed3ng b\u1ed9 h\u00f3a d\u1ec5 d\u00e0ng v\u1edbi <a href=\"https:\/\/gpsgarmin.vn\/?product=garmin-edge-840\">Edge 840<\/a>.<\/li>\n<\/ul>\n<h3 data-sourcepos=\"68:1-68:25\">4. An To\u00e0n V\u00e0 K\u1ebft N\u1ed1i<\/h3>\n<ul data-sourcepos=\"70:1-79:0\">\n<li data-sourcepos=\"70:1-70:151\"><strong>Ph\u00e1t hi\u1ec7n s\u1ef1 c\u1ed1 v\u00e0 h\u1ed7 tr\u1ee3 kh\u1ea9n c\u1ea5p:<\/strong> T\u1ef1 \u0111\u1ed9ng g\u1eedi tin nh\u1eafn v\u1edbi v\u1ecb tr\u00ed c\u1ee7a b\u1ea1n \u0111\u1ebfn c\u00e1c li\u00ean h\u1ec7 kh\u1ea9n c\u1ea5p \u0111\u00e3 \u0111\u01b0\u1ee3c thi\u1ebft l\u1eadp trong tr\u01b0\u1eddng h\u1ee3p c\u00f3 s\u1ef1 c\u1ed1.<\/li>\n<li data-sourcepos=\"71:1-71:166\"><strong>T\u00ecm ki\u1ebfm Edge c\u1ee7a t\u00f4i:<\/strong> N\u1ebfu b\u1ea1n v\u00f4 t\u00ecnh l\u00e0m m\u1ea5t thi\u1ebft b\u1ecb sau m\u1ed9t chuy\u1ebfn \u0111i, b\u1ea1n c\u00f3 th\u1ec3 s\u1eed d\u1ee5ng \u1ee9ng d\u1ee5ng Garmin Connect tr\u00ean \u0111i\u1ec7n tho\u1ea1i th\u00f4ng minh \u0111\u1ec3 t\u00ecm th\u1ea5y n\u00f3.<\/li>\n<li data-sourcepos=\"72:1-72:143\"><strong>T\u01b0\u01a1ng th\u00edch v\u1edbi Varia\u2122:<\/strong> K\u1ebft n\u1ed1i v\u1edbi c\u00e1c thi\u1ebft b\u1ecb \u0111\u00e8n chi\u1ebfu s\u00e1ng v\u00e0 radar ph\u00eda sau Varia \u0111\u1ec3 t\u0103ng c\u01b0\u1eddng nh\u1eadn th\u1ee9c v\u1ec1 m\u00f4i tr\u01b0\u1eddng xung quanh.<\/li>\n<li data-sourcepos=\"73:1-73:155\"><strong>C\u1ea3nh b\u00e1o xe \u0111\u1ea1p:<\/strong> \u0110\u1eb7t m\u00e3 PIN \u0111\u1ec3 b\u1ea3o v\u1ec7 xe \u0111\u1ea1p c\u1ee7a b\u1ea1n. Khi xe \u0111\u1ea1p di chuy\u1ec3n, b\u00e1o \u0111\u1ed9ng s\u1ebd k\u00eau v\u00e0 b\u1ea1n s\u1ebd nh\u1eadn \u0111\u01b0\u1ee3c th\u00f4ng b\u00e1o tr\u00ean \u0111i\u1ec7n tho\u1ea1i th\u00f4ng minh.<\/li>\n<li data-sourcepos=\"74:1-74:87\"><strong>Nh\u1eafn tin nh\u00f3m:<\/strong> Lu\u00f4n gi\u1eef li\u00ean l\u1ea1c v\u1edbi b\u1ea1n b\u00e8 trong nh\u00f3m ngay c\u1ea3 khi b\u1ea1n t\u00e1ch \u0111o\u00e0n.<\/li>\n<li data-sourcepos=\"75:1-75:134\"><strong>Th\u00f4ng b\u00e1o th\u00f4ng minh:<\/strong> Nh\u1eadn tin nh\u1eafn v\u00e0 c\u1ea3nh b\u00e1o tr\u1ef1c ti\u1ebfp tr\u00ean Edge 840 khi \u0111\u01b0\u1ee3c gh\u00e9p n\u1ed1i v\u1edbi \u0111i\u1ec7n tho\u1ea1i th\u00f4ng minh t\u01b0\u01a1ng th\u00edch.<\/li>\n<li data-sourcepos=\"76:1-76:121\"><strong>K\u1ebft n\u1ed1i qua Wi-Fi\u00ae:<\/strong> T\u1ea3i l\u00ean c\u00e1c ho\u1ea1t \u0111\u1ed9ng v\u00e0 t\u1ea3i xu\u1ed1ng c\u00e1c b\u1ea3n c\u1eadp nh\u1eadt ph\u1ea7n m\u1ec1m m\u00e0 kh\u00f4ng c\u1ea7n k\u1ebft n\u1ed1i v\u1edbi m\u00e1y t\u00ednh.<\/li>\n<li data-sourcepos=\"77:1-77:130\"><strong>C\u1eeda h\u00e0ng Connect IQ\u2122:<\/strong> T\u00f9y ch\u1ec9nh <a href=\"https:\/\/gpsgarmin.vn\/?product=garmin-edge-840\">Edge 840<\/a> c\u1ee7a b\u1ea1n v\u1edbi c\u00e1c tr\u01b0\u1eddng d\u1eef li\u1ec7u, \u1ee9ng d\u1ee5ng v\u00e0 widget mi\u1ec5n ph\u00ed t\u1eeb c\u1eeda h\u00e0ng Connect IQ.<\/li>\n<li data-sourcepos=\"78:1-79:0\"><strong>T\u01b0\u01a1ng th\u00edch v\u1edbi eBike:<\/strong> K\u1ebft n\u1ed1i v\u1edbi xe \u0111\u1ea1p \u0111i\u1ec7n t\u01b0\u01a1ng th\u00edch \u0111\u1ec3 xem tr\u1ea1ng th\u00e1i pin, h\u1ed7 tr\u1ee3 v\u00e0 c\u00e1c d\u1eef li\u1ec7u quan tr\u1ecdng kh\u00e1c.<\/li>\n<\/ul>\n","protected":false},"excerpt":{"rendered":"<p><strong>\u2282\u2329 B\u1ea2O H\u00c0NH CH\u00cdNH H\u00c3NG 2 N\u0102M \u232a\u2283<\/strong><\/p>\n<p><strong>\u260e Li\u00ean h\u1ec7 t\u01b0 v\u1ea5n : 0972 658 351 \u2013\u00a0 0962 846 820 (g\u1ecdi tr\u1ef1c ti\u1ebfp ho\u1eb7c Zalo).<\/strong><\/p>\n","protected":false},"featured_media":3531,"comment_status":"open","ping_status":"closed","template":"","meta":[],"product_cat":[37],"product_tag":[],"class_list":{"0":"post-3523","1":"product","2":"type-product","3":"status-publish","4":"has-post-thumbnail","6":"product_cat-gps-dan-duong-xe-dap","8":"first","9":"instock","10":"sale","11":"featured","12":"shipping-taxable","13":"purchasable","14":"product-type-variable","15":"has-default-attributes"},"_links":{"self":[{"href":"https:\/\/gpsgarmin.vn\/index.php?rest_route=\/wp\/v2\/product\/3523","targetHints":{"allow":["GET"]}}],"collection":[{"href":"https:\/\/gpsgarmin.vn\/index.php?rest_route=\/wp\/v2\/product"}],"about":[{"href":"https:\/\/gpsgarmin.vn\/index.php?rest_route=\/wp\/v2\/types\/product"}],"replies":[{"embeddable":true,"href":"https:\/\/gpsgarmin.vn\/index.php?rest_route=%2Fwp%2Fv2%2Fcomments&post=3523"}],"version-history":[{"count":5,"href":"https:\/\/gpsgarmin.vn\/index.php?rest_route=\/wp\/v2\/product\/3523\/revisions"}],"predecessor-version":[{"id":5014,"href":"https:\/\/gpsgarmin.vn\/index.php?rest_route=\/wp\/v2\/product\/3523\/revisions\/5014"}],"wp:featuredmedia":[{"embeddable":true,"href":"https:\/\/gpsgarmin.vn\/index.php?rest_route=\/wp\/v2\/media\/3531"}],"wp:attachment":[{"href":"https:\/\/gpsgarmin.vn\/index.php?rest_route=%2Fwp%2Fv2%2Fmedia&parent=3523"}],"wp:term":[{"taxonomy":"product_cat","embeddable":true,"href":"https:\/\/gpsgarmin.vn\/index.php?rest_route=%2Fwp%2Fv2%2Fproduct_cat&post=3523"},{"taxonomy":"product_tag","embeddable":true,"href":"https:\/\/gpsgarmin.vn\/index.php?rest_route=%2Fwp%2Fv2%2Fproduct_tag&post=3523"}],"curies":[{"name":"wp","href":"https:\/\/api.w.org\/{rel}","templated":true}]}}