{"id":3519,"date":"2025-06-10T16:38:54","date_gmt":"2025-06-10T09:38:54","guid":{"rendered":"http:\/\/demo.garminvietnam.vn\/?post_type=product&#038;p=3519"},"modified":"2025-09-26T17:12:23","modified_gmt":"2025-09-26T10:12:23","slug":"garmin-edge-540-solar","status":"publish","type":"product","link":"https:\/\/gpsgarmin.vn\/?product=garmin-edge-540-solar","title":{"rendered":"Garmin Edge 540 Solar"},"content":{"rendered":"<h3 data-sourcepos=\"5:1-5:83\"><strong>Garmin <a href=\"https:\/\/gpsgarmin.vn\/?product=garmin-edge-540-solar\">Edge 540 Solar<\/a> \u2013 Chinh ph\u1ee5c m\u1ecdi cung \u0111\u01b0\u1eddng v\u1edbi n\u0103ng l\u01b0\u1ee3ng kh\u00f4ng gi\u1edbi h\u1ea1n<\/strong><\/h3>\n<p data-sourcepos=\"7:1-7:417\">B\u1ea1n \u0111ang t\u00ecm ki\u1ebfm m\u1ed9t thi\u1ebft b\u1ecb \u0111\u1ecbnh v\u1ecb xe \u0111\u1ea1p GPS m\u1ea1nh m\u1ebd, \u0111\u00e1ng tin c\u1eady v\u00e0 lu\u00f4n s\u1eb5n s\u00e0ng cho nh\u1eefng chuy\u1ebfn \u0111i d\u00e0i nh\u1ea5t? Garmin <a href=\"https:\/\/gpsgarmin.vn\/?product=garmin-edge-540-solar\">Edge 540 Solar<\/a> ch\u00ednh l\u00e0 s\u1ef1 l\u1ef1a ch\u1ecdn ho\u00e0n h\u1ea3o d\u00e0nh cho b\u1ea1n. \u0110\u01b0\u1ee3c t\u00edch h\u1ee3p c\u00f4ng ngh\u1ec7 s\u1ea1c n\u0103ng l\u01b0\u1ee3ng m\u1eb7t tr\u1eddi ti\u00ean ti\u1ebfn, <a href=\"https:\/\/gpsgarmin.vn\/?product=garmin-edge-540-solar\">Edge 540 Solar<\/a> mang \u0111\u1ebfn th\u1eddi l\u01b0\u1ee3ng pin v\u01b0\u1ee3t tr\u1ed9i, c\u00e1c t\u00ednh n\u0103ng luy\u1ec7n t\u1eadp th\u00f4ng minh v\u00e0 kh\u1ea3 n\u0103ng \u0111\u1ecbnh v\u1ecb ch\u00ednh x\u00e1c, gi\u00fap b\u1ea1n n\u00e2ng t\u1ea7m tr\u1ea3i nghi\u1ec7m \u0111\u1ea1p xe l\u00ean m\u1ed9t t\u1ea7m cao m\u1edbi.<\/p>\n<p data-sourcepos=\"9:1-9:49\"><strong>Nh\u1eefng \u0111i\u1ec3m n\u1ed5i b\u1eadt c\u1ee7a Garmin <a href=\"https:\/\/gpsgarmin.vn\/?product=garmin-edge-540-solar\">Edge 540 Solar<\/a>:<\/strong><\/p>\n<ul data-sourcepos=\"11:1-15:0\">\n<li data-sourcepos=\"11:1-11:264\"><strong>S\u1ea1c n\u0103ng l\u01b0\u1ee3ng m\u1eb7t tr\u1eddi ti\u00ean ti\u1ebfn:<\/strong> K\u00e9o d\u00e0i th\u1eddi gian \u0111\u1ea1p xe l\u00ean \u0111\u1ebfn 32 gi\u1edd trong ch\u1ebf \u0111\u1ed9 s\u1eed d\u1ee5ng chuy\u00ean s\u00e2u ho\u1eb7c l\u00ean \u0111\u1ebfn 42 gi\u1edd \u1edf ch\u1ebf \u0111\u1ed9 ti\u1ebft ki\u1ec7m pin nh\u1edd c\u00f4ng ngh\u1ec7 s\u1ea1c n\u0103ng l\u01b0\u1ee3ng m\u1eb7t tr\u1eddi Power Glass\u2122. B\u1ea1n c\u00f3 th\u1ec3 t\u1eadp trung v\u00e0o h\u00e0nh tr\u00ecnh m\u00e0 kh\u00f4ng lo h\u1ebft pin.<\/li>\n<li data-sourcepos=\"12:1-12:249\"><strong>GPS \u0111a b\u0103ng t\u1ea7n:<\/strong> H\u1ed7 tr\u1ee3 GPS \u0111a b\u0103ng t\u1ea7n (GNSS \u0111a b\u0103ng t\u1ea7n) mang l\u1ea1i \u0111\u1ed9 ch\u00ednh x\u00e1c \u0111\u1ecbnh v\u1ecb v\u01b0\u1ee3t tr\u1ed9i, ngay c\u1ea3 trong nh\u1eefng m\u00f4i tr\u01b0\u1eddng kh\u00f3 kh\u0103n nh\u01b0 khu v\u1ef1c r\u1eebng r\u1eadm ho\u1eb7c \u0111\u00f4 th\u1ecb \u0111\u00f4ng \u0111\u00fac. Kh\u00f4ng c\u00f2n lo l\u1eafng v\u1ec1 vi\u1ec7c m\u1ea5t t\u00edn hi\u1ec7u hay \u0111\u1ecbnh v\u1ecb sai l\u1ec7ch.<\/li>\n<li data-sourcepos=\"13:1-13:213\"><strong>Thi\u1ebft k\u1ebf nh\u1ecf g\u1ecdn, m\u00e0n h\u00ecnh m\u00e0u s\u1eafc n\u00e9t:<\/strong> V\u1edbi m\u00e0n h\u00ecnh m\u00e0u 2.6 inch d\u1ec5 \u0111\u1ecdc d\u01b0\u1edbi \u00e1nh s\u00e1ng m\u1eb7t tr\u1eddi, thi\u1ebft k\u1ebf n\u00fat b\u1ea5m v\u1eadt l\u00fd th\u00e2n thi\u1ec7n, <a href=\"https:\/\/gpsgarmin.vn\/?product=garmin-edge-540-solar\">Edge 540 Solar<\/a> d\u1ec5 d\u00e0ng thao t\u00e1c v\u00e0 hi\u1ec3n th\u1ecb r\u00f5 r\u00e0ng m\u1ecdi th\u00f4ng tin b\u1ea1n c\u1ea7n.<\/li>\n<li data-sourcepos=\"14:1-15:0\"><strong>Tr\u1ecdng l\u01b0\u1ee3ng nh\u1eb9:<\/strong> Ch\u1ec9 n\u1eb7ng 89 gram, Edge 540 Solar s\u1ebd kh\u00f4ng l\u00e0m t\u0103ng th\u00eam g\u00e1nh n\u1eb7ng cho chi\u1ebfc xe \u0111\u1ea1p c\u1ee7a b\u1ea1n.<\/li>\n<\/ul>\n<p data-sourcepos=\"16:1-16:39\"><strong>C\u00e1c t\u00ednh n\u0103ng luy\u1ec7n t\u1eadp th\u00f4ng minh:<\/strong><\/p>\n<ul data-sourcepos=\"18:1-24:0\">\n<li data-sourcepos=\"18:1-18:219\"><strong>T\u00ednh n\u0103ng Coaching th\u00edch \u1ee9ng (Adaptive Coaching):<\/strong> D\u1ef1a tr\u00ean m\u1ee5c ti\u00eau v\u00e0 c\u01b0\u1eddng \u0111\u1ed9 luy\u1ec7n t\u1eadp c\u1ee7a b\u1ea1n, <a href=\"https:\/\/gpsgarmin.vn\/?product=garmin-edge-540-solar\">Edge 540 Solar<\/a> s\u1ebd \u0111\u01b0a ra c\u00e1c g\u1ee3i \u00fd b\u00e0i t\u1eadp h\u00e0ng ng\u00e0y, gi\u00fap b\u1ea1n c\u1ea3i thi\u1ec7n hi\u1ec7u su\u1ea5t v\u00e0 \u0111\u1ea1t \u0111\u01b0\u1ee3c m\u1ee5c ti\u00eau luy\u1ec7n t\u1eadp.<\/li>\n<li data-sourcepos=\"19:1-19:261\"><strong>Ph\u00e2n t\u00edch kh\u1ea3 n\u0103ng \u0111\u1ea1p xe v\u00e0 y\u00eau c\u1ea7u kh\u00f3a h\u1ecdc (Cycling Ability and Course Demands):<\/strong> Hi\u1ec3u r\u00f5 \u0111i\u1ec3m m\u1ea1nh, \u0111i\u1ec3m y\u1ebfu c\u1ee7a b\u1ea3n th\u00e2n v\u00e0 ph\u00e2n t\u00edch nh\u1eefng y\u00eau c\u1ea7u v\u1ec1 th\u1ec3 l\u1ef1c c\u1ee7a c\u00e1c ch\u1eb7ng \u0111\u01b0\u1eddng s\u1eafp t\u1edbi. <a href=\"https:\/\/gpsgarmin.vn\/?product=garmin-edge-540-solar\">Edge 540 Solar<\/a> s\u1ebd gi\u00fap b\u1ea1n chu\u1ea9n b\u1ecb t\u1ed1t nh\u1ea5t cho m\u1ecdi th\u1eed th\u00e1ch.<\/li>\n<li data-sourcepos=\"20:1-20:168\"><strong>H\u01b0\u1edbng d\u1eabn l\u1ef1c \u0111\u1ea1p Power Guide:<\/strong> \u0110\u01b0a ra m\u1ee5c ti\u00eau l\u1ef1c \u0111\u1ea1p \u0111\u1ec3 b\u1ea1n duy tr\u00ec c\u01b0\u1eddng \u0111\u1ed9 \u1ed5n \u0111\u1ecbnh trong su\u1ed1t chuy\u1ebfn \u0111i, gi\u00fap b\u1ea1n ph\u00e2n ph\u1ed1i s\u1ee9c h\u1ee3p l\u00fd v\u00e0 \u0111\u1ea1t hi\u1ec7u qu\u1ea3 t\u1ed1i \u01b0u.<\/li>\n<li data-sourcepos=\"21:1-21:159\"><strong>\u0110o l\u01b0\u1eddng th\u1ec3 l\u1ef1c (Stamina):<\/strong> Gi\u00fap b\u1ea1n theo d\u00f5i m\u1ee9c \u0111\u1ed9 s\u1ee9c b\u1ec1n trong th\u1eddi gian th\u1ef1c, tr\u00e1nh vi\u1ec7c g\u1eafng s\u1ee9c qu\u00e1 m\u1ee9c v\u00e0 ph\u00e2n b\u1ed5 n\u0103ng l\u01b0\u1ee3ng m\u1ed9t c\u00e1ch th\u00f4ng minh.<\/li>\n<li data-sourcepos=\"22:1-22:231\"><strong>Gi\u00e1m s\u00e1t ch\u1ec9 s\u1ed1 \u0111\u1ea1p xe n\u00e2ng cao:<\/strong> T\u01b0\u01a1ng th\u00edch v\u1edbi c\u00e1c c\u1ea3m bi\u1ebfn \u0111\u1ea1p xe Garmin (b\u00e1n ri\u00eang) \u0111\u1ec3 cung c\u1ea5p d\u1eef li\u1ec7u nh\u01b0 c\u00f4ng su\u1ea5t (watt), cadence, \u0111\u1ed9 \u0111\u1ed9ng h\u1ecdc \u0111\u1ea1p xe (cycling dynamics),\u2026 gi\u00fap b\u1ea1n ph\u00e2n t\u00edch s\u00e2u h\u01a1n hi\u1ec7u su\u1ea5t c\u1ee7a m\u00ecnh.<\/li>\n<li data-sourcepos=\"23:1-24:0\"><strong>Ph\u00e2n t\u00edch ClimbPro:<\/strong> Xem tr\u01b0\u1edbc \u0111\u1ed9 d\u1ed1c v\u00e0 qu\u00e3ng \u0111\u01b0\u1eddng c\u00f2n l\u1ea1i c\u1ee7a c\u00e1c \u0111o\u1ea1n leo d\u1ed1c khi \u0111i theo tuy\u1ebfn \u0111\u01b0\u1eddng \u0111\u00e3 t\u1ea3i, gi\u00fap b\u1ea1n ph\u00e2n b\u1ed5 s\u1ee9c l\u1ef1c v\u00e0 c\u00f3 chi\u1ebfn thu\u1eadt leo d\u1ed1c hi\u1ec7u qu\u1ea3.<\/li>\n<\/ul>\n<p data-sourcepos=\"25:1-25:33\"><strong>T\u00ednh n\u0103ng \u0111\u1ecbnh v\u1ecb v\u00e0 an to\u00e0n:<\/strong><\/p>\n<ul data-sourcepos=\"27:1-33:0\">\n<li data-sourcepos=\"27:1-27:168\"><strong>B\u1ea3n \u0111\u1ed3 Garmin Cycle Map:<\/strong> \u0110i k\u00e8m v\u1edbi b\u1ea3n \u0111\u1ed3 Garmin Cycle Map \u0111\u01b0\u1ee3c t\u1ea3i s\u1eb5n, cung c\u1ea5p th\u00f4ng tin chi ti\u1ebft v\u1ec1 c\u00e1c tuy\u1ebfn \u0111\u01b0\u1eddng ph\u1ed5 bi\u1ebfn v\u00e0 h\u1ed7 tr\u1ee3 \u0111i\u1ec1u h\u01b0\u1edbng t\u1eebng ch\u1eb7ng.<\/li>\n<li data-sourcepos=\"28:1-28:178\"><strong>\u0110\u1ecbnh tuy\u1ebfn theo tuy\u1ebfn \u0111\u01b0\u1eddng ph\u1ed5 bi\u1ebfn Trendline\u2122:<\/strong> T\u00ecm ki\u1ebfm c\u00e1c tuy\u1ebfn \u0111\u01b0\u1eddng \u0111\u01b0\u1ee3c \u0111i nhi\u1ec1u nh\u1ea5t b\u1edfi c\u1ed9ng \u0111\u1ed3ng Garmin Connect, gi\u00fap b\u1ea1n kh\u00e1m ph\u00e1 nh\u1eefng cung \u0111\u01b0\u1eddng m\u1edbi v\u00e0 th\u00fa v\u1ecb.<\/li>\n<li data-sourcepos=\"29:1-29:153\"><strong>T\u00ednh n\u0103ng ForkSight:<\/strong> T\u1ef1 \u0111\u1ed9ng hi\u1ec3n th\u1ecb c\u00e1c nh\u00e1nh \u0111\u01b0\u1eddng s\u1eafp t\u1edbi v\u00e0 v\u1ecb tr\u00ed c\u1ee7a b\u1ea1n tr\u00ean b\u1ea3n \u0111\u1ed3, gi\u00fap b\u1ea1n \u0111\u1ecbnh h\u01b0\u1edbng d\u1ec5 d\u00e0ng h\u01a1n khi \u0111i tr\u00ean \u0111\u01b0\u1eddng m\u00f2n.<\/li>\n<li data-sourcepos=\"30:1-30:304\"><strong>H\u1ec7 th\u1ed1ng c\u1ea3nh b\u00e1o an to\u00e0n:<\/strong> C\u1ea3nh b\u00e1o b\u1ea1n v\u1ec1 c\u00e1c kh\u00fac cua nguy hi\u1ec3m ph\u00eda tr\u01b0\u1edbc, \u0111\u00e8n pha\/h\u1eadu Varia\u2122 t\u01b0\u01a1ng th\u00edch (b\u00e1n ri\u00eang) \u0111\u1ec3 t\u0103ng c\u01b0\u1eddng t\u1ea7m nh\u00ecn v\u00e0 kh\u1ea3 n\u0103ng \u0111\u01b0\u1ee3c nh\u00ecn th\u1ea5y, t\u00ednh n\u0103ng Ph\u00e1t hi\u1ec7n s\u1ef1 c\u1ed1 (Incident Detection) v\u00e0 C\u1ea3nh b\u00e1o tai n\u1ea1n (Assistance) g\u1eedi v\u1ecb tr\u00ed c\u1ee7a b\u1ea1n cho ng\u01b0\u1eddi li\u00ean h\u1ec7 kh\u1ea9n c\u1ea5p.<\/li>\n<li data-sourcepos=\"31:1-31:135\"><strong>B\u00e1o \u0111\u1ed9ng xe \u0111\u1ea1p:<\/strong> B\u1ea3o v\u1ec7 xe \u0111\u1ea1p c\u1ee7a b\u1ea1n khi b\u1ea1n kh\u00f4ng \u1edf g\u1ea7n v\u1edbi c\u1ea3nh b\u00e1o chuy\u1ec3n \u0111\u1ed9ng \u0111\u01b0\u1ee3c k\u00edch ho\u1ea1t b\u1eb1ng m\u00e3 PIN tr\u00ean Edge c\u1ee7a b\u1ea1n.<\/li>\n<li data-sourcepos=\"32:1-33:0\"><strong>Find My Edge:<\/strong> N\u1ebfu thi\u1ebft b\u1ecb b\u1ecb th\u1ea5t l\u1ea1c, b\u1ea1n c\u00f3 th\u1ec3 s\u1eed d\u1ee5ng \u1ee9ng d\u1ee5ng Garmin Connect\u2122 tr\u00ean \u0111i\u1ec7n tho\u1ea1i th\u00f4ng minh \u0111\u1ec3 t\u00ecm th\u1ea5y n\u00f3.<\/li>\n<\/ul>\n<p data-sourcepos=\"34:1-34:32\"><strong>Kh\u1ea3 n\u0103ng k\u1ebft n\u1ed1i th\u00f4ng minh:<\/strong><\/p>\n<ul data-sourcepos=\"36:1-40:0\">\n<li data-sourcepos=\"36:1-36:165\"><strong>\u0110\u1ed3ng b\u1ed9 h\u00f3a v\u1edbi Garmin Connect\u2122:<\/strong> T\u1ea3i l\u00ean d\u1eef li\u1ec7u chuy\u1ebfn \u0111i, ph\u00e2n t\u00edch hi\u1ec7u su\u1ea5t v\u00e0 chia s\u1ebb th\u00e0nh t\u00edch v\u1edbi b\u1ea1n b\u00e8 v\u00e0 gia \u0111\u00ecnh th\u00f4ng qua \u1ee9ng d\u1ee5ng Garmin Connect.<\/li>\n<li data-sourcepos=\"37:1-37:123\"><strong>Th\u00f4ng b\u00e1o th\u00f4ng minh:<\/strong> Nh\u1eadn tin nh\u1eafn v\u00e0 c\u1ea3nh b\u00e1o ngay tr\u00ean thi\u1ebft b\u1ecb khi k\u1ebft n\u1ed1i v\u1edbi \u0111i\u1ec7n tho\u1ea1i th\u00f4ng minh t\u01b0\u01a1ng th\u00edch.<\/li>\n<li data-sourcepos=\"38:1-38:142\"><strong>T\u01b0\u01a1ng th\u00edch v\u1edbi c\u00e1c \u1ee9ng d\u1ee5ng b\u00ean th\u1ee9 ba:<\/strong> T\u1ea3i xu\u1ed1ng c\u00e1c tr\u01b0\u1eddng d\u1eef li\u1ec7u, \u1ee9ng d\u1ee5ng v\u00e0 widget t\u1eeb c\u1eeda h\u00e0ng Connect IQ\u2122 \u0111\u1ec3 t\u00f9y ch\u1ec9nh thi\u1ebft b\u1ecb.<\/li>\n<li data-sourcepos=\"39:1-40:0\"><strong>K\u1ebft n\u1ed1i v\u1edbi eBike:<\/strong> K\u1ebft n\u1ed1i v\u1edbi xe \u0111\u1ea1p \u0111i\u1ec7n t\u01b0\u01a1ng th\u00edch \u0111\u1ec3 hi\u1ec3n th\u1ecb th\u00f4ng tin tr\u1ea1ng th\u00e1i eBike, bao g\u1ed3m th\u1eddi l\u01b0\u1ee3ng pin, ph\u1ea1m vi di chuy\u1ec3n, v\u00e0 ch\u1ebf \u0111\u1ed9 h\u1ed7 tr\u1ee3.<\/li>\n<\/ul>\n","protected":false},"excerpt":{"rendered":"<p><strong>\u2282\u2329 B\u1ea2O H\u00c0NH CH\u00cdNH H\u00c3NG 2 N\u0102M \u232a\u2283<\/strong><\/p>\n<p><strong>\u260e Li\u00ean h\u1ec7 t\u01b0 v\u1ea5n : 0972 658 351 \u2013\u00a0 0962 846 820 (g\u1ecdi tr\u1ef1c ti\u1ebfp ho\u1eb7c Zalo).<\/strong><\/p>\n","protected":false},"featured_media":3520,"comment_status":"open","ping_status":"closed","template":"","meta":[],"product_cat":[37],"product_tag":[],"class_list":{"0":"post-3519","1":"product","2":"type-product","3":"status-publish","4":"has-post-thumbnail","6":"product_cat-gps-dan-duong-xe-dap","8":"first","9":"instock","10":"sale","11":"shipping-taxable","12":"purchasable","13":"product-type-simple"},"_links":{"self":[{"href":"https:\/\/gpsgarmin.vn\/index.php?rest_route=\/wp\/v2\/product\/3519","targetHints":{"allow":["GET"]}}],"collection":[{"href":"https:\/\/gpsgarmin.vn\/index.php?rest_route=\/wp\/v2\/product"}],"about":[{"href":"https:\/\/gpsgarmin.vn\/index.php?rest_route=\/wp\/v2\/types\/product"}],"replies":[{"embeddable":true,"href":"https:\/\/gpsgarmin.vn\/index.php?rest_route=%2Fwp%2Fv2%2Fcomments&post=3519"}],"version-history":[{"count":4,"href":"https:\/\/gpsgarmin.vn\/index.php?rest_route=\/wp\/v2\/product\/3519\/revisions"}],"predecessor-version":[{"id":3522,"href":"https:\/\/gpsgarmin.vn\/index.php?rest_route=\/wp\/v2\/product\/3519\/revisions\/3522"}],"wp:featuredmedia":[{"embeddable":true,"href":"https:\/\/gpsgarmin.vn\/index.php?rest_route=\/wp\/v2\/media\/3520"}],"wp:attachment":[{"href":"https:\/\/gpsgarmin.vn\/index.php?rest_route=%2Fwp%2Fv2%2Fmedia&parent=3519"}],"wp:term":[{"taxonomy":"product_cat","embeddable":true,"href":"https:\/\/gpsgarmin.vn\/index.php?rest_route=%2Fwp%2Fv2%2Fproduct_cat&post=3519"},{"taxonomy":"product_tag","embeddable":true,"href":"https:\/\/gpsgarmin.vn\/index.php?rest_route=%2Fwp%2Fv2%2Fproduct_tag&post=3519"}],"curies":[{"name":"wp","href":"https:\/\/api.w.org\/{rel}","templated":true}]}}