{"id":3506,"date":"2025-06-10T14:50:31","date_gmt":"2025-06-10T07:50:31","guid":{"rendered":"http:\/\/demo.garminvietnam.vn\/?post_type=product&#038;p=3506"},"modified":"2025-09-26T17:11:53","modified_gmt":"2025-09-26T10:11:53","slug":"garmin-edge-540","status":"publish","type":"product","link":"https:\/\/gpsgarmin.vn\/?product=garmin-edge-540","title":{"rendered":"Garmin Edge 540"},"content":{"rendered":"<h2 data-sourcepos=\"5:1-5:56\">Garmin <a href=\"https:\/\/gpsgarmin.vn\/?product=garmin-edge-540\">Edge 540<\/a> \u2013 N\u00e2ng t\u1ea7m tr\u1ea3i nghi\u1ec7m \u0111\u1ea1p xe c\u1ee7a b\u1ea1n<\/h2>\n<p data-sourcepos=\"7:1-7:365\">D\u00f9 b\u1ea1n l\u00e0 m\u1ed9t tay \u0111ua xe \u0111\u1ea1p \u0111\u01b0\u1eddng tr\u01b0\u1eddng, m\u1ed9t ng\u01b0\u1eddi \u0111am m\u00ea \u0111\u1ecba h\u00ecnh hay \u0111\u01a1n gi\u1ea3n l\u00e0 th\u00edch kh\u00e1m ph\u00e1 nh\u1eefng cung \u0111\u01b0\u1eddng m\u1edbi, <strong>Garmin <a href=\"https:\/\/gpsgarmin.vn\/?product=garmin-edge-540\">Edge 540<\/a><\/strong> l\u00e0 ng\u01b0\u1eddi b\u1ea1n \u0111\u1ed3ng h\u00e0nh kh\u00f4ng th\u1ec3 thi\u1ebfu. V\u1edbi thi\u1ebft k\u1ebf nh\u1ecf g\u1ecdn, m\u00e0n h\u00ecnh hi\u1ec3n th\u1ecb s\u1eafc n\u00e9t v\u00e0 h\u00e0ng lo\u1ea1t t\u00ednh n\u0103ng th\u00f4ng minh, <a href=\"https:\/\/gpsgarmin.vn\/?product=garmin-edge-540\">Edge 540<\/a> gi\u00fap b\u1ea1n t\u1eadp luy\u1ec7n hi\u1ec7u qu\u1ea3 h\u01a1n, \u0111i\u1ec1u h\u01b0\u1edbng t\u1ef1 tin h\u01a1n v\u00e0 lu\u00f4n an to\u00e0n tr\u00ean m\u1ecdi h\u00e0nh tr\u00ecnh.<\/p>\n<p data-sourcepos=\"7:1-7:365\"><img decoding=\"async\" src=\"https:\/\/res.garmin.com\/en\/products\/010-02060-00\/g\/010-02060-00_lifestyle_PutPerformanceFirst_Desktop-af1da91b-cc69-4cf3-886a-3f5208f4cb80.png\" alt=\"Garmin Edge\u00ae 530 | Bike Computer with Performance Insights\" \/><\/p>\n<h3 data-sourcepos=\"9:1-9:43\">T\u00ednh n\u0103ng n\u1ed5i b\u1eadt tr\u00ean Garmin <a href=\"https:\/\/gpsgarmin.vn\/?product=garmin-edge-540\">Edge 540<\/a>:<\/h3>\n<ul data-sourcepos=\"11:1-26:0\">\n<li data-sourcepos=\"11:1-11:193\"><strong>T\u01b0\u01a1ng th\u00edch v\u1edbi \u0111a v\u1ec7 tinh (GNSS \u0111a b\u0103ng t\u1ea7n):<\/strong> \u0110\u1ecbnh v\u1ecb ch\u00ednh x\u00e1c ngay c\u1ea3 trong nh\u1eefng m\u00f4i tr\u01b0\u1eddng kh\u00f3 kh\u0103n nh\u01b0 r\u1eebng r\u1eadm hay gi\u1eefa c\u00e1c t\u00f2a nh\u00e0 cao t\u1ea7ng, \u0111\u1ea3m b\u1ea3o b\u1ea1n lu\u00f4n bi\u1ebft m\u00ecnh \u0111ang \u1edf \u0111\u00e2u.<\/li>\n<li data-sourcepos=\"12:1-12:200\"><strong>Ch\u1ec9 s\u1ed1 s\u1ee9c b\u1ec1n theo th\u1eddi gian th\u1ef1c (Real-time stamina insights):<\/strong> Theo d\u00f5i m\u1ee9c \u0111\u1ed9 hao h\u1ee5t s\u1ee9c b\u1ec1n c\u1ee7a b\u1ea1n trong su\u1ed1t qu\u00e1 tr\u00ecnh \u0111\u1ea1p xe, gi\u00fap b\u1ea1n \u0111i\u1ec1u ch\u1ec9nh c\u01b0\u1eddng \u0111\u1ed9 v\u00e0 qu\u1ea3n l\u00fd n\u0103ng l\u01b0\u1ee3ng hi\u1ec7u qu\u1ea3.<\/li>\n<li data-sourcepos=\"13:1-13:215\"><strong>H\u01b0\u1edbng d\u1eabn t\u1eadp luy\u1ec7n th\u00edch \u1ee9ng (Targeted adaptive coaching):<\/strong> Nh\u1eadn c\u00e1c b\u00e0i t\u1eadp \u0111\u1ec1 xu\u1ea5t h\u00e0ng ng\u00e0y v\u00e0 h\u01b0\u1edbng d\u1eabn c\u1ee5 th\u1ec3 d\u1ef1a tr\u00ean kh\u1ed1i l\u01b0\u1ee3ng t\u1eadp luy\u1ec7n hi\u1ec7n t\u1ea1i v\u00e0 VO2 max c\u1ee7a b\u1ea1n, gi\u00fap b\u1ea1n \u0111\u1ea1t \u0111\u01b0\u1ee3c m\u1ee5c ti\u00eau c\u00e1 nh\u00e2n.<\/li>\n<li data-sourcepos=\"14:1-14:162\"><strong>T\u00ednh n\u0103ng Power Guide:<\/strong> Qu\u1ea3n l\u00fd n\u1ed7 l\u1ef1c c\u1ee7a b\u1ea1n b\u1eb1ng c\u00e1ch \u0111\u1ec1 xu\u1ea5t m\u1ee5c ti\u00eau s\u1ee9c m\u1ea1nh trong su\u1ed1t ch\u1eb7ng \u0111\u01b0\u1eddng, gi\u00fap b\u1ea1n ho\u00e0n th\u00e0nh c\u00e1c th\u1eed th\u00e1ch m\u1ed9t c\u00e1ch t\u1ed1i \u01b0u.<\/li>\n<li data-sourcepos=\"15:1-15:221\"><strong>\u0110o l\u01b0\u1eddng ch\u1ec9 s\u1ed1 \u0111\u1ea1p xe n\u00e2ng cao (Advanced cycling metrics):<\/strong> Xem chi ti\u1ebft d\u1eef li\u1ec7u hi\u1ec7u su\u1ea5t nh\u01b0 VO2 max, th\u1eddi gian ph\u1ee5c h\u1ed3i, kh\u1ed1i l\u01b0\u1ee3ng t\u1eadp luy\u1ec7n, tr\u1ea1ng th\u00e1i t\u1eadp luy\u1ec7n v\u00e0 nhi\u1ec1u h\u01a1n n\u1eefa \u0111\u1ec3 \u0111\u00e1nh gi\u00e1 s\u1ef1 ti\u1ebfn b\u1ed9 c\u1ee7a b\u1ea1n.<\/li>\n<li data-sourcepos=\"16:1-16:216\"><strong>\u0110\u1ed9ng l\u1ef1c h\u1ecdc \u0111\u1ea1p xe MTB (MTB dynamics):<\/strong> Theo d\u00f5i c\u00e1c ch\u1ec9 s\u1ed1 chuy\u00ean bi\u1ec7t cho \u0111\u1ea1p xe \u0111\u1ecba h\u00ecnh nh\u01b0 Grit (\u0111\u1ed9 kh\u00f3 c\u1ee7a cung \u0111\u01b0\u1eddng), Flow (\u0111\u1ed9 m\u01b0\u1ee3t khi \u0111\u1ed5 \u0111\u00e8o) v\u00e0 th\u1ed1ng k\u00ea nh\u1ea3y, gi\u00fap b\u1ea1n ph\u00e2n t\u00edch v\u00e0 c\u1ea3i thi\u1ec7n k\u1ef9 n\u0103ng.<\/li>\n<li data-sourcepos=\"17:1-17:198\"><strong>C\u00f4ng c\u1ee5 t\u00ecm ki\u1ebfm \u0111\u01b0\u1eddng (Trailforks integration):<\/strong> T\u00edch h\u1ee3p b\u1ea3n \u0111\u1ed3 Trailforks v\u1edbi c\u00e1c chi ti\u1ebft v\u1ec1 \u0111\u01b0\u1eddng m\u00f2n t\u1eeb kh\u1eafp n\u01a1i tr\u00ean th\u1ebf gi\u1edbi, gi\u00fap b\u1ea1n d\u1ec5 d\u00e0ng t\u00ecm ki\u1ebfm v\u00e0 kh\u00e1m ph\u00e1 nh\u1eefng cung \u0111\u01b0\u1eddng m\u1edbi.<\/li>\n<li data-sourcepos=\"18:1-18:141\"><strong>T\u00ednh n\u0103ng ClimbPro:<\/strong> T\u1ef1 \u0111\u1ed9ng hi\u1ec3n th\u1ecb qu\u00e3ng \u0111\u01b0\u1eddng c\u00f2n l\u1ea1i, \u0111\u1ed9 d\u1ed1c v\u00e0 m\u1ee9c t\u0103ng \u0111\u1ed9 cao khi b\u1ea1n leo d\u1ed1c, gi\u00fap b\u1ea1n ph\u00e2n ph\u1ed1i s\u1ee9c l\u1ef1c h\u1ee3p l\u00fd.<\/li>\n<li data-sourcepos=\"19:1-19:208\"><strong>B\u1ea3n \u0111\u1ed3 \u0111\u1ecbnh v\u1ecb chi ti\u1ebft (Garmin Cycle Map):<\/strong> Cung c\u1ea5p b\u1ea3n \u0111\u1ed3 xe \u0111\u1ea1p Garmin c\u00f3 th\u1ec3 t\u00ecm ki\u1ebfm v\u1edbi ph\u1ea1m vi bao ph\u1ee7 tr\u00ean to\u00e0n th\u1ebf gi\u1edbi, bao g\u1ed3m c\u00e1c tuy\u1ebfn \u0111\u01b0\u1eddng ph\u1ed5 bi\u1ebfn, \u0111i\u1ec3m POI v\u00e0 kh\u1ea3 n\u0103ng \u0111\u1ecbnh tuy\u1ebfn ng\u01b0\u1ee3c.<\/li>\n<li data-sourcepos=\"20:1-20:117\"><strong>C\u1ea3nh b\u00e1o khi \u0111i l\u1ec7ch l\u1ed9 tr\u00ecnh:<\/strong> Nh\u1eadn c\u1ea3nh b\u00e1o n\u1ebfu b\u1ea1n \u0111i l\u1ea1c kh\u1ecfi tuy\u1ebfn \u0111\u01b0\u1eddng \u0111\u00e3 \u0111\u1ecbnh ho\u1eb7c quay l\u1ea1i \u0111\u01b0\u1eddng \u0111\u00e3 \u0111i.<\/li>\n<li data-sourcepos=\"21:1-21:168\"><strong>Kh\u1ea3 n\u0103ng t\u01b0\u01a1ng th\u00edch Varia\u2122:<\/strong> K\u1ebft n\u1ed1i v\u1edbi c\u00e1c thi\u1ebft b\u1ecb radar v\u00e0 \u0111\u00e8n xe \u0111\u1ea1p Varia c\u1ee7a Garmin \u0111\u1ec3 t\u0103ng c\u01b0\u1eddng an to\u00e0n, gi\u00fap b\u1ea1n nh\u00ecn th\u1ea5y v\u00e0 \u0111\u01b0\u1ee3c nh\u00ecn th\u1ea5y tr\u00ean \u0111\u01b0\u1eddng.<\/li>\n<li data-sourcepos=\"22:1-22:151\"><strong>Ph\u00e1t hi\u1ec7n s\u1ef1 c\u1ed1 v\u00e0 h\u1ed7 tr\u1ee3 kh\u1ea9n c\u1ea5p:<\/strong> T\u1ef1 \u0111\u1ed9ng g\u1eedi tin nh\u1eafn v\u1edbi v\u1ecb tr\u00ed c\u1ee7a b\u1ea1n \u0111\u1ebfn c\u00e1c li\u00ean h\u1ec7 kh\u1ea9n c\u1ea5p \u0111\u00e3 \u0111\u01b0\u1ee3c thi\u1ebft l\u1eadp trong tr\u01b0\u1eddng h\u1ee3p c\u00f3 s\u1ef1 c\u1ed1.<\/li>\n<li data-sourcepos=\"23:1-23:127\"><strong>B\u00e1o \u0111\u1ed9ng xe \u0111\u1ea1p:<\/strong> B\u1ea3o v\u1ec7 xe \u0111\u1ea1p c\u1ee7a b\u1ea1n b\u1eb1ng b\u00e1o \u0111\u1ed9ng \u0111\u01b0\u1ee3c b\u1ea3o v\u1ec7 b\u1eb1ng m\u00e3 PIN, s\u1ebd k\u00eau l\u00ean n\u1ebfu xe \u0111\u1ea1p c\u1ee7a b\u1ea1n b\u1ecb di chuy\u1ec3n.<\/li>\n<li data-sourcepos=\"24:1-24:128\"><strong>Tin nh\u1eafn nh\u00f3m v\u00e0 LiveTrack:<\/strong> Lu\u00f4n k\u1ebft n\u1ed1i v\u1edbi b\u1ea1n b\u00e8 v\u00e0 gia \u0111\u00ecnh, cho ph\u00e9p h\u1ecd theo d\u00f5i v\u1ecb tr\u00ed c\u1ee7a b\u1ea1n trong th\u1eddi gian th\u1ef1c.<\/li>\n<li data-sourcepos=\"25:1-26:0\"><strong>Th\u1eddi l\u01b0\u1ee3ng pin \u1ea5n t\u01b0\u1ee3ng:<\/strong> L\u00ean \u0111\u1ebfn <strong>26 gi\u1edd<\/strong> \u1edf ch\u1ebf \u0111\u1ed9 GPS v\u00e0 c\u00f3 th\u1ec3 k\u00e9o d\u00e0i t\u1edbi <strong>32 gi\u1edd<\/strong> \u1edf ch\u1ebf \u0111\u1ed9 ti\u1ebft ki\u1ec7m pin.<\/li>\n<\/ul>\n<h3 data-sourcepos=\"29:1-29:34\">C\u00e1c phi\u00ean b\u1ea3n Garmin Edge 540:<\/h3>\n<h4 data-sourcepos=\"31:1-31:40\">1. Garmin <a href=\"https:\/\/gpsgarmin.vn\/?product=garmin-edge-540\">Edge 540<\/a> (B\u1ea3n Ti\u00eau chu\u1ea9n)<\/h4>\n<p data-sourcepos=\"33:1-34:145\">B\u1ea3n ti\u00eau chu\u1ea9n c\u1ee7a Edge 540 l\u00e0 l\u1ef1a ch\u1ecdn ho\u00e0n h\u1ea3o cho nh\u1eefng ai mu\u1ed1n tr\u1ea3i nghi\u1ec7m \u0111\u1ea7y \u0111\u1ee7 c\u00e1c t\u00ednh n\u0103ng th\u00f4ng minh v\u00e0 \u0111\u1ecbnh v\u1ecb ch\u00ednh x\u00e1c c\u1ee7a Garmin m\u00e0 kh\u00f4ng c\u1ea7n c\u00e1c ph\u1ee5 ki\u1ec7n \u0111i k\u00e8m. <strong>Bao g\u1ed3m:<\/strong> Thi\u1ebft b\u1ecb Garmin Edge 540, c\u00e1p s\u1ea1c\/truy\u1ec1n d\u1eef li\u1ec7u USB-C, d\u00e2y bu\u1ed9c, s\u00e1ch h\u01b0\u1edbng d\u1eabn s\u1eed d\u1ee5ng, gi\u00e1 \u0111\u1ee1 g\u1eafn ti\u00eau chu\u1ea9n v\u00e0 gi\u00e1 \u0111\u1ee1 g\u1eafn ph\u1eb3ng.<\/p>\n<h4 data-sourcepos=\"36:1-36:36\">2. Garmin <a href=\"https:\/\/gpsgarmin.vn\/?product=garmin-edge-540\">Edge 540<\/a> (B\u1ea3n Bundle)<\/h4>\n<p data-sourcepos=\"38:1-39:12\">N\u1ebfu b\u1ea1n mu\u1ed1n khai th\u00e1c t\u1ed1i \u0111a ti\u1ec1m n\u0103ng c\u1ee7a Edge 540 v\u00e0 n\u00e2ng cao hi\u1ec7u su\u1ea5t t\u1eadp luy\u1ec7n c\u1ee7a m\u00ecnh, <strong>B\u1ea3n Bundle<\/strong> l\u00e0 s\u1ef1 l\u1ef1a ch\u1ecdn l\u00fd t\u01b0\u1edfng. B\u1ed9 n\u00e0y bao g\u1ed3m c\u00e1c c\u1ea3m bi\u1ebfn c\u1ea7n thi\u1ebft \u0111\u1ec3 theo d\u00f5i c\u00e1c ch\u1ec9 s\u1ed1 quan tr\u1ecdng, gi\u00fap b\u1ea1n c\u00f3 c\u00e1i nh\u00ecn to\u00e0n di\u1ec7n h\u01a1n v\u1ec1 qu\u00e1 tr\u00ecnh luy\u1ec7n t\u1eadp c\u1ee7a m\u00ecnh. <strong>Bao g\u1ed3m:<\/strong><\/p>\n<ul data-sourcepos=\"40:1-45:0\">\n<li data-sourcepos=\"40:1-40:30\"><strong>Thi\u1ebft b\u1ecb Garmin <a href=\"https:\/\/gpsgarmin.vn\/?product=garmin-edge-540\">Edge 540<\/a><\/strong><\/li>\n<li data-sourcepos=\"41:1-41:59\"><strong>C\u1ea3m bi\u1ebfn t\u1ed1c \u0111\u1ed9:<\/strong> Theo d\u00f5i t\u1ed1c \u0111\u1ed9 di chuy\u1ec3n ch\u00ednh x\u00e1c.<\/li>\n<li data-sourcepos=\"42:1-42:108\"><strong>C\u1ea3m bi\u1ebfn nh\u1ecbp (Cadence Sensor):<\/strong> \u0110o s\u1ed1 v\u00f2ng \u0111\u1ea1p m\u1ed7i ph\u00fat, gi\u00fap b\u1ea1n duy tr\u00ec nh\u1ecbp \u0111\u1ed9 \u1ed5n \u0111\u1ecbnh v\u00e0 hi\u1ec7u qu\u1ea3.<\/li>\n<li data-sourcepos=\"43:1-43:146\"><strong>D\u00e2y \u0111o nh\u1ecbp tim HRM-Dual\u2122:<\/strong> Cung c\u1ea5p d\u1eef li\u1ec7u nh\u1ecbp tim theo th\u1eddi gian th\u1ef1c v\u00e0 \u0111\u00e1ng tin c\u1eady, gi\u00fap b\u1ea1n t\u1eadp luy\u1ec7n \u1edf \u0111\u00fang v\u00f9ng c\u01b0\u1eddng \u0111\u1ed9 mong mu\u1ed1n.<\/li>\n<li data-sourcepos=\"44:1-45:0\">C\u00e1p s\u1ea1c\/truy\u1ec1n d\u1eef li\u1ec7u USB-C, d\u00e2y bu\u1ed9c, s\u00e1ch h\u01b0\u1edbng d\u1eabn s\u1eed d\u1ee5ng, gi\u00e1 \u0111\u1ee1 g\u1eafn ti\u00eau chu\u1ea9n v\u00e0 gi\u00e1 \u0111\u1ee1 g\u1eafn ph\u1eb3ng.<\/li>\n<\/ul>\n","protected":false},"excerpt":{"rendered":"<p><strong>\u2282\u2329 B\u1ea2O H\u00c0NH CH\u00cdNH H\u00c3NG 2 N\u0102M \u232a\u2283<\/strong><\/p>\n<p><strong>\u260e Li\u00ean h\u1ec7 t\u01b0 v\u1ea5n : 0972 658 351 \u2013\u00a0 0962 846 820 (g\u1ecdi tr\u1ef1c ti\u1ebfp ho\u1eb7c Zalo).<\/strong><\/p>\n","protected":false},"featured_media":3514,"comment_status":"open","ping_status":"closed","template":"","meta":[],"product_cat":[37],"product_tag":[],"class_list":{"0":"post-3506","1":"product","2":"type-product","3":"status-publish","4":"has-post-thumbnail","6":"product_cat-gps-dan-duong-xe-dap","8":"first","9":"instock","10":"sale","11":"shipping-taxable","12":"purchasable","13":"product-type-variable","14":"has-default-attributes"},"_links":{"self":[{"href":"https:\/\/gpsgarmin.vn\/index.php?rest_route=\/wp\/v2\/product\/3506","targetHints":{"allow":["GET"]}}],"collection":[{"href":"https:\/\/gpsgarmin.vn\/index.php?rest_route=\/wp\/v2\/product"}],"about":[{"href":"https:\/\/gpsgarmin.vn\/index.php?rest_route=\/wp\/v2\/types\/product"}],"replies":[{"embeddable":true,"href":"https:\/\/gpsgarmin.vn\/index.php?rest_route=%2Fwp%2Fv2%2Fcomments&post=3506"}],"version-history":[{"count":6,"href":"https:\/\/gpsgarmin.vn\/index.php?rest_route=\/wp\/v2\/product\/3506\/revisions"}],"predecessor-version":[{"id":5016,"href":"https:\/\/gpsgarmin.vn\/index.php?rest_route=\/wp\/v2\/product\/3506\/revisions\/5016"}],"wp:featuredmedia":[{"embeddable":true,"href":"https:\/\/gpsgarmin.vn\/index.php?rest_route=\/wp\/v2\/media\/3514"}],"wp:attachment":[{"href":"https:\/\/gpsgarmin.vn\/index.php?rest_route=%2Fwp%2Fv2%2Fmedia&parent=3506"}],"wp:term":[{"taxonomy":"product_cat","embeddable":true,"href":"https:\/\/gpsgarmin.vn\/index.php?rest_route=%2Fwp%2Fv2%2Fproduct_cat&post=3506"},{"taxonomy":"product_tag","embeddable":true,"href":"https:\/\/gpsgarmin.vn\/index.php?rest_route=%2Fwp%2Fv2%2Fproduct_tag&post=3506"}],"curies":[{"name":"wp","href":"https:\/\/api.w.org\/{rel}","templated":true}]}}