{"id":3489,"date":"2025-06-10T11:07:41","date_gmt":"2025-06-10T04:07:41","guid":{"rendered":"http:\/\/demo.garminvietnam.vn\/?post_type=product&#038;p=3489"},"modified":"2025-09-15T10:05:24","modified_gmt":"2025-09-15T03:05:24","slug":"3489","status":"publish","type":"product","link":"https:\/\/gpsgarmin.vn\/?product=3489","title":{"rendered":"Garmin Edge 1040 Solar"},"content":{"rendered":"<h2 data-sourcepos=\"7:1-7:73\">Garmin <a href=\"https:\/\/gpsgarmin.vn\/?product=3489\">Edge 1040 Solar<\/a> &#8211; \u0110\u1ea1p xe kh\u00f4ng gi\u1edbi h\u1ea1n v\u1edbi n\u0103ng l\u01b0\u1ee3ng m\u1eb7t tr\u1eddi<\/h2>\n<p data-sourcepos=\"9:1-9:396\">Ch\u00e0o m\u1eebng b\u1ea1n \u0111\u1ebfn v\u1edbi k\u1ef7 nguy\u00ean m\u1edbi c\u1ee7a vi\u1ec7c \u0111\u1ea1p xe c\u00f9ng <strong>Garmin <a href=\"https:\/\/gpsgarmin.vn\/?product=3489\">Edge 1040 Solar<\/a><\/strong>. \u0110\u01b0\u1ee3c thi\u1ebft k\u1ebf d\u00e0nh cho nh\u1eefng tay \u0111ua xe \u0111\u1ea1p chuy\u00ean nghi\u1ec7p, nh\u1eefng ng\u01b0\u1eddi y\u00eau th\u00edch kh\u00e1m ph\u00e1 v\u00e0 b\u1ea5t k\u1ef3 ai mu\u1ed1n n\u00e2ng t\u1ea7m tr\u1ea3i nghi\u1ec7m \u0111\u1ea1p xe c\u1ee7a m\u00ecnh, <a href=\"https:\/\/gpsgarmin.vn\/?product=3489\">Edge 1040 Solar<\/a> kh\u00f4ng ch\u1ec9 l\u00e0 m\u1ed9t thi\u1ebft b\u1ecb \u0111\u1ecbnh v\u1ecb GPS th\u00f4ng th\u01b0\u1eddng m\u00e0 c\u00f2n l\u00e0 tr\u1ee3 l\u00fd \u0111\u1ea1p xe th\u00f4ng minh nh\u1ea5t, b\u1ec1n b\u1ec9 nh\u1ea5t nh\u1edd kh\u1ea3 n\u0103ng s\u1ea1c n\u0103ng l\u01b0\u1ee3ng m\u1eb7t tr\u1eddi \u0111\u1ed9t ph\u00e1.<\/p>\n<p data-sourcepos=\"9:1-9:396\"><img decoding=\"async\" class=\"app__img-banner__img app__img-banner__img--desktop\" src=\"https:\/\/res.garmin.com\/en\/products\/010-02503-20\/g\/44085-S-D-2-40a01e0f-f39e-4b5f-b760-89d520f0c04a.jpg\" alt=\"\" \/><\/p>\n<h3 data-sourcepos=\"11:1-11:23\">\u0110i\u1ec3m n\u1ed5i b\u1eadt ch\u00ednh:<\/h3>\n<ul data-sourcepos=\"13:1-19:0\">\n<li data-sourcepos=\"13:1-13:200\"><strong>S\u1ea1c n\u0103ng l\u01b0\u1ee3ng m\u1eb7t tr\u1eddi:<\/strong> \u0110\u1ea1p xe l\u00e2u h\u01a1n v\u1edbi th\u1eddi l\u01b0\u1ee3ng pin l\u00ean \u0111\u1ebfn 100 gi\u1edd \u1edf ch\u1ebf \u0111\u1ed9 ti\u1ebft ki\u1ec7m pin ho\u1eb7c 45 gi\u1edd \u1edf ch\u1ebf \u0111\u1ed9 s\u1eed d\u1ee5ng chuy\u00ean s\u00e2u, nh\u1edd v\u00e0o th\u1ea5u k\u00ednh s\u1ea1c n\u0103ng l\u01b0\u1ee3ng m\u1eb7t tr\u1eddi Power Glass\u2122.<\/li>\n<li data-sourcepos=\"14:1-14:145\"><strong>\u0110\u1ecbnh v\u1ecb GPS \u0111a b\u0103ng t\u1ea7n:<\/strong> Theo d\u00f5i v\u1ecb tr\u00ed ch\u00ednh x\u00e1c h\u01a1n bao gi\u1edd h\u1ebft, ngay c\u1ea3 trong m\u00f4i tr\u01b0\u1eddng kh\u00f3 kh\u0103n nh\u1ea5t, v\u1edbi c\u00f4ng ngh\u1ec7 GNSS \u0111a b\u0103ng t\u1ea7n.<\/li>\n<li data-sourcepos=\"15:1-15:159\"><strong>Ph\u00e2n t\u00edch hi\u1ec7u su\u1ea5t to\u00e0n di\u1ec7n:<\/strong> N\u1eafm b\u1eaft s\u00e2u s\u1eafc v\u1ec1 kh\u1ea3 n\u0103ng \u0111\u1ea1p xe c\u1ee7a b\u1ea1n, \u0111i\u1ec3m m\u1ea1nh v\u00e0 \u0111i\u1ec3m y\u1ebfu, \u0111\u1ec3 t\u1ed1i \u01b0u h\u00f3a qu\u00e1 tr\u00ecnh luy\u1ec7n t\u1eadp v\u00e0 \u0111\u1ea1t \u0111\u01b0\u1ee3c m\u1ee5c ti\u00eau.<\/li>\n<li data-sourcepos=\"16:1-16:147\"><strong>H\u01b0\u1edbng d\u1eabn Power Guide:<\/strong> Qu\u1ea3n l\u00fd s\u1ee9c l\u1ef1c hi\u1ec7u qu\u1ea3 v\u1edbi t\u00ednh n\u0103ng Power Guide, gi\u00fap b\u1ea1n duy tr\u00ec t\u1ed1c \u0111\u1ed9 v\u00e0 n\u0103ng l\u01b0\u1ee3ng t\u1ed1i \u01b0u cho su\u1ed1t ch\u1eb7ng \u0111\u01b0\u1eddng.<\/li>\n<li data-sourcepos=\"17:1-17:187\"><strong>T\u00ednh n\u0103ng b\u1ea3n \u0111\u1ed3 n\u00e2ng cao:<\/strong> Kh\u00e1m ph\u00e1 th\u1ebf gi\u1edbi v\u1edbi c\u00e1c b\u1ea3n \u0111\u1ed3 \u0111\u1ea1p xe Garmin Cycle Map \u0111\u01b0\u1ee3c t\u1ea3i s\u1eb5n, cung c\u1ea5p th\u00f4ng tin v\u1ec1 lo\u1ea1i \u0111\u01b0\u1eddng, \u0111\u1ed9 cao, \u0111i\u1ec3m POI v\u00e0 kh\u1ea3 n\u0103ng \u0111\u1ecbnh tuy\u1ebfn chi ti\u1ebft.<\/li>\n<li data-sourcepos=\"18:1-19:0\"><strong>K\u1ebft n\u1ed1i th\u00f4ng minh:<\/strong> Lu\u00f4n gi\u1eef li\u00ean l\u1ea1c v\u1edbi th\u00f4ng b\u00e1o th\u00f4ng minh, theo d\u00f5i tr\u1ef1c ti\u1ebfp, v\u00e0 kh\u1ea3 n\u0103ng t\u1ea3i l\u00ean t\u1ef1 \u0111\u1ed9ng c\u00e1c chuy\u1ebfn \u0111i c\u1ee7a b\u1ea1n.<\/li>\n<\/ul>\n<h3 data-sourcepos=\"20:1-20:27\">C\u00e1c t\u00ednh n\u0103ng chi ti\u1ebft:<\/h3>\n<h4 data-sourcepos=\"22:1-22:41\"><strong>N\u0103ng l\u01b0\u1ee3ng &amp; Th\u1eddi l\u01b0\u1ee3ng pin:<\/strong><\/h4>\n<ul data-sourcepos=\"24:1-26:0\">\n<li data-sourcepos=\"24:1-24:143\"><strong>N\u0102NG L\u01af\u1ee2NG M\u1eb6T TR\u1edcI:<\/strong> Th\u1ea5u k\u00ednh s\u1ea1c n\u0103ng l\u01b0\u1ee3ng m\u1eb7t tr\u1eddi Power Glass\u2122 k\u00e9o d\u00e0i th\u1eddi l\u01b0\u1ee3ng pin, cho ph\u00e9p b\u1ea1n \u0111\u1ea1p xe l\u00e2u h\u01a1n gi\u1eefa c\u00e1c l\u1ea7n s\u1ea1c.<\/li>\n<li data-sourcepos=\"25:1-26:0\"><strong>TH\u1edcI L\u01af\u1ee2NG PIN V\u01af\u1ee2T TR\u1ed8I:<\/strong> T\u1eadn h\u01b0\u1edfng 45 gi\u1edd \u1edf ch\u1ebf \u0111\u1ed9 s\u1eed d\u1ee5ng chuy\u00ean s\u00e2u ho\u1eb7c l\u00ean \u0111\u1ebfn 100 gi\u1edd \u1edf ch\u1ebf \u0111\u1ed9 ti\u1ebft ki\u1ec7m pin, gi\u00fap b\u1ea1n tho\u1ea3i m\u00e1i chinh ph\u1ee5c nh\u1eefng chuy\u1ebfn \u0111i d\u00e0i ng\u00e0y.<\/li>\n<\/ul>\n<h4 data-sourcepos=\"27:1-27:30\"><strong>\u0110\u1ecbnh v\u1ecb &amp; B\u1ea3n \u0111\u1ed3:<\/strong><\/h4>\n<ul data-sourcepos=\"29:1-33:0\">\n<li data-sourcepos=\"29:1-29:149\"><strong>GNSS \u0110A B\u0102NG T\u1ea6N:<\/strong> V\u1edbi c\u00f4ng ngh\u1ec7 GNSS \u0111a b\u0103ng t\u1ea7n, b\u1ea1n s\u1ebd c\u00f3 \u0111\u1ed9 ch\u00ednh x\u00e1c v\u1ecb tr\u00ed v\u01b0\u1ee3t tr\u1ed9i, ngay c\u1ea3 trong r\u1eebng r\u1eadm, n\u00fai non hay \u0111\u00f4 th\u1ecb \u0111\u00f4ng \u0111\u00fac.<\/li>\n<li data-sourcepos=\"30:1-30:195\"><strong>B\u1ea2N \u0110\u1ed2 \u0110\u1eb6C TH\u00d9 CHO XE \u0110\u1ea0P:<\/strong> C\u00e1c b\u1ea3n \u0111\u1ed3 Garmin Cycle Map \u0111\u01b0\u1ee3c t\u1ea3i s\u1eb5n v\u1edbi \u0111\u1ed9 che ph\u1ee7 r\u1ed9ng, cung c\u1ea5p d\u1eef li\u1ec7u \u0111\u01b0\u1eddng Trailforks tr\u00ean to\u00e0n th\u1ebf gi\u1edbi, cho ph\u00e9p b\u1ea1n \u0111i\u1ec1u h\u01b0\u1edbng nh\u01b0 m\u1ed9t ng\u01b0\u1eddi b\u1ea3n \u0111\u1ecba.<\/li>\n<li data-sourcepos=\"31:1-31:178\"><strong>\u0110\u1ecaNH H\u01af\u1edaNG THEO LO\u1ea0I \u0110\u1ecaA H\u00ccNH:<\/strong> Cho d\u00f9 b\u1ea1n \u0111\u1ea1p xe tr\u00ean \u0111\u01b0\u1eddng tr\u01b0\u1eddng, \u0111\u01b0\u1eddng m\u00f2n hay \u0111\u01b0\u1eddng gravel, <a href=\"https:\/\/gpsgarmin.vn\/?product=3489\">Edge 1040 Solar<\/a> s\u1ebd \u0111\u1ecbnh tuy\u1ebfn ph\u00f9 h\u1ee3p, gi\u00fap b\u1ea1n t\u00ecm th\u1ea5y con \u0111\u01b0\u1eddng t\u1ed1t nh\u1ea5t.<\/li>\n<li data-sourcepos=\"32:1-33:0\"><strong>KH\u1ea2 N\u0102NG \u0110\u1ecaNH TUY\u1ebeN L\u1ea0I V\u00c0 TR\u1ede L\u1ea0I \u0110I\u1ec2M XU\u1ea4T PH\u00c1T:<\/strong> N\u1ebfu b\u1ea1n \u0111i l\u1ea1c ho\u1eb7c mu\u1ed1n quay l\u1ea1i, thi\u1ebft b\u1ecb s\u1ebd nhanh ch\u00f3ng \u0111\u1ecbnh tuy\u1ebfn l\u1ea1i cho b\u1ea1n.<\/li>\n<\/ul>\n<p><img decoding=\"async\" class=\"app__img-banner__img app__img-banner__img--desktop\" src=\"https:\/\/res.garmin.com\/en\/products\/010-02503-20\/g\/44085-S-D-44.jpg\" alt=\"\" \/><\/p>\n<h4 data-sourcepos=\"34:1-34:44\"><strong>Theo d\u00f5i hi\u1ec7u su\u1ea5t &amp; Luy\u1ec7n t\u1eadp:<\/strong><\/h4>\n<ul data-sourcepos=\"36:1-45:0\">\n<li data-sourcepos=\"36:1-36:155\"><strong>KH\u1ea2 N\u0102NG \u0110\u1ea0P XE V\u00c0 Y\u00caU C\u1ea6U \u0110\u01af\u1edcNG \u0110UA:<\/strong> So s\u00e1nh kh\u1ea3 n\u0103ng \u0111\u1ea1p xe c\u1ee7a b\u1ea1n v\u1edbi y\u00eau c\u1ea7u c\u1ee7a m\u1ed9t ch\u1eb7ng \u0111\u01b0\u1eddng c\u1ee5 th\u1ec3, gi\u00fap b\u1ea1n hi\u1ec3u r\u00f5 \u0111i\u1ec3m m\u1ea1nh v\u00e0 \u0111i\u1ec3m y\u1ebfu.<\/li>\n<li data-sourcepos=\"37:1-37:126\"><strong>POWER GUIDE:<\/strong> Qu\u1ea3n l\u00fd s\u1ee9c l\u1ef1c th\u00f4ng minh, nh\u1eadn \u0111\u1ec1 xu\u1ea5t c\u00f4ng su\u1ea5t m\u1ee5c ti\u00eau trong su\u1ed1t ch\u1eb7ng \u0111\u01b0\u1eddng \u0111\u1ec3 t\u1ed1i \u01b0u h\u00f3a hi\u1ec7u su\u1ea5t.<\/li>\n<li data-sourcepos=\"38:1-38:166\"><strong>DYNAMIC PERFORMANCE MONITORING:<\/strong> Hi\u1ec3u s\u00e2u h\u01a1n v\u1ec1 c\u00e1ch c\u01a1 th\u1ec3 b\u1ea1n ph\u1ea3n \u1ee9ng v\u1edbi vi\u1ec7c luy\u1ec7n t\u1eadp, bao g\u1ed3m VO2 max, th\u1eddi gian ph\u1ee5c h\u1ed3i, t\u1ea3i luy\u1ec7n t\u1eadp, v\u00e0 h\u01a1n th\u1ebf n\u1eefa.<\/li>\n<li data-sourcepos=\"39:1-39:155\"><strong>T\u00ccNH TR\u1ea0NG LUY\u1ec6N T\u1eacP:<\/strong> T\u1ef1 \u0111\u1ed9ng \u0111\u00e1nh gi\u00e1 l\u1ecbch s\u1eed luy\u1ec7n t\u1eadp v\u00e0 c\u00e1c ch\u1ec9 s\u1ed1 hi\u1ec7u su\u1ea5t \u0111\u1ec3 xem li\u1ec7u b\u1ea1n c\u00f3 \u0111ang luy\u1ec7n t\u1eadp hi\u1ec7u qu\u1ea3, \u0111\u1ea1t \u0111\u1ec9nh hay b\u1ecb qu\u00e1 t\u1ea3i.<\/li>\n<li data-sourcepos=\"40:1-40:148\"><strong>\u0110I\u1ec0U CH\u1ec8NH KHI TH\u1edcI TI\u1ebeT N\u00d3NG V\u00c0 \u0110\u1ed8 CAO:<\/strong> Xem c\u00e1ch c\u01a1 th\u1ec3 b\u1ea1n duy tr\u00ec trong c\u00e1c m\u00f4i tr\u01b0\u1eddng kh\u00e1c nhau khi b\u1ea1n th\u00edch nghi v\u1edbi nhi\u1ec7t \u0111\u1ed9 v\u00e0 \u0111\u1ed9 cao.<\/li>\n<li data-sourcepos=\"41:1-41:119\"><strong>T\u00cdNH N\u0102NG CLIMBPRO:<\/strong> T\u1ef1 \u0111\u1ed9ng xem ph\u1ea7n c\u00f2n l\u1ea1i c\u1ee7a ch\u1eb7ng leo d\u1ed1c v\u00e0 \u0111\u1ed9 d\u1ed1c khi b\u1ea1n theo m\u1ed9t l\u1ed9 tr\u00ecnh ho\u1eb7c kh\u00f3a h\u1ecdc.<\/li>\n<li data-sourcepos=\"42:1-42:116\"><strong>TH\u00d4NG B\u00c1O DINH D\u01af\u1ee0NG V\u00c0 HYDRATION:<\/strong> Nh\u1eadn l\u1eddi nh\u1eafc \u0111\u1ec3 u\u1ed1ng n\u01b0\u1edbc ho\u1eb7c \u0103n u\u1ed1ng d\u1ef1a tr\u00ean d\u1eef li\u1ec7u hi\u1ec7u su\u1ea5t c\u1ee7a b\u1ea1n.<\/li>\n<li data-sourcepos=\"43:1-43:137\"><strong>PH\u00c2N T\u00cdCH \u0110\u1ed8 \u0110\u1ea0P XE:<\/strong> N\u1eafm b\u1eaft s\u1ed1 li\u1ec7u th\u1ed1ng k\u00ea \u0111\u1ea1p xe n\u00e2ng cao, bao g\u1ed3m d\u1eef li\u1ec7u \u0111\u1ea1p xe \u0111\u1ed9ng l\u1ef1c h\u1ecdc (c\u1ea7n c\u1ea3m bi\u1ebfn c\u00f4ng su\u1ea5t Garmin).<\/li>\n<li data-sourcepos=\"44:1-45:0\"><strong>GRIT V\u00c0 FLOW:<\/strong> Grit \u0111\u00e1nh gi\u00e1 \u0111\u1ed9 kh\u00f3 c\u1ee7a m\u1ed9t chuy\u1ebfn \u0111i b\u1eb1ng c\u00e1ch s\u1eed d\u1ee5ng d\u1eef li\u1ec7u GPS, trong khi Flow \u0111o m\u1ee9c \u0111\u1ed9 b\u1ea1n \u0111\u1ea1p xe m\u01b0\u1ee3t m\u00e0 tr\u00ean \u0111\u01b0\u1eddng m\u00f2n.<\/li>\n<\/ul>\n<h4 data-sourcepos=\"46:1-46:33\"><strong>An to\u00e0n &amp; Nh\u1eadn bi\u1ebft:<\/strong><\/h4>\n<ul data-sourcepos=\"48:1-53:0\">\n<li data-sourcepos=\"48:1-48:125\"><strong>K\u1ebeT N\u1ed0I VARIA\u2122:<\/strong> T\u01b0\u01a1ng th\u00edch v\u1edbi \u0111\u00e8n pha th\u00f4ng minh v\u00e0 radar xe \u0111\u1ea1p Varia, c\u1ea3nh b\u00e1o b\u1ea1n v\u1ec1 c\u00e1c ph\u01b0\u01a1ng ti\u1ec7n \u0111ang \u0111\u1ebfn g\u1ea7n.<\/li>\n<li data-sourcepos=\"49:1-49:95\"><strong>PH\u00c1T HI\u1ec6N S\u1ef0 C\u1ed0:<\/strong> T\u1ef1 \u0111\u1ed9ng g\u1eedi v\u1ecb tr\u00ed c\u1ee7a b\u1ea1n cho c\u00e1c li\u00ean h\u1ec7 kh\u1ea9n c\u1ea5p n\u1ebfu ph\u00e1t hi\u1ec7n s\u1ef1 c\u1ed1.<\/li>\n<li data-sourcepos=\"50:1-50:142\"><strong>B\u00c1O \u0110\u1ed8NG XE \u0110\u1ea0P:<\/strong> \u0110\u01b0\u1ee3c b\u1ea3o v\u1ec7 b\u1eb1ng m\u1ed9t b\u00e1o \u0111\u1ed9ng PIN \u0111\u01b0\u1ee3c b\u1ea3o v\u1ec7, s\u1ebd k\u00edch ho\u1ea1t khi xe \u0111\u1ea1p c\u1ee7a b\u1ea1n b\u1ecb di chuy\u1ec3n trong khi b\u1ea1n kh\u00f4ng c\u00f3 m\u1eb7t.<\/li>\n<li data-sourcepos=\"51:1-51:100\"><strong>T\u00cdNH N\u0102NG LIVETRACK:<\/strong> Cho ph\u00e9p b\u1ea1n b\u00e8 v\u00e0 gia \u0111\u00ecnh theo d\u00f5i v\u1ecb tr\u00ed c\u1ee7a b\u1ea1n trong th\u1eddi gian th\u1ef1c.<\/li>\n<li data-sourcepos=\"52:1-53:0\"><strong>NH\u1eaeN TIN GI\u1eeeA C\u00c1C TAY \u0110UA:<\/strong> G\u1eedi tin nh\u1eafn \u0111\u01b0\u1ee3c x\u00e1c \u0111\u1ecbnh tr\u01b0\u1edbc cho c\u00e1c tay \u0111ua kh\u00e1c trong nh\u00f3m c\u1ee7a b\u1ea1n (c\u1ea7n k\u1ebft n\u1ed1i v\u1edbi c\u00e1c thi\u1ebft b\u1ecb Edge t\u01b0\u01a1ng th\u00edch).<\/li>\n<\/ul>\n<h4 data-sourcepos=\"54:1-54:33\"><strong>K\u1ebft n\u1ed1i &amp; T\u00f9y ch\u1ec9nh:<\/strong><\/h4>\n<ul data-sourcepos=\"56:1-61:0\">\n<li data-sourcepos=\"56:1-56:148\"><strong>KH\u1ea2 N\u0102NG T\u01af\u01a0NG TH\u00cdCH V\u1edaI SMART TRAINER:<\/strong> Gh\u00e9p n\u1ed1i <a href=\"https:\/\/gpsgarmin.vn\/?product=3489\">Edge 1040 Solar<\/a> v\u1edbi smart trainer Tacx\u00ae c\u1ee7a b\u1ea1n \u0111\u1ec3 theo d\u00f5i v\u00e0 \u0111i\u1ec1u khi\u1ec3n c\u00e1c bu\u1ed5i luy\u1ec7n t\u1eadp.<\/li>\n<li data-sourcepos=\"57:1-57:142\"><strong>THI\u1ebeT L\u1eacP T\u1ef0 \u0110\u1ed8NG:<\/strong> \u0110\u01a1n gi\u1ea3n h\u00f3a qu\u00e1 tr\u00ecnh thi\u1ebft l\u1eadp v\u1edbi c\u00e1c c\u1ea5u h\u00ecnh chuy\u1ebfn \u0111i \u0111\u01b0\u1ee3c t\u1ea3i s\u1eb5n d\u1ef1a tr\u00ean lo\u1ea1i chuy\u1ebfn \u0111i v\u00e0 c\u1ea3m bi\u1ebfn c\u1ee7a b\u1ea1n.<\/li>\n<li data-sourcepos=\"58:1-58:111\"><strong>KHO \u1ee8NG D\u1ee4NG CONNECT IQ\u2122:<\/strong> T\u1ea3i xu\u1ed1ng c\u00e1c tr\u01b0\u1eddng d\u1eef li\u1ec7u t\u00f9y ch\u1ec9nh, \u1ee9ng d\u1ee5ng v\u00e0 widget t\u1eeb Connect IQ Store.<\/li>\n<li data-sourcepos=\"59:1-59:133\"><strong>TH\u00d4NG B\u00c1O TH\u00d4NG MINH:<\/strong> Nh\u1eadn tin nh\u1eafn v\u00e0 c\u1ea3nh b\u00e1o ngay tr\u00ean Edge c\u1ee7a b\u1ea1n khi \u0111\u01b0\u1ee3c gh\u00e9p n\u1ed1i v\u1edbi \u0111i\u1ec7n tho\u1ea1i th\u00f4ng minh t\u01b0\u01a1ng th\u00edch.<\/li>\n<li data-sourcepos=\"60:1-61:0\"><strong>\u0110\u1ed2NG B\u1ed8 V\u1edaI GARMIN CONNECT:<\/strong> T\u1ea3i l\u00ean c\u00e1c chuy\u1ebfn \u0111i c\u1ee7a b\u1ea1n v\u00e0o \u1ee9ng d\u1ee5ng Garmin Connect\u2122 \u0111\u1ec3 xem l\u1ea1i, ph\u00e2n t\u00edch v\u00e0 chia s\u1ebb.<\/li>\n<\/ul>\n<p>&nbsp;<\/p>\n","protected":false},"excerpt":{"rendered":"<p><strong>\u2282\u2329 B\u1ea2O H\u00c0NH CH\u00cdNH H\u00c3NG 2 N\u0102M \u232a\u2283<\/strong><\/p>\n<p><strong>\u260e Li\u00ean h\u1ec7 t\u01b0 v\u1ea5n : 0972 658 351 \u2013\u00a0 0962 846 820 (g\u1ecdi tr\u1ef1c ti\u1ebfp ho\u1eb7c Zalo).<\/strong><\/p>\n","protected":false},"featured_media":3494,"comment_status":"open","ping_status":"closed","template":"","meta":[],"product_cat":[37],"product_tag":[],"class_list":{"0":"post-3489","1":"product","2":"type-product","3":"status-publish","4":"has-post-thumbnail","6":"product_cat-gps-dan-duong-xe-dap","8":"first","9":"instock","10":"sale","11":"shipping-taxable","12":"purchasable","13":"product-type-simple"},"_links":{"self":[{"href":"https:\/\/gpsgarmin.vn\/index.php?rest_route=\/wp\/v2\/product\/3489","targetHints":{"allow":["GET"]}}],"collection":[{"href":"https:\/\/gpsgarmin.vn\/index.php?rest_route=\/wp\/v2\/product"}],"about":[{"href":"https:\/\/gpsgarmin.vn\/index.php?rest_route=\/wp\/v2\/types\/product"}],"replies":[{"embeddable":true,"href":"https:\/\/gpsgarmin.vn\/index.php?rest_route=%2Fwp%2Fv2%2Fcomments&post=3489"}],"version-history":[{"count":5,"href":"https:\/\/gpsgarmin.vn\/index.php?rest_route=\/wp\/v2\/product\/3489\/revisions"}],"predecessor-version":[{"id":5018,"href":"https:\/\/gpsgarmin.vn\/index.php?rest_route=\/wp\/v2\/product\/3489\/revisions\/5018"}],"wp:featuredmedia":[{"embeddable":true,"href":"https:\/\/gpsgarmin.vn\/index.php?rest_route=\/wp\/v2\/media\/3494"}],"wp:attachment":[{"href":"https:\/\/gpsgarmin.vn\/index.php?rest_route=%2Fwp%2Fv2%2Fmedia&parent=3489"}],"wp:term":[{"taxonomy":"product_cat","embeddable":true,"href":"https:\/\/gpsgarmin.vn\/index.php?rest_route=%2Fwp%2Fv2%2Fproduct_cat&post=3489"},{"taxonomy":"product_tag","embeddable":true,"href":"https:\/\/gpsgarmin.vn\/index.php?rest_route=%2Fwp%2Fv2%2Fproduct_tag&post=3489"}],"curies":[{"name":"wp","href":"https:\/\/api.w.org\/{rel}","templated":true}]}}