{"id":3480,"date":"2025-06-10T09:35:45","date_gmt":"2025-06-10T02:35:45","guid":{"rendered":"http:\/\/demo.garminvietnam.vn\/?post_type=product&#038;p=3480"},"modified":"2025-09-15T10:13:24","modified_gmt":"2025-09-15T03:13:24","slug":"garmin-zumo-xt-2","status":"publish","type":"product","link":"https:\/\/gpsgarmin.vn\/?product=garmin-zumo-xt-2","title":{"rendered":"Garmin Zumo XT 2"},"content":{"rendered":"<h2 data-sourcepos=\"5:1-5:64\">Garmin <a href=\"https:\/\/gpsgarmin.vn\/?product=garmin-zumo-xt-2\">Zumo XT2<\/a> \u2013 Thi\u1ebft b\u1ecb \u0111\u1ecbnh v\u1ecb chuy\u00ean d\u1ee5ng d\u00e0nh cho biker<\/h2>\n<p data-sourcepos=\"7:1-7:313\">Garmin <a href=\"https:\/\/gpsgarmin.vn\/?product=garmin-zumo-xt-2\">Zumo XT2<\/a> l\u00e0 ng\u01b0\u1eddi b\u1ea1n \u0111\u1ed3ng h\u00e0nh kh\u00f4ng th\u1ec3 thi\u1ebfu cho m\u1ecdi h\u00e0nh tr\u00ecnh kh\u00e1m ph\u00e1, t\u1eeb nh\u1eefng cung \u0111\u01b0\u1eddng nh\u1ef1a m\u01b0\u1ee3t m\u00e0 \u0111\u1ebfn nh\u1eefng l\u1ed1i m\u00f2n off-road \u0111\u1ea7y th\u1eed th\u00e1ch. \u0110\u01b0\u1ee3c thi\u1ebft k\u1ebf d\u00e0nh ri\u00eang cho c\u00e1c biker, <a href=\"https:\/\/gpsgarmin.vn\/?product=garmin-zumo-xt-2\">Zumo XT2<\/a> mang \u0111\u1ebfn tr\u1ea3i nghi\u1ec7m \u0111i\u1ec1u h\u01b0\u1edbng \u0111\u1ec9nh cao v\u1edbi m\u00e0n h\u00ecnh l\u1edbn, si\u00eau s\u00e1ng c\u00f9ng h\u00e0ng lo\u1ea1t t\u00ednh n\u0103ng th\u00f4ng minh.<\/p>\n<p data-sourcepos=\"7:1-7:313\"><img fetchpriority=\"high\" decoding=\"async\" class=\"app__feature__card__image alignnone\" src=\"https:\/\/res.garmin.com\/it-production\/image\/upload\/v1674052968\/Product_Images\/en\/products\/010-02781-00\/g\/54015-1.jpg\" alt=\"\" width=\"380\" height=\"309\" \/><img decoding=\"async\" class=\"app__feature__card__image\" src=\"https:\/\/res.garmin.com\/it-production\/image\/upload\/v1674052968\/Product_Images\/en\/products\/010-02781-00\/g\/54015-3.jpg\" alt=\"\" width=\"380\" height=\"309\" \/><img decoding=\"async\" class=\"app__feature__card__image\" src=\"https:\/\/res.garmin.com\/it-production\/image\/upload\/v1674052968\/Product_Images\/en\/products\/010-02781-00\/g\/54015-555.jpg\" alt=\"\" width=\"380\" height=\"309\" \/><\/p>\n<h3 data-sourcepos=\"9:1-9:22\">T\u00ednh n\u0103ng n\u1ed5i b\u1eadt:<\/h3>\n<ul data-sourcepos=\"11:1-34:0\">\n<li data-sourcepos=\"11:1-11:278\"><strong>M\u00e0n h\u00ecnh si\u00eau s\u00e1ng, hi\u1ec3n th\u1ecb r\u00f5 n\u00e9t:<\/strong> S\u1edf h\u1eefu m\u00e0n h\u00ecnh 6 inch c\u1ea3m \u1ee9ng \u0111a \u0111i\u1ec3m, \u0111\u1ed9 ph\u00e2n gi\u1ea3i HD (1280 x 720 pixels), <a href=\"https:\/\/gpsgarmin.vn\/?product=garmin-zumo-xt-2\">Zumo XT2<\/a> hi\u1ec3n th\u1ecb th\u00f4ng tin r\u00f5 r\u00e0ng ngay c\u1ea3 d\u01b0\u1edbi \u00e1nh n\u1eafng gay g\u1eaft. M\u00e0n h\u00ecnh \u0111\u01b0\u1ee3c thi\u1ebft k\u1ebf \u0111\u1ec3 s\u1eed d\u1ee5ng d\u1ec5 d\u00e0ng v\u1edbi g\u0103ng tay v\u00e0 c\u00f3 th\u1ec3 xoay d\u1ecdc ho\u1eb7c ngang t\u00f9y \u00fd.<\/li>\n<li data-sourcepos=\"12:1-12:232\"><strong>Thi\u1ebft k\u1ebf b\u1ec1n b\u1ec9, ch\u1ed1ng ch\u1ecbu m\u1ecdi \u0111i\u1ec1u ki\u1ec7n:<\/strong> V\u1edbi tr\u1ecdng l\u01b0\u1ee3ng 340g, thi\u1ebft b\u1ecb \u0111\u1ea1t chu\u1ea9n ch\u1ed1ng n\u01b0\u1edbc IPX7 v\u00e0 x\u1ebfp h\u1ea1ng \u0111\u1ed9 b\u1ec1n MIL-STD-810, \u0111\u1ea3m b\u1ea3o ho\u1ea1t \u0111\u1ed9ng \u1ed5n \u0111\u1ecbnh trong m\u1ecdi \u0111i\u1ec1u ki\u1ec7n th\u1eddi ti\u1ebft v\u00e0 ch\u1ecbu \u0111\u01b0\u1ee3c rung \u0111\u1ed9ng m\u1ea1nh t\u1eeb xe m\u00e1y.<\/li>\n<li data-sourcepos=\"13:1-17:65\"><strong>B\u1ea3n \u0111\u1ed3 to\u00e0n di\u1ec7n, c\u1eadp nh\u1eadt li\u00ean t\u1ee5c:<\/strong>\n<ul data-sourcepos=\"14:5-17:65\">\n<li data-sourcepos=\"14:5-14:64\">T\u00edch h\u1ee3p s\u1eb5n b\u1ea3n \u0111\u1ed3 \u0111\u01b0\u1eddng ph\u1ed1 v\u00e0 \u0111\u1ecba h\u00ecnh 3D (3D Terrain).<\/li>\n<li data-sourcepos=\"15:5-15:61\">H\u1ed7 tr\u1ee3 th\u1ebb nh\u1edb microSD\u2122 (t\u1ed1i \u0111a 256 GB) \u0111\u1ec3 th\u00eam b\u1ea3n \u0111\u1ed3.<\/li>\n<li data-sourcepos=\"16:5-16:39\">Bao g\u1ed3m c\u1eadp nh\u1eadt b\u1ea3n \u0111\u1ed3 mi\u1ec5n ph\u00ed.<\/li>\n<li data-sourcepos=\"17:5-17:65\">T\u1ea3i xu\u1ed1ng h\u00ecnh \u1ea3nh v\u1ec7 tinh BirdsEye tr\u1ef1c ti\u1ebfp v\u00e0o thi\u1ebft b\u1ecb.<\/li>\n<\/ul>\n<\/li>\n<li data-sourcepos=\"18:1-18:161\"><strong>H\u1ec7 th\u1ed1ng \u0111\u1ecbnh v\u1ecb \u0111a GNSS ch\u00ednh x\u00e1c:<\/strong> S\u1eed d\u1ee5ng \u0111\u1ed3ng th\u1eddi GPS, GALILEO v\u00e0 MULTI-GNSS 10 Hz, <a href=\"https:\/\/gpsgarmin.vn\/?product=garmin-zumo-xt-2\">Zumo XT2<\/a> cung c\u1ea5p kh\u1ea3 n\u0103ng \u0111\u1ecbnh v\u1ecb nhanh ch\u00f3ng v\u00e0 c\u1ef1c k\u1ef3 ch\u00ednh x\u00e1c.<\/li>\n<li data-sourcepos=\"19:1-25:126\"><strong>T\u00ednh n\u0103ng \u0111i\u1ec1u h\u01b0\u1edbng th\u00f4ng minh:<\/strong>\n<ul data-sourcepos=\"20:5-25:126\">\n<li data-sourcepos=\"20:5-20:123\"><strong>C\u00f4ng c\u1ee5 l\u1eadp k\u1ebf ho\u1ea1ch l\u1ed9 tr\u00ecnh tr\u1ef1c quan (Visual Route Planner):<\/strong> D\u1ec5 d\u00e0ng t\u1ea1o v\u00e0 t\u00f9y ch\u1ec9nh c\u00e1c tuy\u1ebfn \u0111\u01b0\u1eddng c\u1ee7a b\u1ea1n.<\/li>\n<li data-sourcepos=\"21:5-21:123\"><strong>H\u01b0\u1edbng d\u1eabn b\u1eb1ng gi\u1ecdng n\u00f3i Garmin Real Directions\u2122:<\/strong> Cung c\u1ea5p h\u01b0\u1edbng d\u1eabn chi ti\u1ebft d\u1ef1a tr\u00ean c\u00e1c \u0111i\u1ec3m m\u1ed1c d\u1ec5 nh\u1eadn bi\u1ebft.<\/li>\n<li data-sourcepos=\"22:5-22:111\"><strong>T\u00ecm ki\u1ebfm POI v\u1edbi \u0111\u00e1nh gi\u00e1 t\u1eeb Tripadvisor\u00ae v\u00e0 iOverlander:<\/strong> Kh\u00e1m ph\u00e1 c\u00e1c \u0111\u1ecba \u0111i\u1ec3m th\u00fa v\u1ecb tr\u00ean \u0111\u01b0\u1eddng \u0111i.<\/li>\n<li data-sourcepos=\"23:5-23:126\"><strong>Tuy\u1ebfn \u0111\u01b0\u1eddng phi\u00eau l\u01b0u Garmin Adventurous Routing\u2122:<\/strong> Ch\u1ecdn c\u00e1c tuy\u1ebfn \u0111\u01b0\u1eddng quanh co, \u0111\u1ed3i n\u00fai ho\u1eb7c off-road \u0111\u1ea7y h\u1ea5p d\u1eabn.<\/li>\n<li data-sourcepos=\"24:5-24:106\"><strong>C\u1ea3nh b\u00e1o l\u00e1i xe:<\/strong> Nh\u1eadn c\u1ea3nh b\u00e1o v\u1ec1 c\u00e1c kh\u00fac cua g\u1ea5p, tr\u01b0\u1eddng h\u1ecdc, \u0111\u00e8n giao th\u00f4ng v\u00e0 camera t\u1ed1c \u0111\u1ed9.<\/li>\n<li data-sourcepos=\"25:5-25:126\"><strong>Th\u00f4ng tin giao th\u00f4ng v\u00e0 th\u1eddi ti\u1ebft tr\u1ef1c ti\u1ebfp:<\/strong> Khi \u0111\u01b0\u1ee3c gh\u00e9p n\u1ed1i v\u1edbi \u1ee9ng d\u1ee5ng Garmin Tread tr\u00ean \u0111i\u1ec7n tho\u1ea1i th\u00f4ng minh.<\/li>\n<\/ul>\n<\/li>\n<li data-sourcepos=\"26:1-31:113\"><strong>K\u1ebft n\u1ed1i m\u1edf r\u1ed9ng v\u00e0 t\u00ednh n\u0103ng c\u1ed9ng \u0111\u1ed3ng:<\/strong>\n<ul data-sourcepos=\"27:5-31:113\">\n<li data-sourcepos=\"27:5-27:158\"><strong>Gh\u00e9p n\u1ed1i v\u1edbi thi\u1ebft b\u1ecb inReach\u00ae t\u01b0\u01a1ng th\u00edch:<\/strong> G\u1eedi tin nh\u1eafn hai chi\u1ec1u, chia s\u1ebb v\u1ecb tr\u00ed v\u00e0 k\u00edch ho\u1ea1t SOS trong tr\u01b0\u1eddng h\u1ee3p kh\u1ea9n c\u1ea5p (c\u1ea7n \u0111\u0103ng k\u00fd v\u1ec7 tinh).<\/li>\n<li data-sourcepos=\"28:5-28:154\"><strong>T\u01b0\u01a1ng th\u00edch v\u1edbi h\u1ed9p chuy\u1ec3n m\u1ea1ch k\u1ef9 thu\u1eadt s\u1ed1 Garmin PowerSwitch\u2122:<\/strong> \u0110i\u1ec1u khi\u1ec3n c\u00e1c thi\u1ebft b\u1ecb \u0111i\u1ec7n t\u1eed 12 volt c\u1ee7a xe m\u00e1y ngay tr\u00ean m\u00e0n h\u00ecnh <a href=\"https:\/\/gpsgarmin.vn\/?product=garmin-zumo-xt-2\">Zumo XT2<\/a>.<\/li>\n<li data-sourcepos=\"29:5-29:160\"><strong>Group Ride Mobile v\u00e0 Group Ride Radio (ph\u1ee5 ki\u1ec7n b\u00e1n ri\u00eang):<\/strong> Theo d\u00f5i v\u1ecb tr\u00ed v\u00e0 tr\u00f2 chuy\u1ec7n v\u1edbi nh\u1eefng ng\u01b0\u1eddi c\u00f9ng \u0111o\u00e0n ngay c\u1ea3 khi kh\u00f4ng c\u00f3 s\u00f3ng di \u0111\u1ed9ng.<\/li>\n<li data-sourcepos=\"30:5-30:177\"><strong>T\u01b0\u01a1ng th\u00edch v\u1edbi \u1ee9ng d\u1ee5ng Garmin Tread:<\/strong> L\u1eadp k\u1ebf ho\u1ea1ch l\u1ed9 tr\u00ecnh, qu\u1ea3n l\u00fd d\u1eef li\u1ec7u (waypoints, tracks, routes) v\u00e0 xem nh\u1eadt k\u00fd h\u00e0nh tr\u00ecnh chi ti\u1ebft (t\u1ed1c \u0111\u1ed9, gia t\u1ed1c, \u0111\u1ed9 cao).<\/li>\n<li data-sourcepos=\"31:5-31:113\"><strong>G\u1ecdi \u0111i\u1ec7n r\u1ea3nh tay:<\/strong> Th\u1ef1c hi\u1ec7n cu\u1ed9c g\u1ecdi qua k\u1ebft n\u1ed1i Bluetooth\u00ae v\u1edbi m\u0169 b\u1ea3o hi\u1ec3m ho\u1eb7c tai nghe t\u01b0\u01a1ng th\u00edch.<\/li>\n<\/ul>\n<\/li>\n<li data-sourcepos=\"32:1-32:80\"><strong>B\u1ed9 nh\u1edb trong l\u1edbn:<\/strong> 32 GB b\u1ed9 nh\u1edb trong, c\u00f3 th\u1ec3 m\u1edf r\u1ed9ng v\u1edbi th\u1ebb nh\u1edb microSD\u2122.<\/li>\n<li data-sourcepos=\"33:1-34:0\"><strong>Nh\u1eadt k\u00fd l\u1ecbch s\u1eed d\u1ecbch v\u1ee5:<\/strong> Ghi l\u1ea1i c\u00e1c th\u00f4ng tin b\u1ea3o d\u01b0\u1ee1ng c\u1ee7a xe m\u00e1y.<\/li>\n<\/ul>\n<p data-sourcepos=\"35:1-35:171\">Garmin <a href=\"https:\/\/gpsgarmin.vn\/?product=garmin-zumo-xt-2\">Zumo XT2<\/a> kh\u00f4ng ch\u1ec9 l\u00e0 m\u1ed9t thi\u1ebft b\u1ecb \u0111\u1ecbnh v\u1ecb, m\u00e0 c\u00f2n l\u00e0 m\u1ed9t trung t\u00e2m \u0111i\u1ec1u khi\u1ec3n h\u00e0nh tr\u00ecnh, gi\u00fap b\u1ea1n t\u1ef1 tin kh\u00e1m ph\u00e1 m\u1ecdi n\u1ebbo \u0111\u01b0\u1eddng v\u1edbi s\u1ef1 an to\u00e0n v\u00e0 ti\u1ec7n l\u1ee3i t\u1ed1i \u0111a.<\/p>\n","protected":false},"excerpt":{"rendered":"<p><strong>\u2282\u2329 B\u1ea2O H\u00c0NH CH\u00cdNH H\u00c3NG 2 N\u0102M \u232a\u2283<\/strong><\/p>\n<p><strong>\u260e Li\u00ean h\u1ec7 t\u01b0 v\u1ea5n : 0972 658 351 \u2013\u00a0 0962 846 820 (g\u1ecdi tr\u1ef1c ti\u1ebfp ho\u1eb7c Zalo).<\/strong><\/p>\n","protected":false},"featured_media":3487,"comment_status":"open","ping_status":"closed","template":"","meta":[],"product_cat":[28],"product_tag":[],"class_list":{"0":"post-3480","1":"product","2":"type-product","3":"status-publish","4":"has-post-thumbnail","6":"product_cat-gps-dan-duong-moto","8":"first","9":"instock","10":"shipping-taxable","11":"purchasable","12":"product-type-simple"},"_links":{"self":[{"href":"https:\/\/gpsgarmin.vn\/index.php?rest_route=\/wp\/v2\/product\/3480","targetHints":{"allow":["GET"]}}],"collection":[{"href":"https:\/\/gpsgarmin.vn\/index.php?rest_route=\/wp\/v2\/product"}],"about":[{"href":"https:\/\/gpsgarmin.vn\/index.php?rest_route=\/wp\/v2\/types\/product"}],"replies":[{"embeddable":true,"href":"https:\/\/gpsgarmin.vn\/index.php?rest_route=%2Fwp%2Fv2%2Fcomments&post=3480"}],"version-history":[{"count":4,"href":"https:\/\/gpsgarmin.vn\/index.php?rest_route=\/wp\/v2\/product\/3480\/revisions"}],"predecessor-version":[{"id":5019,"href":"https:\/\/gpsgarmin.vn\/index.php?rest_route=\/wp\/v2\/product\/3480\/revisions\/5019"}],"wp:featuredmedia":[{"embeddable":true,"href":"https:\/\/gpsgarmin.vn\/index.php?rest_route=\/wp\/v2\/media\/3487"}],"wp:attachment":[{"href":"https:\/\/gpsgarmin.vn\/index.php?rest_route=%2Fwp%2Fv2%2Fmedia&parent=3480"}],"wp:term":[{"taxonomy":"product_cat","embeddable":true,"href":"https:\/\/gpsgarmin.vn\/index.php?rest_route=%2Fwp%2Fv2%2Fproduct_cat&post=3480"},{"taxonomy":"product_tag","embeddable":true,"href":"https:\/\/gpsgarmin.vn\/index.php?rest_route=%2Fwp%2Fv2%2Fproduct_tag&post=3480"}],"curies":[{"name":"wp","href":"https:\/\/api.w.org\/{rel}","templated":true}]}}