{"id":3471,"date":"2025-06-10T09:00:17","date_gmt":"2025-06-10T02:00:17","guid":{"rendered":"http:\/\/demo.garminvietnam.vn\/?post_type=product&#038;p=3471"},"modified":"2025-09-15T10:13:52","modified_gmt":"2025-09-15T03:13:52","slug":"garmin-zumo-xt","status":"publish","type":"product","link":"https:\/\/gpsgarmin.vn\/?product=garmin-zumo-xt","title":{"rendered":"Garmin Zumo XT"},"content":{"rendered":"<h2 data-sourcepos=\"1:1-1:50\"><strong>M\u00e1y \u0111\u1ecbnh v\u1ecb GPS Garmin <a href=\"https:\/\/gpsgarmin.vn\/?product=garmin-zumo-xt\">Zumo XT<\/a> d\u00e0nh cho xe m\u00e1y<\/strong><\/h2>\n<p data-sourcepos=\"3:1-3:320\">Garmin <a href=\"https:\/\/gpsgarmin.vn\/?product=garmin-zumo-xt\">Zumo XT<\/a> l\u00e0 thi\u1ebft b\u1ecb \u0111\u1ecbnh v\u1ecb GPS \u0111\u01b0\u1ee3c thi\u1ebft k\u1ebf \u0111\u1eb7c bi\u1ec7t cho nh\u1eefng ng\u01b0\u1eddi \u0111am m\u00ea xe m\u00e1y, mang \u0111\u1ebfn tr\u1ea3i nghi\u1ec7m \u0111i\u1ec1u h\u01b0\u1edbng v\u01b0\u1ee3t tr\u1ed9i d\u00f9 b\u1ea1n \u0111ang di chuy\u1ec3n tr\u00ean \u0111\u01b0\u1eddng nh\u1ef1a hay kh\u00e1m ph\u00e1 nh\u1eefng cung \u0111\u01b0\u1eddng off-road. V\u1edbi m\u00e0n h\u00ecnh si\u00eau s\u00e1ng v\u00e0 thi\u1ebft k\u1ebf b\u1ec1n b\u1ec9, <a href=\"https:\/\/gpsgarmin.vn\/?product=garmin-zumo-xt\">Zumo XT<\/a> l\u00e0 ng\u01b0\u1eddi b\u1ea1n \u0111\u1ed3ng h\u00e0nh \u0111\u00e1ng tin c\u1eady tr\u00ean m\u1ecdi h\u00e0nh tr\u00ecnh.<\/p>\n<div class=\"app__img-banner app__life-style__img-con\" style=\"text-align: center;\"><img decoding=\"async\" class=\"app__img-banner__img__desktop app__img-banner__img\" src=\"https:\/\/res.garmin.com\/en\/products\/010-02296-00\/g\/27753-D-4-dcfc5ff0-e54f-41ae-803f-a7bf1cca69ab.jpg\" alt=\"\" \/><\/div>\n<p data-sourcepos=\"5:1-5:26\"><strong>C\u00e1c t\u00ednh n\u0103ng n\u1ed5i b\u1eadt:<\/strong><\/p>\n<ul data-sourcepos=\"7:1-30:0\">\n<li data-sourcepos=\"7:1-7:213\"><strong>M\u00e0n h\u00ecnh si\u00eau s\u00e1ng:<\/strong> M\u00e0n h\u00ecnh c\u1ea3m \u1ee9ng 5.5 inch (14 cm) c\u1ef1c k\u1ef3 s\u00e1ng, \u0111\u1ed9 ph\u00e2n gi\u1ea3i HD s\u1eafc n\u00e9t, d\u1ec5 d\u00e0ng quan s\u00e1t trong m\u1ecdi \u0111i\u1ec1u ki\u1ec7n \u00e1nh s\u00e1ng v\u00e0 c\u00f3 th\u1ec3 \u0111i\u1ec1u khi\u1ec3n b\u1eb1ng g\u0103ng tay. H\u1ed7 tr\u1ee3 ch\u1ebf \u0111\u1ed9 xem ngang ho\u1eb7c d\u1ecdc.<\/li>\n<li data-sourcepos=\"8:1-8:183\"><strong>Thi\u1ebft k\u1ebf b\u1ec1n b\u1ec9:<\/strong> <a href=\"https:\/\/gpsgarmin.vn\/?product=garmin-zumo-xt\">Zumo XT<\/a> \u0111\u01b0\u1ee3c ch\u1ebf t\u1ea1o \u0111\u1ec3 ch\u1ecbu \u0111\u01b0\u1ee3c m\u1ecdi \u0111i\u1ec1u ki\u1ec7n th\u1eddi ti\u1ebft kh\u1eafc nghi\u1ec7t (chu\u1ea9n ch\u1ed1ng n\u01b0\u1edbc IPX7) v\u00e0 \u0111\u1ecba h\u00ecnh hi\u1ec3m tr\u1edf (chu\u1ea9n qu\u00e2n \u0111\u1ed9i MIL-STD-810 v\u1ec1 ch\u1ed1ng va \u0111\u1eadp).<\/li>\n<li data-sourcepos=\"9:1-9:229\"><strong>Th\u1eddi l\u01b0\u1ee3ng pin \u1ea5n t\u01b0\u1ee3ng:<\/strong> Pin t\u00edch h\u1ee3p cho th\u1eddi l\u01b0\u1ee3ng s\u1eed d\u1ee5ng l\u00ean \u0111\u1ebfn 3.5 gi\u1edd v\u1edbi \u0111\u1ed9 s\u00e1ng 100% v\u00e0 l\u00ean \u0111\u1ebfn 6 gi\u1edd \u1edf ch\u1ebf \u0111\u1ed9 c\u00e0i \u0111\u1eb7t th\u00f4ng th\u01b0\u1eddng. C\u00f3 th\u1ec3 c\u1ea5p ngu\u1ed3n tr\u1ef1c ti\u1ebfp t\u1eeb xe m\u00e1y \u0111\u1ec3 s\u1eed d\u1ee5ng li\u00ean t\u1ee5c trong c\u00e1c chuy\u1ebfn \u0111i d\u00e0i.<\/li>\n<li data-sourcepos=\"10:1-14:184\"><strong>B\u1ea3n \u0111\u1ed3 \u0111a d\u1ea1ng:<\/strong>\n<ul data-sourcepos=\"11:5-14:184\">\n<li data-sourcepos=\"11:5-11:254\"><strong>B\u1ea3n \u0111\u1ed3 \u0111\u01b0\u1eddng b\u1ed9 c\u00e0i \u0111\u1eb7t s\u1eb5n:<\/strong> Bao g\u1ed3m b\u1ea3n \u0111\u1ed3 \u0111\u01b0\u1eddng ph\u1ed1 chi ti\u1ebft cho c\u00e1c khu v\u1ef1c nh\u01b0 Hoa K\u1ef3, Mexico, Canada, Puerto Rico, Qu\u1ea7n \u0111\u1ea3o Virgin thu\u1ed9c Hoa K\u1ef3, Qu\u1ea7n \u0111\u1ea3o Cayman v\u00e0 Bahamas (t\u00f9y thu\u1ed9c v\u00e0o khu v\u1ef1c mua h\u00e0ng). Bao g\u1ed3m c\u1eadp nh\u1eadt b\u1ea3n \u0111\u1ed3 tr\u1ecdn \u0111\u1eddi.<\/li>\n<li data-sourcepos=\"12:5-12:180\"><strong>B\u1ea3n \u0111\u1ed3 \u0111\u1ecba h\u00ecnh Off-road:<\/strong> Khuy\u1ebfn kh\u00edch nh\u1eefng chuy\u1ebfn \u0111i m\u1ea1o hi\u1ec3m v\u1edbi b\u1ea3n \u0111\u1ed3 \u0111\u1ecba h\u00ecnh off-road \u0111\u01b0\u1ee3c t\u1ea3i s\u1eb5n, hi\u1ec3n th\u1ecb ranh gi\u1edbi \u0111\u1ea5t c\u00f4ng, \u0111\u01b0\u1eddng 4&#215;4 v\u00e0 nhi\u1ec1u th\u00f4ng tin kh\u00e1c.<\/li>\n<li data-sourcepos=\"13:5-13:164\"><strong>\u1ea2nh v\u1ec7 tinh BirdsEye:<\/strong> Truy c\u1eadp \u1ea3nh v\u1ec7 tinh BirdsEye to\u00e0n c\u1ea7u v\u1edbi kh\u1ea3 n\u0103ng t\u1ea3i tr\u1ef1c ti\u1ebfp v\u1ec1 thi\u1ebft b\u1ecb qua k\u1ebft n\u1ed1i Wi-Fi, kh\u00f4ng y\u00eau c\u1ea7u ph\u00ed \u0111\u0103ng k\u00fd h\u00e0ng n\u0103m.<\/li>\n<li data-sourcepos=\"14:5-14:184\"><strong>Chuy\u1ec3n \u0111\u1ed5i b\u1ea3n \u0111\u1ed3 \u0111\u01a1n gi\u1ea3n:<\/strong> D\u1ec5 d\u00e0ng chuy\u1ec3n \u0111\u1ed5i nhanh ch\u00f3ng gi\u1eefa b\u1ea3n \u0111\u1ed3 \u0111\u01b0\u1eddng b\u1ed9, b\u1ea3n \u0111\u1ed3 \u0111\u1ecba h\u00ecnh v\u00e0 \u1ea3nh v\u1ec7 tinh BirdsEye \u0111\u1ec3 lu\u00f4n c\u00f3 b\u1ea3n \u0111\u1ed3 ph\u00f9 h\u1ee3p nh\u1ea5t cho chuy\u1ebfn \u0111i c\u1ee7a b\u1ea1n.<\/li>\n<\/ul>\n<\/li>\n<li data-sourcepos=\"15:1-18:158\"><strong>\u0110i\u1ec1u h\u01b0\u1edbng th\u00f4ng minh:<\/strong>\n<ul data-sourcepos=\"16:5-18:158\">\n<li data-sourcepos=\"16:5-16:235\"><strong>\u0110\u1ecbnh tuy\u1ebfn phi\u00eau l\u01b0u Garmin (Garmin Adventurous Routing\u2122):<\/strong> Bi\u1ebfn nh\u1eefng chuy\u1ebfn \u0111i th\u1eb3ng t\u1eafp th\u00e0nh nh\u1eefng cu\u1ed9c phi\u00eau l\u01b0u \u0111\u1ea7y th\u00e1ch th\u1ee9c b\u1eb1ng c\u00e1ch ch\u1ecdn c\u00e1c t\u00f9y ch\u1ecdn \u0111\u01b0\u1eddng \u0111i \u01b0a th\u00edch, t\u0103ng c\u01b0\u1eddng c\u00e1c \u0111o\u1ea1n \u0111\u01b0\u1eddng quanh co v\u00e0 \u0111\u1ed3i n\u00fai.<\/li>\n<li data-sourcepos=\"17:5-17:129\"><strong>T\u00ednh n\u0103ng ghi l\u1ea1i h\u00e0nh tr\u00ecnh (Track Recorder):<\/strong> Ghi l\u1ea1i tuy\u1ebfn \u0111\u01b0\u1eddng c\u1ee7a b\u1ea1n v\u00e0 l\u01b0u ho\u1eb7c chia s\u1ebb cho nh\u1eefng chuy\u1ebfn \u0111i sau.<\/li>\n<li data-sourcepos=\"18:5-18:158\"><strong>Chia s\u1ebb h\u00e0nh tr\u00ecnh y\u00eau th\u00edch:<\/strong> D\u1ec5 d\u00e0ng g\u1eedi t\u1ec7p GPX t\u1eeb \u0111i\u1ec7n tho\u1ea1i \u0111\u1ebfn <a href=\"https:\/\/gpsgarmin.vn\/?product=garmin-zumo-xt\">Zumo XT<\/a> ho\u1eb7c chia s\u1ebb t\u1ec7p GPX v\u1edbi nh\u1eefng ng\u01b0\u1eddi c\u00f9ng \u0111i qua \u1ee9ng d\u1ee5ng Garmin Drive\u2122.<\/li>\n<\/ul>\n<\/li>\n<li data-sourcepos=\"19:1-22:157\"><strong>Th\u00f4ng tin h\u1eefu \u00edch tr\u00ean \u0111\u01b0\u1eddng:<\/strong>\n<ul data-sourcepos=\"20:5-22:157\">\n<li data-sourcepos=\"20:5-20:165\"><strong>TripAdvisor\u00ae:<\/strong> Xem x\u1ebfp h\u1ea1ng c\u1ee7a kh\u00e1ch du l\u1ecbch tr\u00ean TripAdvisor cho c\u00e1c kh\u00e1ch s\u1ea1n, nh\u00e0 h\u00e0ng v\u00e0 \u0111i\u1ec3m tham quan d\u1ecdc theo tuy\u1ebfn \u0111\u01b0\u1eddng ho\u1eb7c g\u1ea7n \u0111i\u1ec3m \u0111\u1ebfn c\u1ee7a b\u1ea1n.<\/li>\n<li data-sourcepos=\"21:5-21:182\"><strong>iOverlander\u2122 POIs v\u00e0 Foursquare\u00ae:<\/strong> Bao g\u1ed3m c\u00e1c \u0111i\u1ec3m y\u00eau th\u00edch (POI) t\u1eeb iOverlander v\u00e0 h\u00e0ng tri\u1ec7u \u0111\u1ecba \u0111i\u1ec3m ph\u1ed5 bi\u1ebfn t\u1eeb Foursquare\u00ae \u0111\u1ec3 d\u1ec5 d\u00e0ng t\u00ecm ki\u1ebfm c\u00e1c \u0111\u1ecba \u0111i\u1ec3m tham quan.<\/li>\n<li data-sourcepos=\"22:5-22:157\"><strong>C\u1ea3nh b\u00e1o ng\u01b0\u1eddi l\u00e1i:<\/strong> Nh\u1eadn c\u1ea3nh b\u00e1o v\u1ec1 c\u00e1c m\u1ed1i nguy hi\u1ec3m ti\u1ec1m \u1ea9n tr\u00ean tuy\u1ebfn \u0111\u01b0\u1eddng nh\u01b0 kh\u00fac cua g\u1ea5p s\u1eafp t\u1edbi, thay \u0111\u1ed5i t\u1ed1c \u0111\u1ed9 v\u00e0 c\u00e1c camera giao th\u00f4ng.<\/li>\n<\/ul>\n<\/li>\n<li data-sourcepos=\"23:1-27:101\"><strong>K\u1ebft n\u1ed1i v\u00e0 gi\u1ea3i tr\u00ed:<\/strong>\n<ul data-sourcepos=\"24:5-27:101\">\n<li data-sourcepos=\"24:5-24:127\"><strong>K\u1ebft n\u1ed1i Bluetooth\u00ae:<\/strong> Th\u1ef1c hi\u1ec7n cu\u1ed9c g\u1ecdi r\u1ea3nh tay v\u00e0 nghe ch\u1ec9 d\u1eabn \u0111i\u1ec1u h\u01b0\u1edbng qua tai nghe ho\u1eb7c m\u0169 b\u1ea3o hi\u1ec3m t\u01b0\u01a1ng th\u00edch.<\/li>\n<li data-sourcepos=\"25:5-25:131\"><strong>Ph\u00e1t nh\u1ea1c:<\/strong> Truy\u1ec1n ph\u00e1t nh\u1ea1c t\u1eeb \u0111i\u1ec7n tho\u1ea1i th\u00f4ng minh t\u01b0\u01a1ng th\u00edch ho\u1eb7c ph\u00e1t c\u00e1c t\u1ec7p MP3 \u0111\u01b0\u1ee3c l\u01b0u tr\u1eef n\u1ed9i b\u1ed9 tr\u00ean thi\u1ebft b\u1ecb.<\/li>\n<li data-sourcepos=\"26:5-26:72\"><strong>Wi-Fi t\u00edch h\u1ee3p:<\/strong> C\u1eadp nh\u1eadt b\u1ea3n \u0111\u1ed3 v\u00e0 ph\u1ea7n m\u1ec1m kh\u00f4ng d\u00e2y d\u1ec5 d\u00e0ng.<\/li>\n<li data-sourcepos=\"27:5-27:101\"><strong>Th\u00f4ng b\u00e1o th\u00f4ng minh:<\/strong> Nh\u1eadn th\u00f4ng b\u00e1o t\u1eeb \u0111i\u1ec7n tho\u1ea1i c\u1ee7a b\u1ea1n tr\u1ef1c ti\u1ebfp tr\u00ean m\u00e0n h\u00ecnh <a href=\"https:\/\/gpsgarmin.vn\/?product=garmin-zumo-xt\">Zumo XT<\/a>.<\/li>\n<\/ul>\n<\/li>\n<li data-sourcepos=\"28:1-28:63\"><strong>B\u1ed9 nh\u1edb trong:<\/strong> 32GB (c\u00f3 th\u1ec3 m\u1edf r\u1ed9ng qua th\u1ebb nh\u1edb microSD\u2122).<\/li>\n<li data-sourcepos=\"29:1-30:0\"><strong>Kh\u1ea3 n\u0103ng t\u01b0\u01a1ng th\u00edch:<\/strong> Gh\u00e9p n\u1ed1i v\u1edbi thi\u1ebft b\u1ecb li\u00ean l\u1ea1c v\u1ec7 tinh inReach\u00ae t\u01b0\u01a1ng th\u00edch (b\u00e1n ri\u00eang) \u0111\u1ec3 li\u00ean l\u1ea1c SOS t\u01b0\u01a1ng t\u00e1c, nh\u1eafn tin hai chi\u1ec1u v\u00e0 chia s\u1ebb v\u1ecb tr\u00ed.<\/li>\n<\/ul>\n<div class=\"app__img-banner app__life-style__img-con\"><img decoding=\"async\" class=\"app__img-banner__img__desktop app__img-banner__img\" src=\"https:\/\/res.garmin.com\/en\/products\/010-02296-00\/g\/27753-D-2-c82aa16e-5e15-4d59-9d70-515332b501ad.jpg\" alt=\"\" \/><\/div>\n<p data-sourcepos=\"31:1-31:174\">V\u1edbi t\u1ea5t c\u1ea3 c\u00e1c t\u00ednh n\u0103ng m\u1ea1nh m\u1ebd v\u00e0 thi\u1ebft k\u1ebf ch\u1eafc ch\u1eafn, Garmin <a href=\"https:\/\/gpsgarmin.vn\/?product=garmin-zumo-xt\">Zumo XT<\/a> l\u00e0 c\u00f4ng c\u1ee5 \u0111i\u1ec1u h\u01b0\u1edbng kh\u00f4ng th\u1ec3 thi\u1ebfu cho m\u1ecdi ng\u01b0\u1eddi l\u00e1i xe m\u00e1y, gi\u00fap b\u1ea1n t\u1ef1 tin kh\u00e1m ph\u00e1 m\u1ecdi n\u1ebbo \u0111\u01b0\u1eddng.<\/p>\n","protected":false},"excerpt":{"rendered":"<p><strong>\u2282\u2329 B\u1ea2O H\u00c0NH CH\u00cdNH H\u00c3NG 2 N\u0102M \u232a\u2283<\/strong><\/p>\n<p><strong>\u260e Li\u00ean h\u1ec7 t\u01b0 v\u1ea5n : 0972 658 351 \u2013\u00a0 0962 846 820 (g\u1ecdi tr\u1ef1c ti\u1ebfp ho\u1eb7c Zalo).<\/strong><\/p>\n","protected":false},"featured_media":3477,"comment_status":"open","ping_status":"closed","template":"","meta":[],"product_cat":[28],"product_tag":[],"class_list":{"0":"post-3471","1":"product","2":"type-product","3":"status-publish","4":"has-post-thumbnail","6":"product_cat-gps-dan-duong-moto","8":"first","9":"instock","10":"sale","11":"featured","12":"shipping-taxable","13":"purchasable","14":"product-type-simple"},"_links":{"self":[{"href":"https:\/\/gpsgarmin.vn\/index.php?rest_route=\/wp\/v2\/product\/3471","targetHints":{"allow":["GET"]}}],"collection":[{"href":"https:\/\/gpsgarmin.vn\/index.php?rest_route=\/wp\/v2\/product"}],"about":[{"href":"https:\/\/gpsgarmin.vn\/index.php?rest_route=\/wp\/v2\/types\/product"}],"replies":[{"embeddable":true,"href":"https:\/\/gpsgarmin.vn\/index.php?rest_route=%2Fwp%2Fv2%2Fcomments&post=3471"}],"version-history":[{"count":6,"href":"https:\/\/gpsgarmin.vn\/index.php?rest_route=\/wp\/v2\/product\/3471\/revisions"}],"predecessor-version":[{"id":5020,"href":"https:\/\/gpsgarmin.vn\/index.php?rest_route=\/wp\/v2\/product\/3471\/revisions\/5020"}],"wp:featuredmedia":[{"embeddable":true,"href":"https:\/\/gpsgarmin.vn\/index.php?rest_route=\/wp\/v2\/media\/3477"}],"wp:attachment":[{"href":"https:\/\/gpsgarmin.vn\/index.php?rest_route=%2Fwp%2Fv2%2Fmedia&parent=3471"}],"wp:term":[{"taxonomy":"product_cat","embeddable":true,"href":"https:\/\/gpsgarmin.vn\/index.php?rest_route=%2Fwp%2Fv2%2Fproduct_cat&post=3471"},{"taxonomy":"product_tag","embeddable":true,"href":"https:\/\/gpsgarmin.vn\/index.php?rest_route=%2Fwp%2Fv2%2Fproduct_tag&post=3471"}],"curies":[{"name":"wp","href":"https:\/\/api.w.org\/{rel}","templated":true}]}}