{"id":3461,"date":"2025-06-09T16:33:13","date_gmt":"2025-06-09T09:33:13","guid":{"rendered":"http:\/\/demo.garminvietnam.vn\/?post_type=product&#038;p=3461"},"modified":"2025-09-15T10:14:20","modified_gmt":"2025-09-15T03:14:20","slug":"garmin-zumo-396-lmt-s","status":"publish","type":"product","link":"https:\/\/gpsgarmin.vn\/?product=garmin-zumo-396-lmt-s","title":{"rendered":"Garmin Zumo 396 LMT-S"},"content":{"rendered":"<h2 data-sourcepos=\"1:1-1:71\">Garmin <a href=\"https:\/\/gpsgarmin.vn\/?product=garmin-zumo-396-lmt-s\">Zumo 396 LMT-S<\/a>: \u0110\u1ed3ng H\u00e0nh C\u00f9ng M\u1ecdi Chuy\u1ebfn \u0110i M\u1ea1o Hi\u1ec3m C\u1ee7a B\u1ea1n<\/h2>\n<p data-sourcepos=\"3:1-3:342\">Garmin <a href=\"https:\/\/gpsgarmin.vn\/?product=garmin-zumo-396-lmt-s\">Zumo 396 LMT-S<\/a> l\u00e0 thi\u1ebft b\u1ecb \u0111\u1ecbnh v\u1ecb GPS chuy\u00ean d\u1ee5ng d\u00e0nh cho xe m\u00e1y, \u0111\u01b0\u1ee3c thi\u1ebft k\u1ebf \u0111\u1ec3 bi\u1ebfn nh\u1eefng cung \u0111\u01b0\u1eddng th\u1eb3ng t\u1eafp th\u00e0nh nh\u1eefng h\u00e0nh tr\u00ecnh \u0111\u1ea7y c\u1ea3m h\u1ee9ng v\u00e0 k\u1ecbch t\u00ednh. V\u1edbi k\u1ebft c\u1ea5u b\u1ec1n b\u1ec9, t\u00ednh n\u0103ng k\u1ebft n\u1ed1i th\u00f4ng minh v\u00e0 m\u00e0n h\u00ecnh c\u1ea3m \u1ee9ng th\u00e2n thi\u1ec7n v\u1edbi ng\u01b0\u1eddi l\u00e1i, <a href=\"https:\/\/gpsgarmin.vn\/?product=garmin-zumo-396-lmt-s\">Zumo 396 LMT-S<\/a> s\u1ebd l\u00e0 ng\u01b0\u1eddi b\u1ea1n \u0111\u1ed3ng h\u00e0nh \u0111\u00e1ng tin c\u1eady tr\u00ean m\u1ecdi n\u1ebbo \u0111\u01b0\u1eddng.<\/p>\n<p data-sourcepos=\"3:1-3:342\"><img decoding=\"async\" class=\"app__img-banner__img app__img-banner__img--desktop\" src=\"https:\/\/res.garmin.com\/en\/products\/010-02019-00\/g\/26839-D-1-c5240552-c381-4abd-b0f9-7468f4b76863.jpg\" alt=\"\" \/><\/p>\n<h3 data-sourcepos=\"5:1-5:21\">T\u00ednh n\u0103ng n\u1ed5i b\u1eadt<\/h3>\n<ul data-sourcepos=\"7:1-33:0\">\n<li data-sourcepos=\"7:1-7:232\"><strong>M\u00e0n h\u00ecnh hi\u1ec3n th\u1ecb t\u1ed1i \u01b0u:<\/strong> M\u00e0n h\u00ecnh c\u1ea3m \u1ee9ng 4.3 inch, d\u1ec5 d\u00e0ng thao t\u00e1c ngay c\u1ea3 khi \u0111eo g\u0103ng tay. M\u00e0n h\u00ecnh WQVGA m\u00e0u TFT v\u1edbi \u0111\u00e8n n\u1ec1n tr\u1eafng, \u0111\u1ed9 ph\u00e2n gi\u1ea3i 480 x 272 pixel, \u0111\u1ea3m b\u1ea3o kh\u1ea3 n\u0103ng \u0111\u1ecdc t\u1ed1t d\u01b0\u1edbi \u00e1nh s\u00e1ng m\u1eb7t tr\u1eddi tr\u1ef1c ti\u1ebfp.<\/li>\n<li data-sourcepos=\"8:1-8:293\"><strong>Thi\u1ebft k\u1ebf si\u00eau b\u1ec1n:<\/strong> Ch\u1ecbu \u0111\u01b0\u1ee3c c\u00e1c t\u00e1c \u0111\u1ed9ng c\u1ee7a m\u00f4i tr\u01b0\u1eddng kh\u1eafc nghi\u1ec7t nh\u01b0 h\u01a1i x\u0103ng, tia UV v\u00e0 th\u1eddi ti\u1ebft kh\u1eafc nghi\u1ec7t. \u0110\u1ea1t ti\u00eau chu\u1ea9n ch\u1ed1ng n\u01b0\u1edbc IPX7, c\u00f3 th\u1ec3 ng\u00e2m d\u01b0\u1edbi 1 m\u00e9t n\u01b0\u1edbc trong 30 ph\u00fat m\u00e0 kh\u00f4ng \u1ea3nh h\u01b0\u1edfng \u0111\u1ebfn thi\u1ebft b\u1ecb. H\u1ec7 th\u1ed1ng g\u1eafn ch\u1ed1ng rung gi\u00fap thi\u1ebft b\u1ecb \u1ed5n \u0111\u1ecbnh tr\u00ean m\u1ecdi \u0111\u1ecba h\u00ecnh.<\/li>\n<li data-sourcepos=\"9:1-17:86\"><strong>\u0110i\u1ec1u h\u01b0\u1edbng th\u00f4ng minh d\u00e0nh cho xe m\u00e1y:<\/strong>\n<ul data-sourcepos=\"10:5-17:86\">\n<li data-sourcepos=\"10:5-10:138\"><strong>B\u1ea3n \u0111\u1ed3 chi ti\u1ebft:<\/strong> \u0110\u01b0\u1ee3c c\u00e0i \u0111\u1eb7t s\u1eb5n b\u1ea3n \u0111\u1ed3 chi ti\u1ebft c\u1ee7a Ch\u00e2u \u00c2u ho\u1eb7c B\u1eafc M\u1ef9 (t\u00f9y phi\u00ean b\u1ea3n) v\u1edbi c\u1eadp nh\u1eadt b\u1ea3n \u0111\u1ed3 tr\u1ecdn \u0111\u1eddi mi\u1ec5n ph\u00ed.<\/li>\n<li data-sourcepos=\"11:5-11:182\"><strong>\u0110\u1ecbnh tuy\u1ebfn phi\u00eau l\u01b0u Garmin (Garmin Adventurous Routing\u2122):<\/strong> T\u00ecm ki\u1ebfm c\u00e1c cung \u0111\u01b0\u1eddng nhi\u1ec1u kh\u00fac cua, \u0111\u1ed3i d\u1ed1c v\u00e0 h\u1ea1n ch\u1ebf \u0111\u01b0\u1eddng cao t\u1ed1c, mang \u0111\u1ebfn tr\u1ea3i nghi\u1ec7m l\u00e1i xe th\u00fa v\u1ecb h\u01a1n.<\/li>\n<li data-sourcepos=\"12:5-12:108\"><strong>H\u01b0\u1edbng d\u1eabn b\u1eb1ng \u0111\u1ecba danh Garmin Real Directions\u2122:<\/strong> H\u01b0\u1edbng d\u1eabn r\u00f5 r\u00e0ng b\u1eb1ng c\u00e1c \u0111\u1ecba danh d\u1ec5 nh\u1eadn bi\u1ebft.<\/li>\n<li data-sourcepos=\"13:5-13:101\"><strong>H\u1ed7 tr\u1ee3 l\u00e0n \u0111\u01b0\u1eddng v\u00e0 hi\u1ec3n th\u1ecb n\u00fat giao:<\/strong> Gi\u00fap b\u1ea1n t\u1ef1 tin di chuy\u1ec3n qua c\u00e1c n\u00fat giao ph\u1ee9c t\u1ea1p.<\/li>\n<li data-sourcepos=\"14:5-14:160\"><strong>\u0110i\u1ec3m y\u00eau th\u00edch (POI) phong ph\u00fa:<\/strong> T\u00edch h\u1ee3p h\u00e0ng tri\u1ec7u \u0111i\u1ec3m POI t\u1eeb Foursquare\u00ae v\u00e0 \u0111\u00e1nh gi\u00e1 t\u1eeb TripAdvisor\u00ae, gi\u00fap b\u1ea1n d\u1ec5 d\u00e0ng t\u00ecm ki\u1ebfm \u0111\u1ecba \u0111i\u1ec3m c\u1ea7n thi\u1ebft.<\/li>\n<li data-sourcepos=\"15:5-15:124\"><strong>\u0110\u1ecbnh tuy\u1ebfn kh\u1ee9 h\u1ed3i v\u00e0 TracBack:<\/strong> L\u00ean k\u1ebf ho\u1ea1ch cho c\u00e1c chuy\u1ebfn \u0111i v\u00f2ng tr\u00f2n v\u00e0 quay l\u1ea1i theo c\u00f9ng m\u1ed9t l\u1ed9 tr\u00ecnh \u0111\u00e3 \u0111i.<\/li>\n<li data-sourcepos=\"16:5-16:114\"><strong>POI chuy\u00ean bi\u1ec7t cho xe m\u00e1y:<\/strong> T\u00ecm ki\u1ebfm c\u00e1c d\u1ecbch v\u1ee5 s\u1eeda ch\u1eefa, \u0111\u1ea1i l\u00fd xe m\u00e1y v\u00e0 nhi\u1ec1u \u0111\u1ecba \u0111i\u1ec3m h\u1eefu \u00edch kh\u00e1c.<\/li>\n<li data-sourcepos=\"17:5-17:86\"><strong>Nh\u1eadt k\u00fd l\u1ecbch s\u1eed d\u1ecbch v\u1ee5:<\/strong> Ghi l\u1ea1i c\u00e1c th\u00f4ng tin b\u1ea3o d\u01b0\u1ee1ng cho xe m\u00e1y c\u1ee7a b\u1ea1n.<\/li>\n<\/ul>\n<\/li>\n<li data-sourcepos=\"18:1-25:109\"><strong>K\u1ebft n\u1ed1i v\u00e0 th\u00f4ng b\u00e1o th\u00f4ng minh:<\/strong>\n<ul data-sourcepos=\"19:5-25:109\">\n<li data-sourcepos=\"19:5-19:96\"><strong>Wi-Fi t\u00edch h\u1ee3p:<\/strong> D\u1ec5 d\u00e0ng c\u1eadp nh\u1eadt b\u1ea3n \u0111\u1ed3 v\u00e0 ph\u1ea7n m\u1ec1m m\u00e0 kh\u00f4ng c\u1ea7n k\u1ebft n\u1ed1i v\u1edbi m\u00e1y t\u00ednh.<\/li>\n<li data-sourcepos=\"20:5-20:92\"><strong>Bluetooth\u00ae:<\/strong> Th\u1ef1c hi\u1ec7n cu\u1ed9c g\u1ecdi r\u1ea3nh tay qua tai nghe ho\u1eb7c m\u0169 b\u1ea3o hi\u1ec3m t\u01b0\u01a1ng th\u00edch.<\/li>\n<li data-sourcepos=\"21:5-21:128\"><strong>Th\u00f4ng b\u00e1o th\u00f4ng minh:<\/strong> Nh\u1eadn th\u00f4ng b\u00e1o cu\u1ed9c g\u1ecdi, tin nh\u1eafn t\u1eeb \u0111i\u1ec7n tho\u1ea1i th\u00f4ng minh c\u1ee7a b\u1ea1n qua \u1ee9ng d\u1ee5ng Smartphone Link.<\/li>\n<li data-sourcepos=\"22:5-22:142\"><strong>\u0110i\u1ec1u khi\u1ec3n \u00e2m nh\u1ea1c:<\/strong> Ph\u00e1t v\u00e0 \u0111i\u1ec1u khi\u1ec3n nh\u1ea1c, danh s\u00e1ch ph\u00e1t t\u1eeb \u0111i\u1ec7n tho\u1ea1i th\u00f4ng minh ho\u1eb7c m\u00e1y nghe nh\u1ea1c MP3 ngay tr\u00ean m\u00e0n h\u00ecnh Zumo.<\/li>\n<li data-sourcepos=\"23:5-23:131\"><strong>D\u1ecbch v\u1ee5 tr\u1ef1c ti\u1ebfp mi\u1ec5n ph\u00ed:<\/strong> Nh\u1eadn th\u00f4ng tin giao th\u00f4ng v\u00e0 th\u1eddi ti\u1ebft tr\u1ef1c ti\u1ebfp mi\u1ec5n ph\u00ed th\u00f4ng qua \u1ee9ng d\u1ee5ng Smartphone Link.<\/li>\n<li data-sourcepos=\"24:5-24:161\"><strong>LiveTrack:<\/strong> Chia s\u1ebb v\u1ecb tr\u00ed c\u1ee7a b\u1ea1n v\u1edbi b\u1ea1n b\u00e8 \u0111\u1ec3 h\u1ecd c\u00f3 th\u1ec3 theo d\u00f5i h\u00e0nh tr\u00ecnh c\u1ee7a b\u1ea1n trong th\u1eddi gian th\u1ef1c (y\u00eau c\u1ea7u \u0111i\u1ec7n tho\u1ea1i th\u00f4ng minh t\u01b0\u01a1ng th\u00edch).<\/li>\n<li data-sourcepos=\"25:5-25:109\"><strong>Chia s\u1ebb file GPX:<\/strong> D\u1ec5 d\u00e0ng chia s\u1ebb c\u00e1c tuy\u1ebfn \u0111\u01b0\u1eddng \u0111\u00e3 l\u00ean k\u1ebf ho\u1ea1ch v\u1edbi b\u1ea1n b\u00e8 \u0111\u1ec3 c\u00f9ng nhau kh\u00e1m ph\u00e1.<\/li>\n<\/ul>\n<\/li>\n<li data-sourcepos=\"26:1-33:0\"><strong>C\u1ea3nh b\u00e1o ng\u01b0\u1eddi l\u00e1i v\u00e0 t\u00ednh n\u0103ng an to\u00e0n:<\/strong>\n<ul data-sourcepos=\"27:5-33:0\">\n<li data-sourcepos=\"27:5-27:197\"><strong>C\u1ea3nh b\u00e1o th\u00f4ng minh:<\/strong> Th\u00f4ng b\u00e1o v\u1ec1 c\u00e1c kh\u00fac cua nguy hi\u1ec3m ph\u00eda tr\u01b0\u1edbc, thay \u0111\u1ed5i t\u1ed1c \u0111\u1ed9, \u0111\u01b0\u1eddng s\u1eaft, l\u1ed1i b\u0103ng qua \u0111\u1ed9ng v\u1eadt, khu v\u1ef1c tr\u01b0\u1eddng h\u1ecdc v\u00e0 c\u1ea3nh b\u00e1o \u0111i ng\u01b0\u1ee3c chi\u1ec1u tr\u00ean \u0111\u01b0\u1eddng m\u1ed9t chi\u1ec1u.<\/li>\n<li data-sourcepos=\"28:5-28:89\"><strong>Hi\u1ec3n th\u1ecb gi\u1edbi h\u1ea1n t\u1ed1c \u0111\u1ed9:<\/strong> Lu\u00f4n bi\u1ebft gi\u1edbi h\u1ea1n t\u1ed1c \u0111\u1ed9 tr\u00ean c\u00e1c tuy\u1ebfn \u0111\u01b0\u1eddng ch\u00ednh.<\/li>\n<li data-sourcepos=\"29:5-29:116\"><strong>Ph\u00e1t hi\u1ec7n s\u1ef1 c\u1ed1 t\u1ef1 \u0111\u1ed9ng:<\/strong> G\u1eedi th\u00f4ng b\u00e1o t\u1ef1 \u0111\u1ed9ng \u0111\u1ebfn li\u00ean h\u1ec7 kh\u1ea9n c\u1ea5p c\u1ee7a b\u1ea1n trong tr\u01b0\u1eddng h\u1ee3p x\u1ea3y ra s\u1ef1 c\u1ed1.<\/li>\n<li data-sourcepos=\"30:5-30:95\"><strong>C\u1ea3nh b\u00e1o lu\u1eadt m\u0169 b\u1ea3o hi\u1ec3m:<\/strong> Th\u00f4ng b\u00e1o v\u1ec1 lu\u1eadt m\u0169 b\u1ea3o hi\u1ec3m c\u1ee7a t\u1eebng bang (t\u00f9y khu v\u1ef1c).<\/li>\n<li data-sourcepos=\"31:5-31:61\"><strong>C\u1ea3nh b\u00e1o m\u1ec7t m\u1ecfi:<\/strong> Nh\u1eafc nh\u1edf ngh\u1ec9 ng\u01a1i khi c\u1ea7n thi\u1ebft.<\/li>\n<li data-sourcepos=\"32:5-33:0\"><strong>M\u00e1y t\u00ednh h\u00e0nh tr\u00ecnh t\u00edch h\u1ee3p:<\/strong> Cung c\u1ea5p th\u00f4ng tin v\u1ec1 qu\u00e3ng \u0111\u01b0\u1eddng c\u00f2n l\u1ea1i c\u00f3 th\u1ec3 \u0111i \u0111\u01b0\u1ee3c v\u1edbi l\u01b0\u1ee3ng nhi\u00ean li\u1ec7u hi\u1ec7n c\u00f3, c\u1ea3nh b\u00e1o d\u1eebng \u0111\u1ed5 x\u0103ng \u0111\u1ed9ng v\u00e0 g\u1ee3i \u00fd c\u00e1c tr\u1ea1m x\u0103ng g\u1ea7n nh\u1ea5t.<\/li>\n<\/ul>\n<\/li>\n<\/ul>\n<p><img decoding=\"async\" class=\"app__img-banner__img app__img-banner__img--desktop\" src=\"https:\/\/res.garmin.com\/en\/products\/010-02019-00\/g\/26839-D-3-20c96b46-e825-4c43-ae73-9d5d35efddcd.jpg\" alt=\"\" \/><\/p>\n","protected":false},"excerpt":{"rendered":"<p><strong>\u2282\u2329 B\u1ea2O H\u00c0NH CH\u00cdNH H\u00c3NG 2 N\u0102M \u232a\u2283<\/strong><\/p>\n<p><strong>\u260e Li\u00ean h\u1ec7 t\u01b0 v\u1ea5n : 0972 658 351 \u2013\u00a0 0962 846 820 (g\u1ecdi tr\u1ef1c ti\u1ebfp ho\u1eb7c Zalo).<\/strong><\/p>\n","protected":false},"featured_media":3468,"comment_status":"open","ping_status":"closed","template":"","meta":[],"product_cat":[28],"product_tag":[],"class_list":{"0":"post-3461","1":"product","2":"type-product","3":"status-publish","4":"has-post-thumbnail","6":"product_cat-gps-dan-duong-moto","8":"first","9":"instock","10":"featured","11":"shipping-taxable","12":"purchasable","13":"product-type-simple"},"_links":{"self":[{"href":"https:\/\/gpsgarmin.vn\/index.php?rest_route=\/wp\/v2\/product\/3461","targetHints":{"allow":["GET"]}}],"collection":[{"href":"https:\/\/gpsgarmin.vn\/index.php?rest_route=\/wp\/v2\/product"}],"about":[{"href":"https:\/\/gpsgarmin.vn\/index.php?rest_route=\/wp\/v2\/types\/product"}],"replies":[{"embeddable":true,"href":"https:\/\/gpsgarmin.vn\/index.php?rest_route=%2Fwp%2Fv2%2Fcomments&post=3461"}],"version-history":[{"count":4,"href":"https:\/\/gpsgarmin.vn\/index.php?rest_route=\/wp\/v2\/product\/3461\/revisions"}],"predecessor-version":[{"id":5021,"href":"https:\/\/gpsgarmin.vn\/index.php?rest_route=\/wp\/v2\/product\/3461\/revisions\/5021"}],"wp:featuredmedia":[{"embeddable":true,"href":"https:\/\/gpsgarmin.vn\/index.php?rest_route=\/wp\/v2\/media\/3468"}],"wp:attachment":[{"href":"https:\/\/gpsgarmin.vn\/index.php?rest_route=%2Fwp%2Fv2%2Fmedia&parent=3461"}],"wp:term":[{"taxonomy":"product_cat","embeddable":true,"href":"https:\/\/gpsgarmin.vn\/index.php?rest_route=%2Fwp%2Fv2%2Fproduct_cat&post=3461"},{"taxonomy":"product_tag","embeddable":true,"href":"https:\/\/gpsgarmin.vn\/index.php?rest_route=%2Fwp%2Fv2%2Fproduct_tag&post=3461"}],"curies":[{"name":"wp","href":"https:\/\/api.w.org\/{rel}","templated":true}]}}