{"id":3447,"date":"2025-06-09T15:38:56","date_gmt":"2025-06-09T08:38:56","guid":{"rendered":"http:\/\/demo.garminvietnam.vn\/?post_type=product&#038;p=3447"},"modified":"2025-09-15T10:15:20","modified_gmt":"2025-09-15T03:15:20","slug":"garmin-etrex-solar","status":"publish","type":"product","link":"https:\/\/gpsgarmin.vn\/?product=garmin-etrex-solar","title":{"rendered":"Garmin eTrex Solar"},"content":{"rendered":"<h2 data-sourcepos=\"5:1-5:70\">Garmin <a href=\"https:\/\/gpsgarmin.vn\/?product=garmin-etrex-solar\">eTrex Solar<\/a> \u2013 Kh\u00e1m ph\u00e1 kh\u00f4ng gi\u1edbi h\u1ea1n, n\u1ea1p n\u0103ng l\u01b0\u1ee3ng b\u1ec1n b\u1ec9<\/h2>\n<p data-sourcepos=\"7:1-7:225\">B\u1ea1n \u0111am m\u00ea nh\u1eefng chuy\u1ebfn phi\u00eau l\u01b0u, trekking hay kh\u00e1m ph\u00e1 thi\u00ean nhi\u00ean? B\u1ea1n c\u1ea7n m\u1ed9t thi\u1ebft b\u1ecb \u0111\u1ecbnh v\u1ecb GPS c\u1ea7m tay <strong>\u0111\u00e1ng tin c\u1eady, b\u1ec1n b\u1ec9 v\u00e0 kh\u00f4ng bao gi\u1edd c\u1ea1n pin<\/strong>? <strong>Garmin <a href=\"https:\/\/gpsgarmin.vn\/?product=garmin-etrex-solar\">eTrex Solar<\/a><\/strong> ch\u00ednh l\u00e0 l\u1ef1a ch\u1ecdn ho\u00e0n h\u1ea3o d\u00e0nh cho b\u1ea1n!<\/p>\n<p data-sourcepos=\"9:1-9:185\">V\u1edbi c\u00f4ng ngh\u1ec7 s\u1ea1c n\u0103ng l\u01b0\u1ee3ng m\u1eb7t tr\u1eddi ti\u00ean ti\u1ebfn, <a href=\"https:\/\/gpsgarmin.vn\/?product=garmin-etrex-solar\">eTrex Solar<\/a> mang \u0111\u1ebfn s\u1ef1 an t\u00e2m tuy\u1ec7t \u0111\u1ed1i tr\u00ean m\u1ecdi n\u1ebbo \u0111\u01b0\u1eddng, cho ph\u00e9p b\u1ea1n kh\u00e1m ph\u00e1 nh\u1eefng n\u01a1i xa x\u00f4i nh\u1ea5t m\u00e0 kh\u00f4ng lo l\u1eafng v\u1ec1 ngu\u1ed3n \u0111i\u1ec7n.<\/p>\n<div class=\"app__img-banner app__life-style__img-con\"><img decoding=\"async\" class=\"app__img-banner__img app__img-banner__img--desktop\" src=\"https:\/\/res.garmin.com\/en\/products\/010-02782-00\/g\/60028-D.jpg\" alt=\"\" \/><\/div>\n<h3 data-sourcepos=\"11:1-11:22\">T\u00ednh n\u0103ng n\u1ed5i b\u1eadt:<\/h3>\n<ul data-sourcepos=\"13:1-32:0\">\n<li data-sourcepos=\"13:1-16:120\"><strong>N\u1ea1p n\u0103ng l\u01b0\u1ee3ng m\u1eb7t tr\u1eddi kh\u00f4ng gi\u1edbi h\u1ea1n:<\/strong>\n<ul data-sourcepos=\"14:5-16:120\">\n<li data-sourcepos=\"14:5-14:157\">T\u1eadn h\u01b0\u1edfng th\u1eddi l\u01b0\u1ee3ng pin <strong>l\u00ean \u0111\u1ebfn 1.800 gi\u1edd (t\u1ee9c 75 ng\u00e0y!) \u1edf ch\u1ebf \u0111\u1ed9 th\u00e1m hi\u1ec3m<\/strong> khi s\u1ea1c b\u1eb1ng n\u0103ng l\u01b0\u1ee3ng m\u1eb7t tr\u1eddi trong \u0111i\u1ec1u ki\u1ec7n \u0111\u1ee7 n\u1eafng (75.000 lux).<\/li>\n<li data-sourcepos=\"15:5-15:92\">Gi\u1edd \u0111\u00e2y, b\u1ea1n c\u00f3 th\u1ec3 \u0111i xa h\u01a1n, l\u00e2u h\u01a1n m\u00e0 kh\u00f4ng c\u1ea7n mang theo pin d\u1ef1 ph\u00f2ng hay b\u1ed9 s\u1ea1c.<\/li>\n<li data-sourcepos=\"16:5-16:120\">Ngay c\u1ea3 trong \u0111i\u1ec1u ki\u1ec7n \u00edt n\u1eafng, pin c\u1ee7a <a href=\"https:\/\/gpsgarmin.vn\/?product=garmin-etrex-solar\">eTrex Solar<\/a> v\u1eabn c\u00f3 th\u1ec3 k\u00e9o d\u00e0i <strong>h\u00e0ng tr\u0103m gi\u1edd \u1edf ch\u1ebf \u0111\u1ed9 GPS ti\u00eau chu\u1ea9n<\/strong>.<\/li>\n<\/ul>\n<\/li>\n<li data-sourcepos=\"17:1-20:85\"><strong>Thi\u1ebft k\u1ebf b\u1ec1n b\u1ec9, s\u1eb5n s\u00e0ng cho m\u1ecdi \u0111\u1ecba h\u00ecnh:<\/strong>\n<ul data-sourcepos=\"18:5-20:85\">\n<li data-sourcepos=\"18:5-18:89\">\u0110\u1ea1t chu\u1ea9n <strong>qu\u00e2n \u0111\u1ed9i MIL-STD-810<\/strong> v\u1ec1 kh\u1ea3 n\u0103ng ch\u1ecbu nhi\u1ec7t, ch\u1ed1ng s\u1ed1c v\u00e0 ch\u1ed1ng n\u01b0\u1edbc.<\/li>\n<li data-sourcepos=\"19:5-19:100\">Chu\u1ea9n <strong>ch\u1ed1ng n\u01b0\u1edbc IPX7<\/strong> gi\u00fap thi\u1ebft b\u1ecb ho\u1ea1t \u0111\u1ed9ng t\u1ed1t ngay c\u1ea3 trong m\u01b0a l\u1edbn ho\u1eb7c b\u1ecb ng\u00e2m n\u01b0\u1edbc.<\/li>\n<li data-sourcepos=\"20:5-20:85\">M\u00e0n h\u00ecnh <strong>2.2 inch \u0111\u01a1n s\u1eafc, d\u1ec5 \u0111\u1ecdc<\/strong> ngay c\u1ea3 d\u01b0\u1edbi \u00e1nh s\u00e1ng m\u1eb7t tr\u1eddi tr\u1ef1c ti\u1ebfp.<\/li>\n<\/ul>\n<\/li>\n<li data-sourcepos=\"21:1-24:108\"><strong>\u0110\u1ecbnh v\u1ecb ch\u00ednh x\u00e1c, d\u1eabn \u0111\u01b0\u1eddng tin c\u1eady:<\/strong>\n<ul data-sourcepos=\"22:5-24:108\">\n<li data-sourcepos=\"22:5-22:131\">H\u1ed7 tr\u1ee3 \u0111a v\u1ec7 tinh \u0111\u1ecbnh v\u1ecb <strong>GPS, GLONASS, Galileo v\u00e0 BeiDou<\/strong>, \u0111\u1ea3m b\u1ea3o \u0111\u1ed9 ch\u00ednh x\u00e1c cao ngay c\u1ea3 trong nh\u1eefng khu v\u1ef1c hi\u1ec3m tr\u1edf.<\/li>\n<li data-sourcepos=\"23:5-23:99\"><strong>La b\u00e0n \u0111i\u1ec7n t\u1eed 3 tr\u1ee5c t\u00edch h\u1ee3p<\/strong> gi\u00fap b\u1ea1n bi\u1ebft ph\u01b0\u01a1ng h\u01b0\u1edbng ch\u00ednh x\u00e1c ngay c\u1ea3 khi \u0111\u1ee9ng y\u00ean.<\/li>\n<li data-sourcepos=\"24:5-24:108\"><strong>D\u1ec5 d\u00e0ng \u0111\u00e1nh d\u1ea5u \u0111i\u1ec3m waypoint<\/strong>, t\u1ea1o v\u00e0 theo d\u00f5i l\u1ed9 tr\u00ecnh, c\u0169ng nh\u01b0 l\u01b0u l\u1ea1i c\u00e1c khu v\u1ef1c quan tr\u1ecdng.<\/li>\n<\/ul>\n<\/li>\n<li data-sourcepos=\"25:1-28:161\"><strong>K\u1ebft n\u1ed1i th\u00f4ng minh, d\u1eef li\u1ec7u ti\u1ec7n l\u1ee3i:<\/strong>\n<ul data-sourcepos=\"26:5-28:161\">\n<li data-sourcepos=\"26:5-26:219\"><strong>\u1ee8ng d\u1ee5ng Garmin Explore\u2122:<\/strong> K\u1ebft n\u1ed1i <a href=\"https:\/\/gpsgarmin.vn\/?product=garmin-etrex-solar\">eTrex Solar<\/a> v\u1edbi \u0111i\u1ec7n tho\u1ea1i th\u00f4ng minh c\u1ee7a b\u1ea1n qua \u1ee9ng d\u1ee5ng Garmin Explore \u0111\u1ec3 l\u00ean k\u1ebf ho\u1ea1ch chuy\u1ebfn \u0111i, xem l\u1ea1i c\u00e1c ho\u1ea1t \u0111\u1ed9ng, l\u01b0u tr\u1eef d\u1eef li\u1ec7u \u0111\u00e1m m\u00e2y v\u00e0 truy c\u1eadp b\u1ea3n \u0111\u1ed3 b\u1ed5 sung.<\/li>\n<li data-sourcepos=\"27:5-27:140\"><strong>Geocaching Live:<\/strong> T\u1ea3i c\u00e1c tuy\u1ebfn geocache tr\u1ef1c ti\u1ebfp t\u1eeb Geocaching Live, gi\u00fap b\u1ea1n d\u1ec5 d\u00e0ng t\u00ecm ki\u1ebfm v\u00e0 kh\u00e1m ph\u00e1 nh\u1eefng kho b\u00e1u \u1ea9n gi\u1ea5u.<\/li>\n<li data-sourcepos=\"28:5-28:161\"><strong>D\u1ef1 b\u00e1o th\u1eddi ti\u1ebft ch\u1ee7 \u0111\u1ed9ng:<\/strong> Khi k\u1ebft n\u1ed1i v\u1edbi \u0111i\u1ec7n tho\u1ea1i th\u00f4ng minh, b\u1ea1n c\u00f3 th\u1ec3 nh\u1eadn \u0111\u01b0\u1ee3c d\u1ef1 b\u00e1o th\u1eddi ti\u1ebft theo th\u1eddi gian th\u1ef1c \u0111\u1ec3 chu\u1ea9n b\u1ecb cho h\u00e0nh tr\u00ecnh.<\/li>\n<\/ul>\n<\/li>\n<li data-sourcepos=\"29:1-32:0\"><strong>Giao di\u1ec7n tr\u1ef1c quan, d\u1ec5 s\u1eed d\u1ee5ng:<\/strong>\n<ul data-sourcepos=\"30:5-32:0\">\n<li data-sourcepos=\"30:5-30:109\">C\u00e1c n\u00fat b\u1ea5m v\u1eadt l\u00fd gi\u00fap b\u1ea1n d\u1ec5 d\u00e0ng thao t\u00e1c ngay c\u1ea3 khi \u0111eo g\u0103ng tay ho\u1eb7c trong \u0111i\u1ec1u ki\u1ec7n kh\u1eafc nghi\u1ec7t.<\/li>\n<li data-sourcepos=\"31:5-32:0\">Menu \u0111\u01a1n gi\u1ea3n, d\u1ec5 \u0111i\u1ec1u h\u01b0\u1edbng, ph\u00f9 h\u1ee3p v\u1edbi m\u1ecdi \u0111\u1ed1i t\u01b0\u1ee3ng ng\u01b0\u1eddi d\u00f9ng.<\/li>\n<\/ul>\n<\/li>\n<\/ul>\n<h3 data-sourcepos=\"35:1-35:80\">Garmin <a href=\"https:\/\/gpsgarmin.vn\/?product=garmin-etrex-solar\">eTrex Solar<\/a> \u2013 Ng\u01b0\u1eddi b\u1ea1n \u0111\u1ed3ng h\u00e0nh kh\u00f4ng th\u1ec3 thi\u1ebfu cho m\u1ecdi h\u00e0nh tr\u00ecnh:<\/h3>\n<ul data-sourcepos=\"37:1-41:0\">\n<li data-sourcepos=\"37:1-37:96\"><strong>Trekking &amp; Hiking:<\/strong> D\u1ec5 d\u00e0ng \u0111\u1ecbnh v\u1ecb, theo d\u00f5i l\u1ed9 tr\u00ecnh v\u00e0 kh\u00e1m ph\u00e1 nh\u1eefng con \u0111\u01b0\u1eddng m\u1edbi.<\/li>\n<li data-sourcepos=\"38:1-38:108\"><strong>C\u1eafm tr\u1ea1i &amp; D\u00e3 ngo\u1ea1i:<\/strong> T\u00ecm ki\u1ebfm \u0111\u1ecba \u0111i\u1ec3m c\u1eafm tr\u1ea1i, \u0111\u00e1nh d\u1ea5u ngu\u1ed3n n\u01b0\u1edbc v\u00e0 an t\u00e2m h\u01a1n trong r\u1eebng s\u00e2u.<\/li>\n<li data-sourcepos=\"39:1-39:95\"><strong>S\u0103n b\u1eafn &amp; C\u00e2u c\u00e1:<\/strong> \u0110\u00e1nh d\u1ea5u v\u1ecb tr\u00ed y\u00eau th\u00edch, theo d\u00f5i \u0111\u01b0\u1eddng m\u00f2n v\u00e0 t\u00ecm \u0111\u01b0\u1eddng quay v\u1ec1.<\/li>\n<li data-sourcepos=\"40:1-41:0\"><strong>Th\u00e1m hi\u1ec3m &amp; Nghi\u00ean c\u1ee9u:<\/strong> D\u1eef li\u1ec7u v\u1ecb tr\u00ed ch\u00ednh x\u00e1c v\u00e0 th\u1eddi l\u01b0\u1ee3ng pin b\u1ec1n b\u1ec9 l\u00e0 y\u1ebfu t\u1ed1 then ch\u1ed1t.<\/li>\n<\/ul>\n","protected":false},"excerpt":{"rendered":"<p><strong>\u2282\u2329 B\u1ea2O H\u00c0NH CH\u00cdNH H\u00c3NG 2 N\u0102M \u232a\u2283<\/strong><\/p>\n<p><strong>\u260e Li\u00ean h\u1ec7 t\u01b0 v\u1ea5n : 0972 658 351 \u2013\u00a0 0962 846 820 (g\u1ecdi tr\u1ef1c ti\u1ebfp ho\u1eb7c Zalo).<\/strong><strong> <em>Nh\u1eadn gi\u00e1 \u01b0u \u0111\u00e3i khi mua s\u1ed1 l\u01b0\u1ee3ng nhi\u1ec1u.<\/em><\/strong><\/p>\n<p><strong>\u2666 H\u1ed7 tr\u1ee3 k\u1ef9 thu\u1eadt t\u1eadn t\u00ecnh v\u00e0 \u0111\u00fang chuy\u00ean m\u00f4n, \u0111\u1ed3ng th\u1eddi h\u1ed7 tr\u1ee3 \u0111\u1ea7y \u0111\u1ee7 ch\u1ee9ng t\u1eeb c\u1ea7n thi\u1ebft cho kh\u00e1ch c\u00f3 nhu c\u1ea7u\u00a0l\u00e0m d\u1ef1 \u00e1n.<\/strong><\/p>\n","protected":false},"featured_media":3453,"comment_status":"open","ping_status":"closed","template":"","meta":[],"product_cat":[27],"product_tag":[],"class_list":{"0":"post-3447","1":"product","2":"type-product","3":"status-publish","4":"has-post-thumbnail","6":"product_cat-gps-cam-tay","8":"first","9":"instock","10":"sale","11":"shipping-taxable","12":"purchasable","13":"product-type-simple"},"_links":{"self":[{"href":"https:\/\/gpsgarmin.vn\/index.php?rest_route=\/wp\/v2\/product\/3447","targetHints":{"allow":["GET"]}}],"collection":[{"href":"https:\/\/gpsgarmin.vn\/index.php?rest_route=\/wp\/v2\/product"}],"about":[{"href":"https:\/\/gpsgarmin.vn\/index.php?rest_route=\/wp\/v2\/types\/product"}],"replies":[{"embeddable":true,"href":"https:\/\/gpsgarmin.vn\/index.php?rest_route=%2Fwp%2Fv2%2Fcomments&post=3447"}],"version-history":[{"count":4,"href":"https:\/\/gpsgarmin.vn\/index.php?rest_route=\/wp\/v2\/product\/3447\/revisions"}],"predecessor-version":[{"id":5023,"href":"https:\/\/gpsgarmin.vn\/index.php?rest_route=\/wp\/v2\/product\/3447\/revisions\/5023"}],"wp:featuredmedia":[{"embeddable":true,"href":"https:\/\/gpsgarmin.vn\/index.php?rest_route=\/wp\/v2\/media\/3453"}],"wp:attachment":[{"href":"https:\/\/gpsgarmin.vn\/index.php?rest_route=%2Fwp%2Fv2%2Fmedia&parent=3447"}],"wp:term":[{"taxonomy":"product_cat","embeddable":true,"href":"https:\/\/gpsgarmin.vn\/index.php?rest_route=%2Fwp%2Fv2%2Fproduct_cat&post=3447"},{"taxonomy":"product_tag","embeddable":true,"href":"https:\/\/gpsgarmin.vn\/index.php?rest_route=%2Fwp%2Fv2%2Fproduct_tag&post=3447"}],"curies":[{"name":"wp","href":"https:\/\/api.w.org\/{rel}","templated":true}]}}