{"id":3441,"date":"2025-06-09T15:25:17","date_gmt":"2025-06-09T08:25:17","guid":{"rendered":"http:\/\/demo.garminvietnam.vn\/?post_type=product&#038;p=3441"},"modified":"2025-09-15T10:15:53","modified_gmt":"2025-09-15T03:15:53","slug":"garmin-gpsmap-86s","status":"publish","type":"product","link":"https:\/\/gpsgarmin.vn\/?product=garmin-gpsmap-86s","title":{"rendered":"Garmin GPSMAP 86s"},"content":{"rendered":"<h2 data-sourcepos=\"3:1-3:77\">Garmin <a href=\"https:\/\/gpsgarmin.vn\/?product=garmin-gpsmap-86s\">GPSMAP 86s<\/a> &#8211; \u0110\u1ecbnh V\u1ecb C\u1ea7m Tay V\u1ec7 Tinh M\u1ea1nh M\u1ebd Cho M\u1ecdi Cu\u1ed9c Phi\u00eau L\u01b0u<\/h2>\n<p data-sourcepos=\"5:1-5:409\">B\u1ea1n l\u00e0 ng\u01b0\u1eddi \u0111am m\u00ea kh\u00e1m ph\u00e1, y\u00eau th\u00edch nh\u1eefng chuy\u1ebfn \u0111i b\u1ed9 \u0111\u01b0\u1eddng d\u00e0i, ch\u00e8o thuy\u1ec1n, ho\u1eb7c \u0111\u01a1n gi\u1ea3n l\u00e0 mu\u1ed1n c\u00f3 m\u1ed9t c\u00f4ng c\u1ee5 \u0111\u1ecbnh v\u1ecb \u0111\u00e1ng tin c\u1eady trong m\u1ecdi \u0111i\u1ec1u ki\u1ec7n? <strong>Garmin <a href=\"https:\/\/gpsgarmin.vn\/?product=garmin-gpsmap-86s\">GPSMAP 86s<\/a><\/strong> ch\u00ednh l\u00e0 thi\u1ebft b\u1ecb \u0111\u1ecbnh v\u1ecb c\u1ea7m tay v\u1ec7 tinh chuy\u00ean d\u1ee5ng \u0111\u01b0\u1ee3c thi\u1ebft k\u1ebf d\u00e0nh cho b\u1ea1n. V\u1edbi kh\u1ea3 n\u0103ng n\u1ed5i tr\u00ean m\u1eb7t n\u01b0\u1edbc, pin kh\u1ecfe v\u00e0 h\u1ed7 tr\u1ee3 \u0111a v\u1ec7 tinh, <a href=\"https:\/\/gpsgarmin.vn\/?product=garmin-gpsmap-86s\">GPSMAP 86s<\/a> \u0111\u1ea3m b\u1ea3o b\u1ea1n lu\u00f4n t\u00ecm th\u1ea5y \u0111\u01b0\u1eddng v\u1ec1, d\u00f9 h\u00e0nh tr\u00ecnh c\u00f3 \u0111\u01b0a b\u1ea1n \u0111\u1ebfn \u0111\u00e2u.<\/p>\n<p data-sourcepos=\"5:1-5:409\"><img fetchpriority=\"high\" decoding=\"async\" class=\"app__feature__card__image\" src=\"https:\/\/res.garmin.com\/en\/products\/010-02235-00\/g\/662621-4-ad460645-e4e9-4d3e-9624-eafce26991aa.jpg\" alt=\"\" width=\"392\" height=\"441\" \/><img decoding=\"async\" class=\"app__feature__card__image\" src=\"https:\/\/res.garmin.com\/en\/products\/010-02235-00\/g\/662621-5-b318d7ee-b91a-4a89-9322-f62ff8d838dd.jpg\" alt=\"\" width=\"390\" height=\"439\" \/><img decoding=\"async\" class=\"app__feature__card__image\" src=\"https:\/\/res.garmin.com\/en\/products\/010-02235-00\/g\/662621-2-e9579407-78da-451b-bb64-fe0a6edc8c5f.jpg\" alt=\"\" width=\"391\" height=\"440\" \/><\/p>\n<h3 data-sourcepos=\"7:1-7:52\">\u0110i\u1ec1u H\u01b0\u1edbng \u0110\u00e1ng Tin C\u1eady Tr\u00ean C\u1ea1n &amp; D\u01b0\u1edbi N\u01b0\u1edbc<\/h3>\n<ul data-sourcepos=\"9:1-14:0\">\n<li data-sourcepos=\"9:1-9:163\"><strong>M\u00e0n H\u00ecnh M\u00e0u R\u1ef1c R\u1ee1:<\/strong> M\u00e0n h\u00ecnh m\u00e0u <strong>3 inch<\/strong> ch\u1ed1ng l\u00f3a, hi\u1ec3n th\u1ecb r\u00f5 n\u00e9t ngay c\u1ea3 d\u01b0\u1edbi \u00e1nh n\u1eafng gay g\u1eaft, gi\u00fap b\u1ea1n d\u1ec5 d\u00e0ng theo d\u00f5i b\u1ea3n \u0111\u1ed3 v\u00e0 th\u00f4ng tin \u0111\u1ecbnh v\u1ecb.<\/li>\n<li data-sourcepos=\"10:1-10:264\"><strong>Ch\u1ed1ng N\u01b0\u1edbc &amp; N\u1ed5i Tr\u00ean M\u1eb7t N\u01b0\u1edbc:<\/strong> \u0110\u01b0\u1ee3c thi\u1ebft k\u1ebf \u0111\u1ec3 ch\u1ed1ng ch\u1ecdi v\u1edbi m\u00f4i tr\u01b0\u1eddng kh\u1eafc nghi\u1ec7t, <a href=\"https:\/\/gpsgarmin.vn\/?product=garmin-gpsmap-86s\">GPSMAP 86s<\/a> kh\u00f4ng ch\u1ec9 <strong>ch\u1ed1ng n\u01b0\u1edbc \u0111\u1ea1t chu\u1ea9n IPX7<\/strong> m\u00e0 c\u00f2n c\u00f3 kh\u1ea3 n\u0103ng <strong>n\u1ed5i tr\u00ean m\u1eb7t n\u01b0\u1edbc<\/strong>. B\u1ea1n s\u1ebd kh\u00f4ng c\u00f2n lo l\u1eafng khi v\u00f4 t\u00ecnh \u0111\u00e1nh r\u01a1i thi\u1ebft b\u1ecb xu\u1ed1ng h\u1ed3 hay bi\u1ec3n.<\/li>\n<li data-sourcepos=\"11:1-11:244\"><strong>H\u1ed7 Tr\u1ee3 \u0110a V\u1ec7 Tinh:<\/strong> T\u1eadn d\u1ee5ng \u0111\u1ed3ng th\u1eddi c\u00e1c h\u1ec7 th\u1ed1ng v\u1ec7 tinh <strong>GPS, GLONASS v\u00e0 Galileo<\/strong>, thi\u1ebft b\u1ecb cung c\u1ea5p kh\u1ea3 n\u0103ng \u0111\u1ecbnh v\u1ecb nhanh ch\u00f3ng, ch\u00ednh x\u00e1c v\u00e0 \u0111\u00e1ng tin c\u1eady h\u01a1n, ngay c\u1ea3 trong nh\u1eefng khu v\u1ef1c kh\u00f3 ti\u1ebfp c\u1eadn ho\u1eb7c c\u00f3 nhi\u1ec1u c\u00e2y c\u1ed1i r\u1eadm r\u1ea1p.<\/li>\n<li data-sourcepos=\"12:1-12:286\"><strong>B\u1ea3n \u0110\u1ed3 Garmin Navionics+ (T\u00f9y ch\u1ecdn):<\/strong> N\u00e2ng cao tr\u1ea3i nghi\u1ec7m h\u00e0ng h\u1ea3i c\u1ee7a b\u1ea1n v\u1edbi <strong>b\u1ea3n \u0111\u1ed3 Garmin Navionics+<\/strong> t\u00f9y ch\u1ecdn. V\u1edbi b\u1ea3n \u0111\u1ed3 n\u00e0y, b\u1ea1n c\u00f3 th\u1ec3 xem c\u00e1c \u0111\u01b0\u1eddng \u0111\u1ed3ng m\u1ee9c iso-depth l\u00ean \u0111\u1ebfn 0.5 m\u00e9t, truy c\u1eadp d\u1eef li\u1ec7u th\u1ee7y tri\u1ec1u, d\u00f2ng ch\u1ea3y, k\u1ebf ho\u1ea1ch b\u1ebfn c\u1ea3ng chi ti\u1ebft, v\u00e0 nhi\u1ec1u h\u01a1n n\u1eefa.<\/li>\n<li data-sourcepos=\"13:1-14:0\"><strong>C\u1ea3m Bi\u1ebfn \u0110i\u1ec1u H\u01b0\u1edbng N\u00e2ng Cao:<\/strong> T\u00edch h\u1ee3p <strong>la b\u00e0n \u0111i\u1ec7n t\u1eed 3 tr\u1ee5c<\/strong> v\u00e0 <strong>cao \u0111\u1ed9 k\u1ebf kh\u00ed \u00e1p<\/strong>, <a href=\"https:\/\/gpsgarmin.vn\/?product=garmin-gpsmap-86s\">GPSMAP 86s<\/a> cung c\u1ea5p d\u1eef li\u1ec7u \u0111\u1ecbnh h\u01b0\u1edbng ch\u00ednh x\u00e1c ngay c\u1ea3 khi b\u1ea1n \u0111\u1ee9ng y\u00ean, c\u00f9ng v\u1edbi th\u00f4ng tin v\u1ec1 \u0111\u1ed9 cao v\u00e0 \u00e1p su\u1ea5t kh\u00ed quy\u1ec3n, gi\u00fap b\u1ea1n theo d\u00f5i s\u1ef1 thay \u0111\u1ed5i c\u1ee7a th\u1eddi ti\u1ebft.<\/li>\n<\/ul>\n<h3 data-sourcepos=\"15:1-15:35\">K\u1ebft N\u1ed1i Linh Ho\u1ea1t &amp; An To\u00e0n<\/h3>\n<ul data-sourcepos=\"17:1-21:0\">\n<li data-sourcepos=\"17:1-17:219\"><strong>K\u1ebft N\u1ed1i Kh\u00f4ng D\u00e2y \u0110a D\u1ea1ng:<\/strong> D\u1ec5 d\u00e0ng gh\u00e9p n\u1ed1i v\u1edbi \u0111i\u1ec7n tho\u1ea1i th\u00f4ng minh t\u01b0\u01a1ng th\u00edch th\u00f4ng qua <strong>Bluetooth\u00ae v\u00e0 Wi-Fi\u00ae<\/strong>. B\u1ea1n c\u00f3 th\u1ec3 nh\u1eadn th\u00f4ng b\u00e1o th\u00f4ng minh, t\u1ea3i l\u00ean d\u1eef li\u1ec7u l\u00ean Garmin Explore\u2122 v\u00e0 c\u1eadp nh\u1eadt ph\u1ea7n m\u1ec1m.<\/li>\n<li data-sourcepos=\"18:1-18:274\"><strong>K\u1ebft N\u1ed1i V\u1edbi \u1ee8ng D\u1ee5ng Garmin Explore\u2122:<\/strong> L\u1eadp k\u1ebf ho\u1ea1ch c\u00e1c chuy\u1ebfn \u0111i, \u0111\u1ed3ng b\u1ed9 h\u00f3a c\u00e1c tuy\u1ebfn \u0111\u01b0\u1eddng v\u00e0 \u0111i\u1ec3m tham chi\u1ebfu, xem l\u1ea1i d\u1eef li\u1ec7u h\u00e0nh tr\u00ecnh v\u00e0 qu\u1ea3n l\u00fd c\u00e1c \u0111i\u1ec3m y\u00eau th\u00edch c\u1ee7a b\u1ea1n m\u1ed9t c\u00e1ch thu\u1eadn ti\u1ec7n th\u00f4ng qua \u1ee9ng d\u1ee5ng Garmin Explore tr\u00ean \u0111i\u1ec7n tho\u1ea1i ho\u1eb7c m\u00e1y t\u00ednh b\u1ea3ng.<\/li>\n<li data-sourcepos=\"19:1-19:289\"><strong>T\u01b0\u01a1ng Th\u00edch InReach\u00ae:<\/strong> Gh\u00e9p n\u1ed1i <a href=\"https:\/\/gpsgarmin.vn\/?product=garmin-gpsmap-86s\">GPSMAP 86s<\/a> v\u1edbi thi\u1ebft b\u1ecb li\u00ean l\u1ea1c v\u1ec7 tinh inReach t\u01b0\u01a1ng th\u00edch (b\u00e1n ri\u00eang) \u0111\u1ec3 g\u1eedi v\u00e0 nh\u1eadn tin nh\u1eafn v\u0103n b\u1ea3n hai chi\u1ec1u, chia s\u1ebb v\u1ecb tr\u00ed v\u00e0 k\u00edch ho\u1ea1t SOS t\u01b0\u01a1ng t\u00e1c trong tr\u01b0\u1eddng h\u1ee3p kh\u1ea9n c\u1ea5p, mang l\u1ea1i s\u1ef1 an t\u00e2m tuy\u1ec7t \u0111\u1ed1i khi b\u1ea1n \u1edf ngo\u00e0i v\u00f9ng ph\u1ee7 s\u00f3ng di \u0111\u1ed9ng.<\/li>\n<li data-sourcepos=\"20:1-21:0\"><strong>Pin B\u1ec1n B\u1ec9:<\/strong> V\u1edbi th\u1eddi l\u01b0\u1ee3ng pin l\u00ean \u0111\u1ebfn <strong>40 gi\u1edd \u1edf ch\u1ebf \u0111\u1ed9 ti\u00eau chu\u1ea9n<\/strong> ho\u1eb7c <strong>200 gi\u1edd \u1edf ch\u1ebf \u0111\u1ed9 th\u00e1m hi\u1ec3m<\/strong>, <a href=\"https:\/\/gpsgarmin.vn\/?product=garmin-gpsmap-86s\">GPSMAP 86s<\/a> s\u1eb5n s\u00e0ng \u0111\u1ed3ng h\u00e0nh c\u00f9ng b\u1ea1n tr\u00ean nh\u1eefng cu\u1ed9c phi\u00eau l\u01b0u d\u00e0i ng\u00e0y m\u00e0 kh\u00f4ng c\u1ea7n lo l\u1eafng v\u1ec1 vi\u1ec7c s\u1ea1c pin li\u00ean t\u1ee5c.<\/li>\n<\/ul>\n<h3 data-sourcepos=\"22:1-22:28\">Th\u00eam Ti\u1ec7n \u00cdch Th\u00f4ng Minh<\/h3>\n<ul data-sourcepos=\"24:1-26:0\">\n<li data-sourcepos=\"24:1-24:144\"><strong>Th\u00f4ng B\u00e1o Th\u00f4ng Minh:<\/strong> Nh\u1eadn email, tin nh\u1eafn v\u0103n b\u1ea3n v\u00e0 c\u1ea3nh b\u00e1o ngay tr\u00ean thi\u1ebft b\u1ecb khi \u0111\u01b0\u1ee3c gh\u00e9p n\u1ed1i v\u1edbi \u0111i\u1ec7n tho\u1ea1i th\u00f4ng minh t\u01b0\u01a1ng th\u00edch.<\/li>\n<li data-sourcepos=\"25:1-26:0\"><strong>C\u1eadp Nh\u1eadt Th\u1eddi Ti\u1ebft Bi\u1ec3n:<\/strong> Nh\u1eadn th\u00f4ng tin th\u1eddi ti\u1ebft bi\u1ec3n tr\u1ef1c ti\u1ebfp khi \u0111\u01b0\u1ee3c k\u1ebft n\u1ed1i v\u1edbi \u1ee9ng d\u1ee5ng Garmin Connect\u2122 Mobile tr\u00ean \u0111i\u1ec7n tho\u1ea1i th\u00f4ng minh c\u1ee7a b\u1ea1n.\n<div class=\"app__life-style__text__con app__life-style__text__con--left app__life-style__text__con--middle app__life-style__text__con__mobile--center app__life-style__text__con__mobile--bottom\"><\/div>\n<\/li>\n<\/ul>\n<div class=\"app__img-banner app__life-style__img-con\"><img decoding=\"async\" class=\"app__img-banner__img app__img-banner__img--desktop\" src=\"https:\/\/res.garmin.com\/en\/products\/010-02236-00\/g\/662559-D-3-020b2994-6584-46bc-941e-5590f4fb3242.jpg\" alt=\"\" \/><\/div>\n","protected":false},"excerpt":{"rendered":"<p><strong>\u2282\u2329 B\u1ea2O H\u00c0NH CH\u00cdNH H\u00c3NG 2 N\u0102M \u232a\u2283<\/strong><\/p>\n<p><strong>\u260e Li\u00ean h\u1ec7 t\u01b0 v\u1ea5n : 0972 658 351 \u2013\u00a0 0962 846 820 (g\u1ecdi tr\u1ef1c ti\u1ebfp ho\u1eb7c Zalo).<\/strong><strong> <em>Nh\u1eadn gi\u00e1 \u01b0u \u0111\u00e3i khi mua s\u1ed1 l\u01b0\u1ee3ng nhi\u1ec1u.<\/em><\/strong><\/p>\n<p><strong>\u2666 H\u1ed7 tr\u1ee3 k\u1ef9 thu\u1eadt t\u1eadn t\u00ecnh v\u00e0 \u0111\u00fang chuy\u00ean m\u00f4n, \u0111\u1ed3ng th\u1eddi h\u1ed7 tr\u1ee3 \u0111\u1ea7y \u0111\u1ee7 ch\u1ee9ng t\u1eeb c\u1ea7n thi\u1ebft cho kh\u00e1ch c\u00f3 nhu c\u1ea7u\u00a0l\u00e0m d\u1ef1 \u00e1n.<\/strong><\/p>\n","protected":false},"featured_media":3445,"comment_status":"open","ping_status":"closed","template":"","meta":[],"product_cat":[27],"product_tag":[],"class_list":{"0":"post-3441","1":"product","2":"type-product","3":"status-publish","4":"has-post-thumbnail","6":"product_cat-gps-cam-tay","8":"first","9":"instock","10":"shipping-taxable","11":"purchasable","12":"product-type-simple"},"_links":{"self":[{"href":"https:\/\/gpsgarmin.vn\/index.php?rest_route=\/wp\/v2\/product\/3441","targetHints":{"allow":["GET"]}}],"collection":[{"href":"https:\/\/gpsgarmin.vn\/index.php?rest_route=\/wp\/v2\/product"}],"about":[{"href":"https:\/\/gpsgarmin.vn\/index.php?rest_route=\/wp\/v2\/types\/product"}],"replies":[{"embeddable":true,"href":"https:\/\/gpsgarmin.vn\/index.php?rest_route=%2Fwp%2Fv2%2Fcomments&post=3441"}],"version-history":[{"count":4,"href":"https:\/\/gpsgarmin.vn\/index.php?rest_route=\/wp\/v2\/product\/3441\/revisions"}],"predecessor-version":[{"id":5024,"href":"https:\/\/gpsgarmin.vn\/index.php?rest_route=\/wp\/v2\/product\/3441\/revisions\/5024"}],"wp:featuredmedia":[{"embeddable":true,"href":"https:\/\/gpsgarmin.vn\/index.php?rest_route=\/wp\/v2\/media\/3445"}],"wp:attachment":[{"href":"https:\/\/gpsgarmin.vn\/index.php?rest_route=%2Fwp%2Fv2%2Fmedia&parent=3441"}],"wp:term":[{"taxonomy":"product_cat","embeddable":true,"href":"https:\/\/gpsgarmin.vn\/index.php?rest_route=%2Fwp%2Fv2%2Fproduct_cat&post=3441"},{"taxonomy":"product_tag","embeddable":true,"href":"https:\/\/gpsgarmin.vn\/index.php?rest_route=%2Fwp%2Fv2%2Fproduct_tag&post=3441"}],"curies":[{"name":"wp","href":"https:\/\/api.w.org\/{rel}","templated":true}]}}