{"id":3416,"date":"2025-06-07T11:36:40","date_gmt":"2025-06-07T04:36:40","guid":{"rendered":"http:\/\/demo.garminvietnam.vn\/?post_type=product&#038;p=3416"},"modified":"2025-09-15T10:17:00","modified_gmt":"2025-09-15T03:17:00","slug":"garmin-montana-700","status":"publish","type":"product","link":"https:\/\/gpsgarmin.vn\/?product=garmin-montana-700","title":{"rendered":"Garmin Montana 700"},"content":{"rendered":"<h2 data-sourcepos=\"5:1-5:53\">Garmin <a href=\"https:\/\/gpsgarmin.vn\/?product=garmin-montana-700\">Montana 700<\/a> &#8211; D\u1eabn L\u1ed1i Kh\u00e1m Ph\u00e1 M\u1ecdi \u0110\u1ecba H\u00ecnh<\/h2>\n<p data-sourcepos=\"7:1-7:407\">Garmin <a href=\"https:\/\/gpsgarmin.vn\/?product=garmin-montana-700\">Montana 700<\/a> l\u00e0 thi\u1ebft b\u1ecb \u0111\u1ecbnh v\u1ecb GPS c\u1ea7m tay m\u1ea1nh m\u1ebd, b\u1ec1n b\u1ec9, \u0111\u01b0\u1ee3c thi\u1ebft k\u1ebf \u0111\u1eb7c bi\u1ec7t d\u00e0nh cho nh\u1eefng nh\u00e0 th\u00e1m hi\u1ec3m, nh\u1eefng ng\u01b0\u1eddi y\u00eau th\u00edch ho\u1ea1t \u0111\u1ed9ng ngo\u00e0i tr\u1eddi, v\u00e0 c\u00e1c chuy\u00ean gia c\u1ea7n m\u1ed9t c\u00f4ng c\u1ee5 \u0111\u1ecbnh v\u1ecb \u0111\u00e1ng tin c\u1eady trong m\u1ecdi \u0111i\u1ec1u ki\u1ec7n. V\u1edbi kh\u1ea3 n\u0103ng \u0111\u1ecbnh v\u1ecb ch\u00ednh x\u00e1c, b\u1ea3n \u0111\u1ed3 chi ti\u1ebft, v\u00e0 thi\u1ebft k\u1ebf si\u00eau b\u1ec1n, <a href=\"https:\/\/gpsgarmin.vn\/?product=garmin-montana-700\">Montana 700<\/a> s\u1ebd l\u00e0 ng\u01b0\u1eddi b\u1ea1n \u0111\u1ed3ng h\u00e0nh l\u00fd t\u01b0\u1edfng, gi\u00fap b\u1ea1n t\u1ef1 tin kh\u00e1m ph\u00e1 nh\u1eefng n\u01a1i xa x\u00f4i nh\u1ea5t.<\/p>\n<div class=\"app__img-banner app__life-style__img-con\"><img decoding=\"async\" class=\"app__img-banner__img app__img-banner__img--desktop\" src=\"https:\/\/res.garmin.com\/en\/products\/010-02133-00\/g\/010-02133-00-take-it-hiking-Montana-700_desktop-7fbbd6bc-58d4-4fda-8947-886a9258728f.jpg\" alt=\"\" \/><\/div>\n<h3 data-sourcepos=\"9:1-9:38\">M\u00e0n H\u00ecnh C\u1ea3m \u1ee8ng R\u00f5 R\u00e0ng, Si\u00eau B\u1ec1n<\/h3>\n<ul data-sourcepos=\"11:1-14:0\">\n<li data-sourcepos=\"11:1-11:140\"><strong>M\u00e0n h\u00ecnh c\u1ea3m \u1ee9ng m\u00e0u 5 inch<\/strong> c\u1ee7a <a href=\"https:\/\/gpsgarmin.vn\/?product=garmin-montana-700\">Montana 700<\/a> l\u1edbn h\u01a1n 50% so v\u1edbi c\u00e1c m\u1eabu Montana tr\u01b0\u1edbc \u0111\u00e2y, mang l\u1ea1i kh\u1ea3 n\u0103ng hi\u1ec3n th\u1ecb r\u00f5 r\u00e0ng, s\u1eafc n\u00e9t.<\/li>\n<li data-sourcepos=\"12:1-12:189\"><strong>Thi\u1ebft k\u1ebf si\u00eau b\u1ec1n, \u0111\u1ea1t chu\u1ea9n qu\u00e2n \u0111\u1ed9i MIL-STD 810<\/strong> v\u1ec1 kh\u1ea3 n\u0103ng ch\u1ecbu nhi\u1ec7t, ch\u1ed1ng s\u1ed1c v\u00e0 ch\u1ed1ng n\u01b0\u1edbc. B\u1ea1n c\u00f3 th\u1ec3 tin t\u01b0\u1edfng thi\u1ebft b\u1ecb n\u00e0y s\u1ebd ho\u1ea1t \u0111\u1ed9ng t\u1ed1t trong m\u1ecdi m\u00f4i tr\u01b0\u1eddng kh\u1eafc nghi\u1ec7t.<\/li>\n<li data-sourcepos=\"13:1-14:0\"><strong>Ch\u1ebf \u0111\u1ed9 k\u00e9p (Dual-Orientation)<\/strong> cho ph\u00e9p b\u1ea1n s\u1eed d\u1ee5ng thi\u1ebft b\u1ecb theo h\u01b0\u1edbng d\u1ecdc ho\u1eb7c ngang, t\u00f9y thu\u1ed9c v\u00e0o nhu c\u1ea7u v\u00e0 s\u1edf th\u00edch c\u1ee7a b\u1ea1n.<\/li>\n<\/ul>\n<h3 data-sourcepos=\"15:1-15:37\">\u0110\u1ecbnh V\u1ecb \u0110a V\u1ec7 Tinh Si\u00eau Ch\u00ednh X\u00e1c<\/h3>\n<ul data-sourcepos=\"17:1-19:0\">\n<li data-sourcepos=\"17:1-17:213\"><a href=\"https:\/\/gpsgarmin.vn\/?product=garmin-montana-700\">Montana 700<\/a> s\u1eed d\u1ee5ng \u0111\u1ed3ng th\u1eddi c\u00e1c h\u1ec7 th\u1ed1ng v\u1ec7 tinh <strong>GPS, GLONASS v\u00e0 GALILEO<\/strong>, mang l\u1ea1i kh\u1ea3 n\u0103ng \u0111\u1ecbnh v\u1ecb nhanh ch\u00f3ng v\u00e0 ch\u00ednh x\u00e1c ngay c\u1ea3 trong nh\u1eefng khu v\u1ef1c hi\u1ec3m tr\u1edf, nhi\u1ec1u c\u00e2y c\u1ed1i r\u1eadm r\u1ea1p ho\u1eb7c thung l\u0169ng s\u00e2u.<\/li>\n<li data-sourcepos=\"18:1-19:0\">T\u00edch h\u1ee3p <strong>la b\u00e0n \u0111i\u1ec7n t\u1eed 3 tr\u1ee5c v\u00e0 kh\u00ed \u00e1p k\u1ebf \u0111o \u0111\u1ed9 cao<\/strong>, gi\u00fap b\u1ea1n lu\u00f4n bi\u1ebft \u0111\u01b0\u1ee3c h\u01b0\u1edbng \u0111i v\u00e0 \u0111\u1ed9 cao ch\u00ednh x\u00e1c, ngay c\u1ea3 khi \u0111\u1ee9ng y\u00ean.<\/li>\n<\/ul>\n<h3 data-sourcepos=\"20:1-20:37\">B\u1ea3n \u0110\u1ed3 Chi Ti\u1ebft Cho M\u1ecdi Ho\u1ea1t \u0110\u1ed9ng<\/h3>\n<ul data-sourcepos=\"22:1-25:0\">\n<li data-sourcepos=\"22:1-22:220\"><strong>B\u1ea3n \u0111\u1ed3 TOPO Active c\u00e0i \u0111\u1eb7t s\u1eb5n:<\/strong> Thi\u1ebft b\u1ecb \u0111i k\u00e8m v\u1edbi b\u1ea3n \u0111\u1ed3 TOPO Active \u0111\u01b0\u1ee3c c\u00e0i \u0111\u1eb7t s\u1eb5n, hi\u1ec3n th\u1ecb \u0111\u1ecba h\u00ecnh, \u0111\u1ed9 cao, \u0111\u01b0\u1eddng m\u00f2n v\u00e0 th\u00f4ng tin \u0111\u1ecba l\u00fd chi ti\u1ebft, l\u00fd t\u01b0\u1edfng cho vi\u1ec7c \u0111i b\u1ed9 \u0111\u01b0\u1eddng d\u00e0i, \u0111i xe \u0111\u1ea1p ho\u1eb7c leo n\u00fai.<\/li>\n<li data-sourcepos=\"23:1-23:214\"><strong>H\u1ed7 tr\u1ee3 b\u1ea3n \u0111\u1ed3 t\u00f9y ch\u1ec9nh:<\/strong> B\u1ea1n c\u00f3 th\u1ec3 d\u1ec5 d\u00e0ng t\u1ea3i th\u00eam c\u00e1c lo\u1ea1i b\u1ea3n \u0111\u1ed3 kh\u00e1c nh\u01b0 b\u1ea3n \u0111\u1ed3 \u0111\u01b0\u1eddng b\u1ed9 City Navigator\u00ae (b\u00e1n ri\u00eang) ho\u1eb7c b\u1ea3n \u0111\u1ed3 h\u00e0ng h\u1ea3i BlueChart\u00ae g3 (b\u00e1n ri\u00eang) \u0111\u1ec3 ph\u00f9 h\u1ee3p v\u1edbi nhu c\u1ea7u s\u1eed d\u1ee5ng \u0111a d\u1ea1ng.<\/li>\n<li data-sourcepos=\"24:1-25:0\"><strong>Ch\u1ebf \u0111\u1ed9 h\u00ecnh \u1ea3nh v\u1ec7 tinh BirdsEye (\u0111\u0103ng k\u00fd t\u00f9y ch\u1ecdn):<\/strong> T\u1ea3i tr\u1ef1c ti\u1ebfp h\u00ecnh \u1ea3nh v\u1ec7 tinh ch\u1ea5t l\u01b0\u1ee3ng cao v\u1ec1 thi\u1ebft b\u1ecb \u0111\u1ec3 c\u00f3 c\u00e1i nh\u00ecn ch\u00e2n th\u1ef1c h\u01a1n v\u1ec1 \u0111\u1ecba h\u00ecnh xung quanh, gi\u00fap b\u1ea1n l\u00ean k\u1ebf ho\u1ea1ch chuy\u1ebfn \u0111i chi ti\u1ebft h\u01a1n.<\/li>\n<\/ul>\n<h3 data-sourcepos=\"26:1-26:27\">Linh Ho\u1ea1t Trong S\u1eed D\u1ee5ng<\/h3>\n<ul data-sourcepos=\"28:1-30:0\">\n<li data-sourcepos=\"28:1-28:215\"><strong>H\u1ed7 tr\u1ee3 nhi\u1ec1u lo\u1ea1i gi\u00e1 \u0111\u1ee1:<\/strong> <a href=\"https:\/\/gpsgarmin.vn\/?product=garmin-montana-700\">Montana 700<\/a> t\u01b0\u01a1ng th\u00edch v\u1edbi nhi\u1ec1u lo\u1ea1i gi\u00e1 \u0111\u1ee1 kh\u00e1c nhau (b\u00e1n ri\u00eang) d\u00e0nh cho xe m\u00e1y, xe \u0111\u1ea1p \u0111\u1ecba h\u00ecnh, xe \u00f4 t\u00f4, thuy\u1ec1n, mang l\u1ea1i s\u1ef1 linh ho\u1ea1t t\u1ed1i \u0111a khi s\u1eed d\u1ee5ng tr\u00ean nhi\u1ec1u ph\u01b0\u01a1ng ti\u1ec7n.<\/li>\n<li data-sourcepos=\"29:1-30:0\"><strong>Pin k\u00e9p linh ho\u1ea1t:<\/strong> S\u1eed d\u1ee5ng b\u1ed9 pin lithium-ion c\u00f3 th\u1ec3 s\u1ea1c l\u1ea1i (\u0111i k\u00e8m) cho th\u1eddi l\u01b0\u1ee3ng pin l\u00ean \u0111\u1ebfn 18 gi\u1edd \u1edf ch\u1ebf \u0111\u1ed9 GPS, ho\u1eb7c s\u1eed d\u1ee5ng 3 pin AA th\u00f4ng th\u01b0\u1eddng \u0111\u1ec3 d\u1ef1 ph\u00f2ng, \u0111\u1ea3m b\u1ea3o b\u1ea1n kh\u00f4ng bao gi\u1edd b\u1ecb gi\u00e1n \u0111o\u1ea1n h\u00e0nh tr\u00ecnh.<\/li>\n<\/ul>\n<h3 data-sourcepos=\"31:1-31:36\">T\u00ednh N\u0103ng An To\u00e0n &amp; Ti\u1ec7n L\u1ee3i<\/h3>\n<ul data-sourcepos=\"33:1-36:0\">\n<li data-sourcepos=\"33:1-33:100\"><strong>B\u1ed9 x\u1eed l\u00fd m\u1ea1nh m\u1ebd:<\/strong> T\u1eadn h\u01b0\u1edfng t\u1ed1c \u0111\u1ed9 x\u1eed l\u00fd nhanh h\u01a1n, gi\u00fap t\u1ea3i b\u1ea3n \u0111\u1ed3 v\u00e0 \u0111\u1ecbnh tuy\u1ebfn m\u01b0\u1ee3t m\u00e0 h\u01a1n.<\/li>\n<li data-sourcepos=\"34:1-34:128\"><strong>\u0110\u00e8n pin t\u00edch h\u1ee3p:<\/strong> M\u1ed9t \u0111\u00e8n pin LED t\u00edch h\u1ee3p c\u00f3 th\u1ec3 ho\u1ea1t \u0111\u1ed9ng nh\u01b0 \u0111\u00e8n hi\u1ec7u kh\u1ea9n c\u1ea5p, h\u1eefu \u00edch trong c\u00e1c t\u00ecnh hu\u1ed1ng c\u1ea7n thi\u1ebft.<\/li>\n<li data-sourcepos=\"35:1-36:0\"><strong>Kh\u1ea3 n\u0103ng l\u01b0u tr\u1eef l\u1edbn:<\/strong> L\u01b0u tr\u1eef h\u00e0ng ngh\u00ecn \u0111i\u1ec3m tham chi\u1ebfu (waypoints), tuy\u1ebfn \u0111\u01b0\u1eddng v\u00e0 d\u1ea5u v\u1ebft \u0111\u1ec3 b\u1ea1n c\u00f3 th\u1ec3 ghi l\u1ea1i m\u1ecdi cu\u1ed9c phi\u00eau l\u01b0u c\u1ee7a m\u00ecnh.<\/li>\n<\/ul>\n<div class=\"app__img-banner app__life-style__img-con\"><img decoding=\"async\" class=\"app__img-banner__img app__img-banner__img--desktop\" src=\"https:\/\/res.garmin.com\/en\/products\/010-02133-00\/g\/010-02133-00-track-your-adventures-Montana-700_desktop-d696e360-030f-4141-a0b6-5a5c72548315.jpg\" alt=\"\" \/><\/div>\n","protected":false},"excerpt":{"rendered":"<p><strong>\u2282\u2329 B\u1ea2O H\u00c0NH CH\u00cdNH H\u00c3NG 2 N\u0102M \u232a\u2283<\/strong><\/p>\n<p><strong>\u260e Li\u00ean h\u1ec7 t\u01b0 v\u1ea5n : 0972 658 351 \u2013\u00a0 0962 846 820 (g\u1ecdi tr\u1ef1c ti\u1ebfp ho\u1eb7c Zalo).<\/strong><\/p>\n","protected":false},"featured_media":3423,"comment_status":"open","ping_status":"closed","template":"","meta":[],"product_cat":[27],"product_tag":[],"class_list":{"0":"post-3416","1":"product","2":"type-product","3":"status-publish","4":"has-post-thumbnail","6":"product_cat-gps-cam-tay","8":"first","9":"instock","10":"shipping-taxable","11":"purchasable","12":"product-type-simple"},"_links":{"self":[{"href":"https:\/\/gpsgarmin.vn\/index.php?rest_route=\/wp\/v2\/product\/3416","targetHints":{"allow":["GET"]}}],"collection":[{"href":"https:\/\/gpsgarmin.vn\/index.php?rest_route=\/wp\/v2\/product"}],"about":[{"href":"https:\/\/gpsgarmin.vn\/index.php?rest_route=\/wp\/v2\/types\/product"}],"replies":[{"embeddable":true,"href":"https:\/\/gpsgarmin.vn\/index.php?rest_route=%2Fwp%2Fv2%2Fcomments&post=3416"}],"version-history":[{"count":4,"href":"https:\/\/gpsgarmin.vn\/index.php?rest_route=\/wp\/v2\/product\/3416\/revisions"}],"predecessor-version":[{"id":5026,"href":"https:\/\/gpsgarmin.vn\/index.php?rest_route=\/wp\/v2\/product\/3416\/revisions\/5026"}],"wp:featuredmedia":[{"embeddable":true,"href":"https:\/\/gpsgarmin.vn\/index.php?rest_route=\/wp\/v2\/media\/3423"}],"wp:attachment":[{"href":"https:\/\/gpsgarmin.vn\/index.php?rest_route=%2Fwp%2Fv2%2Fmedia&parent=3416"}],"wp:term":[{"taxonomy":"product_cat","embeddable":true,"href":"https:\/\/gpsgarmin.vn\/index.php?rest_route=%2Fwp%2Fv2%2Fproduct_cat&post=3416"},{"taxonomy":"product_tag","embeddable":true,"href":"https:\/\/gpsgarmin.vn\/index.php?rest_route=%2Fwp%2Fv2%2Fproduct_tag&post=3416"}],"curies":[{"name":"wp","href":"https:\/\/api.w.org\/{rel}","templated":true}]}}