{"id":3408,"date":"2025-06-07T11:26:48","date_gmt":"2025-06-07T04:26:48","guid":{"rendered":"http:\/\/demo.garminvietnam.vn\/?post_type=product&#038;p=3408"},"modified":"2025-09-15T10:17:33","modified_gmt":"2025-09-15T03:17:33","slug":"garmin-gpsmap-65s","status":"publish","type":"product","link":"https:\/\/gpsgarmin.vn\/?product=garmin-gpsmap-65s","title":{"rendered":"Garmin GPSMAP 65s"},"content":{"rendered":"<h2 data-sourcepos=\"5:1-5:69\">Garmin <a href=\"https:\/\/gpsgarmin.vn\/?product=garmin-gpsmap-65s\">GPSMAP 65s<\/a> &#8211; Kh\u00e1m Ph\u00e1 M\u1ecdi N\u1ebbo \u0110\u01b0\u1eddng V\u1edbi \u0110\u1ed9 Ch\u00ednh X\u00e1c T\u1ed1i \u0110a<\/h2>\n<p data-sourcepos=\"7:1-7:368\">B\u1ea1n l\u00e0 m\u1ed9t nh\u00e0 th\u00e1m hi\u1ec3m th\u1ef1c th\u1ee5, m\u1ed9t ng\u01b0\u1eddi \u0111am m\u00ea \u0111i b\u1ed9 \u0111\u01b0\u1eddng d\u00e0i, \u0111i xe \u0111\u1ea1p, ho\u1eb7c \u0111\u01a1n gi\u1ea3n l\u00e0 y\u00eau th\u00edch kh\u00e1m ph\u00e1 nh\u1eefng v\u00f9ng \u0111\u1ea5t m\u1edbi? Garmin <a href=\"https:\/\/gpsgarmin.vn\/?product=garmin-gpsmap-65s\">GPSMAP 65s<\/a> ch\u00ednh l\u00e0 ng\u01b0\u1eddi b\u1ea1n \u0111\u1ed3ng h\u00e0nh kh\u00f4ng th\u1ec3 thi\u1ebfu, mang \u0111\u1ebfn kh\u1ea3 n\u0103ng \u0111\u1ecbnh v\u1ecb \u0111a b\u0103ng t\u1ea7n v\u00e0 \u0111\u1ed9 ch\u00ednh x\u00e1c v\u01b0\u1ee3t tr\u1ed9i, gi\u00fap b\u1ea1n t\u1ef1 tin chinh ph\u1ee5c m\u1ecdi \u0111\u1ecba h\u00ecnh, t\u1eeb nh\u1eefng con \u0111\u01b0\u1eddng m\u00f2n quen thu\u1ed9c \u0111\u1ebfn nh\u1eefng v\u00f9ng \u0111\u1ea5t hoang s\u01a1.<\/p>\n<p data-sourcepos=\"7:1-7:368\"><iframe title=\"Garmin GPSMAP 65s: T\u00ecm h\u01b0\u1edbng \u0111i trong c\u1ea3 th\u1ebf gi\u1edbi r\u1ed9ng l\u1edbn\" src=\"https:\/\/www.youtube.com\/embed\/lSAeOUtJPHo\" width=\"1088\" height=\"309\" frameborder=\"0\" allowfullscreen=\"allowfullscreen\"><\/iframe><\/p>\n<h3 data-sourcepos=\"11:1-11:54\">Kh\u1ea3 N\u0103ng \u0110\u1ecbnh V\u1ecb \u0110a B\u0103ng T\u1ea7n &#8211; Ch\u00ednh X\u00e1c V\u01b0\u1ee3t Tr\u1ed9i<\/h3>\n<ul data-sourcepos=\"13:1-15:0\">\n<li data-sourcepos=\"13:1-13:428\"><strong>C\u00f4ng Ngh\u1ec7 GNSS \u0110a B\u0103ng T\u1ea7n:<\/strong> <a href=\"https:\/\/gpsgarmin.vn\/?product=garmin-gpsmap-65s\">GPSMAP 65s<\/a> s\u1eed d\u1ee5ng <strong>c\u00f4ng ngh\u1ec7 GNSS \u0111a b\u0103ng t\u1ea7n<\/strong>, cho ph\u00e9p thi\u1ebft b\u1ecb thu nh\u1eadn t\u00edn hi\u1ec7u t\u1eeb nhi\u1ec1u h\u1ec7 th\u1ed1ng v\u1ec7 tinh \u0111\u1ecbnh v\u1ecb to\u00e0n c\u1ea7u (GPS, GLONASS, Galileo, QZSS v\u00e0 IRNSS) tr\u00ean nhi\u1ec1u d\u1ea3i t\u1ea7n s\u1ed1. \u0110i\u1ec1u n\u00e0y mang l\u1ea1i <strong>\u0111\u1ed9 ch\u00ednh x\u00e1c \u0111\u1ecbnh v\u1ecb cao h\u01a1n \u0111\u00e1ng k\u1ec3<\/strong>, \u0111\u1eb7c bi\u1ec7t \u1edf nh\u1eefng khu v\u1ef1c kh\u00f3 kh\u0103n nh\u01b0 h\u1ebbm n\u00fai s\u00e2u, \u0111\u00f4 th\u1ecb v\u1edbi nhi\u1ec1u t\u00f2a nh\u00e0 cao t\u1ea7ng hay r\u1eebng r\u1eadm r\u1ea1p, n\u01a1i t\u00edn hi\u1ec7u v\u1ec7 tinh th\u01b0\u1eddng b\u1ecb suy y\u1ebfu.<\/li>\n<li data-sourcepos=\"14:1-15:0\"><strong>B\u1ea3n \u0110\u1ed3 N\u1ec1n To\u00e0n C\u1ea7u:<\/strong> Thi\u1ebft b\u1ecb \u0111\u01b0\u1ee3c t\u00edch h\u1ee3p <strong>b\u1ea3n \u0111\u1ed3 n\u1ec1n to\u00e0n c\u1ea7u<\/strong> hi\u1ec3n th\u1ecb c\u00e1c th\u00f4ng tin c\u01a1 b\u1ea3n v\u1ec1 \u0111\u1ecba h\u00ecnh, gi\u00fap b\u1ea1n c\u00f3 c\u00e1i nh\u00ecn t\u1ed5ng quan v\u1ec1 m\u00f4i tr\u01b0\u1eddng xung quanh. B\u1ea1n c\u0169ng c\u00f3 th\u1ec3 t\u1ea3i th\u00eam c\u00e1c b\u1ea3n \u0111\u1ed3 chi ti\u1ebft h\u01a1n n\u1ebfu c\u1ea7n.<\/li>\n<\/ul>\n<h3 data-sourcepos=\"18:1-18:46\">Thi\u1ebft K\u1ebf B\u1ec1n B\u1ec9, Ph\u00f9 H\u1ee3p V\u1edbi M\u1ecdi \u0110i\u1ec1u Ki\u1ec7n<\/h3>\n<ul data-sourcepos=\"20:1-23:0\">\n<li data-sourcepos=\"20:1-20:211\"><strong>M\u00e0n H\u00ecnh Hi\u1ec3n Th\u1ecb R\u00f5 N\u00e9t:<\/strong> GPSMAP 65s s\u1edf h\u1eefu <strong>m\u00e0n h\u00ecnh m\u00e0u 2.6 inch<\/strong> d\u1ec5 \u0111\u1ecdc d\u01b0\u1edbi \u00e1nh s\u00e1ng m\u1eb7t tr\u1eddi gay g\u1eaft, gi\u00fap b\u1ea1n d\u1ec5 d\u00e0ng xem b\u1ea3n \u0111\u1ed3 v\u00e0 th\u00f4ng tin \u0111\u1ecbnh v\u1ecb ngay c\u1ea3 trong \u0111i\u1ec1u ki\u1ec7n ngo\u00e0i tr\u1eddi kh\u1eafc nghi\u1ec7t.<\/li>\n<li data-sourcepos=\"21:1-21:329\"><strong>Ch\u1ed1ng Ch\u1ecbu Th\u1eddi Ti\u1ebft:<\/strong> \u0110\u01b0\u1ee3c thi\u1ebft k\u1ebf \u0111\u1ec3 ho\u1ea1t \u0111\u1ed9ng trong m\u1ecdi \u0111i\u1ec1u ki\u1ec7n, thi\u1ebft b\u1ecb \u0111\u1ea1t <strong>chu\u1ea9n ch\u1ed1ng n\u01b0\u1edbc IPX7<\/strong>, c\u00f3 ngh\u0129a l\u00e0 n\u00f3 c\u00f3 th\u1ec3 ch\u1ecbu \u0111\u01b0\u1ee3c vi\u1ec7c ng\u00e2m trong n\u01b0\u1edbc \u1edf \u0111\u1ed9 s\u00e2u 1 m\u00e9t trong 30 ph\u00fat. C\u00f9ng v\u1edbi v\u1ecf ngo\u00e0i ch\u1eafc ch\u1eafn, <a href=\"https:\/\/gpsgarmin.vn\/?product=garmin-gpsmap-65s\">GPSMAP 65s<\/a> s\u1eb5n s\u00e0ng \u0111\u1ed3ng h\u00e0nh c\u00f9ng b\u1ea1n trong m\u1ecdi chuy\u1ebfn \u0111i, b\u1ea5t k\u1ec3 m\u01b0a hay n\u1eafng, b\u00f9n l\u1ea7y hay b\u1ee5i b\u1eb7m.<\/li>\n<li data-sourcepos=\"22:1-23:0\"><strong>Th\u1eddi L\u01b0\u1ee3ng Pin D\u00e0i:<\/strong> V\u1edbi th\u1eddi l\u01b0\u1ee3ng pin l\u00ean \u0111\u1ebfn <strong>16 gi\u1edd<\/strong> \u1edf ch\u1ebf \u0111\u1ed9 GPS, b\u1ea1n c\u00f3 th\u1ec3 t\u1ef1 tin kh\u00e1m ph\u00e1 m\u00e0 kh\u00f4ng lo h\u1ebft pin gi\u1eefa ch\u1eebng.<\/li>\n<\/ul>\n<h3 data-sourcepos=\"26:1-26:45\">C\u00e1c C\u1ea3m Bi\u1ebfn H\u1ed7 Tr\u1ee3 \u0110\u1ecbnh V\u1ecb V\u00e0 \u0110i\u1ec1u H\u01b0\u1edbng<\/h3>\n<ul data-sourcepos=\"28:1-30:0\">\n<li data-sourcepos=\"28:1-28:201\"><strong>La B\u00e0n \u0110i\u1ec7n T\u1eed 3 Tr\u1ee5c:<\/strong> Ngay c\u1ea3 khi b\u1ea1n \u0111\u1ee9ng y\u00ean, <strong>la b\u00e0n \u0111i\u1ec7n t\u1eed 3 tr\u1ee5c t\u00edch h\u1ee3p<\/strong> v\u1eabn s\u1ebd hi\u1ec3n th\u1ecb h\u01b0\u1edbng di chuy\u1ec3n c\u1ee7a b\u1ea1n m\u1ed9t c\u00e1ch ch\u00ednh x\u00e1c, gi\u00fap b\u1ea1n d\u1ec5 d\u00e0ng \u0111\u1ecbnh h\u01b0\u1edbng khi \u0111i b\u1ed9 ho\u1eb7c leo n\u00fai.<\/li>\n<li data-sourcepos=\"29:1-30:0\"><strong>Cao K\u1ebf \u0110o Kh\u00ed \u00c1p:<\/strong> <strong>Cao k\u1ebf \u0111o kh\u00ed \u00e1p<\/strong> gi\u00fap b\u1ea1n theo d\u00f5i \u0111\u1ed9 cao v\u00e0 v\u1ebd bi\u1ec3u \u0111\u1ed3 s\u1ef1 thay \u0111\u1ed5i \u00e1p su\u1ea5t kh\u00ed quy\u1ec3n theo th\u1eddi gian, h\u1ed7 tr\u1ee3 vi\u1ec7c d\u1ef1 \u0111o\u00e1n th\u1eddi ti\u1ebft ho\u1eb7c theo d\u00f5i \u0111\u1ed9 cao trong c\u00e1c ho\u1ea1t \u0111\u1ed9ng leo n\u00fai.<\/li>\n<\/ul>\n<h3 data-sourcepos=\"33:1-33:38\">T\u00ednh N\u0103ng H\u1ed7 Tr\u1ee3 Kh\u00e1m Ph\u00e1 N\u00e2ng Cao<\/h3>\n<ul data-sourcepos=\"35:1-38:0\">\n<li data-sourcepos=\"35:1-35:227\"><strong>Geocaching Kh\u00f4ng C\u1ea7n Gi\u1ea5y:<\/strong> T\u1ea3i l\u00ean c\u00e1c t\u1ec7p GPX v\u00e0o thi\u1ebft b\u1ecb \u0111\u1ec3 xem th\u00f4ng tin chi ti\u1ebft v\u1ec1 c\u00e1c Geocache (\u0111\u1ecba \u0111i\u1ec3m kho b\u00e1u \u0111\u01b0\u1ee3c gi\u1ea5u) t\u1eeb Geocaching.com. <a href=\"https:\/\/gpsgarmin.vn\/?product=garmin-gpsmap-65s\">GPSMAP 65s<\/a> s\u1ebd gi\u00fap b\u1ea1n \u0111i\u1ec1u h\u01b0\u1edbng \u0111\u1ebfn \u0111i\u1ec3m \u0111\u1ebfn m\u00e0 kh\u00f4ng c\u1ea7n in gi\u1ea5y t\u1edd.<\/li>\n<li data-sourcepos=\"36:1-36:304\"><strong>K\u1ebft N\u1ed1i Garmin Explore\u2122:<\/strong> Khi \u0111\u01b0\u1ee3c gh\u00e9p n\u1ed1i v\u1edbi \u1ee9ng d\u1ee5ng <strong>Garmin Explore\u2122<\/strong> tr\u00ean \u0111i\u1ec7n tho\u1ea1i th\u00f4ng minh, b\u1ea1n c\u00f3 th\u1ec3 l\u1eadp k\u1ebf ho\u1ea1ch chuy\u1ebfn \u0111i, \u0111\u1ed3ng b\u1ed9 h\u00f3a c\u00e1c tuy\u1ebfn \u0111\u01b0\u1eddng, \u0111i\u1ec3m tham chi\u1ebfu v\u00e0 theo d\u00f5i chuy\u1ebfn \u0111i c\u1ee7a m\u00ecnh. \u1ee8ng d\u1ee5ng c\u0169ng cho ph\u00e9p b\u1ea1n t\u1ea3i xu\u1ed1ng b\u1ea3n \u0111\u1ed3 b\u1ed5 sung v\u00e0 chia s\u1ebb d\u1eef li\u1ec7u v\u1edbi b\u1ea1n b\u00e8.<\/li>\n<li data-sourcepos=\"37:1-38:0\"><strong>H\u1ed7 Tr\u1ee3 Th\u1ebb Nh\u1edb microSD\u2122:<\/strong> Khe c\u1eafm th\u1ebb nh\u1edb microSD\u2122 cho ph\u00e9p b\u1ea1n m\u1edf r\u1ed9ng b\u1ed9 nh\u1edb \u0111\u1ec3 t\u1ea3i th\u00eam b\u1ea3n \u0111\u1ed3 TOPO, b\u1ea3n \u0111\u1ed3 \u0111\u01b0\u1eddng b\u1ed9 ho\u1eb7c b\u1ea3n \u0111\u1ed3 BlueChart\u00ae g2 (b\u00e1n ri\u00eang) cho c\u00e1c ho\u1ea1t \u0111\u1ed9ng kh\u00e1c nhau.<\/li>\n<\/ul>\n<p><img decoding=\"async\" class=\"app__img-banner__img__desktop app__img-banner__img\" src=\"https:\/\/res.garmin.com\/en\/products\/010-02451-10\/g\/31204-D-1-23e90d14-dfed-407a-a532-2932bb1db990.jpg\" alt=\"\" \/><\/p>\n","protected":false},"excerpt":{"rendered":"<p><strong>\u2282\u2329 B\u1ea2O H\u00c0NH CH\u00cdNH H\u00c3NG 2 N\u0102M \u232a\u2283<\/strong><\/p>\n<p><strong>\u260e Li\u00ean h\u1ec7 t\u01b0 v\u1ea5n : 0972 658 351 \u2013\u00a0 0962 846 820 (g\u1ecdi tr\u1ef1c ti\u1ebfp ho\u1eb7c Zalo).<\/strong><strong> <em>Nh\u1eadn gi\u00e1 \u01b0u \u0111\u00e3i khi mua s\u1ed1 l\u01b0\u1ee3ng nhi\u1ec1u.<\/em><\/strong><\/p>\n<p><strong>\u2666 H\u1ed7 tr\u1ee3 k\u1ef9 thu\u1eadt t\u1eadn t\u00ecnh v\u00e0 \u0111\u00fang chuy\u00ean m\u00f4n, \u0111\u1ed3ng th\u1eddi h\u1ed7 tr\u1ee3 \u0111\u1ea7y \u0111\u1ee7 ch\u1ee9ng t\u1eeb c\u1ea7n thi\u1ebft cho kh\u00e1ch c\u00f3 nhu c\u1ea7u\u00a0l\u00e0m d\u1ef1 \u00e1n.<\/strong><\/p>\n","protected":false},"featured_media":3412,"comment_status":"open","ping_status":"closed","template":"","meta":[],"product_cat":[27],"product_tag":[],"class_list":{"0":"post-3408","1":"product","2":"type-product","3":"status-publish","4":"has-post-thumbnail","6":"product_cat-gps-cam-tay","8":"first","9":"instock","10":"sale","11":"featured","12":"shipping-taxable","13":"purchasable","14":"product-type-simple"},"_links":{"self":[{"href":"https:\/\/gpsgarmin.vn\/index.php?rest_route=\/wp\/v2\/product\/3408","targetHints":{"allow":["GET"]}}],"collection":[{"href":"https:\/\/gpsgarmin.vn\/index.php?rest_route=\/wp\/v2\/product"}],"about":[{"href":"https:\/\/gpsgarmin.vn\/index.php?rest_route=\/wp\/v2\/types\/product"}],"replies":[{"embeddable":true,"href":"https:\/\/gpsgarmin.vn\/index.php?rest_route=%2Fwp%2Fv2%2Fcomments&post=3408"}],"version-history":[{"count":5,"href":"https:\/\/gpsgarmin.vn\/index.php?rest_route=\/wp\/v2\/product\/3408\/revisions"}],"predecessor-version":[{"id":5027,"href":"https:\/\/gpsgarmin.vn\/index.php?rest_route=\/wp\/v2\/product\/3408\/revisions\/5027"}],"wp:featuredmedia":[{"embeddable":true,"href":"https:\/\/gpsgarmin.vn\/index.php?rest_route=\/wp\/v2\/media\/3412"}],"wp:attachment":[{"href":"https:\/\/gpsgarmin.vn\/index.php?rest_route=%2Fwp%2Fv2%2Fmedia&parent=3408"}],"wp:term":[{"taxonomy":"product_cat","embeddable":true,"href":"https:\/\/gpsgarmin.vn\/index.php?rest_route=%2Fwp%2Fv2%2Fproduct_cat&post=3408"},{"taxonomy":"product_tag","embeddable":true,"href":"https:\/\/gpsgarmin.vn\/index.php?rest_route=%2Fwp%2Fv2%2Fproduct_tag&post=3408"}],"curies":[{"name":"wp","href":"https:\/\/api.w.org\/{rel}","templated":true}]}}