{"id":3400,"date":"2025-06-07T11:16:54","date_gmt":"2025-06-07T04:16:54","guid":{"rendered":"http:\/\/demo.garminvietnam.vn\/?post_type=product&#038;p=3400"},"modified":"2025-09-15T10:18:03","modified_gmt":"2025-09-15T03:18:03","slug":"garmin-gpsmap-79s","status":"publish","type":"product","link":"https:\/\/gpsgarmin.vn\/?product=garmin-gpsmap-79s","title":{"rendered":"Garmin GPSMAP 79s"},"content":{"rendered":"<h2 data-sourcepos=\"5:1-5:69\">Garmin <a href=\"https:\/\/gpsgarmin.vn\/?product=garmin-gpsmap-79s\">GPSMAP 79s<\/a> &#8211; \u0110\u1ecbnh V\u1ecb C\u1ea7m Tay M\u1ea1nh M\u1ebd Cho M\u1ecdi Cu\u1ed9c Phi\u00eau L\u01b0u<\/h2>\n<p data-sourcepos=\"7:1-7:300\">B\u1ea1n l\u00e0 ng\u01b0\u1eddi y\u00eau th\u00edch kh\u00e1m ph\u00e1, phi\u00eau l\u01b0u tr\u00ean bi\u1ec3n ho\u1eb7c tr\u00ean b\u1ed9? B\u1ea1n c\u1ea7n m\u1ed9t thi\u1ebft b\u1ecb \u0111\u1ecbnh v\u1ecb c\u1ea7m tay \u0111\u00e1ng tin c\u1eady, b\u1ec1n b\u1ec9 v\u00e0 d\u1ec5 s\u1eed d\u1ee5ng? <strong>Garmin <a href=\"https:\/\/gpsgarmin.vn\/?product=garmin-gpsmap-79s\">GPSMAP 79s<\/a><\/strong> ch\u00ednh l\u00e0 l\u1ef1a ch\u1ecdn l\u00fd t\u01b0\u1edfng, \u0111\u01b0\u1ee3c thi\u1ebft k\u1ebf \u0111\u1ec3 ho\u1ea1t \u0111\u1ed9ng \u1ed5n \u0111\u1ecbnh trong m\u1ecdi \u0111i\u1ec1u ki\u1ec7n kh\u1eafc nghi\u1ec7t, gi\u00fap b\u1ea1n t\u1ef1 tin chinh ph\u1ee5c m\u1ecdi h\u00e0nh tr\u00ecnh.<\/p>\n<div class=\"app__img-banner app__life-style__img-con\"><img decoding=\"async\" class=\"app__img-banner__img app__img-banner__img--desktop\" src=\"https:\/\/res.garmin.com\/en\/products\/010-02635-00\/g\/40696_lifestyle-3_exactly_what-ca26b61d-5eb8-420a-94c9-7f3561c05b4b.jpg\" alt=\"\" \/><\/div>\n<h3 data-sourcepos=\"9:1-9:45\">Thi\u1ebft K\u1ebf B\u1ec1n B\u1ec9, Ch\u1ed1ng Ch\u1ecbu M\u1ecdi \u0110i\u1ec1u Ki\u1ec7n<\/h3>\n<ul data-sourcepos=\"11:1-14:0\">\n<li data-sourcepos=\"11:1-11:305\"><strong>Ch\u1ed1ng N\u01b0\u1edbc V\u01b0\u1ee3t Tr\u1ed9i:<\/strong> GPSMAP 79s \u0111\u01b0\u1ee3c trang b\u1ecb <strong>kh\u1ea3 n\u0103ng ch\u1ed1ng th\u1ea5m n\u01b0\u1edbc \u0111\u1ea1t chu\u1ea9n IPX7<\/strong>, cho ph\u00e9p thi\u1ebft b\u1ecb ng\u00e2m trong n\u01b0\u1edbc \u1edf \u0111\u1ed9 s\u00e2u 1 m\u00e9t trong 30 ph\u00fat m\u00e0 v\u1eabn ho\u1ea1t \u0111\u1ed9ng b\u00ecnh th\u01b0\u1eddng. \u0110\u00e2y l\u00e0 t\u00ednh n\u0103ng c\u1ef1c k\u1ef3 quan tr\u1ecdng cho c\u00e1c ho\u1ea1t \u0111\u1ed9ng h\u00e0ng h\u1ea3i, c\u00e2u c\u00e1 ho\u1eb7c \u0111i b\u1ed9 \u0111\u01b0\u1eddng d\u00e0i trong \u0111i\u1ec1u ki\u1ec7n \u1ea9m \u01b0\u1edbt.<\/li>\n<li data-sourcepos=\"12:1-12:211\"><strong>N\u1ed5i Tr\u00ean M\u1eb7t N\u01b0\u1edbc:<\/strong> M\u1ed9t \u0111i\u1ec3m c\u1ed9ng l\u1edbn l\u00e0 <strong><a href=\"https:\/\/gpsgarmin.vn\/?product=garmin-gpsmap-79s\">GPSMAP 79s<\/a> c\u00f3 kh\u1ea3 n\u0103ng n\u1ed5i tr\u00ean m\u1eb7t n\u01b0\u1edbc<\/strong>. \u0110i\u1ec1u n\u00e0y \u0111\u1ed3ng ngh\u0129a v\u1edbi vi\u1ec7c b\u1ea1n s\u1ebd kh\u00f4ng ph\u1ea3i lo l\u1eafng v\u1ec1 vi\u1ec7c m\u1ea5t thi\u1ebft b\u1ecb n\u1ebfu ch\u1eb3ng may l\u00e0m r\u01a1i xu\u1ed1ng bi\u1ec3n ho\u1eb7c s\u00f4ng.<\/li>\n<li data-sourcepos=\"13:1-14:0\"><strong>M\u00e0n H\u00ecnh S\u1eafc N\u00e9t:<\/strong> M\u00e0n h\u00ecnh m\u00e0u 2.6 inch, c\u00f3 \u0111\u1ed9 ph\u00e2n gi\u1ea3i cao v\u00e0 kh\u1ea3 n\u0103ng ch\u1ed1ng l\u00f3a, \u0111\u1ea3m b\u1ea3o b\u1ea1n c\u00f3 th\u1ec3 nh\u00ecn r\u00f5 th\u00f4ng tin b\u1ea3n \u0111\u1ed3 v\u00e0 d\u1eef li\u1ec7u ngay c\u1ea3 d\u01b0\u1edbi \u00e1nh n\u1eafng m\u1eb7t tr\u1eddi gay g\u1eaft.<\/li>\n<\/ul>\n<h3 data-sourcepos=\"15:1-15:41\">\u0110\u1ecbnh V\u1ecb Ch\u00ednh X\u00e1c, M\u1ea1nh M\u1ebd \u0110a V\u1ec7 Tinh<\/h3>\n<ul data-sourcepos=\"17:1-19:0\">\n<li data-sourcepos=\"17:1-17:344\"><strong>H\u1ed7 Tr\u1ee3 \u0110a GNSS:<\/strong> V\u1edbi kh\u1ea3 n\u0103ng nh\u1eadn t\u00edn hi\u1ec7u t\u1eeb nhi\u1ec1u h\u1ec7 th\u1ed1ng v\u1ec7 tinh \u0111\u1ecbnh v\u1ecb to\u00e0n c\u1ea7u (GNSS) bao g\u1ed3m <strong>GPS, GLONASS, Galileo, QZSS v\u00e0 IRNSS<\/strong>, <a href=\"https:\/\/gpsgarmin.vn\/?product=garmin-gpsmap-79s\">GPSMAP 79s<\/a> cung c\u1ea5p kh\u1ea3 n\u0103ng \u0111\u1ecbnh v\u1ecb nhanh ch\u00f3ng v\u00e0 c\u1ef1c k\u1ef3 ch\u00ednh x\u00e1c, ngay c\u1ea3 trong nh\u1eefng khu v\u1ef1c hi\u1ec3m tr\u1edf ho\u1eb7c c\u00f3 t\u00edn hi\u1ec7u y\u1ebfu. \u0110i\u1ec1u n\u00e0y gi\u00fap b\u1ea1n lu\u00f4n bi\u1ebft v\u1ecb tr\u00ed c\u1ee7a m\u00ecnh m\u1ed9t c\u00e1ch \u0111\u00e1ng tin c\u1eady.<\/li>\n<li data-sourcepos=\"18:1-19:0\"><strong>La B\u00e0n \u0110i\u1ec7n T\u1eed 3 Tr\u1ee5c:<\/strong> T\u00edch h\u1ee3p <strong>la b\u00e0n \u0111i\u1ec7n t\u1eed 3 tr\u1ee5c v\u1edbi kh\u1ea3 n\u0103ng b\u00f9 \u0111\u1ed9 nghi\u00eang<\/strong>, thi\u1ebft b\u1ecb hi\u1ec3n th\u1ecb ph\u01b0\u01a1ng h\u01b0\u1edbng ch\u00ednh x\u00e1c ngay c\u1ea3 khi b\u1ea1n kh\u00f4ng di chuy\u1ec3n. T\u00ednh n\u0103ng n\u00e0y c\u1ef1c k\u1ef3 h\u1eefu \u00edch khi b\u1ea1n \u0111ang \u0111i b\u1ed9, \u0111i thuy\u1ec1n ho\u1eb7c t\u00ecm ki\u1ebfm m\u1ed9t \u0111i\u1ec3m c\u1ee5 th\u1ec3.<\/li>\n<\/ul>\n<h3 data-sourcepos=\"22:1-22:37\">Kh\u00e1m Ph\u00e1 &amp; \u0110i\u1ec1u H\u01b0\u1edbng D\u1ec5 D\u00e0ng<\/h3>\n<ul data-sourcepos=\"24:1-27:0\">\n<li data-sourcepos=\"24:1-24:157\"><strong>B\u1ea3n \u0110\u1ed3 N\u1ec1n To\u00e0n C\u1ea7u:<\/strong> \u0110\u01b0\u1ee3c c\u00e0i \u0111\u1eb7t s\u1eb5n <strong>b\u1ea3n \u0111\u1ed3 n\u1ec1n to\u00e0n c\u1ea7u<\/strong>, cung c\u1ea5p c\u00e1i nh\u00ecn t\u1ed5ng quan v\u1ec1 \u0111\u1ecba h\u00ecnh xung quanh, gi\u00fap b\u1ea1n \u0111\u1ecbnh h\u01b0\u1edbng ban \u0111\u1ea7u d\u1ec5 d\u00e0ng.<\/li>\n<li data-sourcepos=\"25:1-25:299\"><strong>H\u1ed7 Tr\u1ee3 Th\u1ebb Nh\u1edb M\u1edf R\u1ed9ng:<\/strong> V\u1edbi <strong>dung l\u01b0\u1ee3ng b\u1ed9 nh\u1edb trong 8GB<\/strong> v\u00e0 <strong>kh\u1ea3 n\u0103ng m\u1edf r\u1ed9ng qua th\u1ebb nh\u1edb microSD\u2122<\/strong>, b\u1ea1n c\u00f3 th\u1ec3 d\u1ec5 d\u00e0ng t\u1ea3i th\u00eam c\u00e1c lo\u1ea1i b\u1ea3n \u0111\u1ed3 chi ti\u1ebft h\u01a1n nh\u01b0 b\u1ea3n \u0111\u1ed3 \u0111\u1ecba h\u00ecnh Garmin TopoActive, b\u1ea3n \u0111\u1ed3 h\u00e0ng h\u1ea3i BlueChart\u00ae g3 ho\u1eb7c b\u1ea3n \u0111\u1ed3 v\u1ec7 tinh BirdsEye Satellite Imagery (c\u1ea7n \u0111\u0103ng k\u00fd).<\/li>\n<li data-sourcepos=\"26:1-27:0\"><strong>L\u01b0u Tr\u1eef \u0110i\u1ec3m Tham Chi\u1ebfu &amp; Tuy\u1ebfn \u0110\u01b0\u1eddng:<\/strong> D\u1ec5 d\u00e0ng \u0111\u00e1nh d\u1ea5u v\u00e0 l\u01b0u tr\u1eef c\u00e1c \u0111i\u1ec3m tham chi\u1ebfu (waypoints), theo d\u00f5i h\u00e0nh tr\u00ecnh (tracks) v\u00e0 t\u1ea1o tuy\u1ebfn \u0111\u01b0\u1eddng (routes) \u0111\u1ec3 ghi l\u1ea1i nh\u1eefng cu\u1ed9c phi\u00eau l\u01b0u c\u1ee7a b\u1ea1n v\u00e0 d\u1ec5 d\u00e0ng quay l\u1ea1i nh\u1eefng \u0111\u1ecba \u0111i\u1ec3m y\u00eau th\u00edch.<\/li>\n<\/ul>\n<h3 data-sourcepos=\"28:1-28:26\">K\u1ebft N\u1ed1i &amp; Ti\u1ec7n \u00cdch<\/h3>\n<ul data-sourcepos=\"30:1-32:0\">\n<li data-sourcepos=\"30:1-30:200\"><strong>Th\u1eddi L\u01b0\u1ee3ng Pin D\u00e0i:<\/strong> S\u1eed d\u1ee5ng 2 pin AA (kh\u00f4ng \u0111i k\u00e8m), <a href=\"https:\/\/gpsgarmin.vn\/?product=garmin-gpsmap-79s\">GPSMAP 79s<\/a> mang l\u1ea1i <strong>th\u1eddi l\u01b0\u1ee3ng pin l\u00ean \u0111\u1ebfn 19 gi\u1edd<\/strong> \u1edf ch\u1ebf \u0111\u1ed9 GPS, \u0111\u1ee7 s\u1ee9c cho nh\u1eefng chuy\u1ebfn \u0111i d\u00e0i ng\u00e0y m\u00e0 kh\u00f4ng c\u1ea7n lo l\u1eafng v\u1ec1 vi\u1ec7c s\u1ea1c pin.<\/li>\n<li data-sourcepos=\"31:1-32:0\"><strong>Giao Ti\u1ebfp D\u1ec5 D\u00e0ng:<\/strong> T\u00edch h\u1ee3p <strong>c\u1ed5ng USB<\/strong> \u0111\u1ec3 k\u1ebft n\u1ed1i v\u1edbi m\u00e1y t\u00ednh, gi\u00fap b\u1ea1n d\u1ec5 d\u00e0ng truy\u1ec1n d\u1eef li\u1ec7u, c\u1eadp nh\u1eadt ph\u1ea7n m\u1ec1m v\u00e0 qu\u1ea3n l\u00fd b\u1ea3n \u0111\u1ed3.<\/li>\n<\/ul>\n<p><img fetchpriority=\"high\" decoding=\"async\" class=\"app__feature__card__image\" src=\"https:\/\/res.garmin.com\/en\/products\/010-02635-00\/g\/gpsmap-79s-feature-01-dce18e89-2c55-4652-8fb2-599249617aa5.jpg\" alt=\"\" width=\"388\" height=\"388\" \/><img decoding=\"async\" class=\"app__feature__card__image\" src=\"https:\/\/res.garmin.com\/en\/products\/010-02635-00\/g\/gpsmap-79s-feature-06-1bacaaf9-7189-4bde-a590-b9dd1bcee9ff.jpg\" alt=\"\" width=\"389\" height=\"389\" \/><img decoding=\"async\" class=\"app__feature__card__image\" src=\"https:\/\/res.garmin.com\/en\/products\/010-02635-00\/g\/gpsmap-79s-feature-03-12fb653c-cbe6-451c-8aed-da278304b657.jpg\" alt=\"\" width=\"390\" height=\"390\" \/><\/p>\n","protected":false},"excerpt":{"rendered":"<p><strong>\u2282\u2329 B\u1ea2O H\u00c0NH CH\u00cdNH H\u00c3NG 2 N\u0102M \u232a\u2283<\/strong><\/p>\n<p><strong>\u260e Li\u00ean h\u1ec7 t\u01b0 v\u1ea5n : 0972 658 351 \u2013\u00a0 0962 846 820 (g\u1ecdi tr\u1ef1c ti\u1ebfp ho\u1eb7c Zalo). <\/strong><strong><em>Nh\u1eadn gi\u00e1 \u01b0u \u0111\u00e3i khi mua s\u1ed1 l\u01b0\u1ee3ng nhi\u1ec1u.<\/em><\/strong><\/p>\n<p><strong>\u2666 H\u1ed7 tr\u1ee3 k\u1ef9 thu\u1eadt t\u1eadn t\u00ecnh v\u00e0 \u0111\u00fang chuy\u00ean m\u00f4n, \u0111\u1ed3ng th\u1eddi h\u1ed7 tr\u1ee3 \u0111\u1ea7y \u0111\u1ee7 ch\u1ee9ng t\u1eeb c\u1ea7n thi\u1ebft cho kh\u00e1ch c\u00f3 nhu c\u1ea7u\u00a0l\u00e0m d\u1ef1 \u00e1n.<\/strong><\/p>\n","protected":false},"featured_media":3406,"comment_status":"open","ping_status":"closed","template":"","meta":[],"product_cat":[27],"product_tag":[],"class_list":{"0":"post-3400","1":"product","2":"type-product","3":"status-publish","4":"has-post-thumbnail","6":"product_cat-gps-cam-tay","8":"first","9":"instock","10":"featured","11":"shipping-taxable","12":"purchasable","13":"product-type-simple"},"_links":{"self":[{"href":"https:\/\/gpsgarmin.vn\/index.php?rest_route=\/wp\/v2\/product\/3400","targetHints":{"allow":["GET"]}}],"collection":[{"href":"https:\/\/gpsgarmin.vn\/index.php?rest_route=\/wp\/v2\/product"}],"about":[{"href":"https:\/\/gpsgarmin.vn\/index.php?rest_route=\/wp\/v2\/types\/product"}],"replies":[{"embeddable":true,"href":"https:\/\/gpsgarmin.vn\/index.php?rest_route=%2Fwp%2Fv2%2Fcomments&post=3400"}],"version-history":[{"count":6,"href":"https:\/\/gpsgarmin.vn\/index.php?rest_route=\/wp\/v2\/product\/3400\/revisions"}],"predecessor-version":[{"id":3437,"href":"https:\/\/gpsgarmin.vn\/index.php?rest_route=\/wp\/v2\/product\/3400\/revisions\/3437"}],"wp:featuredmedia":[{"embeddable":true,"href":"https:\/\/gpsgarmin.vn\/index.php?rest_route=\/wp\/v2\/media\/3406"}],"wp:attachment":[{"href":"https:\/\/gpsgarmin.vn\/index.php?rest_route=%2Fwp%2Fv2%2Fmedia&parent=3400"}],"wp:term":[{"taxonomy":"product_cat","embeddable":true,"href":"https:\/\/gpsgarmin.vn\/index.php?rest_route=%2Fwp%2Fv2%2Fproduct_cat&post=3400"},{"taxonomy":"product_tag","embeddable":true,"href":"https:\/\/gpsgarmin.vn\/index.php?rest_route=%2Fwp%2Fv2%2Fproduct_tag&post=3400"}],"curies":[{"name":"wp","href":"https:\/\/api.w.org\/{rel}","templated":true}]}}