{"id":3393,"date":"2025-06-07T11:04:30","date_gmt":"2025-06-07T04:04:30","guid":{"rendered":"http:\/\/demo.garminvietnam.vn\/?post_type=product&#038;p=3393"},"modified":"2025-09-15T10:18:29","modified_gmt":"2025-09-15T03:18:29","slug":"garmin-etrex-22x","status":"publish","type":"product","link":"https:\/\/gpsgarmin.vn\/?product=garmin-etrex-22x","title":{"rendered":"Garmin eTrex 22x"},"content":{"rendered":"<h2 data-sourcepos=\"5:1-5:58\">Garmin <a href=\"https:\/\/gpsgarmin.vn\/?product=garmin-etrex-22x\">eTrex 22x<\/a> &#8211; Th\u00e1m Hi\u1ec3m B\u1ea5t T\u1eadn, \u0110\u1ecbnh V\u1ecb V\u1eefng Ch\u1eafc<\/h2>\n<p data-sourcepos=\"7:1-7:411\">H\u00e3y s\u1eb5n s\u00e0ng cho m\u1ecdi cu\u1ed9c phi\u00eau l\u01b0u v\u1edbi Garmin <a href=\"https:\/\/gpsgarmin.vn\/?product=garmin-etrex-22x\">eTrex 22x<\/a>, chi\u1ebfc m\u00e1y \u0111\u1ecbnh v\u1ecb GPS c\u1ea7m tay m\u1ea1nh m\u1ebd v\u00e0 \u0111\u00e1ng tin c\u1eady. \u0110\u01b0\u1ee3c thi\u1ebft k\u1ebf d\u00e0nh cho nh\u1eefng ng\u01b0\u1eddi \u0111am m\u00ea kh\u00e1m ph\u00e1, t\u1eeb \u0111i b\u1ed9 \u0111\u01b0\u1eddng d\u00e0i, \u0111\u1ea1p xe, leo n\u00fai \u0111\u1ebfn c\u00e1c ho\u1ea1t \u0111\u1ed9ng d\u00e3 ngo\u1ea1i, <a href=\"https:\/\/gpsgarmin.vn\/?product=garmin-etrex-22x\">eTrex 22x<\/a> mang \u0111\u1ebfn s\u1ef1 k\u1ebft h\u1ee3p ho\u00e0n h\u1ea3o gi\u1eefa hi\u1ec7u su\u1ea5t \u0111\u1ecbnh v\u1ecb cao c\u1ea5p, \u0111\u1ed9 b\u1ec1n v\u01b0\u1ee3t tr\u1ed9i v\u00e0 kh\u1ea3 n\u0103ng d\u1ec5 s\u1eed d\u1ee5ng, gi\u00fap b\u1ea1n t\u1ef1 tin kh\u00e1m ph\u00e1 m\u1ecdi n\u1ebbo \u0111\u01b0\u1eddng, ngay c\u1ea3 nh\u1eefng n\u01a1i xa x\u00f4i nh\u1ea5t.<\/p>\n<p data-sourcepos=\"7:1-7:411\"><iframe title=\"Garmin eTrex 22x and 32x: T\u1ef1 tin kh\u00e1m ph\u00e1 v\u1edbi GPS c\u1ea7m tay \u0111\u00e1ng tin c\u1eady\" src=\"https:\/\/www.youtube.com\/embed\/UWVt9I4PFco\" width=\"718\" height=\"404\" frameborder=\"0\" allowfullscreen=\"allowfullscreen\"><\/iframe><\/p>\n<h3 data-sourcepos=\"9:1-9:21\">T\u00ednh N\u0103ng N\u1ed5i B\u1eadt<\/h3>\n<ul data-sourcepos=\"11:1-24:0\">\n<li data-sourcepos=\"11:1-12:0\">\n<p data-sourcepos=\"11:3-11:252\"><strong>M\u00e0n H\u00ecnh M\u00e0u S\u1eafc N\u00e9t:<\/strong> <a href=\"https:\/\/gpsgarmin.vn\/?product=garmin-etrex-22x\">eTrex 22x<\/a> s\u1edf h\u1eefu <strong>m\u00e0n h\u00ecnh m\u00e0u 2.2 inch<\/strong> d\u1ec5 \u0111\u1ecdc d\u01b0\u1edbi \u00e1nh s\u00e1ng m\u1eb7t tr\u1eddi, gi\u00fap b\u1ea1n d\u1ec5 d\u00e0ng theo d\u00f5i b\u1ea3n \u0111\u1ed3 v\u00e0 th\u00f4ng tin \u0111\u1ecbnh v\u1ecb trong m\u1ecdi \u0111i\u1ec1u ki\u1ec7n \u00e1nh s\u00e1ng. \u0110\u1ed9 ph\u00e2n gi\u1ea3i 240 x 320 pixel \u0111\u1ea3m b\u1ea3o h\u00ecnh \u1ea3nh r\u00f5 r\u00e0ng v\u00e0 chi ti\u1ebft.<\/p>\n<\/li>\n<li data-sourcepos=\"13:1-14:0\">\n<p data-sourcepos=\"13:3-13:350\"><strong>B\u1ea3n \u0110\u1ed3 \u0110\u1ecba H\u00ecnh \u0110\u01b0\u1ee3c C\u00e0i \u0110\u1eb7t S\u1eb5n:<\/strong> M\u00e1y \u0111i k\u00e8m v\u1edbi <strong>b\u1ea3n \u0111\u1ed3 Garmin TopoActive<\/strong> (c\u00f3 th\u1ec3 kh\u00e1c nhau t\u00f9y khu v\u1ef1c, v\u00ed d\u1ee5: TopoActive Europe) \u0111\u01b0\u1ee3c c\u00e0i \u0111\u1eb7t s\u1eb5n, cung c\u1ea5p th\u00f4ng tin chi ti\u1ebft v\u1ec1 \u0111\u01b0\u1eddng s\u00e1, th\u1ee7y v\u0103n, c\u00e1c \u0111i\u1ec3m \u0111\u1ecba l\u00fd t\u1ef1 nhi\u00ean, v\u00e0 \u0111i\u1ec3m quan t\u00e2m (POIs). \u0110i\u1ec1u n\u00e0y gi\u00fap b\u1ea1n l\u1eadp k\u1ebf ho\u1ea1ch v\u00e0 \u0111i\u1ec1u h\u01b0\u1edbng hi\u1ec7u qu\u1ea3 h\u01a1n trong c\u00e1c ho\u1ea1t \u0111\u1ed9ng ngo\u00e0i tr\u1eddi.<\/p>\n<\/li>\n<li data-sourcepos=\"15:1-16:0\">\n<p data-sourcepos=\"15:3-15:283\"><strong>H\u1ed7 Tr\u1ee3 \u0110a V\u1ec7 Tinh (GPS v\u00e0 GLONASS):<\/strong> <a href=\"https:\/\/gpsgarmin.vn\/?product=garmin-etrex-22x\">eTrex 22x<\/a> s\u1eed d\u1ee5ng \u0111\u1ed3ng th\u1eddi c\u1ea3 h\u1ec7 th\u1ed1ng v\u1ec7 tinh <strong>GPS v\u00e0 GLONASS<\/strong>, cho ph\u00e9p m\u00e1y \u0111\u1ecbnh v\u1ecb nhanh h\u01a1n v\u00e0 ch\u00ednh x\u00e1c h\u01a1n trong nh\u1eefng m\u00f4i tr\u01b0\u1eddng kh\u00f3 kh\u0103n, n\u01a1i t\u00edn hi\u1ec7u GPS \u0111\u01a1n l\u1ebb c\u00f3 th\u1ec3 b\u1ecb h\u1ea1n ch\u1ebf (v\u00ed d\u1ee5: thung l\u0169ng s\u00e2u ho\u1eb7c d\u01b0\u1edbi t\u00e1n c\u00e2y r\u1eadm r\u1ea1p).<\/p>\n<\/li>\n<li data-sourcepos=\"17:1-18:0\">\n<p data-sourcepos=\"17:3-17:265\"><strong>Dung L\u01b0\u1ee3ng L\u01b0u Tr\u1eef L\u1edbn:<\/strong> V\u1edbi <strong>b\u1ed9 nh\u1edb trong 8GB<\/strong> v\u00e0 khe c\u1eafm th\u1ebb nh\u1edb <strong>microSD\u2122<\/strong>, b\u1ea1n c\u00f3 th\u1ec3 t\u1ea3i th\u00eam b\u1ea3n \u0111\u1ed3 chi ti\u1ebft nh\u01b0 b\u1ea3n \u0111\u1ed3 h\u00e0ng h\u1ea3i BlueChart\u00ae g2 ho\u1eb7c b\u1ea3n \u0111\u1ed3 \u0111\u01b0\u1eddng b\u1ed9 City Navigator\u00ae (b\u00e1n ri\u00eang), ho\u1eb7c l\u01b0u tr\u1eef th\u00eam d\u1eef li\u1ec7u tuy\u1ebfn \u0111\u01b0\u1eddng v\u00e0 \u0111i\u1ec3m tham chi\u1ebfu.<\/p>\n<\/li>\n<li data-sourcepos=\"19:1-20:0\">\n<p data-sourcepos=\"19:3-19:199\"><strong>Pin B\u1ec1n B\u1ec9:<\/strong> Cung c\u1ea5p <strong>th\u1eddi l\u01b0\u1ee3ng pin l\u00ean \u0111\u1ebfn 25 gi\u1edd<\/strong> ch\u1ec9 v\u1edbi 2 vi\u00ean pin AA (kh\u00f4ng \u0111i k\u00e8m), <a href=\"https:\/\/gpsgarmin.vn\/?product=garmin-etrex-22x\">eTrex 22x<\/a> \u0111\u1ea3m b\u1ea3o b\u1ea1n c\u00f3 \u0111\u1ee7 n\u0103ng l\u01b0\u1ee3ng cho nh\u1eefng chuy\u1ebfn \u0111i d\u00e0i m\u00e0 kh\u00f4ng c\u1ea7n lo l\u1eafng v\u1ec1 vi\u1ec7c s\u1ea1c l\u1ea1i.<\/p>\n<\/li>\n<li data-sourcepos=\"21:1-22:0\">\n<p data-sourcepos=\"21:3-21:302\"><strong>\u0110\u1ed9 B\u1ec1n Chu\u1ea9n Garmin:<\/strong> \u0110\u01b0\u1ee3c ch\u1ebf t\u1ea1o \u0111\u1ec3 ch\u1ed1ng ch\u1ecdi v\u1edbi c\u00e1c \u0111i\u1ec1u ki\u1ec7n kh\u1eafc nghi\u1ec7t, <a href=\"https:\/\/gpsgarmin.vn\/?product=garmin-etrex-22x\">eTrex 22x<\/a> c\u00f3 kh\u1ea3 n\u0103ng <strong>ch\u1ed1ng n\u01b0\u1edbc theo ti\u00eau chu\u1ea9n IPX7<\/strong>, ngh\u0129a l\u00e0 m\u00e1y c\u00f3 th\u1ec3 ch\u1ecbu \u0111\u01b0\u1ee3c vi\u1ec7c ng\u00e2m trong n\u01b0\u1edbc \u1edf \u0111\u1ed9 s\u00e2u 1 m\u00e9t trong 30 ph\u00fat. V\u1ecf ngo\u00e0i ch\u1eafc ch\u1eafn, ch\u1ed1ng s\u1ed1c, s\u1eb5n s\u00e0ng \u0111\u1ed3ng h\u00e0nh c\u00f9ng b\u1ea1n tr\u00ean m\u1ecdi \u0111\u1ecba h\u00ecnh.<\/p>\n<\/li>\n<li data-sourcepos=\"23:1-24:0\">\n<p data-sourcepos=\"23:3-23:142\"><strong>D\u1ec5 D\u00e0ng S\u1eed D\u1ee5ng:<\/strong> Giao di\u1ec7n tr\u1ef1c quan c\u00f9ng c\u00e1c n\u00fat b\u1ea5m v\u1eadt l\u00fd gi\u00fap b\u1ea1n thao t\u00e1c nhanh ch\u00f3ng v\u00e0 thu\u1eadn ti\u1ec7n, ngay c\u1ea3 khi \u0111ang \u0111eo g\u0103ng tay.<\/p>\n<\/li>\n<\/ul>\n<h3 data-sourcepos=\"25:1-25:33\">C\u00e1c T\u00ednh N\u0103ng H\u1ed7 Tr\u1ee3 Kh\u00e1m Ph\u00e1<\/h3>\n<ul data-sourcepos=\"27:1-30:0\">\n<li data-sourcepos=\"27:1-27:222\"><strong>\u0110\u1ecbnh V\u1ecb \u0110i\u1ec3m Tham Chi\u1ebfu (Waypoints), Tuy\u1ebfn \u0110\u01b0\u1eddng (Routes) v\u00e0 Nh\u1eadt K\u00fd H\u00e0nh Tr\u00ecnh (Tracks):<\/strong> L\u01b0u l\u1ea1i c\u00e1c \u0111i\u1ec3m quan tr\u1ecdng, t\u1ea1o tuy\u1ebfn \u0111\u01b0\u1eddng t\u00f9y ch\u1ec9nh v\u00e0 theo d\u00f5i to\u00e0n b\u1ed9 h\u00e0nh tr\u00ecnh c\u1ee7a b\u1ea1n \u0111\u1ec3 xem l\u1ea1i ho\u1eb7c chia s\u1ebb sau n\u00e0y.<\/li>\n<li data-sourcepos=\"28:1-28:191\"><strong>Geocaching Kh\u00f4ng C\u1ea7n Gi\u1ea5y T\u1edd:<\/strong> T\u1ea3i l\u00ean c\u00e1c geocache tr\u1ef1c ti\u1ebfp v\u00e0o thi\u1ebft b\u1ecb c\u1ee7a b\u1ea1n t\u1eeb Geocaching.com \u0111\u1ec3 tham gia v\u00e0o ho\u1ea1t \u0111\u1ed9ng s\u0103n t\u00ecm kho b\u00e1u ngo\u00e0i tr\u1eddi th\u00fa v\u1ecb n\u00e0y m\u00e0 kh\u00f4ng c\u1ea7n in gi\u1ea5y.<\/li>\n<li data-sourcepos=\"29:1-30:0\"><strong>Ch\u1ebf \u0110\u1ed9 Xe \u0110\u1ea1p v\u00e0 \u0110i B\u1ed9 \u0110\u01b0\u1eddng D\u00e0i:<\/strong> Cung c\u1ea5p c\u00e1c ch\u1ebf \u0111\u1ed9 hi\u1ec3n th\u1ecb v\u00e0 th\u00f4ng tin ph\u00f9 h\u1ee3p v\u1edbi t\u1eebng lo\u1ea1i h\u00ecnh ho\u1ea1t \u0111\u1ed9ng, gi\u00fap t\u1ed1i \u01b0u h\u00f3a tr\u1ea3i nghi\u1ec7m \u0111i\u1ec1u h\u01b0\u1edbng c\u1ee7a b\u1ea1n.<\/li>\n<\/ul>\n","protected":false},"excerpt":{"rendered":"<p><strong>\u2282\u2329 B\u1ea2O H\u00c0NH CH\u00cdNH H\u00c3NG 2 N\u0102M \u232a\u2283<\/strong><\/p>\n<p><strong>\u260e Li\u00ean h\u1ec7 t\u01b0 v\u1ea5n : 0972 658 351 \u2013\u00a0 0962 846 820 (g\u1ecdi tr\u1ef1c ti\u1ebfp ho\u1eb7c Zalo).<\/strong><strong> <em>Nh\u1eadn gi\u00e1 \u01b0u \u0111\u00e3i khi mua s\u1ed1 l\u01b0\u1ee3ng nhi\u1ec1u.<\/em><\/strong><\/p>\n<p><strong>\u2666 H\u1ed7 tr\u1ee3 k\u1ef9 thu\u1eadt t\u1eadn t\u00ecnh v\u00e0 \u0111\u00fang chuy\u00ean m\u00f4n, \u0111\u1ed3ng th\u1eddi h\u1ed7 tr\u1ee3 \u0111\u1ea7y \u0111\u1ee7 ch\u1ee9ng t\u1eeb c\u1ea7n thi\u1ebft cho kh\u00e1ch c\u00f3 nhu c\u1ea7u\u00a0l\u00e0m d\u1ef1 \u00e1n.<\/strong><\/p>\n","protected":false},"featured_media":3398,"comment_status":"open","ping_status":"closed","template":"","meta":[],"product_cat":[27],"product_tag":[],"class_list":{"0":"post-3393","1":"product","2":"type-product","3":"status-publish","4":"has-post-thumbnail","6":"product_cat-gps-cam-tay","8":"first","9":"instock","10":"sale","11":"shipping-taxable","12":"purchasable","13":"product-type-simple"},"_links":{"self":[{"href":"https:\/\/gpsgarmin.vn\/index.php?rest_route=\/wp\/v2\/product\/3393","targetHints":{"allow":["GET"]}}],"collection":[{"href":"https:\/\/gpsgarmin.vn\/index.php?rest_route=\/wp\/v2\/product"}],"about":[{"href":"https:\/\/gpsgarmin.vn\/index.php?rest_route=\/wp\/v2\/types\/product"}],"replies":[{"embeddable":true,"href":"https:\/\/gpsgarmin.vn\/index.php?rest_route=%2Fwp%2Fv2%2Fcomments&post=3393"}],"version-history":[{"count":5,"href":"https:\/\/gpsgarmin.vn\/index.php?rest_route=\/wp\/v2\/product\/3393\/revisions"}],"predecessor-version":[{"id":5029,"href":"https:\/\/gpsgarmin.vn\/index.php?rest_route=\/wp\/v2\/product\/3393\/revisions\/5029"}],"wp:featuredmedia":[{"embeddable":true,"href":"https:\/\/gpsgarmin.vn\/index.php?rest_route=\/wp\/v2\/media\/3398"}],"wp:attachment":[{"href":"https:\/\/gpsgarmin.vn\/index.php?rest_route=%2Fwp%2Fv2%2Fmedia&parent=3393"}],"wp:term":[{"taxonomy":"product_cat","embeddable":true,"href":"https:\/\/gpsgarmin.vn\/index.php?rest_route=%2Fwp%2Fv2%2Fproduct_cat&post=3393"},{"taxonomy":"product_tag","embeddable":true,"href":"https:\/\/gpsgarmin.vn\/index.php?rest_route=%2Fwp%2Fv2%2Fproduct_tag&post=3393"}],"curies":[{"name":"wp","href":"https:\/\/api.w.org\/{rel}","templated":true}]}}