{"id":3387,"date":"2025-06-07T10:35:24","date_gmt":"2025-06-07T03:35:24","guid":{"rendered":"http:\/\/demo.garminvietnam.vn\/?post_type=product&#038;p=3387"},"modified":"2025-09-15T10:18:59","modified_gmt":"2025-09-15T03:18:59","slug":"garmin-gps-73","status":"publish","type":"product","link":"https:\/\/gpsgarmin.vn\/?product=garmin-gps-73","title":{"rendered":"Garmin GPS 73"},"content":{"rendered":"<h3>H\u1ed7 tr\u1ee3 ng\u00f4n ng\u1eef<\/h3>\n<div>\n<ul>\n<li>H\u1ed7 tr\u1ee3 ng\u00f4n ng\u1eef CH\u00c2U \u00c1: Ti\u1ebfng Anh, Ti\u1ebfng Trung gi\u1ea3n th\u1ec3, ti\u1ebfng Bahasa c\u1ee7a Indonesia, ti\u1ebfng Bahasa c\u1ee7a Malaysia, ti\u1ebfng Vi\u1ec7t v\u00e0 ti\u1ebfng Th\u00e1i<\/li>\n<li>B\u00e0n ph\u00edm: Ti\u1ebfng Anh, Ti\u1ebfng Trung gi\u1ea3n th\u1ec3, ti\u1ebfng Bahasa c\u1ee7a Indonesia, ti\u1ebfng Bahasa c\u1ee7a Malaysia v\u00e0 ti\u1ebfng Th\u00e1i<\/li>\n<\/ul>\n<\/div>\n<h3>B\u1ed9 \u0111i\u1ec1u h\u01b0\u1edbng c\u1ea7m tay GPS d\u1ec5 s\u1eed d\u1ee5ng<\/h3>\n<div>\n<ul>\n<li>Kh\u1ea3 n\u0103ng \u0111\u00e1nh d\u1ea5u GPS v\u1edbi \u0111\u1ed9 nh\u1ea1y cao v\u00e0 l\u01b0u tr\u1eef 1.000 \u0111i\u1ec3m tham chi\u1ebfu v\u00e0 100 \u0111\u01b0\u1eddng \u0111i\u1ec3m theo d\u00f5i<\/li>\n<li>\u0110\u00e1nh d\u1ea5u c\u00e1c v\u1ecb tr\u00ed y\u00eau th\u00edch \u0111\u1ec3 d\u1ec5 d\u00e0ng \u0111i\u1ec1u h\u01b0\u1edbng quay tr\u1edf l\u1ea1i<\/li>\n<li>T\u00ednh n\u0103ng Garmin SailAssist d\u00e0nh cho <a href=\"https:\/\/gpsgarmin.vn\/?product=garmin-gps-73\">GPS 73<\/a> bao g\u1ed3m: v\u1ea1ch xu\u1ea5t ph\u00e1t \u1ea3o, v\u1ea1ch ti\u00eau \u0111\u1ec1, \u0111\u1ed3ng h\u1ed3 \u0111\u1ebfm ng\u01b0\u1ee3c v\u00e0 h\u1ed7 tr\u1ee3 \u0111\u1ecbnh v\u1ecb (tack)<\/li>\n<li>Th\u1eddi \u0111i\u1ec3m b\u00ecnh minh\/ho\u00e0ng h\u00f4n, th\u1eddi gian \u0111\u1ebfn \u01b0\u1edbc t\u00ednh v\u00e0 c\u00e1c d\u1eef li\u1ec7u h\u00e0ng h\u1ea3i v\u00e0 \u01b0\u1edbc t\u00ednh kh\u00e1c<\/li>\n<li>T\u00edch h\u1ee3p \u0111\u00e8n n\u1ec1n<\/li>\n<\/ul>\n<\/div>\n<div>\n<p>Thi\u1ebft b\u1ecb c\u1ea7m tay d\u1ec5 s\u1eed d\u1ee5ng n\u00e0y l\u00e0 gi\u1ea3i ph\u00e1p \u0111i\u1ec1u h\u01b0\u1edbng ho\u00e0n h\u1ea3o cho t\u00e0u thuy\u1ec1n, thuy\u1ec1n bu\u1ed3m ho\u1eb7c t\u00e0u th\u1ee7y nh\u1ecf kh\u00f4ng c\u00f3 m\u00e1y \u0111\u1ecbnh v\u1ecb h\u1ea3i \u0111\u1ed3. N\u00f3 c\u0169ng l\u00e0 ph\u01b0\u01a1ng \u00e1n l\u00fd t\u01b0\u1edfng \u0111\u1ec3 \u0111i\u1ec1u h\u01b0\u1edbng d\u1ef1 ph\u00f2ng kh\u1ea9n c\u1ea5p quan tr\u1ecdng cho t\u1ea5t c\u1ea3 c\u00e1c t\u00e0u thuy\u1ec1n. GPS \u0111\u1ed9 nh\u1ea1y cao c\u1ee7a thi\u1ebft b\u1ecb \u0111\u00e1nh d\u1ea5u v\u00e0 l\u01b0u tr\u1eef 1.000 \u0111i\u1ec3m tham chi\u1ebfu v\u00e0 100 \u0111\u01b0\u1eddng \u0111i \u0111\u1ec3 c\u00f3 th\u1ec3 \u0111i\u1ec1u h\u01b0\u1edbng tr\u1edf l\u1ea1i ngay. Thi\u1ebft b\u1ecb n\u1ed5i \u0111\u01b0\u1ee3c n\u00ean c\u00f3 th\u1ec3 d\u00f9ng c\u1ea3 tr\u00ean b\u1edd l\u1eabn d\u01b0\u1edbi n\u01b0\u1edbc! T\u00ednh n\u0103ng SailAssist, bao g\u1ed3m v\u1ea1ch xu\u1ea5t ph\u00e1t \u1ea3o, v\u1ea1ch h\u01b0\u1edbng \u0111i, b\u1ed9 \u0111\u1ebfm ng\u01b0\u1ee3c th\u1eddi gian v\u00e0 h\u1ed7 tr\u1ee3 tack.<\/p>\n<\/div>\n<h3>Thi\u1ebft b\u1ecb GPS c\u1ea7m tay d\u1ec5 s\u1eed d\u1ee5ng<\/h3>\n<div>\n<p>M\u00e1y thu GPS \u0111\u1ed9 nh\u1ea1y cao nhanh ch\u00f3ng kh\u00f3a t\u00edn hi\u1ec7u GPS v\u00e0 theo d\u00f5i v\u1ecb tr\u00ed c\u1ee7a b\u1ea1n ngay c\u1ea3 \u1edf nh\u1eefng \u0111\u1ecba \u0111i\u1ec3m kh\u00f3 kh\u0103n, ch\u1eb3ng h\u1ea1n nh\u01b0 h\u1ebbm n\u00fai s\u00e2u ho\u1eb7c d\u01b0\u1edbi t\u00e1n c\u00e2y r\u1eadm r\u1ea1p.<\/p>\n<\/div>\n<h3>\u0110\u00e1nh d\u1ea5u c\u00e1c \u0111i\u1ec3m tham chi\u1ebfu quan tr\u1ecdng<\/h3>\n<div>\n<p>Cho d\u00f9 \u0111\u00f3 l\u00e0 \u0111i\u1ec3m c\u00e2u c\u00e1 n\u1ed5i ti\u1ebfng hay nu\u00f4i th\u1ea3 t\u00f4m h\u00f9m, b\u1ea1n c\u00f3 th\u1ec3 \u0111\u00e1nh d\u1ea5u v\u00e0 l\u01b0u tr\u1eef 1.000 \u0111i\u1ec3m tham chi\u1ebfu v\u00e0 100 \u0111\u01b0\u1eddng \u0111i \u0111\u1ec3 \u0111i\u1ec1u h\u01b0\u1edbng \u0111\u1ebfn v\u00e0 \u0111i nhi\u1ec1u l\u1ea7n.<\/p>\n<\/div>\n<h3>SailAssist<\/h3>\n<div>\n<p>SailAssist gi\u00fap \u0111i\u1ec1u khi\u1ec3n t\u00e0u thuy\u1ec1n hi\u1ec7u qu\u1ea3 h\u01a1n v\u1edbi v\u1ea1ch h\u01b0\u1edbng \u0111i v\u00e0 h\u1ed7 tr\u1ee3 tack. H\u1ed7 tr\u1ee3 tack cho bi\u1ebft khi n\u00e0o c\u1ea7n tack d\u1ef1a tr\u00ean vi\u1ec7c thuy\u1ec1n \u0111ang \u0111i b\u1eb1ng m\u0169i thuy\u1ec1n hay \u0111\u01b0\u1ee3c n\u00e2ng l\u00ean so v\u1edbi g\u00f3c tack t\u1ed1i \u01b0u c\u1ee7a thuy\u1ec1n. \u0110\u1ed1i v\u1edbi nh\u1eefng ng\u01b0\u1eddi th\u00edch \u0111ua, c\u00f3 v\u1ea1ch xu\u1ea5t ph\u00e1t \u1ea3o v\u00e0 \u0111\u1ed3ng h\u1ed3 \u0111\u1ebfm ng\u01b0\u1ee3c \u0111\u1ec3 \u0111\u1ea3m b\u1ea3o xu\u1ea5t ph\u00e1t \u0111\u00fang th\u1eddi \u0111i\u1ec3m.<\/p>\n<\/div>\n<h3>L\u01b0u tr\u1eef d\u1eef li\u1ec7u quan tr\u1ecdng<\/h3>\n<div>\n<p><a href=\"https:\/\/gpsgarmin.vn\/?product=garmin-gps-73\">GPS 73<\/a> t\u01b0\u01a1ng th\u00edch v\u1edbi NMEA 0183. Thi\u1ebft b\u1ecb d\u1ec5 d\u00e0ng k\u1ebft n\u1ed1i v\u1edbi m\u00e1y t\u00ednh qua USB \u0111\u1ec3 truy\u1ec1n d\u1eef li\u1ec7u. N\u1ebfu th\u00edch ch\u00e8o thuy\u1ec1n, s\u0103n b\u1eaft ho\u1eb7c c\u00e2u c\u00e1, b\u1ea1n c\u00f3 th\u1ec3 s\u1eed d\u1ee5ng d\u1eef li\u1ec7u thi\u00ean th\u1ec3 \u0111\u01b0\u1ee3c t\u00edch h\u1ee3p s\u1eb5n, bao g\u1ed3m th\u1eddi gian m\u1eb7t tr\u1eddi m\u1ecdc\/l\u1eb7n, l\u1ecbch s\u0103n b\u1eaft v\u00e0 c\u00e2u c\u00e1, th\u1eddi gian \u0111\u1ebfn \u01b0\u1edbc t\u00ednh, c\u00e1c t\u00ednh to\u00e1n kh\u00e1c v\u00e0 d\u1eef li\u1ec7u h\u00e0ng h\u1ea3i.<\/p>\n<\/div>\n<h3>M\u00e0n h\u00ecnh t\u01b0\u01a1ng ph\u1ea3n cao<\/h3>\n<div>\n<p><a href=\"https:\/\/gpsgarmin.vn\/?product=garmin-gps-73\">GPS 73<\/a> c\u00f3 giao di\u1ec7n ng\u01b0\u1eddi d\u00f9ng tr\u1ef1c quan v\u1edbi c\u00e1c n\u00fat \u0111\u00e8n n\u1ec1n chuy\u00ean d\u1ee5ng gi\u00fap thao t\u00e1c nhanh ch\u00f3ng v\u00e0 d\u1ec5 d\u00e0ng. M\u00e0n h\u00ecnh c\u00f3 \u0111\u1ed9 t\u01b0\u01a1ng ph\u1ea3n cao gi\u00fap d\u1ec5 \u0111\u1ecdc trong m\u1ecdi \u0111i\u1ec1u ki\u1ec7n \u00e1nh s\u00e1ng.<\/p>\n<\/div>\n<p>C\u00f3 b\u1ea3n <a href=\"https:\/\/gpsgarmin.vn\/?product=garmin-gps-73&amp;preview_id=3387&amp;preview_nonce=c61a1c75e0&amp;_thumbnail_id=3390&amp;preview=true\">GPS 73 Ch\u1ee9ng nh\u1eadn Hi\u1ec7u chu\u1ea9n<\/a>.<\/p>\n","protected":false},"excerpt":{"rendered":"<p><strong>\u2282\u2329 B\u1ea2O H\u00c0NH CH\u00cdNH H\u00c3NG 2 N\u0102M \u232a\u2283<\/strong><\/p>\n<p><strong>\u260e Li\u00ean h\u1ec7 t\u01b0 v\u1ea5n : 0972 658 351 \u2013\u00a0 0962 846 820 (g\u1ecdi tr\u1ef1c ti\u1ebfp ho\u1eb7c Zalo).<\/strong><strong> <em>Nh\u1eadn gi\u00e1 \u01b0u \u0111\u00e3i khi mua s\u1ed1 l\u01b0\u1ee3ng nhi\u1ec1u.<\/em><\/strong><\/p>\n<p><strong>\u2666 H\u1ed7 tr\u1ee3 k\u1ef9 thu\u1eadt t\u1eadn t\u00ecnh v\u00e0 \u0111\u00fang chuy\u00ean m\u00f4n, \u0111\u1ed3ng th\u1eddi h\u1ed7 tr\u1ee3 \u0111\u1ea7y \u0111\u1ee7 ch\u1ee9ng t\u1eeb c\u1ea7n thi\u1ebft cho kh\u00e1ch c\u00f3 nhu c\u1ea7u l\u00e0m d\u1ef1 \u00e1n, ch\u1ee9ng nh\u1eadn hi\u1ec7u chu\u1ea9n.<\/strong><\/p>\n","protected":false},"featured_media":3390,"comment_status":"open","ping_status":"closed","template":"","meta":[],"product_cat":[27],"product_tag":[],"class_list":{"0":"post-3387","1":"product","2":"type-product","3":"status-publish","4":"has-post-thumbnail","6":"product_cat-gps-cam-tay","8":"first","9":"instock","10":"featured","11":"shipping-taxable","12":"purchasable","13":"product-type-variable"},"_links":{"self":[{"href":"https:\/\/gpsgarmin.vn\/index.php?rest_route=\/wp\/v2\/product\/3387","targetHints":{"allow":["GET"]}}],"collection":[{"href":"https:\/\/gpsgarmin.vn\/index.php?rest_route=\/wp\/v2\/product"}],"about":[{"href":"https:\/\/gpsgarmin.vn\/index.php?rest_route=\/wp\/v2\/types\/product"}],"replies":[{"embeddable":true,"href":"https:\/\/gpsgarmin.vn\/index.php?rest_route=%2Fwp%2Fv2%2Fcomments&post=3387"}],"version-history":[{"count":7,"href":"https:\/\/gpsgarmin.vn\/index.php?rest_route=\/wp\/v2\/product\/3387\/revisions"}],"predecessor-version":[{"id":5030,"href":"https:\/\/gpsgarmin.vn\/index.php?rest_route=\/wp\/v2\/product\/3387\/revisions\/5030"}],"wp:featuredmedia":[{"embeddable":true,"href":"https:\/\/gpsgarmin.vn\/index.php?rest_route=\/wp\/v2\/media\/3390"}],"wp:attachment":[{"href":"https:\/\/gpsgarmin.vn\/index.php?rest_route=%2Fwp%2Fv2%2Fmedia&parent=3387"}],"wp:term":[{"taxonomy":"product_cat","embeddable":true,"href":"https:\/\/gpsgarmin.vn\/index.php?rest_route=%2Fwp%2Fv2%2Fproduct_cat&post=3387"},{"taxonomy":"product_tag","embeddable":true,"href":"https:\/\/gpsgarmin.vn\/index.php?rest_route=%2Fwp%2Fv2%2Fproduct_tag&post=3387"}],"curies":[{"name":"wp","href":"https:\/\/api.w.org\/{rel}","templated":true}]}}