{"id":3373,"date":"2025-06-07T10:11:16","date_gmt":"2025-06-07T03:11:16","guid":{"rendered":"http:\/\/demo.garminvietnam.vn\/?post_type=product&#038;p=3373"},"modified":"2025-06-07T10:30:20","modified_gmt":"2025-06-07T03:30:20","slug":"cam-bien-gps-18x-high-sensitivity-lvc-sensor-5m","status":"publish","type":"product","link":"https:\/\/gpsgarmin.vn\/?product=cam-bien-gps-18x-high-sensitivity-lvc-sensor-5m","title":{"rendered":"C\u1ea3m bi\u1ebfn GPS 18x High-Sensitivity LVC Sensor &#8211; 5m"},"content":{"rendered":"<p><span>B\u1ed9 thu GPS h\u1ed7 tr\u1ee3 WAAS, \u0111\u1ed9 nh\u1ea1y cao n\u00e0y c\u00f3 s\u1eb5n \u1edf phi\u00ean b\u1ea3n n\u1ed1i ti\u1ebfp kh\u00f4ng \u0111\u1ed3ng b\u1ed9 ho\u1eb7c phi\u00ean b\u1ea3n USB 2.0 v\u00e0 \u0111i k\u00e8m v\u1edbi m\u1ed9t \u0111\u1ebf t\u1eeb t\u00ednh t\u00edch h\u1ee3p.\u00a0B\u1ed9 thu gi\u1ed1ng nh\u01b0 qu\u1ea3 puck c\u00f3 \u0111\u01b0\u1eddng k\u00ednh 2,4 inch v\u00e0 ch\u1ec9 n\u1eb7ng 3,5 ounce, khi\u1ebfn n\u00f3 tr\u1edf th\u00e0nh m\u1ed9t gi\u1ea3i ph\u00e1p l\u00fd t\u01b0\u1edfng trong c\u00e1c \u1ee9ng d\u1ee5ng c\u00f3 kh\u00f4ng gian h\u1ea1n ch\u1ebf.<\/span><\/p>\n<p><span>GPS 18 \u0111\u01b0\u1ee3c cung c\u1ea5p \u1edf ba c\u1ea5u h\u00ecnh c\u00e1p kh\u00e1c nhau:\u00a0<\/span><span>USB ki\u1ec3u A<\/span><span>\u00a0,\u00a0<\/span><span>n\u1ed1i ti\u1ebfp ch\u00e2n c\u1eafm DB-9 v\u1edbi b\u1ed9 ti\u1ebfp h\u1ee3p b\u1eadt l\u1eeda 12 v\u00f4n (PC)<\/span><span>\u00a0ho\u1eb7c\u00a0<\/span><span>d\u00e2y tr\u1ea7n (LVC)<\/span><span>. Kh\u00e1ng n\u01b0\u1edbc IPX7 ph\u00f9 h\u1ee3p v\u1edbi nhi\u1ec1u m\u00f4i tr\u01b0\u1eddng \u1ea9m \u01b0\u1edbt.<\/span><\/p>\n<p><span>C\u1ea3 phi\u00ean b\u1ea3n PC\u00a0<\/span><strong><span>v\u00e0 LVC<\/span><\/strong><span>\u00a0\u0111\u1ec1u m\u1eb7c \u0111\u1ecbnh xu\u1ea5t d\u1eef li\u1ec7u \u1edf \u0111\u1ecbnh d\u1ea1ng d\u1eef li\u1ec7u NMEA 0183 ti\u00eau chu\u1ea9n ng\u00e0nh, nh\u01b0ng c\u0169ng c\u00f3 th\u1ec3 \u0111\u01b0\u1ee3c ng\u01b0\u1eddi d\u00f9ng l\u1eadp tr\u00ecnh \u0111\u1ec3 xu\u1ea5t d\u1eef li\u1ec7u \u1edf \u0111\u1ecbnh d\u1ea1ng \u0111\u1ed9c quy\u1ec1n c\u1ee7a GARMIN.\u00a0Phi\u00ean\u00a0<\/span><strong><span>b\u1ea3n USB\u00a0<\/span><\/strong><strong><span>CH\u1ec8<\/span><\/strong><span>\u00a0t\u1ea1o d\u1eef li\u1ec7u\u00a0\u1edf \u0111\u1ecbnh d\u1ea1ng \u0111\u1ed9c quy\u1ec1n c\u1ee7a GARMIN.\u00a0\u0110i\u1ec1u n\u00e0y c\u00f3 ngh\u0129a l\u00e0 OEM 18 USB ch\u1ec9 c\u00f3 th\u1ec3 ho\u1ea1t \u0111\u1ed9ng v\u1edbi ph\u1ea7n m\u1ec1m l\u1eadp b\u1ea3n \u0111\u1ed3 Garmin tr\u00ean m\u00e1y t\u00ednh.\u00a0G\u00f3i \u0111i k\u00e8m s\u1eb5n c\u00f3 ch\u1ee9a\u00a0<\/span><span>USB OEM 18 v\u00e0 Ph\u1ea7n m\u1ec1m Garmin City Select USA<\/span><span>\u00a0.<\/span><\/p>\n<p><span>C\u1ea3 ba phi\u00ean b\u1ea3n c\u1ee7a GPS 18 \u0111\u1ec1u c\u00f3 b\u1ed9 nh\u1edb c\u1ed1 \u0111\u1ecbnh \u0111\u1ec3 l\u01b0u tr\u1eef th\u00f4ng tin c\u1ea5u h\u00ecnh, \u0111\u1ed3ng h\u1ed3 th\u1eddi gian th\u1ef1c v\u00e0 d\u1eef li\u1ec7u \u0111\u1ea7u ra \u0111o l\u01b0\u1eddng th\u00f4 cho c\u00e1c \u1ee9ng d\u1ee5ng ph\u1ee9c t\u1ea1p c\u1ee7a kh\u00e1ch h\u00e0ng.\u00a0Phi\u00ean b\u1ea3n LVC c\u0169ng cung c\u1ea5p \u0111\u1ea7u ra m\u1ee9c logic xung tr\u00ean gi\u00e2y c\u00f3 c\u1ea1nh t\u0103ng \u0111\u01b0\u1ee3c c\u0103n ch\u1ec9nh theo gi\u00e2y UTC trong v\u00f2ng 1 micro gi\u00e2y.\u00a0Phi\u00ean b\u1ea3n t\u1ed1c \u0111\u1ed9 t\u1ed1i \u0111a USB 2.0 c\u1ee7a GPS18 c\u0169ng t\u01b0\u01a1ng th\u00edch v\u1edbi m\u00e1y ch\u1ee7 t\u1ed1c \u0111\u1ed9 t\u1ed1i \u0111a USB 1.1.<\/span><\/p>\n<p><strong><span>L\u01afU \u00dd:<\/span><\/strong><span>\u00a0Ph\u1ea7n cu\u1ed1i c\u1ee7a Garmin OEM18XLVC gi\u1edd \u0111\u00e2y \u0111i k\u00e8m v\u1edbi m\u1ed9t \u0111\u1ea7u k\u1ebft n\u1ed1i c\u00f3 th\u1ec3 g\u1eafn v\u00e0o CMOS (b\u1ed9 x\u1eed l\u00fd gps) cho c\u00e1c \u1ee9ng d\u1ee5ng OEM.\u00a0N\u1ebfu c\u1ea7n, ph\u1ea7n cu\u1ed1i c\u00f3 th\u1ec3 \u0111\u01b0\u1ee3c g\u1ee1 b\u1ecf \u0111\u1ec3 tr\u1edf th\u00e0nh gi\u1ea3i ph\u00e1p &#8216;d\u00e2y tr\u1ea7n&#8217;.<\/span><\/p>\n","protected":false},"excerpt":{"rendered":"<p><strong>\u2282\u2329 B\u1ea3o h\u00e0nh ch\u00ednh h\u00e3ng 1 n\u0103m \u232a\u2283<\/strong><\/p>\n<p><strong>\u260e Li\u00ean h\u1ec7 t\u01b0 v\u1ea5n : 0972 658 351 \u2013\u00a0 0962 846 820 (g\u1ecdi tr\u1ef1c ti\u1ebfp ho\u1eb7c Zalo).<\/strong><\/p>\n","protected":false},"featured_media":3374,"comment_status":"open","ping_status":"closed","template":"","meta":[],"product_cat":[59,27,32],"product_tag":[],"class_list":{"0":"post-3373","1":"product","2":"type-product","3":"status-publish","4":"has-post-thumbnail","6":"product_cat-khac","7":"product_cat-gps-cam-tay","8":"product_cat-phu-kien","10":"first","11":"instock","12":"shipping-taxable","13":"purchasable","14":"product-type-simple"},"_links":{"self":[{"href":"https:\/\/gpsgarmin.vn\/index.php?rest_route=\/wp\/v2\/product\/3373","targetHints":{"allow":["GET"]}}],"collection":[{"href":"https:\/\/gpsgarmin.vn\/index.php?rest_route=\/wp\/v2\/product"}],"about":[{"href":"https:\/\/gpsgarmin.vn\/index.php?rest_route=\/wp\/v2\/types\/product"}],"replies":[{"embeddable":true,"href":"https:\/\/gpsgarmin.vn\/index.php?rest_route=%2Fwp%2Fv2%2Fcomments&post=3373"}],"version-history":[{"count":2,"href":"https:\/\/gpsgarmin.vn\/index.php?rest_route=\/wp\/v2\/product\/3373\/revisions"}],"predecessor-version":[{"id":3376,"href":"https:\/\/gpsgarmin.vn\/index.php?rest_route=\/wp\/v2\/product\/3373\/revisions\/3376"}],"wp:featuredmedia":[{"embeddable":true,"href":"https:\/\/gpsgarmin.vn\/index.php?rest_route=\/wp\/v2\/media\/3374"}],"wp:attachment":[{"href":"https:\/\/gpsgarmin.vn\/index.php?rest_route=%2Fwp%2Fv2%2Fmedia&parent=3373"}],"wp:term":[{"taxonomy":"product_cat","embeddable":true,"href":"https:\/\/gpsgarmin.vn\/index.php?rest_route=%2Fwp%2Fv2%2Fproduct_cat&post=3373"},{"taxonomy":"product_tag","embeddable":true,"href":"https:\/\/gpsgarmin.vn\/index.php?rest_route=%2Fwp%2Fv2%2Fproduct_tag&post=3373"}],"curies":[{"name":"wp","href":"https:\/\/api.w.org\/{rel}","templated":true}]}}