{"id":3363,"date":"2025-06-07T09:59:32","date_gmt":"2025-06-07T02:59:32","guid":{"rendered":"http:\/\/demo.garminvietnam.vn\/?post_type=product&#038;p=3363"},"modified":"2025-06-07T10:29:40","modified_gmt":"2025-06-07T03:29:40","slug":"cam-bien-gps-18x-oem-gps-18x-pc","status":"publish","type":"product","link":"https:\/\/gpsgarmin.vn\/?product=cam-bien-gps-18x-oem-gps-18x-pc","title":{"rendered":"C\u1ea3m bi\u1ebfn GPS 18x OEM (GPS 18x PC)"},"content":{"rendered":"<p>GPS 18x l\u00e0 m\u1ed9t OEM, c\u1ea3m bi\u1ebfn GPS c\u00f3 \u0111\u1ed9 nh\u1ea1y cao \u0111\u1ec3 s\u1eed d\u1ee5ng trong \u00f4 t\u00f4, ph\u01b0\u01a1ng ti\u1ec7n v\u1eadn t\u1ea3i v\u00e0 c\u00e1c \u1ee9ng d\u1ee5ng \u0111i\u1ec7n t\u1eed y\u00eau c\u1ea7u b\u1ed9 thu GPS nh\u1ecf, c\u00f3 \u0111\u1ed9 ch\u00ednh x\u00e1c cao.<\/p>\n<h3>S\u1eed d\u1ee5ng trong kh\u00f4ng gian nh\u1ecf<\/h3>\n<p>B\u1ed9 thu GPS h\u1ed7 tr\u1ee3 WAAS, 12 k\u00eanh, \u0111\u1ed9 nh\u1ea1y cao n\u00e0y c\u00f3 s\u1eb5n \u1edf c\u00e1c phi\u00ean b\u1ea3n t\u1ed1c \u0111\u1ed9 \u0111\u1ea7y \u0111\u1ee7 n\u1ed1i ti\u1ebfp c\u1ea5p \u0111\u1ed9 CMOS ho\u1eb7c USB 2.0 v\u00e0 \u0111i k\u00e8m v\u1edbi m\u1ed9t \u0111\u1ebf t\u1eeb t\u00ednh t\u00edch h\u1ee3p.\u00a0B\u1ed9 thu gi\u1ed1ng nh\u01b0 qu\u1ea3 puck c\u00f3 \u0111\u01b0\u1eddng k\u00ednh 2,4&#8243; (6,1 cm) v\u00e0 ch\u1ec9 n\u1eb7ng v\u00e0i ounce, l\u00e0m cho n\u00f3 tr\u1edf th\u00e0nh m\u1ed9t gi\u1ea3i ph\u00e1p l\u00fd t\u01b0\u1edfng cho c\u00e1c \u1ee9ng d\u1ee5ng c\u00f3 kh\u00f4ng gian h\u1ea1n ch\u1ebf.<\/p>\n<h3>Ch\u1ecdn lo\u1ea1i k\u1ebft n\u1ed1i c\u1ee7a b\u1ea1n<\/h3>\n<p>GPS 18x \u0111\u01b0\u1ee3c cung c\u1ea5p v\u1edbi 3 c\u1ea5u h\u00ecnh c\u00e1p kh\u00e1c nhau.\u00a0C\u1ea3 3 phi\u00ean b\u1ea3n c\u1ee7a GPS 18x \u0111\u1ec1u c\u00f3 b\u1ed9 nh\u1edb c\u1ed1 \u0111\u1ecbnh \u0111\u1ec3 l\u01b0u tr\u1eef th\u00f4ng tin c\u1ea5u h\u00ecnh, \u0111\u1ed3ng h\u1ed3 th\u1eddi gian th\u1ef1c v\u00e0 d\u1eef li\u1ec7u \u0111\u1ea7u ra \u0111o l\u01b0\u1eddng th\u00f4 cho c\u00e1c \u1ee9ng d\u1ee5ng ph\u1ee9c t\u1ea1p c\u1ee7a kh\u00e1ch h\u00e0ng.<\/p>\n<ul>\n<li>GPS 18x PC \u2014 c\u00f3 \u0111\u1ea7u n\u1ed1i n\u1ed1i ti\u1ebfp ch\u00e2n DB-9 v\u1edbi b\u1ed9 ti\u1ebfp h\u1ee3p b\u1eadt l\u1eeda 12 V;\u00a0c\u00f3 th\u1ec3 xu\u1ea5t d\u1eef li\u1ec7u \u1edf \u0111\u1ecbnh d\u1ea1ng NMEA 0183 (ti\u00eau chu\u1ea9n ng\u00e0nh) ho\u1eb7c \u0111\u1ecbnh d\u1ea1ng Garmin \u0111\u1ed9c quy\u1ec1n.<\/li>\n<li>GPS 18x USB \u2014 c\u00f3 \u0111\u1ea7u n\u1ed1i USB ki\u1ec3u A, t\u01b0\u01a1ng th\u00edch v\u1edbi m\u00e1y ch\u1ee7 t\u1ed1c \u0111\u1ed9 t\u1ed1i \u0111a USB 2.0 v\u00e0 1.1;\u00a0ch\u1ec9 c\u00f3 th\u1ec3 xu\u1ea5t d\u1eef li\u1ec7u \u1edf \u0111\u1ecbnh d\u1ea1ng \u0111\u1ed9c quy\u1ec1n c\u1ee7a Garmin.<\/li>\n<li>GPS 18x LVC \u2014 c\u00f3 d\u00e2y tr\u1ea7n \u0111\u1ec3 k\u1ebft n\u1ed1i v\u1edbi nhi\u1ec1u \u1ee9ng d\u1ee5ng kh\u00e1c nhau;\u00a0c\u00f3 th\u1ec3 xu\u1ea5t d\u1eef li\u1ec7u \u1edf \u0111\u1ecbnh d\u1ea1ng NMEA 0183 (ti\u00eau chu\u1ea9n ng\u00e0nh) ho\u1eb7c \u0111\u1ecbnh d\u1ea1ng Garmin \u0111\u1ed9c quy\u1ec1n;\u00a0cung c\u1ea5p \u0111\u1ea7u ra m\u1ee9c logic xung tr\u00ean gi\u00e2y v\u1edbi c\u1ea1nh t\u0103ng \u0111\u01b0\u1ee3c c\u0103n ch\u1ec9nh trong v\u00f2ng 1 micro gi\u00e2y t\u00ednh theo th\u1eddi gian UTC.<\/li>\n<\/ul>\n<p>GPS 18x OEM l\u00e0 c\u1ea3m bi\u1ebfn GPS c\u00f3 \u0111\u1ed9 nh\u1ea1y cao thay th\u1ebf cho GPS 18 OEM.<\/p>\n","protected":false},"excerpt":{"rendered":"<p><strong>\u2282\u2329 B\u1ea3o h\u00e0nh ch\u00ednh h\u00e3ng 1 n\u0103m \u232a\u2283<\/strong><\/p>\n<p><strong>\u260e Li\u00ean h\u1ec7 t\u01b0 v\u1ea5n : 0972 658 351 \u2013\u00a0 0962 846 820 (g\u1ecdi tr\u1ef1c ti\u1ebfp ho\u1eb7c Zalo).<\/strong><\/p>\n","protected":false},"featured_media":3377,"comment_status":"open","ping_status":"closed","template":"","meta":[],"product_cat":[59,27,32],"product_tag":[],"class_list":{"0":"post-3363","1":"product","2":"type-product","3":"status-publish","4":"has-post-thumbnail","6":"product_cat-khac","7":"product_cat-gps-cam-tay","8":"product_cat-phu-kien","10":"first","11":"instock","12":"shipping-taxable","13":"purchasable","14":"product-type-simple"},"_links":{"self":[{"href":"https:\/\/gpsgarmin.vn\/index.php?rest_route=\/wp\/v2\/product\/3363","targetHints":{"allow":["GET"]}}],"collection":[{"href":"https:\/\/gpsgarmin.vn\/index.php?rest_route=\/wp\/v2\/product"}],"about":[{"href":"https:\/\/gpsgarmin.vn\/index.php?rest_route=\/wp\/v2\/types\/product"}],"replies":[{"embeddable":true,"href":"https:\/\/gpsgarmin.vn\/index.php?rest_route=%2Fwp%2Fv2%2Fcomments&post=3363"}],"version-history":[{"count":3,"href":"https:\/\/gpsgarmin.vn\/index.php?rest_route=\/wp\/v2\/product\/3363\/revisions"}],"predecessor-version":[{"id":3366,"href":"https:\/\/gpsgarmin.vn\/index.php?rest_route=\/wp\/v2\/product\/3363\/revisions\/3366"}],"wp:featuredmedia":[{"embeddable":true,"href":"https:\/\/gpsgarmin.vn\/index.php?rest_route=\/wp\/v2\/media\/3377"}],"wp:attachment":[{"href":"https:\/\/gpsgarmin.vn\/index.php?rest_route=%2Fwp%2Fv2%2Fmedia&parent=3363"}],"wp:term":[{"taxonomy":"product_cat","embeddable":true,"href":"https:\/\/gpsgarmin.vn\/index.php?rest_route=%2Fwp%2Fv2%2Fproduct_cat&post=3363"},{"taxonomy":"product_tag","embeddable":true,"href":"https:\/\/gpsgarmin.vn\/index.php?rest_route=%2Fwp%2Fv2%2Fproduct_tag&post=3363"}],"curies":[{"name":"wp","href":"https:\/\/api.w.org\/{rel}","templated":true}]}}