{"id":3348,"date":"2025-06-07T09:05:48","date_gmt":"2025-06-07T02:05:48","guid":{"rendered":"http:\/\/demo.garminvietnam.vn\/?post_type=product&#038;p=3348"},"modified":"2025-09-15T10:20:16","modified_gmt":"2025-09-15T03:20:16","slug":"garmin-drivesmart-86","status":"publish","type":"product","link":"https:\/\/gpsgarmin.vn\/?product=garmin-drivesmart-86","title":{"rendered":"Garmin DriveSmart 86"},"content":{"rendered":"<h2 data-sourcepos=\"5:1-5:75\">Garmin <a href=\"https:\/\/gpsgarmin.vn\/?product=garmin-drivesmart-86\">DriveSmart 86<\/a> &#8211; Ng\u01b0\u1eddi B\u1ea1n \u0110\u1ed3ng H\u00e0nh Th\u00f4ng Minh Tr\u00ean M\u1ecdi N\u1ebbo \u0110\u01b0\u1eddng<\/h2>\n<p data-sourcepos=\"7:1-7:355\">B\u1ea1n \u0111ang t\u00ecm ki\u1ebfm m\u1ed9t thi\u1ebft b\u1ecb \u0111\u1ecbnh v\u1ecb GPS th\u00f4ng minh, \u0111\u00e1ng tin c\u1eady \u0111\u1ec3 \u0111\u1ed3ng h\u00e0nh tr\u00ean m\u1ecdi h\u00e0nh tr\u00ecnh? Garmin <a href=\"https:\/\/gpsgarmin.vn\/?product=garmin-drivesmart-86\">DriveSmart 86<\/a> ch\u00ednh l\u00e0 s\u1ef1 l\u1ef1a ch\u1ecdn ho\u00e0n h\u1ea3o, mang \u0111\u1ebfn tr\u1ea3i nghi\u1ec7m l\u00e1i xe an to\u00e0n, ti\u1ec7n l\u1ee3i v\u00e0 \u0111\u1ea7y \u0111\u1ee7 th\u00f4ng tin. V\u1edbi m\u00e0n h\u00ecnh l\u1edbn, s\u1eafc n\u00e9t c\u00f9ng nhi\u1ec1u t\u00ednh n\u0103ng v\u01b0\u1ee3t tr\u1ed9i, <a href=\"https:\/\/gpsgarmin.vn\/?product=garmin-drivesmart-86\">DriveSmart 86<\/a> s\u1ebd bi\u1ebfn m\u1ed7i chuy\u1ebfn \u0111i c\u1ee7a b\u1ea1n tr\u1edf th\u00e0nh m\u1ed9t h\u00e0nh tr\u00ecnh th\u00fa v\u1ecb.<\/p>\n<div class=\"app__img-banner app__life-style__img-con\"><img decoding=\"async\" class=\"app__img-banner__img app__img-banner__img--desktop\" src=\"https:\/\/res.garmin.com\/en\/products\/010-02471-00\/g\/40408-D-1-665b67bd-ff70-4f0e-9e5f-d35d85545da9.jpg\" alt=\"\" \/><\/div>\n<h3 data-sourcepos=\"9:1-9:36\">Tr\u1ea3i Nghi\u1ec7m \u0110i\u1ec1u H\u01b0\u1edbng V\u01b0\u1ee3t Tr\u1ed9i<\/h3>\n<ul data-sourcepos=\"11:1-14:0\">\n<li data-sourcepos=\"11:1-11:290\"><strong>M\u00e0n H\u00ecnh Hi\u1ec3n Th\u1ecb R\u00f5 R\u00e0ng:<\/strong> V\u1edbi <strong>m\u00e0n h\u00ecnh c\u1ea3m \u1ee9ng 8 inch si\u00eau n\u00e9t<\/strong>, Garmin <a href=\"https:\/\/gpsgarmin.vn\/?product=garmin-drivesmart-86\">DriveSmart 86<\/a> cung c\u1ea5p h\u00ecnh \u1ea3nh b\u1ea3n \u0111\u1ed3, ch\u1ec9 d\u1eabn v\u00e0 th\u00f4ng tin l\u00e1i xe m\u1ed9t c\u00e1ch r\u00f5 r\u00e0ng, d\u1ec5 nh\u00ecn, ngay c\u1ea3 d\u01b0\u1edbi \u00e1nh n\u1eafng m\u1eb7t tr\u1eddi gay g\u1eaft. K\u00edch th\u01b0\u1edbc l\u1edbn gi\u00fap b\u1ea1n d\u1ec5 d\u00e0ng theo d\u00f5i h\u00e0nh tr\u00ecnh m\u00e0 kh\u00f4ng b\u1ecb ph\u00e2n t\u00e2m.<\/li>\n<li data-sourcepos=\"12:1-12:247\"><strong>\u0110i\u1ec1u H\u01b0\u1edbng Chu\u1ea9n X\u00e1c:<\/strong> T\u1eadn h\u01b0\u1edfng s\u1ef1 t\u1ef1 tin tr\u00ean m\u1ecdi cung \u0111\u01b0\u1eddng v\u1edbi <strong>b\u1ea3n \u0111\u1ed3 chi ti\u1ebft c\u1ee7a Vi\u1ec7t Nam<\/strong> (ho\u1eb7c khu v\u1ef1c \u00e1p d\u1ee5ng) \u0111\u01b0\u1ee3c c\u00e0i \u0111\u1eb7t s\u1eb5n, c\u00f9ng v\u1edbi c\u00e1c b\u1ea3n c\u1eadp nh\u1eadt mi\u1ec5n ph\u00ed \u0111\u1ec3 \u0111\u1ea3m b\u1ea3o b\u1ea1n lu\u00f4n c\u00f3 th\u00f4ng tin m\u1edbi nh\u1ea5t v\u1ec1 \u0111\u01b0\u1eddng x\u00e1 v\u00e0 \u0111i\u1ec3m \u0111\u1ebfn.<\/li>\n<li data-sourcepos=\"13:1-14:0\"><strong>Ch\u1ec9 D\u1eabn R\u00f5 R\u00e0ng &amp; D\u1ec5 Hi\u1ec3u:<\/strong> Nh\u1eadn <strong>ch\u1ec9 d\u1eabn t\u1eebng ng\u00e3 r\u1ebd b\u1eb1ng gi\u1ecdng n\u00f3i t\u1ef1 nhi\u00ean<\/strong> v\u00e0 th\u00f4ng tin v\u1ec1 c\u00e1c bi\u1ec3n b\u00e1o, giao l\u1ed9 ph\u1ee9c t\u1ea1p, gi\u00fap b\u1ea1n kh\u00f4ng bao gi\u1edd b\u1ecf l\u1ee1 l\u1ed1i ra hay r\u1ebd nh\u1ea7m \u0111\u01b0\u1eddng.<\/li>\n<\/ul>\n<h3 data-sourcepos=\"15:1-15:46\">T\u00ednh N\u0103ng Th\u00f4ng Minh H\u1ed7 Tr\u1ee3 L\u00e1i Xe An To\u00e0n<\/h3>\n<ul data-sourcepos=\"17:1-20:0\">\n<li data-sourcepos=\"17:1-17:225\"><strong>C\u1ea3nh B\u00e1o L\u00e1i Xe N\u00e2ng Cao:<\/strong> Garmin <a href=\"https:\/\/gpsgarmin.vn\/?product=garmin-drivesmart-86\">DriveSmart 86<\/a> ch\u1ee7 \u0111\u1ed9ng <strong>c\u1ea3nh b\u00e1o b\u1ea1n v\u1ec1 c\u00e1c kh\u00fac cua nguy hi\u1ec3m, thay \u0111\u1ed5i t\u1ed1c \u0111\u1ed9, tr\u01b0\u1eddng h\u1ecdc, v\u00e0 c\u00e1c \u0111i\u1ec3m \u0111\u00e8n giao th\u00f4ng\/camera t\u1ed1c \u0111\u1ed9 s\u1eafp t\u1edbi<\/strong>, gi\u00fap b\u1ea1n l\u00e1i xe an to\u00e0n v\u00e0 ch\u1ee7 \u0111\u1ed9ng h\u01a1n.<\/li>\n<li data-sourcepos=\"18:1-18:293\"><strong>Th\u00f4ng Tin Giao Th\u00f4ng Tr\u1ef1c Ti\u1ebfp:<\/strong> Tr\u00e1nh t\u1eafc \u0111\u01b0\u1eddng v\u00e0 ti\u1ebft ki\u1ec7m th\u1eddi gian v\u1edbi <strong>th\u00f4ng tin giao th\u00f4ng tr\u1ef1c ti\u1ebfp qua \u1ee9ng d\u1ee5ng Garmin Drive\u2122<\/strong> \u0111\u01b0\u1ee3c gh\u00e9p n\u1ed1i v\u1edbi \u0111i\u1ec7n tho\u1ea1i th\u00f4ng minh c\u1ee7a b\u1ea1n. Nh\u1eadn c\u00e1c c\u1ea3nh b\u00e1o v\u1ec1 t\u00ecnh tr\u1ea1ng k\u1eb9t xe, c\u00e1c tuy\u1ebfn \u0111\u01b0\u1eddng thay th\u1ebf v\u00e0 th\u1eddi gian \u0111\u1ebfn \u01b0\u1edbc t\u00ednh ch\u00ednh x\u00e1c.<\/li>\n<li data-sourcepos=\"19:1-20:0\"><strong>Tr\u1ee3 L\u00fd Gi\u1ecdng N\u00f3i Garmin:<\/strong> T\u1eadp trung ho\u00e0n to\u00e0n v\u00e0o vi\u1ec7c l\u00e1i xe. V\u1edbi <strong>t\u00ednh n\u0103ng \u0111i\u1ec1u khi\u1ec3n b\u1eb1ng gi\u1ecdng n\u00f3i<\/strong>, b\u1ea1n c\u00f3 th\u1ec3 ra l\u1ec7nh cho thi\u1ebft b\u1ecb m\u00e0 kh\u00f4ng c\u1ea7n r\u1eddi tay kh\u1ecfi v\u00f4 l\u0103ng, gi\u00fap t\u00ecm ki\u1ebfm \u0111\u1ecba \u0111i\u1ec3m, thay \u0111\u1ed5i c\u00e0i \u0111\u1eb7t v\u00e0 nhi\u1ec1u h\u01a1n n\u1eefa m\u1ed9t c\u00e1ch an to\u00e0n.<\/li>\n<\/ul>\n<h3 data-sourcepos=\"21:1-21:34\">K\u1ebft N\u1ed1i &amp; Ti\u1ec7n \u00cdch \u0110a D\u1ea1ng<\/h3>\n<ul data-sourcepos=\"23:1-27:0\">\n<li data-sourcepos=\"23:1-23:201\"><strong>Cu\u1ed9c G\u1ecdi R\u1ea3nh Tay:<\/strong> Gh\u00e9p n\u1ed1i <a href=\"https:\/\/gpsgarmin.vn\/?product=garmin-drivesmart-86\">DriveSmart 86<\/a> v\u1edbi \u0111i\u1ec7n tho\u1ea1i th\u00f4ng minh t\u01b0\u01a1ng th\u00edch \u0111\u1ec3 th\u1ef1c hi\u1ec7n v\u00e0 nh\u1eadn <strong>cu\u1ed9c g\u1ecdi r\u1ea3nh tay<\/strong> qua Bluetooth\u00ae, \u0111\u1ea3m b\u1ea3o b\u1ea1n lu\u00f4n gi\u1eef li\u00ean l\u1ea1c m\u00e0 v\u1eabn an to\u00e0n khi l\u00e1i xe.<\/li>\n<li data-sourcepos=\"24:1-24:197\"><strong>Th\u00f4ng B\u00e1o Th\u00f4ng Minh:<\/strong> Nh\u1eadn <strong>th\u00f4ng b\u00e1o t\u1eeb \u0111i\u1ec7n tho\u1ea1i<\/strong> ngay tr\u00ean m\u00e0n h\u00ecnh thi\u1ebft b\u1ecb, bao g\u1ed3m tin nh\u1eafn, cu\u1ed9c g\u1ecdi nh\u1ee1 v\u00e0 th\u00f4ng b\u00e1o \u1ee9ng d\u1ee5ng, gi\u00fap b\u1ea1n kh\u00f4ng b\u1ecf l\u1ee1 b\u1ea5t k\u1ef3 th\u00f4ng tin quan tr\u1ecdng n\u00e0o.<\/li>\n<li data-sourcepos=\"25:1-25:255\"><strong>\u0110\u00e1nh Gi\u00e1 T\u1eeb TripAdvisor\u00ae &amp; Foursquare\u00ae:<\/strong> T\u00ecm ki\u1ebfm c\u00e1c \u0111i\u1ec3m tham quan n\u1ed5i b\u1eadt, nh\u00e0 h\u00e0ng, kh\u00e1ch s\u1ea1n v\u00e0 c\u00e1c \u0111i\u1ec3m d\u1eebng ch\u00e2n kh\u00e1c v\u1edbi <strong>d\u1eef li\u1ec7u \u0111\u01b0\u1ee3c \u0111\u00e1nh gi\u00e1 cao t\u1eeb TripAdvisor\u00ae v\u00e0 Foursquare\u00ae<\/strong>, gi\u00fap b\u1ea1n kh\u00e1m ph\u00e1 th\u1ebf gi\u1edbi xung quanh m\u1ed9t c\u00e1ch d\u1ec5 d\u00e0ng.<\/li>\n<li data-sourcepos=\"26:1-27:0\"><strong>T\u00edch H\u1ee3p Camera L\u00f9i (T\u00f9y Ch\u1ecdn):<\/strong> T\u01b0\u01a1ng th\u00edch v\u1edbi c\u00e1c camera l\u00f9i kh\u00f4ng d\u00e2y Garmin (b\u00e1n ri\u00eang), gi\u00fap b\u1ea1n l\u00f9i xe an to\u00e0n v\u00e0 d\u1ec5 d\u00e0ng h\u01a1n.<\/li>\n<\/ul>\n<p><img decoding=\"async\" class=\"app__img-banner__img app__img-banner__img--desktop\" src=\"https:\/\/res.garmin.com\/en\/products\/010-02471-00\/g\/40408-D-2-ca48e55e-9b16-432b-afd1-f8c15b7eb899.jpg\" alt=\"\" \/><\/p>\n<p data-sourcepos=\"30:1-30:248\"><strong>Garmin <a href=\"https:\/\/gpsgarmin.vn\/?product=garmin-drivesmart-86\">DriveSmart 86<\/a><\/strong> kh\u00f4ng ch\u1ec9 l\u00e0 m\u1ed9t thi\u1ebft b\u1ecb \u0111\u1ecbnh v\u1ecb, m\u00e0 c\u00f2n l\u00e0 m\u1ed9t trung t\u00e2m th\u00f4ng tin v\u00e0 gi\u1ea3i tr\u00ed th\u00f4ng minh, mang \u0111\u1ebfn s\u1ef1 an t\u00e2m v\u00e0 tho\u1ea3i m\u00e1i t\u1ed1i \u0111a tr\u00ean m\u1ecdi h\u00e0nh tr\u00ecnh c\u1ee7a b\u1ea1n. \u0110\u1eebng b\u1ecf l\u1ee1 c\u01a1 h\u1ed9i s\u1edf h\u1eefu ng\u01b0\u1eddi b\u1ea1n \u0111\u1ed3ng h\u00e0nh \u0111\u00e1ng tin c\u1eady n\u00e0y!<\/p>\n","protected":false},"excerpt":{"rendered":"<p><strong>\u2282\u2329 B\u1ea2O H\u00c0NH CH\u00cdNH H\u00c3NG 2 N\u0102M \u232a\u2283<\/strong><\/p>\n<p><strong>\u260e Li\u00ean h\u1ec7 t\u01b0 v\u1ea5n : 0972 658 351 \u2013\u00a0 0962 846 820 (g\u1ecdi tr\u1ef1c ti\u1ebfp ho\u1eb7c Zalo).<\/strong><\/p>\n","protected":false},"featured_media":3349,"comment_status":"open","ping_status":"closed","template":"","meta":[],"product_cat":[36],"product_tag":[],"class_list":{"0":"post-3348","1":"product","2":"type-product","3":"status-publish","4":"has-post-thumbnail","6":"product_cat-gps-dan-duong-oto","8":"first","9":"instock","10":"featured","11":"shipping-taxable","12":"purchasable","13":"product-type-simple"},"_links":{"self":[{"href":"https:\/\/gpsgarmin.vn\/index.php?rest_route=\/wp\/v2\/product\/3348","targetHints":{"allow":["GET"]}}],"collection":[{"href":"https:\/\/gpsgarmin.vn\/index.php?rest_route=\/wp\/v2\/product"}],"about":[{"href":"https:\/\/gpsgarmin.vn\/index.php?rest_route=\/wp\/v2\/types\/product"}],"replies":[{"embeddable":true,"href":"https:\/\/gpsgarmin.vn\/index.php?rest_route=%2Fwp%2Fv2%2Fcomments&post=3348"}],"version-history":[{"count":6,"href":"https:\/\/gpsgarmin.vn\/index.php?rest_route=\/wp\/v2\/product\/3348\/revisions"}],"predecessor-version":[{"id":5032,"href":"https:\/\/gpsgarmin.vn\/index.php?rest_route=\/wp\/v2\/product\/3348\/revisions\/5032"}],"wp:featuredmedia":[{"embeddable":true,"href":"https:\/\/gpsgarmin.vn\/index.php?rest_route=\/wp\/v2\/media\/3349"}],"wp:attachment":[{"href":"https:\/\/gpsgarmin.vn\/index.php?rest_route=%2Fwp%2Fv2%2Fmedia&parent=3348"}],"wp:term":[{"taxonomy":"product_cat","embeddable":true,"href":"https:\/\/gpsgarmin.vn\/index.php?rest_route=%2Fwp%2Fv2%2Fproduct_cat&post=3348"},{"taxonomy":"product_tag","embeddable":true,"href":"https:\/\/gpsgarmin.vn\/index.php?rest_route=%2Fwp%2Fv2%2Fproduct_tag&post=3348"}],"curies":[{"name":"wp","href":"https:\/\/api.w.org\/{rel}","templated":true}]}}